{"id":2849,"date":"2026-02-28T01:06:31","date_gmt":"2026-02-28T04:06:31","guid":{"rendered":"https:\/\/bibliotecajuridicavirtual.cl\/?post_type=product&#038;p=2849"},"modified":"2026-02-28T01:07:00","modified_gmt":"2026-02-28T04:07:00","slug":"codigo-de-mineria-de-chile-3era-edicion-con-apendice-legislativo-indices-tematico-y-analitico-ano-septiembre-2023-532-pag-autor-ivan-francisco-bertrand-galindo-arriagada","status":"publish","type":"product","link":"https:\/\/bibliotecajuridicavirtual.cl\/index.php\/product\/codigo-de-mineria-de-chile-3era-edicion-con-apendice-legislativo-indices-tematico-y-analitico-ano-septiembre-2023-532-pag-autor-ivan-francisco-bertrand-galindo-arriagada\/","title":{"rendered":"C\u00f3digo de Miner\u00eda de Chile. 3era Edici\u00f3n con Ap\u00e9ndice Legislativo. \u00cdndices Tem\u00e1tico y Anal\u00edtico. A\u00f1o Septiembre 2023\/  532 P\u00e1g. Autor Iv\u00e1n Francisco Bertrand Galindo Arriagada."},"content":{"rendered":"<p>C\u00f3digo de Miner\u00eda de Chile<\/p>\n<p>3\u00aa Edici\u00f3n con Ap\u00e9ndice Legislativo<\/p>\n<p>\u00cdndices Tem\u00e1tico y Anal\u00edtico<\/p>\n<p>Normas Constitucionales Atingentes a la Materia<br \/>\n? Ley N\u00ba 18.097, Ley Org\u00e1nica Constitucional sobre Concesiones Mineras<br \/>\n? Decreto N\u00ba 1, Reglamento del C\u00f3digo de Miner\u00eda<br \/>\n? Decreto N\u00ba 132, Aprueba Reglamento de Seguridad Minera<br \/>\n? Decreto con Fuerza de Ley N\u00ba 302, Aprueba Disposiciones Org\u00e1nicas y Reglamentarias del Ministerio de Miner\u00eda<br \/>\n? Decreto Ley N\u00ba 3.525, Crea el Servicio Nacional de Geolog\u00eda y Miner\u00eda<br \/>\n? Ley N\u00ba 20.551, Regula el Cierre de Faenas e Instalaciones Mineras<br \/>\n? Decreto N\u00ba 41, Aprueba Reglamento de la Ley de Cierre de Faenas e Instalaciones Mineras<br \/>\n? Decreto N\u00ba 104, Aprueba Reglamento que Regula la Entrega de Informaci\u00f3n de Car\u00e1cter General Obtenida de los Trabajos de Exploraci\u00f3n Geol\u00f3gica B\u00e1sica<br \/>\n? Resoluci\u00f3n exenta 747 del Ministerio de Miner\u00eda que aprueba norma que establece categor\u00edas de contravenciones a los Reglamentos de Polic\u00eda y Seguridad Minera y se\u00f1ala sanciones para cada caso.<\/p>\n<p>\u00cdndice<br \/>\nINTRODUCCI\u00d3N\u00a0\u00a0 \u00a0\u00a0\u00a0 \u00a011<br \/>\nAGRADECIMIENTOS\u00a0\u00a0 \u00a0\u00a0\u00a0 \u00a013<br \/>\nC\u00d3DIGO DE MINER\u00cdA DE CHILE<br \/>\nT\u00cdTULO I. DEL DOMINIO DEL ESTADO Y DE LOS DERECHOS MINEROS\u00a0\u00a0 \u00a0\u00a0\u00a0 \u00a015<br \/>\nP\u00e1rrafo 1\u00ba Normas generales\u00a0\u00a0 \u00a0\u00a0\u00a0 \u00a015<br \/>\nP\u00e1rrafo 2\u00ba De la facultad de catar y cavar\u00a0\u00a0 \u00a0\u00a0\u00a0 \u00a020<br \/>\nT\u00cdTULO II. DE LA CAPACIDAD PARA ADQUIRIR DERECHOS MINEROS\u00a0\u00a0 \u00a0\u00a0\u00a0 \u00a024<br \/>\nT\u00cdTULO III. DEL OBJETO Y FORMA DE LAS CONCESIONES MINERAS\u00a0\u00a0 \u00a0\u00a0\u00a0 \u00a026<br \/>\nT\u00cdTULO IV. DE LAS DEMAS\u00cdAS\u00a0\u00a0 \u00a0\u00a0\u00a0 \u00a027<br \/>\nT\u00cdTULO V. DEL PROCEDIMIENTO DE CONSTITUCI\u00d3N DE LAS CONCESIONES MINERAS\u00a0\u00a0 \u00a0\u00a0\u00a0 \u00a028<br \/>\nP\u00e1rrafo 1\u00ba Del pedimento y de la manifestaci\u00f3n\u00a0\u00a0 \u00a0\u00a0\u00a0 \u00a028<br \/>\nP\u00e1rrafo 2\u00ba De los tr\u00e1mites posteriores al pedimento\u00a0\u00a0 \u00a0\u00a0\u00a0 \u00a035<br \/>\nP\u00e1rrafo 3\u00ba De los tr\u00e1mites posteriores a la manifestaci\u00f3n\u00a0\u00a0 \u00a0\u00a0\u00a0 \u00a037<br \/>\nSecci\u00f3n 1\u00aa De las oposiciones a la solicitud de mensura\u00a0\u00a0 \u00a0\u00a0\u00a0 \u00a038<br \/>\nSecci\u00f3n 2\u00aa De la mensura\u00a0\u00a0 \u00a0\u00a0\u00a0 \u00a043<br \/>\nSecci\u00f3n 3\u00aa Del acta de mensura\u00a0\u00a0 \u00a0\u00a0\u00a0 \u00a044<br \/>\nP\u00e1rrafo 4\u00ba De la sentencia constitutiva de la concesi\u00f3n\u00a0\u00a0 \u00a0\u00a0\u00a0 \u00a048<br \/>\nT\u00cdTULO VI. DE LOS EFECTOS DE LA SENTENCIA CONSTITUTIVA DE LA CONCESI\u00d3N\u00a0\u00a0 \u00a0\u00a0\u00a0 \u00a051<br \/>\nT\u00cdTULO VII. DEL CONSERVADOR DE MINAS\u00a0\u00a0 \u00a0\u00a0\u00a0 \u00a055<br \/>\nT\u00cdTULO VIII. DE LOS DERECHOS Y OBLIGACIONES DE LOS CONCESIONARIOS MINEROS\u00a0\u00a0 \u00a0\u00a0\u00a0 \u00a057<br \/>\nP\u00e1rrafo 1\u00ba Disposiciones comunes\u00a0\u00a0 \u00a0\u00a0\u00a0 \u00a057<br \/>\nP\u00e1rrafo 2\u00ba De los derechos y obligaciones especiales del titular de concesi\u00f3n de exploraci\u00f3n\u00a0\u00a0 \u00a0\u00a0\u00a0 \u00a058<br \/>\nP\u00e1rrafo 3\u00ba De los derechos y obligaciones especiales de los titulares de pertenencias\u00a0\u00a0 \u00a0\u00a0\u00a0 \u00a059<br \/>\nT\u00cdTULO IX. DE LA EXPLORACI\u00d3N Y DE LA EXPLOTACI\u00d3N MINERAS\u00a0\u00a0 \u00a0\u00a0\u00a0 \u00a061<br \/>\nP\u00e1rrafo 1\u00ba De las servidumbres que gravan los predios superficiales\u00a0\u00a0 \u00a0\u00a0\u00a0 \u00a061<br \/>\nP\u00e1rrafo 2\u00ba De las servidumbres que se deben las concesiones mineras entre s\u00ed\u00a0\u00a0 \u00a0\u00a0\u00a0 \u00a062<br \/>\nP\u00e1rrafo 3\u00ba De las internaciones\u00a0\u00a0 \u00a0\u00a0\u00a0 \u00a065<br \/>\nT\u00cdTULO X. DEL AMPARO, EXTINCI\u00d3N Y CADUCIDAD DE LAS CONCESIONES MINERAS\u00a0\u00a0 \u00a0\u00a0\u00a0 \u00a066<br \/>\nP\u00e1rrafo 1\u00ba Del amparo\u00a0\u00a0 \u00a0\u00a0\u00a0 \u00a066<br \/>\nP\u00e1rrafo 2\u00ba De los efectos del desamparo\u00a0\u00a0 \u00a0\u00a0\u00a0 \u00a069<br \/>\nP\u00e1rrafo 3\u00ba De las dem\u00e1s causales de extinci\u00f3n de las concesiones mineras\u00a0\u00a0 \u00a0\u00a0\u00a0 \u00a073<br \/>\nP\u00e1rrafo 4\u00ba De los efectos tributarios del pago de la patente\u00a0\u00a0 \u00a0\u00a0\u00a0 \u00a073<br \/>\nT\u00cdTULO XI. DE LOS CONTRATOS Y CUASICONTRATOS\u00a0\u00a0 \u00a0\u00a0\u00a0 \u00a076<br \/>\nP\u00e1rrafo 1\u00ba De la promesa y otros contratos\u00a0\u00a0 \u00a0\u00a0\u00a0 \u00a076<br \/>\nP\u00e1rrafo 2\u00ba De las sociedades\u00a0\u00a0 \u00a0\u00a0\u00a0 \u00a077<br \/>\nSecci\u00f3n 1\u00aa De las sociedades que nacen de un hecho\u00a0\u00a0 \u00a0\u00a0\u00a0 \u00a077<br \/>\nSecci\u00f3n 2\u00aa De las sociedades que nacen de un contrato\u00a0\u00a0 \u00a0\u00a0\u00a0 \u00a086<br \/>\nP\u00e1rrafo 3\u00ba Del av\u00edo\u00a0\u00a0 \u00a0\u00a0\u00a0 \u00a088<br \/>\nP\u00e1rrafo 4\u00ba De la hipoteca\u00a0\u00a0 \u00a0\u00a0\u00a0 \u00a090<br \/>\nT\u00cdTULO XII. DE LA REIVINDICACI\u00d3N DE LOS MINERALES\u00a0\u00a0 \u00a0\u00a0\u00a0 \u00a091<br \/>\nT\u00cdTULO XIII. DE LOS DERECHOS DE LOS ACREEDORES\u00a0\u00a0 \u00a0\u00a0\u00a0 \u00a091<br \/>\nT\u00cdTULO XIV. DE LA COMPETENCIA EN GENERAL Y EL PROCEDIMIENTO\u00a0\u00a0 \u00a0\u00a0\u00a0 \u00a093<br \/>\nT\u00cdTULO XV. DISPOSICIONES GENERALES\u00a0\u00a0 \u00a0\u00a0\u00a0 \u00a095<br \/>\nDISPOSICIONES TRANSITORIAS\u00a0\u00a0 \u00a0\u00a0\u00a0 \u00a098<br \/>\nT\u00cdTULO FINAL\u00a0\u00a0 \u00a0\u00a0\u00a0 \u00a0105<br \/>\n\u00cdNDICE ANAL\u00cdTICO\u00a0\u00a0 \u00a0\u00a0\u00a0 \u00a0107<br \/>\nAP\u00c9NDICE DE LEYES COMPLEMENTARIAS<br \/>\nNORMAS CONSTITUCIONALES &#8211; DECRETO N\u00ba 100 DEL MINISTERIO SECRETAR\u00cdA GENERAL DE LA PRESIDENCIA QUE FIJA EL TEXTO REFUNDIDO, COORDINADO Y SISTEMATIZADO DE LA CONSTITUCI\u00d3N POL\u00cdTICA DE LA REP\u00daBLICA DE CHILE\u00a0\u00a0 \u00a0\u00a0\u00a0 \u00a0119<br \/>\nLEY N\u00ba 18.097 &#8211; LEY ORG\u00c1NICA CONSTITUCIONAL SOBRE CONCESIONES MINERAS\u00a0\u00a0 \u00a0\u00a0\u00a0 \u00a0123<br \/>\nDECRETO N\u00ba 1 DEL MINISTERIO DE MINER\u00cdA, PROMULGADO CON FECHA 3 DE ENERO DE 1986, QUE ESTABLECE EL REGLAMENTO DEL C\u00d3DIGO DE MINER\u00cdA\u00a0\u00a0 \u00a0\u00a0\u00a0 \u00a0133<br \/>\nDECRETO N\u00ba 132 DEL MINISTERIO DE MINER\u00cdA, PROMULGADO CON FECHA 30 DE DICIEMBRE DE 2002, QUE APRUEBA EL TEXTO REFUNDIDO DEL REGLAMENTO DE SEGURIDAD MINERA\u00a0\u00a0 \u00a0\u00a0\u00a0 \u00a0177<br \/>\nDECRETO CON FUERZA DE LEY N\u00ba 302 DEL MINISTERIO DE HACIENDA, PROMULGADO CON FECHA 31 DE MARZO DE 1960, QUE APRUEBA DISPOSICIONES ORG\u00c1NICAS Y REGLAMENTARIAS DEL MINISTERIO DE MINER\u00cdA\u00a0\u00a0 \u00a0\u00a0\u00a0 \u00a0391<br \/>\nDECRETO LEY N\u00ba 3.525 DEL MINISTERIO DE MINER\u00cdA, PROMULGADO CON FECHA 26 DE NOVIEMBRE DE 1980, QUE CREA EL SERVICIO NACIONAL DE GEOLOG\u00cdA Y MINER\u00cdA\u00a0\u00a0 \u00a0\u00a0\u00a0 \u00a0395<br \/>\nLEY N\u00ba 20.551 QUE REGULA EL CIERRE DE FAENAS E INSTALACIONES MINERAS\u00a0\u00a0 \u00a0\u00a0\u00a0 \u00a0409<br \/>\nDECRETO N\u00ba 41 DEL MINISTERIO DE MINER\u00cdA, PROMULGADO CON FECHA 4 DE SEPTIEMBRE DE 2012, QUE APRUEBA EL REGLAMENTO DE LA LEY DE CIERRE DE FAENAS E INSTALACIONES MINERAS\u00a0\u00a0 \u00a0\u00a0\u00a0 \u00a0451<br \/>\nDECRETO 104 DEL MINISTERIO DE MINER\u00cdA, PROMULGADO CON FECHA 20 DE JUNIO DE 2016, QUE APRUEBA EL REGLAMENTO QUE REGULA LA ENTREGA DE INFORMACI\u00d3N DE CAR\u00c1CTER GENERAL OBTENIDA DE LOS TRABAJOS DE EXPLORACI\u00d3N GEOL\u00d3GICA B\u00c1SICA\u00a0\u00a0 \u00a0\u00a0\u00a0 \u00a0507<br \/>\nRESOLUCI\u00d3N EXENTA 747 DEL MINISTERIO DE MINER\u00cdA QUE APRUEBA NORMA QUE ESTABLECE CATEGOR\u00cdAS DE CONTRAVENCIONES A LOS REGLAMENTOS DE POLIC\u00cdA Y SEGURIDAD MINERA Y SE\u00d1ALA SANCIONES PARA CADA CASO\u00a0\u00a0 \u00a0\u00a0\u00a0 \u00a0519<\/p>\n<p>SOBRE EL AUTOR\u00a0\u00a0 \u00a0\u00a0\u00a0 \u00a0529<\/p>\n","protected":false},"excerpt":{"rendered":"<p>C\u00f3digo de Miner\u00eda de Chile 3\u00aa Edici\u00f3n con Ap\u00e9ndice Legislativo \u00cdndices Tem\u00e1tico y Anal\u00edtico Normas Constitucionales Atingentes a la Materia ? Ley N\u00ba 18.097, Ley Org\u00e1nica Constitucional sobre Concesiones Mineras ? Decreto N\u00ba 1, Reglamento del C\u00f3digo de Miner\u00eda ? Decreto N\u00ba 132, Aprueba Reglamento de Seguridad Minera ? Decreto con Fuerza de Ley N\u00ba 302, Aprueba Disposiciones Org\u00e1nicas y Reglamentarias del Ministerio de Miner\u00eda ? Decreto Ley N\u00ba 3.525, Crea el Servicio Nacional de Geolog\u00eda y Miner\u00eda ? Ley N\u00ba 20.551, Regula el Cierre de Faenas e Instalaciones Mineras ? Decreto N\u00ba 41, Aprueba Reglamento de la Ley de Cierre de Faenas e Instalaciones Mineras ? Decreto N\u00ba 104, Aprueba Reglamento que Regula la Entrega de Informaci\u00f3n de Car\u00e1cter General Obtenida de los Trabajos de Exploraci\u00f3n Geol\u00f3gica B\u00e1sica ? Resoluci\u00f3n exenta 747 del Ministerio de Miner\u00eda que aprueba norma que establece categor\u00edas de contravenciones a los Reglamentos de Polic\u00eda y Seguridad Minera y se\u00f1ala sanciones para cada caso. \u00cdndice INTRODUCCI\u00d3N\u00a0\u00a0 \u00a0\u00a0\u00a0 \u00a011 AGRADECIMIENTOS\u00a0\u00a0 \u00a0\u00a0\u00a0 \u00a013 C\u00d3DIGO DE MINER\u00cdA DE CHILE T\u00cdTULO I. DEL DOMINIO DEL ESTADO Y DE LOS DERECHOS MINEROS\u00a0\u00a0 \u00a0\u00a0\u00a0 \u00a015 P\u00e1rrafo 1\u00ba Normas generales\u00a0\u00a0 \u00a0\u00a0\u00a0 \u00a015 P\u00e1rrafo 2\u00ba De la facultad de catar y cavar\u00a0\u00a0 \u00a0\u00a0\u00a0 \u00a020 T\u00cdTULO II. DE LA CAPACIDAD PARA ADQUIRIR DERECHOS MINEROS\u00a0\u00a0 \u00a0\u00a0\u00a0 \u00a024 T\u00cdTULO III. DEL OBJETO Y FORMA DE LAS CONCESIONES MINERAS\u00a0\u00a0 \u00a0\u00a0\u00a0 \u00a026 T\u00cdTULO IV. DE LAS DEMAS\u00cdAS\u00a0\u00a0 \u00a0\u00a0\u00a0 \u00a027 T\u00cdTULO V. DEL PROCEDIMIENTO DE CONSTITUCI\u00d3N DE LAS CONCESIONES MINERAS\u00a0\u00a0 \u00a0\u00a0\u00a0 \u00a028 P\u00e1rrafo 1\u00ba Del pedimento y de la manifestaci\u00f3n\u00a0\u00a0 \u00a0\u00a0\u00a0 \u00a028 P\u00e1rrafo 2\u00ba De los tr\u00e1mites posteriores al pedimento\u00a0\u00a0 \u00a0\u00a0\u00a0 \u00a035 P\u00e1rrafo 3\u00ba De los tr\u00e1mites posteriores a la manifestaci\u00f3n\u00a0\u00a0 \u00a0\u00a0\u00a0 \u00a037 Secci\u00f3n 1\u00aa De las oposiciones a la solicitud de mensura\u00a0\u00a0 \u00a0\u00a0\u00a0 \u00a038 Secci\u00f3n 2\u00aa De la mensura\u00a0\u00a0 \u00a0\u00a0\u00a0 \u00a043 Secci\u00f3n 3\u00aa Del acta de mensura\u00a0\u00a0 \u00a0\u00a0\u00a0 \u00a044 P\u00e1rrafo 4\u00ba De la sentencia constitutiva de la concesi\u00f3n\u00a0\u00a0 \u00a0\u00a0\u00a0 \u00a048 T\u00cdTULO VI. DE LOS EFECTOS DE LA SENTENCIA CONSTITUTIVA DE LA CONCESI\u00d3N\u00a0\u00a0 \u00a0\u00a0\u00a0 \u00a051 T\u00cdTULO VII. DEL CONSERVADOR DE MINAS\u00a0\u00a0 \u00a0\u00a0\u00a0 \u00a055 T\u00cdTULO VIII. DE LOS DERECHOS Y OBLIGACIONES DE LOS CONCESIONARIOS MINEROS\u00a0\u00a0 \u00a0\u00a0\u00a0 \u00a057 P\u00e1rrafo 1\u00ba Disposiciones comunes\u00a0\u00a0 \u00a0\u00a0\u00a0 \u00a057 P\u00e1rrafo 2\u00ba De los derechos y obligaciones especiales del titular de concesi\u00f3n de exploraci\u00f3n\u00a0\u00a0 \u00a0\u00a0\u00a0 \u00a058 P\u00e1rrafo 3\u00ba De los derechos y obligaciones especiales de los titulares de pertenencias\u00a0\u00a0 \u00a0\u00a0\u00a0 \u00a059 T\u00cdTULO IX. DE LA EXPLORACI\u00d3N Y DE LA EXPLOTACI\u00d3N MINERAS\u00a0\u00a0 \u00a0\u00a0\u00a0 \u00a061 P\u00e1rrafo 1\u00ba De las servidumbres que gravan los predios superficiales\u00a0\u00a0 \u00a0\u00a0\u00a0 \u00a061 P\u00e1rrafo 2\u00ba De las servidumbres que se deben las concesiones mineras entre s\u00ed\u00a0\u00a0 \u00a0\u00a0\u00a0 \u00a062 P\u00e1rrafo 3\u00ba De las internaciones\u00a0\u00a0 \u00a0\u00a0\u00a0 \u00a065 T\u00cdTULO X. DEL AMPARO, EXTINCI\u00d3N Y CADUCIDAD DE LAS CONCESIONES MINERAS\u00a0\u00a0 \u00a0\u00a0\u00a0 \u00a066 P\u00e1rrafo 1\u00ba Del amparo\u00a0\u00a0 \u00a0\u00a0\u00a0 \u00a066 P\u00e1rrafo 2\u00ba De los efectos del desamparo\u00a0\u00a0 \u00a0\u00a0\u00a0 \u00a069 P\u00e1rrafo 3\u00ba De las dem\u00e1s causales de extinci\u00f3n de las concesiones mineras\u00a0\u00a0 \u00a0\u00a0\u00a0 \u00a073 P\u00e1rrafo 4\u00ba De los efectos tributarios del pago de la patente\u00a0\u00a0 \u00a0\u00a0\u00a0 \u00a073 T\u00cdTULO XI. DE LOS CONTRATOS Y CUASICONTRATOS\u00a0\u00a0 \u00a0\u00a0\u00a0 \u00a076 P\u00e1rrafo 1\u00ba De la promesa y otros contratos\u00a0\u00a0 \u00a0\u00a0\u00a0 \u00a076 P\u00e1rrafo 2\u00ba De las sociedades\u00a0\u00a0 \u00a0\u00a0\u00a0 \u00a077 Secci\u00f3n 1\u00aa De las sociedades que nacen de un hecho\u00a0\u00a0 \u00a0\u00a0\u00a0 \u00a077 Secci\u00f3n 2\u00aa De las sociedades que nacen de un contrato\u00a0\u00a0 \u00a0\u00a0\u00a0 \u00a086 P\u00e1rrafo 3\u00ba Del av\u00edo\u00a0\u00a0 \u00a0\u00a0\u00a0 \u00a088 P\u00e1rrafo 4\u00ba De la hipoteca\u00a0\u00a0 \u00a0\u00a0\u00a0 \u00a090 T\u00cdTULO XII. DE LA REIVINDICACI\u00d3N DE LOS MINERALES\u00a0\u00a0 \u00a0\u00a0\u00a0 \u00a091 T\u00cdTULO XIII. DE LOS DERECHOS DE LOS ACREEDORES\u00a0\u00a0 \u00a0\u00a0\u00a0 \u00a091 T\u00cdTULO XIV. DE LA COMPETENCIA EN GENERAL Y EL PROCEDIMIENTO\u00a0\u00a0 \u00a0\u00a0\u00a0 \u00a093 T\u00cdTULO XV. DISPOSICIONES GENERALES\u00a0\u00a0 \u00a0\u00a0\u00a0 \u00a095 DISPOSICIONES TRANSITORIAS\u00a0\u00a0 \u00a0\u00a0\u00a0 \u00a098 T\u00cdTULO FINAL\u00a0\u00a0 \u00a0\u00a0\u00a0 \u00a0105 \u00cdNDICE ANAL\u00cdTICO\u00a0\u00a0 \u00a0\u00a0\u00a0 \u00a0107 AP\u00c9NDICE DE LEYES COMPLEMENTARIAS NORMAS CONSTITUCIONALES &#8211; DECRETO N\u00ba 100 DEL MINISTERIO SECRETAR\u00cdA GENERAL DE LA PRESIDENCIA QUE FIJA EL TEXTO REFUNDIDO, COORDINADO Y SISTEMATIZADO DE LA CONSTITUCI\u00d3N POL\u00cdTICA DE LA REP\u00daBLICA DE CHILE\u00a0\u00a0 \u00a0\u00a0\u00a0 \u00a0119 LEY N\u00ba 18.097 &#8211; LEY ORG\u00c1NICA CONSTITUCIONAL SOBRE CONCESIONES MINERAS\u00a0\u00a0 \u00a0\u00a0\u00a0 \u00a0123 DECRETO N\u00ba 1 DEL MINISTERIO DE MINER\u00cdA, PROMULGADO CON FECHA 3 DE ENERO DE 1986, QUE ESTABLECE EL REGLAMENTO DEL C\u00d3DIGO DE MINER\u00cdA\u00a0\u00a0 \u00a0\u00a0\u00a0 \u00a0133 DECRETO N\u00ba 132 DEL MINISTERIO DE MINER\u00cdA, PROMULGADO CON FECHA 30 DE DICIEMBRE DE 2002, QUE APRUEBA EL TEXTO REFUNDIDO DEL REGLAMENTO DE SEGURIDAD MINERA\u00a0\u00a0 \u00a0\u00a0\u00a0 \u00a0177 DECRETO CON FUERZA DE LEY N\u00ba 302 DEL MINISTERIO DE HACIENDA, PROMULGADO CON FECHA 31 DE MARZO DE 1960, QUE APRUEBA DISPOSICIONES ORG\u00c1NICAS Y REGLAMENTARIAS DEL MINISTERIO DE MINER\u00cdA\u00a0\u00a0 \u00a0\u00a0\u00a0 \u00a0391 DECRETO LEY N\u00ba 3.525 DEL MINISTERIO DE MINER\u00cdA, PROMULGADO CON FECHA 26 DE NOVIEMBRE DE 1980, QUE CREA EL SERVICIO NACIONAL DE GEOLOG\u00cdA Y MINER\u00cdA\u00a0\u00a0 \u00a0\u00a0\u00a0 \u00a0395 LEY N\u00ba 20.551 QUE REGULA EL CIERRE DE FAENAS E INSTALACIONES MINERAS\u00a0\u00a0 \u00a0\u00a0\u00a0 \u00a0409 DECRETO N\u00ba 41 DEL MINISTERIO DE MINER\u00cdA, PROMULGADO CON FECHA 4 DE SEPTIEMBRE DE 2012, QUE APRUEBA EL REGLAMENTO DE LA LEY DE CIERRE DE FAENAS E INSTALACIONES MINERAS\u00a0\u00a0 \u00a0\u00a0\u00a0 \u00a0451 DECRETO 104 DEL MINISTERIO DE MINER\u00cdA, PROMULGADO CON FECHA 20 DE JUNIO DE 2016, QUE APRUEBA EL REGLAMENTO QUE REGULA LA ENTREGA DE INFORMACI\u00d3N DE CAR\u00c1CTER GENERAL OBTENIDA DE LOS TRABAJOS DE EXPLORACI\u00d3N GEOL\u00d3GICA B\u00c1SICA\u00a0\u00a0 \u00a0\u00a0\u00a0 \u00a0507 RESOLUCI\u00d3N EXENTA 747 DEL MINISTERIO DE MINER\u00cdA QUE APRUEBA NORMA QUE ESTABLECE CATEGOR\u00cdAS DE CONTRAVENCIONES A LOS REGLAMENTOS DE POLIC\u00cdA Y SEGURIDAD MINERA Y SE\u00d1ALA SANCIONES PARA CADA CASO\u00a0\u00a0 \u00a0\u00a0\u00a0 \u00a0519 SOBRE EL AUTOR\u00a0\u00a0 \u00a0\u00a0\u00a0 \u00a0529<\/p>\n","protected":false},"featured_media":2896,"comment_status":"open","ping_status":"closed","template":"","meta":{"inline_featured_image":false,"_joinchat":[]},"product_brand":[],"product_cat":[27],"product_tag":[],"class_list":{"0":"post-2849","1":"product","2":"type-product","3":"status-publish","4":"has-post-thumbnail","6":"product_cat-civil","7":"product_shipping_class-a-convenir","9":"first","10":"instock","11":"shipping-taxable","12":"purchasable","13":"product-type-simple"},"_links":{"self":[{"href":"https:\/\/bibliotecajuridicavirtual.cl\/index.php\/wp-json\/wp\/v2\/product\/2849","targetHints":{"allow":["GET"]}}],"collection":[{"href":"https:\/\/bibliotecajuridicavirtual.cl\/index.php\/wp-json\/wp\/v2\/product"}],"about":[{"href":"https:\/\/bibliotecajuridicavirtual.cl\/index.php\/wp-json\/wp\/v2\/types\/product"}],"replies":[{"embeddable":true,"href":"https:\/\/bibliotecajuridicavirtual.cl\/index.php\/wp-json\/wp\/v2\/comments?post=2849"}],"wp:featuredmedia":[{"embeddable":true,"href":"https:\/\/bibliotecajuridicavirtual.cl\/index.php\/wp-json\/wp\/v2\/media\/2896"}],"wp:attachment":[{"href":"https:\/\/bibliotecajuridicavirtual.cl\/index.php\/wp-json\/wp\/v2\/media?parent=2849"}],"wp:term":[{"taxonomy":"product_brand","embeddable":true,"href":"https:\/\/bibliotecajuridicavirtual.cl\/index.php\/wp-json\/wp\/v2\/product_brand?post=2849"},{"taxonomy":"product_cat","embeddable":true,"href":"https:\/\/bibliotecajuridicavirtual.cl\/index.php\/wp-json\/wp\/v2\/product_cat?post=2849"},{"taxonomy":"product_tag","embeddable":true,"href":"https:\/\/bibliotecajuridicavirtual.cl\/index.php\/wp-json\/wp\/v2\/product_tag?post=2849"}],"curies":[{"name":"wp","href":"https:\/\/api.w.org\/{rel}","templated":true}]}}