{"id":2851,"date":"2026-02-28T01:06:31","date_gmt":"2026-02-28T04:06:31","guid":{"rendered":"https:\/\/bibliotecajuridicavirtual.cl\/?post_type=product&#038;p=2851"},"modified":"2026-02-28T01:07:02","modified_gmt":"2026-02-28T04:07:02","slug":"genero-y-proceso-constitucional-en-chile-reflexiones-desde-el-derecho-ano-octubre-2023-248-pag-autor-claudia-iriarte-rivas","status":"publish","type":"product","link":"https:\/\/bibliotecajuridicavirtual.cl\/index.php\/product\/genero-y-proceso-constitucional-en-chile-reflexiones-desde-el-derecho-ano-octubre-2023-248-pag-autor-claudia-iriarte-rivas\/","title":{"rendered":"G\u00e9nero y Proceso Constitucional en Chile. Reflexiones desde el Derecho. A\u00f1o Octubre 2023 \/ 248 P\u00e1g. Autor Claudia Iriarte Rivas"},"content":{"rendered":"<p>Este libro es una de las iniciativas del Observatorio Constitucional de G\u00e9nero, proyecto dise\u00f1ado por el Centro de Derechos Humanos de la Facultad de Derecho de la Universidad de Chile para aportar a la generaci\u00f3n de conocimiento y al di\u00e1logo acad\u00e9mico en torno al proceso constitucional.<br \/>\nLos ocho art\u00edculos que conforman este libro fueron elaborados en diferentes momentos de la primera etapa de discusi\u00f3n constitucional (2021-2022) y reflejan distintas aproximaciones disciplinares. Ellos recogen las miradas diversas de sus autoras y autores, profesoras y profesores de la Facultad de Derecho de la Universidad de Chile, as\u00ed como de otras facultades de la misma Universidad, considerando como punto en com\u00fan la necesidad de incorporar los enfoques de derechos humanos y de g\u00e9nero en el an\u00e1lisis de las tem\u00e1ticas de relevancia constitucional.<br \/>\nLos art\u00edculos versan sobre temas como la evoluci\u00f3n del concepto de igualdad y de paridad, los derechos sexuales y reproductivos, la violencia pol\u00edtica y los derechos econ\u00f3micos sociales y culturales. En varios de ellos se resalta la necesidad de incorporar un abordaje interseccional que visibilice la situaci\u00f3n particular de grupos como las mujeres ind\u00edgenas, las mujeres con discapacidad, las disidencias sexo gen\u00e9ricas, las mujeres que experimentan pobreza estructural, entre otros.<br \/>\nComo conjunto, este libro presenta una articulaci\u00f3n de ideas que recogen el desarrollo del ius feminismo y de los est\u00e1ndares de derechos humanos respecto de los derechos de las mujeres y las disidencias sexo gen\u00e9ricas, aportando lineamientos y propuestas para la elaboraci\u00f3n de una constituci\u00f3n que avance hacia la igualdad de g\u00e9nero.<\/p>\n<p>\u00cdndice<br \/>\nPresentaci\u00f3n\u00a0\u00a0 \u00a0\u00a0\u00a0 \u00a09<br \/>\nEvoluci\u00f3n del principio de Igualdad como fundamento de la Teor\u00eda Feminista\u00a0\u00a0 \u00a0\u00a0\u00a0 \u00a015<br \/>\nMar\u00eda Ang\u00e9lica Figueroa<br \/>\nConstituci\u00f3n: Domicilio del derecho a la vida humana\u00a0\u00a0 \u00a0\u00a0\u00a0 \u00a033<br \/>\nLaura E. Abornoz Pollmann<br \/>\n\u201cYo tengo una vida sexual activa, t\u00e9rminos que para la medicina eran imposibles\u201d: Percepciones y experiencias sobre derechos sexuales y derechos \u00a0\u00a0 \u00a0\u00a0\u00a0 \u00a053<br \/>\n\u00c1lvaro Besoa\u00edn- Salda\u00f1a<br \/>\nCarolina Carstens<br \/>\nTom\u00e1s Puentes<br \/>\nCatalina Loren<br \/>\nCecilia Morovic<br \/>\nRichard Quintero Pino<br \/>\nMelissa Z\u00fa\u00f1iga<br \/>\nMacarena Espina<br \/>\nGarant\u00eda constitucional del derecho a la vivienda de las mujeres: Indivisibilidad e interdependencia desde el enfoque de g\u00e9nero\u00a0\u00a0 \u00a0\u00a0\u00a0 \u00a089<br \/>\nCecilia Dom\u00ednguez Valverde<br \/>\nG\u00e9nero y Pueblos Ind\u00edgenas en Chile: La importancia de una constituci\u00f3n interseccional, intercultural y plurinacional\u00a0\u00a0 \u00a0\u00a0\u00a0 \u00a0117<br \/>\nVer\u00f3nica Figueroa Huencho<br \/>\nViolencia contra las mujeres en la pol\u00edtica y la particular situaci\u00f3n de las mujeres ind\u00edgenas: Un an\u00e1lisis en el marco del proceso constituyente chileno a partir de los est\u00e1ndares internacionales\u00a0\u00a0 \u00a0\u00a0\u00a0 \u00a0141<br \/>\nNancy Ya\u00f1ez Fuenzalida<br \/>\nLa experiencia de la democracia paritaria y la deliberaci\u00f3n sobre paridad sustantiva en la Convenci\u00f3n Constitucional\u00a0\u00a0 \u00a0\u00a0\u00a0 \u00a0157<br \/>\nNatalia Morales M\u00e1rquez<br \/>\nNueva constituci\u00f3n. Principios, derechos y garant\u00edas desde el ius feminismo\u00a0\u00a0 \u00a0\u00a0\u00a0 \u00a0201<br \/>\nClaudia Iriarte Rivas<\/p>\n","protected":false},"excerpt":{"rendered":"<p>Este libro es una de las iniciativas del Observatorio Constitucional de G\u00e9nero, proyecto dise\u00f1ado por el Centro de Derechos Humanos de la Facultad de Derecho de la Universidad de Chile para aportar a la generaci\u00f3n de conocimiento y al di\u00e1logo acad\u00e9mico en torno al proceso constitucional. Los ocho art\u00edculos que conforman este libro fueron elaborados en diferentes momentos de la primera etapa de discusi\u00f3n constitucional (2021-2022) y reflejan distintas aproximaciones disciplinares. Ellos recogen las miradas diversas de sus autoras y autores, profesoras y profesores de la Facultad de Derecho de la Universidad de Chile, as\u00ed como de otras facultades de la misma Universidad, considerando como punto en com\u00fan la necesidad de incorporar los enfoques de derechos humanos y de g\u00e9nero en el an\u00e1lisis de las tem\u00e1ticas de relevancia constitucional. Los art\u00edculos versan sobre temas como la evoluci\u00f3n del concepto de igualdad y de paridad, los derechos sexuales y reproductivos, la violencia pol\u00edtica y los derechos econ\u00f3micos sociales y culturales. En varios de ellos se resalta la necesidad de incorporar un abordaje interseccional que visibilice la situaci\u00f3n particular de grupos como las mujeres ind\u00edgenas, las mujeres con discapacidad, las disidencias sexo gen\u00e9ricas, las mujeres que experimentan pobreza estructural, entre otros. Como conjunto, este libro presenta una articulaci\u00f3n de ideas que recogen el desarrollo del ius feminismo y de los est\u00e1ndares de derechos humanos respecto de los derechos de las mujeres y las disidencias sexo gen\u00e9ricas, aportando lineamientos y propuestas para la elaboraci\u00f3n de una constituci\u00f3n que avance hacia la igualdad de g\u00e9nero. \u00cdndice Presentaci\u00f3n\u00a0\u00a0 \u00a0\u00a0\u00a0 \u00a09 Evoluci\u00f3n del principio de Igualdad como fundamento de la Teor\u00eda Feminista\u00a0\u00a0 \u00a0\u00a0\u00a0 \u00a015 Mar\u00eda Ang\u00e9lica Figueroa Constituci\u00f3n: Domicilio del derecho a la vida humana\u00a0\u00a0 \u00a0\u00a0\u00a0 \u00a033 Laura E. Abornoz Pollmann \u201cYo tengo una vida sexual activa, t\u00e9rminos que para la medicina eran imposibles\u201d: Percepciones y experiencias sobre derechos sexuales y derechos \u00a0\u00a0 \u00a0\u00a0\u00a0 \u00a053 \u00c1lvaro Besoa\u00edn- Salda\u00f1a Carolina Carstens Tom\u00e1s Puentes Catalina Loren Cecilia Morovic Richard Quintero Pino Melissa Z\u00fa\u00f1iga Macarena Espina Garant\u00eda constitucional del derecho a la vivienda de las mujeres: Indivisibilidad e interdependencia desde el enfoque de g\u00e9nero\u00a0\u00a0 \u00a0\u00a0\u00a0 \u00a089 Cecilia Dom\u00ednguez Valverde G\u00e9nero y Pueblos Ind\u00edgenas en Chile: La importancia de una constituci\u00f3n interseccional, intercultural y plurinacional\u00a0\u00a0 \u00a0\u00a0\u00a0 \u00a0117 Ver\u00f3nica Figueroa Huencho Violencia contra las mujeres en la pol\u00edtica y la particular situaci\u00f3n de las mujeres ind\u00edgenas: Un an\u00e1lisis en el marco del proceso constituyente chileno a partir de los est\u00e1ndares internacionales\u00a0\u00a0 \u00a0\u00a0\u00a0 \u00a0141 Nancy Ya\u00f1ez Fuenzalida La experiencia de la democracia paritaria y la deliberaci\u00f3n sobre paridad sustantiva en la Convenci\u00f3n Constitucional\u00a0\u00a0 \u00a0\u00a0\u00a0 \u00a0157 Natalia Morales M\u00e1rquez Nueva constituci\u00f3n. Principios, derechos y garant\u00edas desde el ius feminismo\u00a0\u00a0 \u00a0\u00a0\u00a0 \u00a0201 Claudia Iriarte Rivas<\/p>\n","protected":false},"featured_media":2898,"comment_status":"open","ping_status":"closed","template":"","meta":{"inline_featured_image":false,"_joinchat":[]},"product_brand":[],"product_cat":[33],"product_tag":[],"class_list":{"0":"post-2851","1":"product","2":"type-product","3":"status-publish","4":"has-post-thumbnail","6":"product_cat-constitucional","7":"product_shipping_class-a-convenir","9":"first","10":"instock","11":"shipping-taxable","12":"purchasable","13":"product-type-simple"},"_links":{"self":[{"href":"https:\/\/bibliotecajuridicavirtual.cl\/index.php\/wp-json\/wp\/v2\/product\/2851","targetHints":{"allow":["GET"]}}],"collection":[{"href":"https:\/\/bibliotecajuridicavirtual.cl\/index.php\/wp-json\/wp\/v2\/product"}],"about":[{"href":"https:\/\/bibliotecajuridicavirtual.cl\/index.php\/wp-json\/wp\/v2\/types\/product"}],"replies":[{"embeddable":true,"href":"https:\/\/bibliotecajuridicavirtual.cl\/index.php\/wp-json\/wp\/v2\/comments?post=2851"}],"wp:featuredmedia":[{"embeddable":true,"href":"https:\/\/bibliotecajuridicavirtual.cl\/index.php\/wp-json\/wp\/v2\/media\/2898"}],"wp:attachment":[{"href":"https:\/\/bibliotecajuridicavirtual.cl\/index.php\/wp-json\/wp\/v2\/media?parent=2851"}],"wp:term":[{"taxonomy":"product_brand","embeddable":true,"href":"https:\/\/bibliotecajuridicavirtual.cl\/index.php\/wp-json\/wp\/v2\/product_brand?post=2851"},{"taxonomy":"product_cat","embeddable":true,"href":"https:\/\/bibliotecajuridicavirtual.cl\/index.php\/wp-json\/wp\/v2\/product_cat?post=2851"},{"taxonomy":"product_tag","embeddable":true,"href":"https:\/\/bibliotecajuridicavirtual.cl\/index.php\/wp-json\/wp\/v2\/product_tag?post=2851"}],"curies":[{"name":"wp","href":"https:\/\/api.w.org\/{rel}","templated":true}]}}