{"id":2854,"date":"2026-02-28T01:06:31","date_gmt":"2026-02-28T04:06:31","guid":{"rendered":"https:\/\/bibliotecajuridicavirtual.cl\/?post_type=product&#038;p=2854"},"modified":"2026-02-28T01:07:06","modified_gmt":"2026-02-28T04:07:06","slug":"derecho-conceptos-fundamentales-iniciacion-critica-a-la-mentalidad-juridica-ano-julio-2023-250-pag-autor-cristobal-orrego-sanchez","status":"publish","type":"product","link":"https:\/\/bibliotecajuridicavirtual.cl\/index.php\/product\/derecho-conceptos-fundamentales-iniciacion-critica-a-la-mentalidad-juridica-ano-julio-2023-250-pag-autor-cristobal-orrego-sanchez\/","title":{"rendered":"Derecho &#8211; Conceptos Fundamentales &#8211; Iniciaci\u00f3n Critica a la mentalidad jur\u00eddica. A\u00f1o Julio 2023\/ 250 P\u00e1g. Autor Crist\u00f3bal Orrego S\u00e1nchez"},"content":{"rendered":"<p style=\"font-weight: 400;\">Este libro es una introducci\u00f3n a los principios e ideas b\u00e1sicas de todo orden jur\u00eddico. La obra intenta ayudar a los ciudadanos activos y, especialmente, a los estudiantes de primer a\u00f1o de la carrera de Derecho a adquirir el germen de la mentalidad jur\u00eddica. En un lenguaje accesible, el autor sit\u00faa el fen\u00f3meno jur\u00eddico en el marco de la filosof\u00eda pol\u00edtica, moral y jur\u00eddica; repasa los principales significados del derecho y sus comprensiones filos\u00f3ficas; explica las fuentes del derecho\u2014en particular, la ley, la jurisprudencia y la costumbre, con sus mutuas relaciones\u2014; delinea el ordenamiento jur\u00eddico con sus principales ramas y el orden normativo escalonado (hoy en crisis), y, finalmente, introduce al lector en los rudimentos de la interpretaci\u00f3n del derecho\u2014la hermen\u00e9utica jur\u00eddica\u2014y en la cuesti\u00f3n de sus conexiones con el orden \u00e9tico y con la justicia, es decir, con los criterios que permiten criticar el derecho vigente y reformarlo a la luz de criterios supralegales.<\/p>\n<p style=\"font-weight: 400;\">Derecho: Conceptos Fundamentales se basa en la larga experiencia del autor en la formaci\u00f3n integral de estudiantes universitarios de Derecho, quienes han aprendido en sus c\u00e1tedras los conceptos jur\u00eddicos fundamentales, as\u00ed como tambi\u00e9n a abordar de manera cr\u00edtica los problemas de las principales ramas del derecho p\u00fablico y privado, en di\u00e1logo con las corrientes del pensamiento jur\u00eddico cl\u00e1sico y contempor\u00e1neo.<\/p>\n<ol>\n<li style=\"font-weight: 400;\"><b><strong> PERSONA, POL\u00cdTICA Y DERECHO<\/strong><\/b><\/li>\n<\/ol>\n<p style=\"font-weight: 400;\">1.1 La persona humana, la sociedad y el derecho<br \/>\n1.2 Derecho, \u00e9tica y filosof\u00eda pol\u00edtica<\/p>\n<ol start=\"2\">\n<li style=\"font-weight: 400;\"><b><strong> LOS SIGNIFICADOS DE \u00abDERECHO\u00bb<\/strong><\/b><\/li>\n<\/ol>\n<p style=\"font-weight: 400;\">2.1 El derecho como \u00ablo justo\u00bb o \u00ablo suyo de cada uno\u00bb<br \/>\n2.2 El derecho como norma o ley<br \/>\n2.3 El derecho como facultad de obrar (derecho subjetivo)<br \/>\n2.4 El derecho como ciencia o arte de lo justo<\/p>\n<ol start=\"3\">\n<li style=\"font-weight: 400;\"><b><strong> EL CONCEPTO FILOS\u00d3FICO DE DERECHO<\/strong><\/b><\/li>\n<\/ol>\n<p style=\"font-weight: 400;\">3.1 Tom\u00e1s de Aquino y el iusnaturalismo cl\u00e1sico<br \/>\n3.2 Hans Kelsen y el iuspositivismo normativista<br \/>\n3.3 El realismo jur\u00eddico empirista: americano y escandinavo<br \/>\n3.4 Las ideolog\u00edas jur\u00eddicas postilustradas<br \/>\n3.5 Ronald Dworkin y Herbert Hart<\/p>\n<ol start=\"4\">\n<li style=\"font-weight: 400;\"><b><strong> CONCEPTOS JUR\u00cdDICOS FUNDAMENTALES<\/strong><\/b><\/li>\n<\/ol>\n<p style=\"font-weight: 400;\">4.1 Sujeto de derecho o persona en sentido jur\u00eddico<br \/>\n4.2 La relaci\u00f3n jur\u00eddica<br \/>\n4.3 Los derechos subjetivos<br \/>\n4.4 El deber u obligaci\u00f3n<br \/>\n4.5 La potestad: derecho-deber sobre otras personas<br \/>\n4.6 La sanci\u00f3n<br \/>\n4.7 La responsabilidad jur\u00eddica<\/p>\n<ol start=\"5\">\n<li style=\"font-weight: 400;\"><b><strong> LAS FUENTES DEL DERECHO I<\/strong><\/b><\/li>\n<\/ol>\n<p style=\"font-weight: 400;\">5.1 Las fuentes del derecho en general: concepto y tipos<br \/>\n5.2 La ley escrita y normas an\u00e1logas<br \/>\n5.3 La costumbre jur\u00eddica o ley no escrita<\/p>\n<ol start=\"6\">\n<li style=\"font-weight: 400;\"><b><strong> LAS FUENTES DEL DERECHO II<\/strong><\/b><\/li>\n<\/ol>\n<p style=\"font-weight: 400;\">6.1 La jurisprudencia de los tribunales de justicia<br \/>\n6.2 La doctrina jur\u00eddica<br \/>\n6.3 Los principios generales del derecho y la equidad natural<\/p>\n<ol start=\"7\">\n<li style=\"font-weight: 400;\"><b><strong> EL SISTEMA U ORDENAMIENTO JUR\u00cdDICO<\/strong><\/b><\/li>\n<\/ol>\n<p style=\"font-weight: 400;\">7.1 El derecho como sistema u ordenamiento normativo<br \/>\n7.2 \u00bfUn orden jur\u00eddico escalonado?<br \/>\n7.3 Ramas del derecho y disciplinas jur\u00eddicas<\/p>\n<ol start=\"8\">\n<li style=\"font-weight: 400;\"><b><strong> GEOGRAF\u00cdA JUR\u00cdDICA<\/strong><\/b><\/li>\n<\/ol>\n<p style=\"font-weight: 400;\">8.1 Derecho p\u00fablico y derecho privad<br \/>\n8.2 Derecho constitucional<br \/>\n8.3 Derecho administrativo<br \/>\n8.4 Derecho penal<br \/>\n8.5 Derecho procesal<br \/>\n8.6 Derecho civil<br \/>\n8.7 Derecho comercial<br \/>\n8.8 Derecho internacional p\u00fablico<br \/>\n8.9 Derecho internacional privado<br \/>\n8.10 Derecho can\u00f3nico<\/p>\n<ol start=\"9\">\n<li style=\"font-weight: 400;\"><b><strong> HERMEN\u00c9UTICA JUR\u00cdDICA<\/strong><\/b><\/li>\n<\/ol>\n<p style=\"font-weight: 400;\">9.1 Tres etapas hist\u00f3ricas de la hermen\u00e9utica jur\u00eddica<br \/>\n9.2 Interpretar, aplicar e integrar el derecho<\/p>\n<ol start=\"10\">\n<li style=\"font-weight: 400;\"><b><strong> JUSTICIA: LA CR\u00cdTICA DEL DERECHO<\/strong><\/b><\/li>\n<\/ol>\n<p style=\"font-weight: 400;\">10.1 La tripartici\u00f3n \u00abderecho, moral y usos sociales\u00bb<br \/>\n10.2 La relaci\u00f3n entre la ley y la justicia<br \/>\n10.3 Argumentar a partir de lo razonable y lo justo<\/p>\n<p style=\"font-weight: 400;\">\n","protected":false},"excerpt":{"rendered":"<p>Este libro es una introducci\u00f3n a los principios e ideas b\u00e1sicas de todo orden jur\u00eddico. La obra intenta ayudar a los ciudadanos activos y, especialmente, a los estudiantes de primer a\u00f1o de la carrera de Derecho a adquirir el germen de la mentalidad jur\u00eddica. En un lenguaje accesible, el autor sit\u00faa el fen\u00f3meno jur\u00eddico en el marco de la filosof\u00eda pol\u00edtica, moral y jur\u00eddica; repasa los principales significados del derecho y sus comprensiones filos\u00f3ficas; explica las fuentes del derecho\u2014en particular, la ley, la jurisprudencia y la costumbre, con sus mutuas relaciones\u2014; delinea el ordenamiento jur\u00eddico con sus principales ramas y el orden normativo escalonado (hoy en crisis), y, finalmente, introduce al lector en los rudimentos de la interpretaci\u00f3n del derecho\u2014la hermen\u00e9utica jur\u00eddica\u2014y en la cuesti\u00f3n de sus conexiones con el orden \u00e9tico y con la justicia, es decir, con los criterios que permiten criticar el derecho vigente y reformarlo a la luz de criterios supralegales. Derecho: Conceptos Fundamentales se basa en la larga experiencia del autor en la formaci\u00f3n integral de estudiantes universitarios de Derecho, quienes han aprendido en sus c\u00e1tedras los conceptos jur\u00eddicos fundamentales, as\u00ed como tambi\u00e9n a abordar de manera cr\u00edtica los problemas de las principales ramas del derecho p\u00fablico y privado, en di\u00e1logo con las corrientes del pensamiento jur\u00eddico cl\u00e1sico y contempor\u00e1neo. PERSONA, POL\u00cdTICA Y DERECHO 1.1 La persona humana, la sociedad y el derecho 1.2 Derecho, \u00e9tica y filosof\u00eda pol\u00edtica LOS SIGNIFICADOS DE \u00abDERECHO\u00bb 2.1 El derecho como \u00ablo justo\u00bb o \u00ablo suyo de cada uno\u00bb 2.2 El derecho como norma o ley 2.3 El derecho como facultad de obrar (derecho subjetivo) 2.4 El derecho como ciencia o arte de lo justo EL CONCEPTO FILOS\u00d3FICO DE DERECHO 3.1 Tom\u00e1s de Aquino y el iusnaturalismo cl\u00e1sico 3.2 Hans Kelsen y el iuspositivismo normativista 3.3 El realismo jur\u00eddico empirista: americano y escandinavo 3.4 Las ideolog\u00edas jur\u00eddicas postilustradas 3.5 Ronald Dworkin y Herbert Hart CONCEPTOS JUR\u00cdDICOS FUNDAMENTALES 4.1 Sujeto de derecho o persona en sentido jur\u00eddico 4.2 La relaci\u00f3n jur\u00eddica 4.3 Los derechos subjetivos 4.4 El deber u obligaci\u00f3n 4.5 La potestad: derecho-deber sobre otras personas 4.6 La sanci\u00f3n 4.7 La responsabilidad jur\u00eddica LAS FUENTES DEL DERECHO I 5.1 Las fuentes del derecho en general: concepto y tipos 5.2 La ley escrita y normas an\u00e1logas 5.3 La costumbre jur\u00eddica o ley no escrita LAS FUENTES DEL DERECHO II 6.1 La jurisprudencia de los tribunales de justicia 6.2 La doctrina jur\u00eddica 6.3 Los principios generales del derecho y la equidad natural EL SISTEMA U ORDENAMIENTO JUR\u00cdDICO 7.1 El derecho como sistema u ordenamiento normativo 7.2 \u00bfUn orden jur\u00eddico escalonado? 7.3 Ramas del derecho y disciplinas jur\u00eddicas GEOGRAF\u00cdA JUR\u00cdDICA 8.1 Derecho p\u00fablico y derecho privad 8.2 Derecho constitucional 8.3 Derecho administrativo 8.4 Derecho penal 8.5 Derecho procesal 8.6 Derecho civil 8.7 Derecho comercial 8.8 Derecho internacional p\u00fablico 8.9 Derecho internacional privado 8.10 Derecho can\u00f3nico HERMEN\u00c9UTICA JUR\u00cdDICA 9.1 Tres etapas hist\u00f3ricas de la hermen\u00e9utica jur\u00eddica 9.2 Interpretar, aplicar e integrar el derecho JUSTICIA: LA CR\u00cdTICA DEL DERECHO 10.1 La tripartici\u00f3n \u00abderecho, moral y usos sociales\u00bb 10.2 La relaci\u00f3n entre la ley y la justicia 10.3 Argumentar a partir de lo razonable y lo justo<\/p>\n","protected":false},"featured_media":2901,"comment_status":"open","ping_status":"closed","template":"","meta":{"inline_featured_image":false,"_joinchat":[]},"product_brand":[],"product_cat":[44],"product_tag":[],"class_list":{"0":"post-2854","1":"product","2":"type-product","3":"status-publish","4":"has-post-thumbnail","6":"product_cat-filosofia-del-derecho-y-introduccion","7":"product_shipping_class-a-convenir","9":"first","10":"instock","11":"shipping-taxable","12":"purchasable","13":"product-type-simple"},"_links":{"self":[{"href":"https:\/\/bibliotecajuridicavirtual.cl\/index.php\/wp-json\/wp\/v2\/product\/2854","targetHints":{"allow":["GET"]}}],"collection":[{"href":"https:\/\/bibliotecajuridicavirtual.cl\/index.php\/wp-json\/wp\/v2\/product"}],"about":[{"href":"https:\/\/bibliotecajuridicavirtual.cl\/index.php\/wp-json\/wp\/v2\/types\/product"}],"replies":[{"embeddable":true,"href":"https:\/\/bibliotecajuridicavirtual.cl\/index.php\/wp-json\/wp\/v2\/comments?post=2854"}],"wp:featuredmedia":[{"embeddable":true,"href":"https:\/\/bibliotecajuridicavirtual.cl\/index.php\/wp-json\/wp\/v2\/media\/2901"}],"wp:attachment":[{"href":"https:\/\/bibliotecajuridicavirtual.cl\/index.php\/wp-json\/wp\/v2\/media?parent=2854"}],"wp:term":[{"taxonomy":"product_brand","embeddable":true,"href":"https:\/\/bibliotecajuridicavirtual.cl\/index.php\/wp-json\/wp\/v2\/product_brand?post=2854"},{"taxonomy":"product_cat","embeddable":true,"href":"https:\/\/bibliotecajuridicavirtual.cl\/index.php\/wp-json\/wp\/v2\/product_cat?post=2854"},{"taxonomy":"product_tag","embeddable":true,"href":"https:\/\/bibliotecajuridicavirtual.cl\/index.php\/wp-json\/wp\/v2\/product_tag?post=2854"}],"curies":[{"name":"wp","href":"https:\/\/api.w.org\/{rel}","templated":true}]}}