{"id":2874,"date":"2026-02-28T01:06:52","date_gmt":"2026-02-28T04:06:52","guid":{"rendered":"https:\/\/bibliotecajuridicavirtual.cl\/?post_type=product&#038;p=2874"},"modified":"2026-02-28T01:07:09","modified_gmt":"2026-02-28T04:07:09","slug":"la-capacidad-contributiva-y-su-fundamento-economico-ano-2023-201-pag-autor-eduardo-irribarra-sobarzo","status":"publish","type":"product","link":"https:\/\/bibliotecajuridicavirtual.cl\/index.php\/product\/la-capacidad-contributiva-y-su-fundamento-economico-ano-2023-201-pag-autor-eduardo-irribarra-sobarzo\/","title":{"rendered":"La Capacidad Contributiva y su Fundamento Econ\u00f3mico.  A\u00f1o 2023\/ 201 P\u00e1g. Autor  Eduardo Irribarra Sobarzo"},"content":{"rendered":"<p style=\"font-weight: 400;\">En el derecho tributario, constituye un axioma el que el tributo retrae una parte de la riqueza de los contribuyentes. Para ello, los diversos tributos toman indicios de esa riqueza, expresadas en conductas o hechos como la renta, el consumo, el patrimonio, la transferencia de bienes, la adquisici\u00f3n de bienes por causa de muerte, entre otros. Desde esta base, se han construido los sistemas tributarios, proliferados de innumerables especies tributarias y no tributarias, descoordinados entre s\u00ed y siempre en aumento.<\/p>\n<p style=\"font-weight: 400;\">Sin embargo, poco se ha ahondado en dilucidar este presupuesto de riqueza, su real concurrencia y composici\u00f3n, as\u00ed como su actual idoneidad para justificar constitucionalmente la imposici\u00f3n. La b\u00fasqueda que en esta obra se propone de dicho antecedente o fundamento econ\u00f3mico, as\u00ed como de sus hallazgos, permitir\u00e1 responder si actualmente su desconocimiento ha dado lugar a infracciones a principios constitucionales tributarios como los de igualdad, m\u00ednimo exento, progresividad, pero principalmente el de capacidad contributiva.<\/p>\n<p style=\"font-weight: 400;\">\n<p style=\"font-weight: 400;\"><b><strong>CAP\u00cdTULO 1<br \/>\nEL CONCEPTO DE TRIBUTO<\/strong><\/b><\/p>\n<ol>\n<li style=\"font-weight: 400;\">\nIntroducci\u00f3n<br \/>\nII. El deber de contribuir a los gastos p\u00fablicos como antecedente del tributo<br \/>\nIII. El tributo<br \/>\nIV. El car\u00e1cter tributario de las cotizaciones previsionales en Chile<br \/>\nV. Las tasas y otras categor\u00edas<br \/>\nVI. Conclusiones<\/li>\n<\/ol>\n<p style=\"font-weight: 400;\"><b><strong><br \/>\nCAP\u00cdTULO 2<br \/>\nEL PRINCIPIO DE CAPACIDAD CONTRBUTIVA<\/strong><\/b><\/p>\n<ol>\n<li style=\"font-weight: 400;\">\nIntroducci\u00f3n<\/p>\n<p>II. La capacidad contributiva como principio constitucional<br \/>\n1. Evoluci\u00f3n del principio<br \/>\n2. El antecedente econ\u00f3mico en el principio de capacidad contributiva<br \/>\n3. Concretizaci\u00f3n de principio de capacidad contributiva<\/p>\n<p>III. Conclusiones<\/li>\n<\/ol>\n<p style=\"font-weight: 400;\"><b><strong><br \/>\nCAP\u00cdTULO 3<\/strong><\/b><br \/>\n<b><strong>EL PRINCIPIO DE CAPACIDAD CONTRIBUTIVA EN EL DERECHO ESPA\u00d1OL<\/strong><\/b><\/p>\n<p>I. Contenido del principio<br \/>\nII. Conclusiones<\/p>\n<p style=\"font-weight: 400;\"><b><strong><br \/>\nCAP\u00cdTULO 4<\/strong><\/b><br \/>\n<b><strong>EL PRINCIPIO DE CAPACIDAD CONTRIBUTIVA EN EL DERECHO ITALIANO<\/strong><\/b><\/p>\n<ol>\n<li style=\"font-weight: 400;\">\nIntroducci\u00f3n<br \/>\nII. El principio constitucional de la capacidad contributiva<br \/>\nIII. Los nuevos presupuestos para la imposici\u00f3n<br \/>\nIV. Conclusiones<\/li>\n<\/ol>\n<p style=\"font-weight: 400;\"><b><strong><br \/>\nCAP\u00cdTULO 5<\/strong><\/b><br \/>\n<b><strong>LA CAPACIDAD CONTRIBUTIVA EN EL DERECHO CHILENO<\/strong><\/b><\/p>\n<ol>\n<li style=\"font-weight: 400;\">\nAntecedentes<br \/>\nII. An\u00e1lisis normativo de la constituci\u00f3n pol\u00edtica<br \/>\nIII. Tributos de cualquier clase o naturaleza<br \/>\nIV. Igual sacrificio<br \/>\nV. Desproporci\u00f3n o injusticia manifiesta<br \/>\nVI. No afectaci\u00f3n de derechos en su esencia, ni imposici\u00f3n de tributos que impidan su libre ejercicio<br \/>\nVII. El estado est\u00e1 al servicio de la persona humana<br \/>\nVIII. Funci\u00f3n social de la propiedad<br \/>\nIX. Conclusiones<\/li>\n<\/ol>\n<p style=\"font-weight: 400;\"><b><strong><br \/>\nCAP\u00cdTULO 6<\/strong><\/b><br \/>\n<b><strong>LA CAPACIDAD CONTRIBUTIVA Y LA JURISPRUDENCIA DEL TRIBUNAL CONSTITUCIONAL CHILENO<\/strong><\/b><\/p>\n<ol>\n<li style=\"font-weight: 400;\">\nAn\u00e1lisis jurisprudencial<br \/>\n1. Antecedente econ\u00f3mico para la imposici\u00f3n<br \/>\n2. Principio de capacidad contributiva<br \/>\n3. Proporcionalidad y razonabilidad<\/li>\n<li style=\"font-weight: 400;\">Conclusiones<\/li>\n<\/ol>\n<p style=\"font-weight: 400;\"><b><strong><br \/>\nCAP\u00cdTULO 7<\/strong><\/b><br \/>\n<b><strong>LA PERSPECTIVA DE LA CIENCIA ECON\u00d3MICA<\/strong><\/b><\/p>\n<ol>\n<li style=\"font-weight: 400;\">\nLa capacidad econ\u00f3mica o de pago<br \/>\nII. La tributaci\u00f3n \u00f3ptima y la incidencia de los impuestos<br \/>\nIII. La riqueza como antecedente para la imposici\u00f3n<br \/>\nIV. Conclusiones<\/li>\n<\/ol>\n<p style=\"font-weight: 400;\"><b><strong><br \/>\nCAP\u00cdTULO 8<\/strong><\/b><br \/>\n<b><strong>UN NUEVO CONTENIDO PARA EL PRINCIPIO DE CAPACIDAD CONTRIBUTIVA<\/strong><\/b><\/p>\n<ol>\n<li style=\"font-weight: 400;\">\nIntroducci\u00f3n<\/p>\n<p>II. Presupuestos de eficacia del principio de capacidad contributiva<br \/>\n1. El antecedente econ\u00f3mico que justifica la imposici\u00f3n no es la riqueza de una persona sino una serie de hechos consensuados pol\u00edticamente<br \/>\n2. Una definici\u00f3n amplia de tributo<br \/>\n3. Un sistema tributario simple o interconectado entre s\u00ed<br \/>\n4. La fijaci\u00f3n concreta de un m\u00ednimo de fuerza econ\u00f3mica exenta de tributaci\u00f3n<br \/>\n5. El deber del legislador de justificar y fundamentar todo tipo de cambio legal en materia tributaria<br \/>\n6. Una justicia constitucional que aplique con mayor precisi\u00f3n el principio de proporcionalidad y razonabilidad<br \/>\n7. Coordinaci\u00f3n entre los diversos pa\u00edses para controlar situaciones de doble tributaci\u00f3n internacional<\/li>\n<\/ol>\n","protected":false},"excerpt":{"rendered":"<p>En el derecho tributario, constituye un axioma el que el tributo retrae una parte de la riqueza de los contribuyentes. Para ello, los diversos tributos toman indicios de esa riqueza, expresadas en conductas o hechos como la renta, el consumo, el patrimonio, la transferencia de bienes, la adquisici\u00f3n de bienes por causa de muerte, entre otros. Desde esta base, se han construido los sistemas tributarios, proliferados de innumerables especies tributarias y no tributarias, descoordinados entre s\u00ed y siempre en aumento. Sin embargo, poco se ha ahondado en dilucidar este presupuesto de riqueza, su real concurrencia y composici\u00f3n, as\u00ed como su actual idoneidad para justificar constitucionalmente la imposici\u00f3n. La b\u00fasqueda que en esta obra se propone de dicho antecedente o fundamento econ\u00f3mico, as\u00ed como de sus hallazgos, permitir\u00e1 responder si actualmente su desconocimiento ha dado lugar a infracciones a principios constitucionales tributarios como los de igualdad, m\u00ednimo exento, progresividad, pero principalmente el de capacidad contributiva. CAP\u00cdTULO 1 EL CONCEPTO DE TRIBUTO Introducci\u00f3n II. El deber de contribuir a los gastos p\u00fablicos como antecedente del tributo III. El tributo IV. El car\u00e1cter tributario de las cotizaciones previsionales en Chile V. Las tasas y otras categor\u00edas VI. Conclusiones CAP\u00cdTULO 2 EL PRINCIPIO DE CAPACIDAD CONTRBUTIVA Introducci\u00f3n II. La capacidad contributiva como principio constitucional 1. Evoluci\u00f3n del principio 2. El antecedente econ\u00f3mico en el principio de capacidad contributiva 3. Concretizaci\u00f3n de principio de capacidad contributiva III. Conclusiones CAP\u00cdTULO 3 EL PRINCIPIO DE CAPACIDAD CONTRIBUTIVA EN EL DERECHO ESPA\u00d1OL I. Contenido del principio II. Conclusiones CAP\u00cdTULO 4 EL PRINCIPIO DE CAPACIDAD CONTRIBUTIVA EN EL DERECHO ITALIANO Introducci\u00f3n II. El principio constitucional de la capacidad contributiva III. Los nuevos presupuestos para la imposici\u00f3n IV. Conclusiones CAP\u00cdTULO 5 LA CAPACIDAD CONTRIBUTIVA EN EL DERECHO CHILENO Antecedentes II. An\u00e1lisis normativo de la constituci\u00f3n pol\u00edtica III. Tributos de cualquier clase o naturaleza IV. Igual sacrificio V. Desproporci\u00f3n o injusticia manifiesta VI. No afectaci\u00f3n de derechos en su esencia, ni imposici\u00f3n de tributos que impidan su libre ejercicio VII. El estado est\u00e1 al servicio de la persona humana VIII. Funci\u00f3n social de la propiedad IX. Conclusiones CAP\u00cdTULO 6 LA CAPACIDAD CONTRIBUTIVA Y LA JURISPRUDENCIA DEL TRIBUNAL CONSTITUCIONAL CHILENO An\u00e1lisis jurisprudencial 1. Antecedente econ\u00f3mico para la imposici\u00f3n 2. Principio de capacidad contributiva 3. Proporcionalidad y razonabilidad Conclusiones CAP\u00cdTULO 7 LA PERSPECTIVA DE LA CIENCIA ECON\u00d3MICA La capacidad econ\u00f3mica o de pago II. La tributaci\u00f3n \u00f3ptima y la incidencia de los impuestos III. La riqueza como antecedente para la imposici\u00f3n IV. Conclusiones CAP\u00cdTULO 8 UN NUEVO CONTENIDO PARA EL PRINCIPIO DE CAPACIDAD CONTRIBUTIVA Introducci\u00f3n II. Presupuestos de eficacia del principio de capacidad contributiva 1. El antecedente econ\u00f3mico que justifica la imposici\u00f3n no es la riqueza de una persona sino una serie de hechos consensuados pol\u00edticamente 2. Una definici\u00f3n amplia de tributo 3. Un sistema tributario simple o interconectado entre s\u00ed 4. La fijaci\u00f3n concreta de un m\u00ednimo de fuerza econ\u00f3mica exenta de tributaci\u00f3n 5. El deber del legislador de justificar y fundamentar todo tipo de cambio legal en materia tributaria 6. Una justicia constitucional que aplique con mayor precisi\u00f3n el principio de proporcionalidad y razonabilidad 7. Coordinaci\u00f3n entre los diversos pa\u00edses para controlar situaciones de doble tributaci\u00f3n internacional<\/p>\n","protected":false},"featured_media":2904,"comment_status":"open","ping_status":"closed","template":"","meta":{"inline_featured_image":false,"_joinchat":[]},"product_brand":[],"product_cat":[28],"product_tag":[],"class_list":{"0":"post-2874","1":"product","2":"type-product","3":"status-publish","4":"has-post-thumbnail","6":"product_cat-tributario","7":"product_shipping_class-a-convenir","9":"first","10":"instock","11":"shipping-taxable","12":"purchasable","13":"product-type-simple"},"_links":{"self":[{"href":"https:\/\/bibliotecajuridicavirtual.cl\/index.php\/wp-json\/wp\/v2\/product\/2874","targetHints":{"allow":["GET"]}}],"collection":[{"href":"https:\/\/bibliotecajuridicavirtual.cl\/index.php\/wp-json\/wp\/v2\/product"}],"about":[{"href":"https:\/\/bibliotecajuridicavirtual.cl\/index.php\/wp-json\/wp\/v2\/types\/product"}],"replies":[{"embeddable":true,"href":"https:\/\/bibliotecajuridicavirtual.cl\/index.php\/wp-json\/wp\/v2\/comments?post=2874"}],"wp:featuredmedia":[{"embeddable":true,"href":"https:\/\/bibliotecajuridicavirtual.cl\/index.php\/wp-json\/wp\/v2\/media\/2904"}],"wp:attachment":[{"href":"https:\/\/bibliotecajuridicavirtual.cl\/index.php\/wp-json\/wp\/v2\/media?parent=2874"}],"wp:term":[{"taxonomy":"product_brand","embeddable":true,"href":"https:\/\/bibliotecajuridicavirtual.cl\/index.php\/wp-json\/wp\/v2\/product_brand?post=2874"},{"taxonomy":"product_cat","embeddable":true,"href":"https:\/\/bibliotecajuridicavirtual.cl\/index.php\/wp-json\/wp\/v2\/product_cat?post=2874"},{"taxonomy":"product_tag","embeddable":true,"href":"https:\/\/bibliotecajuridicavirtual.cl\/index.php\/wp-json\/wp\/v2\/product_tag?post=2874"}],"curies":[{"name":"wp","href":"https:\/\/api.w.org\/{rel}","templated":true}]}}