{"id":2877,"date":"2026-02-28T01:06:52","date_gmt":"2026-02-28T04:06:52","guid":{"rendered":"https:\/\/bibliotecajuridicavirtual.cl\/?post_type=product&#038;p=2877"},"modified":"2026-02-28T01:07:12","modified_gmt":"2026-02-28T04:07:12","slug":"derecho-penal-economico-chileno-tomo-i-la-ley-de-los-delitos-economico-ano-2023-470-pag-autor-antonio-bascunan-y-javier-wilenmann","status":"publish","type":"product","link":"https:\/\/bibliotecajuridicavirtual.cl\/index.php\/product\/derecho-penal-economico-chileno-tomo-i-la-ley-de-los-delitos-economico-ano-2023-470-pag-autor-antonio-bascunan-y-javier-wilenmann\/","title":{"rendered":"Derecho Penal Econ\u00f3mico Chileno &#8211; Tomo I &#8211; La Ley de los Delitos Econ\u00f3mico. A\u00f1o 2023\/ 470 P\u00e1g. Autor Antonio Bascu\u00f1\u00e1n y Javier Wilenmann"},"content":{"rendered":"<p>La presente obra constituye el primer volumen de una serie de comentarios a la legislacio\u0301n chilena sobre Derecho Penal Econo\u0301mico. El volumen I ha sido escrito por los profesores Antonio Bascun\u0303a\u0301n y Javier Wilenmann, dos de los acade\u0301micos ma\u0301s renombrados en la materia en Chile y dos de los autores de la Ley de Delitos Econo\u0301micos. En este volumen se introduce al lector al Derecho Penal Econo\u0301mico y a la Ley de Delitos Econo\u0301micos. Asimismo, el volumen entrega una reconstruccio\u0301n profunda, con orientacio\u0301n pra\u0301ctica, de todas las disposiciones de los Ti\u0301tulos I y II de la Ley de Delitos Econo\u0301micos. La obra pretende constituirse en el esta\u0301ndar de referencia en la reconstruccio\u0301n general del Derecho Penal Econo\u0301mico y en el tratamiento dogma\u0301tico de las reglas de determinacio\u0301n de la pena de esta clase de delitos.<\/p>\n<p>&nbsp;<\/p>\n<p>&nbsp;<\/p>\n","protected":false},"excerpt":{"rendered":"<p>La presente obra constituye el primer volumen de una serie de comentarios a la legislacio\u0301n chilena sobre Derecho Penal Econo\u0301mico. El volumen I ha sido escrito por los profesores Antonio Bascun\u0303a\u0301n y Javier Wilenmann, dos de los acade\u0301micos ma\u0301s renombrados en la materia en Chile y dos de los autores de la Ley de Delitos Econo\u0301micos. En este volumen se introduce al lector al Derecho Penal Econo\u0301mico y a la Ley de Delitos Econo\u0301micos. Asimismo, el volumen entrega una reconstruccio\u0301n profunda, con orientacio\u0301n pra\u0301ctica, de todas las disposiciones de los Ti\u0301tulos I y II de la Ley de Delitos Econo\u0301micos. La obra pretende constituirse en el esta\u0301ndar de referencia en la reconstruccio\u0301n general del Derecho Penal Econo\u0301mico y en el tratamiento dogma\u0301tico de las reglas de determinacio\u0301n de la pena de esta clase de delitos. &nbsp; &nbsp;<\/p>\n","protected":false},"featured_media":2907,"comment_status":"open","ping_status":"closed","template":"","meta":{"inline_featured_image":false,"_joinchat":[]},"product_brand":[],"product_cat":[38,30],"product_tag":[],"class_list":{"0":"post-2877","1":"product","2":"type-product","3":"status-publish","4":"has-post-thumbnail","6":"product_cat-editorial-der-ediciones","7":"product_cat-penal","8":"product_shipping_class-a-convenir","10":"first","11":"instock","12":"shipping-taxable","13":"purchasable","14":"product-type-simple"},"_links":{"self":[{"href":"https:\/\/bibliotecajuridicavirtual.cl\/index.php\/wp-json\/wp\/v2\/product\/2877","targetHints":{"allow":["GET"]}}],"collection":[{"href":"https:\/\/bibliotecajuridicavirtual.cl\/index.php\/wp-json\/wp\/v2\/product"}],"about":[{"href":"https:\/\/bibliotecajuridicavirtual.cl\/index.php\/wp-json\/wp\/v2\/types\/product"}],"replies":[{"embeddable":true,"href":"https:\/\/bibliotecajuridicavirtual.cl\/index.php\/wp-json\/wp\/v2\/comments?post=2877"}],"wp:featuredmedia":[{"embeddable":true,"href":"https:\/\/bibliotecajuridicavirtual.cl\/index.php\/wp-json\/wp\/v2\/media\/2907"}],"wp:attachment":[{"href":"https:\/\/bibliotecajuridicavirtual.cl\/index.php\/wp-json\/wp\/v2\/media?parent=2877"}],"wp:term":[{"taxonomy":"product_brand","embeddable":true,"href":"https:\/\/bibliotecajuridicavirtual.cl\/index.php\/wp-json\/wp\/v2\/product_brand?post=2877"},{"taxonomy":"product_cat","embeddable":true,"href":"https:\/\/bibliotecajuridicavirtual.cl\/index.php\/wp-json\/wp\/v2\/product_cat?post=2877"},{"taxonomy":"product_tag","embeddable":true,"href":"https:\/\/bibliotecajuridicavirtual.cl\/index.php\/wp-json\/wp\/v2\/product_tag?post=2877"}],"curies":[{"name":"wp","href":"https:\/\/api.w.org\/{rel}","templated":true}]}}