{"id":2878,"date":"2026-02-28T01:06:52","date_gmt":"2026-02-28T04:06:52","guid":{"rendered":"https:\/\/bibliotecajuridicavirtual.cl\/?post_type=product&#038;p=2878"},"modified":"2026-02-28T01:07:15","modified_gmt":"2026-02-28T04:07:15","slug":"acto-y-procedimiento-administrativo-analisis-normativo-dogmatico-y-jurisprudencial-a-veinte-anos-de-la-ley-n-19-880-ano-2023-346-pag-autor-jaime-arancibia-mattar-juan-carlos-flores-rivas-y","status":"publish","type":"product","link":"https:\/\/bibliotecajuridicavirtual.cl\/index.php\/product\/acto-y-procedimiento-administrativo-analisis-normativo-dogmatico-y-jurisprudencial-a-veinte-anos-de-la-ley-n-19-880-ano-2023-346-pag-autor-jaime-arancibia-mattar-juan-carlos-flores-rivas-y\/","title":{"rendered":"Acto y Procedimiento Administrativo &#8211;  An\u00e1lisis Normativo, Dogm\u00e1tico y Jurisprudencial a Veinte A\u00f1os de la Ley  N 19.880. A\u00f1o 2023\/ 346 P\u00e1g. Autor Jaime Arancibia Mattar , Juan Carlos Flores Rivas  y Rosa Fernanda G\u00f3mez Gonzales."},"content":{"rendered":"<p>Esta publicaci\u00f3n tiene por objeto analizar los art\u00edculos de la LBPA bajo una perspectiva normativa, dogm\u00e1tica y jurisprudencial, a veinte a\u00f1os de su publicaci\u00f3n.<br \/>\nAdicionalmente, los autores proporcionan una aproximaci\u00f3n interpretativa acerca de las normas de tramitaci\u00f3n electr\u00f3nica incorporadas recientemente.<br \/>\nLa parte final contiene una recopilaci\u00f3n de la doctrina nacional sobre acto y procedimiento administrativo publicada desde la entrada en vigencia de la Ley No 19.880.<\/p>\n<p>&nbsp;<\/p>\n<p>&nbsp;<\/p>\n","protected":false},"excerpt":{"rendered":"<p>Esta publicaci\u00f3n tiene por objeto analizar los art\u00edculos de la LBPA bajo una perspectiva normativa, dogm\u00e1tica y jurisprudencial, a veinte a\u00f1os de su publicaci\u00f3n. Adicionalmente, los autores proporcionan una aproximaci\u00f3n interpretativa acerca de las normas de tramitaci\u00f3n electr\u00f3nica incorporadas recientemente. La parte final contiene una recopilaci\u00f3n de la doctrina nacional sobre acto y procedimiento administrativo publicada desde la entrada en vigencia de la Ley No 19.880. &nbsp; &nbsp;<\/p>\n","protected":false},"featured_media":2927,"comment_status":"open","ping_status":"closed","template":"","meta":{"inline_featured_image":false,"_joinchat":[]},"product_brand":[],"product_cat":[45,38],"product_tag":[],"class_list":{"0":"post-2878","1":"product","2":"type-product","3":"status-publish","4":"has-post-thumbnail","6":"product_cat-administrativo","7":"product_cat-editorial-der-ediciones","8":"product_shipping_class-a-convenir","10":"first","11":"instock","12":"shipping-taxable","13":"purchasable","14":"product-type-simple"},"_links":{"self":[{"href":"https:\/\/bibliotecajuridicavirtual.cl\/index.php\/wp-json\/wp\/v2\/product\/2878","targetHints":{"allow":["GET"]}}],"collection":[{"href":"https:\/\/bibliotecajuridicavirtual.cl\/index.php\/wp-json\/wp\/v2\/product"}],"about":[{"href":"https:\/\/bibliotecajuridicavirtual.cl\/index.php\/wp-json\/wp\/v2\/types\/product"}],"replies":[{"embeddable":true,"href":"https:\/\/bibliotecajuridicavirtual.cl\/index.php\/wp-json\/wp\/v2\/comments?post=2878"}],"wp:featuredmedia":[{"embeddable":true,"href":"https:\/\/bibliotecajuridicavirtual.cl\/index.php\/wp-json\/wp\/v2\/media\/2927"}],"wp:attachment":[{"href":"https:\/\/bibliotecajuridicavirtual.cl\/index.php\/wp-json\/wp\/v2\/media?parent=2878"}],"wp:term":[{"taxonomy":"product_brand","embeddable":true,"href":"https:\/\/bibliotecajuridicavirtual.cl\/index.php\/wp-json\/wp\/v2\/product_brand?post=2878"},{"taxonomy":"product_cat","embeddable":true,"href":"https:\/\/bibliotecajuridicavirtual.cl\/index.php\/wp-json\/wp\/v2\/product_cat?post=2878"},{"taxonomy":"product_tag","embeddable":true,"href":"https:\/\/bibliotecajuridicavirtual.cl\/index.php\/wp-json\/wp\/v2\/product_tag?post=2878"}],"curies":[{"name":"wp","href":"https:\/\/api.w.org\/{rel}","templated":true}]}}