{"id":2880,"date":"2026-02-28T01:06:52","date_gmt":"2026-02-28T04:06:52","guid":{"rendered":"https:\/\/bibliotecajuridicavirtual.cl\/?post_type=product&#038;p=2880"},"modified":"2026-02-28T01:07:17","modified_gmt":"2026-02-28T04:07:17","slug":"manual-derecho-administrativo-tomo-ii-acto-administrativo-ano-2023-424-pag-autor-cristobal-osorio-vargas-y-leonardo-vilchez","status":"publish","type":"product","link":"https:\/\/bibliotecajuridicavirtual.cl\/index.php\/product\/manual-derecho-administrativo-tomo-ii-acto-administrativo-ano-2023-424-pag-autor-cristobal-osorio-vargas-y-leonardo-vilchez\/","title":{"rendered":"Manual Derecho Administrativo- Tomo II &#8211;  Acto Administrativo. A\u00f1o 2023\/ 424 P\u00e1g. Autor Crist\u00f3bal Osorio Vargas y Leonardo V\u00edlchez"},"content":{"rendered":"<p>Este segundo volumen mantiene el prop\u00f3sito del tomo I, que es exponer los contenidos e instituciones en su pr\u00e1ctica jur\u00eddica concreta, analizando su desempe\u00f1o real, rastreando las explicaciones doctrinales y los criterios jurisprudenciales que han permitido configurar la actualidad de la actividad administrativa nacional, las \u00faltimas complejidades pasadas, su rendimiento presente, como tambi\u00e9n algunos de sus desaf\u00edos futuros.<br \/>\nLa organizaci\u00f3n de los temas propuestos en este libro comienza con una materia que a\u00fan no ha entrado en vigencia, pero que tiene efectos importantes en el desarrollo cotidiano de las relaciones que los \u00f3rganos de la Administraci\u00f3n tienen con la ciudadan\u00eda, como es el Estado digital, rescatando los fundamentos originales de las instituciones que han modificado la actividad formal de la Administraci\u00f3n en Chile y, adem\u00e1s, proyecta las nuevas necesidades digitales, como ser\u00e1 permanentemente revisado en este tomo II.Se plantea que el reemplazo del papel no solo supondr\u00e1 un cambio del medio o soporte de la actividad administrativa formal, sino que tambi\u00e9n representar\u00e1 un desaf\u00edo may\u00fasculo para el \u00abEstado de Derecho\u00bb, cuyos principios deben actualizar.El cap\u00edtulo II est\u00e1 dedicado al concepto,caracter\u00edsticas y clasificaciones del acto administrativo;el cap\u00edtulo III revisa los elementos y vicios del acto administrativo;el cap\u00edtulo IV estudia los efectos y la eficacia de los actos administrativos;el cap\u00edtulo V trata sobre la ejecutividad de los actos administrativos y la posibilidad de imponer las decisiones a los administrados, incluso contra su voluntad, incluyendo un examen particular a la \u00abautotutela ejecutiva\u00bb;el cap\u00edtulo VI, sobre los modos de extinci\u00f3n, se detiene en la situaci\u00f3n actual del acto y sus nuevos soportes materiales, y el \u00faltimo cap\u00edtulo se refiere a las copias autorizadas o actos administrativos aut\u00e9nticos y la destrucci\u00f3n de actos administrativos.el cap\u00edtulo IV estudia los efectos y la eficacia de los actos administrativos;el cap\u00edtulo V trata sobre la ejecutividad de los actos administrativos y la posibilidad de imponer las decisiones a los administrados, incluso contra su voluntad, incluyendo un examen particular a la \u00abautotutela ejecutiva\u00bb;el cap\u00edtulo VI, sobre los modos de extinci\u00f3n, se detiene en la situaci\u00f3n actual del acto y sus nuevos soportes materiales, y el \u00faltimo cap\u00edtulo se refiere a las copias autorizadas o actos administrativos aut\u00e9nticos y la destrucci\u00f3n de actos administrativos.el cap\u00edtulo IV estudia los efectos y la eficacia de los actos administrativos;el cap\u00edtulo V trata sobre la ejecutividad de los actos administrativos y la posibilidad de imponer las decisiones a los administrados, incluso contra su voluntad, incluyendo un examen particular a la \u00abautotutela ejecutiva\u00bb;el cap\u00edtulo VI, sobre los modos de extinci\u00f3n, se detiene en la situaci\u00f3n actual del acto y sus nuevos soportes materiales, y el \u00faltimo cap\u00edtulo se refiere a las copias autorizadas o actos administrativos aut\u00e9nticos y la destrucci\u00f3n de actos administrativos.<\/p>\n<p>En palabras del profesor Luis Cordero Vega, esta obra analiza y expone la evoluci\u00f3n del acto administrativo, recogiendo lo desarrollado hasta ahora por la doctrina nacional y, a partir de la jurisprudencia, reconstruye nuestros principales problemas con relaci\u00f3n al contenido, definici\u00f3n, alcances y efectos de la teor\u00eda del acto administrativo.<\/p>\n","protected":false},"excerpt":{"rendered":"<p>Este segundo volumen mantiene el prop\u00f3sito del tomo I, que es exponer los contenidos e instituciones en su pr\u00e1ctica jur\u00eddica concreta, analizando su desempe\u00f1o real, rastreando las explicaciones doctrinales y los criterios jurisprudenciales que han permitido configurar la actualidad de la actividad administrativa nacional, las \u00faltimas complejidades pasadas, su rendimiento presente, como tambi\u00e9n algunos de sus desaf\u00edos futuros. La organizaci\u00f3n de los temas propuestos en este libro comienza con una materia que a\u00fan no ha entrado en vigencia, pero que tiene efectos importantes en el desarrollo cotidiano de las relaciones que los \u00f3rganos de la Administraci\u00f3n tienen con la ciudadan\u00eda, como es el Estado digital, rescatando los fundamentos originales de las instituciones que han modificado la actividad formal de la Administraci\u00f3n en Chile y, adem\u00e1s, proyecta las nuevas necesidades digitales, como ser\u00e1 permanentemente revisado en este tomo II.Se plantea que el reemplazo del papel no solo supondr\u00e1 un cambio del medio o soporte de la actividad administrativa formal, sino que tambi\u00e9n representar\u00e1 un desaf\u00edo may\u00fasculo para el \u00abEstado de Derecho\u00bb, cuyos principios deben actualizar.El cap\u00edtulo II est\u00e1 dedicado al concepto,caracter\u00edsticas y clasificaciones del acto administrativo;el cap\u00edtulo III revisa los elementos y vicios del acto administrativo;el cap\u00edtulo IV estudia los efectos y la eficacia de los actos administrativos;el cap\u00edtulo V trata sobre la ejecutividad de los actos administrativos y la posibilidad de imponer las decisiones a los administrados, incluso contra su voluntad, incluyendo un examen particular a la \u00abautotutela ejecutiva\u00bb;el cap\u00edtulo VI, sobre los modos de extinci\u00f3n, se detiene en la situaci\u00f3n actual del acto y sus nuevos soportes materiales, y el \u00faltimo cap\u00edtulo se refiere a las copias autorizadas o actos administrativos aut\u00e9nticos y la destrucci\u00f3n de actos administrativos.el cap\u00edtulo IV estudia los efectos y la eficacia de los actos administrativos;el cap\u00edtulo V trata sobre la ejecutividad de los actos administrativos y la posibilidad de imponer las decisiones a los administrados, incluso contra su voluntad, incluyendo un examen particular a la \u00abautotutela ejecutiva\u00bb;el cap\u00edtulo VI, sobre los modos de extinci\u00f3n, se detiene en la situaci\u00f3n actual del acto y sus nuevos soportes materiales, y el \u00faltimo cap\u00edtulo se refiere a las copias autorizadas o actos administrativos aut\u00e9nticos y la destrucci\u00f3n de actos administrativos.el cap\u00edtulo IV estudia los efectos y la eficacia de los actos administrativos;el cap\u00edtulo V trata sobre la ejecutividad de los actos administrativos y la posibilidad de imponer las decisiones a los administrados, incluso contra su voluntad, incluyendo un examen particular a la \u00abautotutela ejecutiva\u00bb;el cap\u00edtulo VI, sobre los modos de extinci\u00f3n, se detiene en la situaci\u00f3n actual del acto y sus nuevos soportes materiales, y el \u00faltimo cap\u00edtulo se refiere a las copias autorizadas o actos administrativos aut\u00e9nticos y la destrucci\u00f3n de actos administrativos. En palabras del profesor Luis Cordero Vega, esta obra analiza y expone la evoluci\u00f3n del acto administrativo, recogiendo lo desarrollado hasta ahora por la doctrina nacional y, a partir de la jurisprudencia, reconstruye nuestros principales problemas con relaci\u00f3n al contenido, definici\u00f3n, alcances y efectos de la teor\u00eda del acto administrativo.<\/p>\n","protected":false},"featured_media":2929,"comment_status":"open","ping_status":"closed","template":"","meta":{"inline_featured_image":false,"_joinchat":[]},"product_brand":[],"product_cat":[45,38],"product_tag":[],"class_list":{"0":"post-2880","1":"product","2":"type-product","3":"status-publish","4":"has-post-thumbnail","6":"product_cat-administrativo","7":"product_cat-editorial-der-ediciones","8":"product_shipping_class-a-convenir","10":"first","11":"instock","12":"shipping-taxable","13":"purchasable","14":"product-type-simple"},"_links":{"self":[{"href":"https:\/\/bibliotecajuridicavirtual.cl\/index.php\/wp-json\/wp\/v2\/product\/2880","targetHints":{"allow":["GET"]}}],"collection":[{"href":"https:\/\/bibliotecajuridicavirtual.cl\/index.php\/wp-json\/wp\/v2\/product"}],"about":[{"href":"https:\/\/bibliotecajuridicavirtual.cl\/index.php\/wp-json\/wp\/v2\/types\/product"}],"replies":[{"embeddable":true,"href":"https:\/\/bibliotecajuridicavirtual.cl\/index.php\/wp-json\/wp\/v2\/comments?post=2880"}],"wp:featuredmedia":[{"embeddable":true,"href":"https:\/\/bibliotecajuridicavirtual.cl\/index.php\/wp-json\/wp\/v2\/media\/2929"}],"wp:attachment":[{"href":"https:\/\/bibliotecajuridicavirtual.cl\/index.php\/wp-json\/wp\/v2\/media?parent=2880"}],"wp:term":[{"taxonomy":"product_brand","embeddable":true,"href":"https:\/\/bibliotecajuridicavirtual.cl\/index.php\/wp-json\/wp\/v2\/product_brand?post=2880"},{"taxonomy":"product_cat","embeddable":true,"href":"https:\/\/bibliotecajuridicavirtual.cl\/index.php\/wp-json\/wp\/v2\/product_cat?post=2880"},{"taxonomy":"product_tag","embeddable":true,"href":"https:\/\/bibliotecajuridicavirtual.cl\/index.php\/wp-json\/wp\/v2\/product_tag?post=2880"}],"curies":[{"name":"wp","href":"https:\/\/api.w.org\/{rel}","templated":true}]}}