{"id":2882,"date":"2026-02-28T01:06:52","date_gmt":"2026-02-28T04:06:52","guid":{"rendered":"https:\/\/bibliotecajuridicavirtual.cl\/?post_type=product&#038;p=2882"},"modified":"2026-02-28T01:07:19","modified_gmt":"2026-02-28T04:07:19","slug":"explicaciones-de-derecho-civil-chileno-y-comparado-8-volumenes-autor-luis-claro-solar","status":"publish","type":"product","link":"https:\/\/bibliotecajuridicavirtual.cl\/index.php\/product\/explicaciones-de-derecho-civil-chileno-y-comparado-8-volumenes-autor-luis-claro-solar\/","title":{"rendered":"Explicaciones de Derecho Civil Chileno y Comparado &#8211; 8 Vol\u00famenes &#8211; Autor Luis Claro Solar"},"content":{"rendered":"<hr \/>\n<p>Por construir un tratado fundamental en el desarrollo y estudio de nuestro Derecho Privado, en el a\u00f1o 1978, Editorial Jur\u00eddica De Chile\u00a0 tuvo el orgullo de publicar una edici\u00f3n facsimilar\u00a0 de esta obra.<\/p>\n<p>Se ha publicado est\u00e1 nueva edici\u00f3n, est\u00e1 vez con el texto en tipograf\u00eda moderna, en casi 9.000 p\u00e1ginas, con encuadernaci\u00f3n de lujo en tapa dura.<\/p>\n<p>VOLUMEN I<br \/>\nDe\u00a0las Personas<\/p>\n<p>VOLUMEN II<br \/>\nDe\u00a0las Personas<\/p>\n<p>VOLUMEN III<br \/>\nDe los Bienes<\/p>\n<p>VOLUMEN IV<br \/>\nDe los Bienes<\/p>\n<p>VOLUMEN V<br \/>\nDe\u00a0las Obligaciones<\/p>\n<p>VOLUMEN VI<br \/>\nDe\u00a0las Obligaciones<\/p>\n<p>VOLUMEN VII<br \/>\nDe la Sucesi\u00f3n<\/p>\n<p>VOLUMEN VIII<br \/>\nDe la Sucesi\u00f3n\u00a0por Causa de Muerte y de la Prescripci\u00f3n.<\/p>\n<p>&nbsp;<\/p>\n<p>&nbsp;<\/p>\n","protected":false},"excerpt":{"rendered":"<p>Empaste de Lujo. A\u00f1o 1978 \/ 9.000 P\u00e1g .<\/p>\n<p>Vis\u00edtanos en www.bibliotecajuridicavirtual.cl<br \/>\nEscr\u00edbenos al +56930565235<br \/>\nHacemos env\u00edos a todo Chile &#8211; Starken o Correos Chile \/ Te esperamos.<\/p>\n","protected":false},"featured_media":2931,"comment_status":"open","ping_status":"closed","template":"","meta":{"inline_featured_image":false,"_joinchat":[]},"product_brand":[],"product_cat":[27,57],"product_tag":[],"class_list":{"0":"post-2882","1":"product","2":"type-product","3":"status-publish","4":"has-post-thumbnail","6":"product_cat-civil","7":"product_cat-editorial-juridica-de-chile","8":"product_shipping_class-a-convenir","10":"first","11":"instock","12":"shipping-taxable","13":"purchasable","14":"product-type-simple"},"_links":{"self":[{"href":"https:\/\/bibliotecajuridicavirtual.cl\/index.php\/wp-json\/wp\/v2\/product\/2882","targetHints":{"allow":["GET"]}}],"collection":[{"href":"https:\/\/bibliotecajuridicavirtual.cl\/index.php\/wp-json\/wp\/v2\/product"}],"about":[{"href":"https:\/\/bibliotecajuridicavirtual.cl\/index.php\/wp-json\/wp\/v2\/types\/product"}],"replies":[{"embeddable":true,"href":"https:\/\/bibliotecajuridicavirtual.cl\/index.php\/wp-json\/wp\/v2\/comments?post=2882"}],"wp:featuredmedia":[{"embeddable":true,"href":"https:\/\/bibliotecajuridicavirtual.cl\/index.php\/wp-json\/wp\/v2\/media\/2931"}],"wp:attachment":[{"href":"https:\/\/bibliotecajuridicavirtual.cl\/index.php\/wp-json\/wp\/v2\/media?parent=2882"}],"wp:term":[{"taxonomy":"product_brand","embeddable":true,"href":"https:\/\/bibliotecajuridicavirtual.cl\/index.php\/wp-json\/wp\/v2\/product_brand?post=2882"},{"taxonomy":"product_cat","embeddable":true,"href":"https:\/\/bibliotecajuridicavirtual.cl\/index.php\/wp-json\/wp\/v2\/product_cat?post=2882"},{"taxonomy":"product_tag","embeddable":true,"href":"https:\/\/bibliotecajuridicavirtual.cl\/index.php\/wp-json\/wp\/v2\/product_tag?post=2882"}],"curies":[{"name":"wp","href":"https:\/\/api.w.org\/{rel}","templated":true}]}}