{"id":2884,"date":"2026-02-28T01:06:52","date_gmt":"2026-02-28T04:06:52","guid":{"rendered":"https:\/\/bibliotecajuridicavirtual.cl\/?post_type=product&#038;p=2884"},"modified":"2026-02-28T01:07:21","modified_gmt":"2026-02-28T04:07:21","slug":"responsabilidad-extracontractual-de-la-administracion-del-estado-ano-2018-276-pag-autor-luis-cordero-vega","status":"publish","type":"product","link":"https:\/\/bibliotecajuridicavirtual.cl\/index.php\/product\/responsabilidad-extracontractual-de-la-administracion-del-estado-ano-2018-276-pag-autor-luis-cordero-vega\/","title":{"rendered":"Responsabilidad Extracontractual de la Administraci\u00f3n del Estado. A\u00f1o 2018\/276 P\u00e1g. Autor Luis Cordero  Vega"},"content":{"rendered":"<p>Esta obra constituye un documento destinado al estudio de la responsabilidad patrimonial de la Administraci\u00f3n del Estado, realizando un an\u00e1lisis conceptual y jurisprudencial de lo que ha sucedido en el sistema institucional chileno, poniendo especial \u00e9nfasis en los est\u00e1ndares desarrollados por la Corte Suprema en las \u00faltimas d\u00e9cadas para resolver estos asuntos.<\/p>\n<p>Metodol\u00f3gicamente, el texto est\u00e1 ordenado por par\u00e1grafos que permiten realizar un seguimiento ordenado de las materias objeto de estudio, as\u00ed como su actualizaci\u00f3n futura.<\/p>\n<p>La publicaci\u00f3n contiene un anexo jurisprudencial destinado a conocer la jurisprudencia m\u00e1s relevante en materia de responsabilidad del Estado desde el a\u00f1o 1908, en una estructura de notas breves que explican por qu\u00e9 esas decisiones son relevantes hasta hoy.<\/p>\n<p>Contiene: Glosario, Preguntas y respuestas y Bibliograf\u00eda.<\/p>\n<p>&nbsp;<\/p>\n","protected":false},"excerpt":{"rendered":"<p>Esta obra constituye un documento destinado al estudio de la responsabilidad patrimonial de la Administraci\u00f3n del Estado, realizando un an\u00e1lisis conceptual y jurisprudencial de lo que ha sucedido en el sistema institucional chileno, poniendo especial \u00e9nfasis en los est\u00e1ndares desarrollados por la Corte Suprema en las \u00faltimas d\u00e9cadas para resolver estos asuntos. Metodol\u00f3gicamente, el texto est\u00e1 ordenado por par\u00e1grafos que permiten realizar un seguimiento ordenado de las materias objeto de estudio, as\u00ed como su actualizaci\u00f3n futura. La publicaci\u00f3n contiene un anexo jurisprudencial destinado a conocer la jurisprudencia m\u00e1s relevante en materia de responsabilidad del Estado desde el a\u00f1o 1908, en una estructura de notas breves que explican por qu\u00e9 esas decisiones son relevantes hasta hoy. Contiene: Glosario, Preguntas y respuestas y Bibliograf\u00eda. &nbsp;<\/p>\n","protected":false},"featured_media":2933,"comment_status":"open","ping_status":"closed","template":"","meta":{"inline_featured_image":false,"_joinchat":[]},"product_brand":[],"product_cat":[45,38],"product_tag":[],"class_list":{"0":"post-2884","1":"product","2":"type-product","3":"status-publish","4":"has-post-thumbnail","6":"product_cat-administrativo","7":"product_cat-editorial-der-ediciones","8":"product_shipping_class-a-convenir","10":"first","11":"instock","12":"shipping-taxable","13":"purchasable","14":"product-type-simple"},"_links":{"self":[{"href":"https:\/\/bibliotecajuridicavirtual.cl\/index.php\/wp-json\/wp\/v2\/product\/2884","targetHints":{"allow":["GET"]}}],"collection":[{"href":"https:\/\/bibliotecajuridicavirtual.cl\/index.php\/wp-json\/wp\/v2\/product"}],"about":[{"href":"https:\/\/bibliotecajuridicavirtual.cl\/index.php\/wp-json\/wp\/v2\/types\/product"}],"replies":[{"embeddable":true,"href":"https:\/\/bibliotecajuridicavirtual.cl\/index.php\/wp-json\/wp\/v2\/comments?post=2884"}],"wp:featuredmedia":[{"embeddable":true,"href":"https:\/\/bibliotecajuridicavirtual.cl\/index.php\/wp-json\/wp\/v2\/media\/2933"}],"wp:attachment":[{"href":"https:\/\/bibliotecajuridicavirtual.cl\/index.php\/wp-json\/wp\/v2\/media?parent=2884"}],"wp:term":[{"taxonomy":"product_brand","embeddable":true,"href":"https:\/\/bibliotecajuridicavirtual.cl\/index.php\/wp-json\/wp\/v2\/product_brand?post=2884"},{"taxonomy":"product_cat","embeddable":true,"href":"https:\/\/bibliotecajuridicavirtual.cl\/index.php\/wp-json\/wp\/v2\/product_cat?post=2884"},{"taxonomy":"product_tag","embeddable":true,"href":"https:\/\/bibliotecajuridicavirtual.cl\/index.php\/wp-json\/wp\/v2\/product_tag?post=2884"}],"curies":[{"name":"wp","href":"https:\/\/api.w.org\/{rel}","templated":true}]}}