{"id":2887,"date":"2026-02-28T01:06:52","date_gmt":"2026-02-28T04:06:52","guid":{"rendered":"https:\/\/bibliotecajuridicavirtual.cl\/?post_type=product&#038;p=2887"},"modified":"2026-02-28T01:07:24","modified_gmt":"2026-02-28T04:07:24","slug":"cuantificacion-del-dano-moral-de-los-consumidores-tendencias-y-sentencias-ano-2019-396-autor-juan-ignacio-contardo-gonzales-y-hernan-felipe-cortez-lopez","status":"publish","type":"product","link":"https:\/\/bibliotecajuridicavirtual.cl\/index.php\/product\/cuantificacion-del-dano-moral-de-los-consumidores-tendencias-y-sentencias-ano-2019-396-autor-juan-ignacio-contardo-gonzales-y-hernan-felipe-cortez-lopez\/","title":{"rendered":"Cuantificacion del Da\u00f1o Moral De los Consumidores &#8211;  Tendencias y Sentencias. A\u00f1o 2019\/396. Autor  Juan Ignacio Contardo Gonzales y Hern\u00e1n Felipe Cortez L\u00f3pez"},"content":{"rendered":"<p>Este libro da cuenta del estado de los fallos en el per\u00edodo que media entre los a\u00f1os 2014 a 2018 sobre da\u00f1o moral en juicios de protecci\u00f3n al consumidor.<\/p>\n<p>La primera parte de este trabajo incorpora tres estudios introductorios que exploran la procedencia y l\u00edmites de esta partida indemnizatoria, explicando distintos aspectos relevantes.<br \/>\nEn la segunda parte, se incluye una selecci\u00f3n de sentencias presentadas de forma resumida con el objetivo de exponer los supuestos de hecho alegados, el fundamento de los tribunales para acoger o rechazar la indemnizaci\u00f3n solicitada a t\u00edtulo de da\u00f1o moral y el monto otorgado para su reparaci\u00f3n, adem\u00e1s de un an\u00e1lisis de la informaci\u00f3n estad\u00edstica m\u00e1s relevante que puede ser extra\u00edda de estos casos.<br \/>\nFinalmente, se ofrecen diversos \u00edndices con el objetivo de facilitar la b\u00fasqueda de los fallos, y cuadros que exponen los montos otorgados a t\u00edtulo de da\u00f1o moral en atenci\u00f3n a los mercados y temas en que han sido clasificadas las sentencias incluidas en la segunda parte de este trabajo.<br \/>\nLa investigaci\u00f3n que permiti\u00f3 dar lugar a este libro es fruto de a\u00f1os de trabajo compartido entre los directores e integrantes de la Academia de Derecho y Consumo de la Universidad Diego Portales, la cual es parte de la Fundaci\u00f3n Fernando Fueyo de la misma casa de estudios.<\/p>\n<p>&nbsp;<\/p>\n","protected":false},"excerpt":{"rendered":"<p>Este libro da cuenta del estado de los fallos en el per\u00edodo que media entre los a\u00f1os 2014 a 2018 sobre da\u00f1o moral en juicios de protecci\u00f3n al consumidor. La primera parte de este trabajo incorpora tres estudios introductorios que exploran la procedencia y l\u00edmites de esta partida indemnizatoria, explicando distintos aspectos relevantes. En la segunda parte, se incluye una selecci\u00f3n de sentencias presentadas de forma resumida con el objetivo de exponer los supuestos de hecho alegados, el fundamento de los tribunales para acoger o rechazar la indemnizaci\u00f3n solicitada a t\u00edtulo de da\u00f1o moral y el monto otorgado para su reparaci\u00f3n, adem\u00e1s de un an\u00e1lisis de la informaci\u00f3n estad\u00edstica m\u00e1s relevante que puede ser extra\u00edda de estos casos. Finalmente, se ofrecen diversos \u00edndices con el objetivo de facilitar la b\u00fasqueda de los fallos, y cuadros que exponen los montos otorgados a t\u00edtulo de da\u00f1o moral en atenci\u00f3n a los mercados y temas en que han sido clasificadas las sentencias incluidas en la segunda parte de este trabajo. La investigaci\u00f3n que permiti\u00f3 dar lugar a este libro es fruto de a\u00f1os de trabajo compartido entre los directores e integrantes de la Academia de Derecho y Consumo de la Universidad Diego Portales, la cual es parte de la Fundaci\u00f3n Fernando Fueyo de la misma casa de estudios. &nbsp;<\/p>\n","protected":false},"featured_media":2936,"comment_status":"open","ping_status":"closed","template":"","meta":{"inline_featured_image":false,"_joinchat":[]},"product_brand":[],"product_cat":[27,38],"product_tag":[],"class_list":{"0":"post-2887","1":"product","2":"type-product","3":"status-publish","4":"has-post-thumbnail","6":"product_cat-civil","7":"product_cat-editorial-der-ediciones","8":"product_shipping_class-a-convenir","10":"first","11":"instock","12":"shipping-taxable","13":"purchasable","14":"product-type-simple"},"_links":{"self":[{"href":"https:\/\/bibliotecajuridicavirtual.cl\/index.php\/wp-json\/wp\/v2\/product\/2887","targetHints":{"allow":["GET"]}}],"collection":[{"href":"https:\/\/bibliotecajuridicavirtual.cl\/index.php\/wp-json\/wp\/v2\/product"}],"about":[{"href":"https:\/\/bibliotecajuridicavirtual.cl\/index.php\/wp-json\/wp\/v2\/types\/product"}],"replies":[{"embeddable":true,"href":"https:\/\/bibliotecajuridicavirtual.cl\/index.php\/wp-json\/wp\/v2\/comments?post=2887"}],"wp:featuredmedia":[{"embeddable":true,"href":"https:\/\/bibliotecajuridicavirtual.cl\/index.php\/wp-json\/wp\/v2\/media\/2936"}],"wp:attachment":[{"href":"https:\/\/bibliotecajuridicavirtual.cl\/index.php\/wp-json\/wp\/v2\/media?parent=2887"}],"wp:term":[{"taxonomy":"product_brand","embeddable":true,"href":"https:\/\/bibliotecajuridicavirtual.cl\/index.php\/wp-json\/wp\/v2\/product_brand?post=2887"},{"taxonomy":"product_cat","embeddable":true,"href":"https:\/\/bibliotecajuridicavirtual.cl\/index.php\/wp-json\/wp\/v2\/product_cat?post=2887"},{"taxonomy":"product_tag","embeddable":true,"href":"https:\/\/bibliotecajuridicavirtual.cl\/index.php\/wp-json\/wp\/v2\/product_tag?post=2887"}],"curies":[{"name":"wp","href":"https:\/\/api.w.org\/{rel}","templated":true}]}}