{"id":2908,"date":"2026-02-28T01:07:13","date_gmt":"2026-02-28T04:07:13","guid":{"rendered":"https:\/\/bibliotecajuridicavirtual.cl\/?post_type=product&#038;p=2908"},"modified":"2026-02-28T01:07:26","modified_gmt":"2026-02-28T04:07:26","slug":"control-preventivo-de-clausulas-abusivas-ano-2018-264-pag-autor-maria-elisa-morales-ortiz","status":"publish","type":"product","link":"https:\/\/bibliotecajuridicavirtual.cl\/index.php\/product\/control-preventivo-de-clausulas-abusivas-ano-2018-264-pag-autor-maria-elisa-morales-ortiz\/","title":{"rendered":"Control Preventivo de Cl\u00e1usulas Abusivas. A\u00f1o 2018\/ 264 P\u00e1g. Autor Maria Elisa Morales Ortiz"},"content":{"rendered":"<p>Esta obra busca demostrar que un mecanismo de control preventivo fuerte de cl\u00e1usulas abusivas, complementario del control represivo, logra la protecci\u00f3n de los derechos de los consumidores frente a este tipo de transgresiones.<br \/>\nEspec\u00edficamente, la publicaci\u00f3n busca:<br \/>\ni. Definir el contenido del principio de protecci\u00f3n de los consumidores y precisar c\u00f3mo este es transgredido por las cl\u00e1usulas abusivas.<br \/>\nii. Caracterizar y sistematizar los diferentes mecanismos de control de cl\u00e1usulas abusivas.<br \/>\niii. Describir c\u00f3mo se ha regulado el control de cl\u00e1usulas abusivas en el ordenamiento jur\u00eddico chileno e identificar algunos de los mecanismos de control de cl\u00e1usulas abusivas que operan o podr\u00edan operar como tales en \u00e9l.<br \/>\niv. Describir c\u00f3mo se ha regulado el control de cl\u00e1usulas abusivas en el ordenamiento jur\u00eddico ingl\u00e9s con especial \u00e9nfasis en el control preventivo y, en base a ello, caracterizar un control preventivo fuerte de cl\u00e1usulas abusivas.<br \/>\nv. Comparar el control preventivo chileno con el ingl\u00e9s y, a partir de esa comparaci\u00f3n, proponer el perfeccionamiento del control preventivo de cl\u00e1usulas abusivas existente en nuestro ordenamiento.<br \/>\nTal como lo se\u00f1ala el profesor Rodrigo Momberg Uribe, la obra de Mar\u00eda Elisa Morales Ortiz, que es producto de su tesis doctoral, \u201cpresenta de manera espl\u00e9ndida un aspecto que, pese a su relevancia, no hab\u00eda sido mayormente tratado por la doctrina nacional, la cual se ha concentrado principalmente en los aspectos sustantivos de las cl\u00e1usulas abusivas en los contratos de adhesi\u00f3n.<br \/>\nLa obra se centra en el an\u00e1lisis de los mecanismos de control de las cl\u00e1usulas abusivas, examinando las tipolog\u00edas que usualmente se han indicado para tal efecto, pero tambi\u00e9n proponiendo una revisi\u00f3n de las mismas y, lo m\u00e1s importante, una alternativa plausible de regulaci\u00f3n para nuestro ordenamiento.<br \/>\nPara estos efectos, luego de un detallado an\u00e1lisis del principio de protecci\u00f3n de los consumidores y su relaci\u00f3n con el control de las cl\u00e1usulas abusivas, la obra efect\u00faa una comparaci\u00f3n entre el sistema jur\u00eddico chileno y el sistema ingl\u00e9s en esta materia\u201d.<\/p>\n","protected":false},"excerpt":{"rendered":"<p>Esta obra busca demostrar que un mecanismo de control preventivo fuerte de cl\u00e1usulas abusivas, complementario del control represivo, logra la protecci\u00f3n de los derechos de los consumidores frente a este tipo de transgresiones. Espec\u00edficamente, la publicaci\u00f3n busca: i. Definir el contenido del principio de protecci\u00f3n de los consumidores y precisar c\u00f3mo este es transgredido por las cl\u00e1usulas abusivas. ii. Caracterizar y sistematizar los diferentes mecanismos de control de cl\u00e1usulas abusivas. iii. Describir c\u00f3mo se ha regulado el control de cl\u00e1usulas abusivas en el ordenamiento jur\u00eddico chileno e identificar algunos de los mecanismos de control de cl\u00e1usulas abusivas que operan o podr\u00edan operar como tales en \u00e9l. iv. Describir c\u00f3mo se ha regulado el control de cl\u00e1usulas abusivas en el ordenamiento jur\u00eddico ingl\u00e9s con especial \u00e9nfasis en el control preventivo y, en base a ello, caracterizar un control preventivo fuerte de cl\u00e1usulas abusivas. v. Comparar el control preventivo chileno con el ingl\u00e9s y, a partir de esa comparaci\u00f3n, proponer el perfeccionamiento del control preventivo de cl\u00e1usulas abusivas existente en nuestro ordenamiento. Tal como lo se\u00f1ala el profesor Rodrigo Momberg Uribe, la obra de Mar\u00eda Elisa Morales Ortiz, que es producto de su tesis doctoral, \u201cpresenta de manera espl\u00e9ndida un aspecto que, pese a su relevancia, no hab\u00eda sido mayormente tratado por la doctrina nacional, la cual se ha concentrado principalmente en los aspectos sustantivos de las cl\u00e1usulas abusivas en los contratos de adhesi\u00f3n. La obra se centra en el an\u00e1lisis de los mecanismos de control de las cl\u00e1usulas abusivas, examinando las tipolog\u00edas que usualmente se han indicado para tal efecto, pero tambi\u00e9n proponiendo una revisi\u00f3n de las mismas y, lo m\u00e1s importante, una alternativa plausible de regulaci\u00f3n para nuestro ordenamiento. Para estos efectos, luego de un detallado an\u00e1lisis del principio de protecci\u00f3n de los consumidores y su relaci\u00f3n con el control de las cl\u00e1usulas abusivas, la obra efect\u00faa una comparaci\u00f3n entre el sistema jur\u00eddico chileno y el sistema ingl\u00e9s en esta materia\u201d.<\/p>\n","protected":false},"featured_media":2938,"comment_status":"open","ping_status":"closed","template":"","meta":{"inline_featured_image":false,"_joinchat":[]},"product_brand":[],"product_cat":[27,38],"product_tag":[],"class_list":{"0":"post-2908","1":"product","2":"type-product","3":"status-publish","4":"has-post-thumbnail","6":"product_cat-civil","7":"product_cat-editorial-der-ediciones","8":"product_shipping_class-a-convenir","10":"first","11":"instock","12":"shipping-taxable","13":"purchasable","14":"product-type-simple"},"_links":{"self":[{"href":"https:\/\/bibliotecajuridicavirtual.cl\/index.php\/wp-json\/wp\/v2\/product\/2908","targetHints":{"allow":["GET"]}}],"collection":[{"href":"https:\/\/bibliotecajuridicavirtual.cl\/index.php\/wp-json\/wp\/v2\/product"}],"about":[{"href":"https:\/\/bibliotecajuridicavirtual.cl\/index.php\/wp-json\/wp\/v2\/types\/product"}],"replies":[{"embeddable":true,"href":"https:\/\/bibliotecajuridicavirtual.cl\/index.php\/wp-json\/wp\/v2\/comments?post=2908"}],"wp:featuredmedia":[{"embeddable":true,"href":"https:\/\/bibliotecajuridicavirtual.cl\/index.php\/wp-json\/wp\/v2\/media\/2938"}],"wp:attachment":[{"href":"https:\/\/bibliotecajuridicavirtual.cl\/index.php\/wp-json\/wp\/v2\/media?parent=2908"}],"wp:term":[{"taxonomy":"product_brand","embeddable":true,"href":"https:\/\/bibliotecajuridicavirtual.cl\/index.php\/wp-json\/wp\/v2\/product_brand?post=2908"},{"taxonomy":"product_cat","embeddable":true,"href":"https:\/\/bibliotecajuridicavirtual.cl\/index.php\/wp-json\/wp\/v2\/product_cat?post=2908"},{"taxonomy":"product_tag","embeddable":true,"href":"https:\/\/bibliotecajuridicavirtual.cl\/index.php\/wp-json\/wp\/v2\/product_tag?post=2908"}],"curies":[{"name":"wp","href":"https:\/\/api.w.org\/{rel}","templated":true}]}}