{"id":2910,"date":"2026-02-28T01:07:13","date_gmt":"2026-02-28T04:07:13","guid":{"rendered":"https:\/\/bibliotecajuridicavirtual.cl\/?post_type=product&#038;p=2910"},"modified":"2026-02-28T01:07:28","modified_gmt":"2026-02-28T04:07:28","slug":"boletin-de-jurisprudencia-de-responsabilidad-medica-n-1-cuantificacion-del-dano-naturaleza-monto-solicitado-y-concedido-ano-abril-2020-186-pag-autor-marco-antonio-fernandez-ponce","status":"publish","type":"product","link":"https:\/\/bibliotecajuridicavirtual.cl\/index.php\/product\/boletin-de-jurisprudencia-de-responsabilidad-medica-n-1-cuantificacion-del-dano-naturaleza-monto-solicitado-y-concedido-ano-abril-2020-186-pag-autor-marco-antonio-fernandez-ponce\/","title":{"rendered":"Boletin de Jurisprudencia de Responsabilidad Medica N 1 &#8211; Cuantificaci\u00f3n del Da\u00f1o -Naturaleza Monto Solicitado y Concedido. A\u00f1o Abril 2020\/ 186 P\u00e1g. Autor Marco Antonio Fern\u00e1ndez Ponce"},"content":{"rendered":"<p style=\"font-weight: 400;\">Este Bolet\u00edn de Jurisprudencia busca poner a disposici\u00f3n de la comunidad jur\u00eddica las sentencias que se dictaron por la Corte Suprema, durante el primer cuatrimestre del a\u00f1o 2019, en materia de responsabilidad m\u00e9dica.<\/p>\n<p>La ficha dise\u00f1ada para cada sentencia incluye los datos necesarios para la individualizaci\u00f3n del fallo, la referencia de los tribunales que conocieron de la causa, descriptores, normativa citada, s\u00edntesis de los hechos, an\u00e1lisis de las pretensiones y defensas de las partes, s\u00edntesis de los fallos de primera y segunda instancia y del pronunciamiento de la Corte Suprema.<\/p>\n<p>Se incluye, adem\u00e1s, un cuadro de cuantificaci\u00f3n del da\u00f1o (su naturaleza, monto solicitado y concedido).<\/p>\n<p>En el anexo del Bolet\u00edn se incluyen los pronunciamientos respectivos de la Corte Suprema.<\/p>\n<ol>\n<li style=\"font-weight: 400;\"><b><strong> FICHAS SENTENCIAS ENERO-ABRIL 2019<\/strong><\/b><\/li>\n<\/ol>\n<p style=\"font-weight: 400;\"><b><strong>FICHA 1. SERVICIO DEFECTUOSO EN CIRUG\u00cdA DE N\u00d3DULO MAMARIO<\/strong><\/b><\/p>\n<ol>\n<li style=\"font-weight: 400;\">S\u00edntesis\u00a0 de los fallos<\/li>\n<li style=\"font-weight: 400;\">Cuantificaci\u00f3n del da\u00f1o. Naturaleza. Monto solicitado y concedido<\/li>\n<\/ol>\n<p style=\"font-weight: 400;\"><b><strong>FICHA 2. FALLECIMIENTO DE PACIENTE TUVO COMO CAUSA DIRECTA Y NECESARIA LA ATENCI\u00d3N DEFECTUOSA PRESTADA EN EL COMPLEJO ASISTENCIAL<\/strong><\/b><\/p>\n<ol start=\"3\">\n<li style=\"font-weight: 400;\">S\u00edntesis\u00a0 de los fallos<\/li>\n<li style=\"font-weight: 400;\">Cuantificaci\u00f3n del da\u00f1o. Naturaleza. Monto solicitado y concedido<\/li>\n<\/ol>\n<p style=\"font-weight: 400;\"><b><strong><br \/>\nFICHA 3. MAL TRATAMIENTO ORIGINADO POR UN ERRADO DIAGN\u00d3STICO, TRAJO COMO CONSECUENCIA EL FALLECIMIENTO DEL PACIENTE<\/strong><\/b><\/p>\n<ol start=\"5\">\n<li style=\"font-weight: 400;\">S\u00edntesis\u00a0 de los fallos<\/li>\n<li style=\"font-weight: 400;\">Cuantificaci\u00f3n del da\u00f1o. Naturaleza , monto solicitado y concedido.<\/li>\n<\/ol>\n<p style=\"font-weight: 400;\"><b><strong>FICHA 4. FALTA DE VIGILANCIA MATERNO FETAL, TRAJO COMO CONSECUENCIA QUE RECIEN NACIDA SUFRIERA UNA ASFIXIA NEONATAL QUE LE PROVOC\u00d3 UN DA\u00d1O NEUROL\u00d3GICO IRRECUPERABLE\u00a0<\/strong><\/b><\/p>\n<ol start=\"7\">\n<li style=\"font-weight: 400;\">S\u00edntesis\u00a0 de los fallos<\/li>\n<li style=\"font-weight: 400;\">Cuantificaci\u00f3n del da\u00f1o. Naturaleza. Monto solicitado y concedido<\/li>\n<\/ol>\n<p style=\"font-weight: 400;\"><b><strong>FICHA 5. NO HABER ACTUADO CONFORME A LOS PROTOCOLOS M\u00c9DICOS, PROVOCA MUERTE DE BEBE<\/strong><\/b><\/p>\n<ol start=\"9\">\n<li style=\"font-weight: 400;\">S\u00edntesis\u00a0 de los fallos<\/li>\n<li style=\"font-weight: 400;\">Cuantificaci\u00f3n del da\u00f1o. Naturaleza. Monto solicitado y concedido<\/li>\n<\/ol>\n<p style=\"font-weight: 400;\"><b><strong>FICHA 6. NO HABER LLEVADO A CABO A CABO CON DILIGENCIA Y CUIDADO CIRUG\u00cdA, PROVOC\u00d3 QUE EN PACIENTE SE GENERARA UN TUMOR PRODUCTO DEL CUERPO EXTRA\u00d1O DEJADO EN SU ORGANISMO POR LOS PROFESIONALES A CARGO DE LA OPERACI\u00d3N<\/strong><\/b><\/p>\n<ol start=\"11\">\n<li style=\"font-weight: 400;\">S\u00edntesis\u00a0 de los fallos<\/li>\n<li style=\"font-weight: 400;\">Cuantificaci\u00f3n del da\u00f1o. Naturaleza. Monto solicitado y concedido<\/li>\n<\/ol>\n<p style=\"font-weight: 400;\"><b><strong>FICHA 7. NO ADMINISTRAR MEDICAMENTOS TRAE COMO CONSECUENCIA EL RETARDO EN LA SOLUCI\u00d3N TERAP\u00c9UTICA Y LA AMPUTACI\u00d3N DE UNA DE SUS EXTREMIDADES<\/strong><\/b><\/p>\n<ol start=\"13\">\n<li style=\"font-weight: 400;\">S\u00edntesis\u00a0 de los fallos<\/li>\n<li style=\"font-weight: 400;\">Cuantificaci\u00f3n del da\u00f1o. Naturaleza. Monto solicitado y concedido<\/li>\n<\/ol>\n<p style=\"font-weight: 400;\"><b><strong>FICHA 8. FALTA DE SERVICIO EN EMBARAZO DE ALTO RIESGO GENERA SECUELAS NEUROL\u00d3GICAS EN RECI\u00c9N NACIDO<\/strong><\/b><\/p>\n<ol start=\"15\">\n<li style=\"font-weight: 400;\">S\u00edntesis\u00a0 de los fallos<\/li>\n<li style=\"font-weight: 400;\">Cuantificaci\u00f3n del da\u00f1o. Naturaleza. Monto solicitado y concedido<\/li>\n<\/ol>\n<p style=\"font-weight: 400;\"><b><strong>FICHA 9. NO HABER PRESCRITO ANTICOAGULANTES AL PACIENTE EN EL MOMENTO DEL ALTA M\u00c9DICA PROVOCA SU FALLECIMIENTO<\/strong><\/b><\/p>\n<ol start=\"17\">\n<li style=\"font-weight: 400;\">S\u00edntesis\u00a0 de los fallos<\/li>\n<li style=\"font-weight: 400;\">Cuantificaci\u00f3n del da\u00f1o. Naturaleza. Monto solicitado y concedido<\/li>\n<\/ol>\n<p style=\"font-weight: 400;\"><b><strong>FICHA 10. SE INCURRE EN FALTA DE SERVICO AL NO EFECTUAR OPORTUNAMENTE LA CESAREA A\u00a0 PACIENTE QUE YA HAB\u00cdA SUPERADO LAS 40 SEMANAS DE GESTACI\u00d3N<\/strong><\/b><\/p>\n<ol start=\"19\">\n<li style=\"font-weight: 400;\">S\u00edntesis\u00a0 de los fallos<\/li>\n<li style=\"font-weight: 400;\">Cuantificaci\u00f3n del da\u00f1o. Naturaleza. Monto solicitado y concedido<\/li>\n<\/ol>\n<p style=\"font-weight: 400;\"><b><strong>FICHA 11. PACIENTE SUFRE UNA SERIE DE DESATENCIONES Y NEGLIGENCIAS, TANTO EN SU INTERNACI\u00d3N COMO EN LAS ALTAS QUE SE LE DIERON, EN LAS QUE ADQUIRI\u00d3 UNA INFECCI\u00d3N INTRAHOSPITALARIA<\/strong><\/b><\/p>\n<ol start=\"21\">\n<li style=\"font-weight: 400;\">S\u00edntesis\u00a0 de los fallos<\/li>\n<li style=\"font-weight: 400;\">Cuantificaci\u00f3n del da\u00f1o. Naturaleza. Monto solicitado y concedido<\/li>\n<\/ol>\n<p style=\"font-weight: 400;\"><b><strong>FICHA 12. NO HABER REALIZADO CONTROLES PREVIOS RESPECTO DE LOS EFECTOS COLATERALES ASOCIADOS AL F\u00c1RMACO SUMINISTRADO A MENOR Y LA ATENCI\u00d3N DEFICIENTE BRINDADA EN EL SERVICIO DE URGENCIA, TRAE COMO CONSECUENCIA FALLECIMIENTO<\/strong><\/b><\/p>\n<ol start=\"23\">\n<li style=\"font-weight: 400;\">S\u00edntesis\u00a0 de los fallos<\/li>\n<li style=\"font-weight: 400;\">Cuantificaci\u00f3n del da\u00f1o. Naturaleza. Monto solicitado y concedido<\/li>\n<li style=\"font-weight: 400;\"><b><strong> SENTENCIAS CORTE SUPREMA ENERO-ABRIL A\u00d1O 2019<\/strong><\/b>SENTENCIA 1. PAREJA CEBALLOS GISELLE KATIUS CON SERVICIO DE SALUD TALCAHUANO<\/li>\n<\/ol>\n<p style=\"font-weight: 400;\">SENTENCIA 2. SALAS SALAS MANUEL CIRO Y OTRO CON SERVICIO DE SALUD BIO BIO.<\/p>\n<p style=\"font-weight: 400;\">SENTENCIA 3. BAHAMONDE ALVAREZ ERICA Y OTROS SERVICIO DE SALUD CHILOE.<\/p>\n<p style=\"font-weight: 400;\">SENTENCIA 4. PARADA SALAS ELIZABETH CON HOSPITAL BASE DE LINARES<\/p>\n<p style=\"font-weight: 400;\">SENTENCIA 5. MARIO CRISTIAN TOLOSA LAHR (MARIA VERA CATALAN, CAMILO CELIS VASQUEZ Y CAMILO CELIS VERA) CON SERVICIO DE SALUD METROPOLITANO SUR.<\/p>\n<p style=\"font-weight: 400;\">SENTENCIA 6. GODOY CON HOSPITAL HEYERMANN DE ANGOL<\/p>\n<p style=\"font-weight: 400;\">SENTENCIA 7. LUNA LOPEZ ERIK CON SERVICIO DE SALUD DEL MAULE<\/p>\n<p style=\"font-weight: 400;\">SENTENCIA 8. VALD\u00c9S ROJAS MIRXY PAOLA Y OTROS CON SERVICIO DE SALUD ACONCAGUA<\/p>\n<p style=\"font-weight: 400;\">SENTENCIA 9. VERA L\u00d3PEZ JUAN DOMINGO Y OTRAS CON HOSPITAL SAN MARTIN DE QUILLOTA Y OTRA.<\/p>\n<p style=\"font-weight: 400;\">SENTENCIA 10. LOW NEGUE VIOLETA, ANDRADE LLANCALAHUE JUAN, ANDRADE LOW SOFIA CON SERVICIOS DE SALUD CHILOE\u00a0(HOSPITAL DE CASTRO)<\/p>\n<p style=\"font-weight: 400;\">SENTENCIA 11. MONTENCINO NAVARRETE PAMELA CON SERVICIO DE SALUD CONCEPCI\u00d3N.<\/p>\n<p style=\"font-weight: 400;\">SENTENCIA 12. LEAL LABRIN JORGE ARNALDO CON SERVICIO DE SALUD METROPOLITANO ORIENTE<\/p>\n","protected":false},"excerpt":{"rendered":"<p>Este Bolet\u00edn de Jurisprudencia busca poner a disposici\u00f3n de la comunidad jur\u00eddica las sentencias que se dictaron por la Corte Suprema, durante el primer cuatrimestre del a\u00f1o 2019, en materia de responsabilidad m\u00e9dica. La ficha dise\u00f1ada para cada sentencia incluye los datos necesarios para la individualizaci\u00f3n del fallo, la referencia de los tribunales que conocieron de la causa, descriptores, normativa citada, s\u00edntesis de los hechos, an\u00e1lisis de las pretensiones y defensas de las partes, s\u00edntesis de los fallos de primera y segunda instancia y del pronunciamiento de la Corte Suprema. Se incluye, adem\u00e1s, un cuadro de cuantificaci\u00f3n del da\u00f1o (su naturaleza, monto solicitado y concedido). En el anexo del Bolet\u00edn se incluyen los pronunciamientos respectivos de la Corte Suprema. FICHAS SENTENCIAS ENERO-ABRIL 2019 FICHA 1. SERVICIO DEFECTUOSO EN CIRUG\u00cdA DE N\u00d3DULO MAMARIO S\u00edntesis\u00a0 de los fallos Cuantificaci\u00f3n del da\u00f1o. Naturaleza. Monto solicitado y concedido FICHA 2. FALLECIMIENTO DE PACIENTE TUVO COMO CAUSA DIRECTA Y NECESARIA LA ATENCI\u00d3N DEFECTUOSA PRESTADA EN EL COMPLEJO ASISTENCIAL S\u00edntesis\u00a0 de los fallos Cuantificaci\u00f3n del da\u00f1o. Naturaleza. Monto solicitado y concedido FICHA 3. MAL TRATAMIENTO ORIGINADO POR UN ERRADO DIAGN\u00d3STICO, TRAJO COMO CONSECUENCIA EL FALLECIMIENTO DEL PACIENTE S\u00edntesis\u00a0 de los fallos Cuantificaci\u00f3n del da\u00f1o. Naturaleza , monto solicitado y concedido. FICHA 4. FALTA DE VIGILANCIA MATERNO FETAL, TRAJO COMO CONSECUENCIA QUE RECIEN NACIDA SUFRIERA UNA ASFIXIA NEONATAL QUE LE PROVOC\u00d3 UN DA\u00d1O NEUROL\u00d3GICO IRRECUPERABLE\u00a0 S\u00edntesis\u00a0 de los fallos Cuantificaci\u00f3n del da\u00f1o. Naturaleza. Monto solicitado y concedido FICHA 5. NO HABER ACTUADO CONFORME A LOS PROTOCOLOS M\u00c9DICOS, PROVOCA MUERTE DE BEBE S\u00edntesis\u00a0 de los fallos Cuantificaci\u00f3n del da\u00f1o. Naturaleza. Monto solicitado y concedido FICHA 6. NO HABER LLEVADO A CABO A CABO CON DILIGENCIA Y CUIDADO CIRUG\u00cdA, PROVOC\u00d3 QUE EN PACIENTE SE GENERARA UN TUMOR PRODUCTO DEL CUERPO EXTRA\u00d1O DEJADO EN SU ORGANISMO POR LOS PROFESIONALES A CARGO DE LA OPERACI\u00d3N S\u00edntesis\u00a0 de los fallos Cuantificaci\u00f3n del da\u00f1o. Naturaleza. Monto solicitado y concedido FICHA 7. NO ADMINISTRAR MEDICAMENTOS TRAE COMO CONSECUENCIA EL RETARDO EN LA SOLUCI\u00d3N TERAP\u00c9UTICA Y LA AMPUTACI\u00d3N DE UNA DE SUS EXTREMIDADES S\u00edntesis\u00a0 de los fallos Cuantificaci\u00f3n del da\u00f1o. Naturaleza. Monto solicitado y concedido FICHA 8. FALTA DE SERVICIO EN EMBARAZO DE ALTO RIESGO GENERA SECUELAS NEUROL\u00d3GICAS EN RECI\u00c9N NACIDO S\u00edntesis\u00a0 de los fallos Cuantificaci\u00f3n del da\u00f1o. Naturaleza. Monto solicitado y concedido FICHA 9. NO HABER PRESCRITO ANTICOAGULANTES AL PACIENTE EN EL MOMENTO DEL ALTA M\u00c9DICA PROVOCA SU FALLECIMIENTO S\u00edntesis\u00a0 de los fallos Cuantificaci\u00f3n del da\u00f1o. Naturaleza. Monto solicitado y concedido FICHA 10. SE INCURRE EN FALTA DE SERVICO AL NO EFECTUAR OPORTUNAMENTE LA CESAREA A\u00a0 PACIENTE QUE YA HAB\u00cdA SUPERADO LAS 40 SEMANAS DE GESTACI\u00d3N S\u00edntesis\u00a0 de los fallos Cuantificaci\u00f3n del da\u00f1o. Naturaleza. Monto solicitado y concedido FICHA 11. PACIENTE SUFRE UNA SERIE DE DESATENCIONES Y NEGLIGENCIAS, TANTO EN SU INTERNACI\u00d3N COMO EN LAS ALTAS QUE SE LE DIERON, EN LAS QUE ADQUIRI\u00d3 UNA INFECCI\u00d3N INTRAHOSPITALARIA S\u00edntesis\u00a0 de los fallos Cuantificaci\u00f3n del da\u00f1o. Naturaleza. Monto solicitado y concedido FICHA 12. NO HABER REALIZADO CONTROLES PREVIOS RESPECTO DE LOS EFECTOS COLATERALES ASOCIADOS AL F\u00c1RMACO SUMINISTRADO A MENOR Y LA ATENCI\u00d3N DEFICIENTE BRINDADA EN EL SERVICIO DE URGENCIA, TRAE COMO CONSECUENCIA FALLECIMIENTO S\u00edntesis\u00a0 de los fallos Cuantificaci\u00f3n del da\u00f1o. Naturaleza. Monto solicitado y concedido SENTENCIAS CORTE SUPREMA ENERO-ABRIL A\u00d1O 2019SENTENCIA 1. PAREJA CEBALLOS GISELLE KATIUS CON SERVICIO DE SALUD TALCAHUANO SENTENCIA 2. SALAS SALAS MANUEL CIRO Y OTRO CON SERVICIO DE SALUD BIO BIO. SENTENCIA 3. BAHAMONDE ALVAREZ ERICA Y OTROS SERVICIO DE SALUD CHILOE. SENTENCIA 4. PARADA SALAS ELIZABETH CON HOSPITAL BASE DE LINARES SENTENCIA 5. MARIO CRISTIAN TOLOSA LAHR (MARIA VERA CATALAN, CAMILO CELIS VASQUEZ Y CAMILO CELIS VERA) CON SERVICIO DE SALUD METROPOLITANO SUR. SENTENCIA 6. GODOY CON HOSPITAL HEYERMANN DE ANGOL SENTENCIA 7. LUNA LOPEZ ERIK CON SERVICIO DE SALUD DEL MAULE SENTENCIA 8. VALD\u00c9S ROJAS MIRXY PAOLA Y OTROS CON SERVICIO DE SALUD ACONCAGUA SENTENCIA 9. VERA L\u00d3PEZ JUAN DOMINGO Y OTRAS CON HOSPITAL SAN MARTIN DE QUILLOTA Y OTRA. SENTENCIA 10. LOW NEGUE VIOLETA, ANDRADE LLANCALAHUE JUAN, ANDRADE LOW SOFIA CON SERVICIOS DE SALUD CHILOE\u00a0(HOSPITAL DE CASTRO) SENTENCIA 11. MONTENCINO NAVARRETE PAMELA CON SERVICIO DE SALUD CONCEPCI\u00d3N. SENTENCIA 12. LEAL LABRIN JORGE ARNALDO CON SERVICIO DE SALUD METROPOLITANO ORIENTE<\/p>\n","protected":false},"featured_media":2940,"comment_status":"open","ping_status":"closed","template":"","meta":{"inline_featured_image":false,"_joinchat":[]},"product_brand":[],"product_cat":[27],"product_tag":[],"class_list":{"0":"post-2910","1":"product","2":"type-product","3":"status-publish","4":"has-post-thumbnail","6":"product_cat-civil","7":"product_shipping_class-a-convenir","9":"first","10":"instock","11":"shipping-taxable","12":"purchasable","13":"product-type-simple"},"_links":{"self":[{"href":"https:\/\/bibliotecajuridicavirtual.cl\/index.php\/wp-json\/wp\/v2\/product\/2910","targetHints":{"allow":["GET"]}}],"collection":[{"href":"https:\/\/bibliotecajuridicavirtual.cl\/index.php\/wp-json\/wp\/v2\/product"}],"about":[{"href":"https:\/\/bibliotecajuridicavirtual.cl\/index.php\/wp-json\/wp\/v2\/types\/product"}],"replies":[{"embeddable":true,"href":"https:\/\/bibliotecajuridicavirtual.cl\/index.php\/wp-json\/wp\/v2\/comments?post=2910"}],"wp:featuredmedia":[{"embeddable":true,"href":"https:\/\/bibliotecajuridicavirtual.cl\/index.php\/wp-json\/wp\/v2\/media\/2940"}],"wp:attachment":[{"href":"https:\/\/bibliotecajuridicavirtual.cl\/index.php\/wp-json\/wp\/v2\/media?parent=2910"}],"wp:term":[{"taxonomy":"product_brand","embeddable":true,"href":"https:\/\/bibliotecajuridicavirtual.cl\/index.php\/wp-json\/wp\/v2\/product_brand?post=2910"},{"taxonomy":"product_cat","embeddable":true,"href":"https:\/\/bibliotecajuridicavirtual.cl\/index.php\/wp-json\/wp\/v2\/product_cat?post=2910"},{"taxonomy":"product_tag","embeddable":true,"href":"https:\/\/bibliotecajuridicavirtual.cl\/index.php\/wp-json\/wp\/v2\/product_tag?post=2910"}],"curies":[{"name":"wp","href":"https:\/\/api.w.org\/{rel}","templated":true}]}}