{"id":2912,"date":"2026-02-28T01:07:13","date_gmt":"2026-02-28T04:07:13","guid":{"rendered":"https:\/\/bibliotecajuridicavirtual.cl\/?post_type=product&#038;p=2912"},"modified":"2026-02-28T01:07:31","modified_gmt":"2026-02-28T04:07:31","slug":"la-perdida-de-la-chance-en-la-responsabilidad-medica-doctrina-y-jurisprudencia-ano-enero-2022-128-pag-autor-florencia-blumel-araya","status":"publish","type":"product","link":"https:\/\/bibliotecajuridicavirtual.cl\/index.php\/product\/la-perdida-de-la-chance-en-la-responsabilidad-medica-doctrina-y-jurisprudencia-ano-enero-2022-128-pag-autor-florencia-blumel-araya\/","title":{"rendered":"La P\u00e9rdida de la Chance en la Responsabilidad M\u00e9dica &#8211; Doctrina y Jurisprudencia. A\u00f1o Enero 2022\/ 128 P\u00e1g. Autor Florencia Bl\u00fcmel Araya"},"content":{"rendered":"<p style=\"font-weight: 400;\">La p\u00e9rdida de una chance es una de las nociones m\u00e1s utilizadas por la jurisprudencia en los \u00faltimos a\u00f1os. Sobre todo, ha adquirido un rol protag\u00f3nico en los casos de responsabilidad m\u00e9dico- sanitaria, donde ha sido utilizada para casos en los que no se tiene seguridad si el acceso a un tratamiento m\u00e9dico pod\u00eda curar o incluso salvar la vida del paciente, pero s\u00ed se sabe que exist\u00edan buenas posibilidades de que eso sucediera si no hubiese concurrido la acci\u00f3n negligente. Sin embargo, el uso de la noci\u00f3n est\u00e1 lejos de ser pac\u00edfico y, actualmente, su aplicaci\u00f3n genera m\u00e1s preguntas que respuestas.<\/p>\n<p style=\"font-weight: 400;\">Este libro tiene como objetivo revisar la forma en que los tribunales superiores est\u00e1n incorporando la noci\u00f3n a sus decisiones, con la finalidad de contribuir a la sistematizaci\u00f3n de la misma al interior de nuestro ordenamiento jur\u00eddico.<\/p>\n<p style=\"font-weight: 400;\">\n<p style=\"font-weight: 400;\"><b><strong>CAP\u00cdTULO I<\/strong><\/b><br \/>\n<b><strong>PANORAMA DE LA CUESTI\u00d3N DE LA P\u00c9RDIDA DE UNA CHANCE<\/strong><\/b><\/p>\n<ol>\n<li style=\"font-weight: 400;\">Los or\u00edgenes de la figura y los modelos de operaci\u00f3n<br \/>\n1.1. La p\u00e9rdida de una chance: una criatura jurisprudencial<br \/>\n1.2. Modelos de operaci\u00f3n en el derecho comparado<\/li>\n<li style=\"font-weight: 400;\">La noci\u00f3n de la p\u00e9rdida de una chance en Chile<br \/>\n2.1. \u00c1mbito de aplicaci\u00f3n: desde la p\u00e9rdida de oportunidad de negocios a la p\u00e9rdida de oportunidad de un juicio justo<br \/>\n2.2. La recepci\u00f3n dogm\u00e1tica: la p\u00e9rdida de una chance como da\u00f1o, como herramienta de facilitaci\u00f3n probatoria de la causalidad, y la postura ecl\u00e9ctica<\/li>\n<\/ol>\n<p style=\"font-weight: 400;\"><b><strong>CAP\u00cdTULO II<\/strong><\/b><br \/>\n<b><strong>LA P\u00c9RDIDA DE UNA CHANCE DE SANAR O SOBREVIVIR EN CHILE<\/strong><\/b><\/p>\n<ol>\n<li style=\"font-weight: 400;\">Los desarrollos conceptuales de la doctrina y la jurisprudencia<br \/>\n1.1. En la doctrina: un debate en ciernes<br \/>\n1.1.1. La p\u00e9rdida de la chance de sanar o sobrevivir: una preocupaci\u00f3n reciente<br \/>\n1.1.2. Una sistematizaci\u00f3n inicial: algunas definiciones para el debate<br \/>\na) Sobre el problema que viene a resolver la p\u00e9rdida de una chance en el \u00e1mbito m\u00e9dico<br \/>\nb) Sobre la aceptaci\u00f3n o rechazo de la p\u00e9rdida de una chance como remedio ante la incertidumbre probatoria<\/li>\n<li style=\"font-weight: 400;\">En la jurisprudencia: un tratamiento poco diferenciado<br \/>\n2.1. La p\u00e9rdida de chance como remedio de amplio espectro<br \/>\n2.1.1. Casos con bajas probabilidades de que el acto m\u00e9dico haya causado el da\u00f1o<br \/>\n2.1.2. Casos con altas probabilidades de que el acto m\u00e9dico haya causado el da\u00f1o<br \/>\n2.2. La legitimaci\u00f3n activa tambi\u00e9n es amplia<br \/>\n2.2.1. Casos en que se indemniza a las v\u00edctimas directas<br \/>\n2.2.2. Casos en que se indemniza a las v\u00edctimas indirectas<br \/>\n2.3. El an\u00e1lisis de la jurisprudencia no da cuenta de una comprensi\u00f3n aut\u00f3noma de la p\u00e9rdida de una chance como da\u00f1o<br \/>\n2.3.1. Generalmente se indemniza bajo la categor\u00eda del da\u00f1o moral<br \/>\n2.3.2. No se aprecia una reducci\u00f3n considerable de la indemnizaci\u00f3n<\/li>\n<\/ol>\n<p style=\"font-weight: 400;\"><b><strong>CAP\u00cdTULO III<\/strong><\/b><br \/>\n<b><strong>ALGUNOS PROBLEMAS Y DESAF\u00cdOS DE LA P\u00c9RDIDA DE LA CHANCE EN EL ACTUAL CONTEXTO JURISPRUDENCIAL<\/strong><\/b><\/p>\n<ol>\n<li style=\"font-weight: 400;\">Problemas relacionados con la indefinici\u00f3n del umbral de probabilidades<br \/>\n1.1. El problema de la infra-cobertura sistem\u00e1tica de da\u00f1os en casos m\u00e9dicos<br \/>\n1.2. El problema de la funci\u00f3n de la indemnizaci\u00f3n por p\u00e9rdida de una chance<br \/>\n1.3. El problema de la desigualdad de trato de los pacientes ante la ley<\/li>\n<li style=\"font-weight: 400;\">Problemas relacionados con la falta de ajuste de las indemnizaciones por p\u00e9rdida de una chance y su comprensi\u00f3n dentro de la categor\u00eda del da\u00f1o moral<br \/>\n2.1. El problema de la inconsistencia con el principal efecto de la formulaci\u00f3n te\u00f3rica de la p\u00e9rdida de una chance<br \/>\n2.2. El problema de la indefensi\u00f3n relacionado con la indemnizaci\u00f3n a t\u00edtulo de da\u00f1o moral<br \/>\n2.3. El problema de la sobre-indemnizaci\u00f3n en casos de bajas probabilidades<\/li>\n<\/ol>\n","protected":false},"excerpt":{"rendered":"<p>La p\u00e9rdida de una chance es una de las nociones m\u00e1s utilizadas por la jurisprudencia en los \u00faltimos a\u00f1os. Sobre todo, ha adquirido un rol protag\u00f3nico en los casos de responsabilidad m\u00e9dico- sanitaria, donde ha sido utilizada para casos en los que no se tiene seguridad si el acceso a un tratamiento m\u00e9dico pod\u00eda curar o incluso salvar la vida del paciente, pero s\u00ed se sabe que exist\u00edan buenas posibilidades de que eso sucediera si no hubiese concurrido la acci\u00f3n negligente. Sin embargo, el uso de la noci\u00f3n est\u00e1 lejos de ser pac\u00edfico y, actualmente, su aplicaci\u00f3n genera m\u00e1s preguntas que respuestas. Este libro tiene como objetivo revisar la forma en que los tribunales superiores est\u00e1n incorporando la noci\u00f3n a sus decisiones, con la finalidad de contribuir a la sistematizaci\u00f3n de la misma al interior de nuestro ordenamiento jur\u00eddico. CAP\u00cdTULO I PANORAMA DE LA CUESTI\u00d3N DE LA P\u00c9RDIDA DE UNA CHANCE Los or\u00edgenes de la figura y los modelos de operaci\u00f3n 1.1. La p\u00e9rdida de una chance: una criatura jurisprudencial 1.2. Modelos de operaci\u00f3n en el derecho comparado La noci\u00f3n de la p\u00e9rdida de una chance en Chile 2.1. \u00c1mbito de aplicaci\u00f3n: desde la p\u00e9rdida de oportunidad de negocios a la p\u00e9rdida de oportunidad de un juicio justo 2.2. La recepci\u00f3n dogm\u00e1tica: la p\u00e9rdida de una chance como da\u00f1o, como herramienta de facilitaci\u00f3n probatoria de la causalidad, y la postura ecl\u00e9ctica CAP\u00cdTULO II LA P\u00c9RDIDA DE UNA CHANCE DE SANAR O SOBREVIVIR EN CHILE Los desarrollos conceptuales de la doctrina y la jurisprudencia 1.1. En la doctrina: un debate en ciernes 1.1.1. La p\u00e9rdida de la chance de sanar o sobrevivir: una preocupaci\u00f3n reciente 1.1.2. Una sistematizaci\u00f3n inicial: algunas definiciones para el debate a) Sobre el problema que viene a resolver la p\u00e9rdida de una chance en el \u00e1mbito m\u00e9dico b) Sobre la aceptaci\u00f3n o rechazo de la p\u00e9rdida de una chance como remedio ante la incertidumbre probatoria En la jurisprudencia: un tratamiento poco diferenciado 2.1. La p\u00e9rdida de chance como remedio de amplio espectro 2.1.1. Casos con bajas probabilidades de que el acto m\u00e9dico haya causado el da\u00f1o 2.1.2. Casos con altas probabilidades de que el acto m\u00e9dico haya causado el da\u00f1o 2.2. La legitimaci\u00f3n activa tambi\u00e9n es amplia 2.2.1. Casos en que se indemniza a las v\u00edctimas directas 2.2.2. Casos en que se indemniza a las v\u00edctimas indirectas 2.3. El an\u00e1lisis de la jurisprudencia no da cuenta de una comprensi\u00f3n aut\u00f3noma de la p\u00e9rdida de una chance como da\u00f1o 2.3.1. Generalmente se indemniza bajo la categor\u00eda del da\u00f1o moral 2.3.2. No se aprecia una reducci\u00f3n considerable de la indemnizaci\u00f3n CAP\u00cdTULO III ALGUNOS PROBLEMAS Y DESAF\u00cdOS DE LA P\u00c9RDIDA DE LA CHANCE EN EL ACTUAL CONTEXTO JURISPRUDENCIAL Problemas relacionados con la indefinici\u00f3n del umbral de probabilidades 1.1. El problema de la infra-cobertura sistem\u00e1tica de da\u00f1os en casos m\u00e9dicos 1.2. El problema de la funci\u00f3n de la indemnizaci\u00f3n por p\u00e9rdida de una chance 1.3. El problema de la desigualdad de trato de los pacientes ante la ley Problemas relacionados con la falta de ajuste de las indemnizaciones por p\u00e9rdida de una chance y su comprensi\u00f3n dentro de la categor\u00eda del da\u00f1o moral 2.1. El problema de la inconsistencia con el principal efecto de la formulaci\u00f3n te\u00f3rica de la p\u00e9rdida de una chance 2.2. El problema de la indefensi\u00f3n relacionado con la indemnizaci\u00f3n a t\u00edtulo de da\u00f1o moral 2.3. El problema de la sobre-indemnizaci\u00f3n en casos de bajas probabilidades<\/p>\n","protected":false},"featured_media":2942,"comment_status":"open","ping_status":"closed","template":"","meta":{"inline_featured_image":false,"_joinchat":[]},"product_brand":[],"product_cat":[27],"product_tag":[],"class_list":{"0":"post-2912","1":"product","2":"type-product","3":"status-publish","4":"has-post-thumbnail","6":"product_cat-civil","7":"product_shipping_class-a-convenir","9":"first","10":"instock","11":"shipping-taxable","12":"purchasable","13":"product-type-simple"},"_links":{"self":[{"href":"https:\/\/bibliotecajuridicavirtual.cl\/index.php\/wp-json\/wp\/v2\/product\/2912","targetHints":{"allow":["GET"]}}],"collection":[{"href":"https:\/\/bibliotecajuridicavirtual.cl\/index.php\/wp-json\/wp\/v2\/product"}],"about":[{"href":"https:\/\/bibliotecajuridicavirtual.cl\/index.php\/wp-json\/wp\/v2\/types\/product"}],"replies":[{"embeddable":true,"href":"https:\/\/bibliotecajuridicavirtual.cl\/index.php\/wp-json\/wp\/v2\/comments?post=2912"}],"wp:featuredmedia":[{"embeddable":true,"href":"https:\/\/bibliotecajuridicavirtual.cl\/index.php\/wp-json\/wp\/v2\/media\/2942"}],"wp:attachment":[{"href":"https:\/\/bibliotecajuridicavirtual.cl\/index.php\/wp-json\/wp\/v2\/media?parent=2912"}],"wp:term":[{"taxonomy":"product_brand","embeddable":true,"href":"https:\/\/bibliotecajuridicavirtual.cl\/index.php\/wp-json\/wp\/v2\/product_brand?post=2912"},{"taxonomy":"product_cat","embeddable":true,"href":"https:\/\/bibliotecajuridicavirtual.cl\/index.php\/wp-json\/wp\/v2\/product_cat?post=2912"},{"taxonomy":"product_tag","embeddable":true,"href":"https:\/\/bibliotecajuridicavirtual.cl\/index.php\/wp-json\/wp\/v2\/product_tag?post=2912"}],"curies":[{"name":"wp","href":"https:\/\/api.w.org\/{rel}","templated":true}]}}