{"id":2913,"date":"2026-02-28T01:07:13","date_gmt":"2026-02-28T04:07:13","guid":{"rendered":"https:\/\/bibliotecajuridicavirtual.cl\/?post_type=product&#038;p=2913"},"modified":"2026-02-28T01:07:32","modified_gmt":"2026-02-28T04:07:32","slug":"responsabilidad-civil-medica-ano-octubre-2018-130-pag-autor-alvaro-vidal-olivares","status":"publish","type":"product","link":"https:\/\/bibliotecajuridicavirtual.cl\/index.php\/product\/responsabilidad-civil-medica-ano-octubre-2018-130-pag-autor-alvaro-vidal-olivares\/","title":{"rendered":"Responsabilidad Civil M\u00e9dica. A\u00f1o Octubre 2018\/ 130 P\u00e1g. Autor \u00c1lvaro Vidal Olivares"},"content":{"rendered":"<p>La obra busca proporcionar al lector una herramienta de apoyo en el aprendizaje, actualizaci\u00f3n y\/o profundizaci\u00f3n de conocimientos sobre una parcela de la responsabilidad civil y, en particular, aquella que nace de los il\u00edcitos cometidos en el \u00e1mbito de las prestaciones m\u00e9dicas.<\/p>\n<p>En primer lugar, se situar\u00e1 a este r\u00e9gimen especial de responsabilidad \u2013por il\u00edcitos m\u00e9dicos\u2013 en el derecho de la responsabilidad civil en general, con acento en sus particularidades. En segundo lugar, se hace cargo del tratamiento detenido de los contenidos de este material abordando el criterio de atribuci\u00f3n de responsabilidad en este r\u00e9gimen y, en especial, los deberes de cuidado que debe observar el profesional de la salud \u2013m\u00e9dico y su equipo\u2013 en la ejecuci\u00f3n de la prestaci\u00f3n sanitaria de que se trate. Especial inter\u00e9s reviste el an\u00e1lisis de la lex artis y la culpa, junto con la prueba de esta \u00faltima. Entre los deberes se destaca el deber de informaci\u00f3n y su concreci\u00f3n a trav\u00e9s del consentimiento informado, el que se examina en cuanto a su contenido, forma de manifestarse y los l\u00edmites a que est\u00e1 sujeto su ejercicio. Finalmente, se desarrolla la responsabilidad civil ya no del m\u00e9dico y su equipo, sino del establecimiento de salud \u2013privado y p\u00fablico\u2013 a trav\u00e9s del cual se ejecuta la prestaci\u00f3n m\u00e9dica y se causa da\u00f1o al paciente. Se alude a la responsabilidad de la instituci\u00f3n prestadora del servicio, sea p\u00fablica o privada.<\/p>\n<p>Contiene: Glosario, Preguntas y respuestas y Bibliograf\u00eda<\/p>\n<p><strong>PARTE I: SECTORIZACI\u00d3N DE LA RESPONSABILIDAD CIVIL<br \/>\n<\/strong><br \/>\n1. Introducci\u00f3n<br \/>\n2. Doctrina relevante y legislaci\u00f3n Espec\u00edfica<br \/>\n3. Caracter\u00edsticas de la responsabilidad civil m\u00e9dica como r\u00e9gimen Especial de responsabilidad<\/p>\n<p><strong>PARTE II: LA RESPONSABILIDAD CIVIL Y DEBERES DE CUIDADO DEL M\u00c9DICO Y DE SU EQUIPO O AUXILIARES<br \/>\n<\/strong><br \/>\n1. Responsabilidad por culpa y lex artis<br \/>\n1.1. La responsabilidad por culpa<br \/>\nA) Responsabilidad contractual por culpa derivada de la infracci\u00f3n de obligaciones de medios. La regla general<br \/>\nB) Il\u00edcitos m\u00e9dicos que originan responsabilidad extracontractual. La excepci\u00f3n<br \/>\n1.2. La lex artis<br \/>\n1.3. Prueba de la culpa<br \/>\n2. responsabilidad estricta por incumplimiento de obligaciones de resultado<br \/>\n3. La responsabilidad del m\u00e9dico por la negligencia del Equipo m\u00e9dico<br \/>\n3.1. Primer supuesto: la responsabilidad del m\u00e9dico por el hecho de sus auxiliares cuando \u00e9l mismo los elige e impone al paciente<br \/>\n3.2. Segundo supuesto: el equipo m\u00e9dico es suministrado por el hospital o cl\u00ednica privada y no es elegido por el m\u00e9dico tratante<br \/>\n4. responsabilidad por uso de instrumental defectuoso<br \/>\n4.1 Instrumentos o medicamentos de dudosa calidad o que seg\u00fan la informaci\u00f3n disponible para el m\u00e9dico puede causar efectos secundarios da\u00f1inos para el paciente<br \/>\n4.2. Instrumentos en mal estado o medicamentos vencidos empleados en la intervenci\u00f3n<br \/>\n4.3. Mal uso de los instrumentos o prescripci\u00f3n de medicamentos<\/p>\n<p><strong>PARTE III: CONSENTIMIENTO INFORMADO<\/p>\n<p><\/strong>1. Introducci\u00f3n<br \/>\n2. Fundamentos e implicancias del consentimiento informado<br \/>\n3. deber de informaci\u00f3n<br \/>\n3.1. Contenido del deber de informaci\u00f3n<br \/>\n3.2. El deber de informar aspectos distintos del tratamiento y sus consecuencias<br \/>\n3.3. Formalidades del deber de informaci\u00f3n<br \/>\n4. L\u00edmites al deber de informaci\u00f3n<br \/>\n4.1. Los riesgos at\u00edpicos<br \/>\n4.2. La situaci\u00f3n de los privados de raz\u00f3n, las emergencias y su regulaci\u00f3n en la Ley N\u00b020.584<br \/>\n5. Los l\u00edmites al consentimiento informado<br \/>\n6. El consentimiento t\u00e1cito, causalidad hipot\u00e9tica En El suministro de informaci\u00f3n<br \/>\n7. Incumplimiento del deber de informaci\u00f3n y consecuencias jur\u00eddicas<br \/>\n7.1. Naturaleza de la responsabilidad que surge por infracci\u00f3n del deber de informaci\u00f3n<br \/>\n7.2. Consecuencias del incumplimiento del deber de informaci\u00f3n<\/p>\n<p><strong>PARTE VI<br \/>\nEL DA\u00d1O NO PATRIMONIAL EN LA RESPONSABILIDAD CIVIL M\u00c9DICA ALGUNAS NOTAS ACERCA DEL DA\u00d1O MORAL CONTRACTUAL Y EL DA\u00d1O CORPORAL<\/strong><\/p>\n<p>1. Introducci\u00f3n<br \/>\n2. El da\u00f1o moral en sede contractual<br \/>\n3. El da\u00f1o corporal como manifestaci\u00f3n del da\u00f1o moral<\/p>\n<p><strong>PARTE V: LA RESPONSABILIDAD DE LAS INSTITUCIONES PRESTADORAS DE SALUD. CL\u00cdNICAS PRIVADAS Y HOSPITALES P\u00daBLICOS<br \/>\n<\/strong><br \/>\n1. Introducci\u00f3n<br \/>\n2. Responsabilidad por el hecho propio de las instituciones prestadoras de salud<br \/>\n2.1. Responsabilidad de los hospitales o recintos p\u00fablicos de salud<br \/>\n2.2. Responsabilidad de las cl\u00ednicas o prestadores privados de salud por el hecho propio<br \/>\n2.3. \u00bfResponsabilidad civil extracontractual por delito o cuasidelitos o contractual?<br \/>\n3. La responsabilidad de la cl\u00ednica o prestado de salud por el hecho de sus dependientes<br \/>\n3.1. Generalidades<br \/>\n3.2. \u00bfLa cl\u00ednica privada responde por el hecho del m\u00e9dico o facultativo que interviene causando un da\u00f1o al paciente?<br \/>\n4. Las infecciones intrahospitalarias<br \/>\n5. Presupuesto para el Ejercicio de la acci\u00f3n indemnizatoria de da\u00f1os en contra de una cl\u00ednica privada u hospital p\u00fablico<\/p>\n<p>GLOSARIO<br \/>\nPREGUNTAS Y RESPUESTAS<br \/>\nBIBLIOGRAF\u00cdA<\/p>\n","protected":false},"excerpt":{"rendered":"<p>La obra busca proporcionar al lector una herramienta de apoyo en el aprendizaje, actualizaci\u00f3n y\/o profundizaci\u00f3n de conocimientos sobre una parcela de la responsabilidad civil y, en particular, aquella que nace de los il\u00edcitos cometidos en el \u00e1mbito de las prestaciones m\u00e9dicas. En primer lugar, se situar\u00e1 a este r\u00e9gimen especial de responsabilidad \u2013por il\u00edcitos m\u00e9dicos\u2013 en el derecho de la responsabilidad civil en general, con acento en sus particularidades. En segundo lugar, se hace cargo del tratamiento detenido de los contenidos de este material abordando el criterio de atribuci\u00f3n de responsabilidad en este r\u00e9gimen y, en especial, los deberes de cuidado que debe observar el profesional de la salud \u2013m\u00e9dico y su equipo\u2013 en la ejecuci\u00f3n de la prestaci\u00f3n sanitaria de que se trate. Especial inter\u00e9s reviste el an\u00e1lisis de la lex artis y la culpa, junto con la prueba de esta \u00faltima. Entre los deberes se destaca el deber de informaci\u00f3n y su concreci\u00f3n a trav\u00e9s del consentimiento informado, el que se examina en cuanto a su contenido, forma de manifestarse y los l\u00edmites a que est\u00e1 sujeto su ejercicio. Finalmente, se desarrolla la responsabilidad civil ya no del m\u00e9dico y su equipo, sino del establecimiento de salud \u2013privado y p\u00fablico\u2013 a trav\u00e9s del cual se ejecuta la prestaci\u00f3n m\u00e9dica y se causa da\u00f1o al paciente. Se alude a la responsabilidad de la instituci\u00f3n prestadora del servicio, sea p\u00fablica o privada. Contiene: Glosario, Preguntas y respuestas y Bibliograf\u00eda PARTE I: SECTORIZACI\u00d3N DE LA RESPONSABILIDAD CIVIL 1. Introducci\u00f3n 2. Doctrina relevante y legislaci\u00f3n Espec\u00edfica 3. Caracter\u00edsticas de la responsabilidad civil m\u00e9dica como r\u00e9gimen Especial de responsabilidad PARTE II: LA RESPONSABILIDAD CIVIL Y DEBERES DE CUIDADO DEL M\u00c9DICO Y DE SU EQUIPO O AUXILIARES 1. Responsabilidad por culpa y lex artis 1.1. La responsabilidad por culpa A) Responsabilidad contractual por culpa derivada de la infracci\u00f3n de obligaciones de medios. La regla general B) Il\u00edcitos m\u00e9dicos que originan responsabilidad extracontractual. La excepci\u00f3n 1.2. La lex artis 1.3. Prueba de la culpa 2. responsabilidad estricta por incumplimiento de obligaciones de resultado 3. La responsabilidad del m\u00e9dico por la negligencia del Equipo m\u00e9dico 3.1. Primer supuesto: la responsabilidad del m\u00e9dico por el hecho de sus auxiliares cuando \u00e9l mismo los elige e impone al paciente 3.2. Segundo supuesto: el equipo m\u00e9dico es suministrado por el hospital o cl\u00ednica privada y no es elegido por el m\u00e9dico tratante 4. responsabilidad por uso de instrumental defectuoso 4.1 Instrumentos o medicamentos de dudosa calidad o que seg\u00fan la informaci\u00f3n disponible para el m\u00e9dico puede causar efectos secundarios da\u00f1inos para el paciente 4.2. Instrumentos en mal estado o medicamentos vencidos empleados en la intervenci\u00f3n 4.3. Mal uso de los instrumentos o prescripci\u00f3n de medicamentos PARTE III: CONSENTIMIENTO INFORMADO 1. Introducci\u00f3n 2. Fundamentos e implicancias del consentimiento informado 3. deber de informaci\u00f3n 3.1. Contenido del deber de informaci\u00f3n 3.2. El deber de informar aspectos distintos del tratamiento y sus consecuencias 3.3. Formalidades del deber de informaci\u00f3n 4. L\u00edmites al deber de informaci\u00f3n 4.1. Los riesgos at\u00edpicos 4.2. La situaci\u00f3n de los privados de raz\u00f3n, las emergencias y su regulaci\u00f3n en la Ley N\u00b020.584 5. Los l\u00edmites al consentimiento informado 6. El consentimiento t\u00e1cito, causalidad hipot\u00e9tica En El suministro de informaci\u00f3n 7. Incumplimiento del deber de informaci\u00f3n y consecuencias jur\u00eddicas 7.1. Naturaleza de la responsabilidad que surge por infracci\u00f3n del deber de informaci\u00f3n 7.2. Consecuencias del incumplimiento del deber de informaci\u00f3n PARTE VI EL DA\u00d1O NO PATRIMONIAL EN LA RESPONSABILIDAD CIVIL M\u00c9DICA ALGUNAS NOTAS ACERCA DEL DA\u00d1O MORAL CONTRACTUAL Y EL DA\u00d1O CORPORAL 1. Introducci\u00f3n 2. El da\u00f1o moral en sede contractual 3. El da\u00f1o corporal como manifestaci\u00f3n del da\u00f1o moral PARTE V: LA RESPONSABILIDAD DE LAS INSTITUCIONES PRESTADORAS DE SALUD. CL\u00cdNICAS PRIVADAS Y HOSPITALES P\u00daBLICOS 1. Introducci\u00f3n 2. Responsabilidad por el hecho propio de las instituciones prestadoras de salud 2.1. Responsabilidad de los hospitales o recintos p\u00fablicos de salud 2.2. Responsabilidad de las cl\u00ednicas o prestadores privados de salud por el hecho propio 2.3. \u00bfResponsabilidad civil extracontractual por delito o cuasidelitos o contractual? 3. La responsabilidad de la cl\u00ednica o prestado de salud por el hecho de sus dependientes 3.1. Generalidades 3.2. \u00bfLa cl\u00ednica privada responde por el hecho del m\u00e9dico o facultativo que interviene causando un da\u00f1o al paciente? 4. Las infecciones intrahospitalarias 5. Presupuesto para el Ejercicio de la acci\u00f3n indemnizatoria de da\u00f1os en contra de una cl\u00ednica privada u hospital p\u00fablico GLOSARIO PREGUNTAS Y RESPUESTAS BIBLIOGRAF\u00cdA<\/p>\n","protected":false},"featured_media":2943,"comment_status":"open","ping_status":"closed","template":"","meta":{"inline_featured_image":false,"_joinchat":[]},"product_brand":[],"product_cat":[27,38],"product_tag":[],"class_list":{"0":"post-2913","1":"product","2":"type-product","3":"status-publish","4":"has-post-thumbnail","6":"product_cat-civil","7":"product_cat-editorial-der-ediciones","8":"product_shipping_class-a-convenir","10":"first","11":"instock","12":"shipping-taxable","13":"purchasable","14":"product-type-simple"},"_links":{"self":[{"href":"https:\/\/bibliotecajuridicavirtual.cl\/index.php\/wp-json\/wp\/v2\/product\/2913","targetHints":{"allow":["GET"]}}],"collection":[{"href":"https:\/\/bibliotecajuridicavirtual.cl\/index.php\/wp-json\/wp\/v2\/product"}],"about":[{"href":"https:\/\/bibliotecajuridicavirtual.cl\/index.php\/wp-json\/wp\/v2\/types\/product"}],"replies":[{"embeddable":true,"href":"https:\/\/bibliotecajuridicavirtual.cl\/index.php\/wp-json\/wp\/v2\/comments?post=2913"}],"wp:featuredmedia":[{"embeddable":true,"href":"https:\/\/bibliotecajuridicavirtual.cl\/index.php\/wp-json\/wp\/v2\/media\/2943"}],"wp:attachment":[{"href":"https:\/\/bibliotecajuridicavirtual.cl\/index.php\/wp-json\/wp\/v2\/media?parent=2913"}],"wp:term":[{"taxonomy":"product_brand","embeddable":true,"href":"https:\/\/bibliotecajuridicavirtual.cl\/index.php\/wp-json\/wp\/v2\/product_brand?post=2913"},{"taxonomy":"product_cat","embeddable":true,"href":"https:\/\/bibliotecajuridicavirtual.cl\/index.php\/wp-json\/wp\/v2\/product_cat?post=2913"},{"taxonomy":"product_tag","embeddable":true,"href":"https:\/\/bibliotecajuridicavirtual.cl\/index.php\/wp-json\/wp\/v2\/product_tag?post=2913"}],"curies":[{"name":"wp","href":"https:\/\/api.w.org\/{rel}","templated":true}]}}