{"id":2915,"date":"2026-02-28T01:07:13","date_gmt":"2026-02-28T04:07:13","guid":{"rendered":"https:\/\/bibliotecajuridicavirtual.cl\/?post_type=product&#038;p=2915"},"modified":"2026-02-28T01:07:34","modified_gmt":"2026-02-28T04:07:34","slug":"vision-jurisprudencial-la-lesion-enorme-ano-julio-2023-204-pag-autor-editorial-hammurabi","status":"publish","type":"product","link":"https:\/\/bibliotecajuridicavirtual.cl\/index.php\/product\/vision-jurisprudencial-la-lesion-enorme-ano-julio-2023-204-pag-autor-editorial-hammurabi\/","title":{"rendered":"Vision Jurisprudencial &#8211; La Lesi\u00f3n Enorme. A\u00f1o Julio 2023\/ 204 P\u00e1g. Autor Editorial Hammurabi"},"content":{"rendered":"<ol>\n<li style=\"font-weight: 400;\"><b><strong> FICHAS DE LESI\u00d3N ENORME<\/strong><\/b><\/li>\n<\/ol>\n<p style=\"font-weight: 400;\">Ficha N\u00ba 1: Demanda de acci\u00f3n de nulidad absoluta y relativa de contrato de compraventa. rescisi\u00f3n por lesi\u00f3n enorme<\/p>\n<p style=\"font-weight: 400;\">An\u00e1lisis de la pretensi\u00f3n y defensa<br \/>\n1. S\u00edntesis de los fallos<br \/>\n2. Monto solicitado y concedido<\/p>\n<p style=\"font-weight: 400;\">Ficha N\u00ba 2: Demanda en juicio ordinario de nulidad absoluta de contrato de compraventa, por simulaci\u00f3n. En subsidio a lo principal interpusieron la acci\u00f3n de recisi\u00f3n del contrato de compraventa individualizado, por causa de lesi\u00f3n enorme<\/p>\n<p style=\"font-weight: 400;\">An\u00e1lisis de la pretensi\u00f3n y defensa<br \/>\n1. S\u00edntesis de los fallos<br \/>\n2. Monto solicitado y concedido<\/p>\n<p style=\"font-weight: 400;\">Ficha N\u00ba 3: Demanda en juicio ordinario de nulidad absoluta de contratos de compraventa. Demanda subsidiaria de recisi\u00f3n de contratos de compraventa por lesi\u00f3n enorme<\/p>\n<p style=\"font-weight: 400;\">An\u00e1lisis de la pretensi\u00f3n y defensa<br \/>\n1. S\u00edntesis de los fallos<br \/>\n2. Monto solicitado y concedido<\/p>\n<p style=\"font-weight: 400;\">Ficha N\u00ba 4: Juicio ordinario por nulidad relativa por lesi\u00f3n enorme. Rescisi\u00f3n del contrato de cesi\u00f3n por lesi\u00f3n enorme<\/p>\n<p style=\"font-weight: 400;\">An\u00e1lisis de la pretensi\u00f3n y defensa<br \/>\n1. S\u00edntesis de los fallos<br \/>\n2. Monto solicitado y concedido<\/p>\n<p style=\"font-weight: 400;\">Ficha N\u00ba 5: Demanda de nulidad absoluta y reivindicaci\u00f3n, por simulaci\u00f3n. En subsidio, demandada de nulidad relativa por lesi\u00f3n enorme en la compraventa<\/p>\n<p style=\"font-weight: 400;\">An\u00e1lisis de la pretensi\u00f3n y defensa<br \/>\n1. S\u00edntesis de los fallos<br \/>\n2. Monto solicitado y concedido<\/p>\n<p style=\"font-weight: 400;\">Ficha N\u00ba 6: Demanda de nulidad de contratos de compraventa de dominio de inmueble, de compraventa de usufructo de inmueble y de mandato. Rescisi\u00f3n del contrato de compraventa por lesi\u00f3n enorme<\/p>\n<p>An\u00e1lisis de la pretensi\u00f3n y defensa<br \/>\n1. S\u00edntesis de los fallos<br \/>\n2. Monto solicitado y concedido<\/p>\n<p style=\"font-weight: 400;\">Ficha N\u00ba 7: Juicio ordinario de rescisi\u00f3n de contrato de compraventa por lesi\u00f3n enorme. Rescisi\u00f3n del contrato del contrato de compraventa. Demanda rechazada<\/p>\n<p style=\"font-weight: 400;\">An\u00e1lisis de la pretensi\u00f3n y defensa<br \/>\n1. S\u00edntesis de los fallos<br \/>\n2. Monto solicitado y concedido<\/p>\n<p style=\"font-weight: 400;\">Ficha N\u00ba 8: Demanda en juicio ordinario de mayor cuant\u00eda de simulaci\u00f3n de contrato de compraventa. Demandas de simulaci\u00f3n y nulidad absoluta. Acci\u00f3n subsidiaria de lesi\u00f3n enorme<\/p>\n<p style=\"font-weight: 400;\">An\u00e1lisis de la pretensi\u00f3n y defensa<br \/>\n1. S\u00edntesis de los fallos<br \/>\n2. Monto solicitado y concedido<\/p>\n<p style=\"font-weight: 400;\">Ficha N\u00ba 9: Demanda de nulidad de contrato por lesi\u00f3n enorme en juicio ordinario de mayor cuant\u00eda. Contratos de cesi\u00f3n de derechos<\/p>\n<p>An\u00e1lisis de la pretensi\u00f3n y defensa<br \/>\n1. S\u00edntesis de los fallos<br \/>\n2. Monto solicitado y concedido<\/p>\n<p style=\"font-weight: 400;\">Ficha N\u00ba 10: Juicio ordinario de mayor cuant\u00eda. Demanda de nulidad de contrato. Nulidad relativa por lesi\u00f3n enorme<\/p>\n<p>An\u00e1lisis de la pretensi\u00f3n y defensa<br \/>\n1. S\u00edntesis de los fallos<br \/>\n2. Monto solicitado y concedido<\/p>\n<p style=\"font-weight: 400;\">Ficha N\u00ba 11: Demanda en procedimiento ordinario por lesi\u00f3n enorme. Rescisi\u00f3n por lesi\u00f3n enorme<\/p>\n<p>An\u00e1lisis de la pretensi\u00f3n y defensa<br \/>\n1. S\u00edntesis de los fallos<br \/>\n2. Monto solicitado y concedido<\/p>\n<p style=\"font-weight: 400;\">Ficha N\u00ba 12: Demanda en juicio ordinario. Nulidad absoluta por simulaci\u00f3n por objeto y\/o causa il\u00edcita<\/p>\n<p style=\"font-weight: 400;\">An\u00e1lisis de la pretensi\u00f3n y defensa<br \/>\n1. S\u00edntesis de los fallos<br \/>\n2. Monto solicitado y concedido<\/p>\n<ol start=\"2\">\n<li style=\"font-weight: 400;\"><b><strong> SENTENCIAS DE LA CORTE SUPREMA &#8211; LESI\u00d3N ENORME<\/strong><\/b><\/li>\n<\/ol>\n<p style=\"font-weight: 400;\">Sentencia N\u00ba 1: Alejandra Morales Manquian y otros con Adri\u00e1n Aldecoa Roberto<br \/>\nSentencia N\u00ba 2: Sergio del Carmen Arancibia Ponce y otros contra Lilian Hortensia Arancibia Ponce y otro<br \/>\nSentencia N\u00ba 3: Luis Fernando Palma Urriola contra Mauricio Fernando Palma Castro<br \/>\nSentencia N\u00ba 4: Raquel del Carmen Bravo Ibarra y otros contra Mar\u00eda Cristina Bravo Ibarra y otros<br \/>\nSentencia N\u00ba 5: Jos\u00e9 Armando Soto Ulloa contra Priscilla Odette Soto Ruiz<br \/>\nSentencia N\u00ba 6: Francis Candy Alejandra Humire Tapia contra Elvis Jos\u00e9 Flores Tapia<br \/>\nSentencia N\u00ba 7: Exportadora Comercializadora Renato Astrosa Sotomayor EIRL contra Renata Astrosa Mill\u00e1n<br \/>\nSentencia N\u00ba 8: Camila Margarita Gaggero Pisano y otro con Elena Yolanda Gallegos Pereira<br \/>\nSentencia N\u00ba 9: Gonzalo Moscoso Rodr\u00edguez y otro contra Eduardo Moscoso Rodr\u00edguez<br \/>\nSentencia N\u00ba 10: Julia Ana Sep\u00falveda Cordero contra Victoria del Carmen C\u00f3rdova Mart\u00ednez<br \/>\nSentencia N\u00ba 11: Benedicto Eugenio Quintana Silva contra Johan Osvaldo Flores Quintana<br \/>\nSentencia N\u00ba 12: Ren\u00e9 Antonio Reveco Vargas y otros contra Hern\u00e1n \u00c1lvaro Reveco Vargas<\/p>\n","protected":false},"excerpt":{"rendered":"<p>FICHAS DE LESI\u00d3N ENORME Ficha N\u00ba 1: Demanda de acci\u00f3n de nulidad absoluta y relativa de contrato de compraventa. rescisi\u00f3n por lesi\u00f3n enorme An\u00e1lisis de la pretensi\u00f3n y defensa 1. S\u00edntesis de los fallos 2. Monto solicitado y concedido Ficha N\u00ba 2: Demanda en juicio ordinario de nulidad absoluta de contrato de compraventa, por simulaci\u00f3n. En subsidio a lo principal interpusieron la acci\u00f3n de recisi\u00f3n del contrato de compraventa individualizado, por causa de lesi\u00f3n enorme An\u00e1lisis de la pretensi\u00f3n y defensa 1. S\u00edntesis de los fallos 2. Monto solicitado y concedido Ficha N\u00ba 3: Demanda en juicio ordinario de nulidad absoluta de contratos de compraventa. Demanda subsidiaria de recisi\u00f3n de contratos de compraventa por lesi\u00f3n enorme An\u00e1lisis de la pretensi\u00f3n y defensa 1. S\u00edntesis de los fallos 2. Monto solicitado y concedido Ficha N\u00ba 4: Juicio ordinario por nulidad relativa por lesi\u00f3n enorme. Rescisi\u00f3n del contrato de cesi\u00f3n por lesi\u00f3n enorme An\u00e1lisis de la pretensi\u00f3n y defensa 1. S\u00edntesis de los fallos 2. Monto solicitado y concedido Ficha N\u00ba 5: Demanda de nulidad absoluta y reivindicaci\u00f3n, por simulaci\u00f3n. En subsidio, demandada de nulidad relativa por lesi\u00f3n enorme en la compraventa An\u00e1lisis de la pretensi\u00f3n y defensa 1. S\u00edntesis de los fallos 2. Monto solicitado y concedido Ficha N\u00ba 6: Demanda de nulidad de contratos de compraventa de dominio de inmueble, de compraventa de usufructo de inmueble y de mandato. Rescisi\u00f3n del contrato de compraventa por lesi\u00f3n enorme An\u00e1lisis de la pretensi\u00f3n y defensa 1. S\u00edntesis de los fallos 2. Monto solicitado y concedido Ficha N\u00ba 7: Juicio ordinario de rescisi\u00f3n de contrato de compraventa por lesi\u00f3n enorme. Rescisi\u00f3n del contrato del contrato de compraventa. Demanda rechazada An\u00e1lisis de la pretensi\u00f3n y defensa 1. S\u00edntesis de los fallos 2. Monto solicitado y concedido Ficha N\u00ba 8: Demanda en juicio ordinario de mayor cuant\u00eda de simulaci\u00f3n de contrato de compraventa. Demandas de simulaci\u00f3n y nulidad absoluta. Acci\u00f3n subsidiaria de lesi\u00f3n enorme An\u00e1lisis de la pretensi\u00f3n y defensa 1. S\u00edntesis de los fallos 2. Monto solicitado y concedido Ficha N\u00ba 9: Demanda de nulidad de contrato por lesi\u00f3n enorme en juicio ordinario de mayor cuant\u00eda. Contratos de cesi\u00f3n de derechos An\u00e1lisis de la pretensi\u00f3n y defensa 1. S\u00edntesis de los fallos 2. Monto solicitado y concedido Ficha N\u00ba 10: Juicio ordinario de mayor cuant\u00eda. Demanda de nulidad de contrato. Nulidad relativa por lesi\u00f3n enorme An\u00e1lisis de la pretensi\u00f3n y defensa 1. S\u00edntesis de los fallos 2. Monto solicitado y concedido Ficha N\u00ba 11: Demanda en procedimiento ordinario por lesi\u00f3n enorme. Rescisi\u00f3n por lesi\u00f3n enorme An\u00e1lisis de la pretensi\u00f3n y defensa 1. S\u00edntesis de los fallos 2. Monto solicitado y concedido Ficha N\u00ba 12: Demanda en juicio ordinario. Nulidad absoluta por simulaci\u00f3n por objeto y\/o causa il\u00edcita An\u00e1lisis de la pretensi\u00f3n y defensa 1. S\u00edntesis de los fallos 2. Monto solicitado y concedido SENTENCIAS DE LA CORTE SUPREMA &#8211; LESI\u00d3N ENORME Sentencia N\u00ba 1: Alejandra Morales Manquian y otros con Adri\u00e1n Aldecoa Roberto Sentencia N\u00ba 2: Sergio del Carmen Arancibia Ponce y otros contra Lilian Hortensia Arancibia Ponce y otro Sentencia N\u00ba 3: Luis Fernando Palma Urriola contra Mauricio Fernando Palma Castro Sentencia N\u00ba 4: Raquel del Carmen Bravo Ibarra y otros contra Mar\u00eda Cristina Bravo Ibarra y otros Sentencia N\u00ba 5: Jos\u00e9 Armando Soto Ulloa contra Priscilla Odette Soto Ruiz Sentencia N\u00ba 6: Francis Candy Alejandra Humire Tapia contra Elvis Jos\u00e9 Flores Tapia Sentencia N\u00ba 7: Exportadora Comercializadora Renato Astrosa Sotomayor EIRL contra Renata Astrosa Mill\u00e1n Sentencia N\u00ba 8: Camila Margarita Gaggero Pisano y otro con Elena Yolanda Gallegos Pereira Sentencia N\u00ba 9: Gonzalo Moscoso Rodr\u00edguez y otro contra Eduardo Moscoso Rodr\u00edguez Sentencia N\u00ba 10: Julia Ana Sep\u00falveda Cordero contra Victoria del Carmen C\u00f3rdova Mart\u00ednez Sentencia N\u00ba 11: Benedicto Eugenio Quintana Silva contra Johan Osvaldo Flores Quintana Sentencia N\u00ba 12: Ren\u00e9 Antonio Reveco Vargas y otros contra Hern\u00e1n \u00c1lvaro Reveco Vargas<\/p>\n","protected":false},"featured_media":2945,"comment_status":"open","ping_status":"closed","template":"","meta":{"inline_featured_image":false,"_joinchat":[]},"product_brand":[],"product_cat":[27],"product_tag":[],"class_list":{"0":"post-2915","1":"product","2":"type-product","3":"status-publish","4":"has-post-thumbnail","6":"product_cat-civil","7":"product_shipping_class-a-convenir","9":"first","10":"instock","11":"shipping-taxable","12":"purchasable","13":"product-type-simple"},"_links":{"self":[{"href":"https:\/\/bibliotecajuridicavirtual.cl\/index.php\/wp-json\/wp\/v2\/product\/2915","targetHints":{"allow":["GET"]}}],"collection":[{"href":"https:\/\/bibliotecajuridicavirtual.cl\/index.php\/wp-json\/wp\/v2\/product"}],"about":[{"href":"https:\/\/bibliotecajuridicavirtual.cl\/index.php\/wp-json\/wp\/v2\/types\/product"}],"replies":[{"embeddable":true,"href":"https:\/\/bibliotecajuridicavirtual.cl\/index.php\/wp-json\/wp\/v2\/comments?post=2915"}],"wp:featuredmedia":[{"embeddable":true,"href":"https:\/\/bibliotecajuridicavirtual.cl\/index.php\/wp-json\/wp\/v2\/media\/2945"}],"wp:attachment":[{"href":"https:\/\/bibliotecajuridicavirtual.cl\/index.php\/wp-json\/wp\/v2\/media?parent=2915"}],"wp:term":[{"taxonomy":"product_brand","embeddable":true,"href":"https:\/\/bibliotecajuridicavirtual.cl\/index.php\/wp-json\/wp\/v2\/product_brand?post=2915"},{"taxonomy":"product_cat","embeddable":true,"href":"https:\/\/bibliotecajuridicavirtual.cl\/index.php\/wp-json\/wp\/v2\/product_cat?post=2915"},{"taxonomy":"product_tag","embeddable":true,"href":"https:\/\/bibliotecajuridicavirtual.cl\/index.php\/wp-json\/wp\/v2\/product_tag?post=2915"}],"curies":[{"name":"wp","href":"https:\/\/api.w.org\/{rel}","templated":true}]}}