{"id":2921,"date":"2026-02-28T01:07:13","date_gmt":"2026-02-28T04:07:13","guid":{"rendered":"https:\/\/bibliotecajuridicavirtual.cl\/?post_type=product&#038;p=2921"},"modified":"2026-02-28T01:07:40","modified_gmt":"2026-02-28T04:07:40","slug":"vision-jurisprudencial-y-legislativa-trafico-ilicito-de-estupefacientes-y-sustancias-sicotropicas-ley-n-20-000-ano-octubre-2023-268-pag-autor-editorial-hammurabi","status":"publish","type":"product","link":"https:\/\/bibliotecajuridicavirtual.cl\/index.php\/product\/vision-jurisprudencial-y-legislativa-trafico-ilicito-de-estupefacientes-y-sustancias-sicotropicas-ley-n-20-000-ano-octubre-2023-268-pag-autor-editorial-hammurabi\/","title":{"rendered":"Visi\u00f3n Jurisprudencial y Legislativa &#8211; Tr\u00e1fico Il\u00edcito de Estupefacientes y Sustancias Sicotr\u00f3picas Ley N 20.000. A\u00f1o Octubre 2023\/ 268 P\u00e1g. Autor Editorial Hammurabi"},"content":{"rendered":"<ol start=\"20\">\n<li style=\"font-weight: 400;\"><b><strong> FICHAS DE LA CORTE SUPREMA &#8211; LEY N\u00ba 20.000<\/strong><\/b><\/li>\n<\/ol>\n<p style=\"font-weight: 400;\">Ficha N\u00ba 1: Recurso de nulidad. Delito consumado de tr\u00e1fico il\u00edcito de drogas o sustancias estupefacientes. coca\u00edna y cannabis.<\/p>\n<p style=\"font-weight: 400;\">An\u00e1lisis de la pretensi\u00f3n y defensa<br \/>\n1. S\u00edntesis del fallo<br \/>\n2. Conclusi\u00f3n<\/p>\n<p style=\"font-weight: 400;\">Ficha N\u00ba 2: Delito de tr\u00e1fico il\u00edcito de drogas y sustancias estupefacientes. Delito de porte de arma de fuego prohibida.<\/p>\n<p style=\"font-weight: 400;\">An\u00e1lisis de la pretensi\u00f3n y defensa<br \/>\n1. S\u00edntesis del fallo<br \/>\n2. Conclusi\u00f3n<\/p>\n<p style=\"font-weight: 400;\">Ficha N\u00ba 3: Delito consumado de tr\u00e1fico il\u00edcito de drogas. Delito consumado de tenencia ilegal de municiones y cartuchos.<\/p>\n<p style=\"font-weight: 400;\">An\u00e1lisis de la pretensi\u00f3n y defensa<br \/>\n1. S\u00edntesis del fallo<br \/>\n2. Conclusi\u00f3n<\/p>\n<p style=\"font-weight: 400;\">Ficha N\u00ba 4: Delito de tr\u00e1fico de estupefacientes en peque\u00f1as cantidades. Grado consumado. Recurso de nulidad.<\/p>\n<p style=\"font-weight: 400;\">An\u00e1lisis de la pretensi\u00f3n y defensa<br \/>\n1. S\u00edntesis del fallo<br \/>\n2. Conclusi\u00f3n<\/p>\n<p style=\"font-weight: 400;\">Ficha N\u00ba 5: Delito consumado de tr\u00e1fico il\u00edcito de drogas o estupefacientes en peque\u00f1as cantidades. Marihuana.<\/p>\n<p style=\"font-weight: 400;\">An\u00e1lisis de la pretensi\u00f3n y defensa<br \/>\n1. S\u00edntesis del fallo<br \/>\n2. Conclusi\u00f3n<\/p>\n<p style=\"font-weight: 400;\">Ficha N\u00ba 6: Delito consumado de tr\u00e1fico il\u00edcito de estupefacientes y sustancias sicotr\u00f3picas. remisi\u00f3n condicional. Pena sustitutiva.<\/p>\n<p style=\"font-weight: 400;\">An\u00e1lisis de la pretensi\u00f3n y defensa<br \/>\n1. S\u00edntesis del fallo<br \/>\n2. Conclusi\u00f3n<\/p>\n<p style=\"font-weight: 400;\">Ficha N\u00ba 7: Delito consumado de microtr\u00e1fico, previsto y sancionado en el art\u00edculo 4 de la ley 20.000. Recurso de nulidad.<\/p>\n<p style=\"font-weight: 400;\">An\u00e1lisis de la pretensi\u00f3n y defensa<br \/>\n1. S\u00edntesis del fallo<br \/>\n2. Conclusi\u00f3n<\/p>\n<p style=\"font-weight: 400;\">Ficha N\u00ba 8: Delito consumado de tr\u00e1fico il\u00edcito de drogas. Delito consumado de tenencia ilegal de armas de fuego. Cannabis sativa.<\/p>\n<p style=\"font-weight: 400;\">An\u00e1lisis de la pretensi\u00f3n y defensa<br \/>\n1. S\u00edntesis del fallo<br \/>\n2. Conclusi\u00f3n<\/p>\n<p style=\"font-weight: 400;\">Ficha N\u00ba 9: Delito consumado de tr\u00e1fico il\u00edcito de estupefacientes. Modalidad de transporte.<\/p>\n<p style=\"font-weight: 400;\">An\u00e1lisis de la pretensi\u00f3n y defensa<br \/>\n1. S\u00edntesis del fallo<br \/>\n2. Conclusi\u00f3n<\/p>\n<ol start=\"20\">\n<li style=\"font-weight: 400;\"><b><strong> FICHAS DE LAS CORTES DE APELACIONES \u2013 LEY N\u00ba 20.000<\/strong><\/b><\/li>\n<\/ol>\n<p style=\"font-weight: 400;\">Ficha N\u00ba 10: Tr\u00e1fico il\u00edcito de drogas. Multa<\/p>\n<p style=\"font-weight: 400;\">An\u00e1lisis de la pretensi\u00f3n y defensa<br \/>\n1. S\u00edntesis del fallo<br \/>\n2. Conclusi\u00f3n<\/p>\n<p style=\"font-weight: 400;\">Ficha N\u00ba 11: Delito consumado de tr\u00e1fico il\u00edcito de estupefacientes. Delito de porte de arma de fuego prohibida. Agravante especial de violencia.<\/p>\n<p style=\"font-weight: 400;\">An\u00e1lisis de la pretensi\u00f3n y defensa<br \/>\n1. S\u00edntesis del fallo<br \/>\n2. Conclusi\u00f3n<\/p>\n<p style=\"font-weight: 400;\">Ficha N\u00ba 12: Delito de tr\u00e1fico il\u00edcito de estupefacientes. Nulidad de sentencia rechazada.<\/p>\n<p style=\"font-weight: 400;\">An\u00e1lisis de la pretensi\u00f3n y defensa<br \/>\n1. S\u00edntesis del fallo<br \/>\n2. Conclusi\u00f3n<\/p>\n<p style=\"font-weight: 400;\">Ficha N\u00ba 13: Delito de tr\u00e1fico il\u00edcito de drogas. Multa.<\/p>\n<p style=\"font-weight: 400;\">An\u00e1lisis de la pretensi\u00f3n y defensa<br \/>\n1. S\u00edntesis del fallo<br \/>\n2. Conclusi\u00f3n<\/p>\n<p style=\"font-weight: 400;\">Ficha N\u00ba 14: Delito de microtr\u00e1fico. Recurso de nulidad. Delito de tr\u00e1fico de drogas en peque\u00f1as cantidades.<\/p>\n<p style=\"font-weight: 400;\">An\u00e1lisis de la pretensi\u00f3n y defensa<br \/>\n1. S\u00edntesis del fallo<br \/>\n2. Conclusi\u00f3n<\/p>\n<p style=\"font-weight: 400;\">Ficha N\u00ba 15: Delitos de tr\u00e1fico de peque\u00f1as cantidades de drogas o sustancias estupefacientes o sicotr\u00f3picas. Microtr\u00e1fico.<\/p>\n<p style=\"font-weight: 400;\">An\u00e1lisis de la pretensi\u00f3n y defensa<br \/>\n1. S\u00edntesis del fallo<br \/>\n2. Conclusi\u00f3n<\/p>\n<p style=\"font-weight: 400;\">Ficha N\u00ba 16: Delito de tr\u00e1fico il\u00edcito de drogas. recurso de nulidad.<\/p>\n<p style=\"font-weight: 400;\">An\u00e1lisis de la pretensi\u00f3n y defensa<br \/>\n1. S\u00edntesis del fallo<br \/>\n2. Conclusi\u00f3n<\/p>\n<p style=\"font-weight: 400;\">Ficha N\u00ba 17: Delito de tr\u00e1fico de sustancias estupefacientes o sicotr\u00f3picas. Multa. Recurso de nulidad.<\/p>\n<p style=\"font-weight: 400;\">An\u00e1lisis de la pretensi\u00f3n y defensa<br \/>\n1. S\u00edntesis del fallo<br \/>\n2. Conclusi\u00f3n<\/p>\n<p style=\"font-weight: 400;\">III. SENTENCIAS DE LA CORTE SUPREMA \u2013 LEY 20.000.<\/p>\n<p style=\"font-weight: 400;\">Sentencia 1.<br \/>\nSentencia 2.<br \/>\nSentencia 3.<br \/>\nSentencia 4.<br \/>\nSentencia 5.<br \/>\nSentencia 6.<br \/>\nSentencia 7.<br \/>\nSentencia 8.<br \/>\nSentencia 9.<br \/>\nSentencia 10.<br \/>\nSentencia 11.<br \/>\nSentencia 12.<br \/>\nSentencia 13.<br \/>\nSentencia 14.<br \/>\nSentencia 15.<br \/>\nSentencia 16.<br \/>\nSentencia 17.<\/p>\n<ol>\n<li style=\"font-weight: 400;\"><b><strong> LEGISLACI\u00d3N<\/strong><\/b><\/li>\n<\/ol>\n<p style=\"font-weight: 400;\">Ley N\u00b0 20.000. Sustituye la ley N\u00ba 19.366, que sanciona el trafico il\u00edcito de estupefacientes y sustancias sicotr\u00f3picas<\/p>\n<p style=\"font-weight: 400;\">Decreto N\u00b0 867. Aprueba reglamento de la ley N\u00ba 20.000 que sanciona el tr\u00e1fico il\u00edcito de estupefacientes y sustancias sicotr\u00f3picas y sustituye la ley N\u00ba 19.366.<\/p>\n<p style=\"font-weight: 400;\">Decreto N\u00b0 143. Reglamento del registro especial de faltas por tr\u00e1fico il\u00edcito de estupefacientes y sustancias sicotr\u00f3picas<\/p>\n<p style=\"font-weight: 400;\">Decreto N\u00b0 4. Aprueba reglamento de centros de tratamiento y rehabilitaci\u00f3n de personas con consumo perjudicial o dependencia a alcohol y\/o drogas<\/p>\n","protected":false},"excerpt":{"rendered":"<p>FICHAS DE LA CORTE SUPREMA &#8211; LEY N\u00ba 20.000 Ficha N\u00ba 1: Recurso de nulidad. Delito consumado de tr\u00e1fico il\u00edcito de drogas o sustancias estupefacientes. coca\u00edna y cannabis. An\u00e1lisis de la pretensi\u00f3n y defensa 1. S\u00edntesis del fallo 2. Conclusi\u00f3n Ficha N\u00ba 2: Delito de tr\u00e1fico il\u00edcito de drogas y sustancias estupefacientes. Delito de porte de arma de fuego prohibida. An\u00e1lisis de la pretensi\u00f3n y defensa 1. S\u00edntesis del fallo 2. Conclusi\u00f3n Ficha N\u00ba 3: Delito consumado de tr\u00e1fico il\u00edcito de drogas. Delito consumado de tenencia ilegal de municiones y cartuchos. An\u00e1lisis de la pretensi\u00f3n y defensa 1. S\u00edntesis del fallo 2. Conclusi\u00f3n Ficha N\u00ba 4: Delito de tr\u00e1fico de estupefacientes en peque\u00f1as cantidades. Grado consumado. Recurso de nulidad. An\u00e1lisis de la pretensi\u00f3n y defensa 1. S\u00edntesis del fallo 2. Conclusi\u00f3n Ficha N\u00ba 5: Delito consumado de tr\u00e1fico il\u00edcito de drogas o estupefacientes en peque\u00f1as cantidades. Marihuana. An\u00e1lisis de la pretensi\u00f3n y defensa 1. S\u00edntesis del fallo 2. Conclusi\u00f3n Ficha N\u00ba 6: Delito consumado de tr\u00e1fico il\u00edcito de estupefacientes y sustancias sicotr\u00f3picas. remisi\u00f3n condicional. Pena sustitutiva. An\u00e1lisis de la pretensi\u00f3n y defensa 1. S\u00edntesis del fallo 2. Conclusi\u00f3n Ficha N\u00ba 7: Delito consumado de microtr\u00e1fico, previsto y sancionado en el art\u00edculo 4 de la ley 20.000. Recurso de nulidad. An\u00e1lisis de la pretensi\u00f3n y defensa 1. S\u00edntesis del fallo 2. Conclusi\u00f3n Ficha N\u00ba 8: Delito consumado de tr\u00e1fico il\u00edcito de drogas. Delito consumado de tenencia ilegal de armas de fuego. Cannabis sativa. An\u00e1lisis de la pretensi\u00f3n y defensa 1. S\u00edntesis del fallo 2. Conclusi\u00f3n Ficha N\u00ba 9: Delito consumado de tr\u00e1fico il\u00edcito de estupefacientes. Modalidad de transporte. An\u00e1lisis de la pretensi\u00f3n y defensa 1. S\u00edntesis del fallo 2. Conclusi\u00f3n FICHAS DE LAS CORTES DE APELACIONES \u2013 LEY N\u00ba 20.000 Ficha N\u00ba 10: Tr\u00e1fico il\u00edcito de drogas. Multa An\u00e1lisis de la pretensi\u00f3n y defensa 1. S\u00edntesis del fallo 2. Conclusi\u00f3n Ficha N\u00ba 11: Delito consumado de tr\u00e1fico il\u00edcito de estupefacientes. Delito de porte de arma de fuego prohibida. Agravante especial de violencia. An\u00e1lisis de la pretensi\u00f3n y defensa 1. S\u00edntesis del fallo 2. Conclusi\u00f3n Ficha N\u00ba 12: Delito de tr\u00e1fico il\u00edcito de estupefacientes. Nulidad de sentencia rechazada. An\u00e1lisis de la pretensi\u00f3n y defensa 1. S\u00edntesis del fallo 2. Conclusi\u00f3n Ficha N\u00ba 13: Delito de tr\u00e1fico il\u00edcito de drogas. Multa. An\u00e1lisis de la pretensi\u00f3n y defensa 1. S\u00edntesis del fallo 2. Conclusi\u00f3n Ficha N\u00ba 14: Delito de microtr\u00e1fico. Recurso de nulidad. Delito de tr\u00e1fico de drogas en peque\u00f1as cantidades. An\u00e1lisis de la pretensi\u00f3n y defensa 1. S\u00edntesis del fallo 2. Conclusi\u00f3n Ficha N\u00ba 15: Delitos de tr\u00e1fico de peque\u00f1as cantidades de drogas o sustancias estupefacientes o sicotr\u00f3picas. Microtr\u00e1fico. An\u00e1lisis de la pretensi\u00f3n y defensa 1. S\u00edntesis del fallo 2. Conclusi\u00f3n Ficha N\u00ba 16: Delito de tr\u00e1fico il\u00edcito de drogas. recurso de nulidad. An\u00e1lisis de la pretensi\u00f3n y defensa 1. S\u00edntesis del fallo 2. Conclusi\u00f3n Ficha N\u00ba 17: Delito de tr\u00e1fico de sustancias estupefacientes o sicotr\u00f3picas. Multa. Recurso de nulidad. An\u00e1lisis de la pretensi\u00f3n y defensa 1. S\u00edntesis del fallo 2. Conclusi\u00f3n III. SENTENCIAS DE LA CORTE SUPREMA \u2013 LEY 20.000. Sentencia 1. Sentencia 2. Sentencia 3. Sentencia 4. Sentencia 5. Sentencia 6. Sentencia 7. Sentencia 8. Sentencia 9. Sentencia 10. Sentencia 11. Sentencia 12. Sentencia 13. Sentencia 14. Sentencia 15. Sentencia 16. Sentencia 17. LEGISLACI\u00d3N Ley N\u00b0 20.000. Sustituye la ley N\u00ba 19.366, que sanciona el trafico il\u00edcito de estupefacientes y sustancias sicotr\u00f3picas Decreto N\u00b0 867. Aprueba reglamento de la ley N\u00ba 20.000 que sanciona el tr\u00e1fico il\u00edcito de estupefacientes y sustancias sicotr\u00f3picas y sustituye la ley N\u00ba 19.366. Decreto N\u00b0 143. Reglamento del registro especial de faltas por tr\u00e1fico il\u00edcito de estupefacientes y sustancias sicotr\u00f3picas Decreto N\u00b0 4. Aprueba reglamento de centros de tratamiento y rehabilitaci\u00f3n de personas con consumo perjudicial o dependencia a alcohol y\/o drogas<\/p>\n","protected":false},"featured_media":2970,"comment_status":"open","ping_status":"closed","template":"","meta":{"inline_featured_image":false,"_joinchat":[]},"product_brand":[],"product_cat":[30],"product_tag":[],"class_list":{"0":"post-2921","1":"product","2":"type-product","3":"status-publish","4":"has-post-thumbnail","6":"product_cat-penal","7":"product_shipping_class-a-convenir","9":"first","10":"instock","11":"shipping-taxable","12":"purchasable","13":"product-type-simple"},"_links":{"self":[{"href":"https:\/\/bibliotecajuridicavirtual.cl\/index.php\/wp-json\/wp\/v2\/product\/2921","targetHints":{"allow":["GET"]}}],"collection":[{"href":"https:\/\/bibliotecajuridicavirtual.cl\/index.php\/wp-json\/wp\/v2\/product"}],"about":[{"href":"https:\/\/bibliotecajuridicavirtual.cl\/index.php\/wp-json\/wp\/v2\/types\/product"}],"replies":[{"embeddable":true,"href":"https:\/\/bibliotecajuridicavirtual.cl\/index.php\/wp-json\/wp\/v2\/comments?post=2921"}],"wp:featuredmedia":[{"embeddable":true,"href":"https:\/\/bibliotecajuridicavirtual.cl\/index.php\/wp-json\/wp\/v2\/media\/2970"}],"wp:attachment":[{"href":"https:\/\/bibliotecajuridicavirtual.cl\/index.php\/wp-json\/wp\/v2\/media?parent=2921"}],"wp:term":[{"taxonomy":"product_brand","embeddable":true,"href":"https:\/\/bibliotecajuridicavirtual.cl\/index.php\/wp-json\/wp\/v2\/product_brand?post=2921"},{"taxonomy":"product_cat","embeddable":true,"href":"https:\/\/bibliotecajuridicavirtual.cl\/index.php\/wp-json\/wp\/v2\/product_cat?post=2921"},{"taxonomy":"product_tag","embeddable":true,"href":"https:\/\/bibliotecajuridicavirtual.cl\/index.php\/wp-json\/wp\/v2\/product_tag?post=2921"}],"curies":[{"name":"wp","href":"https:\/\/api.w.org\/{rel}","templated":true}]}}