{"id":2923,"date":"2026-02-28T01:07:13","date_gmt":"2026-02-28T04:07:13","guid":{"rendered":"https:\/\/bibliotecajuridicavirtual.cl\/?post_type=product&#038;p=2923"},"modified":"2026-02-28T01:07:42","modified_gmt":"2026-02-28T04:07:42","slug":"curso-de-derecho-procesal-penal-disposiciones-generales-investigacion-preliminar-y-procedimiento-ordinario-ano-agosto-2023-740-pag-autor-andres-cruz-carrasco","status":"publish","type":"product","link":"https:\/\/bibliotecajuridicavirtual.cl\/index.php\/product\/curso-de-derecho-procesal-penal-disposiciones-generales-investigacion-preliminar-y-procedimiento-ordinario-ano-agosto-2023-740-pag-autor-andres-cruz-carrasco\/","title":{"rendered":"Curso de Derecho Procesal Penal &#8211; Disposiciones Generales, Investigaci\u00f3n Preliminar y Procedimiento Ordinario. A\u00f1o Agosto 2023\/ 740 P\u00e1g. Autor Andr\u00e9s Cruz  Carrasco"},"content":{"rendered":"<div dir=\"ltr\">\n<div dir=\"ltr\">\n<div>\n<div>\n<div>\n<div dir=\"auto\">\n<p>El derecho procesal penal ha ido mutando de manera significativa desde que la, a\u00fan llamada de forma impropia, reforma procesal penal entr\u00f3 en vigor en nuestro pa\u00eds. Estos cambios han permitido recoger las decisiones de pol\u00edtica procesal criminal que han pretendido\u00a0perfeccionar el modelo, adapt\u00e1ndolo a los nuevos desaf\u00edos persecutorios y de criminalidad, aunque a veces tambi\u00e9n respondiendo a demandas ciudadanas por mayor seguridad. En este trabajo se exponen los lineamientos esenciales de este ordenamiento jur\u00eddico, con sus\u00a0fundamentos, doctrinas y jurisprudencia m\u00e1s actuales, referidos de forma sint\u00e9tica, para que sea \u00fatil para la formaci\u00f3n de estudiantes, introducci\u00f3n en la disciplina y uso en el foro. La obra no pretende dar todas las respuestas, sino presentar las principales discusiones y plantear las posiciones existentes, tomando partido cuando se ha estimado necesario. Se acota a lo que son las disposiciones generales, la etapa de la investigaci\u00f3n preliminar que dirige el Ministerio P\u00fablico, con las \u00faltimas modificaciones introducidas para el combate contra<\/p>\n<p>la criminalidad organizada, la etapa intermedia y la etapa de juicio oral, concentr\u00e1ndose en estas tem\u00e1ticas sin que se pasen por alto problemas pr\u00e1cticos que en obras de mayor extensi\u00f3n suelen obviarse<\/p>\n<p lang=\"es-ES\">I. INTRODUCCI\u00d3N<\/p>\n<p lang=\"es-ES\">II. EL PROCESO PENAL<\/p>\n<p lang=\"es-ES\">1. Derecho procesal<\/p>\n<p lang=\"es-ES\">2. Breves referencias hist\u00f3ricas del proceso penal<\/p>\n<p lang=\"es-ES\">3. Derecho procesal penal<\/p>\n<p lang=\"es-ES\">4. Derecho procesal penal y derecho penal<\/p>\n<p lang=\"es-ES\">5. Derecho procesal penal y derecho constitucional<\/p>\n<p lang=\"es-ES\">6. Sistemas procesales penales<\/p>\n<p lang=\"es-ES\">7. Historia de la concepci\u00f3n e implementaci\u00f3n de la reforma procesal penal en Chile<\/p>\n<p lang=\"es-ES\">8. La acci\u00f3n penal<\/p>\n<p lang=\"es-ES\">a. Concepto<\/p>\n<p lang=\"es-ES\">b. Clasificaci\u00f3n<\/p>\n<p lang=\"es-ES\">c. A qui\u00e9n debemos entender por v\u00edctima de un delito<\/p>\n<p lang=\"es-ES\">d. Contra qui\u00e9n se puede deducir la acci\u00f3n.<\/p>\n<p lang=\"es-ES\">e. \u00bfDesde y hasta cu\u00e1ndo puede impetrarse la acci\u00f3n?<\/p>\n<p lang=\"es-ES\">f. \u00bfCu\u00e1l es el medio para conducir la acci\u00f3n penal?<\/p>\n<p lang=\"es-ES\">1. De oficio<\/p>\n<p lang=\"es-ES\">2. Por denuncia<\/p>\n<p lang=\"es-ES\">2. 1. Procedencia y concepto<\/p>\n<p lang=\"es-ES\">2. 2. Ante qui\u00e9n se interpone<\/p>\n<p lang=\"es-ES\">2. 3. Contenido<\/p>\n<p lang=\"es-ES\">2. 4. Denuncia obligatoria<\/p>\n<p lang=\"es-ES\">2. 5. Responsabilidad y derechos del denunciante<\/p>\n<p lang=\"es-ES\">2. 6. Autodenuncia<\/p>\n<p lang=\"es-ES\">2. 7. Situaci\u00f3n especial de la denuncia del ni\u00f1o, ni\u00f1a o adolescente v\u00edctima de delitos sexuales<\/p>\n<p lang=\"es-ES\">3. La querella<\/p>\n<p lang=\"es-ES\">3. 1. Qui\u00e9n puede deducirla<\/p>\n<p lang=\"es-ES\">3. 2. Existe prohibici\u00f3n de querellarse entre s\u00ed respecto de las personas se\u00f1aladas en el art\u00edculo\u00a0116 del CPP, por delitos se acci\u00f3n p\u00fablica y privada<\/p>\n<p lang=\"es-ES\">3. 3. Oportunidad para presentar la querella<\/p>\n<p lang=\"es-ES\">3. 4. Requisitos y remisi\u00f3n de la querella<\/p>\n<p lang=\"es-ES\">3. 5. Inadmisibilidad de la querella<\/p>\n<p lang=\"es-ES\">3. 6. Desistimiento de la querella<\/p>\n<p lang=\"es-ES\">3. 7. Abandono de la querella<\/p>\n<p lang=\"es-ES\">9. La acci\u00f3n civil<\/p>\n<p lang=\"es-ES\">a. Consideraciones preliminares<\/p>\n<p lang=\"es-ES\">b. Clasificaci\u00f3n<\/p>\n<p lang=\"es-ES\">c. D\u00f3nde y qui\u00e9nes pueden deducir estas acciones civiles<\/p>\n<p lang=\"es-ES\">d. C\u00f3mo se impetra la acci\u00f3n civil<\/p>\n<p lang=\"es-ES\">e. Preparaci\u00f3n de la demanda civil<\/p>\n<p lang=\"es-ES\">f. Desistimiento y abandono de la acci\u00f3n civil<\/p>\n<p lang=\"es-ES\">g. Incidentes y excepciones relacionados con la acci\u00f3n civil<\/p>\n<p lang=\"es-ES\">h. Excepciones civiles<\/p>\n<p lang=\"es-ES\">i. La sentencia penal y sus efectos civiles<\/p>\n<p lang=\"es-ES\">j. Prueba de la acci\u00f3n civil<\/p>\n<p lang=\"es-ES\">k. T\u00e9rmino o suspensi\u00f3n del proceso penal y efectos sobre la acci\u00f3n civil<\/p>\n<p lang=\"es-ES\">l. Ejecuci\u00f3n de la sentencia civil<\/p>\n<p lang=\"es-ES\">m. Acci\u00f3n civil y excepciones por la indemnizaci\u00f3n de perjuicios de la v\u00edctima de un delito econ\u00f3mico<\/p>\n<p lang=\"es-ES\">m. 1. La acci\u00f3n civil por la indemnizaci\u00f3n de perjuicios de la v\u00edctima de delitos econ\u00f3micos<\/p>\n<p lang=\"es-ES\">m. 2. Excepciones al ejercicio de la acci\u00f3n civil por la indemnizaci\u00f3n de perjuicios de la v\u00edctima de delitos econ\u00f3micos<\/p>\n<p lang=\"es-ES\">n. Acci\u00f3n especial para el comiso de ganancias<\/p>\n<p lang=\"es-ES\">10. Fuentes e interpretaci\u00f3n en el proceso penal<\/p>\n<p lang=\"es-ES\">10. 1. Fuentes del derecho procesal penal<\/p>\n<p lang=\"es-ES\">1. Fuentes directas o inmediatas<\/p>\n<p lang=\"es-ES\">a. La Constituci\u00f3n Pol\u00edtica de la Rep\u00fablica<\/p>\n<p lang=\"es-ES\">b. Los tratados internacionales<\/p>\n<p lang=\"es-ES\">c. Leyes ordinarias<\/p>\n<p lang=\"es-ES\">d. Hay una multiplicidad de otros tratados internacionales<\/p>\n<p lang=\"es-ES\">2. Fuentes mediatas o indirectas<\/p>\n<p lang=\"es-ES\">a. La jurisprudencia<\/p>\n<p lang=\"es-ES\">b. La doctrina<\/p>\n<p lang=\"es-ES\">c. La costumbre<\/p>\n<p lang=\"es-ES\">10. 2. Interpretaci\u00f3n de las disposiciones jur\u00eddicas procesales penales<\/p>\n<p lang=\"es-ES\">a. Aspectos generales<\/p>\n<p lang=\"es-ES\">b. Consideraciones respecto de las normas de interpretaci\u00f3n contenidas en el C\u00f3digo Civil<\/p>\n<p lang=\"es-ES\">c. Interpretaci\u00f3n procesal penal<\/p>\n<p lang=\"es-ES\">11. Garant\u00edas fundamentales en el proceso penal y principios del C\u00f3digo Procesal Penal<\/p>\n<p lang=\"es-ES\">11. 1. La igual protecci\u00f3n de la ley en el ejercicio de los derechos y el procedimiento e investigaci\u00f3n racionales y justos. El derecho a tutela judicial efectiva y al debido proceso en Chile<\/p>\n<p lang=\"es-ES\">A. Tutela judicial efectiva<\/p>\n<p lang=\"es-ES\">A. 1. El derecho de acceso a la justicia<\/p>\n<p lang=\"es-ES\">A. 2. Derecho a que el tribunal resuelva las pretensiones conforme a derecho<\/p>\n<p lang=\"es-ES\">A. 3. Derecho a la efectividad de las resoluciones judiciales<\/p>\n<p lang=\"es-ES\">B. El debido proceso penal<\/p>\n<p lang=\"es-ES\">B. 1. Derecho a un tribunal independiente e imparcial<\/p>\n<p lang=\"es-ES\">B. 2. Derecho a un tribunal predeterminado por la ley y a un proceso previo legalmente tramitado<\/p>\n<p lang=\"es-ES\">B. 3. Derecho a la defensa jur\u00eddica<\/p>\n<p lang=\"es-ES\">B. 4. La presunci\u00f3n de inocencia<\/p>\n<p lang=\"es-ES\">B. 5. Derecho a un proceso oral y p\u00fablico<\/p>\n<p lang=\"es-ES\">B. 6. Derecho a un proceso sin dilaciones indebidas<\/p>\n<p lang=\"es-ES\">B. 7. Derecho a una sentencia motivada<\/p>\n<p lang=\"es-ES\">C. Principios del proceso penal chileno<\/p>\n<p lang=\"es-ES\">C. 1. Principio de oficialidad<\/p>\n<p lang=\"es-ES\">C. 2. Principio acusatorio<\/p>\n<p lang=\"es-ES\">C. 3. Principio de legalidad<\/p>\n<p lang=\"es-ES\">C. 4. Principio de la justicia especializada para adolescentes<\/p>\n<p lang=\"es-ES\">C. 5. Principio de la buena fe<\/p>\n<p lang=\"es-ES\">11. 2. Aplicaci\u00f3n de las normas procesales penales en el espacio y respecto de las personas<\/p>\n<p lang=\"es-ES\">12. Disposiciones procedimentales b\u00e1sicas de aplicaci\u00f3n general<\/p>\n<p lang=\"es-ES\">a. Los plazos<\/p>\n<p lang=\"es-ES\">b. Comunicaciones entre autoridades<\/p>\n<p lang=\"es-ES\">c. Comunicaciones y citaciones del ministerio p\u00fablico<\/p>\n<p lang=\"es-ES\">d. Notificaciones y citaciones judiciales<\/p>\n<p lang=\"es-ES\">e. Resoluciones y actuaciones judiciales<\/p>\n<p lang=\"es-ES\">f. Registro de las actuaciones judiciales<\/p>\n<p lang=\"es-ES\">g. Las costas<\/p>\n<p lang=\"es-ES\">h. Normas supletorias<\/p>\n<p lang=\"es-ES\">i. La nulidad procesal<\/p>\n<p lang=\"es-ES\">1. Procedencia<\/p>\n<p lang=\"es-ES\">2. Tramitaci\u00f3n del incidente de nulidad procesal<\/p>\n<p lang=\"es-ES\">3. Titulares de la solicitud de nulidad procesal<\/p>\n<p lang=\"es-ES\">4. Nulidad de oficio<\/p>\n<p lang=\"es-ES\">5. Saneamiento de la nulidad<\/p>\n<p lang=\"es-ES\">6. Efectos de la declaraci\u00f3n de nulidad<\/p>\n<p lang=\"es-ES\">7. Preparaci\u00f3n del recurso de nulidad<\/p>\n<p lang=\"es-ES\">13. Sujetos procesales<\/p>\n<p lang=\"es-ES\">13. 1. Los tribunales de justicia<\/p>\n<p lang=\"es-ES\">a. Los juzgados de garant\u00eda<\/p>\n<p lang=\"es-ES\">b. Los tribunales de juicio oral en lo penal<\/p>\n<p lang=\"es-ES\">c. Los comit\u00e9s de jueces, la organizaci\u00f3n de los tribunales y la inhabilitaci\u00f3n de jueces<\/p>\n<p lang=\"es-ES\">d. Juzgados de competencia com\u00fan<\/p>\n<p lang=\"es-ES\">e. Las cortes de apelaciones<\/p>\n<p lang=\"es-ES\">f. La Corte Suprema<\/p>\n<p lang=\"es-ES\">g. El Tribunal Constitucional<\/p>\n<p lang=\"es-ES\">h. Los tribunales militares<\/p>\n<p lang=\"es-ES\">i. Corte Penal Internacional<\/p>\n<p lang=\"es-ES\">j. Corte Interamericana de Derechos Humanos<\/p>\n<p lang=\"es-ES\">k. La competencia<\/p>\n<p lang=\"es-ES\">1. La competencia absoluta<\/p>\n<p lang=\"es-ES\">2. La competencia relativa<\/p>\n<p lang=\"es-ES\">3. Facultad del ministerio p\u00fablico de agrupar investigaciones y la competencia de los tribunales criminales<\/p>\n<p lang=\"es-ES\">4. Unificaci\u00f3n de penas<\/p>\n<p lang=\"es-ES\">13. 2. Ministerio P\u00fablico<\/p>\n<p lang=\"es-ES\">a. Concerniente al principio de oficialidad<\/p>\n<p lang=\"es-ES\">b. En lo relativo al ejercicio de la acci\u00f3n penal<\/p>\n<p lang=\"es-ES\">c. En cuanto a la obligaci\u00f3n de proteger a las v\u00edctimas y a los testigos<\/p>\n<p lang=\"es-ES\">d. La fiscal\u00eda debe desarrollar una investigaci\u00f3n que sea necesariamente objetiva<\/p>\n<p lang=\"es-ES\">e. Estructura org\u00e1nica<\/p>\n<p lang=\"es-ES\">f. Principios que orientan el obrar de la Fiscal\u00eda<\/p>\n<p lang=\"es-ES\">g. Sistemas de control<\/p>\n<p lang=\"es-ES\">h. Responsabilidades<\/p>\n<p lang=\"es-ES\">i. Los superiores jer\u00e1rquicos pueden establecer instrucciones generales y particulares<\/p>\n<p lang=\"es-ES\">13. 3. La polic\u00eda<\/p>\n<p lang=\"es-ES\">a. La Polic\u00eda de Investigaciones de Chile (PDI)<\/p>\n<p lang=\"es-ES\">b. Carabineros de Chile<\/p>\n<p lang=\"es-ES\">c. Gendarmer\u00eda de Chile<\/p>\n<p lang=\"es-ES\">d. La Polic\u00eda mar\u00edtima<\/p>\n<p lang=\"es-ES\">e. Las Fuerzas Armadas<\/p>\n<p lang=\"es-ES\">1. Consideraciones preliminares<\/p>\n<p lang=\"es-ES\">2. Actuaciones que puede desarrollar la polic\u00eda sin orden previa<\/p>\n<p lang=\"es-ES\">3. Instrucciones<\/p>\n<p lang=\"es-ES\">4. Registros<\/p>\n<p lang=\"es-ES\">5. Prohibiciones<\/p>\n<p lang=\"es-ES\">13. 4. El imputado<\/p>\n<p lang=\"es-ES\">a. Concepto<\/p>\n<p lang=\"es-ES\">b. Derechos<\/p>\n<p lang=\"es-ES\">c. Imputado privado de libertad<\/p>\n<p lang=\"es-ES\">d. Deber de registro<\/p>\n<p lang=\"es-ES\">e. Acci\u00f3n especial de amparo ante el juez de garant\u00eda<\/p>\n<p lang=\"es-ES\">f. Aplicaci\u00f3n de las normas relativas al imputado a las personas jur\u00eddicas<\/p>\n<p lang=\"es-ES\">13. 5. La defensa<\/p>\n<p lang=\"es-ES\">a. Consideraciones generales<\/p>\n<p lang=\"es-ES\">b. Oportunidad para la designaci\u00f3n del abogado defensor<\/p>\n<p lang=\"es-ES\">c. Ausencia y renuncia del defensor<\/p>\n<p lang=\"es-ES\">d. Derechos y facultades del defensor<\/p>\n<p lang=\"es-ES\">e. Defensa de varios imputados<\/p>\n<p lang=\"es-ES\">f. La Defensor\u00eda Penal P\u00fablica<\/p>\n<p lang=\"es-ES\">13. 6. La v\u00edctima<\/p>\n<p lang=\"es-ES\">a. Consideraciones generales<\/p>\n<p lang=\"es-ES\">b. Concepto<\/p>\n<p lang=\"es-ES\">c. Derechos de la v\u00edctima<\/p>\n<p lang=\"es-ES\">i. Solicitar medidas de protecci\u00f3n<\/p>\n<p lang=\"es-ES\">ii. Presentar querella<\/p>\n<p lang=\"es-ES\">iii. Ejercer contra el imputado acciones<\/p>\n<p lang=\"es-ES\">iv. Ser o\u00edda, si lo solicitare, por el fiscal<\/p>\n<p lang=\"es-ES\">v. Ser o\u00edda, si lo solicitare, por el tribunal.<\/p>\n<p lang=\"es-ES\">vi. Impugnar el sobreseimiento temporal o definitivo o la sentencia absolutoria<\/p>\n<p lang=\"es-ES\">vii. Trat\u00e1ndose de los delitos se\u00f1alados en los art\u00edculos 141 inciso final, 142, inciso final, 150 A, 150 D, 361 a 363, 365 bis, 366 incisos primero y segundo, 366 bis, 366 qu\u00e1ter, 367, 367 ter, 372 bis, 411 qu\u00e1ter cuando se cometan con fines de explotaci\u00f3n sexual, y 433 N\u00ba 1, en relaci\u00f3n con la violaci\u00f3n, todas disposiciones del CP, as\u00ed como cualquier delito sobre violencia en contra de las mujeres, las v\u00edctimas tienen los derechos especialmente considerados en los incisos 2\u00ba y 3\u00ba del art\u00edculo 109 del CPP.<\/p>\n<p lang=\"es-ES\">viii. Prevenci\u00f3n de la victimizaci\u00f3n secundaria<\/p>\n<p lang=\"es-ES\">ix. Con arreglo a lo dispuesto en el art\u00edculo110 bis del CPP, en caso de ni\u00f1os, ni\u00f1as y adolescentes v\u00edctimas de delitos sexuales, que carezcan de representante legal o cuando, por motivos fundados, se estimare que sus intereses son independientes o contradictorios con los de aquel a quien corresponda representarlos, el juez podr\u00e1 designarles un curador\u00a0ad litem\u00a0de cualquier instituci\u00f3n que se dedique a la defensa, promoci\u00f3n o protecci\u00f3n de los derechos de la infancia.<\/p>\n<p lang=\"es-ES\">13. 7. El querellante<\/p>\n<p lang=\"es-ES\">14. El procedimiento ordinario<\/p>\n<p lang=\"es-ES\">14. 1. Consideraciones preliminares<\/p>\n<p lang=\"es-ES\">a. Desfomalizada<\/p>\n<p lang=\"es-ES\">a. 1. Preliminar puramente administrativa<\/p>\n<p lang=\"es-ES\">a. 2. Preliminar judicializada<\/p>\n<p lang=\"es-ES\">b. Formalizada<\/p>\n<p lang=\"es-ES\">14. 2. La investigaci\u00f3n<\/p>\n<p lang=\"es-ES\">a. Desarrollo de la investigaci\u00f3n<\/p>\n<p lang=\"es-ES\">b. Investigaci\u00f3n para la determinaci\u00f3n de la responsabilidad penal de adolescentes<\/p>\n<p lang=\"es-ES\">c. T\u00e9rminos anticipados<\/p>\n<p lang=\"es-ES\">c. 1. Los que requieren que no haya existido intervenci\u00f3n del juez de garant\u00eda<\/p>\n<p lang=\"es-ES\">c. 2. T\u00e9rmino anticipado para el que es indiferente la intervenci\u00f3n del juez de garant\u00eda<\/p>\n<p lang=\"es-ES\">d. Diligencias especialmente reglamentadas<\/p>\n<p lang=\"es-ES\">1. Objetos, documentos e instrumentos y conservaci\u00f3n de especies<\/p>\n<p lang=\"es-ES\">2. Enajenaci\u00f3n temprana de especies<\/p>\n<p lang=\"es-ES\">3. Las Pruebas caligr\u00e1ficas<\/p>\n<p lang=\"es-ES\">4. Entrada y registro<\/p>\n<p lang=\"es-ES\">5. Retenci\u00f3n e incautaci\u00f3n de correspondencia<\/p>\n<p lang=\"es-ES\">6. Preservaci\u00f3n provisoria de datos inform\u00e1ticos<\/p>\n<p lang=\"es-ES\">7. Registros de llamadas y otros antecedentes de tr\u00e1fico comunicacional<\/p>\n<p lang=\"es-ES\">8. Interceptaci\u00f3n de comunicaciones<\/p>\n<p lang=\"es-ES\">9. Diligencias especiales de investigaci\u00f3n aplicables para casos de criminalidad organizada<\/p>\n<p lang=\"es-ES\">10. Copias de comunicaciones o transmisiones<\/p>\n<p lang=\"es-ES\">11. Ex\u00e1menes corporales<\/p>\n<p lang=\"es-ES\">12. Los testigos ante el Ministerio P\u00fablico<\/p>\n<p lang=\"es-ES\">13. Informe de peritos<\/p>\n<p lang=\"es-ES\">14. Otras diligencias de investigaci\u00f3n<\/p>\n<p lang=\"es-ES\">15. Solicitud de medidas intrusivas<\/p>\n<p lang=\"es-ES\">17. Acceso a los registros de la investigaci\u00f3n y principio de publicidad<\/p>\n<p lang=\"es-ES\">18. Proposici\u00f3n de diligencias y asistencia a \u00e9stas<\/p>\n<p lang=\"es-ES\">19. Agrupaci\u00f3n y separaci\u00f3n de investigaciones<\/p>\n<p lang=\"es-ES\">20. Control judicial anterior a la formalizaci\u00f3n de la investigaci\u00f3n<\/p>\n<p lang=\"es-ES\">14. 3. La formalizaci\u00f3n de la investigaci\u00f3n<\/p>\n<p lang=\"es-ES\">\n<\/div>\n<\/div>\n<\/div>\n<\/div>\n<\/div>\n<\/div>\n<div class=\"iX\">&#8230;<\/div>\n","protected":false},"excerpt":{"rendered":"<p>El derecho procesal penal ha ido mutando de manera significativa desde que la, a\u00fan llamada de forma impropia, reforma procesal penal entr\u00f3 en vigor en nuestro pa\u00eds. Estos cambios han permitido recoger las decisiones de pol\u00edtica procesal criminal que han pretendido\u00a0perfeccionar el modelo, adapt\u00e1ndolo a los nuevos desaf\u00edos persecutorios y de criminalidad, aunque a veces tambi\u00e9n respondiendo a demandas ciudadanas por mayor seguridad. En este trabajo se exponen los lineamientos esenciales de este ordenamiento jur\u00eddico, con sus\u00a0fundamentos, doctrinas y jurisprudencia m\u00e1s actuales, referidos de forma sint\u00e9tica, para que sea \u00fatil para la formaci\u00f3n de estudiantes, introducci\u00f3n en la disciplina y uso en el foro. La obra no pretende dar todas las respuestas, sino presentar las principales discusiones y plantear las posiciones existentes, tomando partido cuando se ha estimado necesario. Se acota a lo que son las disposiciones generales, la etapa de la investigaci\u00f3n preliminar que dirige el Ministerio P\u00fablico, con las \u00faltimas modificaciones introducidas para el combate contra la criminalidad organizada, la etapa intermedia y la etapa de juicio oral, concentr\u00e1ndose en estas tem\u00e1ticas sin que se pasen por alto problemas pr\u00e1cticos que en obras de mayor extensi\u00f3n suelen obviarse I. INTRODUCCI\u00d3N II. EL PROCESO PENAL 1. Derecho procesal 2. Breves referencias hist\u00f3ricas del proceso penal 3. Derecho procesal penal 4. Derecho procesal penal y derecho penal 5. Derecho procesal penal y derecho constitucional 6. Sistemas procesales penales 7. Historia de la concepci\u00f3n e implementaci\u00f3n de la reforma procesal penal en Chile 8. La acci\u00f3n penal a. Concepto b. Clasificaci\u00f3n c. A qui\u00e9n debemos entender por v\u00edctima de un delito d. Contra qui\u00e9n se puede deducir la acci\u00f3n. e. \u00bfDesde y hasta cu\u00e1ndo puede impetrarse la acci\u00f3n? f. \u00bfCu\u00e1l es el medio para conducir la acci\u00f3n penal? 1. De oficio 2. Por denuncia 2. 1. Procedencia y concepto 2. 2. Ante qui\u00e9n se interpone 2. 3. Contenido 2. 4. Denuncia obligatoria 2. 5. Responsabilidad y derechos del denunciante 2. 6. Autodenuncia 2. 7. Situaci\u00f3n especial de la denuncia del ni\u00f1o, ni\u00f1a o adolescente v\u00edctima de delitos sexuales 3. La querella 3. 1. Qui\u00e9n puede deducirla 3. 2. Existe prohibici\u00f3n de querellarse entre s\u00ed respecto de las personas se\u00f1aladas en el art\u00edculo\u00a0116 del CPP, por delitos se acci\u00f3n p\u00fablica y privada 3. 3. Oportunidad para presentar la querella 3. 4. Requisitos y remisi\u00f3n de la querella 3. 5. Inadmisibilidad de la querella 3. 6. Desistimiento de la querella 3. 7. Abandono de la querella 9. La acci\u00f3n civil a. Consideraciones preliminares b. Clasificaci\u00f3n c. D\u00f3nde y qui\u00e9nes pueden deducir estas acciones civiles d. C\u00f3mo se impetra la acci\u00f3n civil e. Preparaci\u00f3n de la demanda civil f. Desistimiento y abandono de la acci\u00f3n civil g. Incidentes y excepciones relacionados con la acci\u00f3n civil h. Excepciones civiles i. La sentencia penal y sus efectos civiles j. Prueba de la acci\u00f3n civil k. T\u00e9rmino o suspensi\u00f3n del proceso penal y efectos sobre la acci\u00f3n civil l. Ejecuci\u00f3n de la sentencia civil m. Acci\u00f3n civil y excepciones por la indemnizaci\u00f3n de perjuicios de la v\u00edctima de un delito econ\u00f3mico m. 1. La acci\u00f3n civil por la indemnizaci\u00f3n de perjuicios de la v\u00edctima de delitos econ\u00f3micos m. 2. Excepciones al ejercicio de la acci\u00f3n civil por la indemnizaci\u00f3n de perjuicios de la v\u00edctima de delitos econ\u00f3micos n. Acci\u00f3n especial para el comiso de ganancias 10. Fuentes e interpretaci\u00f3n en el proceso penal 10. 1. Fuentes del derecho procesal penal 1. Fuentes directas o inmediatas a. La Constituci\u00f3n Pol\u00edtica de la Rep\u00fablica b. Los tratados internacionales c. Leyes ordinarias d. Hay una multiplicidad de otros tratados internacionales 2. Fuentes mediatas o indirectas a. La jurisprudencia b. La doctrina c. La costumbre 10. 2. Interpretaci\u00f3n de las disposiciones jur\u00eddicas procesales penales a. Aspectos generales b. Consideraciones respecto de las normas de interpretaci\u00f3n contenidas en el C\u00f3digo Civil c. Interpretaci\u00f3n procesal penal 11. Garant\u00edas fundamentales en el proceso penal y principios del C\u00f3digo Procesal Penal 11. 1. La igual protecci\u00f3n de la ley en el ejercicio de los derechos y el procedimiento e investigaci\u00f3n racionales y justos. El derecho a tutela judicial efectiva y al debido proceso en Chile A. Tutela judicial efectiva A. 1. El derecho de acceso a la justicia A. 2. Derecho a que el tribunal resuelva las pretensiones conforme a derecho A. 3. Derecho a la efectividad de las resoluciones judiciales B. El debido proceso penal B. 1. Derecho a un tribunal independiente e imparcial B. 2. Derecho a un tribunal predeterminado por la ley y a un proceso previo legalmente tramitado B. 3. Derecho a la defensa jur\u00eddica B. 4. La presunci\u00f3n de inocencia B. 5. Derecho a un proceso oral y p\u00fablico B. 6. Derecho a un proceso sin dilaciones indebidas B. 7. Derecho a una sentencia motivada C. Principios del proceso penal chileno C. 1. Principio de oficialidad C. 2. Principio acusatorio C. 3. Principio de legalidad C. 4. Principio de la justicia especializada para adolescentes C. 5. Principio de la buena fe 11. 2. Aplicaci\u00f3n de las normas procesales penales en el espacio y respecto de las personas 12. Disposiciones procedimentales b\u00e1sicas de aplicaci\u00f3n general a. Los plazos b. Comunicaciones entre autoridades c. Comunicaciones y citaciones del ministerio p\u00fablico d. Notificaciones y citaciones judiciales e. Resoluciones y actuaciones judiciales f. Registro de las actuaciones judiciales g. Las costas h. Normas supletorias i. La nulidad procesal 1. Procedencia 2. Tramitaci\u00f3n del incidente de nulidad procesal 3. Titulares de la solicitud de nulidad procesal 4. Nulidad de oficio 5. Saneamiento de la nulidad 6. Efectos de la declaraci\u00f3n de nulidad 7. Preparaci\u00f3n del recurso de nulidad 13. Sujetos procesales 13. 1. Los tribunales de justicia a. Los juzgados de garant\u00eda b. Los tribunales de juicio oral en lo penal c. Los comit\u00e9s de jueces, la organizaci\u00f3n de los tribunales y la inhabilitaci\u00f3n de jueces d. Juzgados de competencia com\u00fan e. Las cortes de apelaciones f. La Corte Suprema g. El Tribunal Constitucional h. Los tribunales militares i. Corte Penal Internacional j. Corte Interamericana de Derechos Humanos k. La competencia 1. La competencia<\/p>\n","protected":false},"featured_media":2972,"comment_status":"open","ping_status":"closed","template":"","meta":{"inline_featured_image":false,"_joinchat":[]},"product_brand":[],"product_cat":[34,42],"product_tag":[],"class_list":{"0":"post-2923","1":"product","2":"type-product","3":"status-publish","4":"has-post-thumbnail","6":"product_cat-procesal-penal","7":"product_cat-thomson-reuters","8":"product_shipping_class-a-convenir","10":"first","11":"instock","12":"shipping-taxable","13":"purchasable","14":"product-type-simple"},"_links":{"self":[{"href":"https:\/\/bibliotecajuridicavirtual.cl\/index.php\/wp-json\/wp\/v2\/product\/2923","targetHints":{"allow":["GET"]}}],"collection":[{"href":"https:\/\/bibliotecajuridicavirtual.cl\/index.php\/wp-json\/wp\/v2\/product"}],"about":[{"href":"https:\/\/bibliotecajuridicavirtual.cl\/index.php\/wp-json\/wp\/v2\/types\/product"}],"replies":[{"embeddable":true,"href":"https:\/\/bibliotecajuridicavirtual.cl\/index.php\/wp-json\/wp\/v2\/comments?post=2923"}],"wp:featuredmedia":[{"embeddable":true,"href":"https:\/\/bibliotecajuridicavirtual.cl\/index.php\/wp-json\/wp\/v2\/media\/2972"}],"wp:attachment":[{"href":"https:\/\/bibliotecajuridicavirtual.cl\/index.php\/wp-json\/wp\/v2\/media?parent=2923"}],"wp:term":[{"taxonomy":"product_brand","embeddable":true,"href":"https:\/\/bibliotecajuridicavirtual.cl\/index.php\/wp-json\/wp\/v2\/product_brand?post=2923"},{"taxonomy":"product_cat","embeddable":true,"href":"https:\/\/bibliotecajuridicavirtual.cl\/index.php\/wp-json\/wp\/v2\/product_cat?post=2923"},{"taxonomy":"product_tag","embeddable":true,"href":"https:\/\/bibliotecajuridicavirtual.cl\/index.php\/wp-json\/wp\/v2\/product_tag?post=2923"}],"curies":[{"name":"wp","href":"https:\/\/api.w.org\/{rel}","templated":true}]}}