{"id":2926,"date":"2026-02-28T01:07:14","date_gmt":"2026-02-28T04:07:14","guid":{"rendered":"https:\/\/bibliotecajuridicavirtual.cl\/?post_type=product&#038;p=2926"},"modified":"2026-02-28T01:07:45","modified_gmt":"2026-02-28T04:07:45","slug":"sobre-la-imprescriptibilidad-de-los-delitos-de-corrupcion-con-fundamento-en-el-derecho-internacional-ano-septiembre-2023-143-pag-autor-marcelo-pablo-fortin-argentina","status":"publish","type":"product","link":"https:\/\/bibliotecajuridicavirtual.cl\/index.php\/product\/sobre-la-imprescriptibilidad-de-los-delitos-de-corrupcion-con-fundamento-en-el-derecho-internacional-ano-septiembre-2023-143-pag-autor-marcelo-pablo-fortin-argentina\/","title":{"rendered":"Sobre la Imprescriptibilidad de los Delitos de Corrupci\u00f3n con fundamento en el Derecho Internacional. A\u00f1o Septiembre 2023\/ 143 P\u00e1g. Autor Marcelo Pablo Fort\u00edn (Argentina)"},"content":{"rendered":"<p style=\"font-weight: 400;\"><b><strong>CAP\u00cdTULO I<\/strong><\/b><br \/>\n<b><strong>LA COMUNIDAD INTERNACIONAL Y LA CORRUPCI\u00d3N<\/strong><\/b><\/p>\n<ol>\n<li style=\"font-weight: 400;\">Introito<br \/>\n2. Manifestaciones anticorrupci\u00f3n de la ONU<br \/>\n3. Manifestaciones anticorrupci\u00f3n de la OEA<br \/>\n4. Otras manifestaciones anticorrupci\u00f3n<br \/>\n5. Resumen<\/li>\n<\/ol>\n<p style=\"font-weight: 400;\"><b><strong>CAP\u00cdTULO II<\/strong><\/b><br \/>\n<b><strong>EL FALLO DE LA SALA II DE LA C\u00c1MARA FEDERAL DE APELACIONES DE LA PLATA Y LA IMPRESCRIPTIBILIDAD<\/strong><\/b><\/p>\n<ol>\n<li style=\"font-weight: 400;\">El fallo y los fundamentos de derecho internacional<\/li>\n<\/ol>\n<p style=\"font-weight: 400;\"><b><strong>CAP\u00cdTULO III<\/strong><\/b><br \/>\n<b><strong>LA CORRUPCI\u00d3N COMO CRIMEN INTERNACIONAL<\/strong><\/b><\/p>\n<ol>\n<li style=\"font-weight: 400;\">Introito<br \/>\n2. Cr\u00edmenes internacionales stricto sensu (o contra el derecho de gentes) y cr\u00edmenestransnacionales<br \/>\n3. Corrupci\u00f3n como crimen transnacional<br \/>\n4. Corrupci\u00f3n como crimen internacional stricto sensu<br \/>\n5. Corrupci\u00f3n: \u00bfjus cogens?<br \/>\n6. La posici\u00f3n de la jueza Calitri: corrupci\u00f3n como crimen internacional stricto sensu (o contra el derecho de gentes)<br \/>\n7. Los posibles contraargumentos para considerar la corrupci\u00f3n como crimen internacional stricto sensu (o contra el derecho de gentes)<br \/>\n8. Similitudes entre el crimen de corrupci\u00f3n y los cr\u00edmenes internacionales stricto sensu (o contra el derecho de gentes)<br \/>\na) La corrupci\u00f3n y su capacidad para afectar la paz y la seguridad internacionales<br \/>\nb) El sujeto activo: el Estado<\/li>\n<\/ol>\n<p style=\"font-weight: 400;\"><b><strong>CAP\u00cdTULO IV<\/strong><\/b><br \/>\n<b><strong>CORRUPCI\u00d3N COMO CRIMEN INTERNACIONAL STRICTO SENSU (O CONTRA EL DERECHO DE GENTES) Y PRESCRIPCI\u00d3N<\/strong><\/b><\/p>\n<ol>\n<li style=\"font-weight: 400;\">Introito<br \/>\n2. Derecho de gentes y cr\u00edmenes contra el derecho de gentes<br \/>\n3. Derecho de gentes e inexistencia de prescripci\u00f3n en general<br \/>\n4. Derecho de gentes e inexistencia de prescripci\u00f3n penal<br \/>\n5. Consideraci\u00f3n<\/li>\n<\/ol>\n<p style=\"font-weight: 400;\"><b><strong>CAP\u00cdTULO V<\/strong><\/b><br \/>\n<b><strong>CORRUPCI\u00d3N COMO VIOLACI\u00d3N DE LOS DERECHOS HUMANOS Y COMO POSIBLE CRIMEN CONTRA LA HUMANIDAD<\/strong><\/b><\/p>\n<ol>\n<li style=\"font-weight: 400;\">Introito\n<p>2. Corrupci\u00f3n como violaci\u00f3n de los derechos humanos<\/p>\n<p>3. El crimen de corrupci\u00f3n como posible delito de lesa humanidad. Lo que dijo la jueza Calitri<\/p>\n<p>4. Sobre el alcance de la posici\u00f3n de la jueza Calitri<\/p>\n<p>5. Corrupci\u00f3n como uno de los \u201cotros actos inhumanos\u201d del art. 7.1 k del Estatuto de la Corte Penal Internacional<br \/>\na) La posici\u00f3n de la doctrina a favor<br \/>\nb) La posici\u00f3n de la doctrina en contra: falta del elemento subjetivo para la configuraci\u00f3n del crimen de lesa humanidad<br \/>\nc) La cuesti\u00f3n de la mens rea exigida por el art. 30 del Estatuto de Roma: \u00bfcomprende el dolo eventual?<br \/>\nd) Consideraci\u00f3n<\/li>\n<li style=\"font-weight: 400;\">Corrupci\u00f3n como \u201cexterminio\u201d, art. 7.1 b y 2 b del Estatuto de la Corte Penal Internacional<br \/>\na) La posici\u00f3n de la doctrina a favor<br \/>\nb) La posici\u00f3n de la doctrina en contra: falta de acreditaci\u00f3n del nexo causal y del elemento subjetivo<br \/>\nc) \u00bf\u201cExterminio\u201d solo mediante dolo directo de primer grado?<br \/>\nd) Consideraci\u00f3n<\/li>\n<\/ol>\n","protected":false},"excerpt":{"rendered":"<p>CAP\u00cdTULO I LA COMUNIDAD INTERNACIONAL Y LA CORRUPCI\u00d3N Introito 2. Manifestaciones anticorrupci\u00f3n de la ONU 3. Manifestaciones anticorrupci\u00f3n de la OEA 4. Otras manifestaciones anticorrupci\u00f3n 5. Resumen CAP\u00cdTULO II EL FALLO DE LA SALA II DE LA C\u00c1MARA FEDERAL DE APELACIONES DE LA PLATA Y LA IMPRESCRIPTIBILIDAD El fallo y los fundamentos de derecho internacional CAP\u00cdTULO III LA CORRUPCI\u00d3N COMO CRIMEN INTERNACIONAL Introito 2. Cr\u00edmenes internacionales stricto sensu (o contra el derecho de gentes) y cr\u00edmenestransnacionales 3. Corrupci\u00f3n como crimen transnacional 4. Corrupci\u00f3n como crimen internacional stricto sensu 5. Corrupci\u00f3n: \u00bfjus cogens? 6. La posici\u00f3n de la jueza Calitri: corrupci\u00f3n como crimen internacional stricto sensu (o contra el derecho de gentes) 7. Los posibles contraargumentos para considerar la corrupci\u00f3n como crimen internacional stricto sensu (o contra el derecho de gentes) 8. Similitudes entre el crimen de corrupci\u00f3n y los cr\u00edmenes internacionales stricto sensu (o contra el derecho de gentes) a) La corrupci\u00f3n y su capacidad para afectar la paz y la seguridad internacionales b) El sujeto activo: el Estado CAP\u00cdTULO IV CORRUPCI\u00d3N COMO CRIMEN INTERNACIONAL STRICTO SENSU (O CONTRA EL DERECHO DE GENTES) Y PRESCRIPCI\u00d3N Introito 2. Derecho de gentes y cr\u00edmenes contra el derecho de gentes 3. Derecho de gentes e inexistencia de prescripci\u00f3n en general 4. Derecho de gentes e inexistencia de prescripci\u00f3n penal 5. Consideraci\u00f3n CAP\u00cdTULO V CORRUPCI\u00d3N COMO VIOLACI\u00d3N DE LOS DERECHOS HUMANOS Y COMO POSIBLE CRIMEN CONTRA LA HUMANIDAD Introito 2. Corrupci\u00f3n como violaci\u00f3n de los derechos humanos 3. El crimen de corrupci\u00f3n como posible delito de lesa humanidad. Lo que dijo la jueza Calitri 4. Sobre el alcance de la posici\u00f3n de la jueza Calitri 5. Corrupci\u00f3n como uno de los \u201cotros actos inhumanos\u201d del art. 7.1 k del Estatuto de la Corte Penal Internacional a) La posici\u00f3n de la doctrina a favor b) La posici\u00f3n de la doctrina en contra: falta del elemento subjetivo para la configuraci\u00f3n del crimen de lesa humanidad c) La cuesti\u00f3n de la mens rea exigida por el art. 30 del Estatuto de Roma: \u00bfcomprende el dolo eventual? d) Consideraci\u00f3n Corrupci\u00f3n como \u201cexterminio\u201d, art. 7.1 b y 2 b del Estatuto de la Corte Penal Internacional a) La posici\u00f3n de la doctrina a favor b) La posici\u00f3n de la doctrina en contra: falta de acreditaci\u00f3n del nexo causal y del elemento subjetivo c) \u00bf\u201cExterminio\u201d solo mediante dolo directo de primer grado? d) Consideraci\u00f3n<\/p>\n","protected":false},"featured_media":2975,"comment_status":"open","ping_status":"closed","template":"","meta":{"inline_featured_image":false,"_joinchat":[]},"product_brand":[],"product_cat":[30],"product_tag":[],"class_list":{"0":"post-2926","1":"product","2":"type-product","3":"status-publish","4":"has-post-thumbnail","6":"product_cat-penal","7":"product_shipping_class-a-convenir","9":"first","10":"instock","11":"shipping-taxable","12":"purchasable","13":"product-type-simple"},"_links":{"self":[{"href":"https:\/\/bibliotecajuridicavirtual.cl\/index.php\/wp-json\/wp\/v2\/product\/2926","targetHints":{"allow":["GET"]}}],"collection":[{"href":"https:\/\/bibliotecajuridicavirtual.cl\/index.php\/wp-json\/wp\/v2\/product"}],"about":[{"href":"https:\/\/bibliotecajuridicavirtual.cl\/index.php\/wp-json\/wp\/v2\/types\/product"}],"replies":[{"embeddable":true,"href":"https:\/\/bibliotecajuridicavirtual.cl\/index.php\/wp-json\/wp\/v2\/comments?post=2926"}],"wp:featuredmedia":[{"embeddable":true,"href":"https:\/\/bibliotecajuridicavirtual.cl\/index.php\/wp-json\/wp\/v2\/media\/2975"}],"wp:attachment":[{"href":"https:\/\/bibliotecajuridicavirtual.cl\/index.php\/wp-json\/wp\/v2\/media?parent=2926"}],"wp:term":[{"taxonomy":"product_brand","embeddable":true,"href":"https:\/\/bibliotecajuridicavirtual.cl\/index.php\/wp-json\/wp\/v2\/product_brand?post=2926"},{"taxonomy":"product_cat","embeddable":true,"href":"https:\/\/bibliotecajuridicavirtual.cl\/index.php\/wp-json\/wp\/v2\/product_cat?post=2926"},{"taxonomy":"product_tag","embeddable":true,"href":"https:\/\/bibliotecajuridicavirtual.cl\/index.php\/wp-json\/wp\/v2\/product_tag?post=2926"}],"curies":[{"name":"wp","href":"https:\/\/api.w.org\/{rel}","templated":true}]}}