{"id":2946,"date":"2026-02-28T01:07:35","date_gmt":"2026-02-28T04:07:35","guid":{"rendered":"https:\/\/bibliotecajuridicavirtual.cl\/?post_type=product&#038;p=2946"},"modified":"2026-02-28T01:07:45","modified_gmt":"2026-02-28T04:07:45","slug":"procedimientos-concursales-ley-n-20-720-ano-marzo-2022-152-pag-autor-diego-rodriguez-gutierrez","status":"publish","type":"product","link":"https:\/\/bibliotecajuridicavirtual.cl\/index.php\/product\/procedimientos-concursales-ley-n-20-720-ano-marzo-2022-152-pag-autor-diego-rodriguez-gutierrez\/","title":{"rendered":"Procedimientos Concursales.  Ley N\u00b0 20.720. A\u00f1o Marzo 2022\/ 152 P\u00e1g. Autor Diego Rodr\u00edguez Guti\u00e9rrez"},"content":{"rendered":"<p style=\"font-weight: 400;\">La presente obra tiene por objeto exponer las principales instituciones de nuestra actual legislaci\u00f3n concursal y de insolvencia (Ley N\u00b0 20.720). A trav\u00e9s de un an\u00e1lisis sustantivo y adjetivo del concurso en Chile, se abordan los procedimientos aplicables a empresas deudoras y personas, su m\u00e1s relevante jurisprudencia y los criterios doctrinales m\u00e1s importantes respecto de su inteligencia e interpretaci\u00f3n.<\/p>\n<p style=\"font-weight: 400;\">En la primera parte, se describe brevemente la evoluci\u00f3n del derecho concursal en nuestro pa\u00eds y la necesidad del legislador de reformar el estatuto concursal, para posteriormente dedicar un cap\u00edtulo a los aspectos generales de la Ley N\u00ba 20.720, su \u00e1mbito de aplicaci\u00f3n, estructura y disposiciones comunes a los procedimientos que contempla. Asimismo, se detalla cada una de las herramientas contempladas en la ley, distinguiendo entre procesos de reestructuraci\u00f3n patrimonial (reorganizaci\u00f3n de empresa deudora y renegociaci\u00f3n de persona deudora) y aquellos de liquidaci\u00f3n de activos (liquidaci\u00f3n de empresa y persona deudora). Por \u00faltimo, se analiza el tratamiento de las acciones revocatorias concursales.<\/p>\n<p style=\"font-weight: 400;\">\n<ol>\n<li style=\"font-weight: 400;\"><b><strong> INSOLVENCIA EN CHILE<\/strong><\/b><\/li>\n<\/ol>\n<p style=\"font-weight: 400;\">1.1. Breve rese\u00f1a a la evoluci\u00f3n del derecho concursal chileno<br \/>\nA) Libro Cuarto del C\u00f3digo de Comercio de Ocampo (1867) y Ley No 4.558, de 1929<br \/>\nB) Ley No 18.175 y sus principales reformas<br \/>\n1.2. Ley No 20.720 sobre Reorganizaci\u00f3n y Liquidaci\u00f3n de Empresas y Personas Deudoras<br \/>\n1.3. La nueva justicia concursal en cifras, a ocho a\u00f1os de su entrada en vigencia<br \/>\n1.4. Bolet\u00edn 13802-03, proyecto de ley que moderniza los procedimientos concursales contemplados en la Ley No 20.720 y crea nuevos procedimientos para micro y peque\u00f1as empresas<\/p>\n<ol start=\"2\">\n<li style=\"font-weight: 400;\"><b><strong> LEY NO 20.720 SOBRE LIQUIDACI\u00d3N Y REORGANIZACI\u00d3N DE EMPRESA Y PERSONAS DEUDORAS. GENERALIDADES<\/strong><\/b><\/li>\n<\/ol>\n<p style=\"font-weight: 400;\">2.1. \u00c1mbito de aplicaci\u00f3n<br \/>\n2.2. Supuesto objetivo. Insolvencia en Chile<br \/>\n2.3. Supuesto subjetivo<br \/>\n2.4. Estructura<br \/>\n2.5. Disposiciones generales a los procedimientos<br \/>\nA) Definiciones<br \/>\nB) Competencia<br \/>\nC) Recursos<br \/>\nD) Incidentes<br \/>\nE) Notificaciones<br \/>\nF) Plazos<br \/>\nG) Exigibilidad<br \/>\n2.6. Administradores concursales. Veedor y liquidador<br \/>\nA) Veedor<br \/>\nB) Liquidador<\/p>\n<ol start=\"3\">\n<li style=\"font-weight: 400;\"><b><strong> PROCEDIMIENTOS DE REORGANIZACI\u00d3N DE EMPRESA DEUDORA Y DE RENEGOCIACI\u00d3N DE PERSONA DEUDORA<\/strong><\/b><\/li>\n<\/ol>\n<p style=\"font-weight: 400;\">3.1. Procedimiento de Reorganizaci\u00f3n de Empresa Deudora<br \/>\nA) Objetivos<br \/>\n3.2. Tramitaci\u00f3n del Procedimiento de Reorganizaci\u00f3n<br \/>\nA) Antecedentes<br \/>\nB) Nominaci\u00f3n del veedor<br \/>\nC) \u00bfRelatar\/acreditar insolvencia? Prerrogativas del juez<br \/>\nD) Resoluci\u00f3n de reorganizaci\u00f3n<br \/>\nE) Protecci\u00f3n financiera concursal<br \/>\na. Efectos judiciales<br \/>\nb. Efectos contractuales<br \/>\nc. Efectos administrativos<br \/>\nd. Plazos<br \/>\nF) Financiamiento y continuaci\u00f3n de actividades durante la protecci\u00f3n financiera concursal<br \/>\na. Continuidad del suministro (art. 72)<br \/>\nb. Venta de activos y contrataci\u00f3n de pr\u00e9stamos (art. 74)<br \/>\nc. Valoraci\u00f3n y fiscalizaci\u00f3n de activos<br \/>\nG) Fase de acuerdo<br \/>\na. Verificaci\u00f3n e impugnaci\u00f3n de cr\u00e9ditos<br \/>\ni. Verificaci\u00f3n<br \/>\nii. Impugnaci\u00f3n<br \/>\nb. Presentaci\u00f3n de la propuesta<br \/>\nc. Examen de la propuesta por parte del veedor<br \/>\nd. Conocimiento y votaci\u00f3n de la propuesta<br \/>\nH) Efectos del acuerdo<br \/>\nI) Ineficacia del acuerdo<br \/>\na. Rechazo<br \/>\nb. Impugnaci\u00f3n<br \/>\nc. Nulidad<br \/>\nd. Incumplimiento<br \/>\n3.3. Procedimiento de Renegociaci\u00f3n de Persona Deudora<br \/>\nA) \u00c1mbito de aplicaci\u00f3n<br \/>\nB) Requisitos<br \/>\nC) Solicitud de inicio del procedimiento<br \/>\nD) Etapas del procedimiento<br \/>\na. Resoluci\u00f3n de admisibilidad<br \/>\ni. Efectos de la resoluci\u00f3n<br \/>\nb. Audiencia de determinaci\u00f3n del pasivo<br \/>\nc. Audiencia de renegociaci\u00f3n<br \/>\nd. Audiencia de ejecuci\u00f3n<br \/>\nE) Impugnaci\u00f3n de los acuerdos de renegociaci\u00f3n y de ejecuci\u00f3n<br \/>\nF) Resoluci\u00f3n de t\u00e9rmino<\/p>\n<ol start=\"4\">\n<li style=\"font-weight: 400;\"><b><strong> PROCEDIMIENTO DE LIQUIDACI\u00d3N DE EMPRESA Y PERSONA DEUDORA<\/strong><\/b>\n<p>4.1. Clases de liquidaciones<br \/>\nA) Liquidaci\u00f3n voluntaria<br \/>\na. Antecedentes que deben acompa\u00f1ar la solicitud<br \/>\nb. Tramitaci\u00f3n<br \/>\nB) Liquidaci\u00f3n refleja<br \/>\nC) Liquidaci\u00f3n forzada<br \/>\na. Causales de liquidaci\u00f3n forzada<br \/>\nb. Tramitaci\u00f3n de la solicitud<br \/>\nc. Audiencia inicial<br \/>\nd. Juicio de oposici\u00f3n<br \/>\ni. Admisibilidad de la oposici\u00f3n<br \/>\nii. Audiencia de prueba<br \/>\niii. Audiencia de fallo<br \/>\n4.2. Efectos de la resoluci\u00f3n de liquidaci\u00f3n<br \/>\nA) Efectos sobre los bienes<br \/>\nB) Efectos respecto de las obligaciones<br \/>\nC) Efectos respecto de los juicios<br \/>\nD) Efectos respecto de los contratos<br \/>\n4.3. Determinaci\u00f3n del pasivo<br \/>\nA) Verificaci\u00f3n ordinaria<br \/>\nB) Objeci\u00f3n e impugnaci\u00f3n de cr\u00e9ditos<br \/>\nC) Verificaci\u00f3n extraordinaria<br \/>\n4.4. Realizaci\u00f3n de los activos<br \/>\nA) Realizaci\u00f3n simplificada o sumaria<br \/>\nB) Realizaci\u00f3n ordinaria<br \/>\nC) Normas especiales de realizaci\u00f3n del activo<br \/>\na. Oferta de compra directa<br \/>\nb. Leasing<br \/>\n4.5. T\u00e9rmino del procedimiento concursal de liquidaci\u00f3n<br \/>\nA) Por dictaci\u00f3n de la resoluci\u00f3n de t\u00e9rmino<br \/>\nB) Por acuerdo de reorganizaci\u00f3n judicial<\/p>\n<p><b><strong>5. ACCIONES REVOCATORIAS CONCURSALES<\/strong><\/b><\/p>\n<p>5.1. Aspectos generales<br \/>\n5.2. Revocabilidad objetiva<br \/>\nA) Causales<br \/>\nB) La actuaci\u00f3n jurisdiccional<br \/>\n5.3. Revocabilidad subjetiva<br \/>\nA) Requisitos de la revocabilidad subjetiva<br \/>\n5.4. Revocabilidad y las reformas a los pactos o estatutos sociales<br \/>\n5.5. Revocaci\u00f3n de actos ejecutados o contratos celebrados por una persona deudora<br \/>\n5.6. Sentencia de revocabilidad y sus efectos<br \/>\nA) Efectos entre las partes<br \/>\nB) Efectos respecto de terceros<br \/>\n5.7. Recursos<br \/>\n5.8. Costas y recompensas<\/li>\n<\/ol>\n","protected":false},"excerpt":{"rendered":"<p>La presente obra tiene por objeto exponer las principales instituciones de nuestra actual legislaci\u00f3n concursal y de insolvencia (Ley N\u00b0 20.720). A trav\u00e9s de un an\u00e1lisis sustantivo y adjetivo del concurso en Chile, se abordan los procedimientos aplicables a empresas deudoras y personas, su m\u00e1s relevante jurisprudencia y los criterios doctrinales m\u00e1s importantes respecto de su inteligencia e interpretaci\u00f3n. En la primera parte, se describe brevemente la evoluci\u00f3n del derecho concursal en nuestro pa\u00eds y la necesidad del legislador de reformar el estatuto concursal, para posteriormente dedicar un cap\u00edtulo a los aspectos generales de la Ley N\u00ba 20.720, su \u00e1mbito de aplicaci\u00f3n, estructura y disposiciones comunes a los procedimientos que contempla. Asimismo, se detalla cada una de las herramientas contempladas en la ley, distinguiendo entre procesos de reestructuraci\u00f3n patrimonial (reorganizaci\u00f3n de empresa deudora y renegociaci\u00f3n de persona deudora) y aquellos de liquidaci\u00f3n de activos (liquidaci\u00f3n de empresa y persona deudora). Por \u00faltimo, se analiza el tratamiento de las acciones revocatorias concursales. INSOLVENCIA EN CHILE 1.1. Breve rese\u00f1a a la evoluci\u00f3n del derecho concursal chileno A) Libro Cuarto del C\u00f3digo de Comercio de Ocampo (1867) y Ley No 4.558, de 1929 B) Ley No 18.175 y sus principales reformas 1.2. Ley No 20.720 sobre Reorganizaci\u00f3n y Liquidaci\u00f3n de Empresas y Personas Deudoras 1.3. La nueva justicia concursal en cifras, a ocho a\u00f1os de su entrada en vigencia 1.4. Bolet\u00edn 13802-03, proyecto de ley que moderniza los procedimientos concursales contemplados en la Ley No 20.720 y crea nuevos procedimientos para micro y peque\u00f1as empresas LEY NO 20.720 SOBRE LIQUIDACI\u00d3N Y REORGANIZACI\u00d3N DE EMPRESA Y PERSONAS DEUDORAS. GENERALIDADES 2.1. \u00c1mbito de aplicaci\u00f3n 2.2. Supuesto objetivo. Insolvencia en Chile 2.3. Supuesto subjetivo 2.4. Estructura 2.5. Disposiciones generales a los procedimientos A) Definiciones B) Competencia C) Recursos D) Incidentes E) Notificaciones F) Plazos G) Exigibilidad 2.6. Administradores concursales. Veedor y liquidador A) Veedor B) Liquidador PROCEDIMIENTOS DE REORGANIZACI\u00d3N DE EMPRESA DEUDORA Y DE RENEGOCIACI\u00d3N DE PERSONA DEUDORA 3.1. Procedimiento de Reorganizaci\u00f3n de Empresa Deudora A) Objetivos 3.2. Tramitaci\u00f3n del Procedimiento de Reorganizaci\u00f3n A) Antecedentes B) Nominaci\u00f3n del veedor C) \u00bfRelatar\/acreditar insolvencia? Prerrogativas del juez D) Resoluci\u00f3n de reorganizaci\u00f3n E) Protecci\u00f3n financiera concursal a. Efectos judiciales b. Efectos contractuales c. Efectos administrativos d. Plazos F) Financiamiento y continuaci\u00f3n de actividades durante la protecci\u00f3n financiera concursal a. Continuidad del suministro (art. 72) b. Venta de activos y contrataci\u00f3n de pr\u00e9stamos (art. 74) c. Valoraci\u00f3n y fiscalizaci\u00f3n de activos G) Fase de acuerdo a. Verificaci\u00f3n e impugnaci\u00f3n de cr\u00e9ditos i. Verificaci\u00f3n ii. Impugnaci\u00f3n b. Presentaci\u00f3n de la propuesta c. Examen de la propuesta por parte del veedor d. Conocimiento y votaci\u00f3n de la propuesta H) Efectos del acuerdo I) Ineficacia del acuerdo a. Rechazo b. Impugnaci\u00f3n c. Nulidad d. Incumplimiento 3.3. Procedimiento de Renegociaci\u00f3n de Persona Deudora A) \u00c1mbito de aplicaci\u00f3n B) Requisitos C) Solicitud de inicio del procedimiento D) Etapas del procedimiento a. Resoluci\u00f3n de admisibilidad i. Efectos de la resoluci\u00f3n b. Audiencia de determinaci\u00f3n del pasivo c. Audiencia de renegociaci\u00f3n d. Audiencia de ejecuci\u00f3n E) Impugnaci\u00f3n de los acuerdos de renegociaci\u00f3n y de ejecuci\u00f3n F) Resoluci\u00f3n de t\u00e9rmino PROCEDIMIENTO DE LIQUIDACI\u00d3N DE EMPRESA Y PERSONA DEUDORA 4.1. Clases de liquidaciones A) Liquidaci\u00f3n voluntaria a. Antecedentes que deben acompa\u00f1ar la solicitud b. Tramitaci\u00f3n B) Liquidaci\u00f3n refleja C) Liquidaci\u00f3n forzada a. Causales de liquidaci\u00f3n forzada b. Tramitaci\u00f3n de la solicitud c. Audiencia inicial d. Juicio de oposici\u00f3n i. Admisibilidad de la oposici\u00f3n ii. Audiencia de prueba iii. Audiencia de fallo 4.2. Efectos de la resoluci\u00f3n de liquidaci\u00f3n A) Efectos sobre los bienes B) Efectos respecto de las obligaciones C) Efectos respecto de los juicios D) Efectos respecto de los contratos 4.3. Determinaci\u00f3n del pasivo A) Verificaci\u00f3n ordinaria B) Objeci\u00f3n e impugnaci\u00f3n de cr\u00e9ditos C) Verificaci\u00f3n extraordinaria 4.4. Realizaci\u00f3n de los activos A) Realizaci\u00f3n simplificada o sumaria B) Realizaci\u00f3n ordinaria C) Normas especiales de realizaci\u00f3n del activo a. Oferta de compra directa b. Leasing 4.5. T\u00e9rmino del procedimiento concursal de liquidaci\u00f3n A) Por dictaci\u00f3n de la resoluci\u00f3n de t\u00e9rmino B) Por acuerdo de reorganizaci\u00f3n judicial 5. ACCIONES REVOCATORIAS CONCURSALES 5.1. Aspectos generales 5.2. Revocabilidad objetiva A) Causales B) La actuaci\u00f3n jurisdiccional 5.3. Revocabilidad subjetiva A) Requisitos de la revocabilidad subjetiva 5.4. Revocabilidad y las reformas a los pactos o estatutos sociales 5.5. Revocaci\u00f3n de actos ejecutados o contratos celebrados por una persona deudora 5.6. Sentencia de revocabilidad y sus efectos A) Efectos entre las partes B) Efectos respecto de terceros 5.7. Recursos 5.8. Costas y recompensas<\/p>\n","protected":false},"featured_media":2976,"comment_status":"open","ping_status":"closed","template":"","meta":{"inline_featured_image":false,"_joinchat":[]},"product_brand":[],"product_cat":[27,38],"product_tag":[],"class_list":{"0":"post-2946","1":"product","2":"type-product","3":"status-publish","4":"has-post-thumbnail","6":"product_cat-civil","7":"product_cat-editorial-der-ediciones","8":"product_shipping_class-a-convenir","10":"first","11":"instock","12":"shipping-taxable","13":"purchasable","14":"product-type-simple"},"_links":{"self":[{"href":"https:\/\/bibliotecajuridicavirtual.cl\/index.php\/wp-json\/wp\/v2\/product\/2946","targetHints":{"allow":["GET"]}}],"collection":[{"href":"https:\/\/bibliotecajuridicavirtual.cl\/index.php\/wp-json\/wp\/v2\/product"}],"about":[{"href":"https:\/\/bibliotecajuridicavirtual.cl\/index.php\/wp-json\/wp\/v2\/types\/product"}],"replies":[{"embeddable":true,"href":"https:\/\/bibliotecajuridicavirtual.cl\/index.php\/wp-json\/wp\/v2\/comments?post=2946"}],"wp:featuredmedia":[{"embeddable":true,"href":"https:\/\/bibliotecajuridicavirtual.cl\/index.php\/wp-json\/wp\/v2\/media\/2976"}],"wp:attachment":[{"href":"https:\/\/bibliotecajuridicavirtual.cl\/index.php\/wp-json\/wp\/v2\/media?parent=2946"}],"wp:term":[{"taxonomy":"product_brand","embeddable":true,"href":"https:\/\/bibliotecajuridicavirtual.cl\/index.php\/wp-json\/wp\/v2\/product_brand?post=2946"},{"taxonomy":"product_cat","embeddable":true,"href":"https:\/\/bibliotecajuridicavirtual.cl\/index.php\/wp-json\/wp\/v2\/product_cat?post=2946"},{"taxonomy":"product_tag","embeddable":true,"href":"https:\/\/bibliotecajuridicavirtual.cl\/index.php\/wp-json\/wp\/v2\/product_tag?post=2946"}],"curies":[{"name":"wp","href":"https:\/\/api.w.org\/{rel}","templated":true}]}}