{"id":2947,"date":"2026-02-28T01:07:35","date_gmt":"2026-02-28T04:07:35","guid":{"rendered":"https:\/\/bibliotecajuridicavirtual.cl\/?post_type=product&#038;p=2947"},"modified":"2026-02-28T01:07:46","modified_gmt":"2026-02-28T04:07:46","slug":"la-fuerza-del-derecho-estudios-de-filosofia-juridica-analitica-ano-octubre-2023-220-pag-autor-cristobal-orrego-sanchez","status":"publish","type":"product","link":"https:\/\/bibliotecajuridicavirtual.cl\/index.php\/product\/la-fuerza-del-derecho-estudios-de-filosofia-juridica-analitica-ano-octubre-2023-220-pag-autor-cristobal-orrego-sanchez\/","title":{"rendered":"La Fuerza del Derecho. Estudios de Filosof\u00eda Jur\u00eddica Anal\u00edtica. A\u00f1o Octubre 2023\/ 220 P\u00e1g. Autor Crist\u00f3bal Orrego S\u00e1nchez"},"content":{"rendered":"<p>La Fuerza del Derecho consta de nueve ensayos de filosof\u00eda jur\u00eddica y pol\u00edtica que conectan la visi\u00f3n cl\u00e1sica del derecho con la m\u00e1s actual teor\u00eda anal\u00edtica del derecho (desde Hart en adelante). El autor sostiene que la reciente jurisprudencia anal\u00edtica ha progresado hacia una inclusi\u00f3n de las exigencias de justicia en la misma ciencia del derecho, de tal manera que la objetividad del derecho se funda en la objetividad prudencia de los mismos jueces. Por eso, la misma pir\u00e1mide normativa deja de ser tan r\u00edgida como se pensaba (colapsa) y los juristas &#8220;positivistas&#8221; reconocen la primac\u00eda de la moral en la adjudicaci\u00f3n, acerc\u00e1ndose as\u00ed a una tesis &#8220;iusnaturalista&#8221;, hasta el punto de que estas dos etiquetas pierden su sentido y abocan a una pol\u00e9mica nominalista. Estos hallazgos llevan a un an\u00e1lisis de la discutida cuesti\u00f3n de los derechos subjetivos y de c\u00f3mo se relacionan los principios de justicia con la fuerza coactiva del derecho. Finalmente, la obra lleva el an\u00e1lisis iusfilos\u00f3fico a la dif\u00edcil cuesti\u00f3n de la objeci\u00f3n de conciencia.<\/p>\n<p>\u00cdndice<br \/>\nPr\u00f3logo\u00a0\u00a0 \u00a0\u00a0\u00a0 \u00a013<\/p>\n<p>Introducci\u00f3n\u00a0\u00a0 \u00a0\u00a0\u00a0 \u00a017<br \/>\nCap\u00edtulo I<br \/>\nDe la ontolog\u00eda del derecho al derecho justo. Progresos recientes de la teor\u00eda anal\u00edtica del derecho\u00a0\u00a0 \u00a0\u00a0\u00a0 \u00a021<br \/>\n1.\u00a0\u00a0 \u00a0Del sistema normativo al razonamiento jur\u00eddico\u00a0\u00a0 \u00a0\u00a0\u00a0 \u00a023<br \/>\n2.\u00a0\u00a0 \u00a0Sobre la contraposici\u00f3n de principios y reglas\u00a0\u00a0 \u00a0\u00a0\u00a0 \u00a027<br \/>\n3.\u00a0\u00a0 \u00a0Algunos autores y la vigencia per se de los principios no-positivos\u00a0\u00a0 \u00a0\u00a0\u00a0 \u00a030<br \/>\n3.1\u00a0\u00a0 \u00a0Ronald Dworkin: \u00bfmentir para hacer justicia?\u00a0\u00a0 \u00a0\u00a0\u00a0 \u00a031<br \/>\n3.2\u00a0\u00a0 \u00a0Neil MacCormick y John Finnis\u00a0\u00a0 \u00a0\u00a0\u00a0 \u00a033<br \/>\n3.3\u00a0\u00a0 \u00a0Robert Alexy\u00a0\u00a0 \u00a0\u00a0\u00a0 \u00a037<br \/>\n4.\u00a0\u00a0 \u00a0La revocabilidad o derrotabilidad del derecho por la moral: un campo de prueba\u00a0\u00a0 \u00a0\u00a0\u00a0 \u00a042<br \/>\n5.\u00a0\u00a0 \u00a0Conclusi\u00f3n\u00a0\u00a0 \u00a0\u00a0\u00a0 \u00a048<br \/>\nCap\u00edtulo II<br \/>\nEl derecho: tan objetivo como el juez\u00a0\u00a0 \u00a0\u00a0\u00a0 \u00a051<br \/>\n1.\u00a0\u00a0 \u00a0Teor\u00eda anal\u00edtica avalorativa: el sentido pr\u00e1ctico de un saber descriptivo del derecho\u00a0\u00a0 \u00a0\u00a0\u00a0 \u00a053<br \/>\n2.\u00a0\u00a0 \u00a0Analog\u00eda de la objetividad: el saber pr\u00e1ctico objetivo y sus objetivaciones emp\u00edricas\u00a0\u00a0 \u00a0\u00a0\u00a0 \u00a063<br \/>\n3.\u00a0\u00a0 \u00a0La objetividad de los jueces, condici\u00f3n de la objetividad del derecho\u00a0\u00a0 \u00a0\u00a0\u00a0 \u00a068<br \/>\nCap\u00edtulo III<br \/>\nLa cultura jur\u00eddica interna: \u00bfhacia el colapso de la pir\u00e1mide?\u00a0\u00a0 \u00a0\u00a0\u00a0 \u00a075<br \/>\n1.\u00a0\u00a0 \u00a0Introducci\u00f3n: jerarqu\u00eda de fuentes y pir\u00e1mide normativa\u00a0\u00a0 \u00a0\u00a0\u00a0 \u00a075<br \/>\n2.\u00a0\u00a0 \u00a0La teor\u00eda de la estructura escalonada del orden jur\u00eddico en la cultura jur\u00eddica interna\u00a0\u00a0 \u00a0\u00a0\u00a0 \u00a078<br \/>\n3.\u00a0\u00a0 \u00a0El colapso de la pir\u00e1mide en la reciente doctrina jur\u00eddica\u00a0\u00a0 \u00a0\u00a0\u00a0 \u00a083<br \/>\n3.1\u00a0\u00a0 \u00a0Sobre la nulidad de derecho p\u00fablico\u00a0\u00a0 \u00a0\u00a0\u00a0 \u00a086<br \/>\n3.2\u00a0\u00a0 \u00a0Los principios \u00e9ticos como parte del derecho vigente\u00a0\u00a0 \u00a0\u00a0\u00a0 \u00a087<br \/>\n3.3\u00a0\u00a0 \u00a0La aplicaci\u00f3n directa de la Constituci\u00f3n\u00a0\u00a0 \u00a0\u00a0\u00a0 \u00a088<br \/>\n3.4\u00a0\u00a0 \u00a0Los derechos humanos reconocidos por tratados internacionales\u00a0\u00a0 \u00a0\u00a0\u00a0 \u00a091<br \/>\n3.5\u00a0\u00a0 \u00a0La responsabilidad de los jueces\u00a0\u00a0 \u00a0\u00a0\u00a0 \u00a092<br \/>\nCap\u00edtulo IV<br \/>\nLa ley natural bajo otros nombres: de nominibus non est disputandum\u00a0\u00a0 \u00a0\u00a0\u00a0 \u00a095<br \/>\n1.\u00a0\u00a0 \u00a0Raz\u00f3n y voluntad en la conformaci\u00f3n de la ley positiva\u00a0\u00a0 \u00a0\u00a0\u00a0 \u00a095<br \/>\n2.\u00a0\u00a0 \u00a0La vigencia inmediata de las razones morales para la acci\u00f3n\u00a0\u00a0 \u00a0\u00a0\u00a0 \u00a098<br \/>\n3.\u00a0\u00a0 \u00a0La teor\u00eda de la adjudicaci\u00f3n: razones legales y razones morales unidas en el razonamiento pr\u00e1ctico jur\u00eddico\u00a0\u00a0 \u00a0\u00a0\u00a0 \u00a0101<br \/>\n4.\u00a0\u00a0 \u00a0Las leyes injustas no obligan moralmente: \u201clex iniusta non lex\u201d\u00a0\u00a0 \u00a0\u00a0\u00a0 \u00a0105<br \/>\n5.\u00a0\u00a0 \u00a0Ep\u00edlogo: una nueva teor\u00eda jur\u00eddica para el siglo XXI\u00a0\u00a0 \u00a0\u00a0\u00a0 \u00a0109<br \/>\nCap\u00edtulo V<br \/>\nLa \u201cgram\u00e1tica de los derechos\u201d y el concepto de derechos humanos en John Finnis\u00a0\u00a0 \u00a0\u00a0\u00a0 \u00a0113<br \/>\n1.\u00a0\u00a0 \u00a0Introducci\u00f3n: dos tesis de John Finnis sobre los derechos humanos\u00a0\u00a0 \u00a0\u00a0\u00a0 \u00a0113<br \/>\n2.\u00a0\u00a0 \u00a0La \u201cgram\u00e1tica de los derechos\u201d\u00a0\u00a0 \u00a0\u00a0\u00a0 \u00a0118<br \/>\n3.\u00a0\u00a0 \u00a0El concepto de \u201cderechos humanos\u201d\u00a0\u00a0 \u00a0\u00a0\u00a0 \u00a0126<br \/>\n4.\u00a0\u00a0 \u00a0Evaluaci\u00f3n conclusiva\u00a0\u00a0 \u00a0\u00a0\u00a0 \u00a0134<br \/>\nCap\u00edtulo VI<br \/>\nVis directiva, vis coactiva. Principios, razones, argumentos y la fuerza coactiva del derecho\u00a0\u00a0 \u00a0\u00a0\u00a0 \u00a0143<br \/>\n1.\u00a0\u00a0 \u00a0Vis directiva, vis coactiva\u00a0\u00a0 \u00a0\u00a0\u00a0 \u00a0144<br \/>\n2.\u00a0\u00a0 \u00a0La jerarquizaci\u00f3n de los motivos para obedecer\u00a0\u00a0 \u00a0\u00a0\u00a0 \u00a0147<br \/>\n3.\u00a0\u00a0 \u00a0Principios y razones para la acci\u00f3n\u00a0\u00a0 \u00a0\u00a0\u00a0 \u00a0148<br \/>\n4.\u00a0\u00a0 \u00a0Argumentaci\u00f3n jur\u00eddica y coacci\u00f3n\u00a0\u00a0 \u00a0\u00a0\u00a0 \u00a0153<br \/>\nCap\u00edtulo VII<br \/>\nEl razonamiento pr\u00e1ctico ante la objeci\u00f3n de conciencia propia y ajena: \u00bfrespetar la dignidad o hacer cumplir lo justo?\u00a0\u00a0 \u00a0\u00a0\u00a0 \u00a0159<br \/>\n1.\u00a0\u00a0 \u00a0Plantear bien el problema\u00a0\u00a0 \u00a0\u00a0\u00a0 \u00a0159<br \/>\n2.\u00a0\u00a0 \u00a0El razonamiento pr\u00e1ctico y el realismo filos\u00f3fico cl\u00e1sico\u00a0\u00a0 \u00a0\u00a0\u00a0 \u00a0165<br \/>\n3.\u00a0\u00a0 \u00a0La objeci\u00f3n de conciencia contra la ley injusta\u00a0\u00a0 \u00a0\u00a0\u00a0 \u00a0168<br \/>\n4.\u00a0\u00a0 \u00a0El trato justo a los objetores de conciencia errados\u00a0\u00a0 \u00a0\u00a0\u00a0 \u00a0170<br \/>\nCap\u00edtulo VIII<br \/>\nObjeci\u00f3n de conciencia: el problema filos\u00f3fico y \u00e9tico-pol\u00edtico\u00a0\u00a0 \u00a0\u00a0\u00a0 \u00a0177<br \/>\n1.\u00a0\u00a0 \u00a0El concepto de objeci\u00f3n de conciencia: \u00bfderecho o deber?\u00a0\u00a0 \u00a0\u00a0\u00a0 \u00a0179<br \/>\n2.\u00a0\u00a0 \u00a0Universalidad de la \u00e9tica y valor de las objeciones de conciencia\u00a0\u00a0 \u00a0\u00a0\u00a0 \u00a0182<br \/>\n3.\u00a0\u00a0 \u00a0Par\u00e1metros para una respuesta \u00e9tica universalizable\u00a0\u00a0 \u00a0\u00a0\u00a0 \u00a0183<br \/>\n3.1\u00a0\u00a0 \u00a0Algunos elementos de la \u00e9tica cl\u00e1sica cristiana sobre la conciencia\u00a0\u00a0 \u00a0\u00a0\u00a0 \u00a0184<br \/>\n3.2\u00a0\u00a0 \u00a0Prohibir y mandar\u00a0\u00a0 \u00a0\u00a0\u00a0 \u00a0186<br \/>\n3.3\u00a0\u00a0 \u00a0Orden p\u00fablico y distribuci\u00f3n de cargas\u00a0\u00a0 \u00a0\u00a0\u00a0 \u00a0186<br \/>\n3.4\u00a0\u00a0 \u00a0La inevitabilidad de la prudencia pol\u00edtica\u00a0\u00a0 \u00a0\u00a0\u00a0 \u00a0188<br \/>\n4.\u00a0\u00a0 \u00a0Una posible respuesta jur\u00eddica coherente con la \u00e9tica\u00a0\u00a0 \u00a0\u00a0\u00a0 \u00a0189<br \/>\n5.\u00a0\u00a0 \u00a0Ep\u00edlogo: la lucha por el derecho y por la justicia de las leyes\u00a0\u00a0 \u00a0\u00a0\u00a0 \u00a0194<br \/>\nCap\u00edtulo IX<br \/>\nPrincipios pr\u00e1cticos para orientar el razonamiento jur\u00eddico ante la objeci\u00f3n de conciencia\u00a0\u00a0 \u00a0\u00a0\u00a0 \u00a0195<br \/>\n1.\u00a0\u00a0 \u00a0Planteamiento del problema: \u00bfqu\u00e9 hacer con los objetores de conciencia?\u00a0\u00a0 \u00a0\u00a0\u00a0 \u00a0195<br \/>\n2.\u00a0\u00a0 \u00a0Razonamiento pr\u00e1ctico y razonamiento jur\u00eddico ante las objeciones de conciencia\u00a0\u00a0 \u00a0\u00a0\u00a0 \u00a0196<br \/>\n3.\u00a0\u00a0 \u00a0Razonamiento jur\u00eddico y derecho vigente\u00a0\u00a0 \u00a0\u00a0\u00a0 \u00a0198<br \/>\n4.\u00a0\u00a0 \u00a0Propuesta de algunos principios pr\u00e1cticos y reglas de prudencia\u00a0\u00a0 \u00a0\u00a0\u00a0 \u00a0201<\/p>\n<p>Bibliograf\u00eda\u00a0\u00a0 \u00a0\u00a0\u00a0 \u00a0209<\/p>\n","protected":false},"excerpt":{"rendered":"<p>La Fuerza del Derecho consta de nueve ensayos de filosof\u00eda jur\u00eddica y pol\u00edtica que conectan la visi\u00f3n cl\u00e1sica del derecho con la m\u00e1s actual teor\u00eda anal\u00edtica del derecho (desde Hart en adelante). El autor sostiene que la reciente jurisprudencia anal\u00edtica ha progresado hacia una inclusi\u00f3n de las exigencias de justicia en la misma ciencia del derecho, de tal manera que la objetividad del derecho se funda en la objetividad prudencia de los mismos jueces. Por eso, la misma pir\u00e1mide normativa deja de ser tan r\u00edgida como se pensaba (colapsa) y los juristas &#8220;positivistas&#8221; reconocen la primac\u00eda de la moral en la adjudicaci\u00f3n, acerc\u00e1ndose as\u00ed a una tesis &#8220;iusnaturalista&#8221;, hasta el punto de que estas dos etiquetas pierden su sentido y abocan a una pol\u00e9mica nominalista. Estos hallazgos llevan a un an\u00e1lisis de la discutida cuesti\u00f3n de los derechos subjetivos y de c\u00f3mo se relacionan los principios de justicia con la fuerza coactiva del derecho. Finalmente, la obra lleva el an\u00e1lisis iusfilos\u00f3fico a la dif\u00edcil cuesti\u00f3n de la objeci\u00f3n de conciencia. \u00cdndice Pr\u00f3logo\u00a0\u00a0 \u00a0\u00a0\u00a0 \u00a013 Introducci\u00f3n\u00a0\u00a0 \u00a0\u00a0\u00a0 \u00a017 Cap\u00edtulo I De la ontolog\u00eda del derecho al derecho justo. Progresos recientes de la teor\u00eda anal\u00edtica del derecho\u00a0\u00a0 \u00a0\u00a0\u00a0 \u00a021 1.\u00a0\u00a0 \u00a0Del sistema normativo al razonamiento jur\u00eddico\u00a0\u00a0 \u00a0\u00a0\u00a0 \u00a023 2.\u00a0\u00a0 \u00a0Sobre la contraposici\u00f3n de principios y reglas\u00a0\u00a0 \u00a0\u00a0\u00a0 \u00a027 3.\u00a0\u00a0 \u00a0Algunos autores y la vigencia per se de los principios no-positivos\u00a0\u00a0 \u00a0\u00a0\u00a0 \u00a030 3.1\u00a0\u00a0 \u00a0Ronald Dworkin: \u00bfmentir para hacer justicia?\u00a0\u00a0 \u00a0\u00a0\u00a0 \u00a031 3.2\u00a0\u00a0 \u00a0Neil MacCormick y John Finnis\u00a0\u00a0 \u00a0\u00a0\u00a0 \u00a033 3.3\u00a0\u00a0 \u00a0Robert Alexy\u00a0\u00a0 \u00a0\u00a0\u00a0 \u00a037 4.\u00a0\u00a0 \u00a0La revocabilidad o derrotabilidad del derecho por la moral: un campo de prueba\u00a0\u00a0 \u00a0\u00a0\u00a0 \u00a042 5.\u00a0\u00a0 \u00a0Conclusi\u00f3n\u00a0\u00a0 \u00a0\u00a0\u00a0 \u00a048 Cap\u00edtulo II El derecho: tan objetivo como el juez\u00a0\u00a0 \u00a0\u00a0\u00a0 \u00a051 1.\u00a0\u00a0 \u00a0Teor\u00eda anal\u00edtica avalorativa: el sentido pr\u00e1ctico de un saber descriptivo del derecho\u00a0\u00a0 \u00a0\u00a0\u00a0 \u00a053 2.\u00a0\u00a0 \u00a0Analog\u00eda de la objetividad: el saber pr\u00e1ctico objetivo y sus objetivaciones emp\u00edricas\u00a0\u00a0 \u00a0\u00a0\u00a0 \u00a063 3.\u00a0\u00a0 \u00a0La objetividad de los jueces, condici\u00f3n de la objetividad del derecho\u00a0\u00a0 \u00a0\u00a0\u00a0 \u00a068 Cap\u00edtulo III La cultura jur\u00eddica interna: \u00bfhacia el colapso de la pir\u00e1mide?\u00a0\u00a0 \u00a0\u00a0\u00a0 \u00a075 1.\u00a0\u00a0 \u00a0Introducci\u00f3n: jerarqu\u00eda de fuentes y pir\u00e1mide normativa\u00a0\u00a0 \u00a0\u00a0\u00a0 \u00a075 2.\u00a0\u00a0 \u00a0La teor\u00eda de la estructura escalonada del orden jur\u00eddico en la cultura jur\u00eddica interna\u00a0\u00a0 \u00a0\u00a0\u00a0 \u00a078 3.\u00a0\u00a0 \u00a0El colapso de la pir\u00e1mide en la reciente doctrina jur\u00eddica\u00a0\u00a0 \u00a0\u00a0\u00a0 \u00a083 3.1\u00a0\u00a0 \u00a0Sobre la nulidad de derecho p\u00fablico\u00a0\u00a0 \u00a0\u00a0\u00a0 \u00a086 3.2\u00a0\u00a0 \u00a0Los principios \u00e9ticos como parte del derecho vigente\u00a0\u00a0 \u00a0\u00a0\u00a0 \u00a087 3.3\u00a0\u00a0 \u00a0La aplicaci\u00f3n directa de la Constituci\u00f3n\u00a0\u00a0 \u00a0\u00a0\u00a0 \u00a088 3.4\u00a0\u00a0 \u00a0Los derechos humanos reconocidos por tratados internacionales\u00a0\u00a0 \u00a0\u00a0\u00a0 \u00a091 3.5\u00a0\u00a0 \u00a0La responsabilidad de los jueces\u00a0\u00a0 \u00a0\u00a0\u00a0 \u00a092 Cap\u00edtulo IV La ley natural bajo otros nombres: de nominibus non est disputandum\u00a0\u00a0 \u00a0\u00a0\u00a0 \u00a095 1.\u00a0\u00a0 \u00a0Raz\u00f3n y voluntad en la conformaci\u00f3n de la ley positiva\u00a0\u00a0 \u00a0\u00a0\u00a0 \u00a095 2.\u00a0\u00a0 \u00a0La vigencia inmediata de las razones morales para la acci\u00f3n\u00a0\u00a0 \u00a0\u00a0\u00a0 \u00a098 3.\u00a0\u00a0 \u00a0La teor\u00eda de la adjudicaci\u00f3n: razones legales y razones morales unidas en el razonamiento pr\u00e1ctico jur\u00eddico\u00a0\u00a0 \u00a0\u00a0\u00a0 \u00a0101 4.\u00a0\u00a0 \u00a0Las leyes injustas no obligan moralmente: \u201clex iniusta non lex\u201d\u00a0\u00a0 \u00a0\u00a0\u00a0 \u00a0105 5.\u00a0\u00a0 \u00a0Ep\u00edlogo: una nueva teor\u00eda jur\u00eddica para el siglo XXI\u00a0\u00a0 \u00a0\u00a0\u00a0 \u00a0109 Cap\u00edtulo V La \u201cgram\u00e1tica de los derechos\u201d y el concepto de derechos humanos en John Finnis\u00a0\u00a0 \u00a0\u00a0\u00a0 \u00a0113 1.\u00a0\u00a0 \u00a0Introducci\u00f3n: dos tesis de John Finnis sobre los derechos humanos\u00a0\u00a0 \u00a0\u00a0\u00a0 \u00a0113 2.\u00a0\u00a0 \u00a0La \u201cgram\u00e1tica de los derechos\u201d\u00a0\u00a0 \u00a0\u00a0\u00a0 \u00a0118 3.\u00a0\u00a0 \u00a0El concepto de \u201cderechos humanos\u201d\u00a0\u00a0 \u00a0\u00a0\u00a0 \u00a0126 4.\u00a0\u00a0 \u00a0Evaluaci\u00f3n conclusiva\u00a0\u00a0 \u00a0\u00a0\u00a0 \u00a0134 Cap\u00edtulo VI Vis directiva, vis coactiva. Principios, razones, argumentos y la fuerza coactiva del derecho\u00a0\u00a0 \u00a0\u00a0\u00a0 \u00a0143 1.\u00a0\u00a0 \u00a0Vis directiva, vis coactiva\u00a0\u00a0 \u00a0\u00a0\u00a0 \u00a0144 2.\u00a0\u00a0 \u00a0La jerarquizaci\u00f3n de los motivos para obedecer\u00a0\u00a0 \u00a0\u00a0\u00a0 \u00a0147 3.\u00a0\u00a0 \u00a0Principios y razones para la acci\u00f3n\u00a0\u00a0 \u00a0\u00a0\u00a0 \u00a0148 4.\u00a0\u00a0 \u00a0Argumentaci\u00f3n jur\u00eddica y coacci\u00f3n\u00a0\u00a0 \u00a0\u00a0\u00a0 \u00a0153 Cap\u00edtulo VII El razonamiento pr\u00e1ctico ante la objeci\u00f3n de conciencia propia y ajena: \u00bfrespetar la dignidad o hacer cumplir lo justo?\u00a0\u00a0 \u00a0\u00a0\u00a0 \u00a0159 1.\u00a0\u00a0 \u00a0Plantear bien el problema\u00a0\u00a0 \u00a0\u00a0\u00a0 \u00a0159 2.\u00a0\u00a0 \u00a0El razonamiento pr\u00e1ctico y el realismo filos\u00f3fico cl\u00e1sico\u00a0\u00a0 \u00a0\u00a0\u00a0 \u00a0165 3.\u00a0\u00a0 \u00a0La objeci\u00f3n de conciencia contra la ley injusta\u00a0\u00a0 \u00a0\u00a0\u00a0 \u00a0168 4.\u00a0\u00a0 \u00a0El trato justo a los objetores de conciencia errados\u00a0\u00a0 \u00a0\u00a0\u00a0 \u00a0170 Cap\u00edtulo VIII Objeci\u00f3n de conciencia: el problema filos\u00f3fico y \u00e9tico-pol\u00edtico\u00a0\u00a0 \u00a0\u00a0\u00a0 \u00a0177 1.\u00a0\u00a0 \u00a0El concepto de objeci\u00f3n de conciencia: \u00bfderecho o deber?\u00a0\u00a0 \u00a0\u00a0\u00a0 \u00a0179 2.\u00a0\u00a0 \u00a0Universalidad de la \u00e9tica y valor de las objeciones de conciencia\u00a0\u00a0 \u00a0\u00a0\u00a0 \u00a0182 3.\u00a0\u00a0 \u00a0Par\u00e1metros para una respuesta \u00e9tica universalizable\u00a0\u00a0 \u00a0\u00a0\u00a0 \u00a0183 3.1\u00a0\u00a0 \u00a0Algunos elementos de la \u00e9tica cl\u00e1sica cristiana sobre la conciencia\u00a0\u00a0 \u00a0\u00a0\u00a0 \u00a0184 3.2\u00a0\u00a0 \u00a0Prohibir y mandar\u00a0\u00a0 \u00a0\u00a0\u00a0 \u00a0186 3.3\u00a0\u00a0 \u00a0Orden p\u00fablico y distribuci\u00f3n de cargas\u00a0\u00a0 \u00a0\u00a0\u00a0 \u00a0186 3.4\u00a0\u00a0 \u00a0La inevitabilidad de la prudencia pol\u00edtica\u00a0\u00a0 \u00a0\u00a0\u00a0 \u00a0188 4.\u00a0\u00a0 \u00a0Una posible respuesta jur\u00eddica coherente con la \u00e9tica\u00a0\u00a0 \u00a0\u00a0\u00a0 \u00a0189 5.\u00a0\u00a0 \u00a0Ep\u00edlogo: la lucha por el derecho y por la justicia de las leyes\u00a0\u00a0 \u00a0\u00a0\u00a0 \u00a0194 Cap\u00edtulo IX Principios pr\u00e1cticos para orientar el razonamiento jur\u00eddico ante la objeci\u00f3n de conciencia\u00a0\u00a0 \u00a0\u00a0\u00a0 \u00a0195 1.\u00a0\u00a0 \u00a0Planteamiento del problema: \u00bfqu\u00e9 hacer con los objetores de conciencia?\u00a0\u00a0 \u00a0\u00a0\u00a0 \u00a0195 2.\u00a0\u00a0 \u00a0Razonamiento pr\u00e1ctico y razonamiento jur\u00eddico ante las objeciones de conciencia\u00a0\u00a0 \u00a0\u00a0\u00a0 \u00a0196 3.\u00a0\u00a0 \u00a0Razonamiento jur\u00eddico y derecho vigente\u00a0\u00a0 \u00a0\u00a0\u00a0 \u00a0198 4.\u00a0\u00a0 \u00a0Propuesta de algunos principios pr\u00e1cticos y reglas de prudencia\u00a0\u00a0 \u00a0\u00a0\u00a0 \u00a0201 Bibliograf\u00eda\u00a0\u00a0 \u00a0\u00a0\u00a0 \u00a0209<\/p>\n","protected":false},"featured_media":2977,"comment_status":"open","ping_status":"closed","template":"","meta":{"inline_featured_image":false,"_joinchat":[]},"product_brand":[],"product_cat":[44],"product_tag":[],"class_list":{"0":"post-2947","1":"product","2":"type-product","3":"status-publish","4":"has-post-thumbnail","6":"product_cat-filosofia-del-derecho-y-introduccion","7":"product_shipping_class-a-convenir","9":"first","10":"instock","11":"shipping-taxable","12":"purchasable","13":"product-type-simple"},"_links":{"self":[{"href":"https:\/\/bibliotecajuridicavirtual.cl\/index.php\/wp-json\/wp\/v2\/product\/2947","targetHints":{"allow":["GET"]}}],"collection":[{"href":"https:\/\/bibliotecajuridicavirtual.cl\/index.php\/wp-json\/wp\/v2\/product"}],"about":[{"href":"https:\/\/bibliotecajuridicavirtual.cl\/index.php\/wp-json\/wp\/v2\/types\/product"}],"replies":[{"embeddable":true,"href":"https:\/\/bibliotecajuridicavirtual.cl\/index.php\/wp-json\/wp\/v2\/comments?post=2947"}],"wp:featuredmedia":[{"embeddable":true,"href":"https:\/\/bibliotecajuridicavirtual.cl\/index.php\/wp-json\/wp\/v2\/media\/2977"}],"wp:attachment":[{"href":"https:\/\/bibliotecajuridicavirtual.cl\/index.php\/wp-json\/wp\/v2\/media?parent=2947"}],"wp:term":[{"taxonomy":"product_brand","embeddable":true,"href":"https:\/\/bibliotecajuridicavirtual.cl\/index.php\/wp-json\/wp\/v2\/product_brand?post=2947"},{"taxonomy":"product_cat","embeddable":true,"href":"https:\/\/bibliotecajuridicavirtual.cl\/index.php\/wp-json\/wp\/v2\/product_cat?post=2947"},{"taxonomy":"product_tag","embeddable":true,"href":"https:\/\/bibliotecajuridicavirtual.cl\/index.php\/wp-json\/wp\/v2\/product_tag?post=2947"}],"curies":[{"name":"wp","href":"https:\/\/api.w.org\/{rel}","templated":true}]}}