{"id":2948,"date":"2026-02-28T01:07:35","date_gmt":"2026-02-28T04:07:35","guid":{"rendered":"https:\/\/bibliotecajuridicavirtual.cl\/?post_type=product&#038;p=2948"},"modified":"2026-02-28T01:07:47","modified_gmt":"2026-02-28T04:07:47","slug":"miedo-insuperable-y-estado-de-necesidad-casos-de-crimenes-y-simples-delitos-contra-las-personas-ano-octubre-2023-176-pag-autor-rodrigo-andres-guerra-espinosa","status":"publish","type":"product","link":"https:\/\/bibliotecajuridicavirtual.cl\/index.php\/product\/miedo-insuperable-y-estado-de-necesidad-casos-de-crimenes-y-simples-delitos-contra-las-personas-ano-octubre-2023-176-pag-autor-rodrigo-andres-guerra-espinosa\/","title":{"rendered":"Miedo Insuperable y Estado de Necesidad. Casos de Cr\u00edmenes y Simples Delitos Contra las Personas. A\u00f1o Octubre 2023\/176 P\u00e1g. Autor Rodrigo Andr\u00e9s Guerra Espinosa"},"content":{"rendered":"<p style=\"font-weight: 400;\">Esta obra se desarrolla en marco del Proyecto Fondecyt 11190024 titulado &#8220;Delimitaci\u00f3n del miedo insuperable del estado de necesidad&#8221;, cuya finalidad es aportar a la diferenciaci\u00f3n dogm\u00e1tica de las eximentes de responsabilidad enunciadas. Sin duda estas son claves para la comprensi\u00f3n de la teor\u00eda del delito, siendo fundamental su estudio en cualquier sistema jur\u00eddico.<\/p>\n<p style=\"font-weight: 400;\">El libro toma como modelo de referencia la regulaci\u00f3n chilena sobre el miedo insuperable y el estado de necesidad, observando en esta v\u00ednculos con la literatura comparada que pueden ayudar a desentra\u00f1ar el sentido de estas eximentes. Con un detallado estudio de la regulaci\u00f3n chilena, la obra realiza un camino a trav\u00e9s de diferentes casos complejos de extrema necesidad, logrando establecer par\u00e1metros concretos de soluci\u00f3n.<\/p>\n<p style=\"font-weight: 400;\">Sit\u00faa la obra un punto de inflexi\u00f3n en el contenido dogm\u00e1tico de la proporcionalidad de males. Pues este ejercicio de proporcionalidad no es posible de realizar sin enfrentar las circunstancias concretas de un caso. Habr\u00e1 que tener en cuenta no solo la metarregla de prioridad condicionada de la dignidad humana y del doble efecto, sino tambi\u00e9n la situaci\u00f3n f\u00e1ctica y posibles factores de perturbaci\u00f3n que puedan incidir en la no selecci\u00f3n del medio menos lesivo en supuestos de miedo insuperable.<\/p>\n<p style=\"font-weight: 400;\">En s\u00edntesis, este libro no es solo un trabajo sobre el miedo insuperable y el estado de necesidad, sino una invitaci\u00f3n a pensar sobre casos dif\u00edciles en un contexto filos\u00f3fico-jur\u00eddico, social y cultural. Es la puesta en escena de un an\u00e1lisis dogm\u00e1tico que no es un mero fen\u00f3meno positivo, sino reflejo de una estrategia de argumentaci\u00f3n racional seg\u00fan una pol\u00edtica criminal orientada a principios.<\/p>\n<p style=\"font-weight: 400;\">\n<p style=\"font-weight: 400;\"><b><strong>CAP\u00cdTULO 1<\/strong><\/b><br \/>\n<b><strong>CONTENIDO DE LA NECESIDAD<\/strong><\/b><\/p>\n<p style=\"font-weight: 400;\">Introducci\u00f3n<br \/>\nNecesidad e inevitabilidad<br \/>\nReferentes de razonabilidad pr\u00e1ctica<br \/>\nPeligro<br \/>\nMiedo insuperable<br \/>\nTolerancia de la imprecisi\u00f3n<br \/>\nS\u00edntesis<\/p>\n<p style=\"font-weight: 400;\"><b><strong>CAP\u00cdTULO 2<\/strong><\/b><br \/>\n<b><strong>MALES INDETERMINADOS<\/strong><\/b><\/p>\n<p style=\"font-weight: 400;\">Criterios axiol\u00f3gicos<br \/>\nSubsidiariedad<br \/>\nProporcionalidad<br \/>\nImperativo categ\u00f3rico<br \/>\nS\u00edntesis<\/p>\n<p style=\"font-weight: 400;\"><b><strong>CAP\u00cdTULO 3<\/strong><\/b><br \/>\n<b><strong>EXTREMA NECESIDAD<\/strong><\/b><\/p>\n<p style=\"font-weight: 400;\">Consideraciones previas<br \/>\nCaso de las siamesas<br \/>\nLeg\u00edtima defensa<br \/>\nEstado de necesidad<br \/>\nS\u00edntesis<\/p>\n<p style=\"font-weight: 400;\"><b><strong>CAP\u00cdTULO 4<\/strong><\/b><br \/>\n<b><strong>PELIGRO DE MUERTE<\/strong><\/b><\/p>\n<p style=\"font-weight: 400;\">Otros supuestos problem\u00e1ticos<br \/>\nTirano familiar<br \/>\nExperto tirador<br \/>\nManifestante: \u00bfagresor inocente?<br \/>\nTestigos de Jehov\u00e1<br \/>\nS\u00edntesis<\/p>\n<p style=\"font-weight: 400;\"><b><strong>CAP\u00cdTULO 5<\/strong><\/b><br \/>\n<b><strong>IMPULSO IRRESISTIBLE<\/strong><\/b><\/p>\n<p style=\"font-weight: 400;\">Arrebatos ast\u00e9nicos y est\u00e9nicos<br \/>\nPrincipio de la realidad<br \/>\nAlteraciones<br \/>\nS\u00edntesis<\/p>\n<p style=\"font-weight: 400;\"><b><strong>CAP\u00cdTULO 6<\/strong><\/b><br \/>\n<b><strong>CONFLICTO DE OBLIGACIONES<\/strong><\/b><\/p>\n<p style=\"font-weight: 400;\">Hex\u00e1gono de\u00f3ntico<br \/>\nL\u00edmites de la solidaridad<br \/>\nRegla de oro<br \/>\nS\u00edntesis<\/p>\n<p style=\"font-weight: 400;\"><b><strong>CAP\u00cdTULO 7<\/strong><\/b><br \/>\n<b><strong>OCCISI\u00d3N DEL INOCENTE<\/strong><\/b><\/p>\n<p style=\"font-weight: 400;\">Combate moral<br \/>\nMetarregla del doble efecto<br \/>\nEutanasia y aborto indirectos<br \/>\nOccisi\u00f3n directa<br \/>\nS\u00edntesis<br \/>\nResultados de la investigaci\u00f3n y cuadro sin\u00f3ptico<br \/>\nExcursus<br \/>\nEl primado de las instituciones: un l\u00edmite para la justificaci\u00f3n y la exculpaci\u00f3n en estado de necesidad<br \/>\n1. Introducci\u00f3n<br \/>\n2. \u00bfExiste un deber de soportar una pena injusta? Acerca del caso del inocente condenado por error judicial<br \/>\n3. La cuesti\u00f3n en la teor\u00eda de la doble disminuci\u00f3n de la culpabilidad<br \/>\n4. El problema en las teor\u00edas preventivas<br \/>\n5. El rol de ciudadano y la importancia del grado institucionalizaci\u00f3n \u201creal\u201d<br \/>\n6. La necesidad de superaci\u00f3n del plano meramente formal: criterios materiales para distinguir \u00abclases\u00bb de procedimientos<br \/>\n7. Conclusiones<\/p>\n","protected":false},"excerpt":{"rendered":"<p>Esta obra se desarrolla en marco del Proyecto Fondecyt 11190024 titulado &#8220;Delimitaci\u00f3n del miedo insuperable del estado de necesidad&#8221;, cuya finalidad es aportar a la diferenciaci\u00f3n dogm\u00e1tica de las eximentes de responsabilidad enunciadas. Sin duda estas son claves para la comprensi\u00f3n de la teor\u00eda del delito, siendo fundamental su estudio en cualquier sistema jur\u00eddico. El libro toma como modelo de referencia la regulaci\u00f3n chilena sobre el miedo insuperable y el estado de necesidad, observando en esta v\u00ednculos con la literatura comparada que pueden ayudar a desentra\u00f1ar el sentido de estas eximentes. Con un detallado estudio de la regulaci\u00f3n chilena, la obra realiza un camino a trav\u00e9s de diferentes casos complejos de extrema necesidad, logrando establecer par\u00e1metros concretos de soluci\u00f3n. Sit\u00faa la obra un punto de inflexi\u00f3n en el contenido dogm\u00e1tico de la proporcionalidad de males. Pues este ejercicio de proporcionalidad no es posible de realizar sin enfrentar las circunstancias concretas de un caso. Habr\u00e1 que tener en cuenta no solo la metarregla de prioridad condicionada de la dignidad humana y del doble efecto, sino tambi\u00e9n la situaci\u00f3n f\u00e1ctica y posibles factores de perturbaci\u00f3n que puedan incidir en la no selecci\u00f3n del medio menos lesivo en supuestos de miedo insuperable. En s\u00edntesis, este libro no es solo un trabajo sobre el miedo insuperable y el estado de necesidad, sino una invitaci\u00f3n a pensar sobre casos dif\u00edciles en un contexto filos\u00f3fico-jur\u00eddico, social y cultural. Es la puesta en escena de un an\u00e1lisis dogm\u00e1tico que no es un mero fen\u00f3meno positivo, sino reflejo de una estrategia de argumentaci\u00f3n racional seg\u00fan una pol\u00edtica criminal orientada a principios. CAP\u00cdTULO 1 CONTENIDO DE LA NECESIDAD Introducci\u00f3n Necesidad e inevitabilidad Referentes de razonabilidad pr\u00e1ctica Peligro Miedo insuperable Tolerancia de la imprecisi\u00f3n S\u00edntesis CAP\u00cdTULO 2 MALES INDETERMINADOS Criterios axiol\u00f3gicos Subsidiariedad Proporcionalidad Imperativo categ\u00f3rico S\u00edntesis CAP\u00cdTULO 3 EXTREMA NECESIDAD Consideraciones previas Caso de las siamesas Leg\u00edtima defensa Estado de necesidad S\u00edntesis CAP\u00cdTULO 4 PELIGRO DE MUERTE Otros supuestos problem\u00e1ticos Tirano familiar Experto tirador Manifestante: \u00bfagresor inocente? Testigos de Jehov\u00e1 S\u00edntesis CAP\u00cdTULO 5 IMPULSO IRRESISTIBLE Arrebatos ast\u00e9nicos y est\u00e9nicos Principio de la realidad Alteraciones S\u00edntesis CAP\u00cdTULO 6 CONFLICTO DE OBLIGACIONES Hex\u00e1gono de\u00f3ntico L\u00edmites de la solidaridad Regla de oro S\u00edntesis CAP\u00cdTULO 7 OCCISI\u00d3N DEL INOCENTE Combate moral Metarregla del doble efecto Eutanasia y aborto indirectos Occisi\u00f3n directa S\u00edntesis Resultados de la investigaci\u00f3n y cuadro sin\u00f3ptico Excursus El primado de las instituciones: un l\u00edmite para la justificaci\u00f3n y la exculpaci\u00f3n en estado de necesidad 1. Introducci\u00f3n 2. \u00bfExiste un deber de soportar una pena injusta? Acerca del caso del inocente condenado por error judicial 3. La cuesti\u00f3n en la teor\u00eda de la doble disminuci\u00f3n de la culpabilidad 4. El problema en las teor\u00edas preventivas 5. El rol de ciudadano y la importancia del grado institucionalizaci\u00f3n \u201creal\u201d 6. La necesidad de superaci\u00f3n del plano meramente formal: criterios materiales para distinguir \u00abclases\u00bb de procedimientos 7. Conclusiones<\/p>\n","protected":false},"featured_media":2978,"comment_status":"open","ping_status":"closed","template":"","meta":{"inline_featured_image":false,"_joinchat":[]},"product_brand":[],"product_cat":[30],"product_tag":[],"class_list":{"0":"post-2948","1":"product","2":"type-product","3":"status-publish","4":"has-post-thumbnail","6":"product_cat-penal","7":"product_shipping_class-a-convenir","9":"first","10":"instock","11":"shipping-taxable","12":"purchasable","13":"product-type-simple"},"_links":{"self":[{"href":"https:\/\/bibliotecajuridicavirtual.cl\/index.php\/wp-json\/wp\/v2\/product\/2948","targetHints":{"allow":["GET"]}}],"collection":[{"href":"https:\/\/bibliotecajuridicavirtual.cl\/index.php\/wp-json\/wp\/v2\/product"}],"about":[{"href":"https:\/\/bibliotecajuridicavirtual.cl\/index.php\/wp-json\/wp\/v2\/types\/product"}],"replies":[{"embeddable":true,"href":"https:\/\/bibliotecajuridicavirtual.cl\/index.php\/wp-json\/wp\/v2\/comments?post=2948"}],"wp:featuredmedia":[{"embeddable":true,"href":"https:\/\/bibliotecajuridicavirtual.cl\/index.php\/wp-json\/wp\/v2\/media\/2978"}],"wp:attachment":[{"href":"https:\/\/bibliotecajuridicavirtual.cl\/index.php\/wp-json\/wp\/v2\/media?parent=2948"}],"wp:term":[{"taxonomy":"product_brand","embeddable":true,"href":"https:\/\/bibliotecajuridicavirtual.cl\/index.php\/wp-json\/wp\/v2\/product_brand?post=2948"},{"taxonomy":"product_cat","embeddable":true,"href":"https:\/\/bibliotecajuridicavirtual.cl\/index.php\/wp-json\/wp\/v2\/product_cat?post=2948"},{"taxonomy":"product_tag","embeddable":true,"href":"https:\/\/bibliotecajuridicavirtual.cl\/index.php\/wp-json\/wp\/v2\/product_tag?post=2948"}],"curies":[{"name":"wp","href":"https:\/\/api.w.org\/{rel}","templated":true}]}}