{"id":2949,"date":"2026-02-28T01:07:35","date_gmt":"2026-02-28T04:07:35","guid":{"rendered":"https:\/\/bibliotecajuridicavirtual.cl\/?post_type=product&#038;p=2949"},"modified":"2026-02-28T01:07:48","modified_gmt":"2026-02-28T04:07:48","slug":"entre-el-dolo-y-la-culpa-cabe-una-responsabilidad-penal-por-conducta-arriesgada-2da-edicion-ano-2021-210-pag-autor-jose-f-bustamante-requena","status":"publish","type":"product","link":"https:\/\/bibliotecajuridicavirtual.cl\/index.php\/product\/entre-el-dolo-y-la-culpa-cabe-una-responsabilidad-penal-por-conducta-arriesgada-2da-edicion-ano-2021-210-pag-autor-jose-f-bustamante-requena\/","title":{"rendered":"Entre el Dolo y La Culpa- \u00bf Cabe una Responsabilidad Penal por Conducta Arriesgada? &#8211; 2da Edici\u00f3n . A\u00f1o 2021 \/ 210 P\u00e1g. Autor Jos\u00e9 F. Bustamante Requena"},"content":{"rendered":"<p>La presente obra aparece para entrar en conflicto con ciertos dogma y conocimientos sobre la sistem\u00e1tica del dolo y la culpa; conocimiento que, por mucho tiempo se reprodujeron en tratados, monograf\u00edas y art\u00edculos y que si bien eran constantemente sometidos a cr\u00edtica, no se pens\u00f3 en la posibilidad de guiarlos hacia otro sentido.<\/p>\n<p>&nbsp;<\/p>\n<p><strong>\u00cdNDICE<\/strong><\/p>\n<p>Pr\u00f3logo &#8230;&#8230;&#8230;&#8230;&#8230;&#8230;&#8230;&#8230;&#8230;&#8230;&#8230;&#8230;&#8230;&#8230;&#8230;&#8230;&#8230;&#8230;&#8230;&#8230;&#8230;&#8230;&#8230;&#8230;&#8230;&#8230;&#8230;&#8230;&#8230;&#8230;&#8230;&#8230;&#8230;&#8230; 13<\/p>\n<p>Nota a la segunda edici\u00f3n&#8230;&#8230;&#8230;&#8230;&#8230;&#8230;&#8230;&#8230;&#8230;&#8230;&#8230;&#8230;&#8230;&#8230;&#8230;&#8230;&#8230;&#8230;&#8230;&#8230;&#8230;&#8230;&#8230;&#8230;&#8230; 21<\/p>\n<p>Nota a la primera edici\u00f3n &#8230;&#8230;&#8230;&#8230;&#8230;&#8230;&#8230;&#8230;&#8230;&#8230;&#8230;&#8230;&#8230;&#8230;&#8230;&#8230;&#8230;&#8230;&#8230;&#8230;&#8230;&#8230;&#8230;&#8230;&#8230; 23<\/p>\n<p>\u00bfDe qu\u00e9 trata este libro?&#8230;&#8230;&#8230;&#8230;&#8230;&#8230;&#8230;&#8230;&#8230;&#8230;&#8230;&#8230;&#8230;&#8230;&#8230;&#8230;&#8230;&#8230;&#8230;&#8230;&#8230;&#8230;&#8230;&#8230;&#8230;&#8230; 27<\/p>\n<p>\u00bfCu\u00e1ndo un problema se resiste a ser resuelto?&#8230;&#8230;&#8230;&#8230;&#8230;&#8230;&#8230;&#8230;&#8230;&#8230;&#8230;&#8230;&#8230;&#8230;.. 41<\/p>\n<p>Cap\u00edtulo primero<\/p>\n<p>LA EVOLUCI\u00d3N DE LA<\/p>\n<p>DOCTRINA DEL DOLO EVENTUAL<\/p>\n<ol>\n<li>Aspectos Preliminares&#8230;&#8230;&#8230;&#8230;&#8230;&#8230;&#8230;&#8230;&#8230;&#8230;&#8230;&#8230;&#8230;&#8230;&#8230;&#8230;&#8230;&#8230;&#8230;&#8230;&#8230;&#8230;&#8230;&#8230;. 43<\/li>\n<li>Los estados mentales y su importancia para el derecho penal&#8230;&#8230; 43<\/li>\n<li>El tipo subjetivo del delito &#8230;&#8230;&#8230;&#8230;&#8230;&#8230;&#8230;&#8230;&#8230;&#8230;&#8230;&#8230;&#8230;&#8230;&#8230;&#8230;&#8230;&#8230; 45<\/li>\n<li>La dogm\u00e1tica del dolo&#8230;&#8230;&#8230;&#8230;&#8230;&#8230;&#8230;&#8230;&#8230;&#8230;&#8230;&#8230;&#8230;&#8230;&#8230;&#8230;&#8230;&#8230;&#8230;&#8230;&#8230;. 46<\/li>\n<li>La dogm\u00e1tica de la culpa&#8230;&#8230;&#8230;&#8230;&#8230;&#8230;&#8230;&#8230;&#8230;&#8230;&#8230;&#8230;&#8230;&#8230;&#8230;&#8230;&#8230;&#8230;&#8230;&#8230; 51<\/li>\n<\/ol>\n<p>III. La G\u00e9nesis del dolo eventual &#8230;&#8230;&#8230;&#8230;&#8230;&#8230;&#8230;&#8230;&#8230;&#8230;&#8230;&#8230;&#8230;&#8230;&#8230;&#8230;&#8230;&#8230;&#8230;&#8230;.. 54<\/p>\n<ol>\n<li>El Concepto de dolo eventual&#8230;&#8230;&#8230;&#8230;&#8230;&#8230;&#8230;&#8230;&#8230;&#8230;&#8230;&#8230;&#8230;&#8230;&#8230;&#8230;&#8230;&#8230;&#8230;&#8230;. 56<\/li>\n<\/ol>\n<p>Cap\u00edtulo segundo<\/p>\n<p>CUESTIONES TE\u00d3RICO-PR\u00c1CTICAS<\/p>\n<p>DEL DEBATE<\/p>\n<ol>\n<li>\u00bfPor qu\u00e9 tantas teor\u00edas delimitadoras?&#8230;&#8230;&#8230;&#8230;&#8230;&#8230;&#8230;&#8230;&#8230;&#8230;&#8230;&#8230;&#8230;&#8230; 59<\/li>\n<li>Teor\u00edas delimitadoras &#8230;&#8230;&#8230;&#8230;&#8230;&#8230;&#8230;&#8230;&#8230;&#8230;&#8230;&#8230;&#8230;&#8230;&#8230;&#8230;&#8230;&#8230;&#8230;&#8230;&#8230;.. 60<\/li>\n<\/ol>\n<p>Cap\u00edtulo tercero<\/p>\n<p>ARGUMENTOS DE LA \u00abJUSTIFICACI\u00d3N\u00bb<\/p>\n<p>DEL CASTIGO POR DOLO EVENTUAL<\/p>\n<ol>\n<li>Dolo eventual y principio de legalidad&#8230;&#8230;&#8230;&#8230;&#8230;&#8230;&#8230;&#8230;&#8230;&#8230;&#8230;&#8230;&#8230;&#8230;&#8230;&#8230; 72<\/li>\n<li>Fundamento del principio de legalidad&#8230;&#8230;&#8230;&#8230;&#8230;&#8230;&#8230;&#8230;&#8230;&#8230;&#8230;&#8230;&#8230; 72<\/li>\n<li>Principio de legalidad y creaci\u00f3n te\u00f3rica &#8230;&#8230;&#8230;&#8230;&#8230;&#8230;&#8230;&#8230;&#8230;&#8230;&#8230;&#8230;. 73<\/li>\n<li>Principio de legalidad e interpretaci\u00f3n&#8230;&#8230;&#8230;&#8230;&#8230;&#8230;&#8230;&#8230;&#8230;&#8230;&#8230;&#8230;&#8230;. 80<\/li>\n<li>El significado emotivo de los conceptos&#8230;&#8230;&#8230;&#8230;&#8230;&#8230;&#8230;&#8230;&#8230;&#8230;&#8230;&#8230;&#8230;&#8230;&#8230;. 82<\/li>\n<\/ol>\n<p>III. Sentimiento de justicia, merecimiento y proporcionalidad de la pena .. 83<\/p>\n<ol>\n<li>El discurso de la prueba del dolo en la teor\u00eda del delito&#8230;&#8230;&#8230;&#8230;&#8230;&#8230;&#8230;.. 88<\/li>\n<\/ol>\n<p>Cap\u00edtulo cuarto<\/p>\n<p>INTENCI\u00d3N Y VOLUNTAD,<\/p>\n<p>DOBLE EFECTO Y DOLO EVENTUAL<\/p>\n<ol>\n<li>La discusi\u00f3n desde la filosof\u00eda de la intenci\u00f3n &#8230;&#8230;&#8230;&#8230;&#8230;&#8230;&#8230;&#8230;&#8230;&#8230;&#8230;&#8230;. 96<\/li>\n<li>El concepto de intenci\u00f3n&#8230;&#8230;&#8230;&#8230;&#8230;&#8230;&#8230;&#8230;&#8230;&#8230;&#8230;&#8230;&#8230;&#8230;&#8230;&#8230;&#8230;&#8230;&#8230;&#8230; 96<\/li>\n<li>El concepto de voluntad&#8230;&#8230;&#8230;&#8230;&#8230;&#8230;&#8230;&#8230;&#8230;&#8230;&#8230;&#8230;&#8230;&#8230;&#8230;&#8230;&#8230;&#8230;&#8230;&#8230;. 97<\/li>\n<li>La doctrina del doble efecto &#8230;&#8230;&#8230;&#8230;&#8230;&#8230;&#8230;&#8230;&#8230;&#8230;&#8230;&#8230;&#8230;&#8230;&#8230;&#8230;&#8230;&#8230;. 98<\/li>\n<\/ol>\n<p>3.1 Aproximaciones&#8230;&#8230;&#8230;&#8230;&#8230;&#8230;&#8230;&#8230;&#8230;&#8230;&#8230;&#8230;&#8230;&#8230;&#8230;&#8230;&#8230;&#8230;&#8230;&#8230;&#8230;.. 98<\/p>\n<p>3.2 Condiciones del doble efecto &#8230;&#8230;&#8230;&#8230;&#8230;&#8230;&#8230;&#8230;&#8230;&#8230;&#8230;&#8230;&#8230;&#8230;&#8230; 100<\/p>\n<ol>\n<li>La discusi\u00f3n desde la filosof\u00eda de la acci\u00f3n&#8230;&#8230;&#8230;&#8230;&#8230;&#8230;&#8230;&#8230;&#8230;&#8230;&#8230;&#8230;&#8230;&#8230; 103<\/li>\n<li>El problema de la cercan\u00eda&#8230;&#8230;&#8230;&#8230;&#8230;&#8230;&#8230;&#8230;&#8230;&#8230;&#8230;&#8230;&#8230;&#8230;&#8230;&#8230;&#8230;&#8230;&#8230;. 103<\/li>\n<\/ol>\n<p>1.1 Explicaciones de la cercan\u00eda&#8230;&#8230;&#8230;&#8230;&#8230;&#8230;&#8230;&#8230;&#8230;&#8230;&#8230;&#8230;&#8230;&#8230;&#8230;&#8230; 105<\/p>\n<p>1.1.1 Lo intentado seg\u00fan la descripci\u00f3n &#8230;&#8230;&#8230;&#8230;&#8230;&#8230;&#8230;&#8230;.. 105<\/p>\n<p>1.1.2 Lo intentado seg\u00fan la probabilidad &#8230;&#8230;&#8230;&#8230;&#8230;&#8230;&#8230;&#8230; 106<\/p>\n<p>1.1.3 Lo intentado seg\u00fan la contrafactualidad &#8230;&#8230;&#8230;&#8230;&#8230;.. 108<\/p>\n<ol start=\"2\">\n<li>El problema de la irrelevancia&#8230;&#8230;&#8230;&#8230;&#8230;&#8230;&#8230;&#8230;&#8230;&#8230;&#8230;&#8230;&#8230;&#8230;&#8230;&#8230;&#8230;.. 109<\/li>\n<li>Breve comentario&#8230;&#8230;&#8230;&#8230;&#8230;&#8230;&#8230;&#8230;&#8230;&#8230;&#8230;&#8230;&#8230;&#8230;&#8230;&#8230;&#8230;&#8230;&#8230;&#8230;. 110<\/li>\n<\/ol>\n<p>3.1 Sobre la cercan\u00eda y la irrelevancia &#8230;&#8230;&#8230;&#8230;&#8230;&#8230;&#8230;&#8230;&#8230;&#8230;&#8230;&#8230;&#8230; 110<\/p>\n<p>3.2 Las diferencias entre doble efecto y dolo eventual &#8230;&#8230;&#8230;&#8230;.. 111<\/p>\n<p>Cap\u00edtulo quinto<\/p>\n<p>ARGUMENTOS DE LA REFUTACI\u00d3N<\/p>\n<p>DEL DOLO EVENTUAL<\/p>\n<ol>\n<li>Argumentos filos\u00f3ficos&#8230;&#8230;&#8230;&#8230;&#8230;&#8230;&#8230;&#8230;&#8230;&#8230;&#8230;&#8230;&#8230;&#8230;&#8230;&#8230;&#8230;&#8230;&#8230;&#8230;&#8230;&#8230;&#8230;.. 113<\/li>\n<li>Los conceptos penales a trav\u00e9s de ontologismo y normativismo &#8230;&#8230;&#8230;&#8230;&#8230;&#8230;&#8230;&#8230;&#8230;&#8230;&#8230;&#8230;&#8230;&#8230;&#8230;&#8230;&#8230;&#8230;&#8230;&#8230;&#8230;&#8230;&#8230;&#8230;&#8230;. 113<\/li>\n<\/ol>\n<p>1.1 Toma de postura&#8230;&#8230;&#8230;&#8230;&#8230;&#8230;&#8230;&#8230;&#8230;&#8230;&#8230;&#8230;&#8230;&#8230;&#8230;&#8230;&#8230;&#8230;&#8230;&#8230;&#8230;. 120<\/p>\n<ol start=\"2\">\n<li>Filosof\u00eda del lenguaje, derecho y dolo &#8230;&#8230;&#8230;&#8230;&#8230;&#8230;&#8230;&#8230;&#8230;&#8230;&#8230;&#8230;&#8230;.. 128<\/li>\n<\/ol>\n<p>2.1 Aproximaciones a la filosof\u00eda del lenguaje &#8230;&#8230;&#8230;&#8230;&#8230;&#8230;&#8230;.. 128<\/p>\n<p>2.2 Aproximaciones a la filosof\u00eda del lenguaje en relaci\u00f3n con<\/p>\n<p>el derecho&#8230;&#8230;&#8230;&#8230;&#8230;&#8230;&#8230;&#8230;&#8230;&#8230;&#8230;&#8230;&#8230;&#8230;&#8230;&#8230;&#8230;&#8230;&#8230;&#8230;&#8230;&#8230;&#8230;&#8230;.. 141<\/p>\n<p>2.3. Algunas conclusiones&#8230;&#8230;&#8230;&#8230;&#8230;&#8230;&#8230;&#8230;&#8230;&#8230;&#8230;&#8230;&#8230;&#8230;&#8230;&#8230;&#8230;&#8230;&#8230; 150<\/p>\n<ol>\n<li>Argumentos psicol\u00f3gicos&#8230;&#8230;&#8230;&#8230;&#8230;&#8230;&#8230;&#8230;&#8230;&#8230;&#8230;&#8230;&#8230;&#8230;&#8230;&#8230;&#8230;&#8230;&#8230;&#8230;&#8230;&#8230;.. 151<\/li>\n<li>La naturaleza del intentar y preveer&#8230;&#8230;&#8230;&#8230;&#8230;&#8230;&#8230;&#8230;&#8230;&#8230;&#8230;&#8230;&#8230;&#8230;.. 151<\/li>\n<\/ol>\n<p>1.1 Consecuencias para el tipo subjetivo &#8230;&#8230;&#8230;&#8230;&#8230;&#8230;&#8230;&#8230;&#8230;&#8230;&#8230;. 153<\/p>\n<p>III. Argumentos axiol\u00f3gicos&#8230;&#8230;&#8230;&#8230;&#8230;&#8230;&#8230;&#8230;&#8230;&#8230;&#8230;&#8230;&#8230;&#8230;&#8230;&#8230;&#8230;&#8230;&#8230;&#8230;&#8230;&#8230;&#8230; 160<\/p>\n<ol>\n<li>El derecho penal liberal &#8230;&#8230;&#8230;&#8230;&#8230;&#8230;&#8230;&#8230;&#8230;&#8230;&#8230;&#8230;&#8230;&#8230;&#8230;&#8230;&#8230;&#8230;&#8230;&#8230;.. 160<\/li>\n<\/ol>\n<p>Cap\u00edtulo sexto<\/p>\n<p>LA OBSOLESCENCIA DE LAS FORMAS<\/p>\n<p>DE DOLO Y CULPA:<\/p>\n<p>LA CONDUCTA ARRIESGADA<\/p>\n<ol>\n<li>Rechazo del debate sobre el dolo eventual &#8230;&#8230;&#8230;&#8230;&#8230;&#8230;&#8230;&#8230;&#8230;&#8230;&#8230;&#8230;&#8230;&#8230; 163<\/li>\n<li>\u00bfInclusi\u00f3n de una nueva categor\u00eda?&#8230;&#8230;&#8230;&#8230;&#8230;&#8230;&#8230;&#8230;&#8230;&#8230;&#8230;&#8230;&#8230;&#8230;&#8230;&#8230;&#8230;.. 165<\/li>\n<\/ol>\n<div class=\"page\" data-page-number=\"4\" data-page-label=\"9\" data-loaded=\"true\"><\/div>\n<p>&nbsp;<\/p>\n","protected":false},"excerpt":{"rendered":"<h4 style=\"text-align: center;\"><strong><span style=\"color: #ff9900;\">( LIBRO EXTRANJERO )<\/span><\/strong><\/h4>\n","protected":false},"featured_media":2979,"comment_status":"open","ping_status":"closed","template":"","meta":{"inline_featured_image":false,"_joinchat":[]},"product_brand":[],"product_cat":[30],"product_tag":[],"class_list":{"0":"post-2949","1":"product","2":"type-product","3":"status-publish","4":"has-post-thumbnail","6":"product_cat-penal","7":"product_shipping_class-a-convenir","9":"first","10":"instock","11":"shipping-taxable","12":"purchasable","13":"product-type-simple"},"_links":{"self":[{"href":"https:\/\/bibliotecajuridicavirtual.cl\/index.php\/wp-json\/wp\/v2\/product\/2949","targetHints":{"allow":["GET"]}}],"collection":[{"href":"https:\/\/bibliotecajuridicavirtual.cl\/index.php\/wp-json\/wp\/v2\/product"}],"about":[{"href":"https:\/\/bibliotecajuridicavirtual.cl\/index.php\/wp-json\/wp\/v2\/types\/product"}],"replies":[{"embeddable":true,"href":"https:\/\/bibliotecajuridicavirtual.cl\/index.php\/wp-json\/wp\/v2\/comments?post=2949"}],"wp:featuredmedia":[{"embeddable":true,"href":"https:\/\/bibliotecajuridicavirtual.cl\/index.php\/wp-json\/wp\/v2\/media\/2979"}],"wp:attachment":[{"href":"https:\/\/bibliotecajuridicavirtual.cl\/index.php\/wp-json\/wp\/v2\/media?parent=2949"}],"wp:term":[{"taxonomy":"product_brand","embeddable":true,"href":"https:\/\/bibliotecajuridicavirtual.cl\/index.php\/wp-json\/wp\/v2\/product_brand?post=2949"},{"taxonomy":"product_cat","embeddable":true,"href":"https:\/\/bibliotecajuridicavirtual.cl\/index.php\/wp-json\/wp\/v2\/product_cat?post=2949"},{"taxonomy":"product_tag","embeddable":true,"href":"https:\/\/bibliotecajuridicavirtual.cl\/index.php\/wp-json\/wp\/v2\/product_tag?post=2949"}],"curies":[{"name":"wp","href":"https:\/\/api.w.org\/{rel}","templated":true}]}}