{"id":2951,"date":"2026-02-28T01:07:35","date_gmt":"2026-02-28T04:07:35","guid":{"rendered":"https:\/\/bibliotecajuridicavirtual.cl\/?post_type=product&#038;p=2951"},"modified":"2026-02-28T01:07:51","modified_gmt":"2026-02-28T04:07:51","slug":"detencion-y-prision-preventiva-1ra-reimpresion-ano-2019-560-pag-autor-dario-octavio-palacios-dextre","status":"publish","type":"product","link":"https:\/\/bibliotecajuridicavirtual.cl\/index.php\/product\/detencion-y-prision-preventiva-1ra-reimpresion-ano-2019-560-pag-autor-dario-octavio-palacios-dextre\/","title":{"rendered":"Detenci\u00f3n y Prisi\u00f3n Preventiva (1ra Reimpresi\u00f3n). A\u00f1o 2019\/560 P\u00e1g. Autor Dario Octavio Palacios Dextre"},"content":{"rendered":"<p>Este libro en su primer cap\u00edtulo, como corresponde, realiza un estudio general e introductorio de las medidas de coerci\u00f3n. Este es el cap\u00edtulo b\u00e1sico, que revela el estado de la cuesti\u00f3n en materia de privaci\u00f3n o limitaci\u00f3n de la libertad coercitiva y c\u00f3mo debe entenderse, a partir de la identificaci\u00f3n de los principios y reglas que subyacen a las medidas de coerci\u00f3n. Segundo, la medida m\u00e1s grave del sistema procesal penal: la prisi\u00f3n preventiva, a la que dedica sus m\u00e1s enjundiosas reflexiones [Cap\u00edtulo VII].<\/p>\n<p>&nbsp;<\/p>\n","protected":false},"excerpt":{"rendered":"<h4 style=\"text-align: center;\"><span style=\"color: #ff9900;\"><strong>( LIBRO EXTRANJERO)<\/strong><\/span><\/h4>\n","protected":false},"featured_media":2981,"comment_status":"open","ping_status":"closed","template":"","meta":{"inline_featured_image":false,"_joinchat":[]},"product_brand":[],"product_cat":[30,34],"product_tag":[],"class_list":{"0":"post-2951","1":"product","2":"type-product","3":"status-publish","4":"has-post-thumbnail","6":"product_cat-penal","7":"product_cat-procesal-penal","8":"product_shipping_class-a-convenir","10":"first","11":"instock","12":"shipping-taxable","13":"purchasable","14":"product-type-simple"},"_links":{"self":[{"href":"https:\/\/bibliotecajuridicavirtual.cl\/index.php\/wp-json\/wp\/v2\/product\/2951","targetHints":{"allow":["GET"]}}],"collection":[{"href":"https:\/\/bibliotecajuridicavirtual.cl\/index.php\/wp-json\/wp\/v2\/product"}],"about":[{"href":"https:\/\/bibliotecajuridicavirtual.cl\/index.php\/wp-json\/wp\/v2\/types\/product"}],"replies":[{"embeddable":true,"href":"https:\/\/bibliotecajuridicavirtual.cl\/index.php\/wp-json\/wp\/v2\/comments?post=2951"}],"wp:featuredmedia":[{"embeddable":true,"href":"https:\/\/bibliotecajuridicavirtual.cl\/index.php\/wp-json\/wp\/v2\/media\/2981"}],"wp:attachment":[{"href":"https:\/\/bibliotecajuridicavirtual.cl\/index.php\/wp-json\/wp\/v2\/media?parent=2951"}],"wp:term":[{"taxonomy":"product_brand","embeddable":true,"href":"https:\/\/bibliotecajuridicavirtual.cl\/index.php\/wp-json\/wp\/v2\/product_brand?post=2951"},{"taxonomy":"product_cat","embeddable":true,"href":"https:\/\/bibliotecajuridicavirtual.cl\/index.php\/wp-json\/wp\/v2\/product_cat?post=2951"},{"taxonomy":"product_tag","embeddable":true,"href":"https:\/\/bibliotecajuridicavirtual.cl\/index.php\/wp-json\/wp\/v2\/product_tag?post=2951"}],"curies":[{"name":"wp","href":"https:\/\/api.w.org\/{rel}","templated":true}]}}