{"id":2952,"date":"2026-02-28T01:07:35","date_gmt":"2026-02-28T04:07:35","guid":{"rendered":"https:\/\/bibliotecajuridicavirtual.cl\/?post_type=product&#038;p=2952"},"modified":"2026-02-28T01:07:52","modified_gmt":"2026-02-28T04:07:52","slug":"sobre-la-prueba-y-otros-aspectos-en-extincion-de-dominio-ano-2023-532-pag-autor-juan-manuel-arroyo-decena","status":"publish","type":"product","link":"https:\/\/bibliotecajuridicavirtual.cl\/index.php\/product\/sobre-la-prueba-y-otros-aspectos-en-extincion-de-dominio-ano-2023-532-pag-autor-juan-manuel-arroyo-decena\/","title":{"rendered":"Sobre la Prueba y Otros Aspectos en Extinci\u00f3n de Dominio. A\u00f1o 2023\/ 532 P\u00e1g. Autor Juan Manuel Arroyo Decena"},"content":{"rendered":"<p>Este libro constituye un conjunto de aportes que vienen a enriquecer el panorama jur\u00eddico sobre la extinci\u00f3n de dominio y el necesario debate al que debe ser sometida la aplicaci\u00f3n de todo tipo de norma. Algunos de los temas abordados son la constitucionalidad de la extinci\u00f3n de dominio; los presupuestos de aplicaci\u00f3n de la norma, entre otros. Como valor a\u00f1adido, se incluye la Ley de Extinci\u00f3n de Dominio concordada; un modelo de demanda y un anexo jurisprudencial.<\/p>\n","protected":false},"excerpt":{"rendered":"<h4 style=\"text-align: center;\"><span style=\"color: #ff9900;\">( LIBRO EXTRANJERO )<\/span><\/h4>\n","protected":false},"featured_media":2982,"comment_status":"open","ping_status":"closed","template":"","meta":{"inline_featured_image":false,"_joinchat":[]},"product_brand":[],"product_cat":[27],"product_tag":[],"class_list":{"0":"post-2952","1":"product","2":"type-product","3":"status-publish","4":"has-post-thumbnail","6":"product_cat-civil","7":"product_shipping_class-a-convenir","9":"first","10":"instock","11":"shipping-taxable","12":"purchasable","13":"product-type-simple"},"_links":{"self":[{"href":"https:\/\/bibliotecajuridicavirtual.cl\/index.php\/wp-json\/wp\/v2\/product\/2952","targetHints":{"allow":["GET"]}}],"collection":[{"href":"https:\/\/bibliotecajuridicavirtual.cl\/index.php\/wp-json\/wp\/v2\/product"}],"about":[{"href":"https:\/\/bibliotecajuridicavirtual.cl\/index.php\/wp-json\/wp\/v2\/types\/product"}],"replies":[{"embeddable":true,"href":"https:\/\/bibliotecajuridicavirtual.cl\/index.php\/wp-json\/wp\/v2\/comments?post=2952"}],"wp:featuredmedia":[{"embeddable":true,"href":"https:\/\/bibliotecajuridicavirtual.cl\/index.php\/wp-json\/wp\/v2\/media\/2982"}],"wp:attachment":[{"href":"https:\/\/bibliotecajuridicavirtual.cl\/index.php\/wp-json\/wp\/v2\/media?parent=2952"}],"wp:term":[{"taxonomy":"product_brand","embeddable":true,"href":"https:\/\/bibliotecajuridicavirtual.cl\/index.php\/wp-json\/wp\/v2\/product_brand?post=2952"},{"taxonomy":"product_cat","embeddable":true,"href":"https:\/\/bibliotecajuridicavirtual.cl\/index.php\/wp-json\/wp\/v2\/product_cat?post=2952"},{"taxonomy":"product_tag","embeddable":true,"href":"https:\/\/bibliotecajuridicavirtual.cl\/index.php\/wp-json\/wp\/v2\/product_tag?post=2952"}],"curies":[{"name":"wp","href":"https:\/\/api.w.org\/{rel}","templated":true}]}}