{"id":2954,"date":"2026-02-28T01:07:35","date_gmt":"2026-02-28T04:07:35","guid":{"rendered":"https:\/\/bibliotecajuridicavirtual.cl\/?post_type=product&#038;p=2954"},"modified":"2026-02-28T01:07:55","modified_gmt":"2026-02-28T04:07:55","slug":"analisis-de-la-ley-de-extincion-de-dominio-desde-la-doctrina-jurisprudencia-convenciones-internacionales-y-legislacion-comparada-ano-enero-2023-784-pag-autor-luis-jesus-aguirre-naupari","status":"publish","type":"product","link":"https:\/\/bibliotecajuridicavirtual.cl\/index.php\/product\/analisis-de-la-ley-de-extincion-de-dominio-desde-la-doctrina-jurisprudencia-convenciones-internacionales-y-legislacion-comparada-ano-enero-2023-784-pag-autor-luis-jesus-aguirre-naupari\/","title":{"rendered":"An\u00e1lisis de la ley de Extinci\u00f3n de Dominio &#8211; Desde la Doctrina, Jurisprudencia, Convenciones Internacionales y Legislaci\u00f3n Comparada. A\u00f1o Enero 2023\/ 784 P\u00e1g. Autor Luis Jes\u00fas Aguirre Naupari"},"content":{"rendered":"<p>INDICE<\/p>\n<p>Pr\u00f3logo de la doctora Sara Salazar Landinez.. . .. . .. . .. . .. . .. . .. . .. . 11<\/p>\n<p>Pr\u00f3logo del doctor Manuel Estuardo Luj\u00e1n T\u00fapez.. . .. . .. . .. . .. . .. . 23<\/p>\n<p>Introducci\u00f3n.. . .. . .. . .. . .. . .. . .. . .. . .. . .. . .. . .. . .. . .. . .. . .. . .. . .. . .. . .. 45<\/p>\n<p>Referencias normativas .. . .. . .. . .. . .. . .. . .. . .. . .. . .. . .. . .. . .. . .. . .. . 59<\/p>\n<p>T\u00cdTULO PRELIMINAR<\/p>\n<p>Art\u00edculo I. \u00c1mbito de aplicaci\u00f3n&#8230; &#8230; &#8230; &#8230; &#8230; &#8230; &#8230; &#8230; &#8230; &#8230; &#8230; &#8230; 63<\/p>\n<p>Art\u00edculo II. Principios y criterios aplicables para la declaraci\u00f3n<\/p>\n<p>de extinci\u00f3n de dominio&#8230; &#8230; &#8230; &#8230; &#8230; &#8230; &#8230; &#8230; &#8230; &#8230; &#8230; &#8230; &#8230; &#8230; &#8230; 69<\/p>\n<p>Nulidad .. . .. . .. . .. . .. . .. . .. . .. . .. . .. . .. . .. . .. . .. . .. . .. . .. . .. . .. . .. . .. . .. 70<\/p>\n<p>Especialidad .. . .. . .. . .. . .. . .. . .. . .. . .. . .. . .. . .. . .. . .. . .. . .. . .. . .. . .. . .. 75<\/p>\n<p>Autonom\u00eda &#8230; &#8230; &#8230; &#8230; &#8230; &#8230; &#8230; &#8230; &#8230; &#8230; &#8230; &#8230; &#8230; &#8230; &#8230; &#8230; &#8230; &#8230; &#8230; &#8230; 80<\/p>\n<p>Dominio de bienes &#8230; &#8230; &#8230; &#8230; &#8230; &#8230; &#8230; &#8230; &#8230; &#8230; &#8230; &#8230; &#8230; &#8230; &#8230; &#8230; &#8230; 85<\/p>\n<ul>\n<li>\u00bfEl derecho a la propiedad tambi\u00e9n alcanza o cubre al<\/li>\n<\/ul>\n<p>patrimonio il\u00edcito? .. . .. . .. . .. . .. . .. . .. . .. . .. . .. . .. . .. . .. . .. . .. . .. 93<\/p>\n<ul>\n<li>\u00bfEl bien originado il\u00edcitamente por uno de los c\u00f3nyuges<\/li>\n<\/ul>\n<p>se constituye como bien social? .. . .. . .. . .. . .. . .. . .. . .. . .. . .. . .. 103<\/p>\n<ul>\n<li>La parte final del precepto alude al \u00abjusto t\u00edtulo\u00bb y al tercero de buena fe .. . .. . .. . .. . .. . .. . .. . .. . .. . .. . .. . .. . .. . .. . .. . .. . .. 105<\/li>\n<\/ul>\n<p>Aplicaci\u00f3n en el tiempo &#8230; &#8230; &#8230; &#8230; &#8230; &#8230; &#8230; &#8230; &#8230; &#8230; &#8230; &#8230; &#8230; &#8230; &#8230; 137<\/p>\n<p>Tutela jurisdiccional y debido proceso .. . .. . .. . .. . .. . .. . .. . .. . .. . 150<\/p>\n<p>Publicidad .. . .. . .. . .. . .. . .. . .. . .. . .. . .. . .. . .. . .. . .. . .. . .. . .. . .. . .. . .. . 156<\/p>\n<p>Cosa juzgada .. . .. . .. . .. . .. . .. . .. . .. . .. . .. . .. . .. . .. . .. . .. . .. . .. . .. . .. . .. 167<\/p>\n<p>Carga de la prueba &#8230; &#8230; &#8230; &#8230; &#8230; &#8230; &#8230; &#8230; &#8230; &#8230; &#8230; &#8230; &#8230; &#8230; &#8230; &#8230; &#8230; 181<\/p>\n<p>Art\u00edculo III. Definiciones.. . .. . .. . .. . .. . .. . .. . .. . .. . .. . .. . .. . .. . .. . .. 197<\/p>\n<p>Actividad il\u00edcita .. . .. . .. . .. . .. . .. . .. . .. . .. . .. . .. . .. . .. . .. . .. . .. . .. . .. . .. 197<\/p>\n<p>Sobre las faltas administrativas (&#8230;)&#8230; &#8230; &#8230; &#8230; &#8230; &#8230; &#8230; &#8230; &#8230; 200<\/p>\n<p>Requerido.. . .. . .. . .. . .. . .. . .. . .. . .. . .. . .. . .. . .. . .. . .. . .. . .. . .. . .. . .. . .. . 203<\/p>\n<p>Bienes susceptibles de extinci\u00f3n de dominio .. . .. . .. . .. . .. . .. . .. 208<\/p>\n<p>Bienes abandonados .. . .. . .. . .. . .. . .. . .. . .. . .. . .. . .. . .. . .. . .. . .. . .. . 213<\/p>\n<p>Bienes patrimoniales .. . .. . .. . .. . .. . .. . .. . .. . .. . .. . .. . .. . .. . .. . .. . .. . 216<\/p>\n<p>Bienes cautelados .. . .. . .. . .. . .. . .. . .. . .. . .. . .. . .. . .. . .. . .. . .. . .. . .. . .. 226<\/p>\n<p>Bienes que constituyen objeto de actividades il\u00edcitas .. . .. . .. . .. 228<\/p>\n<p>Bienes que constituyen instrumento de actividades il\u00edcitas&#8230; . 229<\/p>\n<p>Bienes que constituyen efectos o ganancias de actividades<\/p>\n<p>il\u00edcitas .. . .. . .. . .. . .. . .. . .. . .. . .. . .. . .. . .. . .. . .. . .. . .. . .. . .. . .. . .. . .. . .. . 239<\/p>\n<p>Extinci\u00f3n de dominio &#8230; &#8230; &#8230; &#8230; &#8230; &#8230; &#8230; &#8230; &#8230; &#8230; &#8230; &#8230; &#8230; &#8230; &#8230; &#8230; 242<\/p>\n<p>Incremento patrimonial no justificado &#8230; &#8230; &#8230; &#8230; &#8230; &#8230; &#8230; &#8230; &#8230; 257<\/p>\n<p>Tercero .. . .. . .. . .. . .. . .. . .. . .. . .. . .. . .. . .. . .. . .. . .. . .. . .. . .. . .. . .. . .. . .. 265<\/p>\n<p>Cap\u00edtulo I<\/p>\n<p>DISPOSICIONES GENERALES<\/p>\n<p>Art\u00edculo 1. Finalidad del decreto legislativo .. . .. . .. . .. . .. . .. . .. . 269<\/p>\n<p>Art\u00edculo 2. Objeto del decreto legislativo .. . .. . .. . .. . .. . .. . .. . .. . 271<\/p>\n<p>&nbsp;<\/p>\n<p>Art\u00edculo 3. Naturaleza jur\u00eddica del proceso de extinci\u00f3n de<\/p>\n<p>dominio .. . .. . .. . .. . .. . .. . .. . .. . .. . .. . .. . .. . .. . .. . .. . .. . .. . .. . .. . .. . .. . 272<\/p>\n<ul>\n<li>Es aut\u00f3nomo .. . .. . .. . .. . .. . .. . .. . .. . .. . .. . .. . .. . .. . .. . .. . .. . .. . .. 272<\/li>\n<li>Tiene car\u00e1cter real .. . .. . .. . .. . .. . .. . .. . .. . .. . .. . .. . .. . .. . .. . .. . .. 274<\/li>\n<li>Tiene contenido patrimonial.. . .. . .. . .. . .. . .. . .. . .. . .. . .. . .. . .. 277<\/li>\n<\/ul>\n<p>Cap\u00edtulo II<\/p>\n<p>GARANT\u00cdAS PROCESALES<\/p>\n<p>Y PRESUPUESTOS DE PROCEDENCIA<\/p>\n<p>Art\u00edculo 4. Garant\u00edas procesales y adopci\u00f3n de medidas<\/p>\n<p>limitativas&#8230; &#8230; &#8230; &#8230; &#8230; &#8230; &#8230; &#8230; &#8230; &#8230; &#8230; &#8230; &#8230; &#8230; &#8230; &#8230; &#8230; &#8230; &#8230; &#8230; &#8230; 283<\/p>\n<p>Art\u00edculo 5. Derechos del requerido .. . .. . .. . .. . .. . .. . .. . .. . .. . .. . .. 285<\/p>\n<p>Art\u00edculo 6. Comparecencia al proceso.. . .. . .. . .. . .. . .. . .. . .. . .. . .. 289<\/p>\n<p>Art\u00edculo 7. Presupuestos de procedencia del proceso de extinci\u00f3n de dominio .. . .. . .. . .. . .. . .. . .. . .. . .. . .. . .. . .. . .. . .. . .. . .. . .. . .. . 293<\/p>\n<ul>\n<li>Un tema poco claro: la transformaci\u00f3n y conversi\u00f3n de<\/li>\n<\/ul>\n<p>bienes .. . .. . .. . .. . .. . .. . .. . .. . .. . .. . .. . .. . .. . .. . .. . .. . .. . .. . .. . .. . .. 326<\/p>\n<ul>\n<li>Un tema no abordado en el art\u00edculo 7: los bienes de valor<\/li>\n<\/ul>\n<p>equivalente .. . .. . .. . .. . .. . .. . .. . .. . .. . .. . .. . .. . .. . .. . .. . .. . .. . .. . .. 330<\/p>\n<p>Cap\u00edtulo III<\/p>\n<p>COMPETENCIA<\/p>\n<p>Art\u00edculo 8. Competencia de \u00f3rganos especializados en extinci\u00f3n de dominio .. . .. . .. . .. . .. . .. . .. . .. . .. . .. . .. . .. . .. . .. . .. . .. . .. . .. . 337<\/p>\n<ul>\n<li>Indagaci\u00f3n sobre bienes relacionados con organizaciones<\/li>\n<\/ul>\n<p>criminales&#8230; &#8230; &#8230; &#8230; &#8230; &#8230; &#8230; &#8230; &#8230; &#8230; &#8230; &#8230; &#8230; &#8230; &#8230; &#8230; &#8230; &#8230; &#8230; . 343<\/p>\n<p>Art\u00edculo 9. Inicio del proceso de extinci\u00f3n de dominio.. . .. . .. 357<\/p>\n<p>Art\u00edculo 10. Facultades del Fiscal Especializado en la etapa de<\/p>\n<p>indagaci\u00f3n .. . .. . .. . .. . .. . .. . .. . .. . .. . .. . .. . .. . .. . .. . .. . .. . .. . .. . .. . .. . 362<\/p>\n<p>Art\u00edculo 11. Atribuciones de la Polic\u00eda Nacional del Per\u00fa .. . .. 364<\/p>\n<p>Cap\u00edtulo IV<\/p>\n<p>INDAGACI\u00d3N DE EXTINCI\u00d3N DE DOMINIO<\/p>\n<p>Art\u00edculo 12. Etapas .. . .. . .. . .. . .. . .. . .. . .. . .. . .. . .. . .. . .. . .. . .. . .. . .. . 367<\/p>\n<p>Art\u00edculo 13. Inicio de la indagaci\u00f3n patrimonial .. . .. . .. . .. . .. . 371<\/p>\n<ul>\n<li>Otras reglas de la indagaci\u00f3n patrimonial &#8230; &#8230; &#8230; &#8230; &#8230; &#8230; . 373<\/li>\n<li>La acumulaci\u00f3n (unidad procesal) y separaci\u00f3n (ruptura<\/li>\n<\/ul>\n<p>de la unidad procesal) de indagaciones patrimoniales&#8230; . 375<\/p>\n<p>Art\u00edculo 14. Etapa de indagaci\u00f3n patrimonial .. . .. . .. . .. . .. . .. . 378<\/p>\n<p>Art\u00edculo 15. Medidas cautelares.. . .. . .. . .. . .. . .. . .. . .. . .. . .. . .. . .. . 391<\/p>\n<ul>\n<li>Caracter\u00edsticas de las medidas cautelares que se eval\u00faan<\/li>\n<\/ul>\n<p>en el \u00e1mbito de la extinci\u00f3n de dominio .. . .. . .. . .. . .. . .. . .. 393<\/p>\n<ul>\n<li>Requisitos de la medida cautelar .. . .. . .. . .. . .. . .. . .. . .. . .. . .. . 397<\/li>\n<li>El art\u00edculo 21 del Reglamento regla diversos aspectos de<\/li>\n<\/ul>\n<p>las medidas cautelares &#8230; &#8230; &#8230; &#8230; &#8230; &#8230; &#8230; &#8230; &#8230; &#8230; &#8230; &#8230; &#8230; &#8230; . 414<\/p>\n<p>Art\u00edculo 16. Conclusi\u00f3n de la indagaci\u00f3n patrimonial.. . .. . .. . 436<\/p>\n<p>Cap\u00edtulo V<\/p>\n<p>ETAPA JUDICIAL<\/p>\n<p>Art\u00edculo 17. Requisitos de la demanda de extinci\u00f3n de dominio .. 443<\/p>\n<ul>\n<li>Requisitos omitidos en la LED: petitorio y fundamentaci\u00f3n<\/li>\n<\/ul>\n<p>de derecho .. . .. . .. . .. . .. . .. . .. . .. . .. . .. . .. . .. . .. . .. . .. . .. . .. . .. . .. 449<\/p>\n<p>Art\u00edculo 18. Calificaci\u00f3n de la demanda de extinci\u00f3n de dominio.. . .. . .. . .. . .. . .. . .. . .. . .. . .. . .. . .. . .. . .. . .. . .. . .. . .. . .. . .. . .. . .. . .. 453<\/p>\n<p>Art\u00edculo 19. Notificaci\u00f3n&#8230; &#8230; &#8230; &#8230; &#8230; &#8230; &#8230; &#8230; &#8230; &#8230; &#8230; &#8230; &#8230; &#8230; &#8230; 459<\/p>\n<ul>\n<li>El art\u00edculo 35 del Reglamento contiene reglas adicionales<\/li>\n<\/ul>\n<p>a las ya se\u00f1aladas.. . .. . .. . .. . .. . .. . .. . .. . .. . .. . .. . .. . .. . .. . .. . .. . .. 466<\/p>\n<p>Art\u00edculo 20. Contestaci\u00f3n de la demanda .. . .. . .. . .. . .. . .. . .. . .. . 468<\/p>\n<ul>\n<li>Algunos aspectos de las excepciones procesales.. . .. . .. . .. . 469<\/li>\n<\/ul>\n<p>Excepci\u00f3n de incompetencia .. . .. . .. . .. . .. . .. . .. . .. . .. . .. . .. . .. . 470<\/p>\n<p>Excepci\u00f3n de cosa juzgada .. . .. . .. . .. . .. . .. . .. . .. . .. . .. . .. . .. . .. . 472<\/p>\n<ul>\n<li>\u00bfEs viable deducir otra excepci\u00f3n? &#8230; &#8230; &#8230; &#8230; &#8230; &#8230; &#8230; &#8230; &#8230; . 473<\/li>\n<li>Sobre la excepci\u00f3n de prescripci\u00f3n .. . .. . .. . .. . .. . .. . .. . .. . .. 474<\/li>\n<\/ul>\n<p>Art\u00edculo 21. Declaraci\u00f3n de rebeld\u00eda.. . .. . .. . .. . .. . .. . .. . .. . .. . .. . 477<\/p>\n<ul>\n<li>\u00bfLa Defensa P\u00fablica puede contestar la demanda? .. . .. . .. 480<\/li>\n<\/ul>\n<p>Art\u00edculo 22. Audiencia inicial &#8230; &#8230; &#8230; &#8230; &#8230; &#8230; &#8230; &#8230; &#8230; &#8230; &#8230; &#8230; &#8230; 483<\/p>\n<ul>\n<li>Conducencia, pertinencia y utilidad de los medios de prueba .. . 486<\/li>\n<li>Omisi\u00f3n legislativa: la fijaci\u00f3n de puntos controvertidos 489<\/li>\n<\/ul>\n<p>Art\u00edculo 23. Audiencia de actuaci\u00f3n de medios probatorios .. . 494<\/p>\n<p>Art\u00edculo 24. Sentencia de primera instancia .. . .. . .. . .. . .. . .. . .. . 503<\/p>\n<p>Art\u00edculo 25. Apelaci\u00f3n de sentencia .. . .. . .. . .. . .. . .. . .. . .. . .. . .. . 504<\/p>\n<ul>\n<li>Adhesi\u00f3n al recurso de apelaci\u00f3n .. . .. . .. . .. . .. . .. . .. . .. . .. . .. 510<\/li>\n<li>L\u00edmites del \u00f3rgano de segundo grado.. . .. . .. . .. . .. . .. . .. . .. . 510<\/li>\n<\/ul>\n<p>Cap\u00edtulo VI<\/p>\n<p>LA PRUEBA<\/p>\n<p>Art\u00edculo 26. Medios de prueba.. . .. . .. . .. . .. . .. . .. . .. . .. . .. . .. . .. . .. 513<\/p>\n<ul>\n<li>T\u00e9cnicas especiales de indagaci\u00f3n patrimonial &#8230; &#8230; &#8230; &#8230; . 525<\/li>\n<li>Un punto apenas mencionado en la LED: la prueba por<\/li>\n<\/ul>\n<p>indicios&#8230; &#8230; &#8230; &#8230; &#8230; &#8230; &#8230; &#8230; &#8230; &#8230; &#8230; &#8230; &#8230; &#8230; &#8230; &#8230; &#8230; &#8230; &#8230; &#8230; . 527<\/p>\n<p>Principio de permanencia de la prueba&#8230; &#8230; &#8230; &#8230; &#8230; &#8230; &#8230; . 539<\/p>\n<ul>\n<li>El Reglamento desarrolla los medios probatorios siguientes.. . .. 540<\/li>\n<\/ul>\n<p>1) El testimonio.. . .. . .. . .. . .. . .. . .. . .. . .. . .. . .. . .. . .. . .. . .. . .. . .. . .. . 540<\/p>\n<p>2) El documento &#8230; &#8230; &#8230; &#8230; &#8230; &#8230; &#8230; &#8230; &#8230; &#8230; &#8230; &#8230; &#8230; &#8230; &#8230; &#8230; &#8230; . 543<\/p>\n<p>3) La pericia .. . .. . .. . .. . .. . .. . .. . .. . .. . .. . .. . .. . .. . .. . .. . .. . .. . .. . .. . 546<\/p>\n<p>Art\u00edculo 27. Actuaci\u00f3n de la prueba .. . .. . .. . .. . .. . .. . .. . .. . .. . .. . 549<\/p>\n<p>Art\u00edculo 28. Valoraci\u00f3n de la prueba.. . .. . .. . .. . .. . .. . .. . .. . .. . .. . 554<\/p>\n<p>Est\u00e1ndar probatorio .. . .. . .. . .. . .. . .. . .. . .. . .. . .. . .. . .. . .. . .. . .. . 560<\/p>\n<p>Art\u00edculo 29. Exclusi\u00f3n de prueba .. . .. . .. . .. . .. . .. . .. . .. . .. . .. . .. . 566<\/p>\n<p>Art\u00edculo 30. Prueba trasladada.. . .. . .. . .. . .. . .. . .. . .. . .. . .. . .. . .. . .. 573<\/p>\n<p>Cap\u00edtulo VII<\/p>\n<p>INTERESADOS EN EL PROCESO<\/p>\n<p>DE EXTINCI\u00d3N DE DOMINIO<\/p>\n<p>Art\u00edculo 31. Participaci\u00f3n de los interesados en el proceso de<\/p>\n<p>extinci\u00f3n de dominio.. . .. . .. . .. . .. . .. . .. . .. . .. . .. . .. . .. . .. . .. . .. . .. . 583<\/p>\n<p>Cap\u00edtulo VIII<\/p>\n<p>SENTENCIA Y SUS EFECTOS<\/p>\n<p>Art\u00edculo 32. Alcances de la sentencia &#8230; &#8230; &#8230; &#8230; &#8230; &#8230; &#8230; &#8230; &#8230; &#8230; 585<\/p>\n<p>Art\u00edculo 33. Contenido de la sentencia .. . .. . .. . .. . .. . .. . .. . .. . .. . 587<\/p>\n<p>Art\u00edculo 34. Efectos de la sentencia firme que declara fundada<\/p>\n<p>la demanda de extinci\u00f3n de dominio&#8230; &#8230; &#8230; &#8230; &#8230; &#8230; &#8230; &#8230; &#8230; &#8230; 595<\/p>\n<p>Art\u00edculo 35. Efectos de la sentencia que desestima la demanda<\/p>\n<p>de extinci\u00f3n de dominio&#8230; &#8230; &#8230; &#8230; &#8230; &#8230; &#8230; &#8230; &#8230; &#8230; &#8230; &#8230; &#8230; &#8230; &#8230; 599<\/p>\n<p>Art\u00edculo 36. Sentencia anticipada .. . .. . .. . .. . .. . .. . .. . .. . .. . .. . .. . 599<\/p>\n<ul>\n<li>Incumplimiento de formalidad: legalizaci\u00f3n de firma.. . .. 600<\/li>\n<li>Justicia premial en extinci\u00f3n de dominio .. . .. . .. . .. . .. . .. . .. 601<\/li>\n<li>Tr\u00e1mite en Sala Superior .. . .. . .. . .. . .. . .. . .. . .. . .. . .. . .. . .. . .. . 603<\/li>\n<\/ul>\n<p>Cap\u00edtulo IX<\/p>\n<p>RECURSOS<\/p>\n<p>Art\u00edculo 37. Procedencia de los recursos.. . .. . .. . .. . .. . .. . .. . .. . .. 605<\/p>\n<ul>\n<li>\u00bfCu\u00e1ntas instancias son suficientes para no incurrir en<\/li>\n<\/ul>\n<p>vulneraci\u00f3n del derecho a la impugnaci\u00f3n? .. . .. . .. . .. . .. 608<\/p>\n<ul>\n<li>Sobre el recurso de queja.. . .. . .. . .. . .. . .. . .. . .. . .. . .. . .. . .. . .. . 609<\/li>\n<\/ul>\n<p>Art\u00edculo 38. Reposici\u00f3n .. . .. . .. . .. . .. . .. . .. . .. . .. . .. . .. . .. . .. . .. . .. . 611<\/p>\n<p>Art\u00edculo 39. Apelaci\u00f3n&#8230; &#8230; &#8230; &#8230; &#8230; &#8230; &#8230; &#8230; &#8230; &#8230; &#8230; &#8230; &#8230; &#8230; &#8230; &#8230; 614<\/p>\n<p>Art\u00edculo 40. Supuestos de procedencia de la apelaci\u00f3n .. . .. . .. 620<\/p>\n<ul>\n<li>Prueba nueva en la apelaci\u00f3n &#8230; &#8230; &#8230; &#8230; &#8230; &#8230; &#8230; &#8230; &#8230; &#8230; &#8230; . 622<\/li>\n<li>Prohibici\u00f3n de doble recurso &#8230; &#8230; &#8230; &#8230; &#8230; &#8230; &#8230; &#8230; &#8230; &#8230; &#8230; . 623<\/li>\n<\/ul>\n<p>Cap\u00edtulo X<\/p>\n<p>NULIDADES<\/p>\n<p>Art\u00edculo 41. Causales de nulidad en el proceso &#8230; &#8230; &#8230; &#8230; &#8230; &#8230; 625<\/p>\n<p>Art\u00edculo 42. Oportunidad y efecto de las nulidades .. . .. . .. . .. . 635<\/p>\n<p>Cap\u00edtulo XI<\/p>\n<p>COOPERACI\u00d3N<\/p>\n<p>Art\u00edculo 43. Cooperaci\u00f3n de entidades y funcionarios p\u00fablicos 641<\/p>\n<p>Art\u00edculo 44. Deber de servidor o funcionario p\u00fablico .. . .. . .. . 647<\/p>\n<p>Art\u00edculo 45. Colaboraci\u00f3n del particular.. . .. . .. . .. . .. . .. . .. . .. . .. 649<\/p>\n<p>Art\u00edculo 46. Cooperaci\u00f3n interinstitucional .. . .. . .. . .. . .. . .. . .. . 652<\/p>\n<p>Art\u00edculo 47. Plazo para env\u00edo de informaci\u00f3n.. . .. . .. . .. . .. . .. . .. 660<\/p>\n<p>Art\u00edculo 48. Reserva&#8230; &#8230; &#8230; &#8230; &#8230; &#8230; &#8230; &#8230; &#8230; &#8230; &#8230; &#8230; &#8230; &#8230; &#8230; &#8230; &#8230; 661<\/p>\n<p>Cap\u00edtulo XII<\/p>\n<p>COOPERACI\u00d3N JUR\u00cdDICA INTERNACIONAL<\/p>\n<p>Art\u00edculo 49. Convenios.. . .. . .. . .. . .. . .. . .. . .. . .. . .. . .. . .. . .. . .. . .. . .. 663<\/p>\n<p>Art\u00edculo 50. Obtenci\u00f3n de cooperaci\u00f3n internacional.. . .. . .. . 673<\/p>\n<p>&nbsp;<\/p>\n<p>Art\u00edculo 51. Extraterritorialidad .. . .. . .. . .. . .. . .. . .. . .. . .. . .. . .. . .. 676<\/p>\n<p>Art\u00edculo 52. Asistencia y cooperaci\u00f3n internacional.. . .. . .. . .. . 679<\/p>\n<p>Art\u00edculo 53. Facultad para compartir bienes.. . .. . .. . .. . .. . .. . .. . 684<\/p>\n<p>Art\u00edculo 54. Refrendo.. . .. . .. . .. . .. . .. . .. . .. . .. . .. . .. . .. . .. . .. . .. . .. . 687<\/p>\n<p>ANEXOS<\/p>\n<p>Decreto legislativo sobre extinci\u00f3n de dominio<\/p>\n<p>(Decreto Legislativo N.\u00ba 1373) .. . .. . .. . .. . .. . .. . .. . .. . .. . .. . .. . .. . 691<\/p>\n<p>Reglamento de la ley de extinci\u00f3n de dominio<\/p>\n<p>(Decreto Supremo N.\u00ba 007-2019-JUS) .. . .. . .. . .. . .. . .. . .. . .. . .. . .. 723<\/p>\n<p>Bibliograf\u00eda .. . .. . .. . .. . .. . .. . .. . .. . .. . .. . .. . .. . .. . .. . .. . .. . .. . .. . .. . .. . 761<\/p>\n<p>&nbsp;<\/p>\n<p>&nbsp;<\/p>\n","protected":false},"excerpt":{"rendered":"<h4 style=\"text-align: center;\"><span style=\"color: #ff9900;\"><strong>( LIBRO EXTRANJERO)<\/strong><\/span><\/h4>\n","protected":false},"featured_media":2984,"comment_status":"open","ping_status":"closed","template":"","meta":{"inline_featured_image":false,"_joinchat":[]},"product_brand":[],"product_cat":[30,34],"product_tag":[],"class_list":{"0":"post-2954","1":"product","2":"type-product","3":"status-publish","4":"has-post-thumbnail","6":"product_cat-penal","7":"product_cat-procesal-penal","8":"product_shipping_class-a-convenir","10":"first","11":"instock","12":"shipping-taxable","13":"purchasable","14":"product-type-simple"},"_links":{"self":[{"href":"https:\/\/bibliotecajuridicavirtual.cl\/index.php\/wp-json\/wp\/v2\/product\/2954","targetHints":{"allow":["GET"]}}],"collection":[{"href":"https:\/\/bibliotecajuridicavirtual.cl\/index.php\/wp-json\/wp\/v2\/product"}],"about":[{"href":"https:\/\/bibliotecajuridicavirtual.cl\/index.php\/wp-json\/wp\/v2\/types\/product"}],"replies":[{"embeddable":true,"href":"https:\/\/bibliotecajuridicavirtual.cl\/index.php\/wp-json\/wp\/v2\/comments?post=2954"}],"wp:featuredmedia":[{"embeddable":true,"href":"https:\/\/bibliotecajuridicavirtual.cl\/index.php\/wp-json\/wp\/v2\/media\/2984"}],"wp:attachment":[{"href":"https:\/\/bibliotecajuridicavirtual.cl\/index.php\/wp-json\/wp\/v2\/media?parent=2954"}],"wp:term":[{"taxonomy":"product_brand","embeddable":true,"href":"https:\/\/bibliotecajuridicavirtual.cl\/index.php\/wp-json\/wp\/v2\/product_brand?post=2954"},{"taxonomy":"product_cat","embeddable":true,"href":"https:\/\/bibliotecajuridicavirtual.cl\/index.php\/wp-json\/wp\/v2\/product_cat?post=2954"},{"taxonomy":"product_tag","embeddable":true,"href":"https:\/\/bibliotecajuridicavirtual.cl\/index.php\/wp-json\/wp\/v2\/product_tag?post=2954"}],"curies":[{"name":"wp","href":"https:\/\/api.w.org\/{rel}","templated":true}]}}