{"id":2955,"date":"2026-02-28T01:07:35","date_gmt":"2026-02-28T04:07:35","guid":{"rendered":"https:\/\/bibliotecajuridicavirtual.cl\/?post_type=product&#038;p=2955"},"modified":"2026-02-28T01:07:56","modified_gmt":"2026-02-28T04:07:56","slug":"garantismo-y-proceso-penal-en-la-obra-de-cesar-beccaria-ano-2023-544-pag-autor-javier-llobet-rodriguez","status":"publish","type":"product","link":"https:\/\/bibliotecajuridicavirtual.cl\/index.php\/product\/garantismo-y-proceso-penal-en-la-obra-de-cesar-beccaria-ano-2023-544-pag-autor-javier-llobet-rodriguez\/","title":{"rendered":"Garantismo y Proceso Penal en la obra de Cesar Beccaria. A\u00f1o 2023\/544 P\u00e1g. Autor Javier Llobet Rodr\u00edguez"},"content":{"rendered":"<p>El libro se enmarca en la tendencia hacia el rescate de las ense\u00f1anzas de la doctrina de la Ilustraci\u00f3n, a partir de su principal representante en materia penal:<br \/>\nCesare Beccaria. Su obra, De los delitos y de las penas, es un cl\u00e1sico, lo cual justifica su estudio; sin embargo, como fue escrita en 1764, su lectura no es f\u00e1cil hoy<br \/>\npor hoy, debido a las diversas condiciones hist\u00f3ricas de aquel tiempo.<br \/>\nEn tal sentido, la presente obra constituye una interpretaci\u00f3n fundamental para comprender el legado de Becaria, como la cr\u00edtica a la sanci\u00f3n de muerte y los tormentos infligidos a los acusados, entre otros, con respecto al cual se podr\u00eda llegar a diferentes conclusiones.<\/p>\n<p>&nbsp;<\/p>\n","protected":false},"excerpt":{"rendered":"<h4 style=\"text-align: center;\"><span style=\"color: #ff9900;\">( LIBRO EXTRANJERO )<\/span><\/h4>\n","protected":false},"featured_media":2985,"comment_status":"open","ping_status":"closed","template":"","meta":{"inline_featured_image":false,"_joinchat":[]},"product_brand":[],"product_cat":[30,34],"product_tag":[],"class_list":{"0":"post-2955","1":"product","2":"type-product","3":"status-publish","4":"has-post-thumbnail","6":"product_cat-penal","7":"product_cat-procesal-penal","8":"product_shipping_class-a-convenir","10":"first","11":"instock","12":"shipping-taxable","13":"purchasable","14":"product-type-simple"},"_links":{"self":[{"href":"https:\/\/bibliotecajuridicavirtual.cl\/index.php\/wp-json\/wp\/v2\/product\/2955","targetHints":{"allow":["GET"]}}],"collection":[{"href":"https:\/\/bibliotecajuridicavirtual.cl\/index.php\/wp-json\/wp\/v2\/product"}],"about":[{"href":"https:\/\/bibliotecajuridicavirtual.cl\/index.php\/wp-json\/wp\/v2\/types\/product"}],"replies":[{"embeddable":true,"href":"https:\/\/bibliotecajuridicavirtual.cl\/index.php\/wp-json\/wp\/v2\/comments?post=2955"}],"wp:featuredmedia":[{"embeddable":true,"href":"https:\/\/bibliotecajuridicavirtual.cl\/index.php\/wp-json\/wp\/v2\/media\/2985"}],"wp:attachment":[{"href":"https:\/\/bibliotecajuridicavirtual.cl\/index.php\/wp-json\/wp\/v2\/media?parent=2955"}],"wp:term":[{"taxonomy":"product_brand","embeddable":true,"href":"https:\/\/bibliotecajuridicavirtual.cl\/index.php\/wp-json\/wp\/v2\/product_brand?post=2955"},{"taxonomy":"product_cat","embeddable":true,"href":"https:\/\/bibliotecajuridicavirtual.cl\/index.php\/wp-json\/wp\/v2\/product_cat?post=2955"},{"taxonomy":"product_tag","embeddable":true,"href":"https:\/\/bibliotecajuridicavirtual.cl\/index.php\/wp-json\/wp\/v2\/product_tag?post=2955"}],"curies":[{"name":"wp","href":"https:\/\/api.w.org\/{rel}","templated":true}]}}