{"id":2956,"date":"2026-02-28T01:07:35","date_gmt":"2026-02-28T04:07:35","guid":{"rendered":"https:\/\/bibliotecajuridicavirtual.cl\/?post_type=product&#038;p=2956"},"modified":"2026-02-28T01:07:58","modified_gmt":"2026-02-28T04:07:58","slug":"actos-juridicos-negocio-juridico-y-teoria-general-del-contrato-ano-noviembre-2023-637-pag-autor-rodrigo-barcia-lehmann","status":"publish","type":"product","link":"https:\/\/bibliotecajuridicavirtual.cl\/index.php\/product\/actos-juridicos-negocio-juridico-y-teoria-general-del-contrato-ano-noviembre-2023-637-pag-autor-rodrigo-barcia-lehmann\/","title":{"rendered":"Actos Jur\u00eddicos, Negocio Jur\u00eddico y Teor\u00eda General del Contrato.A\u00f1o Noviembre 2023\/ 637 Pag. Autor Rodrigo Barcia Lehmann"},"content":{"rendered":"<p>\u00cdndice<\/p>\n<p>Abreviaturas 7<\/p>\n<p>Prefacio 11<\/p>\n<p>Pr\u00f3logo del autor. 17<\/p>\n<p>Cap\u00edtulo I: Introducci\u00f3n al acto jur\u00eddico. 21<\/p>\n<p>\u00a7 1. Algunos aspectos relevantes de la teor\u00eda del acto jur\u00eddico en Chile. 21<\/p>\n<p>Cap\u00edtulo II: Concepto de acto jur\u00eddico y su clasificaci\u00f3n 31<\/p>\n<p>\u00a7 1. An\u00e1lisis del acto jur\u00eddico. 32<\/p>\n<p>\u00a7 2. La clasificaci\u00f3n de los actos jur\u00eddicos. 42<\/p>\n<p>Cap\u00edtulo III: La estructura del acto jur\u00eddicos (los elementos y requisitos del acto jur\u00eddico). 81<\/p>\n<p>\u00a7 1. Los elementos o cosas del acto jur\u00eddico. 83<\/p>\n<p>\u00a7 2. Los requisitos del acto jur\u00eddico. 86<\/p>\n<p>\u00a7 3. La declaraci\u00f3n de voluntad como requisito del acto jur\u00eddico. 89<\/p>\n<p>\u00a7 4. La formaci\u00f3n del consentimiento. 99<\/p>\n<p>\u00a7 5. La voluntad o el consentimiento exentos de vicio como requisito<\/p>\n<p>del acto jur\u00eddico. 136<\/p>\n<p>\u00a7 6. La capacidad de ejercicio como requisito del acto jur\u00eddico. 178<\/p>\n<p>\u00a7 7. El objeto y el objeto l\u00edcito como requisitos del acto jur\u00eddico. 222<\/p>\n<p>\u00a7 8. La causa y la causa l\u00edcita como requisitos del acto jur\u00eddico. 244<\/p>\n<p>\u00a7 9. Las solemnidades propiamente tales como requisitos del acto jur\u00eddico. 265<\/p>\n<p>Cap\u00edtulo IV: Las modalidades como elementos accidentales del acto jur\u00eddico. 283<\/p>\n<p>\u00a7 1. Algunos aspectos generales de las modalidades del acto jur\u00eddico. 283<\/p>\n<p>\u00a7 2. El plazo como modalidad del acto jur\u00eddico. 285<\/p>\n<p>\u00a7 3. La condici\u00f3n como modalidad del acto jur\u00eddico. 293<\/p>\n<p>\u00a7 4. El modo como modalidad del acto jur\u00eddico. 315<\/p>\n<p>Cap\u00edtulo V: Los efectos del acto jur\u00eddico. 319<\/p>\n<p>\u00a7 1. Los efectos del acto jur\u00eddico. 319<\/p>\n<p>\u00a7 2. La representaci\u00f3n. 331<\/p>\n<p>Cap\u00edtulo VI: Los actos jur\u00eddicos an\u00f3malos. 337<\/p>\n<p>\u00a7 1. Los actos simulados: la simulaci\u00f3n dentro de la teor\u00eda del acto jur\u00eddico. 338<\/p>\n<p>\u00a7 2. El acto jur\u00eddico fraudulento o en fraude a la ley. 362<\/p>\n<p>\u00a7 3. El acto jur\u00eddico fiduciario. 366<\/p>\n<p>Cap\u00edtulo VII: Ineficacias del acto jur\u00eddico. 371<\/p>\n<p>\u00a7 1. Aspectos generales de las ineficacias. 374<\/p>\n<p>\u00a7 2. Las causas que generan ineficacia en el Derecho chileno. 378<\/p>\n<p>Cap\u00edtulo VIII: Los principios que configuran el contrato. 507<\/p>\n<p>Cap\u00edtulo IX: La teor\u00eda del contrato y su interpretaci\u00f3n. 569<\/p>\n<p>Bibliograf\u00eda 637<\/p>\n","protected":false},"excerpt":{"rendered":"<p>Buscas un libro Jur\u00eddico.? Lo puedes encontrar en nuestra tienda virtual.<br \/>\nContamos con prestigiosos autores y muchas alternativas en sus diferentes materias al igual que grandes descuentos.! Vis\u00edtanos en <a class=\"wsMvqdsCQwHMdXuvCLlSAkmVYButhGSUc \" tabindex=\"0\" href=\"https:\/\/lnkd.in\/eiAG7jdZ\" target=\"_blank\" rel=\"noopener\" data-test-app-aware-link=\"\">https:\/\/lnkd.in\/eiAG7jdZ<\/a><br \/>\nEscr\u00edbenos al +56930565235 \/ <a class=\"wsMvqdsCQwHMdXuvCLlSAkmVYButhGSUc \" tabindex=\"0\" href=\"mailto:ventaslegallexglobal@gmail.com\" target=\"_self\" data-test-app-aware-link=\"\">ventaslegallexglobal@gmail.com<\/a><br \/>\nHacemos env\u00edos a todo Chile \u2013 Starken o Correos Chile \/ Te esperamos<\/p>\n","protected":false},"featured_media":3007,"comment_status":"open","ping_status":"closed","template":"","meta":{"inline_featured_image":false,"_joinchat":[]},"product_brand":[],"product_cat":[41],"product_tag":[],"class_list":{"0":"post-2956","1":"product","2":"type-product","3":"status-publish","4":"has-post-thumbnail","6":"product_cat-laboral","7":"product_shipping_class-a-convenir","9":"first","10":"instock","11":"shipping-taxable","12":"purchasable","13":"product-type-simple"},"_links":{"self":[{"href":"https:\/\/bibliotecajuridicavirtual.cl\/index.php\/wp-json\/wp\/v2\/product\/2956","targetHints":{"allow":["GET"]}}],"collection":[{"href":"https:\/\/bibliotecajuridicavirtual.cl\/index.php\/wp-json\/wp\/v2\/product"}],"about":[{"href":"https:\/\/bibliotecajuridicavirtual.cl\/index.php\/wp-json\/wp\/v2\/types\/product"}],"replies":[{"embeddable":true,"href":"https:\/\/bibliotecajuridicavirtual.cl\/index.php\/wp-json\/wp\/v2\/comments?post=2956"}],"wp:featuredmedia":[{"embeddable":true,"href":"https:\/\/bibliotecajuridicavirtual.cl\/index.php\/wp-json\/wp\/v2\/media\/3007"}],"wp:attachment":[{"href":"https:\/\/bibliotecajuridicavirtual.cl\/index.php\/wp-json\/wp\/v2\/media?parent=2956"}],"wp:term":[{"taxonomy":"product_brand","embeddable":true,"href":"https:\/\/bibliotecajuridicavirtual.cl\/index.php\/wp-json\/wp\/v2\/product_brand?post=2956"},{"taxonomy":"product_cat","embeddable":true,"href":"https:\/\/bibliotecajuridicavirtual.cl\/index.php\/wp-json\/wp\/v2\/product_cat?post=2956"},{"taxonomy":"product_tag","embeddable":true,"href":"https:\/\/bibliotecajuridicavirtual.cl\/index.php\/wp-json\/wp\/v2\/product_tag?post=2956"}],"curies":[{"name":"wp","href":"https:\/\/api.w.org\/{rel}","templated":true}]}}