{"id":2959,"date":"2026-02-28T01:07:35","date_gmt":"2026-02-28T04:07:35","guid":{"rendered":"https:\/\/bibliotecajuridicavirtual.cl\/?post_type=product&#038;p=2959"},"modified":"2026-02-28T01:08:03","modified_gmt":"2026-02-28T04:08:03","slug":"cuestiones-practicas-de-derecho-migratorio-ano-2023-194-pag-autor-alexis-mondaca-miranda-y-isaac-ravetllat-balleste","status":"publish","type":"product","link":"https:\/\/bibliotecajuridicavirtual.cl\/index.php\/product\/cuestiones-practicas-de-derecho-migratorio-ano-2023-194-pag-autor-alexis-mondaca-miranda-y-isaac-ravetllat-balleste\/","title":{"rendered":"Cuestiones Pr\u00e1cticas de Derecho Migratorio. A\u00f1o 2023\/ 194 P\u00e1g. Autor Alexis Mondaca Miranda y Isaac Ravetllat Ballest\u00e9"},"content":{"rendered":"<p style=\"font-weight: 400;\">Sin ninguna duda, el fen\u00f3meno migratorio se ha transformado en uno de los mayores desaf\u00edos que deben enfrentar y resolver nuestras sociedades. Lo anterior ha motivado la dictaci\u00f3n de a Ley N\u00b0 21.325, Ley de Migraci\u00f3n y Extranjer\u00eda, la que aspira a otorgar una adecuada regulaci\u00f3n al tema migratorio.<\/p>\n<p style=\"font-weight: 400;\">Considerando lo anterior, el presente texto se introduce en el complejo y cada vez m\u00e1s presente Derecho migratorio, ello con el objetivo de colaborar tanto en la difusi\u00f3n como en el conocimiento de tem\u00e1ticas de innegable relevancia y utilidad. En este sentido, privilegiando un matiz pr\u00e1ctico, se estudian algunos de los principales problemas que, en el \u00e1mbito jur\u00eddico, causan los crecientes flujos migratorios. En concreto, en este libro se analizan las siguientes tem\u00e1ticas: los mecanismos que permiten revocar, en sede judicial, las \u00f3rdenes de expulsi\u00f3n de los inmigrantes; la regulaci\u00f3n de la reunificaci\u00f3n familiar; el abordaje y tratamiento adecuado respecto de ni\u00f1os, ni\u00f1as y adolescentes inmigrantes no acompa\u00f1ados y separados de sus progenitores; los tr\u00e1mites de las visas; el derecho al trabajo de las personas migrantes en Chile y el trato discriminatorio que reciben muchas mujeres inmigrantes.<\/p>\n<p style=\"font-weight: 400;\">\n<p style=\"font-weight: 400;\"><b><strong>CAP\u00cdTULO 1<\/strong><\/b><br \/>\n<b><strong>MECANISMOS DE REVOCACI\u00d3N JUDICIAL DE LAS EXPULSIONES DE EXTRANJEROS EN EL ORDENAMIENTO JUR\u00cdDICO CHILENO<\/strong><\/b><br \/>\nAlexis Mondaca Miranda<\/p>\n<ol>\n<li style=\"font-weight: 400;\">Introducci\u00f3n<\/li>\n<li style=\"font-weight: 400;\">Recurso de reclamaci\u00f3n de expulsi\u00f3n<\/li>\n<li style=\"font-weight: 400;\">Legitimaci\u00f3n activa<br \/>\n2. Tribunal competente<br \/>\n3. Plazo<br \/>\n4. Requisito del recurso<br \/>\n5. Agregaci\u00f3n, vista y fallo<br \/>\n6. Efectos de su deducci\u00f3n<br \/>\n7. Efectos en lo tocante al \u00e1mbito administrativo<br \/>\n8. Valoraci\u00f3n final<\/li>\n<\/ol>\n<p style=\"font-weight: 400;\">III. Acci\u00f3n de amparo<\/p>\n<ol>\n<li style=\"font-weight: 400;\">La tutela de los nexos de familia de los inmigrantes y otros factores influyentes en la decisi\u00f3n de expulsi\u00f3n\n<p>a) La gravedad de los hechos en los que se sustenta la causal de expulsi\u00f3n<br \/>\nb) Los antecedentes delictuales<br \/>\nc) La reiteraci\u00f3n de infracciones migratorias<br \/>\nd) El per\u00edodo de residencia regular en Chile<br \/>\ne) Tener c\u00f3nyuge, conviviente o padres chilenos o radicados en Chile con residencia definitiva<br \/>\nf) Tener hijos chilenos o extranjeros con residencia definitiva o radicados en el pa\u00eds, as\u00ed como la edad de los mismos, la relaci\u00f3n directa y regular y el cumplimiento de las obligaciones de familia, tomando en consideraci\u00f3n el inter\u00e9s superior del ni\u00f1o, su derecho a ser o\u00eddo y la unidad familiar<br \/>\ng) Las contribuciones de \u00edndole social, pol\u00edtica, cultural, art\u00edstica, cient\u00edfica o econ\u00f3mica realizadas por el extranjero durante su estad\u00eda en el territorio nacional<\/li>\n<li style=\"font-weight: 400;\">El onus probandi<\/li>\n<li style=\"font-weight: 400;\">La relevancia del arraigo\n<p>a) Arraigo laboral<br \/>\nb) Arraigo educacional<br \/>\nc) Arraigo religioso<\/li>\n<li style=\"font-weight: 400;\">Evitar un abuso de los nexos de familia<\/li>\n<li style=\"font-weight: 400;\">Sumaria referencia a otros factores<\/li>\n<li style=\"font-weight: 400;\">a) La reincidencia<br \/>\nb) El estado de salud<br \/>\nc) La condici\u00f3n de refugiado<\/li>\n<li style=\"font-weight: 400;\">Conclusiones<\/li>\n<\/ol>\n<p style=\"font-weight: 400;\"><b><strong>CAP\u00cdTULO 2<\/strong><\/b><br \/>\n<b><strong>LA REUNIFICACI\u00d3N FAMILIAR EN LA LEY N\u00ba. 21.325, DE MIGRACI\u00d3N Y EXTRANJER\u00cdA<\/strong><\/b><br \/>\nIsaac Ravetllat Ballest\u00e9<\/p>\n<ol>\n<li style=\"font-weight: 400;\">Introducci\u00f3n<\/li>\n<li style=\"font-weight: 400;\">Principio de protecci\u00f3n de la unidad familiar<\/li>\n<\/ol>\n<p style=\"font-weight: 400;\">III. La reunificaci\u00f3n familiar<\/p>\n<ol>\n<li style=\"font-weight: 400;\">Personas objeto de reunificaci\u00f3n familiar<br \/>\n2. Legitimaci\u00f3n activa para iniciar los tr\u00e1mites de la reunificaci\u00f3n familiar<br \/>\n3. Tramitaci\u00f3n o procedimiento<br \/>\n3.1. Requisitos generales<br \/>\n3.2. Requisitos espec\u00edficos<br \/>\n3.3. Legalizaci\u00f3n de los documentos<\/li>\n<li style=\"font-weight: 400;\">Residencia temporal en calidad de persona dependiente<\/li>\n<li style=\"font-weight: 400;\">Residencia temporal en calidad de dependiente y protecci\u00f3n del principio de unidad familiar<br \/>\n2. Tramitaci\u00f3n de la visa de residente temporal en calidad de dependiente<\/li>\n<li style=\"font-weight: 400;\">Esquemas<\/li>\n<\/ol>\n<p style=\"font-weight: 400;\"><b><strong>CAP\u00cdTULO 3<\/strong><\/b><br \/>\n<b><strong>ACCIONES PARA EL ABORDAJE JUDICIAL DE NI\u00d1OS, NI\u00d1AS Y ADOLESCENTES MIGRANTES NO ACOMPA\u00d1ADOS Y SEPARADOS DE SUS PROGENITORES<\/strong><\/b><br \/>\nMar\u00eda Olga Troncoso Vergara<\/p>\n<ol>\n<li style=\"font-weight: 400;\">Introducci\u00f3n<\/li>\n<li style=\"font-weight: 400;\">Est\u00e1ndares Internacionales para el abordaje judicial de ni\u00f1os, ni\u00f1as y adolescentes migrantes<\/li>\n<li style=\"font-weight: 400;\">Reglas generales de actuaci\u00f3n en la protecci\u00f3n de ni\u00f1os, ni\u00f1as y adolescentes<\/li>\n<\/ol>\n<p style=\"font-weight: 400;\">III. Aplicaci\u00f3n pr\u00e1ctica de las Directrices sobre Justicia concerniente a ni\u00f1os v\u00edctimas y testigos de delitos<\/p>\n<ol>\n<li style=\"font-weight: 400;\">Participaci\u00f3n de ni\u00f1os, ni\u00f1as y adolescentes en situaci\u00f3n de movilidad en Procesos Judiciales de Protecci\u00f3n<\/li>\n<li style=\"font-weight: 400;\">Identificaci\u00f3n de ni\u00f1os, ni\u00f1as y adolescentes en situaci\u00f3n de movilidad<\/li>\n<li style=\"font-weight: 400;\">Determinaci\u00f3n de la condici\u00f3n de ni\u00f1o, ni\u00f1a y adolescente no acompa\u00f1ado o separado<\/li>\n<\/ol>\n<p style=\"font-weight: 400;\">VII. Medidas restitutivas de derechos de ni\u00f1os, ni\u00f1as y adolescentes migrantes en procedimientos proteccionales<\/p>\n<ol>\n<li style=\"font-weight: 400;\">Normativa Internacional<\/li>\n<\/ol>\n<p style=\"font-weight: 400;\">VIII. Indicadores para determinar el inter\u00e9s superior del ni\u00f1o, ni\u00f1a y adolescente migrante<\/p>\n<ol>\n<li style=\"font-weight: 400;\">Acciones a ejecutar en la Gesti\u00f3n de casos en Tribunales de Familia<\/li>\n<li style=\"font-weight: 400;\">Est\u00e1ndares para albergues que resguarden a ni\u00f1os, ni\u00f1as y adolescentes migrantes y sus familias<\/li>\n<li style=\"font-weight: 400;\">Obligaciones del Estado respecto de ni\u00f1os, ni\u00f1as y adolescentes migrantes<\/li>\n<li style=\"font-weight: 400;\">Medidas de cuidado alternativo para adolescentes en situaci\u00f3n migratoria irregular<\/li>\n<\/ol>\n<p style=\"font-weight: 400;\">XII. Consideraciones para el abordaje de ni\u00f1os, ni\u00f1as y adolescentes migrantes no acompa\u00f1ados<\/p>\n<ol>\n<li style=\"font-weight: 400;\">Ejes para una respuesta diferenciada NNA Migrantes no acompa\u00f1ados desde los Tribunales de Familia<\/li>\n<\/ol>\n<p style=\"font-weight: 400;\">XIII. Conclusiones<\/p>\n<p style=\"font-weight: 400;\"><b><strong>CAP\u00cdTULO 4<\/strong><\/b><br \/>\n<b><strong>DESAF\u00cdOS EN LA IMPLEMENTACI\u00d3N DEL DEBIDO PROCESO INFORMADO MIGRATORIO: UNA ESPECIAL MIRADA A LOS TR\u00c1MITES DE VISAS<\/strong><\/b><br \/>\nJuliana S. D\u00edaz Pantoja &#8211; Jairo E. Lucero Pantoja<\/p>\n<ol>\n<li style=\"font-weight: 400;\">Introducci\u00f3n<\/li>\n<li style=\"font-weight: 400;\">Los est\u00e1ndares de la normativa migratoria frente al proceso de\u00a0tramitaci\u00f3n de visas<\/li>\n<\/ol>\n<p style=\"font-weight: 400;\">III. Un poco de realismo. Una mirada a los desaf\u00edos que afrontan los migrantes en los tr\u00e1mites de visas<\/p>\n<ol>\n<li style=\"font-weight: 400;\">Deficiencias de los canales de comunicaci\u00f3n en el proceso migratorio<br \/>\n2. Creaci\u00f3n de nuevas fases en el proceso migratorio<br \/>\n3. Dilaci\u00f3n injustificada de la autoridad administrativa en la soluci\u00f3n de la situaci\u00f3n migratoria<br \/>\n4. Obtenci\u00f3n de la c\u00e9dula de ciudadan\u00eda<\/li>\n<li style=\"font-weight: 400;\">Modelo de recurso de protecci\u00f3n<\/li>\n<li style=\"font-weight: 400;\">Comentarios finales<\/li>\n<\/ol>\n<p style=\"font-weight: 400;\"><b><strong>CAP\u00cdTULO 5<\/strong><\/b><br \/>\n<b><strong>PANORAMA DEL DERECHO AL TRABAJO DE LAS PERSONAS MIGRANTES EN CHILE<\/strong><\/b><br \/>\nEdison Ramiro Calahorrano Latorre<\/p>\n<ol>\n<li style=\"font-weight: 400;\">Introducci\u00f3n<\/li>\n<li style=\"font-weight: 400;\">Est\u00e1ndares internacionales sobre los trabajadores migrantes en Chile<\/li>\n<\/ol>\n<p style=\"font-weight: 400;\">III. La Ley N\u00b0. 21.325 de Migraci\u00f3n y Extranjer\u00eda y su normativa derivada.\u00a0Una evaluaci\u00f3n general<\/p>\n<ol>\n<li style=\"font-weight: 400;\">Conclusiones<\/li>\n<\/ol>\n<p style=\"font-weight: 400;\"><b><strong>CAP\u00cdTULO 6<\/strong><\/b><br \/>\n<b><strong>LA MUJER INMIGRANTE COMO V\u00cdCTIMA DE DISCRIMINACIONES<\/strong><\/b><br \/>\nAlexis Mondaca Miranda &#8211; Constanza Astudillo Meza<\/p>\n<ol>\n<li style=\"font-weight: 400;\">Introducci\u00f3n<br \/>\nII. La discriminaci\u00f3n en contra de la mujer<br \/>\nIII. El estigma de ser extranjera<br \/>\nIV. El caso particular de las inmigrantes afrodescendientes<br \/>\nV. Ser tratada como un objeto sexual<br \/>\nVI. Mujer jefa de hogar sin redes de apoyo<br \/>\nVII. Conclusiones<\/li>\n<\/ol>\n","protected":false},"excerpt":{"rendered":"<p>Sin ninguna duda, el fen\u00f3meno migratorio se ha transformado en uno de los mayores desaf\u00edos que deben enfrentar y resolver nuestras sociedades. Lo anterior ha motivado la dictaci\u00f3n de a Ley N\u00b0 21.325, Ley de Migraci\u00f3n y Extranjer\u00eda, la que aspira a otorgar una adecuada regulaci\u00f3n al tema migratorio. Considerando lo anterior, el presente texto se introduce en el complejo y cada vez m\u00e1s presente Derecho migratorio, ello con el objetivo de colaborar tanto en la difusi\u00f3n como en el conocimiento de tem\u00e1ticas de innegable relevancia y utilidad. En este sentido, privilegiando un matiz pr\u00e1ctico, se estudian algunos de los principales problemas que, en el \u00e1mbito jur\u00eddico, causan los crecientes flujos migratorios. En concreto, en este libro se analizan las siguientes tem\u00e1ticas: los mecanismos que permiten revocar, en sede judicial, las \u00f3rdenes de expulsi\u00f3n de los inmigrantes; la regulaci\u00f3n de la reunificaci\u00f3n familiar; el abordaje y tratamiento adecuado respecto de ni\u00f1os, ni\u00f1as y adolescentes inmigrantes no acompa\u00f1ados y separados de sus progenitores; los tr\u00e1mites de las visas; el derecho al trabajo de las personas migrantes en Chile y el trato discriminatorio que reciben muchas mujeres inmigrantes. CAP\u00cdTULO 1 MECANISMOS DE REVOCACI\u00d3N JUDICIAL DE LAS EXPULSIONES DE EXTRANJEROS EN EL ORDENAMIENTO JUR\u00cdDICO CHILENO Alexis Mondaca Miranda Introducci\u00f3n Recurso de reclamaci\u00f3n de expulsi\u00f3n Legitimaci\u00f3n activa 2. Tribunal competente 3. Plazo 4. Requisito del recurso 5. Agregaci\u00f3n, vista y fallo 6. Efectos de su deducci\u00f3n 7. Efectos en lo tocante al \u00e1mbito administrativo 8. Valoraci\u00f3n final III. Acci\u00f3n de amparo La tutela de los nexos de familia de los inmigrantes y otros factores influyentes en la decisi\u00f3n de expulsi\u00f3n a) La gravedad de los hechos en los que se sustenta la causal de expulsi\u00f3n b) Los antecedentes delictuales c) La reiteraci\u00f3n de infracciones migratorias d) El per\u00edodo de residencia regular en Chile e) Tener c\u00f3nyuge, conviviente o padres chilenos o radicados en Chile con residencia definitiva f) Tener hijos chilenos o extranjeros con residencia definitiva o radicados en el pa\u00eds, as\u00ed como la edad de los mismos, la relaci\u00f3n directa y regular y el cumplimiento de las obligaciones de familia, tomando en consideraci\u00f3n el inter\u00e9s superior del ni\u00f1o, su derecho a ser o\u00eddo y la unidad familiar g) Las contribuciones de \u00edndole social, pol\u00edtica, cultural, art\u00edstica, cient\u00edfica o econ\u00f3mica realizadas por el extranjero durante su estad\u00eda en el territorio nacional El onus probandi La relevancia del arraigo a) Arraigo laboral b) Arraigo educacional c) Arraigo religioso Evitar un abuso de los nexos de familia Sumaria referencia a otros factores a) La reincidencia b) El estado de salud c) La condici\u00f3n de refugiado Conclusiones CAP\u00cdTULO 2 LA REUNIFICACI\u00d3N FAMILIAR EN LA LEY N\u00ba. 21.325, DE MIGRACI\u00d3N Y EXTRANJER\u00cdA Isaac Ravetllat Ballest\u00e9 Introducci\u00f3n Principio de protecci\u00f3n de la unidad familiar III. La reunificaci\u00f3n familiar Personas objeto de reunificaci\u00f3n familiar 2. Legitimaci\u00f3n activa para iniciar los tr\u00e1mites de la reunificaci\u00f3n familiar 3. Tramitaci\u00f3n o procedimiento 3.1. Requisitos generales 3.2. Requisitos espec\u00edficos 3.3. Legalizaci\u00f3n de los documentos Residencia temporal en calidad de persona dependiente Residencia temporal en calidad de dependiente y protecci\u00f3n del principio de unidad familiar 2. Tramitaci\u00f3n de la visa de residente temporal en calidad de dependiente Esquemas CAP\u00cdTULO 3 ACCIONES PARA EL ABORDAJE JUDICIAL DE NI\u00d1OS, NI\u00d1AS Y ADOLESCENTES MIGRANTES NO ACOMPA\u00d1ADOS Y SEPARADOS DE SUS PROGENITORES Mar\u00eda Olga Troncoso Vergara Introducci\u00f3n Est\u00e1ndares Internacionales para el abordaje judicial de ni\u00f1os, ni\u00f1as y adolescentes migrantes Reglas generales de actuaci\u00f3n en la protecci\u00f3n de ni\u00f1os, ni\u00f1as y adolescentes III. Aplicaci\u00f3n pr\u00e1ctica de las Directrices sobre Justicia concerniente a ni\u00f1os v\u00edctimas y testigos de delitos Participaci\u00f3n de ni\u00f1os, ni\u00f1as y adolescentes en situaci\u00f3n de movilidad en Procesos Judiciales de Protecci\u00f3n Identificaci\u00f3n de ni\u00f1os, ni\u00f1as y adolescentes en situaci\u00f3n de movilidad Determinaci\u00f3n de la condici\u00f3n de ni\u00f1o, ni\u00f1a y adolescente no acompa\u00f1ado o separado VII. Medidas restitutivas de derechos de ni\u00f1os, ni\u00f1as y adolescentes migrantes en procedimientos proteccionales Normativa Internacional VIII. Indicadores para determinar el inter\u00e9s superior del ni\u00f1o, ni\u00f1a y adolescente migrante Acciones a ejecutar en la Gesti\u00f3n de casos en Tribunales de Familia Est\u00e1ndares para albergues que resguarden a ni\u00f1os, ni\u00f1as y adolescentes migrantes y sus familias Obligaciones del Estado respecto de ni\u00f1os, ni\u00f1as y adolescentes migrantes Medidas de cuidado alternativo para adolescentes en situaci\u00f3n migratoria irregular XII. Consideraciones para el abordaje de ni\u00f1os, ni\u00f1as y adolescentes migrantes no acompa\u00f1ados Ejes para una respuesta diferenciada NNA Migrantes no acompa\u00f1ados desde los Tribunales de Familia XIII. Conclusiones CAP\u00cdTULO 4 DESAF\u00cdOS EN LA IMPLEMENTACI\u00d3N DEL DEBIDO PROCESO INFORMADO MIGRATORIO: UNA ESPECIAL MIRADA A LOS TR\u00c1MITES DE VISAS Juliana S. D\u00edaz Pantoja &#8211; Jairo E. Lucero Pantoja Introducci\u00f3n Los est\u00e1ndares de la normativa migratoria frente al proceso de\u00a0tramitaci\u00f3n de visas III. Un poco de realismo. Una mirada a los desaf\u00edos que afrontan los migrantes en los tr\u00e1mites de visas Deficiencias de los canales de comunicaci\u00f3n en el proceso migratorio 2. Creaci\u00f3n de nuevas fases en el proceso migratorio 3. Dilaci\u00f3n injustificada de la autoridad administrativa en la soluci\u00f3n de la situaci\u00f3n migratoria 4. Obtenci\u00f3n de la c\u00e9dula de ciudadan\u00eda Modelo de recurso de protecci\u00f3n Comentarios finales CAP\u00cdTULO 5 PANORAMA DEL DERECHO AL TRABAJO DE LAS PERSONAS MIGRANTES EN CHILE Edison Ramiro Calahorrano Latorre Introducci\u00f3n Est\u00e1ndares internacionales sobre los trabajadores migrantes en Chile III. La Ley N\u00b0. 21.325 de Migraci\u00f3n y Extranjer\u00eda y su normativa derivada.\u00a0Una evaluaci\u00f3n general Conclusiones CAP\u00cdTULO 6 LA MUJER INMIGRANTE COMO V\u00cdCTIMA DE DISCRIMINACIONES Alexis Mondaca Miranda &#8211; Constanza Astudillo Meza Introducci\u00f3n II. La discriminaci\u00f3n en contra de la mujer III. El estigma de ser extranjera IV. El caso particular de las inmigrantes afrodescendientes V. Ser tratada como un objeto sexual VI. Mujer jefa de hogar sin redes de apoyo VII. Conclusiones<\/p>\n","protected":false},"featured_media":3010,"comment_status":"open","ping_status":"closed","template":"","meta":{"inline_featured_image":false,"_joinchat":[]},"product_brand":[],"product_cat":[45],"product_tag":[],"class_list":{"0":"post-2959","1":"product","2":"type-product","3":"status-publish","4":"has-post-thumbnail","6":"product_cat-administrativo","7":"product_shipping_class-a-convenir","9":"first","10":"instock","11":"shipping-taxable","12":"purchasable","13":"product-type-simple"},"_links":{"self":[{"href":"https:\/\/bibliotecajuridicavirtual.cl\/index.php\/wp-json\/wp\/v2\/product\/2959","targetHints":{"allow":["GET"]}}],"collection":[{"href":"https:\/\/bibliotecajuridicavirtual.cl\/index.php\/wp-json\/wp\/v2\/product"}],"about":[{"href":"https:\/\/bibliotecajuridicavirtual.cl\/index.php\/wp-json\/wp\/v2\/types\/product"}],"replies":[{"embeddable":true,"href":"https:\/\/bibliotecajuridicavirtual.cl\/index.php\/wp-json\/wp\/v2\/comments?post=2959"}],"wp:featuredmedia":[{"embeddable":true,"href":"https:\/\/bibliotecajuridicavirtual.cl\/index.php\/wp-json\/wp\/v2\/media\/3010"}],"wp:attachment":[{"href":"https:\/\/bibliotecajuridicavirtual.cl\/index.php\/wp-json\/wp\/v2\/media?parent=2959"}],"wp:term":[{"taxonomy":"product_brand","embeddable":true,"href":"https:\/\/bibliotecajuridicavirtual.cl\/index.php\/wp-json\/wp\/v2\/product_brand?post=2959"},{"taxonomy":"product_cat","embeddable":true,"href":"https:\/\/bibliotecajuridicavirtual.cl\/index.php\/wp-json\/wp\/v2\/product_cat?post=2959"},{"taxonomy":"product_tag","embeddable":true,"href":"https:\/\/bibliotecajuridicavirtual.cl\/index.php\/wp-json\/wp\/v2\/product_tag?post=2959"}],"curies":[{"name":"wp","href":"https:\/\/api.w.org\/{rel}","templated":true}]}}