{"id":2961,"date":"2026-02-28T01:07:35","date_gmt":"2026-02-28T04:07:35","guid":{"rendered":"https:\/\/bibliotecajuridicavirtual.cl\/?post_type=product&#038;p=2961"},"modified":"2026-02-28T01:08:05","modified_gmt":"2026-02-28T04:08:05","slug":"compendio-de-normas-financieras-ano-octubre-2023-1-041-pag-autor-veronica-barrera-miranda","status":"publish","type":"product","link":"https:\/\/bibliotecajuridicavirtual.cl\/index.php\/product\/compendio-de-normas-financieras-ano-octubre-2023-1-041-pag-autor-veronica-barrera-miranda\/","title":{"rendered":"Compendio de Normas Financieras. A\u00f1o Octubre 2023\/ 1.041 P\u00e1g. Autor Ver\u00f3nica Barrera Miranda"},"content":{"rendered":"<p style=\"font-weight: 400;\">Esta compilaci\u00f3n re\u00fane la normativa indispensable en la pr\u00e1ctica del Derecho Financiero. La forma en que la informaci\u00f3n se presenta en esta obra no es antojadiza, sino que cumple un rol sistematizador, lo que permite un mayor entendimiento de este marco regulatorio. La normativa se encuentra actualizada al 17.08.2023, incluyendo las modificaciones incorporadas por la Ley N\u00b0 21.595, conocida como la Ley de Delitos Econ\u00f3micos.<\/p>\n<p style=\"font-weight: 400;\">Se presenta ordenada por las siguientes \u00e1reas tem\u00e1ticas:<\/p>\n<ol>\n<li style=\"font-weight: 400;\">Mercado de Valores<br \/>\nII. Libre Competencia<br \/>\nIII. Bancario<br \/>\nIV. Mercado de Seguros<br \/>\nV. Regulaci\u00f3n y Fiscalizaci\u00f3n Financiera<br \/>\nVI. Reorganizaci\u00f3n y Liquidaci\u00f3n de Activos de Empresas y Personas<br \/>\nVII. Tecnolog\u00eda Financiera (Ley FINTEC)<br \/>\nVIII. Consumidor Financiero<\/li>\n<\/ol>\n<p style=\"font-weight: 400;\">\n<ol>\n<li style=\"font-weight: 400;\"><b><strong> LEGISLACI\u00d3N SOBRE MERCADO DE VALORES<\/strong><\/b><\/li>\n<\/ol>\n<ul>\n<li style=\"font-weight: 400;\">1. Ley N\u00ba 18.046, sobre Sociedades An\u00f3nimas (D.O. de 22 de octubre de 1981)<br \/>\n\u00a7 2. Ley N\u00ba 18.045, sobre Mercado de Valores (D.O. de 22 de octubre de 1981)<br \/>\n\u00a7 3. Decreto Supremo N\u00ba 702, Aprueba nuevo Reglamento de Sociedades An\u00f3nimas (D.O. de 6 de julio de 2012) QR<br \/>\n\u00a7 4. Ley N\u00ba 18.876, Establece el marco legal para la constituci\u00f3n y operaci\u00f3n de entidades privadas de dep\u00f3sito y custodia de valores (D.O. de 21 de diciembre de 1989)<br \/>\n\u00a7 5. Decreto Supremo N\u00ba 734, Aprueba reglamento sobre dep\u00f3sito de valores (D.O. de 30 de noviembre de 1991) QR<br \/>\n\u00a7 6. Ley N\u00ba 20.712, Administraci\u00f3n de Fondos de Terceros y Carteras Individuales y deroga los cuerpos legales que indica (D.O. de 7 de enero de 2014)<\/li>\n<\/ul>\n<ol>\n<li style=\"font-weight: 400;\"><b><strong> LIBRE COMPETENCIA<\/strong><\/b><\/li>\n<\/ol>\n<ul>\n<li style=\"font-weight: 400;\">7. Decreto con Fuerza de Ley N\u00ba 1, Fija el texto refundido, coordinado y sistematizado del Decreto Ley N\u00ba 211, de 1973 (D.O. de 7 de marzo de 2005)<\/li>\n<\/ul>\n<p style=\"font-weight: 400;\"><b><strong>III. LEGISLACI\u00d3N BANCARIA<\/strong><\/b><\/p>\n<ul>\n<li style=\"font-weight: 400;\">8. Decreto con Fuerza de Ley N\u00ba 3, Fija texto refundido, sistematizado y concordado de la Ley General de Bancos y de otros cuerpos legales que se indican (D.O. de 19 de diciembre de 1997)<br \/>\n\u00a7 9. Ley N\u00ba 18.010, Establece normas para las operaciones de cr\u00e9dito y otras obligaciones de dinero que indica (D.O. de 27 de junio de 1981)<br \/>\n\u00a7 10. Ley N\u00ba 18.690, Establece ley sobre Almacenes Generales de Dep\u00f3sito (D.O. de 2 de febrero de 1988)<br \/>\n\u00a7 11. Ley N\u00ba 20.179, Establece un marco legal para la constituci\u00f3n y operaci\u00f3n de Sociedades de Garant\u00eda Rec\u00edproca (D.O. de 20 de junio de 2007)<br \/>\n\u00a7 12. Decreto con Fuerza de Ley N\u00ba 707, Fija texto refundido, coordinado y sistematizado de la Ley sobre Cuentas Corrientes Bancarias y Cheques (D.O. de 7 de octubre de 1982)<br \/>\n\u00a7 13. Decreto Ley N\u00ba 3.472, Crea Fondo de Garant\u00eda para Peque\u00f1os Empresarios (D.O. de 2 de septiembre de 1980)<br \/>\n\u00a7 14. Decreto con Fuerza de Ley N\u00ba 5, Fija texto refundido, concordado y sistematizado de la Ley General de Cooperativas (D.O. de 17 de febrero de 2004)<br \/>\n\u00a7 15. Decreto N\u00ba 101, Aprueba Reglamento de la Ley General de Cooperativas (D.O. de 25 de enero de 2007) QR<\/li>\n<\/ul>\n<ol>\n<li style=\"font-weight: 400;\"><b><strong><br \/>\nMERCADO DE SEGUROS<\/strong><\/b><\/li>\n<\/ol>\n<ul>\n<li style=\"font-weight: 400;\">16. T\u00edtulo VIII del Libro II del C\u00f3digo de Comercio (art\u00edculos 512 a 601)<\/li>\n<\/ul>\n<ol>\n<li style=\"font-weight: 400;\">\n<b><strong> REGULACI\u00d3N Y FISCALIZACI\u00d3N FINANCIERA<\/strong><\/b><\/li>\n<\/ol>\n<ul>\n<li style=\"font-weight: 400;\">17. Ley N\u00ba 21.000, Crea la Comisi\u00f3n para el Mercado Financiero (D.O. de 23 de febrero de 2017)<br \/>\n\u00a7 18. D.F.L. N\u00ba 2, Fija fecha en que la Comisi\u00f3n para el Mercado Financiero asumir\u00e1 las competencias de la Superintendencia de Bancos e Instituciones Financieras; determina la fecha de supresi\u00f3n de esta \u00faltima y dispone el traspaso de su personal y de los bienes que se indican (D.O. de 2 de mayo de 2019)<br \/>\n\u00a7 19. Ley N\u00ba 20.789, Crea el Consejo de Estabilidad Financiera (D.O. de 6 de noviembre de 2014)<\/li>\n<\/ul>\n<ol>\n<li style=\"font-weight: 400;\">\n<b><strong> REORGANIZACI\u00d3N Y LIQUIDACI\u00d3N DE ACTIVOS DE EMPRESAS Y PERSONAS<\/strong><\/b><\/li>\n<\/ol>\n<ul>\n<li style=\"font-weight: 400;\">20. Ley N\u00ba 20.720, Sustituye el R\u00e9gimen Concursal vigente por una Ley de Reorganizaci\u00f3n y Liquidaci\u00f3n de empresas y personas, y perfecciona el rol de la superintendencia del ramo (D.O. de 9 de enero de 2014)<\/li>\n<\/ul>\n<p style=\"font-weight: 400;\">\n<b><strong>VII. TECNOLOG\u00cdA FINANCIERA (LEY FINTEC)<\/strong><\/b><\/p>\n<ul>\n<li style=\"font-weight: 400;\">21. Ley N\u00ba 21.521, Promueve la competencia e inclusi\u00f3n financiera a trav\u00e9s de la innovaci\u00f3n y tecnolog\u00eda en la prestaci\u00f3n de servicios financieros, Ley Fintec (D.O. de 4 de enero de 2023)<\/li>\n<\/ul>\n<p style=\"font-weight: 400;\">\n<b><strong>VIII. CONSUMIDOR FINANCIERO<\/strong><\/b><\/p>\n<ul>\n<li style=\"font-weight: 400;\">22. Ley N\u00ba 20.555, Modifica Ley N\u00ba 19.496, sobre protecci\u00f3n de los derechos de los consumidores, para dotar de atribuciones en materias financieras, entre otras, al Servicio Nacional del Consumidor (D.O. de 5 de diciembre de 2011)<br \/>\n\u00a7 23. Ley 21.236, Regula la Portabilidad Financiera (D.O. de 9 de junio de 2020)<br \/>\n\u00a7 24. Decreto N\u00ba 1.154, Aprueba reglamento de la Ley N\u00ba 21.236, que regula la Portabilidad Financiera (D.O. de 8 de septiembre de 2020)<\/li>\n<\/ul>\n","protected":false},"excerpt":{"rendered":"<p>Esta compilaci\u00f3n re\u00fane la normativa indispensable en la pr\u00e1ctica del Derecho Financiero. La forma en que la informaci\u00f3n se presenta en esta obra no es antojadiza, sino que cumple un rol sistematizador, lo que permite un mayor entendimiento de este marco regulatorio. La normativa se encuentra actualizada al 17.08.2023, incluyendo las modificaciones incorporadas por la Ley N\u00b0 21.595, conocida como la Ley de Delitos Econ\u00f3micos. Se presenta ordenada por las siguientes \u00e1reas tem\u00e1ticas: Mercado de Valores II. Libre Competencia III. Bancario IV. Mercado de Seguros V. Regulaci\u00f3n y Fiscalizaci\u00f3n Financiera VI. Reorganizaci\u00f3n y Liquidaci\u00f3n de Activos de Empresas y Personas VII. Tecnolog\u00eda Financiera (Ley FINTEC) VIII. Consumidor Financiero LEGISLACI\u00d3N SOBRE MERCADO DE VALORES 1. Ley N\u00ba 18.046, sobre Sociedades An\u00f3nimas (D.O. de 22 de octubre de 1981) \u00a7 2. Ley N\u00ba 18.045, sobre Mercado de Valores (D.O. de 22 de octubre de 1981) \u00a7 3. Decreto Supremo N\u00ba 702, Aprueba nuevo Reglamento de Sociedades An\u00f3nimas (D.O. de 6 de julio de 2012) QR \u00a7 4. Ley N\u00ba 18.876, Establece el marco legal para la constituci\u00f3n y operaci\u00f3n de entidades privadas de dep\u00f3sito y custodia de valores (D.O. de 21 de diciembre de 1989) \u00a7 5. Decreto Supremo N\u00ba 734, Aprueba reglamento sobre dep\u00f3sito de valores (D.O. de 30 de noviembre de 1991) QR \u00a7 6. Ley N\u00ba 20.712, Administraci\u00f3n de Fondos de Terceros y Carteras Individuales y deroga los cuerpos legales que indica (D.O. de 7 de enero de 2014) LIBRE COMPETENCIA 7. Decreto con Fuerza de Ley N\u00ba 1, Fija el texto refundido, coordinado y sistematizado del Decreto Ley N\u00ba 211, de 1973 (D.O. de 7 de marzo de 2005) III. LEGISLACI\u00d3N BANCARIA 8. Decreto con Fuerza de Ley N\u00ba 3, Fija texto refundido, sistematizado y concordado de la Ley General de Bancos y de otros cuerpos legales que se indican (D.O. de 19 de diciembre de 1997) \u00a7 9. Ley N\u00ba 18.010, Establece normas para las operaciones de cr\u00e9dito y otras obligaciones de dinero que indica (D.O. de 27 de junio de 1981) \u00a7 10. Ley N\u00ba 18.690, Establece ley sobre Almacenes Generales de Dep\u00f3sito (D.O. de 2 de febrero de 1988) \u00a7 11. Ley N\u00ba 20.179, Establece un marco legal para la constituci\u00f3n y operaci\u00f3n de Sociedades de Garant\u00eda Rec\u00edproca (D.O. de 20 de junio de 2007) \u00a7 12. Decreto con Fuerza de Ley N\u00ba 707, Fija texto refundido, coordinado y sistematizado de la Ley sobre Cuentas Corrientes Bancarias y Cheques (D.O. de 7 de octubre de 1982) \u00a7 13. Decreto Ley N\u00ba 3.472, Crea Fondo de Garant\u00eda para Peque\u00f1os Empresarios (D.O. de 2 de septiembre de 1980) \u00a7 14. Decreto con Fuerza de Ley N\u00ba 5, Fija texto refundido, concordado y sistematizado de la Ley General de Cooperativas (D.O. de 17 de febrero de 2004) \u00a7 15. Decreto N\u00ba 101, Aprueba Reglamento de la Ley General de Cooperativas (D.O. de 25 de enero de 2007) QR MERCADO DE SEGUROS 16. T\u00edtulo VIII del Libro II del C\u00f3digo de Comercio (art\u00edculos 512 a 601) REGULACI\u00d3N Y FISCALIZACI\u00d3N FINANCIERA 17. Ley N\u00ba 21.000, Crea la Comisi\u00f3n para el Mercado Financiero (D.O. de 23 de febrero de 2017) \u00a7 18. D.F.L. N\u00ba 2, Fija fecha en que la Comisi\u00f3n para el Mercado Financiero asumir\u00e1 las competencias de la Superintendencia de Bancos e Instituciones Financieras; determina la fecha de supresi\u00f3n de esta \u00faltima y dispone el traspaso de su personal y de los bienes que se indican (D.O. de 2 de mayo de 2019) \u00a7 19. Ley N\u00ba 20.789, Crea el Consejo de Estabilidad Financiera (D.O. de 6 de noviembre de 2014) REORGANIZACI\u00d3N Y LIQUIDACI\u00d3N DE ACTIVOS DE EMPRESAS Y PERSONAS 20. Ley N\u00ba 20.720, Sustituye el R\u00e9gimen Concursal vigente por una Ley de Reorganizaci\u00f3n y Liquidaci\u00f3n de empresas y personas, y perfecciona el rol de la superintendencia del ramo (D.O. de 9 de enero de 2014) VII. TECNOLOG\u00cdA FINANCIERA (LEY FINTEC) 21. Ley N\u00ba 21.521, Promueve la competencia e inclusi\u00f3n financiera a trav\u00e9s de la innovaci\u00f3n y tecnolog\u00eda en la prestaci\u00f3n de servicios financieros, Ley Fintec (D.O. de 4 de enero de 2023) VIII. CONSUMIDOR FINANCIERO 22. Ley N\u00ba 20.555, Modifica Ley N\u00ba 19.496, sobre protecci\u00f3n de los derechos de los consumidores, para dotar de atribuciones en materias financieras, entre otras, al Servicio Nacional del Consumidor (D.O. de 5 de diciembre de 2011) \u00a7 23. Ley 21.236, Regula la Portabilidad Financiera (D.O. de 9 de junio de 2020) \u00a7 24. Decreto N\u00ba 1.154, Aprueba reglamento de la Ley N\u00ba 21.236, que regula la Portabilidad Financiera (D.O. de 8 de septiembre de 2020)<\/p>\n","protected":false},"featured_media":3012,"comment_status":"open","ping_status":"closed","template":"","meta":{"inline_featured_image":false,"_joinchat":[]},"product_brand":[],"product_cat":[48,42],"product_tag":[],"class_list":{"0":"post-2961","1":"product","2":"type-product","3":"status-publish","4":"has-post-thumbnail","6":"product_cat-comercial","7":"product_cat-thomson-reuters","8":"product_shipping_class-a-convenir","10":"first","11":"instock","12":"shipping-taxable","13":"purchasable","14":"product-type-simple"},"_links":{"self":[{"href":"https:\/\/bibliotecajuridicavirtual.cl\/index.php\/wp-json\/wp\/v2\/product\/2961","targetHints":{"allow":["GET"]}}],"collection":[{"href":"https:\/\/bibliotecajuridicavirtual.cl\/index.php\/wp-json\/wp\/v2\/product"}],"about":[{"href":"https:\/\/bibliotecajuridicavirtual.cl\/index.php\/wp-json\/wp\/v2\/types\/product"}],"replies":[{"embeddable":true,"href":"https:\/\/bibliotecajuridicavirtual.cl\/index.php\/wp-json\/wp\/v2\/comments?post=2961"}],"wp:featuredmedia":[{"embeddable":true,"href":"https:\/\/bibliotecajuridicavirtual.cl\/index.php\/wp-json\/wp\/v2\/media\/3012"}],"wp:attachment":[{"href":"https:\/\/bibliotecajuridicavirtual.cl\/index.php\/wp-json\/wp\/v2\/media?parent=2961"}],"wp:term":[{"taxonomy":"product_brand","embeddable":true,"href":"https:\/\/bibliotecajuridicavirtual.cl\/index.php\/wp-json\/wp\/v2\/product_brand?post=2961"},{"taxonomy":"product_cat","embeddable":true,"href":"https:\/\/bibliotecajuridicavirtual.cl\/index.php\/wp-json\/wp\/v2\/product_cat?post=2961"},{"taxonomy":"product_tag","embeddable":true,"href":"https:\/\/bibliotecajuridicavirtual.cl\/index.php\/wp-json\/wp\/v2\/product_tag?post=2961"}],"curies":[{"name":"wp","href":"https:\/\/api.w.org\/{rel}","templated":true}]}}