{"id":2963,"date":"2026-02-28T01:07:36","date_gmt":"2026-02-28T04:07:36","guid":{"rendered":"https:\/\/bibliotecajuridicavirtual.cl\/?post_type=product&#038;p=2963"},"modified":"2026-02-28T01:08:08","modified_gmt":"2026-02-28T04:08:08","slug":"principios-en-derechos-humanos-ano-noviembre-2023-370-pag-autor-gonzalo-aguilar-cavallo","status":"publish","type":"product","link":"https:\/\/bibliotecajuridicavirtual.cl\/index.php\/product\/principios-en-derechos-humanos-ano-noviembre-2023-370-pag-autor-gonzalo-aguilar-cavallo\/","title":{"rendered":"Principios en Derechos Humanos. A\u00f1o Noviembre 2023\/ 370 P\u00e1g. Autor Gonzalo Aguilar Cavallo"},"content":{"rendered":"<p>Este libro tiene por finalidad abordar los principales principios aplicables en el derecho de los derechos humanos, examinando, en primer lugar, los fundamentos de este sistema y sus principios; en segundo lugar, los principios rectores substanciales; y, finalmente, los principios instrumentales. En estas p\u00e1ginas se encontrar\u00e1n diversos an\u00e1lisis sobre el concepto, caracter\u00edsticas, clasificaciones y contenido de estos principios y su recepci\u00f3n en la jurisprudencia comparada e internacional de derechos humanos.<br \/>\nEste trabajo pretende ser un auxilio para los operadores jur\u00eddicos, jueces, defensores y abogados, quienes litigan, preparan informes, o efect\u00faan an\u00e1lisis en casos relacionados con los derechos humanos en la esfera del derecho interno.<\/p>\n<p>\u00cdndice<br \/>\nTabla de abreviaturas\u00a0\u00a0 \u00a0\u00a0\u00a0 \u00a011<br \/>\nPresentaci\u00f3n\u00a0\u00a0 \u00a0\u00a0\u00a0 \u00a013<br \/>\nIntroducci\u00f3n\u00a0\u00a0 \u00a0\u00a0\u00a0 \u00a019<br \/>\nCap\u00edtulo Primero<br \/>\nFundamentos<br \/>\n1.\u00a0\u00a0 \u00a0Valor de los principios en derechos humanos\u00a0\u00a0 \u00a0\u00a0\u00a0 \u00a023<br \/>\n2.\u00a0\u00a0 \u00a0Principios, fines y fuentes\u00a0\u00a0 \u00a0\u00a0\u00a0 \u00a027<br \/>\n3.\u00a0\u00a0 \u00a0Funciones de los principios en derechos humanos\u00a0\u00a0 \u00a0\u00a0\u00a0 \u00a033<br \/>\n4.\u00a0\u00a0 \u00a0La conciencia jur\u00eddica universal\u00a0\u00a0 \u00a0\u00a0\u00a0 \u00a035<br \/>\n5.\u00a0\u00a0 \u00a0Orden objetivo de valores\u00a0\u00a0 \u00a0\u00a0\u00a0 \u00a038<br \/>\n5.1.\u00a0\u00a0 \u00a0Sistema de valores\u00a0\u00a0 \u00a0\u00a0\u00a0 \u00a038<br \/>\n5.2.\u00a0\u00a0 \u00a0Dimensi\u00f3n subjetiva y dimensi\u00f3n objetiva\u00a0\u00a0 \u00a0\u00a0\u00a0 \u00a039<br \/>\n5.3.\u00a0\u00a0 \u00a0La Constitucionalizaci\u00f3n del derecho\u00a0\u00a0 \u00a0\u00a0\u00a0 \u00a044<br \/>\n5.4.\u00a0\u00a0 \u00a0Orden jur\u00eddico de valores y el rol de los principios\u00a0\u00a0 \u00a0\u00a0\u00a0 \u00a047<br \/>\n5.5.\u00a0\u00a0 \u00a0Interpretaci\u00f3n axiol\u00f3gica o de acuerdo con los valores\u00a0\u00a0 \u00a0\u00a0\u00a0 \u00a052<br \/>\n6.\u00a0\u00a0 \u00a0Directrices sobre la articulaci\u00f3n entre la esfera interna y la esfera internacional\u00a0\u00a0 \u00a0\u00a0\u00a0 \u00a060<br \/>\n6.1.\u00a0\u00a0 \u00a0Relaci\u00f3n entre el derecho interno y el derecho internacional\u00a0\u00a0 \u00a0\u00a0\u00a0 \u00a060<br \/>\n6.1.1.\u00a0\u00a0 \u00a0Los tratados internacionales y su interacci\u00f3n con el derecho interno\u00a0\u00a0 \u00a0\u00a0\u00a0 \u00a060<br \/>\n6.1.2.\u00a0\u00a0 \u00a0\u00bfPueden los tratados internacionales ser controlados constitucionalmente?\u00a0\u00a0 \u00a0\u00a0\u00a0 \u00a067<br \/>\n6.2.\u00a0\u00a0 \u00a0Interacci\u00f3n entre el derecho interno y el derecho internacional de los derechos humanos\u00a0\u00a0 \u00a0\u00a0\u00a0 \u00a072<br \/>\n6.2.1.\u00a0\u00a0 \u00a0Compatibilidad\u00a0\u00a0 \u00a0\u00a0\u00a0 \u00a072<br \/>\n6.2.2.\u00a0\u00a0 \u00a0No contradicci\u00f3n\u00a0\u00a0 \u00a0\u00a0\u00a0 \u00a073<br \/>\n6.2.3.\u00a0\u00a0 \u00a0Adecuaci\u00f3n\u00a0\u00a0 \u00a0\u00a0\u00a0 \u00a080<br \/>\n6.2.3.1.\u00a0\u00a0 \u00a0Obligaci\u00f3n de adecuar el orden jur\u00eddico interno al derecho internacional\u00a0\u00a0 \u00a0\u00a0\u00a0 \u00a080<br \/>\n6.2.3.2.\u00a0\u00a0 \u00a0Principio allant de soi\u00a0\u00a0 \u00a0\u00a0\u00a0 \u00a091<br \/>\n6.2.4.\u00a0\u00a0 \u00a0Optimizaci\u00f3n y retroalimentaci\u00f3n\u00a0\u00a0 \u00a0\u00a0\u00a0 \u00a095<br \/>\n7.\u00a0\u00a0 \u00a0Control de convencionalidad y nuevo paradigma constitucional\u00a0\u00a0 \u00a0\u00a0\u00a0 \u00a099<br \/>\n7.1.\u00a0\u00a0 \u00a0La trayectoria de la doctrina interamericana del control de convencionalidad\u00a0\u00a0 \u00a0\u00a0\u00a0 \u00a099<br \/>\n7.2.\u00a0\u00a0 \u00a0El concepto de control de convencionalidad\u00a0\u00a0 \u00a0\u00a0\u00a0 \u00a0102<br \/>\n7.3.\u00a0\u00a0 \u00a0El control de convencionalidad realizado por los jueces chilenos\u00a0\u00a0 \u00a0\u00a0\u00a0 \u00a0105<br \/>\n7.4.\u00a0\u00a0 \u00a0Examen de convencionalidad, proceso de humanizaci\u00f3n del derecho y conciencia jur\u00eddica universal\u00a0\u00a0 \u00a0\u00a0\u00a0 \u00a0124<br \/>\n7.5.\u00a0\u00a0 \u00a0Estado de Derecho y control de convencionalidad\u00a0\u00a0 \u00a0\u00a0\u00a0 \u00a0128<br \/>\n7.6.\u00a0\u00a0 \u00a0Constitucionalismo global y control de convencionalidad\u00a0\u00a0 \u00a0\u00a0\u00a0 \u00a0132<br \/>\n7.6.1.\u00a0\u00a0 \u00a0Control de convencionalidad\u00a0\u00a0 \u00a0\u00a0\u00a0 \u00a0133<br \/>\n7.6.2.\u00a0\u00a0 \u00a0El contexto hist\u00f3rico, social y cultural de la regi\u00f3n\u00a0\u00a0 \u00a0\u00a0\u00a0 \u00a0135<br \/>\n7.6.3.\u00a0\u00a0 \u00a0Caracter\u00edsticas del constitucionalismo contempor\u00e1neo\u00a0\u00a0 \u00a0\u00a0\u00a0 \u00a0137<br \/>\n7.6.4.\u00a0\u00a0 \u00a0Di\u00e1logo entre jueces\u00a0\u00a0 \u00a0\u00a0\u00a0 \u00a0141<br \/>\nCap\u00edtulo Segundo<br \/>\nPrincipios rectores substanciales<br \/>\n1.\u00a0\u00a0 \u00a0Principios rectores\u00a0\u00a0 \u00a0\u00a0\u00a0 \u00a0145<br \/>\n1.1.\u00a0\u00a0 \u00a0Principios rectores substanciales\u00a0\u00a0 \u00a0\u00a0\u00a0 \u00a0146<br \/>\n1.2.\u00a0\u00a0 \u00a0Principio de Dignidad\u00a0\u00a0 \u00a0\u00a0\u00a0 \u00a0147<br \/>\n1.3.\u00a0\u00a0 \u00a0Principio de humanidad\u00a0\u00a0 \u00a0\u00a0\u00a0 \u00a0157<br \/>\n1.4.\u00a0\u00a0 \u00a0Principio de solidaridad\u00a0\u00a0 \u00a0\u00a0\u00a0 \u00a0163<br \/>\n1.5.\u00a0\u00a0 \u00a0Supremac\u00eda de los derechos humanos\u00a0\u00a0 \u00a0\u00a0\u00a0 \u00a0180<br \/>\n1.6.\u00a0\u00a0 \u00a0Primac\u00eda absoluta\u00a0\u00a0 \u00a0\u00a0\u00a0 \u00a0189<br \/>\n1.6.1.\u00a0\u00a0 \u00a0Aspectos te\u00f3ricos sobre las normas de ius cogens\u00a0\u00a0 \u00a0\u00a0\u00a0 \u00a0195<br \/>\n1.6.1.1.\u00a0\u00a0 \u00a0Origen del concepto y su evoluci\u00f3n en Derecho Internacional\u00a0\u00a0 \u00a0\u00a0\u00a0 \u00a0195<br \/>\n1.6.2.\u00a0\u00a0 \u00a0Interacci\u00f3n del ius cogens con otras figuras relacionadas\u00a0\u00a0 \u00a0\u00a0\u00a0 \u00a0203<br \/>\n1.6.2.1.\u00a0\u00a0 \u00a0Costumbre\u00a0\u00a0 \u00a0\u00a0\u00a0 \u00a0203<br \/>\n1.6.2.2.\u00a0\u00a0 \u00a0Principios Generales de Derecho Internacional\u00a0\u00a0 \u00a0\u00a0\u00a0 \u00a0205<br \/>\n1.6.2.3.\u00a0\u00a0 \u00a0Obligaciones erga omnes\u00a0\u00a0 \u00a0\u00a0\u00a0 \u00a0205<br \/>\n1.6.3.\u00a0\u00a0 \u00a0Caracter\u00edsticas de las normas de ius cogens\u00a0\u00a0 \u00a0\u00a0\u00a0 \u00a0207<br \/>\n1.6.3.1.\u00a0\u00a0 \u00a0Imperatividad\u00a0\u00a0 \u00a0\u00a0\u00a0 \u00a0208<br \/>\n1.6.3.2.\u00a0\u00a0 \u00a0Inderogabilidad\u00a0\u00a0 \u00a0\u00a0\u00a0 \u00a0209<br \/>\n1.6.3.3.\u00a0\u00a0 \u00a0Generalidad\u00a0\u00a0 \u00a0\u00a0\u00a0 \u00a0210<br \/>\n1.6.3.4.\u00a0\u00a0 \u00a0Dinamismo y mutabilidad\u00a0\u00a0 \u00a0\u00a0\u00a0 \u00a0210<br \/>\n1.6.3.5.\u00a0\u00a0 \u00a0Responsabilidad especial\u00a0\u00a0 \u00a0\u00a0\u00a0 \u00a0211<br \/>\n1.6.3.6.\u00a0\u00a0 \u00a0Causa de nulidad y terminaci\u00f3n de los tratados\u00a0\u00a0 \u00a0\u00a0\u00a0 \u00a0212<br \/>\n1.6.3.7.\u00a0\u00a0 \u00a0Aceptaci\u00f3n y reconocimiento universal\u00a0\u00a0 \u00a0\u00a0\u00a0 \u00a0212<br \/>\n1.6.3.8.\u00a0\u00a0 \u00a0Pilares de la estructura fundamental de todo orden jur\u00eddico\u00a0\u00a0 \u00a0\u00a0\u00a0 \u00a0214<br \/>\n1.6.4.\u00a0\u00a0 \u00a0Contenido de las normas de ius cogens\u00a0\u00a0 \u00a0\u00a0\u00a0 \u00a0216<br \/>\n1.6.5.\u00a0\u00a0 \u00a0Identificaci\u00f3n de las normas de ius cogens\u00a0\u00a0 \u00a0\u00a0\u00a0 \u00a0222<br \/>\n1.7.\u00a0\u00a0 \u00a0Reconocimiento jurisprudencial de las normas de ius cogens\u00a0\u00a0 \u00a0\u00a0\u00a0 \u00a0224<br \/>\n1.7.1.\u00a0\u00a0 \u00a0Desaparici\u00f3n forzada de personas\u00a0\u00a0 \u00a0\u00a0\u00a0 \u00a0224<br \/>\n1.7.2.\u00a0\u00a0 \u00a0Tortura\u00a0\u00a0 \u00a0\u00a0\u00a0 \u00a0230<br \/>\n1.7.3.\u00a0\u00a0 \u00a0Otros casos de reconocimiento jurisprudencial\u00a0\u00a0 \u00a0\u00a0\u00a0 \u00a0238<br \/>\nCap\u00edtulo Tercero<br \/>\nPrincipios rectores instrumentales<br \/>\n1.\u00a0\u00a0 \u00a0Principios instrumentales\u00a0\u00a0 \u00a0\u00a0\u00a0 \u00a0249<br \/>\n2.\u00a0\u00a0 \u00a0Enfoque integrador y sistem\u00e1tico de los derechos humanos\u00a0\u00a0 \u00a0\u00a0\u00a0 \u00a0250<br \/>\n3.\u00a0\u00a0 \u00a0Principio de diversidad de fuentes y no exclusi\u00f3n\u00a0\u00a0 \u00a0\u00a0\u00a0 \u00a0258<br \/>\n3.1.\u00a0\u00a0 \u00a0Bloque constitucional de derechos\u00a0\u00a0 \u00a0\u00a0\u00a0 \u00a0264<br \/>\n3.2.\u00a0\u00a0 \u00a0Las normas de soft law\u00a0\u00a0 \u00a0\u00a0\u00a0 \u00a0269<br \/>\n3.2.1.\u00a0\u00a0 \u00a0Soft law: concepto y caracter\u00edsticas\u00a0\u00a0 \u00a0\u00a0\u00a0 \u00a0270<br \/>\n3.2.2.\u00a0\u00a0 \u00a0Soft law y DIMA\u00a0\u00a0 \u00a0\u00a0\u00a0 \u00a0277<br \/>\n3.2.3.\u00a0\u00a0 \u00a0Corte IDH y soft law dentro del horizonte de las fuentes\u00a0\u00a0 \u00a0\u00a0\u00a0 \u00a0282<br \/>\n4.\u00a0\u00a0 \u00a0Principio de universalidad\u00a0\u00a0 \u00a0\u00a0\u00a0 \u00a0289<br \/>\n5.\u00a0\u00a0 \u00a0Principio de indivisibilidad\u00a0\u00a0 \u00a0\u00a0\u00a0 \u00a0292<br \/>\n6.\u00a0\u00a0 \u00a0Principio de interdependencia\u00a0\u00a0 \u00a0\u00a0\u00a0 \u00a0296<br \/>\n7.\u00a0\u00a0 \u00a0Principio de interrelaci\u00f3n\u00a0\u00a0 \u00a0\u00a0\u00a0 \u00a0297<br \/>\n8.\u00a0\u00a0 \u00a0Principio de justiciabilidad o la tutela directa de los derechos humanos-amparo reforzado\u00a0\u00a0 \u00a0\u00a0\u00a0 \u00a0298<br \/>\n8.1.\u00a0\u00a0 \u00a0La titularidad como emancipaci\u00f3n\u00a0\u00a0 \u00a0\u00a0\u00a0 \u00a0299<br \/>\n8.2.\u00a0\u00a0 \u00a0Reivindicaci\u00f3n directa e indirecta de derechos humanos\u00a0\u00a0 \u00a0\u00a0\u00a0 \u00a0300<br \/>\n8.3.\u00a0\u00a0 \u00a0Ubi jus, ibi remedium: Donde hay derecho, hay acci\u00f3n \/no hay derecho sin acci\u00f3n\u00a0\u00a0 \u00a0\u00a0\u00a0 \u00a0301<br \/>\n8.4.\u00a0\u00a0 \u00a0Exigibilidad y justiciabilidad\u00a0\u00a0 \u00a0\u00a0\u00a0 \u00a0304<br \/>\n8.5.\u00a0\u00a0 \u00a0Justiciabilidad de los derechos humanos en el \u00e1mbito interno y en el \u00e1mbito internacional\u00a0\u00a0 \u00a0\u00a0\u00a0 \u00a0305<br \/>\n8.5.1.\u00a0\u00a0 \u00a0Justiciabilidad en el orden jur\u00eddico interno\u00a0\u00a0 \u00a0\u00a0\u00a0 \u00a0305<br \/>\n8.5.2.\u00a0\u00a0 \u00a0Justiciabilidad en el orden jur\u00eddico internacional\u00a0\u00a0 \u00a0\u00a0\u00a0 \u00a0306<br \/>\n8.5.3.\u00a0\u00a0 \u00a0El caso de los derechos sociales lato sensu ante la Corte Interamericana de Derechos Humanos\u00a0\u00a0 \u00a0\u00a0\u00a0 \u00a0314<br \/>\n8.5.3.1.\u00a0\u00a0 \u00a0La negativa a la justiciabilidad\u00a0\u00a0 \u00a0\u00a0\u00a0 \u00a0315<br \/>\n8.5.3.2.\u00a0\u00a0 \u00a0Los argumentos en favor de la justiciabilidad\u00a0\u00a0 \u00a0\u00a0\u00a0 \u00a0321<br \/>\nConclusiones\u00a0\u00a0 \u00a0\u00a0\u00a0 \u00a0329<br \/>\nBibliograf\u00eda\u00a0\u00a0 \u00a0\u00a0\u00a0 \u00a0335<\/p>\n<p>&nbsp;<\/p>\n","protected":false},"excerpt":{"rendered":"<p>Este libro tiene por finalidad abordar los principales principios aplicables en el derecho de los derechos humanos, examinando, en primer lugar, los fundamentos de este sistema y sus principios; en segundo lugar, los principios rectores substanciales; y, finalmente, los principios instrumentales. En estas p\u00e1ginas se encontrar\u00e1n diversos an\u00e1lisis sobre el concepto, caracter\u00edsticas, clasificaciones y contenido de estos principios y su recepci\u00f3n en la jurisprudencia comparada e internacional de derechos humanos. Este trabajo pretende ser un auxilio para los operadores jur\u00eddicos, jueces, defensores y abogados, quienes litigan, preparan informes, o efect\u00faan an\u00e1lisis en casos relacionados con los derechos humanos en la esfera del derecho interno. \u00cdndice Tabla de abreviaturas\u00a0\u00a0 \u00a0\u00a0\u00a0 \u00a011 Presentaci\u00f3n\u00a0\u00a0 \u00a0\u00a0\u00a0 \u00a013 Introducci\u00f3n\u00a0\u00a0 \u00a0\u00a0\u00a0 \u00a019 Cap\u00edtulo Primero Fundamentos 1.\u00a0\u00a0 \u00a0Valor de los principios en derechos humanos\u00a0\u00a0 \u00a0\u00a0\u00a0 \u00a023 2.\u00a0\u00a0 \u00a0Principios, fines y fuentes\u00a0\u00a0 \u00a0\u00a0\u00a0 \u00a027 3.\u00a0\u00a0 \u00a0Funciones de los principios en derechos humanos\u00a0\u00a0 \u00a0\u00a0\u00a0 \u00a033 4.\u00a0\u00a0 \u00a0La conciencia jur\u00eddica universal\u00a0\u00a0 \u00a0\u00a0\u00a0 \u00a035 5.\u00a0\u00a0 \u00a0Orden objetivo de valores\u00a0\u00a0 \u00a0\u00a0\u00a0 \u00a038 5.1.\u00a0\u00a0 \u00a0Sistema de valores\u00a0\u00a0 \u00a0\u00a0\u00a0 \u00a038 5.2.\u00a0\u00a0 \u00a0Dimensi\u00f3n subjetiva y dimensi\u00f3n objetiva\u00a0\u00a0 \u00a0\u00a0\u00a0 \u00a039 5.3.\u00a0\u00a0 \u00a0La Constitucionalizaci\u00f3n del derecho\u00a0\u00a0 \u00a0\u00a0\u00a0 \u00a044 5.4.\u00a0\u00a0 \u00a0Orden jur\u00eddico de valores y el rol de los principios\u00a0\u00a0 \u00a0\u00a0\u00a0 \u00a047 5.5.\u00a0\u00a0 \u00a0Interpretaci\u00f3n axiol\u00f3gica o de acuerdo con los valores\u00a0\u00a0 \u00a0\u00a0\u00a0 \u00a052 6.\u00a0\u00a0 \u00a0Directrices sobre la articulaci\u00f3n entre la esfera interna y la esfera internacional\u00a0\u00a0 \u00a0\u00a0\u00a0 \u00a060 6.1.\u00a0\u00a0 \u00a0Relaci\u00f3n entre el derecho interno y el derecho internacional\u00a0\u00a0 \u00a0\u00a0\u00a0 \u00a060 6.1.1.\u00a0\u00a0 \u00a0Los tratados internacionales y su interacci\u00f3n con el derecho interno\u00a0\u00a0 \u00a0\u00a0\u00a0 \u00a060 6.1.2.\u00a0\u00a0 \u00a0\u00bfPueden los tratados internacionales ser controlados constitucionalmente?\u00a0\u00a0 \u00a0\u00a0\u00a0 \u00a067 6.2.\u00a0\u00a0 \u00a0Interacci\u00f3n entre el derecho interno y el derecho internacional de los derechos humanos\u00a0\u00a0 \u00a0\u00a0\u00a0 \u00a072 6.2.1.\u00a0\u00a0 \u00a0Compatibilidad\u00a0\u00a0 \u00a0\u00a0\u00a0 \u00a072 6.2.2.\u00a0\u00a0 \u00a0No contradicci\u00f3n\u00a0\u00a0 \u00a0\u00a0\u00a0 \u00a073 6.2.3.\u00a0\u00a0 \u00a0Adecuaci\u00f3n\u00a0\u00a0 \u00a0\u00a0\u00a0 \u00a080 6.2.3.1.\u00a0\u00a0 \u00a0Obligaci\u00f3n de adecuar el orden jur\u00eddico interno al derecho internacional\u00a0\u00a0 \u00a0\u00a0\u00a0 \u00a080 6.2.3.2.\u00a0\u00a0 \u00a0Principio allant de soi\u00a0\u00a0 \u00a0\u00a0\u00a0 \u00a091 6.2.4.\u00a0\u00a0 \u00a0Optimizaci\u00f3n y retroalimentaci\u00f3n\u00a0\u00a0 \u00a0\u00a0\u00a0 \u00a095 7.\u00a0\u00a0 \u00a0Control de convencionalidad y nuevo paradigma constitucional\u00a0\u00a0 \u00a0\u00a0\u00a0 \u00a099 7.1.\u00a0\u00a0 \u00a0La trayectoria de la doctrina interamericana del control de convencionalidad\u00a0\u00a0 \u00a0\u00a0\u00a0 \u00a099 7.2.\u00a0\u00a0 \u00a0El concepto de control de convencionalidad\u00a0\u00a0 \u00a0\u00a0\u00a0 \u00a0102 7.3.\u00a0\u00a0 \u00a0El control de convencionalidad realizado por los jueces chilenos\u00a0\u00a0 \u00a0\u00a0\u00a0 \u00a0105 7.4.\u00a0\u00a0 \u00a0Examen de convencionalidad, proceso de humanizaci\u00f3n del derecho y conciencia jur\u00eddica universal\u00a0\u00a0 \u00a0\u00a0\u00a0 \u00a0124 7.5.\u00a0\u00a0 \u00a0Estado de Derecho y control de convencionalidad\u00a0\u00a0 \u00a0\u00a0\u00a0 \u00a0128 7.6.\u00a0\u00a0 \u00a0Constitucionalismo global y control de convencionalidad\u00a0\u00a0 \u00a0\u00a0\u00a0 \u00a0132 7.6.1.\u00a0\u00a0 \u00a0Control de convencionalidad\u00a0\u00a0 \u00a0\u00a0\u00a0 \u00a0133 7.6.2.\u00a0\u00a0 \u00a0El contexto hist\u00f3rico, social y cultural de la regi\u00f3n\u00a0\u00a0 \u00a0\u00a0\u00a0 \u00a0135 7.6.3.\u00a0\u00a0 \u00a0Caracter\u00edsticas del constitucionalismo contempor\u00e1neo\u00a0\u00a0 \u00a0\u00a0\u00a0 \u00a0137 7.6.4.\u00a0\u00a0 \u00a0Di\u00e1logo entre jueces\u00a0\u00a0 \u00a0\u00a0\u00a0 \u00a0141 Cap\u00edtulo Segundo Principios rectores substanciales 1.\u00a0\u00a0 \u00a0Principios rectores\u00a0\u00a0 \u00a0\u00a0\u00a0 \u00a0145 1.1.\u00a0\u00a0 \u00a0Principios rectores substanciales\u00a0\u00a0 \u00a0\u00a0\u00a0 \u00a0146 1.2.\u00a0\u00a0 \u00a0Principio de Dignidad\u00a0\u00a0 \u00a0\u00a0\u00a0 \u00a0147 1.3.\u00a0\u00a0 \u00a0Principio de humanidad\u00a0\u00a0 \u00a0\u00a0\u00a0 \u00a0157 1.4.\u00a0\u00a0 \u00a0Principio de solidaridad\u00a0\u00a0 \u00a0\u00a0\u00a0 \u00a0163 1.5.\u00a0\u00a0 \u00a0Supremac\u00eda de los derechos humanos\u00a0\u00a0 \u00a0\u00a0\u00a0 \u00a0180 1.6.\u00a0\u00a0 \u00a0Primac\u00eda absoluta\u00a0\u00a0 \u00a0\u00a0\u00a0 \u00a0189 1.6.1.\u00a0\u00a0 \u00a0Aspectos te\u00f3ricos sobre las normas de ius cogens\u00a0\u00a0 \u00a0\u00a0\u00a0 \u00a0195 1.6.1.1.\u00a0\u00a0 \u00a0Origen del concepto y su evoluci\u00f3n en Derecho Internacional\u00a0\u00a0 \u00a0\u00a0\u00a0 \u00a0195 1.6.2.\u00a0\u00a0 \u00a0Interacci\u00f3n del ius cogens con otras figuras relacionadas\u00a0\u00a0 \u00a0\u00a0\u00a0 \u00a0203 1.6.2.1.\u00a0\u00a0 \u00a0Costumbre\u00a0\u00a0 \u00a0\u00a0\u00a0 \u00a0203 1.6.2.2.\u00a0\u00a0 \u00a0Principios Generales de Derecho Internacional\u00a0\u00a0 \u00a0\u00a0\u00a0 \u00a0205 1.6.2.3.\u00a0\u00a0 \u00a0Obligaciones erga omnes\u00a0\u00a0 \u00a0\u00a0\u00a0 \u00a0205 1.6.3.\u00a0\u00a0 \u00a0Caracter\u00edsticas de las normas de ius cogens\u00a0\u00a0 \u00a0\u00a0\u00a0 \u00a0207 1.6.3.1.\u00a0\u00a0 \u00a0Imperatividad\u00a0\u00a0 \u00a0\u00a0\u00a0 \u00a0208 1.6.3.2.\u00a0\u00a0 \u00a0Inderogabilidad\u00a0\u00a0 \u00a0\u00a0\u00a0 \u00a0209 1.6.3.3.\u00a0\u00a0 \u00a0Generalidad\u00a0\u00a0 \u00a0\u00a0\u00a0 \u00a0210 1.6.3.4.\u00a0\u00a0 \u00a0Dinamismo y mutabilidad\u00a0\u00a0 \u00a0\u00a0\u00a0 \u00a0210 1.6.3.5.\u00a0\u00a0 \u00a0Responsabilidad especial\u00a0\u00a0 \u00a0\u00a0\u00a0 \u00a0211 1.6.3.6.\u00a0\u00a0 \u00a0Causa de nulidad y terminaci\u00f3n de los tratados\u00a0\u00a0 \u00a0\u00a0\u00a0 \u00a0212 1.6.3.7.\u00a0\u00a0 \u00a0Aceptaci\u00f3n y reconocimiento universal\u00a0\u00a0 \u00a0\u00a0\u00a0 \u00a0212 1.6.3.8.\u00a0\u00a0 \u00a0Pilares de la estructura fundamental de todo orden jur\u00eddico\u00a0\u00a0 \u00a0\u00a0\u00a0 \u00a0214 1.6.4.\u00a0\u00a0 \u00a0Contenido de las normas de ius cogens\u00a0\u00a0 \u00a0\u00a0\u00a0 \u00a0216 1.6.5.\u00a0\u00a0 \u00a0Identificaci\u00f3n de las normas de ius cogens\u00a0\u00a0 \u00a0\u00a0\u00a0 \u00a0222 1.7.\u00a0\u00a0 \u00a0Reconocimiento jurisprudencial de las normas de ius cogens\u00a0\u00a0 \u00a0\u00a0\u00a0 \u00a0224 1.7.1.\u00a0\u00a0 \u00a0Desaparici\u00f3n forzada de personas\u00a0\u00a0 \u00a0\u00a0\u00a0 \u00a0224 1.7.2.\u00a0\u00a0 \u00a0Tortura\u00a0\u00a0 \u00a0\u00a0\u00a0 \u00a0230 1.7.3.\u00a0\u00a0 \u00a0Otros casos de reconocimiento jurisprudencial\u00a0\u00a0 \u00a0\u00a0\u00a0 \u00a0238 Cap\u00edtulo Tercero Principios rectores instrumentales 1.\u00a0\u00a0 \u00a0Principios instrumentales\u00a0\u00a0 \u00a0\u00a0\u00a0 \u00a0249 2.\u00a0\u00a0 \u00a0Enfoque integrador y sistem\u00e1tico de los derechos humanos\u00a0\u00a0 \u00a0\u00a0\u00a0 \u00a0250 3.\u00a0\u00a0 \u00a0Principio de diversidad de fuentes y no exclusi\u00f3n\u00a0\u00a0 \u00a0\u00a0\u00a0 \u00a0258 3.1.\u00a0\u00a0 \u00a0Bloque constitucional de derechos\u00a0\u00a0 \u00a0\u00a0\u00a0 \u00a0264 3.2.\u00a0\u00a0 \u00a0Las normas de soft law\u00a0\u00a0 \u00a0\u00a0\u00a0 \u00a0269 3.2.1.\u00a0\u00a0 \u00a0Soft law: concepto y caracter\u00edsticas\u00a0\u00a0 \u00a0\u00a0\u00a0 \u00a0270 3.2.2.\u00a0\u00a0 \u00a0Soft law y DIMA\u00a0\u00a0 \u00a0\u00a0\u00a0 \u00a0277 3.2.3.\u00a0\u00a0 \u00a0Corte IDH y soft law dentro del horizonte de las fuentes\u00a0\u00a0 \u00a0\u00a0\u00a0 \u00a0282 4.\u00a0\u00a0 \u00a0Principio de universalidad\u00a0\u00a0 \u00a0\u00a0\u00a0 \u00a0289 5.\u00a0\u00a0 \u00a0Principio de indivisibilidad\u00a0\u00a0 \u00a0\u00a0\u00a0 \u00a0292 6.\u00a0\u00a0 \u00a0Principio de interdependencia\u00a0\u00a0 \u00a0\u00a0\u00a0 \u00a0296 7.\u00a0\u00a0 \u00a0Principio de interrelaci\u00f3n\u00a0\u00a0 \u00a0\u00a0\u00a0 \u00a0297 8.\u00a0\u00a0 \u00a0Principio de justiciabilidad o la tutela directa de los derechos humanos-amparo reforzado\u00a0\u00a0 \u00a0\u00a0\u00a0 \u00a0298 8.1.\u00a0\u00a0 \u00a0La titularidad como emancipaci\u00f3n\u00a0\u00a0 \u00a0\u00a0\u00a0 \u00a0299 8.2.\u00a0\u00a0 \u00a0Reivindicaci\u00f3n directa e indirecta de derechos humanos\u00a0\u00a0 \u00a0\u00a0\u00a0 \u00a0300 8.3.\u00a0\u00a0 \u00a0Ubi jus, ibi remedium: Donde hay derecho, hay acci\u00f3n \/no hay derecho sin acci\u00f3n\u00a0\u00a0 \u00a0\u00a0\u00a0 \u00a0301 8.4.\u00a0\u00a0 \u00a0Exigibilidad y justiciabilidad\u00a0\u00a0 \u00a0\u00a0\u00a0 \u00a0304 8.5.\u00a0\u00a0 \u00a0Justiciabilidad de los derechos humanos en el \u00e1mbito interno y en el \u00e1mbito internacional\u00a0\u00a0 \u00a0\u00a0\u00a0 \u00a0305 8.5.1.\u00a0\u00a0 \u00a0Justiciabilidad en el orden jur\u00eddico interno\u00a0\u00a0 \u00a0\u00a0\u00a0 \u00a0305 8.5.2.\u00a0\u00a0 \u00a0Justiciabilidad en el orden jur\u00eddico internacional\u00a0\u00a0 \u00a0\u00a0\u00a0 \u00a0306 8.5.3.\u00a0\u00a0 \u00a0El caso de los derechos sociales lato sensu ante la Corte Interamericana de Derechos Humanos\u00a0\u00a0 \u00a0\u00a0\u00a0 \u00a0314 8.5.3.1.\u00a0\u00a0 \u00a0La negativa a la justiciabilidad\u00a0\u00a0 \u00a0\u00a0\u00a0 \u00a0315 8.5.3.2.\u00a0\u00a0 \u00a0Los argumentos en favor de la justiciabilidad\u00a0\u00a0 \u00a0\u00a0\u00a0 \u00a0321 Conclusiones\u00a0\u00a0 \u00a0\u00a0\u00a0 \u00a0329 Bibliograf\u00eda\u00a0\u00a0 \u00a0\u00a0\u00a0 \u00a0335 &nbsp;<\/p>\n","protected":false},"featured_media":3014,"comment_status":"open","ping_status":"closed","template":"","meta":{"inline_featured_image":false,"_joinchat":[]},"product_brand":[],"product_cat":[44],"product_tag":[],"class_list":{"0":"post-2963","1":"product","2":"type-product","3":"status-publish","4":"has-post-thumbnail","6":"product_cat-filosofia-del-derecho-y-introduccion","7":"product_shipping_class-a-convenir","9":"first","10":"instock","11":"shipping-taxable","12":"purchasable","13":"product-type-simple"},"_links":{"self":[{"href":"https:\/\/bibliotecajuridicavirtual.cl\/index.php\/wp-json\/wp\/v2\/product\/2963","targetHints":{"allow":["GET"]}}],"collection":[{"href":"https:\/\/bibliotecajuridicavirtual.cl\/index.php\/wp-json\/wp\/v2\/product"}],"about":[{"href":"https:\/\/bibliotecajuridicavirtual.cl\/index.php\/wp-json\/wp\/v2\/types\/product"}],"replies":[{"embeddable":true,"href":"https:\/\/bibliotecajuridicavirtual.cl\/index.php\/wp-json\/wp\/v2\/comments?post=2963"}],"wp:featuredmedia":[{"embeddable":true,"href":"https:\/\/bibliotecajuridicavirtual.cl\/index.php\/wp-json\/wp\/v2\/media\/3014"}],"wp:attachment":[{"href":"https:\/\/bibliotecajuridicavirtual.cl\/index.php\/wp-json\/wp\/v2\/media?parent=2963"}],"wp:term":[{"taxonomy":"product_brand","embeddable":true,"href":"https:\/\/bibliotecajuridicavirtual.cl\/index.php\/wp-json\/wp\/v2\/product_brand?post=2963"},{"taxonomy":"product_cat","embeddable":true,"href":"https:\/\/bibliotecajuridicavirtual.cl\/index.php\/wp-json\/wp\/v2\/product_cat?post=2963"},{"taxonomy":"product_tag","embeddable":true,"href":"https:\/\/bibliotecajuridicavirtual.cl\/index.php\/wp-json\/wp\/v2\/product_tag?post=2963"}],"curies":[{"name":"wp","href":"https:\/\/api.w.org\/{rel}","templated":true}]}}