{"id":2990,"date":"2026-02-28T01:07:57","date_gmt":"2026-02-28T04:07:57","guid":{"rendered":"https:\/\/bibliotecajuridicavirtual.cl\/?post_type=product&#038;p=2990"},"modified":"2026-02-28T01:08:15","modified_gmt":"2026-02-28T04:08:15","slug":"medios-de-prueba-practica-forense-explicaciones-y-formularios-ano-2023-113-pag-autor-eric-chavez-chavez","status":"publish","type":"product","link":"https:\/\/bibliotecajuridicavirtual.cl\/index.php\/product\/medios-de-prueba-practica-forense-explicaciones-y-formularios-ano-2023-113-pag-autor-eric-chavez-chavez\/","title":{"rendered":"Medios de Prueba &#8211; Practica Forense &#8211; Explicaciones y Formularios. A\u00f1o 2023\/ 113 P\u00e1g. Autor Eric Ch\u00e1vez Ch\u00e1vez"},"content":{"rendered":"<p style=\"font-weight: 400;\">Este es un texto que incluye en su primera parte las normas del Derecho Procesal Civil, y despu\u00e9s incluye el respectivo escrito al tema en cuesti\u00f3n, que obviamente son los principales, para tenerlos de base una vez que la causa haya sido recibida a prueba.<\/p>\n<p style=\"font-weight: 400;\">Est\u00e1 debidamente concordad con el C\u00f3digo Civil, C\u00f3digo de Procedimiento Civil y en especial con las leyes complementarias que regulan los medios de prueba, lo cual sin duda ayudar\u00e1 a los abogados en la consulta del juicio y en la elaboraci\u00f3n de sus escritos en la etapa de prueba, por ello este texto re\u00fane las materias para tener la visi\u00f3n global de la misma.<\/p>\n<p>&nbsp;<\/p>\n<h4>INDICE<\/h4>\n<p>Introito . . . . . . . . . . . . . . . . . . . . . . . . . . . . . . . . . . . . . . . . . . . . . . . . . 7<\/p>\n<p>Cap\u00edtulo I<\/p>\n<p>LA PRUEBA . . . . . . . . . . . . . . . . . . . 9<\/p>\n<p>Generalidades . . . . . . . . . . . . . . . . . . . . . . . . . . . . . . . . . . . . . . . . . . . . 9<\/p>\n<p>Elementos de la prueba . . . . . . . . . . . . . . . . . . . . . . . . . . . . . . . . . . . . . 9<\/p>\n<p>Acepciones del vocablo prueba . . . . . . . . . . . . . . . . . . . . . . . . . . . . . . . 10<\/p>\n<p>Concepto . . . . . . . . . . . . . . . . . . . . . . . . . . . . . . . . . . . . . . . . . . . . . . . . 10<\/p>\n<p>Finalidad . . . . . . . . . . . . . . . . . . . . . . . . . . . . . . . . . . . . . . . . . . . . . . . . 10<\/p>\n<p>\u00bfA qui\u00e9n le incumbe probar? . . . . . . . . . . . . . . . . . . . . . . . . . . . . . . . . . 11<\/p>\n<p>Excepciones . . . . . . . . . . . . . . . . . . . . . . . . . . . . . . . . . . . . . . . . . . . . . . 12<\/p>\n<p>Clasificaciones . . . . . . . . . . . . . . . . . . . . . . . . . . . . . . . . . . . . . . . . . . . . 12<\/p>\n<p>Sistemas probatorios . . . . . . . . . . . . . . . . . . . . . . . . . . . . . . . . . . . . . . . 12<\/p>\n<p>Cap\u00edtulo II<\/p>\n<p>MEDIOS DE PRUEBA EN PARTICULAR . . . . . . . 13<\/p>\n<ol>\n<li>PRUEBA INSTRUMENTAL . . . . . . . . . . . . 13<\/li>\n<\/ol>\n<p>Reglamentaci\u00f3n . . . . . . . . . . . . . . . . . . . . . . . . . . . . . . . . . . . . . . . . . . . 13<\/p>\n<p>Prueba documental . . . . . . . . . . . . . . . . . . . . . . . . . . . . . . . . . . . . . . . . 14<\/p>\n<p>Concepto de instrumento . . . . . . . . . . . . . . . . . . . . . . . . . . . . . . . . . . . 14<\/p>\n<p>Caracter\u00edsticas . . . . . . . . . . . . . . . . . . . . . . . . . . . . . . . . . . . . . . . . . . . . 14<\/p>\n<p>Clasificaciones . . . . . . . . . . . . . . . . . . . . . . . . . . . . . . . . . . . . . . . . . . . . 14<\/p>\n<p>Instrumentos p\u00fablicos . . . . . . . . . . . . . . . . . . . . . . . . . . . . . . . . . . . . . . 15<\/p>\n<p>Concepto . . . . . . . . . . . . . . . . . . . . . . . . . . . . . . . . . . . . . . . . . . . . . . . . 15<\/p>\n<p>Elementos . . . . . . . . . . . . . . . . . . . . . . . . . . . . . . . . . . . . . . . . . . . . . . . 15<\/p>\n<p>Especies de instrumentos p\u00fablicos . . . . . . . . . . . . . . . . . . . . . . . . . . . . . 16<\/p>\n<p>Clasificaci\u00f3n . . . . . . . . . . . . . . . . . . . . . . . . . . . . . . . . . . . . . . . . . . . . . 16<\/p>\n<p>La escritura p\u00fablica . . . . . . . . . . . . . . . . . . . . . . . . . . . . . . . . . . . . . . . . 16<\/p>\n<p>Concepto . . . . . . . . . . . . . . . . . . . . . . . . . . . . . . . . . . . . . . . . . . . . . . . . 16<\/p>\n<p>Requisitos . . . . . . . . . . . . . . . . . . . . . . . . . . . . . . . . . . . . . . . . . . . . . . . 16<\/p>\n<p>La matriz y las copias . . . . . . . . . . . . . . . . . . . . . . . . . . . . . . . . . . . . . . 18<\/p>\n<p>Documentos protocolizados e instrumentos privados autorizados ante<\/p>\n<p>notario . . . . . . . . . . . . . . . . . . . . . . . . . . . . . . . . . . . . . . . . . . . . . . . 18<\/p>\n<p>Instrumentos que deben ser considerados p\u00fablicos en juicio . . . . . . . . . 19<\/p>\n<p>Iniciativa de la prueba instrumental . . . . . . . . . . . . . . . . . . . . . . . . . . . 21<\/p>\n<p>Oportunidad para rendir prueba instrumental . . . . . . . . . . . . . . . . . . . 21<\/p>\n<p>Forma de acompa\u00f1ar los instrumentos p\u00fablicos en juicio . . . . . . . . . . . 21<\/p>\n<p>Documentos en manos de un tercero o de la contraria . . . . . . . . . . . . . 22<\/p>\n<p>Sanci\u00f3n por la no exhibici\u00f3n decretada por el tribunal . . . . . . . . . . . . . 22<\/p>\n<p>Oportunidad . . . . . . . . . . . . . . . . . . . . . . . . . . . . . . . . . . . . . . . . . . . . . 23<\/p>\n<p>Instrumentos p\u00fablicos otorgados en el extranjero y sus efectos en Chile 23<\/p>\n<p>Excepci\u00f3n de legalizaci\u00f3n de documentos extranjeros . . . . . . . . . . . . . . 24<\/p>\n<p>Los documentos acompa\u00f1ados en lengua extranjera . . . . . . . . . . . . . . . 24<\/p>\n<p>Valor probatorio de un instrumento p\u00fablico . . . . . . . . . . . . . . . . . . . . . 25<\/p>\n<p>Impugnaci\u00f3n de un instrumento p\u00fablico . . . . . . . . . . . . . . . . . . . . . . . . 25<\/p>\n<p>Forma de hacer valer una impugnaci\u00f3n . . . . . . . . . . . . . . . . . . . . . . . . . 27<\/p>\n<p>Instrumento privado . . . . . . . . . . . . . . . . . . . . . . . . . . . . . . . . . . . . . . . 27<\/p>\n<p>Concepto . . . . . . . . . . . . . . . . . . . . . . . . . . . . . . . . . . . . . . . . . . . . . . . . 27<\/p>\n<p>Autenticidad . . . . . . . . . . . . . . . . . . . . . . . . . . . . . . . . . . . . . . . . . . . . . 28<\/p>\n<p>Reconocimiento . . . . . . . . . . . . . . . . . . . . . . . . . . . . . . . . . . . . . . . . . . 28<\/p>\n<p>Acompa\u00f1amiento de los instrumentos privados en juicio . . . . . . . . . . . 29<\/p>\n<p>Causales de impugnaci\u00f3n del instrumento privado . . . . . . . . . . . . . . . . 30<\/p>\n<p>Valor probatorio del instrumento privado . . . . . . . . . . . . . . . . . . . . . . . 31<\/p>\n<p>Fecha del instrumento privado . . . . . . . . . . . . . . . . . . . . . . . . . . . . . . . 32<\/p>\n<p>Paralelo instrumento p\u00fablico y privado . . . . . . . . . . . . . . . . . . . . . . . . . 33<\/p>\n<p>Cotejo de letras . . . . . . . . . . . . . . . . . . . . . . . . . . . . . . . . . . . . . . . . . . . 33<\/p>\n<p>Concepto . . . . . . . . . . . . . . . . . . . . . . . . . . . . . . . . . . . . . . . . . . . . . . . . 33<\/p>\n<p>Procedencia . . . . . . . . . . . . . . . . . . . . . . . . . . . . . . . . . . . . . . . . . . . . . . 33<\/p>\n<p>Procedimiento . . . . . . . . . . . . . . . . . . . . . . . . . . . . . . . . . . . . . . . . . . . . 34<\/p>\n<p>Especies de instrumentos privados en el c\u00f3digo civil . . . . . . . . . . . . . . . 35<\/p>\n<p>Las contraescrituras . . . . . . . . . . . . . . . . . . . . . . . . . . . . . . . . . . . . . . . 36<\/p>\n<p>Sentido restringido . . . . . . . . . . . . . . . . . . . . . . . . . . . . . . . . . . . . . . . . 36<\/p>\n<p>Sentido amplio . . . . . . . . . . . . . . . . . . . . . . . . . . . . . . . . . . . . . . . . . . . 37<\/p>\n<p>Valor probatorio de las contraescrituras . . . . . . . . . . . . . . . . . . . . . . . . 38<\/p>\n<p>Instrumentos privados emanados de terceros . . . . . . . . . . . . . . . . . . . . 38<\/p>\n<p>Instrumentos electr\u00f3nicos . . . . . . . . . . . . . . . . . . . . . . . . . . . . . . . . . . . 39<\/p>\n<p>Concepto . . . . . . . . . . . . . . . . . . . . . . . . . . . . . . . . . . . . . . . . . . . . . . . . 39<\/p>\n<p>Clasificaci\u00f3n . . . . . . . . . . . . . . . . . . . . . . . . . . . . . . . . . . . . . . . . . . . . . 39<\/p>\n<p>Actos y contratos suscritos por firma electr\u00f3nica . . . . . . . . . . . . . . . . . 40<\/p>\n<p>percepci\u00f3n de los documentos electr\u00f3nicos . . . . . . . . . . . . . . . . . . . . . . 41<\/p>\n<p>Documentos electr\u00f3nicos de la Ley N\u00ba 20.886 . . . . . . . . . . . . . . . . . . . 41<\/p>\n<p>Valor probatorio . . . . . . . . . . . . . . . . . . . . . . . . . . . . . . . . . . . . . . . . . . 42<\/p>\n<p>Pr\u00e1ctica Forense . . . . . . . . . . . . . . . . . 44<\/p>\n<p>N\u00ba 1. Documentos. Acompa\u00f1a . . . . . . . . . . . . . . . . . . . . . . . . . . . . . . 44<\/p>\n<p>Acompa\u00f1a documentos bajo apercibimiento<\/p>\n<p>N\u00ba 2. Documentos. Emanado Tercero . . . . . . . . . . . . . . . . . . . . . . . . . 45<\/p>\n<p>Acompa\u00f1a documento privado emanado de un tercero, con citaci\u00f3n<\/p>\n<p>N\u00ba 3. Documentos. Acompa\u00f1a . . . . . . . . . . . . . . . . . . . . . . . . . . . . . . 46<\/p>\n<p>Acompa\u00f1a documento, con citaci\u00f3n<\/p>\n<p>N\u00ba 4. Documentos. Exhibici\u00f3n . . . . . . . . . . . . . . . . . . . . . . . . . . . . . . 47<\/p>\n<p>Decr\u00e9tese la exhibici\u00f3n del documento que indica<\/p>\n<p>N\u00ba 5. Documentos. A la Vista . . . . . . . . . . . . . . . . . . . . . . . . . . . . . . . 48<\/p>\n<p>Solicita que se traigan a la vista los documentos que indica<\/p>\n<p>N\u00ba 6. Documentos. Impugnaci\u00f3n . . . . . . . . . . . . . . . . . . . . . . . . . . . . 49<\/p>\n<p>Impugna documentos<\/p>\n<p>N\u00ba 7. Documentos. Cotejo . . . . . . . . . . . . . . . . . . . . . . . . . . . . . . . . . 51<\/p>\n<p>Cotejo de documentos<\/p>\n<p>N\u00ba 8. Documentos. Audiencia de Percepci\u00f3n . . . . . . . . . . . . . . . . . . . . 52<\/p>\n<p>Audiencia de percepci\u00f3n<\/p>\n<ol start=\"2\">\n<li>PRUEBA TESTIMONIAL . . . . . . . . . . . . . 53<\/li>\n<\/ol>\n<p>Reglamentaci\u00f3n . . . . . . . . . . . . . . . . . . . . . . . . . . . . . . . . . . . . . . . . . . . 53<\/p>\n<p>Caracter\u00edsticas de la prueba testimonial . . . . . . . . . . . . . . . . . . . . . . . . 53<\/p>\n<p>Concepto . . . . . . . . . . . . . . . . . . . . . . . . . . . . . . . . . . . . . . . . . . . . . . . . 53<\/p>\n<p>Requisitos para ser testigo . . . . . . . . . . . . . . . . . . . . . . . . . . . . . . . . . . . 53<\/p>\n<p>\u00bfQui\u00e9nes son testigos? . . . . . . . . . . . . . . . . . . . . . . . . . . . . . . . . . . . . . . 54<\/p>\n<p>Clasificaciones . . . . . . . . . . . . . . . . . . . . . . . . . . . . . . . . . . . . . . . . . . . . 54<\/p>\n<p>Capacidad para ser testigo . . . . . . . . . . . . . . . . . . . . . . . . . . . . . . . . . . 56<\/p>\n<p>Inhabilidades absolutas . . . . . . . . . . . . . . . . . . . . . . . . . . . . . . . . . . . . . 56<\/p>\n<p>Inhabilidades relativas . . . . . . . . . . . . . . . . . . . . . . . . . . . . . . . . . . . . . . 57<\/p>\n<p>Obligaciones de los testigos . . . . . . . . . . . . . . . . . . . . . . . . . . . . . . . . . . 57<\/p>\n<p>Derechos de los testigos . . . . . . . . . . . . . . . . . . . . . . . . . . . . . . . . . . . . . 59<\/p>\n<p>Oportunidad para solicitar la prueba de testigos . . . . . . . . . . . . . . . . . . 60<\/p>\n<p>Requisitos para que proceda la testimonial en segunda instancia . . . . . 60<\/p>\n<p>N\u00famero de testigos que pueden declarar sobre cada hecho controvertido . . . . . . . . . . . . . . . . . . . . . . . . . . . . . . . . . . . . . . . . . . . . . . . . . 60<\/p>\n<p>Ante qui\u00e9n se rinde la testimonial . . . . . . . . . . . . . . . . . . . . . . . . . . . . . 61<\/p>\n<p>Forma de rendirla (art. 365 inciso 2 del CPC) . . . . . . . . . . . . . . . . . . . . 61<\/p>\n<p>Las tachas . . . . . . . . . . . . . . . . . . . . . . . . . . . . . . . . . . . . . . . . . . . . . . . 62<\/p>\n<p>Valor probatorio . . . . . . . . . . . . . . . . . . . . . . . . . . . . . . . . . . . . . . . . . . 63<\/p>\n<p>Pr\u00e1ctica Forense . . . . . . . . . . . . . . . . . 65<\/p>\n<p>N\u00ba 1. Lista Testigos. D\u00eda y hora . . . . . . . . . . . . . . . . . . . . . . . . . . . . . 65<\/p>\n<p>D\u00eda y hora para recibir la prueba testimonial<\/p>\n<p>N\u00ba 2. Lista Testigos. Lista . . . . . . . . . . . . . . . . . . . . . . . . . . . . . . . . . . 66<\/p>\n<p>Lista de testigos<\/p>\n<p>N\u00ba 3. Lista Testigos. Citaci\u00f3n. Apercibimiento. Arresto . . . . . . . . . . . 67<\/p>\n<p>Lista de testigos<\/p>\n<p>N\u00ba 4. Lista Testigos. Lista y Citaci\u00f3n . . . . . . . . . . . . . . . . . . . . . . . . . 68<\/p>\n<p>Lista de testigos y citaci\u00f3n<\/p>\n<ol start=\"3\">\n<li>CONFESI\u00d3N EN JUICIO . . . . . . . . . . . . . 69<\/li>\n<\/ol>\n<p>Reglamentaci\u00f3n . . . . . . . . . . . . . . . . . . . . . . . . . . . . . . . . . . . . . . . . . . . 69<\/p>\n<p>Concepto . . . . . . . . . . . . . . . . . . . . . . . . . . . . . . . . . . . . . . . . . . . . . . . . 69<\/p>\n<p>Caracter\u00edsticas . . . . . . . . . . . . . . . . . . . . . . . . . . . . . . . . . . . . . . . . . . . . 69<\/p>\n<p>Requisitos . . . . . . . . . . . . . . . . . . . . . . . . . . . . . . . . . . . . . . . . . . . . . . . 70<\/p>\n<p>Admisibilidad de este medio probatorio . . . . . . . . . . . . . . . . . . . . . . . . 70<\/p>\n<p>Limitaciones a la admisibilidad de la confesi\u00f3n . . . . . . . . . . . . . . . . . . . 70<\/p>\n<p>Requisitos de la confesi\u00f3n . . . . . . . . . . . . . . . . . . . . . . . . . . . . . . . . . . . 71<\/p>\n<p>Clasificaciones . . . . . . . . . . . . . . . . . . . . . . . . . . . . . . . . . . . . . . . . . . . . 72<\/p>\n<p>Confesi\u00f3n judicial . . . . . . . . . . . . . . . . . . . . . . . . . . . . . . . . . . . . . . . . . 73<\/p>\n<p>Clasificaciones . . . . . . . . . . . . . . . . . . . . . . . . . . . . . . . . . . . . . . . . . . . . 74<\/p>\n<p>Absoluci\u00f3n de posiciones . . . . . . . . . . . . . . . . . . . . . . . . . . . . . . . . . . . 74<\/p>\n<p>Posiciones . . . . . . . . . . . . . . . . . . . . . . . . . . . . . . . . . . . . . . . . . . . . . . . 74<\/p>\n<p>Requisitos . . . . . . . . . . . . . . . . . . . . . . . . . . . . . . . . . . . . . . . . . . . . . . . 74<\/p>\n<p>Oportunidad para solicitar la prueba confesional . . . . . . . . . . . . . . . . . 75<\/p>\n<p>Ante qui\u00e9n se efect\u00faa . . . . . . . . . . . . . . . . . . . . . . . . . . . . . . . . . . . . . . . 75<\/p>\n<p>\u00bfC\u00f3mo se pide la confesi\u00f3n? . . . . . . . . . . . . . . . . . . . . . . . . . . . . . . . . . 75<\/p>\n<p>\u00bfCu\u00e1ntas veces puede pedirse? . . . . . . . . . . . . . . . . . . . . . . . . . . . . . . . 76<\/p>\n<p>Actitudes del absolvente . . . . . . . . . . . . . . . . . . . . . . . . . . . . . . . . . . . . 76<\/p>\n<p>Confesi\u00f3n extrajudicial . . . . . . . . . . . . . . . . . . . . . . . . . . . . . . . . . . . . . 78<\/p>\n<p>Valor probatorio . . . . . . . . . . . . . . . . . . . . . . . . . . . . . . . . . . . . . . . . . . 78<\/p>\n<p>Irrevocabilidad de la confesi\u00f3n . . . . . . . . . . . . . . . . . . . . . . . . . . . . . . . 79<\/p>\n<p>Confesi\u00f3n divisibilidad e indivisibilidad . . . . . . . . . . . . . . . . . . . . . . . . 79<\/p>\n<p>Pr\u00e1ctica Forense . . . . . . . . . . . . . . . . . 81<\/p>\n<p>N\u00ba 1. Posiciones. D\u00eda y hora . . . . . . . . . . . . . . . . . . . . . . . . . . . . . . . . 81<\/p>\n<p>D\u00eda y hora para absoluci\u00f3n de posiciones<\/p>\n<p>N\u00ba 2. Posiciones. 2\u00aa vez . . . . . . . . . . . . . . . . . . . . . . . . . . . . . . . . . . . . 82<\/p>\n<p>C\u00edtese por segunda vez, a absolver posiciones, personalmente, a la<\/p>\n<p>persona que indica, bajo apercibimiento<\/p>\n<p>N\u00ba 3. Posiciones. Confeso . . . . . . . . . . . . . . . . . . . . . . . . . . . . . . . . . . 83<\/p>\n<p>Se tengan por confesados los hechos que indica<\/p>\n<p>N\u00ba 4. Posiciones. Confeso . . . . . . . . . . . . . . . . . . . . . . . . . . . . . . . . . . 84<\/p>\n<p>Se tengan por confesados los hechos que indica<\/p>\n<p>N\u00ba 5. Posiciones. Citaci\u00f3n. Corte Apelaciones . . . . . . . . . . . . . . . . . . . 85<\/p>\n<p>C\u00edtese absolver posiciones, a la persona que indica, personalmente,<\/p>\n<p>bajo apercibimiento<\/p>\n<p>N\u00ba 6. Posiciones. Confeso . . . . . . . . . . . . . . . . . . . . . . . . . . . . . . . . . . 86<\/p>\n<p>T\u00e9ngase por confesados los hechos que indica<\/p>\n<ol start=\"4\">\n<li>INSPECCI\u00d3N PERSONAL DEL TRIBUNAL . . . . . . 87<\/li>\n<\/ol>\n<p>Reglamentaci\u00f3n . . . . . . . . . . . . . . . . . . . . . . . . . . . . . . . . . . . . . . . . . . . 87<\/p>\n<p>Concepto . . . . . . . . . . . . . . . . . . . . . . . . . . . . . . . . . . . . . . . . . . . . . . . . 87<\/p>\n<p>Caracter\u00edsticas . . . . . . . . . . . . . . . . . . . . . . . . . . . . . . . . . . . . . . . . . . . . 87<\/p>\n<p>Casos en que procede la inspecci\u00f3n personal del tribunal . . . . . . . . . . . 87<\/p>\n<p>Oportunidad . . . . . . . . . . . . . . . . . . . . . . . . . . . . . . . . . . . . . . . . . . . . . 88<\/p>\n<p>Tramitaci\u00f3n de esta solicitud que formula una de las partes . . . . . . . . . 88<\/p>\n<p>Valor probatorio . . . . . . . . . . . . . . . . . . . . . . . . . . . . . . . . . . . . . . . . . . 89<\/p>\n<p>Pr\u00e1ctica Forense . . . . . . . . . . . . . . . . . 90<\/p>\n<p>N\u00ba \u00danico. Inspecci\u00f3n Personal . . . . . . . . . . . . . . . . . . . . . . . . . . . . . . . 90<\/p>\n<p>Inspecci\u00f3n personal del tribunal<\/p>\n<ol start=\"5\">\n<li>INFORME DE PERITOS . . . . . . . . . . . . . . 91<\/li>\n<\/ol>\n<p>Reglamentaci\u00f3n . . . . . . . . . . . . . . . . . . . . . . . . . . . . . . . . . . . . . . . . . . . 91<\/p>\n<p>Concepto . . . . . . . . . . . . . . . . . . . . . . . . . . . . . . . . . . . . . . . . . . . . . . . . 91<\/p>\n<p>Caracter\u00edsticas . . . . . . . . . . . . . . . . . . . . . . . . . . . . . . . . . . . . . . . . . . . . 91<\/p>\n<p>Paralelo entre el perito y el testigo . . . . . . . . . . . . . . . . . . . . . . . . . . . . . 91<\/p>\n<p>Clasificaci\u00f3n . . . . . . . . . . . . . . . . . . . . . . . . . . . . . . . . . . . . . . . . . . . . . 92<\/p>\n<p>Oportunidad . . . . . . . . . . . . . . . . . . . . . . . . . . . . . . . . . . . . . . . . . . . . . 93<\/p>\n<p>Requisitos para ser peritos . . . . . . . . . . . . . . . . . . . . . . . . . . . . . . . . . . 93<\/p>\n<p>Procedimiento para designar perito . . . . . . . . . . . . . . . . . . . . . . . . . . . . 93<\/p>\n<p>Etapas del peritaje . . . . . . . . . . . . . . . . . . . . . . . . . . . . . . . . . . . . . . . . . 95<\/p>\n<p>Valor probatorio . . . . . . . . . . . . . . . . . . . . . . . . . . . . . . . . . . . . . . . . . . 96<\/p>\n<p>Pr\u00e1ctica Forense . . . . . . . . . . . . . . . . . 97<\/p>\n<p>N\u00ba 1. Peritos. Designaci\u00f3n . . . . . . . . . . . . . . . . . . . . . . . . . . . . . . . . . . 97<\/p>\n<p>Designaci\u00f3n de peritos<\/p>\n<p>N\u00ba 2. Peritos. Designaci\u00f3n adjunto . . . . . . . . . . . . . . . . . . . . . . . . . . . 98<\/p>\n<p>Designaci\u00f3n de perito adjunto<\/p>\n<p>N\u00ba 3. Peritos. Informe. . . . . . . . . . . . . . . . . . . . . . . . . . . . . . . . . . . . . 99<\/p>\n<ol start=\"6\">\n<li>PRESUNCIONES . . . . . . . . . . . . . . . . . 101<\/li>\n<\/ol>\n<p>Reglamentaci\u00f3n . . . . . . . . . . . . . . . . . . . . . . . . . . . . . . . . . . . . . . . . . . . 101<\/p>\n<p>Concepto . . . . . . . . . . . . . . . . . . . . . . . . . . . . . . . . . . . . . . . . . . . . . . . . 101<\/p>\n<p>Caracter\u00edsticas . . . . . . . . . . . . . . . . . . . . . . . . . . . . . . . . . . . . . . . . . . . . 101<\/p>\n<p>Elementos de las presunciones . . . . . . . . . . . . . . . . . . . . . . . . . . . . . . . . 101<\/p>\n<p>Clasificaci\u00f3n . . . . . . . . . . . . . . . . . . . . . . . . . . . . . . . . . . . . . . . . . . . . . 101<\/p>\n<p>\u00c1mbito aplicaci\u00f3n de las presunciones judiciales . . . . . . . . . . . . . . . . . . 102<\/p>\n<p>Condiciones que deben reunir para constituir prueba . . . . . . . . . . . . . . 102<\/p>\n<p>Cap\u00edtulo III<\/p>\n<p>APRECIACI\u00d3N COMPARATIVA<\/p>\n<p>DE LOS MEDIOS DE PRUEBA . . . . . . . . . . . 105<\/p>\n","protected":false},"excerpt":{"rendered":"<p>Este es un texto que incluye en su primera parte las normas del Derecho Procesal Civil, y despu\u00e9s incluye el respectivo escrito al tema en cuesti\u00f3n, que obviamente son los principales, para tenerlos de base una vez que la causa haya sido recibida a prueba. Est\u00e1 debidamente concordad con el C\u00f3digo Civil, C\u00f3digo de Procedimiento Civil y en especial con las leyes complementarias que regulan los medios de prueba, lo cual sin duda ayudar\u00e1 a los abogados en la consulta del juicio y en la elaboraci\u00f3n de sus escritos en la etapa de prueba, por ello este texto re\u00fane las materias para tener la visi\u00f3n global de la misma. &nbsp; INDICE Introito . . . . . . . . . . . . . . . . . . . . . . . . . . . . . . . . . . . . . . . . . . . . . . . . . 7 Cap\u00edtulo I LA PRUEBA . . . . . . . . . . . . . . . . . . . 9 Generalidades . . . . . . . . . . . . . . . . . . . . . . . . . . . . . . . . . . . . . . . . . . . . 9 Elementos de la prueba . . . . . . . . . . . . . . . . . . . . . . . . . . . . . . . . . . . . . 9 Acepciones del vocablo prueba . . . . . . . . . . . . . . . . . . . . . . . . . . . . . . . 10 Concepto . . . . . . . . . . . . . . . . . . . . . . . . . . . . . . . . . . . . . . . . . . . . . . . . 10 Finalidad . . . . . . . . . . . . . . . . . . . . . . . . . . . . . . . . . . . . . . . . . . . . . . . . 10 \u00bfA qui\u00e9n le incumbe probar? . . . . . . . . . . . . . . . . . . . . . . . . . . . . . . . . . 11 Excepciones . . . . . . . . . . . . . . . . . . . . . . . . . . . . . . . . . . . . . . . . . . . . . . 12 Clasificaciones . . . . . . . . . . . . . . . . . . . . . . . . . . . . . . . . . . . . . . . . . . . . 12 Sistemas probatorios . . . . . . . . . . . . . . . . . . . . . . . . . . . . . . . . . . . . . . . 12 Cap\u00edtulo II MEDIOS DE PRUEBA EN PARTICULAR . . . . . . . 13 PRUEBA INSTRUMENTAL . . . . . . . . . . . . 13 Reglamentaci\u00f3n . . . . . . . . . . . . . . . . . . . . . . . . . . . . . . . . . . . . . . . . . . . 13 Prueba documental . . . . . . . . . . . . . . . . . . . . . . . . . . . . . . . . . . . . . . . . 14 Concepto de instrumento . . . . . . . . . . . . . . . . . . . . . . . . . . . . . . . . . . . 14 Caracter\u00edsticas . . . . . . . . . . . . . . . . . . . . . . . . . . . . . . . . . . . . . . . . . . . . 14 Clasificaciones . . . . . . . . . . . . . . . . . . . . . . . . . . . . . . . . . . . . . . . . . . . . 14 Instrumentos p\u00fablicos . . . . . . . . . . . . . . . . . . . . . . . . . . . . . . . . . . . . . . 15 Concepto . . . . . . . . . . . . . . . . . . . . . . . . . . . . . . . . . . . . . . . . . . . . . . . . 15 Elementos . . . . . . . . . . . . . . . . . . . . . . . . . . . . . . . . . . . . . . . . . . . . . . . 15 Especies de instrumentos p\u00fablicos . . . . . . . . . . . . . . . . . . . . .<\/p>\n","protected":false},"featured_media":3020,"comment_status":"open","ping_status":"closed","template":"","meta":{"inline_featured_image":false,"_joinchat":[]},"product_brand":[],"product_cat":[27,40],"product_tag":[],"class_list":{"0":"post-2990","1":"product","2":"type-product","3":"status-publish","4":"has-post-thumbnail","6":"product_cat-civil","7":"product_cat-ediciones-juridica-de-santiago","8":"product_shipping_class-a-convenir","10":"first","11":"instock","12":"shipping-taxable","13":"purchasable","14":"product-type-simple"},"_links":{"self":[{"href":"https:\/\/bibliotecajuridicavirtual.cl\/index.php\/wp-json\/wp\/v2\/product\/2990","targetHints":{"allow":["GET"]}}],"collection":[{"href":"https:\/\/bibliotecajuridicavirtual.cl\/index.php\/wp-json\/wp\/v2\/product"}],"about":[{"href":"https:\/\/bibliotecajuridicavirtual.cl\/index.php\/wp-json\/wp\/v2\/types\/product"}],"replies":[{"embeddable":true,"href":"https:\/\/bibliotecajuridicavirtual.cl\/index.php\/wp-json\/wp\/v2\/comments?post=2990"}],"wp:featuredmedia":[{"embeddable":true,"href":"https:\/\/bibliotecajuridicavirtual.cl\/index.php\/wp-json\/wp\/v2\/media\/3020"}],"wp:attachment":[{"href":"https:\/\/bibliotecajuridicavirtual.cl\/index.php\/wp-json\/wp\/v2\/media?parent=2990"}],"wp:term":[{"taxonomy":"product_brand","embeddable":true,"href":"https:\/\/bibliotecajuridicavirtual.cl\/index.php\/wp-json\/wp\/v2\/product_brand?post=2990"},{"taxonomy":"product_cat","embeddable":true,"href":"https:\/\/bibliotecajuridicavirtual.cl\/index.php\/wp-json\/wp\/v2\/product_cat?post=2990"},{"taxonomy":"product_tag","embeddable":true,"href":"https:\/\/bibliotecajuridicavirtual.cl\/index.php\/wp-json\/wp\/v2\/product_tag?post=2990"}],"curies":[{"name":"wp","href":"https:\/\/api.w.org\/{rel}","templated":true}]}}