{"id":2992,"date":"2026-02-28T01:07:57","date_gmt":"2026-02-28T04:07:57","guid":{"rendered":"https:\/\/bibliotecajuridicavirtual.cl\/?post_type=product&#038;p=2992"},"modified":"2026-02-28T01:08:18","modified_gmt":"2026-02-28T04:08:18","slug":"personas-sujetos-de-derecho-explicaciones-y-formularios-ano-2023-autor-eric-chavez-chavez","status":"publish","type":"product","link":"https:\/\/bibliotecajuridicavirtual.cl\/index.php\/product\/personas-sujetos-de-derecho-explicaciones-y-formularios-ano-2023-autor-eric-chavez-chavez\/","title":{"rendered":"Personas &#8211; Sujetos de  Derecho &#8211; Explicaciones y Formularios. A\u00f1o 2023. Autor Eric Ch\u00e1vez Ch\u00e1vez"},"content":{"rendered":"<p style=\"font-weight: 400;\">\u201cPersonas. Pr\u00e1ctica Forense\u201d, es un texto que est\u00e1 compuesto de dos partes, una org\u00e1nica y la pr\u00e1ctica forense, que contiene las demandas, solicitudes y escritos m\u00e1s comunes de mera tramitaci\u00f3n.<\/p>\n<p style=\"font-weight: 400;\">Los temas tratados en este texto son principalmente Personas Naturales y Jur\u00eddicas, dichas materias est\u00e1n debidamente actualizadas con las \u00faltimas modificaciones al C\u00f3digo Civil, en la materia indicada.<\/p>\n<p style=\"font-weight: 400;\">Lo cual sin duda ayudar\u00e1 a los abogados en la realizaci\u00f3n de la escritura o en la elaboraci\u00f3n de la demanda o solicitud, seg\u00fan corresponda.<\/p>\n<p style=\"font-weight: 400;\">Por ello Tofulex Ediciones Jur\u00eddicas, cree que ser\u00e1 de gran utilidad este texto en su 5\u00aa Edici\u00f3n 2023, del abogado Eric Andr\u00e9s Ch\u00e1vez Ch\u00e1vez, en el formato Pr\u00e1ctica Forense.<\/p>\n<p>&nbsp;<\/p>\n","protected":false},"excerpt":{"rendered":"<p>\u201cPersonas. Pr\u00e1ctica Forense\u201d, es un texto que est\u00e1 compuesto de dos partes, una org\u00e1nica y la pr\u00e1ctica forense, que contiene las demandas, solicitudes y escritos m\u00e1s comunes de mera tramitaci\u00f3n. Los temas tratados en este texto son principalmente Personas Naturales y Jur\u00eddicas, dichas materias est\u00e1n debidamente actualizadas con las \u00faltimas modificaciones al C\u00f3digo Civil, en la materia indicada. Lo cual sin duda ayudar\u00e1 a los abogados en la realizaci\u00f3n de la escritura o en la elaboraci\u00f3n de la demanda o solicitud, seg\u00fan corresponda. Por ello Tofulex Ediciones Jur\u00eddicas, cree que ser\u00e1 de gran utilidad este texto en su 5\u00aa Edici\u00f3n 2023, del abogado Eric Andr\u00e9s Ch\u00e1vez Ch\u00e1vez, en el formato Pr\u00e1ctica Forense. &nbsp;<\/p>\n","protected":false},"featured_media":3022,"comment_status":"open","ping_status":"closed","template":"","meta":{"inline_featured_image":false,"_joinchat":[]},"product_brand":[],"product_cat":[27,59],"product_tag":[],"class_list":{"0":"post-2992","1":"product","2":"type-product","3":"status-publish","4":"has-post-thumbnail","6":"product_cat-civil","7":"product_cat-editorial-tofulex-ediciones-juridicas","8":"product_shipping_class-a-convenir","10":"first","11":"instock","12":"shipping-taxable","13":"purchasable","14":"product-type-simple"},"_links":{"self":[{"href":"https:\/\/bibliotecajuridicavirtual.cl\/index.php\/wp-json\/wp\/v2\/product\/2992","targetHints":{"allow":["GET"]}}],"collection":[{"href":"https:\/\/bibliotecajuridicavirtual.cl\/index.php\/wp-json\/wp\/v2\/product"}],"about":[{"href":"https:\/\/bibliotecajuridicavirtual.cl\/index.php\/wp-json\/wp\/v2\/types\/product"}],"replies":[{"embeddable":true,"href":"https:\/\/bibliotecajuridicavirtual.cl\/index.php\/wp-json\/wp\/v2\/comments?post=2992"}],"wp:featuredmedia":[{"embeddable":true,"href":"https:\/\/bibliotecajuridicavirtual.cl\/index.php\/wp-json\/wp\/v2\/media\/3022"}],"wp:attachment":[{"href":"https:\/\/bibliotecajuridicavirtual.cl\/index.php\/wp-json\/wp\/v2\/media?parent=2992"}],"wp:term":[{"taxonomy":"product_brand","embeddable":true,"href":"https:\/\/bibliotecajuridicavirtual.cl\/index.php\/wp-json\/wp\/v2\/product_brand?post=2992"},{"taxonomy":"product_cat","embeddable":true,"href":"https:\/\/bibliotecajuridicavirtual.cl\/index.php\/wp-json\/wp\/v2\/product_cat?post=2992"},{"taxonomy":"product_tag","embeddable":true,"href":"https:\/\/bibliotecajuridicavirtual.cl\/index.php\/wp-json\/wp\/v2\/product_tag?post=2992"}],"curies":[{"name":"wp","href":"https:\/\/api.w.org\/{rel}","templated":true}]}}