{"id":2993,"date":"2026-02-28T01:07:57","date_gmt":"2026-02-28T04:07:57","guid":{"rendered":"https:\/\/bibliotecajuridicavirtual.cl\/?post_type=product&#038;p=2993"},"modified":"2026-02-28T01:08:21","modified_gmt":"2026-02-28T04:08:21","slug":"un-derecho-penal-centrado-en-la-persona-libro-homenaje-al-profesor-luis-rodriguez-collao-ii-tomos-ano-noviembre-2023-autor-guillermo-oliver-calderon-laura-mayer-lux-y-jaime-vera-vega","status":"publish","type":"product","link":"https:\/\/bibliotecajuridicavirtual.cl\/index.php\/product\/un-derecho-penal-centrado-en-la-persona-libro-homenaje-al-profesor-luis-rodriguez-collao-ii-tomos-ano-noviembre-2023-autor-guillermo-oliver-calderon-laura-mayer-lux-y-jaime-vera-vega\/","title":{"rendered":"Un Derecho Penal Centrado en la Persona &#8211; Libro Homenaje al Profesor Luis Rodr\u00edguez Collao &#8211; II Tomos. A\u00f1o Noviembre 2023. Autor Guillermo Oliver Calder\u00f3n, Laura Mayer Lux  y Jaime Vera Vega"},"content":{"rendered":"<p style=\"font-weight: 400;\">Este libro constituye un merecido reconocimiento a la producci\u00f3n cient\u00edfica y a la trayectoria acad\u00e9mica del Dr. Luis Rodr\u00edguez Collao, profesor em\u00e9rito de Derecho Penal de la Pontificia Universidad Cat\u00f3lica de Valpara\u00edso. El gran n\u00famero de autores nacionales y extranjeros (ochenta y cinco) que aceptaron la invitaci\u00f3n a participar de este homenaje demuestra el respeto y el aprecio que el profesor Rodr\u00edguez Collao concita entre quienes lo conocen y oblig\u00f3 a que los muchos trabajos recibidos (setenta) tuvieran que ser publicados en dos tomos.<\/p>\n<p style=\"font-weight: 400;\">La obra fue desarrollada bajo la coordinaci\u00f3n de los disc\u00edpulos y amigos del homenajeado, los profesores Dr. Guillermo Oliver Calder\u00f3n, Dra. Laura Mayer Lux y Dr. Jaime Vera Vega, y re\u00fane estudios que abordan temas vinculados con los fundamentos del sistema penal, la criminolog\u00eda, la pol\u00edtica criminal, las partes general y especial del Derecho Penal, el Derecho Penal extranjero y comparado, la ejecuci\u00f3n penal, la responsabilidad penal juvenil y el Derecho Procesal Penal, todos ellos de gran calidad.<\/p>\n<p style=\"font-weight: 400;\">De esta manera, la obra no s\u00f3lo rinde un justo homenaje a la figura del profesor Rodr\u00edguez Collao, sino que, adem\u00e1s, constituye un evidente aporte al desarrollo de las ciencias penales, una herramienta de apoyo para la academia y un texto de consulta para quienes se desempe\u00f1an como operadores del sistema procesal penal, principalmente, jueces, fiscales, querellantes y defensores.<\/p>\n<p><b><strong>TOMO I<\/strong><\/b><\/p>\n<p>I. FUNDAMENTOS DEL SISTEMA PENAL<\/p>\n<p style=\"font-weight: 400;\"><em>\u2013 Necesidad de una dogm\u00e1tica pensada para ser aplicada en el proceso penal<\/em><br \/>\nMirentxu Corcoy Bidasolo<\/p>\n<p style=\"font-weight: 400;\"><em>\u2013 De los sistemas visibles y el sistema invisible del delito<\/em><br \/>\nJos\u00e9 Luis Guzm\u00e1n Dalbora<\/p>\n<p style=\"font-weight: 400;\"><em>\u2013 Suerte y necesidad en la teor\u00eda penal de la imputaci\u00f3n<\/em><br \/>\nUrs Kindh\u00e4user<\/p>\n<p style=\"font-weight: 400;\"><em>\u2013 Presupuestos de la perspectiva de g\u00e9nero en el Derecho penal<\/em><br \/>\nMar\u00eda Soledad Krause Mu\u00f1oz<\/p>\n<p style=\"font-weight: 400;\"><em>\u2013 Garant\u00edas aplicables al contribuyente cuando el Servicio de Impuestos Internos persigue solo la sanci\u00f3n pecuniaria en el caso de los delitos tributarios<\/em><br \/>\nMar\u00eda Pilar Navarro Schiappacasse<\/p>\n<p style=\"font-weight: 400;\"><em>\u2013 Normatividad y facticidad en la lesi\u00f3n del derecho. Una aproximaci\u00f3n desde el derecho penal<\/em><br \/>\nIv\u00e1n Navas Mondaca<\/p>\n<p style=\"font-weight: 400;\"><em>\u2013 Dignidad humana y Derecho penal. Algunas reflexiones en torno a la pena y al concepto de bien jur\u00eddico<\/em><br \/>\nAndrea Pinto Bustos<\/p>\n<p style=\"font-weight: 400;\"><em>\u2013 Derecho penal y Derecho administrativo: esencias, accidentes y funciones<\/em><br \/>\nJuan Ignacio Pi\u00f1a Rochefort<\/p>\n<p style=\"font-weight: 400;\"><em>\u2013 Un necesario puente entre legalidad y culpabilidad al individualizar la pena<\/em><br \/>\nTatiana Vargas Pinto<\/p>\n<p style=\"font-weight: 400;\"><em>\u2013 La noci\u00f3n de dignidad humana y su incidencia en el sistema penal<\/em><br \/>\nGuillermo Yacobucci<\/p>\n<p><b><strong>II. CRIMINOLOG\u00cdA Y POL\u00cdTICA CRIMINAL<\/strong><\/b><\/p>\n<p style=\"font-weight: 400;\"><em>\u2013 La protecci\u00f3n de datos personales en una etapa preliminar al proceso penal frente a la utilizaci\u00f3n de inteligencia artificial<\/em><br \/>\nAlan Bronfman Vargas y Valeska Fuentealba Sep\u00falveda<\/p>\n<p style=\"font-weight: 400;\"><em>\u2013 El Joker y el desmantelamiento del Estado social<\/em><br \/>\nSilvio Cuneo Nash<\/p>\n<p style=\"font-weight: 400;\"><em>\u2013 La \u201cLey Tamara\u201d: un an\u00e1lisis pol\u00edtico-criminal<\/em><br \/>\nJos\u00e9 \u00c1ngel Fern\u00e1ndez Cruz<\/p>\n<p style=\"font-weight: 400;\"><em>\u2013 Una mirada desde los derechos humanos como estrategia indirecta para empoderar a la sociedad e implicarla en la lucha contra la corrupci\u00f3n<\/em><br \/>\nMar\u00eda Jos\u00e9 Rodr\u00edguez Puerta<\/p>\n<p style=\"font-weight: 400;\"><em>\u2013 Panorama de la retractaci\u00f3n y el desistimiento de la v\u00edctima de violencia sexual e intrafamiliar<\/em><br \/>\nJavier Vel\u00e1squez Valenzuela, Natalia Cabrera Morales y Maurizio Sovino Mel\u00e9ndez<\/p>\n<p><b><strong>III. PARTE GENERAL DEL DERECHO PENAL<\/strong><\/b><\/p>\n<p style=\"font-weight: 400;\"><em>\u2013 Irreprochable conducta anterior en el caso de migrantes en condici\u00f3n irregular<\/em><br \/>\nAgustina Alvarado Ur\u00edzar y Pablo Salas Donoso<\/p>\n<p style=\"font-weight: 400;\"><em>\u2013 El error de prohibici\u00f3n en Chile. Una historia convulsa<\/em><br \/>\nFelipe de la Fuente Hulaud<\/p>\n<p style=\"font-weight: 400;\"><em>\u2013 La circunstancia atenuante del art\u00edculo 11 No 6 del C\u00f3digo Penal. \u00bfDebe suprimirse o mantenerse?<\/em><br \/>\nCarlos K\u00fcnsem\u00fcller Loebenfelder<\/p>\n<p style=\"font-weight: 400;\"><em>\u2013 El tratamiento de la descripci\u00f3n legal de la conducta incriminada y la propuesta de nueva Constituci\u00f3n para Chile de 2022<\/em><br \/>\nFrancisco Maldonado Fuentes<\/p>\n<p style=\"font-weight: 400;\"><em>\u2013 Irretroactividad y prescripci\u00f3n de la acci\u00f3n penal: a prop\u00f3sito de las \u00faltimas modificaciones legales en materia de delitos sexuales contra menores de edad y de delitos contra la funci\u00f3n p\u00fablica<\/em><br \/>\nGuillermo Oliver Calder\u00f3n<\/p>\n<p style=\"font-weight: 400;\"><em>\u2013 La garant\u00eda de legalidad<\/em><br \/>\nMar\u00eda Magdalena Ossand\u00f3n Widow<\/p>\n<p style=\"font-weight: 400;\"><em>\u2013 La circunstancia mixta de parentesco en el C\u00f3digo Penal chileno<\/em><br \/>\nNicol\u00e1s Oxman Vilches e Ignacio Ackermann Hormaz\u00e1bal<\/p>\n<p style=\"font-weight: 400;\"><em>\u2013 Aproximaci\u00f3n a la responsabilidad estricta en el Derecho penal chileno: una reinterpretaci\u00f3n del art. 71 en relaci\u00f3n con el art. 10 No 8 del C\u00f3digo Penal chileno<\/em><br \/>\nClaudio Quintana Rom\u00e1n y Luis Emilio Rojas Aguirre<\/p>\n<p style=\"font-weight: 400;\"><em>\u2013 La inminencia de la agresi\u00f3n del marido, la leg\u00edtima defensa de la mujer y el miedo insuperable<\/em><br \/>\nRoc\u00edo S\u00e1nchez P\u00e9rez, Juan Pablo Castillo Morales y Marcela Aedo Rivera<\/p>\n<p><b><strong>IV. PARTE ESPECIAL DEL DERECHO PENAL. DELITOS SEXUALES<\/strong><\/b><\/p>\n<p style=\"font-weight: 400;\"><em>\u2013 Consideraciones cr\u00edticas en torno a la tipificaci\u00f3n de la obtenci\u00f3n de servicios sexuales mediante dinero u otras prestaciones en el C\u00f3digo Penal chileno<\/em><br \/>\nGonzalo Agliati V\u00e1squez<\/p>\n<p style=\"font-weight: 400;\"><em>\u2013 Los medios comisivos en el Derecho penal sexual chileno. Una esquematizaci\u00f3n de los engranajes regulativos del sistema<\/em><br \/>\nJuan Pablo Cox Leixelard<\/p>\n<p style=\"font-weight: 400;\"><em>\u2013 Aproximaci\u00f3n a los fundamentos del sistema de los delitos sexuales en el proyecto de nueva Constituci\u00f3n<\/em><br \/>\nMario Dur\u00e1n Migliardi<\/p>\n<p style=\"font-weight: 400;\"><em>\u2013 \u00bfIrrelevancia t\u00edpica de la introducci\u00f3n de partes de un cuerpo humano a t\u00edtulo de abuso sexual calificado?<\/em><br \/>\nJuan Pablo Ma\u00f1alich Raffo<\/p>\n<p style=\"font-weight: 400;\"><em>\u2013 El concepto de prostituci\u00f3n en el ordenamiento jur\u00eddico-penal chileno<\/em><br \/>\nLaura Mayer Lux<\/p>\n<p style=\"font-weight: 400;\"><em>\u2013 An\u00e1lisis cr\u00edtico a la regulaci\u00f3n del delito de abuso sexual<\/em><br \/>\nKarina Saavedra Lyng<\/p>\n<p style=\"font-weight: 400;\"><em>\u2013 Sobre el delito frustrado de violaci\u00f3n<\/em><br \/>\nMar\u00eda Elena Santib\u00e1\u00f1ez Torres y Jos\u00e9 Tom\u00e1s Humud Respaldiza<\/p>\n<p style=\"font-weight: 400;\"><em>\u2013 \u00bfEs el tipo penal del art. 366 qu\u00e1ter un delito de corrupci\u00f3n de menores?<\/em><br \/>\nChristian Scheechler Corona<\/p>\n<p style=\"font-weight: 400;\"><em>\u2013 Silencio de la v\u00edctima, consentimiento y violaci\u00f3n: una mirada desde la persecuci\u00f3n penal<\/em><br \/>\nCarmen Gloria Wittwer Opitz<\/p>\n<p><b><strong>TOMO II<\/strong><\/b><\/p>\n<ol>\n<li style=\"font-weight: 400;\"><b><strong> PARTE ESPECIAL DEL DERECHO PENAL. DELITOS FUNCIONARIOS<\/strong><\/b><\/li>\n<\/ol>\n<p style=\"font-weight: 400;\"><em>\u2013 Acerca del bien jur\u00eddico protegido en los delitos contra la administraci\u00f3n p\u00fablica. Referencias al delito de fraude funcionarial<\/em><br \/>\nAndr\u00e9s Benavides Schiller<\/p>\n<p style=\"font-weight: 400;\"><em>\u2013 Tortura y corrupci\u00f3n<\/em><br \/>\nClaudia C\u00e1rdenas Aravena<\/p>\n<p style=\"font-weight: 400;\"><em>\u2013 El art. 241 bis: ejemplo de ineficacia y devaluaci\u00f3n penal<\/em><br \/>\nRodrigo Cardozo Pozo y Yessenia Espinoza Castillo<\/p>\n<p style=\"font-weight: 400;\"><em>\u2013 Criterios para la valoraci\u00f3n de la conducta defraudatoria en el delito de fraude al Fisco a prop\u00f3sito del contrato de suministro<\/em><br \/>\nRa\u00fal Carnevali Rodr\u00edguez y Osvaldo Artaza Varela<\/p>\n<p style=\"font-weight: 400;\"><em>\u2013 Contenido y l\u00edmites del delito de cohecho en raz\u00f3n del cargo: un an\u00e1lisis a partir de los modelos regulatorios<\/em><br \/>\nGonzalo Garc\u00eda Palominos<\/p>\n<p style=\"font-weight: 400;\"><em>\u2013 El delito de vejaci\u00f3n injusta como l\u00edmite inferior de los agravios contra las personas infligidos por empleados p\u00fablicos<\/em><br \/>\nH\u00e9ctor Hern\u00e1ndez Basualto<\/p>\n<p style=\"font-weight: 400;\"><em>\u2013 El fraude al Fisco como delito (especial) de gesti\u00f3n desleal del patrimonio p\u00fablico<\/em><br \/>\nMar\u00eda In\u00e9s Horvitz Lennon<\/p>\n<p style=\"font-weight: 400;\"><em>\u2013 El cohecho en raz\u00f3n del cargo como delito de corrupci\u00f3n (inciso primero, art. 248 del C\u00f3digo Penal). Aproximaci\u00f3n cr\u00edtica a los problemas de su realizaci\u00f3n y una propuesta de criterios interpretativos<\/em><br \/>\nJorge Toro Mu\u00f1oz<\/p>\n<p><b><strong>VI. PARTE ESPECIAL DEL DERECHO PENAL. OTROS DELITOS<\/strong><\/b><\/p>\n<p style=\"font-weight: 400;\"><em>\u2013 Hacia un modelo disyuntivo de robo: entre Luis Rodr\u00edguez Collao y Antonio Bascu\u00f1\u00e1n Rodr\u00edguez<\/em><br \/>\nJos\u00e9 Manuel Fern\u00e1ndez Ruiz<\/p>\n<p style=\"font-weight: 400;\"><em>\u2013 Los delitos pesqueros en la Ley General de Pesca y Acuicultura<\/em><br \/>\nJessica Fuentes Olmos<\/p>\n<p style=\"font-weight: 400;\"><em>\u2013 Consideraciones sobre el significado y alcance del vocablo \u201cmujer\u201d en el delito de femicidio<\/em><br \/>\nFabiola Girao Monteconrado<\/p>\n<p style=\"font-weight: 400;\"><em>\u2013 Sobre la imputaci\u00f3n a t\u00edtulo de dolo en el femicidio<\/em><br \/>\nDiego Gonz\u00e1lez Lillo<\/p>\n<p style=\"font-weight: 400;\"><em>\u2013 Atipicidad de la falsificaci\u00f3n de los permisos de desplazamiento<\/em><br \/>\nFabi\u00e1n Jacquin Stallocca<\/p>\n<p style=\"font-weight: 400;\"><em>\u2013 Las circunstancias de g\u00e9nero del inciso segundo del art\u00edculo 390 ter como indicadores probatorios<\/em><br \/>\nConsuelo Murillo Avalos y Juan Sebasti\u00e1n Vera S\u00e1nchez<\/p>\n<p style=\"font-weight: 400;\"><em>\u2013 Los delitos contra el orden p\u00fablico en la Ley de Seguridad del Estado<\/em><br \/>\nMiguel Schurmann Opazo<\/p>\n<p style=\"font-weight: 400;\"><em>\u2013 La cooperaci\u00f3n eficaz en la nueva Ley sobre delitos inform\u00e1ticos<\/em><br \/>\nJaime Vera Vega<\/p>\n<p style=\"font-weight: 400;\"><em>\u2013 De la seguridad interior del Estado al orden constitucional. Reflexiones para abrir la discusi\u00f3n en Chile<\/em><br \/>\nMyrna Villegas D\u00edaz<\/p>\n<p style=\"font-weight: 400;\"><em>\u2013 El delito formal de contaminaci\u00f3n<\/em><br \/>\nAlex van Weezel<\/p>\n<p style=\"font-weight: 400;\"><b><strong>VII. DERECHO PENAL EXTRANJERO Y COMPARADO<\/strong><\/b><\/p>\n<p style=\"font-weight: 400;\"><em>\u2013 Solo s\u00ed es s\u00ed. El largo trayecto de la reforma del delito de violaci\u00f3n en Europa<\/em><br \/>\nEmanuele Corn<\/p>\n<p style=\"font-weight: 400;\"><em>\u2013 El fundamento de la renuncia a la persecuci\u00f3n penal por un pago posterior al Fisco en los delitos aduaneros<\/em><br \/>\nPercy Garc\u00eda Cavero<\/p>\n<p style=\"font-weight: 400;\"><em>\u2013 La persona jur\u00eddica y los casos de corrupci\u00f3n<\/em><br \/>\nMar\u00eda Juliana M\u00e1rquez y Mario Hern\u00e1n Laporta<\/p>\n<p style=\"font-weight: 400;\"><em>\u2013 La necesaria reforma del delito de prevaricaci\u00f3n administrativa en el C\u00f3digo Penal espa\u00f1ol<\/em><br \/>\nRafael Rebollo Vargas y Jordi Casas Hervilla<\/p>\n<p style=\"font-weight: 400;\"><em>\u2013 Protecci\u00f3n (escalonada) de bienes jur\u00eddicos y tutela penal en el delito de cohecho<\/em><br \/>\nLuis Miguel Reyna Alfaro<\/p>\n<p style=\"font-weight: 400;\"><em>\u2013 El C\u00f3digo Penal del Estado de la Ciudad del Vaticano<\/em><br \/>\nCarlos Salinas Araneda<\/p>\n<p style=\"font-weight: 400;\"><em>\u2013 \u00bfSociedades comerciales prevaricadoras? Un nuevo horizonte para los delitos especiales de funcionarios p\u00fablicos<\/em><br \/>\nJes\u00fas-Mar\u00eda Silva S\u00e1nchez<\/p>\n<p><b><strong>VIII. PENAS, EJECUCI\u00d3N PENAL Y RESPONSABILIDAD PENAL JUVENIL<\/strong><\/b><\/p>\n<p style=\"font-weight: 400;\"><em>\u2013 Comisiones Interinstitucionales de Supervisi\u00f3n de los centros cerrados juveniles en Chile: An\u00e1lisis cr\u00edtico a la luz del Derecho internacional de los derechos humanos y la doctrina<\/em><br \/>\n\u00c1lvaro Castro Morales<\/p>\n<p style=\"font-weight: 400;\"><em>\u2013 An\u00e1lisis econ\u00f3mico del Derecho penal: Reflexiones sobre el fin de las penas, las penas pecuniarias y privativas de libertad<\/em><br \/>\nXimena Marcazzolo Awad y Jaime Viveros Garay<\/p>\n<p style=\"font-weight: 400;\"><em>\u2013 Algunas reflexiones para la justificaci\u00f3n de un modelo de penas sustitutivas de la pena privativa de libertad<\/em><br \/>\nJuan Francisco Rivera Castro<\/p>\n<p style=\"font-weight: 400;\"><em>\u2013 La pena de muerte seg\u00fan Fichte<\/em><br \/>\nEnzo Solari Alliende<\/p>\n<p><b><strong>IX. DERECHO PROCESAL PENAL<\/strong><\/b><\/p>\n<p style=\"font-weight: 400;\"><em>\u2013 La determinaci\u00f3n judicial de la pena en la sentencia de reemplazo por la recalificaci\u00f3n del t\u00edtulo de castigo, del iter criminis o de la intervenci\u00f3n del acusado: un \u00e1mbito incierto en la praxis judicial<\/em><br \/>\nLuciano Cisternas Velis<\/p>\n<p style=\"font-weight: 400;\"><em>\u2013 La olvidada internaci\u00f3n para la observaci\u00f3n<\/em><br \/>\nDiego Falcone Salas<\/p>\n<p style=\"font-weight: 400;\"><em>\u2013 \u00bfPuede el juez imponer una pena superior a la solicitada por el fiscal? El margen de discrecionalidad de los jueces en la determinaci\u00f3n concreta de la pena<\/em><br \/>\nRodrigo Andr\u00e9s Guerra Espinosa<\/p>\n<p style=\"font-weight: 400;\"><em>\u2013<\/em><em>\u00a0El derecho humano a no ser juzgado o condenado dos veces<\/em><br \/>\nHern\u00e1n Hormaz\u00e1bal Malar\u00e9e<\/p>\n<p style=\"font-weight: 400;\"><em>\u2013 Controversias en materia de oferta de prueba y discusiones en audiencia de preparaci\u00f3n del juicio oral<\/em><br \/>\nClaudia Perivancich Hoyuelos<\/p>\n<p style=\"font-weight: 400;\"><em>\u2013 Reflexiones sobre la valoraci\u00f3n de la prueba en el proceso penal<\/em><br \/>\nMauricio Rettig Espinoza<\/p>\n<p style=\"font-weight: 400;\"><em>\u2013 Prisi\u00f3n preventiva, pena y presunci\u00f3n de inocencia<\/em><br \/>\nJaime Salas Astrain<\/p>\n<p><b><strong>X. EP\u00cdLOGO<\/strong><\/b><\/p>\n<p style=\"font-weight: 400;\"><em>\u2013 Luis Rodr\u00edguez Collao y la formaci\u00f3n de la Escuela de Derecho penal de la Pontificia Universidad Cat\u00f3lica de Valpara\u00edso<\/em><br \/>\nJean Pierre Matus Acu\u00f1a<\/p>\n<p style=\"font-weight: 400;\">Obras del profesor Luis Rodr\u00edguez Collao<\/p>\n","protected":false},"excerpt":{"rendered":"<p>Este libro constituye un merecido reconocimiento a la producci\u00f3n cient\u00edfica y a la trayectoria acad\u00e9mica del Dr. Luis Rodr\u00edguez Collao, profesor em\u00e9rito de Derecho Penal de la Pontificia Universidad Cat\u00f3lica de Valpara\u00edso. El gran n\u00famero de autores nacionales y extranjeros (ochenta y cinco) que aceptaron la invitaci\u00f3n a participar de este homenaje demuestra el respeto y el aprecio que el profesor Rodr\u00edguez Collao concita entre quienes lo conocen y oblig\u00f3 a que los muchos trabajos recibidos (setenta) tuvieran que ser publicados en dos tomos. La obra fue desarrollada bajo la coordinaci\u00f3n de los disc\u00edpulos y amigos del homenajeado, los profesores Dr. Guillermo Oliver Calder\u00f3n, Dra. Laura Mayer Lux y Dr. Jaime Vera Vega, y re\u00fane estudios que abordan temas vinculados con los fundamentos del sistema penal, la criminolog\u00eda, la pol\u00edtica criminal, las partes general y especial del Derecho Penal, el Derecho Penal extranjero y comparado, la ejecuci\u00f3n penal, la responsabilidad penal juvenil y el Derecho Procesal Penal, todos ellos de gran calidad. De esta manera, la obra no s\u00f3lo rinde un justo homenaje a la figura del profesor Rodr\u00edguez Collao, sino que, adem\u00e1s, constituye un evidente aporte al desarrollo de las ciencias penales, una herramienta de apoyo para la academia y un texto de consulta para quienes se desempe\u00f1an como operadores del sistema procesal penal, principalmente, jueces, fiscales, querellantes y defensores. TOMO I I. FUNDAMENTOS DEL SISTEMA PENAL \u2013 Necesidad de una dogm\u00e1tica pensada para ser aplicada en el proceso penal Mirentxu Corcoy Bidasolo \u2013 De los sistemas visibles y el sistema invisible del delito Jos\u00e9 Luis Guzm\u00e1n Dalbora \u2013 Suerte y necesidad en la teor\u00eda penal de la imputaci\u00f3n Urs Kindh\u00e4user \u2013 Presupuestos de la perspectiva de g\u00e9nero en el Derecho penal Mar\u00eda Soledad Krause Mu\u00f1oz \u2013 Garant\u00edas aplicables al contribuyente cuando el Servicio de Impuestos Internos persigue solo la sanci\u00f3n pecuniaria en el caso de los delitos tributarios Mar\u00eda Pilar Navarro Schiappacasse \u2013 Normatividad y facticidad en la lesi\u00f3n del derecho. Una aproximaci\u00f3n desde el derecho penal Iv\u00e1n Navas Mondaca \u2013 Dignidad humana y Derecho penal. Algunas reflexiones en torno a la pena y al concepto de bien jur\u00eddico Andrea Pinto Bustos \u2013 Derecho penal y Derecho administrativo: esencias, accidentes y funciones Juan Ignacio Pi\u00f1a Rochefort \u2013 Un necesario puente entre legalidad y culpabilidad al individualizar la pena Tatiana Vargas Pinto \u2013 La noci\u00f3n de dignidad humana y su incidencia en el sistema penal Guillermo Yacobucci II. CRIMINOLOG\u00cdA Y POL\u00cdTICA CRIMINAL \u2013 La protecci\u00f3n de datos personales en una etapa preliminar al proceso penal frente a la utilizaci\u00f3n de inteligencia artificial Alan Bronfman Vargas y Valeska Fuentealba Sep\u00falveda \u2013 El Joker y el desmantelamiento del Estado social Silvio Cuneo Nash \u2013 La \u201cLey Tamara\u201d: un an\u00e1lisis pol\u00edtico-criminal Jos\u00e9 \u00c1ngel Fern\u00e1ndez Cruz \u2013 Una mirada desde los derechos humanos como estrategia indirecta para empoderar a la sociedad e implicarla en la lucha contra la corrupci\u00f3n Mar\u00eda Jos\u00e9 Rodr\u00edguez Puerta \u2013 Panorama de la retractaci\u00f3n y el desistimiento de la v\u00edctima de violencia sexual e intrafamiliar Javier Vel\u00e1squez Valenzuela, Natalia Cabrera Morales y Maurizio Sovino Mel\u00e9ndez III. PARTE GENERAL DEL DERECHO PENAL \u2013 Irreprochable conducta anterior en el caso de migrantes en condici\u00f3n irregular Agustina Alvarado Ur\u00edzar y Pablo Salas Donoso \u2013 El error de prohibici\u00f3n en Chile. Una historia convulsa Felipe de la Fuente Hulaud \u2013 La circunstancia atenuante del art\u00edculo 11 No 6 del C\u00f3digo Penal. \u00bfDebe suprimirse o mantenerse? Carlos K\u00fcnsem\u00fcller Loebenfelder \u2013 El tratamiento de la descripci\u00f3n legal de la conducta incriminada y la propuesta de nueva Constituci\u00f3n para Chile de 2022 Francisco Maldonado Fuentes \u2013 Irretroactividad y prescripci\u00f3n de la acci\u00f3n penal: a prop\u00f3sito de las \u00faltimas modificaciones legales en materia de delitos sexuales contra menores de edad y de delitos contra la funci\u00f3n p\u00fablica Guillermo Oliver Calder\u00f3n \u2013 La garant\u00eda de legalidad Mar\u00eda Magdalena Ossand\u00f3n Widow \u2013 La circunstancia mixta de parentesco en el C\u00f3digo Penal chileno Nicol\u00e1s Oxman Vilches e Ignacio Ackermann Hormaz\u00e1bal \u2013 Aproximaci\u00f3n a la responsabilidad estricta en el Derecho penal chileno: una reinterpretaci\u00f3n del art. 71 en relaci\u00f3n con el art. 10 No 8 del C\u00f3digo Penal chileno Claudio Quintana Rom\u00e1n y Luis Emilio Rojas Aguirre \u2013 La inminencia de la agresi\u00f3n del marido, la leg\u00edtima defensa de la mujer y el miedo insuperable Roc\u00edo S\u00e1nchez P\u00e9rez, Juan Pablo Castillo Morales y Marcela Aedo Rivera IV. PARTE ESPECIAL DEL DERECHO PENAL. DELITOS SEXUALES \u2013 Consideraciones cr\u00edticas en torno a la tipificaci\u00f3n de la obtenci\u00f3n de servicios sexuales mediante dinero u otras prestaciones en el C\u00f3digo Penal chileno Gonzalo Agliati V\u00e1squez \u2013 Los medios comisivos en el Derecho penal sexual chileno. Una esquematizaci\u00f3n de los engranajes regulativos del sistema Juan Pablo Cox Leixelard \u2013 Aproximaci\u00f3n a los fundamentos del sistema de los delitos sexuales en el proyecto de nueva Constituci\u00f3n Mario Dur\u00e1n Migliardi \u2013 \u00bfIrrelevancia t\u00edpica de la introducci\u00f3n de partes de un cuerpo humano a t\u00edtulo de abuso sexual calificado? Juan Pablo Ma\u00f1alich Raffo \u2013 El concepto de prostituci\u00f3n en el ordenamiento jur\u00eddico-penal chileno Laura Mayer Lux \u2013 An\u00e1lisis cr\u00edtico a la regulaci\u00f3n del delito de abuso sexual Karina Saavedra Lyng \u2013 Sobre el delito frustrado de violaci\u00f3n Mar\u00eda Elena Santib\u00e1\u00f1ez Torres y Jos\u00e9 Tom\u00e1s Humud Respaldiza \u2013 \u00bfEs el tipo penal del art. 366 qu\u00e1ter un delito de corrupci\u00f3n de menores? Christian Scheechler Corona \u2013 Silencio de la v\u00edctima, consentimiento y violaci\u00f3n: una mirada desde la persecuci\u00f3n penal Carmen Gloria Wittwer Opitz TOMO II PARTE ESPECIAL DEL DERECHO PENAL. DELITOS FUNCIONARIOS \u2013 Acerca del bien jur\u00eddico protegido en los delitos contra la administraci\u00f3n p\u00fablica. Referencias al delito de fraude funcionarial Andr\u00e9s Benavides Schiller \u2013 Tortura y corrupci\u00f3n Claudia C\u00e1rdenas Aravena \u2013 El art. 241 bis: ejemplo de ineficacia y devaluaci\u00f3n penal Rodrigo Cardozo Pozo y Yessenia Espinoza Castillo \u2013 Criterios para la valoraci\u00f3n de la conducta defraudatoria en el delito de fraude al Fisco a prop\u00f3sito del contrato de suministro Ra\u00fal Carnevali Rodr\u00edguez y Osvaldo Artaza Varela \u2013 Contenido y l\u00edmites del delito de cohecho en raz\u00f3n del cargo: un an\u00e1lisis a partir de los modelos regulatorios Gonzalo<\/p>\n","protected":false},"featured_media":3039,"comment_status":"open","ping_status":"closed","template":"","meta":{"inline_featured_image":false,"_joinchat":[]},"product_brand":[],"product_cat":[57,30],"product_tag":[],"class_list":{"0":"post-2993","1":"product","2":"type-product","3":"status-publish","4":"has-post-thumbnail","6":"product_cat-editorial-juridica-de-chile","7":"product_cat-penal","8":"product_shipping_class-a-convenir","10":"first","11":"instock","12":"shipping-taxable","13":"purchasable","14":"product-type-simple"},"_links":{"self":[{"href":"https:\/\/bibliotecajuridicavirtual.cl\/index.php\/wp-json\/wp\/v2\/product\/2993","targetHints":{"allow":["GET"]}}],"collection":[{"href":"https:\/\/bibliotecajuridicavirtual.cl\/index.php\/wp-json\/wp\/v2\/product"}],"about":[{"href":"https:\/\/bibliotecajuridicavirtual.cl\/index.php\/wp-json\/wp\/v2\/types\/product"}],"replies":[{"embeddable":true,"href":"https:\/\/bibliotecajuridicavirtual.cl\/index.php\/wp-json\/wp\/v2\/comments?post=2993"}],"wp:featuredmedia":[{"embeddable":true,"href":"https:\/\/bibliotecajuridicavirtual.cl\/index.php\/wp-json\/wp\/v2\/media\/3039"}],"wp:attachment":[{"href":"https:\/\/bibliotecajuridicavirtual.cl\/index.php\/wp-json\/wp\/v2\/media?parent=2993"}],"wp:term":[{"taxonomy":"product_brand","embeddable":true,"href":"https:\/\/bibliotecajuridicavirtual.cl\/index.php\/wp-json\/wp\/v2\/product_brand?post=2993"},{"taxonomy":"product_cat","embeddable":true,"href":"https:\/\/bibliotecajuridicavirtual.cl\/index.php\/wp-json\/wp\/v2\/product_cat?post=2993"},{"taxonomy":"product_tag","embeddable":true,"href":"https:\/\/bibliotecajuridicavirtual.cl\/index.php\/wp-json\/wp\/v2\/product_tag?post=2993"}],"curies":[{"name":"wp","href":"https:\/\/api.w.org\/{rel}","templated":true}]}}