{"id":2994,"date":"2026-02-28T01:07:57","date_gmt":"2026-02-28T04:07:57","guid":{"rendered":"https:\/\/bibliotecajuridicavirtual.cl\/?post_type=product&#038;p=2994"},"modified":"2026-02-28T01:08:22","modified_gmt":"2026-02-28T04:08:22","slug":"filiacion-patria-potestad-y-estado-civil-5ta-edicion-incluye-reforma-de-las-leyes-21-26421-400-y-21-515-ano-2023-autor-erick-chavez-chavez","status":"publish","type":"product","link":"https:\/\/bibliotecajuridicavirtual.cl\/index.php\/product\/filiacion-patria-potestad-y-estado-civil-5ta-edicion-incluye-reforma-de-las-leyes-21-26421-400-y-21-515-ano-2023-autor-erick-chavez-chavez\/","title":{"rendered":"Filiaci\u00f3n &#8211; Patria Potestad y Estado Civil &#8211; 5ta Edicion &#8211; Incluye reforma de las Leyes 21.264,21.400 y 21.515 A\u00f1o 2023. Autor Erick Ch\u00e1vez Ch\u00e1vez"},"content":{"rendered":"<p style=\"font-weight: 400;\">FICHA TECNICA \u201cFILIACI\u00d3N. PR\u00c1CTICA FORENSE\u201d, es un texto que esta compuesto de dos partes, una org\u00e1nica y la pr\u00e1ctica forense, que contiene las demandas, solicitudes y escritos m\u00e1s comunes de mera tramitaci\u00f3n. Las Filiaci\u00f3n, como materia de estudio del Derecho de Familia, contiene los diferentes tipos matrimonial, no matrimonial, por t\u00e9cnicas de la reproducci\u00f3n asistida y adoptiva en un sistema de estudio f\u00e1cil y pr\u00e1ctico. Lo cual sin duda ayudara a los abogados en la realizaci\u00f3n de la escritura o en la elaboraci\u00f3n de la demanda o solicitud, seg\u00fan corresponda. Por ello Ediciones Jur\u00eddicas Tofulex, cree que ser\u00e1 de gran utilidad este texto en su quinta 2023 del abogado Eric Andr\u00e9s Ch\u00e1vez Ch\u00e1vez, en el formato Pr\u00e1ctica Forense. Se hace presente que el texto incluye las modificaciones de las Leyes 21.264, 21.400 y 21.515<\/p>\n<p style=\"font-weight: 400;\">\u00cdndice<\/p>\n<p style=\"font-weight: 400;\">1\u00aa PARTE<\/p>\n<p style=\"font-weight: 400;\">FILIACI\u00d3N<\/p>\n<p style=\"font-weight: 400;\">CAP\u00cdTULO I<\/p>\n<p style=\"font-weight: 400;\">GENERALIDADES<\/p>\n<p style=\"font-weight: 400;\">CONCEPTO\u2026\u2026\u2026\u2026\u2026\u2026\u2026\u2026\u2026\u2026\u2026\u2026\u2026\u2026\u2026\u2026\u2026\u2026\u2026\u2026\u2026\u2026\u2026\u2026\u2026\u2026\u2026\u2026\u2026 5<\/p>\n<p style=\"font-weight: 400;\">PRINCIPIOS B\u00c1SICOS DE LA FILIACI\u00d3N\u2026\u2026\u2026\u2026\u2026\u2026\u2026\u2026\u2026\u2026\u2026\u2026\u2026\u2026\u2026\u2026 5<\/p>\n<p style=\"font-weight: 400;\">CARACTER\u00cdSTICAS DE LA FILIACI\u00d3N\u2026\u2026\u2026\u2026\u2026\u2026\u2026\u2026\u2026\u2026\u2026\u2026\u2026\u2026\u2026\u2026\u2026 5<\/p>\n<p style=\"font-weight: 400;\">CLASES DE FILIACI\u00d3N\u2026\u2026\u2026\u2026\u2026\u2026\u2026\u2026\u2026\u2026\u2026\u2026\u2026\u2026\u2026\u2026\u2026\u2026\u2026\u2026\u2026\u2026\u2026.. 6<\/p>\n<p style=\"font-weight: 400;\">CAP\u00cdTULO II<\/p>\n<p style=\"font-weight: 400;\">LA FILIACI\u00d3N MATRIMONIAL<\/p>\n<p style=\"font-weight: 400;\">CONCEPTO\u2026\u2026\u2026\u2026\u2026\u2026\u2026\u2026\u2026\u2026\u2026\u2026\u2026\u2026\u2026\u2026\u2026\u2026\u2026\u2026\u2026\u2026\u2026\u2026\u2026\u2026\u2026\u2026\u2026 7<\/p>\n<p style=\"font-weight: 400;\">DETERMINACI\u00d3N DE LA FILIACI\u00d3N MATRIMONIAL\u2026\u2026\u2026\u2026\u2026\u2026\u2026\u2026\u2026. 7<\/p>\n<p style=\"font-weight: 400;\">I.- FILIACI\u00d3N PROPIAMENTE TAL\u2026\u2026\u2026\u2026\u2026\u2026\u2026\u2026\u2026\u2026\u2026\u2026\u2026\u2026\u2026\u2026\u2026. 7<\/p>\n<p style=\"font-weight: 400;\">CONCEPTO\u2026\u2026\u2026\u2026\u2026\u2026\u2026\u2026\u2026\u2026\u2026\u2026\u2026\u2026\u2026\u2026\u2026\u2026\u2026\u2026\u2026\u2026\u2026\u2026\u2026\u2026\u2026\u2026\u2026 7<\/p>\n<p style=\"font-weight: 400;\">ELEMENTOS DE LA FILIACI\u00d3N MATRIMONIAL\u2026\u2026\u2026\u2026\u2026\u2026\u2026\u2026\u2026\u2026\u2026. 7<\/p>\n<p style=\"font-weight: 400;\">1.- MATRIMONIO DE LOS PROGENITORES\u2026\u2026\u2026\u2026\u2026\u2026\u2026\u2026\u2026\u2026\u2026\u2026\u2026\u2026 7<\/p>\n<p style=\"font-weight: 400;\">2.- CONCEPCI\u00d3N O NACIMIENTO DEL HIJO DENTRO DEL<\/p>\n<p style=\"font-weight: 400;\">MATRIMONIO\u2026\u2026\u2026\u2026\u2026\u2026\u2026\u2026\u2026\u2026\u2026\u2026\u2026\u2026\u2026\u2026\u2026\u2026\u2026\u2026\u2026\u2026\u2026\u2026\u2026\u2026\u2026.. 8<\/p>\n<p style=\"font-weight: 400;\">3.- MATERNIDAD DE LA C\u00d3NYUGE\u2026\u2026\u2026\u2026\u2026\u2026\u2026\u2026\u2026\u2026\u2026\u2026\u2026\u2026\u2026\u2026\u2026 8<\/p>\n<p style=\"font-weight: 400;\">4.- PATERNIDAD DEL C\u00d3NYUGE\u2026\u2026\u2026\u2026\u2026\u2026\u2026\u2026\u2026\u2026\u2026\u2026\u2026\u2026\u2026\u2026\u2026\u2026\u2026 8<\/p>\n<p style=\"font-weight: 400;\">IMPUGNACI\u00d3N DEL ESTADO DEL HIJO MATRIMONIAL\u2026\u2026\u2026\u2026\u2026\u2026\u2026 8<\/p>\n<p style=\"font-weight: 400;\">I.- IMPUGNACI\u00d3N DE LA PATERNIDAD\u2026\u2026\u2026\u2026\u2026\u2026\u2026\u2026\u2026\u2026\u2026\u2026\u2026\u2026\u2026.. 9<\/p>\n<p style=\"font-weight: 400;\">CASOS DE IMPUGNACI\u00d3N\u2026\u2026\u2026\u2026\u2026\u2026\u2026\u2026\u2026\u2026\u2026\u2026\u2026\u2026\u2026\u2026\u2026\u2026\u2026\u2026.\u2026 9<\/p>\n<p style=\"font-weight: 400;\">II.- IMPUGNACI\u00d3N DE LA MATERNIDAD\u2026\u2026\u2026\u2026\u2026\u2026\u2026\u2026\u2026\u2026\u2026\u2026\u2026\u2026\u2026 9<\/p>\n<p style=\"font-weight: 400;\">CAUSALES DE IMPUGNACI\u00d3N\u2026\u2026\u2026\u2026\u2026\u2026\u2026\u2026\u2026\u2026\u2026\u2026\u2026\u2026\u2026\u2026\u2026\u2026\u2026\u2026. 9<\/p>\n<p style=\"font-weight: 400;\">III.- TITULARES DE LA ACCI\u00d3N DE IMPUGNACI\u00d3N\u2026\u2026\u2026\u2026\u2026\u2026\u2026\u2026\u2026\u2026 9<\/p>\n<p style=\"font-weight: 400;\">IV.- PLAZO PARA IMPUGNARLA\u2026\u2026\u2026\u2026\u2026\u2026\u2026\u2026\u2026\u2026\u2026\u2026\u2026\u2026\u2026\u2026\u2026\u2026\u2026 9<\/p>\n<p style=\"font-weight: 400;\">ACCI\u00d3N DE RECLAMACI\u00d3N DEL ESTADO DE HIJO MATRIMONIAL\u2026. 10<\/p>\n<p style=\"font-weight: 400;\">I.- CONCEPTO\u2026\u2026\u2026\u2026\u2026\u2026\u2026\u2026\u2026\u2026\u2026\u2026\u2026\u2026\u2026\u2026\u2026\u2026\u2026\u2026\u2026\u2026..\u2026\u2026\u2026\u2026\u2026 10<\/p>\n<p style=\"font-weight: 400;\">II.- CARACTER\u00cdSTICAS\u2026\u2026\u2026\u2026\u2026\u2026\u2026\u2026\u2026\u2026\u2026\u2026\u2026.\u2026\u2026\u2026\u2026\u2026\u2026\u2026\u2026\u2026\u2026 10<\/p>\n<p style=\"font-weight: 400;\">III.- CONDICIONES Y MODO DE EJERCERLA\u2026\u2026\u2026\u2026\u2026\u2026\u2026\u2026\u2026\u2026.\u2026\u2026\u2026 11<\/p>\n<p style=\"font-weight: 400;\">IV.- TITULARES DE LA ACCI\u00d3N\u2026\u2026\u2026\u2026\u2026\u2026\u2026\u2026\u2026\u2026\u2026\u2026\u2026\u2026\u2026\u2026\u2026\u2026\u2026.. 11<\/p>\n<p style=\"font-weight: 400;\">V.- EFECTOS\u2026\u2026\u2026\u2026\u2026\u2026\u2026\u2026\u2026\u2026\u2026\u2026\u2026\u2026\u2026\u2026\u2026\u2026\u2026\u2026\u2026\u2026\u2026\u2026\u2026\u2026\u2026\u2026. 12<\/p>\n<p style=\"font-weight: 400;\">VI.- RESTABLECIMIENTO DE ESTOS DERECHOS\u2026\u2026\u2026\u2026\u2026\u2026\u2026\u2026\u2026\u2026\u2026. 12<\/p>\n<p style=\"font-weight: 400;\">II.- FILIACI\u00d3N MATRIMONIAL POR MATRIMONIO POSTERIOR DE<\/p>\n<p style=\"font-weight: 400;\">LOS PADRES\u2026\u2026\u2026\u2026\u2026\u2026\u2026\u2026\u2026\u2026\u2026\u2026\u2026\u2026\u2026\u2026\u2026..\u2026\u2026\u2026\u2026\u2026\u2026\u2026\u2026\u2026\u2026.. 12<\/p>\n<p style=\"font-weight: 400;\">CONCEPTO\u2026\u2026\u2026\u2026\u2026\u2026\u2026\u2026\u2026\u2026\u2026\u2026\u2026\u2026\u2026\u2026\u2026\u2026\u2026\u2026\u2026\u2026\u2026\u2026\u2026\u2026\u2026\u2026\u2026 12<\/p>\n<p style=\"font-weight: 400;\">CLASES\u2026\u2026\u2026\u2026\u2026\u2026\u2026\u2026\u2026\u2026\u2026\u2026\u2026\u2026\u2026\u2026\u2026\u2026\u2026\u2026\u2026\u2026\u2026\u2026\u2026\u2026\u2026\u2026\u2026\u2026\u2026. 13<\/p>\n<p style=\"font-weight: 400;\">REPUDIACI\u00d3N DEL RECONOCIMIENTO\u2026\u2026\u2026\u2026\u2026\u2026\u2026\u2026\u2026\u2026\u2026\u2026\u2026\u2026. 13<\/p>\n<p style=\"font-weight: 400;\">I.- CONDICIONES DE LA REPUDIACI\u00d3N\u2026\u2026\u2026\u2026\u2026\u2026\u2026\u2026\u2026..\u2026\u2026\u2026\u2026\u2026. 14<\/p>\n<p style=\"font-weight: 400;\">II.- FORMAS DE REPUDIACI\u00d3N\u2026\u2026\u2026\u2026\u2026\u2026\u2026\u2026\u2026\u2026\u2026\u2026\u2026\u2026\u2026\u2026\u2026\u2026\u2026. 14<\/p>\n<p style=\"font-weight: 400;\">III.- IRRETROACTIVIDAD DE LA REPUDIACI\u00d3N\u2026\u2026\u2026\u2026\u2026\u2026\u2026\u2026\u2026\u2026\u2026.. 14<\/p>\n<p style=\"font-weight: 400;\">CAP\u00cdTULO III<\/p>\n<p style=\"font-weight: 400;\">LA FILIACI\u00d3N NO MATRIMONIAL<\/p>\n<p style=\"font-weight: 400;\">CONCEPTO\u2026\u2026\u2026\u2026\u2026\u2026\u2026\u2026\u2026\u2026\u2026\u2026\u2026\u2026\u2026\u2026\u2026\u2026\u2026\u2026\u2026\u2026\u2026\u2026\u2026\u2026\u2026\u2026\u2026 15<\/p>\n<p style=\"font-weight: 400;\">FORMAS DE DETERMINAR LA FILIACI\u00d3N NO MATRIMONIAL\u2026\u2026\u2026\u2026\u2026 15<\/p>\n<p style=\"font-weight: 400;\">1.- VOLUNTARIO\u2026\u2026\u2026\u2026\u2026\u2026\u2026\u2026\u2026\u2026\u2026\u2026\u2026\u2026\u2026\u2026\u2026\u2026\u2026\u2026\u2026..\u2026\u2026\u2026\u2026. 16<\/p>\n<p style=\"font-weight: 400;\">I.- RECONOCIMIENTO VOLUNTARIO ESPONT\u00c1NEO\u2026\u2026\u2026\u2026\u2026\u2026\u2026\u2026\u2026. 16<\/p>\n<p style=\"font-weight: 400;\">CARACTER\u00cdSTICAS\u2026\u2026\u2026\u2026\u2026\u2026\u2026\u2026\u2026\u2026\u2026\u2026\u2026\u2026\u2026\u2026\u2026\u2026\u2026\u2026\u2026\u2026\u2026..\u2026\u2026 16<\/p>\n<p style=\"font-weight: 400;\">CAPACIDAD PARA EL RECONOCIMIENTO VOLUNTARIO\u2026\u2026\u2026\u2026\u2026\u2026\u2026 17<\/p>\n<p style=\"font-weight: 400;\">II.- RECONOCIMIENTO VOLUNTARIO PROVOCADO\u2026\u2026\u2026\u2026\u2026\u2026\u2026\u2026\u2026 17<\/p>\n<p style=\"font-weight: 400;\">2.- RECONOCIMIENTO FORZADO\u2026\u2026\u2026\u2026\u2026\u2026\u2026\u2026\u2026\u2026\u2026\u2026\u2026\u2026\u2026\u2026\u2026. 17<\/p>\n<p style=\"font-weight: 400;\">I.- RECONOCIMIENTO FORZADO POR SENTENCIA JUDICIAL\u2026\u2026\u2026\u2026\u2026. 17<\/p>\n<p style=\"font-weight: 400;\">II.- RECONOCIMIENTO FORZADO EN LA POSESI\u00d3N NOTORIA DE HIJO<\/p>\n<p style=\"font-weight: 400;\">EN RELACI\u00d3N A DETERMINADA PERSONA\u2026\u2026\u2026\u2026\u2026\u2026\u2026\u2026\u2026\u2026\u2026\u2026\u2026\u2026 18<\/p>\n<p style=\"font-weight: 400;\">ACCI\u00d3N DE RECLAMACI\u00d3N DE LA FILIACI\u00d3N NO MATRIMONIAL\u2026.. 18<\/p>\n<p style=\"font-weight: 400;\">I.- TITULARES\u2026\u2026\u2026\u2026\u2026\u2026\u2026\u2026\u2026\u2026\u2026\u2026\u2026\u2026\u2026\u2026\u2026\u2026\u2026\u2026\u2026\u2026.\u2026\u2026\u2026\u2026\u2026. 18<\/p>\n<p style=\"font-weight: 400;\">II.- CONTRA QUI\u00c9N SE DIRIGE\u2026\u2026\u2026\u2026\u2026\u2026\u2026\u2026\u2026\u2026\u2026\u2026\u2026\u2026\u2026\u2026\u2026\u2026\u2026\u2026 19<\/p>\n<p style=\"font-weight: 400;\">III.- CONDICIONES Y MODO DE EJERCERLA\u2026\u2026\u2026\u2026\u2026\u2026\u2026\u2026\u2026\u2026\u2026\u2026\u2026 19<\/p>\n<p style=\"font-weight: 400;\">IV.- EFECTOS DE LA SENTENCIA QUE ACOGE LA ACCI\u00d3N DE<\/p>\n<p style=\"font-weight: 400;\">RECLAMACI\u00d3N\u2026\u2026\u2026\u2026\u2026\u2026\u2026\u2026\u2026\u2026\u2026\u2026\u2026\u2026\u2026\u2026\u2026\u2026\u2026\u2026\u2026\u2026\u2026\u2026\u2026\u2026\u2026. 20<\/p>\n<p style=\"font-weight: 400;\">V.- RESTABLECIMIENTO DE ESTOS DERECHOS\u2026\u2026\u2026\u2026\u2026\u2026\u2026\u2026\u2026\u2026\u2026.. 20<\/p>\n<p style=\"font-weight: 400;\">VI.- REPUDIACI\u00d3N DEL RECONOCIMIENTO\u2026\u2026\u2026\u2026\u2026\u2026\u2026\u2026\u2026\u2026\u2026\u2026\u2026 20<\/p>\n<p style=\"font-weight: 400;\">IMPUGNACI\u00d3N DEL RECONOCIMIENTO\u2026\u2026\u2026\u2026\u2026\u2026\u2026\u2026\u2026\u2026\u2026\u2026\u2026\u2026. 21<\/p>\n<p style=\"font-weight: 400;\">I.- IMPUGNACI\u00d3N DE LA PATERNIDAD\u2026\u2026\u2026\u2026\u2026\u2026\u2026\u2026\u2026\u2026\u2026\u2026\u2026\u2026\u2026\u2026 22<\/p>\n<p style=\"font-weight: 400;\">TITULARES DE LA ACCI\u00d3N DE IMPUGNACI\u00d3N\u2026\u2026\u2026\u2026\u2026\u2026\u2026\u2026\u2026\u2026\u2026\u2026. 22<\/p>\n<p style=\"font-weight: 400;\">II.- IMPUGNACI\u00d3N DE LA MATERNIDAD\u2026\u2026\u2026\u2026\u2026\u2026\u2026\u2026\u2026\u2026\u2026\u2026\u2026\u2026\u2026 22<\/p>\n<p style=\"font-weight: 400;\">III.- TITULARES DE LA ACCI\u00d3N DE IMPUGNACI\u00d3N\u2026\u2026\u2026\u2026\u2026\u2026\u2026\u2026\u2026\u2026 22<\/p>\n<p style=\"font-weight: 400;\">IV.- PLAZO PARA IMPUGNARLA\u2026\u2026\u2026\u2026\u2026\u2026\u2026\u2026\u2026\u2026\u2026\u2026\u2026\u2026\u2026\u2026\u2026\u2026\u2026. 22<\/p>\n","protected":false},"excerpt":{"rendered":"<p>FICHA TECNICA \u201cFILIACI\u00d3N. PR\u00c1CTICA FORENSE\u201d, es un texto que esta compuesto de dos partes, una org\u00e1nica y la pr\u00e1ctica forense, que contiene las demandas, solicitudes y escritos m\u00e1s comunes de mera tramitaci\u00f3n. Las Filiaci\u00f3n, como materia de estudio del Derecho de Familia, contiene los diferentes tipos matrimonial, no matrimonial, por t\u00e9cnicas de la reproducci\u00f3n asistida y adoptiva en un sistema de estudio f\u00e1cil y pr\u00e1ctico. Lo cual sin duda ayudara a los abogados en la realizaci\u00f3n de la escritura o en la elaboraci\u00f3n de la demanda o solicitud, seg\u00fan corresponda. Por ello Ediciones Jur\u00eddicas Tofulex, cree que ser\u00e1 de gran utilidad este texto en su quinta 2023 del abogado Eric Andr\u00e9s Ch\u00e1vez Ch\u00e1vez, en el formato Pr\u00e1ctica Forense. Se hace presente que el texto incluye las modificaciones de las Leyes 21.264, 21.400 y 21.515 \u00cdndice 1\u00aa PARTE FILIACI\u00d3N CAP\u00cdTULO I GENERALIDADES CONCEPTO\u2026\u2026\u2026\u2026\u2026\u2026\u2026\u2026\u2026\u2026\u2026\u2026\u2026\u2026\u2026\u2026\u2026\u2026\u2026\u2026\u2026\u2026\u2026\u2026\u2026\u2026\u2026\u2026\u2026 5 PRINCIPIOS B\u00c1SICOS DE LA FILIACI\u00d3N\u2026\u2026\u2026\u2026\u2026\u2026\u2026\u2026\u2026\u2026\u2026\u2026\u2026\u2026\u2026\u2026 5 CARACTER\u00cdSTICAS DE LA FILIACI\u00d3N\u2026\u2026\u2026\u2026\u2026\u2026\u2026\u2026\u2026\u2026\u2026\u2026\u2026\u2026\u2026\u2026\u2026 5 CLASES DE FILIACI\u00d3N\u2026\u2026\u2026\u2026\u2026\u2026\u2026\u2026\u2026\u2026\u2026\u2026\u2026\u2026\u2026\u2026\u2026\u2026\u2026\u2026\u2026\u2026\u2026.. 6 CAP\u00cdTULO II LA FILIACI\u00d3N MATRIMONIAL CONCEPTO\u2026\u2026\u2026\u2026\u2026\u2026\u2026\u2026\u2026\u2026\u2026\u2026\u2026\u2026\u2026\u2026\u2026\u2026\u2026\u2026\u2026\u2026\u2026\u2026\u2026\u2026\u2026\u2026\u2026 7 DETERMINACI\u00d3N DE LA FILIACI\u00d3N MATRIMONIAL\u2026\u2026\u2026\u2026\u2026\u2026\u2026\u2026\u2026. 7 I.- FILIACI\u00d3N PROPIAMENTE TAL\u2026\u2026\u2026\u2026\u2026\u2026\u2026\u2026\u2026\u2026\u2026\u2026\u2026\u2026\u2026\u2026\u2026. 7 CONCEPTO\u2026\u2026\u2026\u2026\u2026\u2026\u2026\u2026\u2026\u2026\u2026\u2026\u2026\u2026\u2026\u2026\u2026\u2026\u2026\u2026\u2026\u2026\u2026\u2026\u2026\u2026\u2026\u2026\u2026 7 ELEMENTOS DE LA FILIACI\u00d3N MATRIMONIAL\u2026\u2026\u2026\u2026\u2026\u2026\u2026\u2026\u2026\u2026\u2026. 7 1.- MATRIMONIO DE LOS PROGENITORES\u2026\u2026\u2026\u2026\u2026\u2026\u2026\u2026\u2026\u2026\u2026\u2026\u2026\u2026 7 2.- CONCEPCI\u00d3N O NACIMIENTO DEL HIJO DENTRO DEL MATRIMONIO\u2026\u2026\u2026\u2026\u2026\u2026\u2026\u2026\u2026\u2026\u2026\u2026\u2026\u2026\u2026\u2026\u2026\u2026\u2026\u2026\u2026\u2026\u2026\u2026\u2026\u2026\u2026.. 8 3.- MATERNIDAD DE LA C\u00d3NYUGE\u2026\u2026\u2026\u2026\u2026\u2026\u2026\u2026\u2026\u2026\u2026\u2026\u2026\u2026\u2026\u2026\u2026 8 4.- PATERNIDAD DEL C\u00d3NYUGE\u2026\u2026\u2026\u2026\u2026\u2026\u2026\u2026\u2026\u2026\u2026\u2026\u2026\u2026\u2026\u2026\u2026\u2026\u2026 8 IMPUGNACI\u00d3N DEL ESTADO DEL HIJO MATRIMONIAL\u2026\u2026\u2026\u2026\u2026\u2026\u2026 8 I.- IMPUGNACI\u00d3N DE LA PATERNIDAD\u2026\u2026\u2026\u2026\u2026\u2026\u2026\u2026\u2026\u2026\u2026\u2026\u2026\u2026\u2026.. 9 CASOS DE IMPUGNACI\u00d3N\u2026\u2026\u2026\u2026\u2026\u2026\u2026\u2026\u2026\u2026\u2026\u2026\u2026\u2026\u2026\u2026\u2026\u2026\u2026\u2026.\u2026 9 II.- IMPUGNACI\u00d3N DE LA MATERNIDAD\u2026\u2026\u2026\u2026\u2026\u2026\u2026\u2026\u2026\u2026\u2026\u2026\u2026\u2026\u2026 9 CAUSALES DE IMPUGNACI\u00d3N\u2026\u2026\u2026\u2026\u2026\u2026\u2026\u2026\u2026\u2026\u2026\u2026\u2026\u2026\u2026\u2026\u2026\u2026\u2026\u2026. 9 III.- TITULARES DE LA ACCI\u00d3N DE IMPUGNACI\u00d3N\u2026\u2026\u2026\u2026\u2026\u2026\u2026\u2026\u2026\u2026 9 IV.- PLAZO PARA IMPUGNARLA\u2026\u2026\u2026\u2026\u2026\u2026\u2026\u2026\u2026\u2026\u2026\u2026\u2026\u2026\u2026\u2026\u2026\u2026\u2026 9 ACCI\u00d3N DE RECLAMACI\u00d3N DEL ESTADO DE HIJO MATRIMONIAL\u2026. 10 I.- CONCEPTO\u2026\u2026\u2026\u2026\u2026\u2026\u2026\u2026\u2026\u2026\u2026\u2026\u2026\u2026\u2026\u2026\u2026\u2026\u2026\u2026\u2026\u2026..\u2026\u2026\u2026\u2026\u2026 10 II.- CARACTER\u00cdSTICAS\u2026\u2026\u2026\u2026\u2026\u2026\u2026\u2026\u2026\u2026\u2026\u2026\u2026.\u2026\u2026\u2026\u2026\u2026\u2026\u2026\u2026\u2026\u2026 10 III.- CONDICIONES Y MODO DE EJERCERLA\u2026\u2026\u2026\u2026\u2026\u2026\u2026\u2026\u2026\u2026.\u2026\u2026\u2026 11 IV.- TITULARES DE LA ACCI\u00d3N\u2026\u2026\u2026\u2026\u2026\u2026\u2026\u2026\u2026\u2026\u2026\u2026\u2026\u2026\u2026\u2026\u2026\u2026\u2026.. 11 V.- EFECTOS\u2026\u2026\u2026\u2026\u2026\u2026\u2026\u2026\u2026\u2026\u2026\u2026\u2026\u2026\u2026\u2026\u2026\u2026\u2026\u2026\u2026\u2026\u2026\u2026\u2026\u2026\u2026\u2026. 12 VI.- RESTABLECIMIENTO DE ESTOS DERECHOS\u2026\u2026\u2026\u2026\u2026\u2026\u2026\u2026\u2026\u2026\u2026. 12 II.- FILIACI\u00d3N MATRIMONIAL POR MATRIMONIO POSTERIOR DE LOS PADRES\u2026\u2026\u2026\u2026\u2026\u2026\u2026\u2026\u2026\u2026\u2026\u2026\u2026\u2026\u2026\u2026\u2026..\u2026\u2026\u2026\u2026\u2026\u2026\u2026\u2026\u2026\u2026.. 12 CONCEPTO\u2026\u2026\u2026\u2026\u2026\u2026\u2026\u2026\u2026\u2026\u2026\u2026\u2026\u2026\u2026\u2026\u2026\u2026\u2026\u2026\u2026\u2026\u2026\u2026\u2026\u2026\u2026\u2026\u2026 12 CLASES\u2026\u2026\u2026\u2026\u2026\u2026\u2026\u2026\u2026\u2026\u2026\u2026\u2026\u2026\u2026\u2026\u2026\u2026\u2026\u2026\u2026\u2026\u2026\u2026\u2026\u2026\u2026\u2026\u2026\u2026\u2026. 13 REPUDIACI\u00d3N DEL RECONOCIMIENTO\u2026\u2026\u2026\u2026\u2026\u2026\u2026\u2026\u2026\u2026\u2026\u2026\u2026\u2026. 13 I.- CONDICIONES DE LA REPUDIACI\u00d3N\u2026\u2026\u2026\u2026\u2026\u2026\u2026\u2026\u2026..\u2026\u2026\u2026\u2026\u2026. 14 II.- FORMAS DE REPUDIACI\u00d3N\u2026\u2026\u2026\u2026\u2026\u2026\u2026\u2026\u2026\u2026\u2026\u2026\u2026\u2026\u2026\u2026\u2026\u2026\u2026. 14 III.- IRRETROACTIVIDAD DE LA REPUDIACI\u00d3N\u2026\u2026\u2026\u2026\u2026\u2026\u2026\u2026\u2026\u2026\u2026.. 14 CAP\u00cdTULO III LA FILIACI\u00d3N NO MATRIMONIAL CONCEPTO\u2026\u2026\u2026\u2026\u2026\u2026\u2026\u2026\u2026\u2026\u2026\u2026\u2026\u2026\u2026\u2026\u2026\u2026\u2026\u2026\u2026\u2026\u2026\u2026\u2026\u2026\u2026\u2026\u2026 15 FORMAS DE DETERMINAR LA FILIACI\u00d3N NO MATRIMONIAL\u2026\u2026\u2026\u2026\u2026 15 1.- VOLUNTARIO\u2026\u2026\u2026\u2026\u2026\u2026\u2026\u2026\u2026\u2026\u2026\u2026\u2026\u2026\u2026\u2026\u2026\u2026\u2026\u2026\u2026..\u2026\u2026\u2026\u2026. 16 I.- RECONOCIMIENTO VOLUNTARIO ESPONT\u00c1NEO\u2026\u2026\u2026\u2026\u2026\u2026\u2026\u2026\u2026. 16 CARACTER\u00cdSTICAS\u2026\u2026\u2026\u2026\u2026\u2026\u2026\u2026\u2026\u2026\u2026\u2026\u2026\u2026\u2026\u2026\u2026\u2026\u2026\u2026\u2026\u2026\u2026..\u2026\u2026 16 CAPACIDAD PARA EL RECONOCIMIENTO VOLUNTARIO\u2026\u2026\u2026\u2026\u2026\u2026\u2026 17 II.- RECONOCIMIENTO VOLUNTARIO PROVOCADO\u2026\u2026\u2026\u2026\u2026\u2026\u2026\u2026\u2026 17 2.- RECONOCIMIENTO FORZADO\u2026\u2026\u2026\u2026\u2026\u2026\u2026\u2026\u2026\u2026\u2026\u2026\u2026\u2026\u2026\u2026\u2026. 17 I.- RECONOCIMIENTO FORZADO POR SENTENCIA JUDICIAL\u2026\u2026\u2026\u2026\u2026. 17 II.- RECONOCIMIENTO FORZADO EN LA POSESI\u00d3N NOTORIA DE HIJO EN RELACI\u00d3N A DETERMINADA PERSONA\u2026\u2026\u2026\u2026\u2026\u2026\u2026\u2026\u2026\u2026\u2026\u2026\u2026\u2026 18 ACCI\u00d3N DE RECLAMACI\u00d3N DE LA FILIACI\u00d3N NO MATRIMONIAL\u2026.. 18 I.- TITULARES\u2026\u2026\u2026\u2026\u2026\u2026\u2026\u2026\u2026\u2026\u2026\u2026\u2026\u2026\u2026\u2026\u2026\u2026\u2026\u2026\u2026\u2026.\u2026\u2026\u2026\u2026\u2026. 18 II.- CONTRA QUI\u00c9N SE DIRIGE\u2026\u2026\u2026\u2026\u2026\u2026\u2026\u2026\u2026\u2026\u2026\u2026\u2026\u2026\u2026\u2026\u2026\u2026\u2026\u2026 19 III.- CONDICIONES Y MODO DE EJERCERLA\u2026\u2026\u2026\u2026\u2026\u2026\u2026\u2026\u2026\u2026\u2026\u2026\u2026 19 IV.- EFECTOS DE LA SENTENCIA QUE ACOGE LA ACCI\u00d3N DE RECLAMACI\u00d3N\u2026\u2026\u2026\u2026\u2026\u2026\u2026\u2026\u2026\u2026\u2026\u2026\u2026\u2026\u2026\u2026\u2026\u2026\u2026\u2026\u2026\u2026\u2026\u2026\u2026\u2026\u2026. 20 V.- RESTABLECIMIENTO DE ESTOS DERECHOS\u2026\u2026\u2026\u2026\u2026\u2026\u2026\u2026\u2026\u2026\u2026.. 20 VI.- REPUDIACI\u00d3N DEL RECONOCIMIENTO\u2026\u2026\u2026\u2026\u2026\u2026\u2026\u2026\u2026\u2026\u2026\u2026\u2026 20 IMPUGNACI\u00d3N DEL RECONOCIMIENTO\u2026\u2026\u2026\u2026\u2026\u2026\u2026\u2026\u2026\u2026\u2026\u2026\u2026\u2026. 21 I.- IMPUGNACI\u00d3N DE LA PATERNIDAD\u2026\u2026\u2026\u2026\u2026\u2026\u2026\u2026\u2026\u2026\u2026\u2026\u2026\u2026\u2026\u2026 22 TITULARES DE LA ACCI\u00d3N DE IMPUGNACI\u00d3N\u2026\u2026\u2026\u2026\u2026\u2026\u2026\u2026\u2026\u2026\u2026\u2026. 22 II.- IMPUGNACI\u00d3N DE LA MATERNIDAD\u2026\u2026\u2026\u2026\u2026\u2026\u2026\u2026\u2026\u2026\u2026\u2026\u2026\u2026\u2026 22 III.- TITULARES DE LA ACCI\u00d3N DE IMPUGNACI\u00d3N\u2026\u2026\u2026\u2026\u2026\u2026\u2026\u2026\u2026\u2026 22 IV.- PLAZO PARA IMPUGNARLA\u2026\u2026\u2026\u2026\u2026\u2026\u2026\u2026\u2026\u2026\u2026\u2026\u2026\u2026\u2026\u2026\u2026\u2026\u2026. 22<\/p>\n","protected":false},"featured_media":3040,"comment_status":"open","ping_status":"closed","template":"","meta":{"inline_featured_image":false,"_joinchat":[]},"product_brand":[],"product_cat":[59,29],"product_tag":[],"class_list":{"0":"post-2994","1":"product","2":"type-product","3":"status-publish","4":"has-post-thumbnail","6":"product_cat-editorial-tofulex-ediciones-juridicas","7":"product_cat-familia-y-del-menor","8":"product_shipping_class-a-convenir","10":"first","11":"instock","12":"shipping-taxable","13":"purchasable","14":"product-type-simple"},"_links":{"self":[{"href":"https:\/\/bibliotecajuridicavirtual.cl\/index.php\/wp-json\/wp\/v2\/product\/2994","targetHints":{"allow":["GET"]}}],"collection":[{"href":"https:\/\/bibliotecajuridicavirtual.cl\/index.php\/wp-json\/wp\/v2\/product"}],"about":[{"href":"https:\/\/bibliotecajuridicavirtual.cl\/index.php\/wp-json\/wp\/v2\/types\/product"}],"replies":[{"embeddable":true,"href":"https:\/\/bibliotecajuridicavirtual.cl\/index.php\/wp-json\/wp\/v2\/comments?post=2994"}],"wp:featuredmedia":[{"embeddable":true,"href":"https:\/\/bibliotecajuridicavirtual.cl\/index.php\/wp-json\/wp\/v2\/media\/3040"}],"wp:attachment":[{"href":"https:\/\/bibliotecajuridicavirtual.cl\/index.php\/wp-json\/wp\/v2\/media?parent=2994"}],"wp:term":[{"taxonomy":"product_brand","embeddable":true,"href":"https:\/\/bibliotecajuridicavirtual.cl\/index.php\/wp-json\/wp\/v2\/product_brand?post=2994"},{"taxonomy":"product_cat","embeddable":true,"href":"https:\/\/bibliotecajuridicavirtual.cl\/index.php\/wp-json\/wp\/v2\/product_cat?post=2994"},{"taxonomy":"product_tag","embeddable":true,"href":"https:\/\/bibliotecajuridicavirtual.cl\/index.php\/wp-json\/wp\/v2\/product_tag?post=2994"}],"curies":[{"name":"wp","href":"https:\/\/api.w.org\/{rel}","templated":true}]}}