{"id":2999,"date":"2026-02-28T01:07:57","date_gmt":"2026-02-28T04:07:57","guid":{"rendered":"https:\/\/bibliotecajuridicavirtual.cl\/?post_type=product&#038;p=2999"},"modified":"2026-02-28T01:08:27","modified_gmt":"2026-02-28T04:08:27","slug":"competencia-juzgados-de-familia-5ta-edicion-ano-2023-autor-eric-chavez-chavez","status":"publish","type":"product","link":"https:\/\/bibliotecajuridicavirtual.cl\/index.php\/product\/competencia-juzgados-de-familia-5ta-edicion-ano-2023-autor-eric-chavez-chavez\/","title":{"rendered":"Competencia Juzgados de Familia &#8211; 5ta Edici\u00f3n . A\u00f1o 2023 . Autor Eric Ch\u00e1vez Ch\u00e1vez"},"content":{"rendered":"<p style=\"font-weight: 400;\">El presente texto Competencia de Juzgados de Familia, en su 5\u00aa Edici\u00f3n, 2023 tiene por finalidad un an\u00e1lisis en algunos casos somero y en otros m\u00e1s profundos de las diferentes materias que conocen los Juzgados de Familia en el pa\u00eds.<\/p>\n<p style=\"font-weight: 400;\">Este texto estudia las materias que se\u00f1ala el art.8 de la Ley 19.968 sobre Tribunales de Familia, se except\u00faan, haciendo la advertencia, la materia penal o contravencional que conoce esta judicatura.<\/p>\n<p style=\"font-weight: 400;\">Tambi\u00e9n se han hecho ampliaciones y concordancias a los textos reformados a los diferentes cuerpos legales que regulan estas materias.<\/p>\n<p style=\"font-weight: 400;\">Las materias que comprende este libro son: alimentos, adopci\u00f3n, acuerdo de uni\u00f3n civil, arraigo, arresto, autorizaci\u00f3n para contraer matrimonio, enajenar, salir del pa\u00eds, para trabajar, bienes familiares, cuidado personal, derechos del alimentante y alimentario, divorcio, entrega inmediata, filiaci\u00f3n, guardas, medida de protecci\u00f3n, nulidad, patria potestad, regulaci\u00f3n econ\u00f3mica, relaci\u00f3n directa y regular, separaci\u00f3n de hecho, judicial, judicial de bienes y violencia intrafamiliar.<\/p>\n<p style=\"font-weight: 400;\">Adem\u00e1s de las modificaciones de la Ley 21.389 que modific\u00f3 la Ley 14.908 sobre Abandono de Familia y Pago de Pensiones Alimenticias, que crea el Registro Nacional de Deudores y otras normas en la materia, que se ingresan a este libro; Ley 21.394 sobre Reforma al Sistema de Justicia; Ley 21.400 sobre el llamado Matrimonio Igualitario; Ley 21.430 Garant\u00edas y Protecci\u00f3n integral de los derechos de la ni\u00f1ez y adolescencia; Ley 21.484 de Responsabilidad Parental en el Pago de Pensiones de Alimentos; y Ley 21.515 de Mayor\u00eda de edad como requisito esencial para la celebraci\u00f3n del matrimonio.<\/p>\n<p style=\"font-weight: 400;\">La Pr\u00e1ctica Forense, de estos temas se encuentra en otros libros que han sido editados por esta casa Editorial, en sus diferentes ediciones y tambi\u00e9n a trav\u00e9s de Ediciones Jur\u00eddicas de Santiago.<\/p>\n","protected":false},"excerpt":{"rendered":"<p>El presente texto Competencia de Juzgados de Familia, en su 5\u00aa Edici\u00f3n, 2023 tiene por finalidad un an\u00e1lisis en algunos casos somero y en otros m\u00e1s profundos de las diferentes materias que conocen los Juzgados de Familia en el pa\u00eds. Este texto estudia las materias que se\u00f1ala el art.8 de la Ley 19.968 sobre Tribunales de Familia, se except\u00faan, haciendo la advertencia, la materia penal o contravencional que conoce esta judicatura. Tambi\u00e9n se han hecho ampliaciones y concordancias a los textos reformados a los diferentes cuerpos legales que regulan estas materias. Las materias que comprende este libro son: alimentos, adopci\u00f3n, acuerdo de uni\u00f3n civil, arraigo, arresto, autorizaci\u00f3n para contraer matrimonio, enajenar, salir del pa\u00eds, para trabajar, bienes familiares, cuidado personal, derechos del alimentante y alimentario, divorcio, entrega inmediata, filiaci\u00f3n, guardas, medida de protecci\u00f3n, nulidad, patria potestad, regulaci\u00f3n econ\u00f3mica, relaci\u00f3n directa y regular, separaci\u00f3n de hecho, judicial, judicial de bienes y violencia intrafamiliar. Adem\u00e1s de las modificaciones de la Ley 21.389 que modific\u00f3 la Ley 14.908 sobre Abandono de Familia y Pago de Pensiones Alimenticias, que crea el Registro Nacional de Deudores y otras normas en la materia, que se ingresan a este libro; Ley 21.394 sobre Reforma al Sistema de Justicia; Ley 21.400 sobre el llamado Matrimonio Igualitario; Ley 21.430 Garant\u00edas y Protecci\u00f3n integral de los derechos de la ni\u00f1ez y adolescencia; Ley 21.484 de Responsabilidad Parental en el Pago de Pensiones de Alimentos; y Ley 21.515 de Mayor\u00eda de edad como requisito esencial para la celebraci\u00f3n del matrimonio. La Pr\u00e1ctica Forense, de estos temas se encuentra en otros libros que han sido editados por esta casa Editorial, en sus diferentes ediciones y tambi\u00e9n a trav\u00e9s de Ediciones Jur\u00eddicas de Santiago.<\/p>\n","protected":false},"featured_media":3045,"comment_status":"open","ping_status":"closed","template":"","meta":{"inline_featured_image":false,"_joinchat":[]},"product_brand":[],"product_cat":[59,29],"product_tag":[],"class_list":{"0":"post-2999","1":"product","2":"type-product","3":"status-publish","4":"has-post-thumbnail","6":"product_cat-editorial-tofulex-ediciones-juridicas","7":"product_cat-familia-y-del-menor","8":"product_shipping_class-a-convenir","10":"first","11":"instock","12":"shipping-taxable","13":"purchasable","14":"product-type-simple"},"_links":{"self":[{"href":"https:\/\/bibliotecajuridicavirtual.cl\/index.php\/wp-json\/wp\/v2\/product\/2999","targetHints":{"allow":["GET"]}}],"collection":[{"href":"https:\/\/bibliotecajuridicavirtual.cl\/index.php\/wp-json\/wp\/v2\/product"}],"about":[{"href":"https:\/\/bibliotecajuridicavirtual.cl\/index.php\/wp-json\/wp\/v2\/types\/product"}],"replies":[{"embeddable":true,"href":"https:\/\/bibliotecajuridicavirtual.cl\/index.php\/wp-json\/wp\/v2\/comments?post=2999"}],"wp:featuredmedia":[{"embeddable":true,"href":"https:\/\/bibliotecajuridicavirtual.cl\/index.php\/wp-json\/wp\/v2\/media\/3045"}],"wp:attachment":[{"href":"https:\/\/bibliotecajuridicavirtual.cl\/index.php\/wp-json\/wp\/v2\/media?parent=2999"}],"wp:term":[{"taxonomy":"product_brand","embeddable":true,"href":"https:\/\/bibliotecajuridicavirtual.cl\/index.php\/wp-json\/wp\/v2\/product_brand?post=2999"},{"taxonomy":"product_cat","embeddable":true,"href":"https:\/\/bibliotecajuridicavirtual.cl\/index.php\/wp-json\/wp\/v2\/product_cat?post=2999"},{"taxonomy":"product_tag","embeddable":true,"href":"https:\/\/bibliotecajuridicavirtual.cl\/index.php\/wp-json\/wp\/v2\/product_tag?post=2999"}],"curies":[{"name":"wp","href":"https:\/\/api.w.org\/{rel}","templated":true}]}}