{"id":3002,"date":"2026-02-28T01:07:57","date_gmt":"2026-02-28T04:07:57","guid":{"rendered":"https:\/\/bibliotecajuridicavirtual.cl\/?post_type=product&#038;p=3002"},"modified":"2026-02-28T01:08:28","modified_gmt":"2026-02-28T04:08:28","slug":"codigo-de-aguas-de-chile-cuarta-edicion-con-apendice-legislativo-indices-tematico-y-analitico-ano-noviembre-2023-700-pag-autor-alberto-cardemil","status":"publish","type":"product","link":"https:\/\/bibliotecajuridicavirtual.cl\/index.php\/product\/codigo-de-aguas-de-chile-cuarta-edicion-con-apendice-legislativo-indices-tematico-y-analitico-ano-noviembre-2023-700-pag-autor-alberto-cardemil\/","title":{"rendered":"C\u00f3digo de Aguas de Chile Cuarta Edici\u00f3n con Ap\u00e9ndice Legislativo. \u00cdndices Tem\u00e1tico y Anal\u00edtico. A\u00f1o Noviembre 2023\/700 P\u00e1g. Autor  Alberto Cardemil"},"content":{"rendered":"<p>C\u00f3digo de Aguas de Chile 4\u00aa Edici\u00f3n con Ap\u00e9ndice Legislativo. \u00cdndices tem\u00e1tico y anal\u00edtico<\/p>\n<p>Incluye:<br \/>\nLey N\u00ba 20.017<br \/>\nLey N\u00ba 20.411<br \/>\nLey N\u00ba 20.491<br \/>\nLey N\u00ba 21.064<br \/>\nDisposiciones de la Ley N\u00ba 21.435<br \/>\nActos y Resoluciones de la Direcci\u00f3n General de Aguas<br \/>\nNormativa relacionada<\/p>\n<p>&nbsp;<\/p>\n<p>\u00cdndice<br \/>\nINTRODUCCI\u00d3N A LA TERCERA EDICI\u00d3N\u00a0\u00a0 \u00a0\u00a0\u00a0 \u00a013<br \/>\nART\u00cdCULO 19 N\u00b0 24 DE LA CONSTITUCI\u00d3N POL\u00cdTICA DE LA REP\u00daBLICA\u00a0\u00a0 \u00a0\u00a0\u00a0 \u00a015<br \/>\nDECRETO LEY N\u00b0 2.603 QUE MODIFICA Y COMPLEMENTA EL ACTA CONSTITUCIONAL N\u00b03; Y ESTABLECE NORMAS SOBRE DERECHOS DE APROVECHAMIENTO DE AGUAS Y FACULTA AL PRESIDENTE DE LA REP\u00daBLICA PARA QUE ESTABLEZCA EL R\u00c9GIMEN JUR\u00cdDICO GENERAL DE LAS AGUAS\u00a0\u00a0 \u00a0\u00a0\u00a0 \u00a019<br \/>\nDECRETO CON FUERZA DE LEY N\u00ba 1.122 QUE FIJA EL TEXTO DEL C\u00d3DIGO DE AGUAS<br \/>\nLIBRO PRIMERO. DE LAS AGUAS Y DEL DERECHO DE APROVECHAMIENTO<br \/>\nT\u00edtulo I. DISPOSICIONES GENERALES\u00a0\u00a0 \u00a0\u00a0\u00a0 \u00a023<br \/>\nT\u00edtulo II. DEL APROVECHAMIENTO DE LAS AGUAS Y SUS FUNCIONES\u00a0\u00a0 \u00a0\u00a0\u00a0 \u00a024<br \/>\nT\u00edtulo III. DE LA CONSTITUCI\u00d3N DEL DERECHO DE APROVECHAMIENTO\u00a0\u00a0 \u00a0\u00a0\u00a0 \u00a033<br \/>\nT\u00edtulo IV. DE LOS CAUCES DE LAS AGUAS\u00a0\u00a0 \u00a0\u00a0\u00a0 \u00a036<br \/>\n1. De los \u00e1lveos o cauces naturales\u00a0\u00a0 \u00a0\u00a0\u00a0 \u00a036<br \/>\n2. De los \u00e1lveos de aguas detenidas\u00a0\u00a0 \u00a0\u00a0\u00a0 \u00a037<br \/>\n3. De los cauces artificiales y de otras obras\u00a0\u00a0 \u00a0\u00a0\u00a0 \u00a037<br \/>\n4. De la concesi\u00f3n de cauces de uso p\u00fablico para conducir aguas de aprovechamiento particular\u00a0\u00a0 \u00a0\u00a0\u00a0 \u00a038<br \/>\n5. Disposiciones especiales\u00a0\u00a0 \u00a0\u00a0\u00a0 \u00a038<br \/>\nT\u00edtulo V. DE LOS DERRAMES Y DRENAJES DE AGUA\u00a0\u00a0 \u00a0\u00a0\u00a0 \u00a039<br \/>\n1. De los derrames\u00a0\u00a0 \u00a0\u00a0\u00a0 \u00a039<br \/>\n2. De los drenajes\u00a0\u00a0 \u00a0\u00a0\u00a0 \u00a040<br \/>\n3. Normas generales\u00a0\u00a0 \u00a0\u00a0\u00a0 \u00a041<br \/>\nT\u00edtulo VI. DE LAS AGUAS SUBTERR\u00c1NEAS\u00a0\u00a0 \u00a0\u00a0\u00a0 \u00a042<br \/>\n1. Normas generales\u00a0\u00a0 \u00a0\u00a0\u00a0 \u00a042<br \/>\n2. De la exploraci\u00f3n de las aguas subterr\u00e1neas\u00a0\u00a0 \u00a0\u00a0\u00a0 \u00a044<br \/>\n3. De la explotaci\u00f3n de aguas subterr\u00e1neas\u00a0\u00a0 \u00a0\u00a0\u00a0 \u00a046<br \/>\nT\u00edtulo VII. DE LAS SERVIDUMBRES E HIPOTECAS\u00a0\u00a0 \u00a0\u00a0\u00a0 \u00a053<br \/>\n1. De las servidumbres\u00a0\u00a0 \u00a0\u00a0\u00a0 \u00a053<br \/>\na) Disposiciones generales\u00a0\u00a0 \u00a0\u00a0\u00a0 \u00a053<br \/>\nb) De la servidumbre natural de escurrimiento\u00a0\u00a0 \u00a0\u00a0\u00a0 \u00a054<br \/>\nc) De la servidumbre de acueducto\u00a0\u00a0 \u00a0\u00a0\u00a0 \u00a054<br \/>\nd) De las servidumbres de derrames y de drenaje\u00a0\u00a0 \u00a0\u00a0\u00a0 \u00a059<br \/>\ne) De otras servidumbres necesarias para ejercer el derecho de aprovechamiento\u00a0\u00a0 \u00a0\u00a0\u00a0 \u00a060<br \/>\nf) De la servidumbre de abrevadero\u00a0\u00a0 \u00a0\u00a0\u00a0 \u00a061<br \/>\ng) De la servidumbre de camino de sirga\u00a0\u00a0 \u00a0\u00a0\u00a0 \u00a061<br \/>\nh) De la servidumbre para investigar\u00a0\u00a0 \u00a0\u00a0\u00a0 \u00a062<br \/>\ni) De las servidumbres voluntarias\u00a0\u00a0 \u00a0\u00a0\u00a0 \u00a062<br \/>\nj) De la extinci\u00f3n de las servidumbres\u00a0\u00a0 \u00a0\u00a0\u00a0 \u00a062<br \/>\n2. De la hipoteca del derecho de aprovechamiento\u00a0\u00a0 \u00a0\u00a0\u00a0 \u00a063<br \/>\nT\u00edtulo VIII. DEL REGISTRO DE AGUAS, DE LA INSCRIPCI\u00d3N DE LOS DERECHOS DE APROVECHAMIENTO Y DEL INVENTARIO DEL RECURSO\u00a0\u00a0 \u00a0\u00a0\u00a0 \u00a063<br \/>\nT\u00edtulo IX. DE LAS ACCIONES POSESORIAS SOBRE AGUAS Y DE LA EXTINCI\u00d3N DEL DERECHO DE APROVECHAMIENTO\u00a0\u00a0 \u00a0\u00a0\u00a0 \u00a068<br \/>\nT\u00edtulo X. DE LA PROTECCI\u00d3N DE LAS AGUAS Y CAUCES\u00a0\u00a0 \u00a0\u00a0\u00a0 \u00a070<br \/>\nT\u00edtulo XI. DEL PAGO DE UNA PATENTE POR LA NO UTILIZACI\u00d3N DE LAS AGUAS\u00a0\u00a0 \u00a0\u00a0\u00a0 \u00a074<br \/>\nLIBRO SEGUNDO. DE LOS PROCEDIMIENTOS<br \/>\nT\u00edtulo I. DE LOS PROCEDIMIENTOS ADMINISTRATIVOS\u00a0\u00a0 \u00a0\u00a0\u00a0 \u00a086<br \/>\n1. Normas comunes\u00a0\u00a0 \u00a0\u00a0\u00a0 \u00a086<br \/>\n2. Normas Especiales\u00a0\u00a0 \u00a0\u00a0\u00a0 \u00a094<br \/>\na) De la constituci\u00f3n del derecho de aprovechamiento\u00a0\u00a0 \u00a0\u00a0\u00a0 \u00a094<br \/>\nb) De la construcci\u00f3n, modificaci\u00f3n, cambio y unificaci\u00f3n de bocatomas\u00a0\u00a0 \u00a0\u00a0\u00a0 \u00a0102<br \/>\nc) Del cambio de fuente de abastecimiento\u00a0\u00a0 \u00a0\u00a0\u00a0 \u00a0104<br \/>\nd) Del traslado del ejercicio de los derechos de aprovechamiento\u00a0\u00a0 \u00a0\u00a0\u00a0 \u00a0105<br \/>\ne) De la formaci\u00f3n de roles provisionales de usuarios por la Direcci\u00f3n General de Aguas\u00a0\u00a0 \u00a0\u00a0\u00a0 \u00a0106<br \/>\nf) Del perfeccionamiento del derecho de aprovechamiento\u00a0\u00a0 \u00a0\u00a0\u00a0 \u00a0107<br \/>\ng) De las modificaciones en cauces naturales o artificiales\u00a0\u00a0 \u00a0\u00a0\u00a0 \u00a0108<br \/>\nh) De la fiscalizaci\u00f3n\u00a0\u00a0 \u00a0\u00a0\u00a0 \u00a0109<br \/>\n3. De las sanciones\u00a0\u00a0 \u00a0\u00a0\u00a0 \u00a0112<br \/>\nT\u00edtulo II. DE LOS PROCEDIMIENTOS JUDICIALES EN LOS JUICIOS SOBRE AGUAS EN GENERAL\u00a0\u00a0 \u00a0\u00a0\u00a0 \u00a0116<br \/>\n1. Normas Generales\u00a0\u00a0 \u00a0\u00a0\u00a0 \u00a0116<br \/>\n2. Del amparo judicial\u00a0\u00a0 \u00a0\u00a0\u00a0 \u00a0117<br \/>\n3. Del arbitraje\u00a0\u00a0 \u00a0\u00a0\u00a0 \u00a0118<br \/>\nT\u00edtulo III. DE LAS ORGANIZACIONES DE USUARIOS\u00a0\u00a0 \u00a0\u00a0\u00a0 \u00a0119<br \/>\n1. De las Comunidades de Aguas\u00a0\u00a0 \u00a0\u00a0\u00a0 \u00a0119<br \/>\n2. De la Comunidades de Obras de Drenaje\u00a0\u00a0 \u00a0\u00a0\u00a0 \u00a0138<br \/>\n3. De las Asociaciones de Canalistas y otras Organizaciones de Usuarios\u00a0\u00a0 \u00a0\u00a0\u00a0 \u00a0139<br \/>\n4. De las Juntas de Vigilancia\u00a0\u00a0 \u00a0\u00a0\u00a0 \u00a0140<br \/>\n5. Normas comunes para las organizaciones\u00a0\u00a0 \u00a0\u00a0\u00a0 \u00a0149<br \/>\n6. Planes Estrat\u00e9gicos de Recursos H\u00eddricos en Cuencas\u00a0\u00a0 \u00a0\u00a0\u00a0 \u00a0150<br \/>\nLIBRO TERCERO<br \/>\nT\u00edtulo I. DE LA CONSTRUCCI\u00d3N DE CIERTAS OBRAS HIDR\u00c1ULICAS\u00a0\u00a0 \u00a0\u00a0\u00a0 \u00a0153<br \/>\nT\u00edtulo II. DE LAS DIRECCI\u00d3N GENERAL DE AGUAS\u00a0\u00a0 \u00a0\u00a0\u00a0 \u00a0154<br \/>\nT\u00edtulo final. DISPOSICIONES GENERALES\u00a0\u00a0 \u00a0\u00a0\u00a0 \u00a0162<br \/>\nDISPOSICIONES TRANSITORIAS\u00a0\u00a0 \u00a0\u00a0\u00a0 \u00a0167<br \/>\nDECRETOS SUPREMOS<br \/>\nDECRETO SUPREMO N\u00ba 187 DE 28 DE JUNIO DE 1983. REGLAMENTO SOBRE REGISTRO DE ORGANIZACIONES DE USUARIOS\u00a0\u00a0 \u00a0\u00a0\u00a0 \u00a0175<br \/>\nDECRETO SUPREMO N\u00b0 1.220 DE 25 DE JULIO DE 1998 QUE APRUEBA REGLAMENTO DEL CATASTRO P\u00daBLICO DE AGUAS\u00a0\u00a0 \u00a0\u00a0\u00a0 \u00a0179<br \/>\nDECRETO SUPREMO N\u00ba 743 DE 16 DE DICIEMBRE DE 2005 QUE FIJA TABLA DE EQUIVALENCIAS ENTRE CAUDALES DE AGUA Y USOS, QUE REFLEJA LAS PR\u00c1CTICAS HABITUALES EN EL PA\u00cdS EN MATERIA DE APROVECHAMIENTO DE AGUAS\u00a0\u00a0 \u00a0\u00a0\u00a0 \u00a0209<br \/>\nDECRETO SUPREMO N\u00b0 177 DE 20 DE JUNIO DE 2012 QUE APRUEBA USOS NO CONTEMPLADOS EN LA TABLA DE EQUIVALENCIA ENTRE CAUDALES DE AGUA Y USOS DEL DECRETO N\u00ba 743, DE 2005, Y RECTIFICA DEFINICI\u00d3N DE USO EN GENERACI\u00d3N HIDROEL\u00c9CTRICA POR CENTRALES DE PASADA\u00a0\u00a0 \u00a0\u00a0\u00a0 \u00a0219<br \/>\nDECRETO SUPREMO N\u00ba 14 DE 30 DE JULIO DE 2013 QUE APRUEBA REGLAMENTO PARA LA DETERMINACI\u00d3N DEL CAUDAL ECOL\u00d3GICO M\u00cdNIMO\u00a0\u00a0 \u00a0\u00a0\u00a0 \u00a0223<br \/>\nDECRETO SUPREMO N\u00ba 203 DE 7 DE MARZO DE 2014 QUE APRUEBA REGLAMENTO SOBRE NORMAS DE EXPLORACI\u00d3N Y EXPLOTACI\u00d3N DE AGUAS SUBTERR\u00c1NEAS\u00a0\u00a0 \u00a0\u00a0\u00a0 \u00a0231<br \/>\nDECRETO SUPREMO N\u00ba 50 DE 19 DE DICIEMBRE DE 2015 QUE APRUEBA REGLAMENTO A QUE SE REFIERE EL ART\u00cdCULO 295 INCISO 2\u00ba, DEL C\u00d3DIGO DE AGUAS, ESTABLECIENDO LAS CONDICIONES T\u00c9CNICAS QUE DEBER\u00c1N CUMPLIRSE EN EL PROYECTO, CONSTRUCCI\u00d3N Y OPERACI\u00d3N DE LAS OBRAS HIDR\u00c1ULICAS IDENTIFICADAS EN EL ART\u00cdCULO 294 DEL REFERIDO TEXTO LEGAL\u00a0\u00a0 \u00a0\u00a0\u00a0 \u00a0263<br \/>\nNORMAS COMPLEMENTARIAS<br \/>\nLEY N\u00ba 20.017 QUE MODIFICA EL C\u00d3DIGO DE AGUAS\u00a0\u00a0 \u00a0\u00a0\u00a0 \u00a0317<br \/>\nLEY N\u00ba 20.411 QUE IMPIDE LA CONSTITUCI\u00d3N DE DERECHOS DE APROVECHAMIENTO DE AGUAS EN VIRTUD DEL ART\u00cdCULO 4\u00ba TRANSITORIO DE LA LEY 20.017 DE 2005, EN DETERMINADAS ZONAS O \u00c1REAS\u00a0\u00a0 \u00a0\u00a0\u00a0 \u00a0355<br \/>\nLEY N\u00ba 20.491 QUE MODIFICA EL ART\u00cdCULO \u00daNICO DE LA LEY N\u00ba 20.411, DE 2009\u00a0\u00a0 \u00a0\u00a0\u00a0 \u00a0359<br \/>\nLEY N\u00ba 21.064 QUE INTRODUCE MODIFICACIONES AL MARCO NORMATIVO QUE RIGE LAS AGUAS EN MATERIA DE FISCALIZACI\u00d3N Y SANCIONES\u00a0\u00a0 \u00a0\u00a0\u00a0 \u00a0361<br \/>\nDISPOSICIONES TRANSITORIAS LEY N\u00b0 21.435 QUE REFORMA EL C\u00d3DIGO DE AGUAS\u00a0\u00a0 \u00a0\u00a0\u00a0 \u00a0383<br \/>\nACTOS Y RESOLUCIONES DE LA DIRECCI\u00d3N GENERAL DE AGUAS<br \/>\nRESOLUCI\u00d3N N\u00ba 3.504 DE 17 DE DICIEMBRE DE 2008 QUE DEJA SIN EFECTO RESOLUCI\u00d3N DGA EXENTA N\u00ba 1503, DE 31 DE MAYO DE 2002 Y APRUEBA NUEVO \u201cMANUAL DE NORMAS Y PROCEDIMIENTOS PARA LA ADMINISTRACI\u00d3N DE RECURSOS H\u00cdDRICOS-2008\u201d, SIT N\u00b0 156, DE DICIEMBRE DE 2008\u00a0\u00a0 \u00a0\u00a0\u00a0 \u00a0395<br \/>\nRESOLUCI\u00d3N N\u00ba 1.800 DE 14 DE JULIO DE 2010 QUE ESTABLECE CRITERIOS DE LA DIRECCI\u00d3N GENERAL DE AGUAS EN MATERIAS QUE INDICA\u00a0\u00a0 \u00a0\u00a0\u00a0 \u00a0397<br \/>\nMANUAL DE PROCEDIMIENTO SANCIONATORIO DE FISCALIZACI\u00d3N DE LA UNIDAD DE FISCALIZACI\u00d3N NIVEL CENTRAL, DE ABRIL DE 2018\u00a0\u00a0 \u00a0\u00a0\u00a0 \u00a0409<br \/>\nRESOLUCI\u00d3N N\u00ba 1.238 EXENTA DE 21 DE JUNIO DE 2019 QUE DETERMINA LAS CONDICIONES T\u00c9CNICAS Y LOS PLAZOS A NIVEL NACIONAL PARA CUMPLIR CON OBLIGACI\u00d3N DE INSTALAR Y MANTENER UN SISTEMA DE MONITOREO Y TRANSMISI\u00d3N DE EXTRACCIONES EFECTIVAS EN LAS OBRAS DE CAPTACI\u00d3N DE AGUAS SUBTERR\u00c1NEAS\u00a0\u00a0 \u00a0\u00a0\u00a0 \u00a0463<br \/>\nRESOLUCI\u00d3N N\u00b0 1104 EXENTA 11 DE MAYO DE 2022 QUE ESTABLECE CONDICIONES T\u00c9CNICAS M\u00cdNIMAS, OBLIGACIONES Y LIMITACIONES, QUE DEBEN CUMPLIR LOS ACUERDOS DE REDISTRIBUCI\u00d3N DE LAS AGUAS, Y ESTABLECE PROCEDIMIENTO DE REVISI\u00d3N, CONFORME AL ART 314 DEL C\u00d3DIGO DE AGUAS\u00a0\u00a0 \u00a0\u00a0\u00a0 \u00a0485<br \/>\nRESOLUCI\u00d3N N\u00b01331 EXENTA DE 7 DE JUNIO DE 2022 QUE DEJA SIN EFECTO LA RESOLUCI\u00d3N D.G.A. N\u00b0 1.674 (EXENTA), DE 12 DE JUNIO DE 2012, Y ESTABLECE CRITERIOS QUE DETERMINAN EL CAR\u00c1CTER DE SEVERA SEQU\u00cdA, DE CONFORMIDAD A LO DISPUESTO EN EL ART\u00cdCULO 314 DEL C\u00d3DIGO DE AGUAS\u00a0\u00a0 \u00a0\u00a0\u00a0 \u00a0495<br \/>\nNORMATIVA RELACIONADA<br \/>\nART\u00cdCULOS 459 A 461 DEL C\u00d3DIGO PENAL\u00a0\u00a0 \u00a0\u00a0\u00a0 \u00a0507<br \/>\nRESOLUCI\u00d3N N\u00ba 135 DE 31 DE ENERO DE 2020 QUE DETERMINA OBRAS Y CARACTER\u00cdSTICAS QUE DEBEN O NO SER APROBADAS POR LA DIRECCI\u00d3N GENERAL DE AGUAS EN LOS T\u00c9RMINOS SE\u00d1ALADOS EN EL ART\u00cdCULO 41 DEL C\u00d3DIGO DE AGUAS\u00a0\u00a0 \u00a0\u00a0\u00a0 \u00a0509<br \/>\nLEY N\u00ba 11.402 QUE DISPONE QUE LAS OBRAS DE DEFENSA Y REGULARIZACI\u00d3N DE LAS RIBERAS Y CAUCES DE LOS R\u00cdOS, LAGUNAS Y ESTEROS QUE SE REALICEN CON PARTICIPACI\u00d3N FISCAL, SOLAMENTE PODR\u00c1N SER EJECUTADAS Y PROYECTADAS POR LA DIRECCI\u00d3N DE OBRAS SANITARIAS DEL MINISTERIO DE OBRAS P\u00daBLICAS\u00a0\u00a0 \u00a0\u00a0\u00a0 \u00a0521<br \/>\nART\u00cdCULOS 110 Y 111 DE LA LEY N\u00ba 18.248, C\u00d3DIGO DE MINER\u00cdA\u00a0\u00a0 \u00a0\u00a0\u00a0 \u00a0527<br \/>\nART\u00cdCULOS 20, 21, 22 y 64 DE LA LEY N\u00ba 19.253 QUE ESTABLECE NORMAS SOBRE PROTECCI\u00d3N, FOMENTO Y DESARROLLO DE LOS IND\u00cdGENAS, Y CREA LA CORPORACI\u00d3N NACIONAL DE DESARROLLO IND\u00cdGENA\u00a0\u00a0 \u00a0\u00a0\u00a0 \u00a0529<br \/>\nLEY N\u00ba 19.657 SOBRE CONCESIONES DE ENERG\u00cdA GEOT\u00c9RMICA\u00a0\u00a0 \u00a0\u00a0\u00a0 \u00a0533<br \/>\nLEY N\u00ba 20.304 SOBRE OPERACI\u00d3N DE EMBALSES FRENTE A ALERTAS Y EMERGENCIAS DE CRECIDAS Y OTRAS MEDIDAS QUE INDICA\u00a0\u00a0 \u00a0\u00a0\u00a0 \u00a0555<br \/>\nDECRETO SUPREMO N\u00ba 138 DE 6 DE FEBRERO DE 2010 QUE APRUEBA REGLAMENTO DE LEY N\u00ba 20.304, SOBRE OPERACI\u00d3N DE EMBALSES FRENTE A CRECIDAS Y OTRAS MEDIDAS QUE INDICA\u00a0\u00a0 \u00a0\u00a0\u00a0 \u00a0567<br \/>\nNORMATIVA SOBRE RIEGO<br \/>\nDECRETO CON FUERZA DE LEY N\u00ba 1.123 QUE ESTABLECE NORMAS SOBRE EJECUCI\u00d3N DE OBRAS DE RIEGO POR EL ESTADO\u00a0\u00a0 \u00a0\u00a0\u00a0 \u00a0581<br \/>\nDECRETO SUPREMO N\u00ba 285 DE 11 DE ENERO DE 1995 QUE REGLAMENTA PROCEDIMIENTO PARA APLICACI\u00d3N DEL D.F.L. 1.123\/81, SOBRE EJECUCI\u00d3N DE OBRAS DE RIEGO POR EL ESTADO\u00a0\u00a0 \u00a0\u00a0\u00a0 \u00a0587<br \/>\nDECRETO CON FUERZA DE LEY N\u00ba 7 QUE FIJA TEXTO REFUNDIDO DEL DECRETO LEY N\u00ba 1.172, DE 1975, QUE CRE\u00d3 LA COMISI\u00d3N NACIONAL DE RIEGO\u00a0\u00a0 \u00a0\u00a0\u00a0 \u00a0599<br \/>\nDECRETO SUPREMO N\u00ba 179 DE 16 DE AGOSTO DE 1984 QUE FIJA EL TEXTO ACTUALIZADO DEL DECRETO N\u00ba 795, DE 1975, QUE APROB\u00d3 EL REGLAMENTO DE LA COMISI\u00d3N NACIONAL DE RIEGO\u00a0\u00a0 \u00a0\u00a0\u00a0 \u00a0605<br \/>\nLEY N\u00ba 18.450 QUE APRUEBA NORMAS PARA EL FOMENTO DE LA INVERSI\u00d3N PRIVADA EN OBRAS DE RIEGO Y DRENAJE\u00a0\u00a0 \u00a0\u00a0\u00a0 \u00a0611<br \/>\nDECRETO SUPREMO N\u00ba 95 DE 23 DE ABRIL DE 2015 QUE APRUEBA NUEVO REGLAMENTO DE LA LEY N\u00ba 18.450 DE FOMENTO A LA INVERSI\u00d3N PRIVADA EN OBRAS DE RIEGO Y DRENAJE, MODIFICADA POR LA LEY N\u00ba 20.705\u00a0\u00a0 \u00a0\u00a0\u00a0 \u00a0625<\/p>\n<p>\u00cdNDICE ANAL\u00cdTICO\u00a0\u00a0 \u00a0\u00a0\u00a0 \u00a0689<\/p>\n","protected":false},"excerpt":{"rendered":"<p>C\u00f3digo de Aguas de Chile 4\u00aa Edici\u00f3n con Ap\u00e9ndice Legislativo. \u00cdndices tem\u00e1tico y anal\u00edtico Incluye: Ley N\u00ba 20.017 Ley N\u00ba 20.411 Ley N\u00ba 20.491 Ley N\u00ba 21.064 Disposiciones de la Ley N\u00ba 21.435 Actos y Resoluciones de la Direcci\u00f3n General de Aguas Normativa relacionada &nbsp; \u00cdndice INTRODUCCI\u00d3N A LA TERCERA EDICI\u00d3N\u00a0\u00a0 \u00a0\u00a0\u00a0 \u00a013 ART\u00cdCULO 19 N\u00b0 24 DE LA CONSTITUCI\u00d3N POL\u00cdTICA DE LA REP\u00daBLICA\u00a0\u00a0 \u00a0\u00a0\u00a0 \u00a015 DECRETO LEY N\u00b0 2.603 QUE MODIFICA Y COMPLEMENTA EL ACTA CONSTITUCIONAL N\u00b03; Y ESTABLECE NORMAS SOBRE DERECHOS DE APROVECHAMIENTO DE AGUAS Y FACULTA AL PRESIDENTE DE LA REP\u00daBLICA PARA QUE ESTABLEZCA EL R\u00c9GIMEN JUR\u00cdDICO GENERAL DE LAS AGUAS\u00a0\u00a0 \u00a0\u00a0\u00a0 \u00a019 DECRETO CON FUERZA DE LEY N\u00ba 1.122 QUE FIJA EL TEXTO DEL C\u00d3DIGO DE AGUAS LIBRO PRIMERO. DE LAS AGUAS Y DEL DERECHO DE APROVECHAMIENTO T\u00edtulo I. DISPOSICIONES GENERALES\u00a0\u00a0 \u00a0\u00a0\u00a0 \u00a023 T\u00edtulo II. DEL APROVECHAMIENTO DE LAS AGUAS Y SUS FUNCIONES\u00a0\u00a0 \u00a0\u00a0\u00a0 \u00a024 T\u00edtulo III. DE LA CONSTITUCI\u00d3N DEL DERECHO DE APROVECHAMIENTO\u00a0\u00a0 \u00a0\u00a0\u00a0 \u00a033 T\u00edtulo IV. DE LOS CAUCES DE LAS AGUAS\u00a0\u00a0 \u00a0\u00a0\u00a0 \u00a036 1. De los \u00e1lveos o cauces naturales\u00a0\u00a0 \u00a0\u00a0\u00a0 \u00a036 2. De los \u00e1lveos de aguas detenidas\u00a0\u00a0 \u00a0\u00a0\u00a0 \u00a037 3. De los cauces artificiales y de otras obras\u00a0\u00a0 \u00a0\u00a0\u00a0 \u00a037 4. De la concesi\u00f3n de cauces de uso p\u00fablico para conducir aguas de aprovechamiento particular\u00a0\u00a0 \u00a0\u00a0\u00a0 \u00a038 5. Disposiciones especiales\u00a0\u00a0 \u00a0\u00a0\u00a0 \u00a038 T\u00edtulo V. DE LOS DERRAMES Y DRENAJES DE AGUA\u00a0\u00a0 \u00a0\u00a0\u00a0 \u00a039 1. De los derrames\u00a0\u00a0 \u00a0\u00a0\u00a0 \u00a039 2. De los drenajes\u00a0\u00a0 \u00a0\u00a0\u00a0 \u00a040 3. Normas generales\u00a0\u00a0 \u00a0\u00a0\u00a0 \u00a041 T\u00edtulo VI. DE LAS AGUAS SUBTERR\u00c1NEAS\u00a0\u00a0 \u00a0\u00a0\u00a0 \u00a042 1. Normas generales\u00a0\u00a0 \u00a0\u00a0\u00a0 \u00a042 2. De la exploraci\u00f3n de las aguas subterr\u00e1neas\u00a0\u00a0 \u00a0\u00a0\u00a0 \u00a044 3. De la explotaci\u00f3n de aguas subterr\u00e1neas\u00a0\u00a0 \u00a0\u00a0\u00a0 \u00a046 T\u00edtulo VII. DE LAS SERVIDUMBRES E HIPOTECAS\u00a0\u00a0 \u00a0\u00a0\u00a0 \u00a053 1. De las servidumbres\u00a0\u00a0 \u00a0\u00a0\u00a0 \u00a053 a) Disposiciones generales\u00a0\u00a0 \u00a0\u00a0\u00a0 \u00a053 b) De la servidumbre natural de escurrimiento\u00a0\u00a0 \u00a0\u00a0\u00a0 \u00a054 c) De la servidumbre de acueducto\u00a0\u00a0 \u00a0\u00a0\u00a0 \u00a054 d) De las servidumbres de derrames y de drenaje\u00a0\u00a0 \u00a0\u00a0\u00a0 \u00a059 e) De otras servidumbres necesarias para ejercer el derecho de aprovechamiento\u00a0\u00a0 \u00a0\u00a0\u00a0 \u00a060 f) De la servidumbre de abrevadero\u00a0\u00a0 \u00a0\u00a0\u00a0 \u00a061 g) De la servidumbre de camino de sirga\u00a0\u00a0 \u00a0\u00a0\u00a0 \u00a061 h) De la servidumbre para investigar\u00a0\u00a0 \u00a0\u00a0\u00a0 \u00a062 i) De las servidumbres voluntarias\u00a0\u00a0 \u00a0\u00a0\u00a0 \u00a062 j) De la extinci\u00f3n de las servidumbres\u00a0\u00a0 \u00a0\u00a0\u00a0 \u00a062 2. De la hipoteca del derecho de aprovechamiento\u00a0\u00a0 \u00a0\u00a0\u00a0 \u00a063 T\u00edtulo VIII. DEL REGISTRO DE AGUAS, DE LA INSCRIPCI\u00d3N DE LOS DERECHOS DE APROVECHAMIENTO Y DEL INVENTARIO DEL RECURSO\u00a0\u00a0 \u00a0\u00a0\u00a0 \u00a063 T\u00edtulo IX. DE LAS ACCIONES POSESORIAS SOBRE AGUAS Y DE LA EXTINCI\u00d3N DEL DERECHO DE APROVECHAMIENTO\u00a0\u00a0 \u00a0\u00a0\u00a0 \u00a068 T\u00edtulo X. DE LA PROTECCI\u00d3N DE LAS AGUAS Y CAUCES\u00a0\u00a0 \u00a0\u00a0\u00a0 \u00a070 T\u00edtulo XI. DEL PAGO DE UNA PATENTE POR LA NO UTILIZACI\u00d3N DE LAS AGUAS\u00a0\u00a0 \u00a0\u00a0\u00a0 \u00a074 LIBRO SEGUNDO. DE LOS PROCEDIMIENTOS T\u00edtulo I. DE LOS PROCEDIMIENTOS ADMINISTRATIVOS\u00a0\u00a0 \u00a0\u00a0\u00a0 \u00a086 1. Normas comunes\u00a0\u00a0 \u00a0\u00a0\u00a0 \u00a086 2. Normas Especiales\u00a0\u00a0 \u00a0\u00a0\u00a0 \u00a094 a) De la constituci\u00f3n del derecho de aprovechamiento\u00a0\u00a0 \u00a0\u00a0\u00a0 \u00a094 b) De la construcci\u00f3n, modificaci\u00f3n, cambio y unificaci\u00f3n de bocatomas\u00a0\u00a0 \u00a0\u00a0\u00a0 \u00a0102 c) Del cambio de fuente de abastecimiento\u00a0\u00a0 \u00a0\u00a0\u00a0 \u00a0104 d) Del traslado del ejercicio de los derechos de aprovechamiento\u00a0\u00a0 \u00a0\u00a0\u00a0 \u00a0105 e) De la formaci\u00f3n de roles provisionales de usuarios por la Direcci\u00f3n General de Aguas\u00a0\u00a0 \u00a0\u00a0\u00a0 \u00a0106 f) Del perfeccionamiento del derecho de aprovechamiento\u00a0\u00a0 \u00a0\u00a0\u00a0 \u00a0107 g) De las modificaciones en cauces naturales o artificiales\u00a0\u00a0 \u00a0\u00a0\u00a0 \u00a0108 h) De la fiscalizaci\u00f3n\u00a0\u00a0 \u00a0\u00a0\u00a0 \u00a0109 3. De las sanciones\u00a0\u00a0 \u00a0\u00a0\u00a0 \u00a0112 T\u00edtulo II. DE LOS PROCEDIMIENTOS JUDICIALES EN LOS JUICIOS SOBRE AGUAS EN GENERAL\u00a0\u00a0 \u00a0\u00a0\u00a0 \u00a0116 1. Normas Generales\u00a0\u00a0 \u00a0\u00a0\u00a0 \u00a0116 2. Del amparo judicial\u00a0\u00a0 \u00a0\u00a0\u00a0 \u00a0117 3. Del arbitraje\u00a0\u00a0 \u00a0\u00a0\u00a0 \u00a0118 T\u00edtulo III. DE LAS ORGANIZACIONES DE USUARIOS\u00a0\u00a0 \u00a0\u00a0\u00a0 \u00a0119 1. De las Comunidades de Aguas\u00a0\u00a0 \u00a0\u00a0\u00a0 \u00a0119 2. De la Comunidades de Obras de Drenaje\u00a0\u00a0 \u00a0\u00a0\u00a0 \u00a0138 3. De las Asociaciones de Canalistas y otras Organizaciones de Usuarios\u00a0\u00a0 \u00a0\u00a0\u00a0 \u00a0139 4. De las Juntas de Vigilancia\u00a0\u00a0 \u00a0\u00a0\u00a0 \u00a0140 5. Normas comunes para las organizaciones\u00a0\u00a0 \u00a0\u00a0\u00a0 \u00a0149 6. Planes Estrat\u00e9gicos de Recursos H\u00eddricos en Cuencas\u00a0\u00a0 \u00a0\u00a0\u00a0 \u00a0150 LIBRO TERCERO T\u00edtulo I. DE LA CONSTRUCCI\u00d3N DE CIERTAS OBRAS HIDR\u00c1ULICAS\u00a0\u00a0 \u00a0\u00a0\u00a0 \u00a0153 T\u00edtulo II. DE LAS DIRECCI\u00d3N GENERAL DE AGUAS\u00a0\u00a0 \u00a0\u00a0\u00a0 \u00a0154 T\u00edtulo final. DISPOSICIONES GENERALES\u00a0\u00a0 \u00a0\u00a0\u00a0 \u00a0162 DISPOSICIONES TRANSITORIAS\u00a0\u00a0 \u00a0\u00a0\u00a0 \u00a0167 DECRETOS SUPREMOS DECRETO SUPREMO N\u00ba 187 DE 28 DE JUNIO DE 1983. REGLAMENTO SOBRE REGISTRO DE ORGANIZACIONES DE USUARIOS\u00a0\u00a0 \u00a0\u00a0\u00a0 \u00a0175 DECRETO SUPREMO N\u00b0 1.220 DE 25 DE JULIO DE 1998 QUE APRUEBA REGLAMENTO DEL CATASTRO P\u00daBLICO DE AGUAS\u00a0\u00a0 \u00a0\u00a0\u00a0 \u00a0179 DECRETO SUPREMO N\u00ba 743 DE 16 DE DICIEMBRE DE 2005 QUE FIJA TABLA DE EQUIVALENCIAS ENTRE CAUDALES DE AGUA Y USOS, QUE REFLEJA LAS PR\u00c1CTICAS HABITUALES EN EL PA\u00cdS EN MATERIA DE APROVECHAMIENTO DE AGUAS\u00a0\u00a0 \u00a0\u00a0\u00a0 \u00a0209 DECRETO SUPREMO N\u00b0 177 DE 20 DE JUNIO DE 2012 QUE APRUEBA USOS NO CONTEMPLADOS EN LA TABLA DE EQUIVALENCIA ENTRE CAUDALES DE AGUA Y USOS DEL DECRETO N\u00ba 743, DE 2005, Y RECTIFICA DEFINICI\u00d3N DE USO EN GENERACI\u00d3N HIDROEL\u00c9CTRICA POR CENTRALES DE PASADA\u00a0\u00a0 \u00a0\u00a0\u00a0 \u00a0219 DECRETO SUPREMO N\u00ba 14 DE 30 DE JULIO DE 2013 QUE APRUEBA REGLAMENTO PARA LA DETERMINACI\u00d3N DEL CAUDAL ECOL\u00d3GICO M\u00cdNIMO\u00a0\u00a0 \u00a0\u00a0\u00a0 \u00a0223 DECRETO SUPREMO N\u00ba 203 DE 7 DE MARZO DE 2014 QUE APRUEBA REGLAMENTO SOBRE NORMAS DE EXPLORACI\u00d3N Y EXPLOTACI\u00d3N DE AGUAS SUBTERR\u00c1NEAS\u00a0\u00a0 \u00a0\u00a0\u00a0 \u00a0231 DECRETO SUPREMO N\u00ba 50 DE 19 DE DICIEMBRE DE 2015 QUE APRUEBA REGLAMENTO A QUE SE REFIERE EL ART\u00cdCULO 295 INCISO 2\u00ba, DEL C\u00d3DIGO DE AGUAS, ESTABLECIENDO LAS CONDICIONES T\u00c9CNICAS QUE DEBER\u00c1N CUMPLIRSE EN EL PROYECTO, CONSTRUCCI\u00d3N Y OPERACI\u00d3N DE LAS OBRAS HIDR\u00c1ULICAS IDENTIFICADAS EN EL ART\u00cdCULO 294 DEL REFERIDO TEXTO LEGAL\u00a0\u00a0 \u00a0\u00a0\u00a0 \u00a0263 NORMAS COMPLEMENTARIAS LEY N\u00ba 20.017 QUE MODIFICA EL C\u00d3DIGO DE AGUAS\u00a0\u00a0 \u00a0\u00a0\u00a0 \u00a0317 LEY N\u00ba 20.411 QUE IMPIDE LA CONSTITUCI\u00d3N DE DERECHOS DE APROVECHAMIENTO DE AGUAS EN VIRTUD DEL ART\u00cdCULO 4\u00ba TRANSITORIO DE LA LEY 20.017 DE 2005, EN DETERMINADAS ZONAS O \u00c1REAS\u00a0\u00a0 \u00a0\u00a0\u00a0 \u00a0355 LEY N\u00ba 20.491 QUE MODIFICA EL ART\u00cdCULO \u00daNICO DE LA LEY N\u00ba 20.411, DE 2009\u00a0\u00a0 \u00a0\u00a0\u00a0 \u00a0359 LEY N\u00ba 21.064 QUE INTRODUCE MODIFICACIONES AL<\/p>\n","protected":false},"featured_media":3048,"comment_status":"open","ping_status":"closed","template":"","meta":{"inline_featured_image":false,"_joinchat":[]},"product_brand":[],"product_cat":[45],"product_tag":[],"class_list":{"0":"post-3002","1":"product","2":"type-product","3":"status-publish","4":"has-post-thumbnail","6":"product_cat-administrativo","7":"product_shipping_class-a-convenir","9":"first","10":"instock","11":"shipping-taxable","12":"purchasable","13":"product-type-simple"},"_links":{"self":[{"href":"https:\/\/bibliotecajuridicavirtual.cl\/index.php\/wp-json\/wp\/v2\/product\/3002","targetHints":{"allow":["GET"]}}],"collection":[{"href":"https:\/\/bibliotecajuridicavirtual.cl\/index.php\/wp-json\/wp\/v2\/product"}],"about":[{"href":"https:\/\/bibliotecajuridicavirtual.cl\/index.php\/wp-json\/wp\/v2\/types\/product"}],"replies":[{"embeddable":true,"href":"https:\/\/bibliotecajuridicavirtual.cl\/index.php\/wp-json\/wp\/v2\/comments?post=3002"}],"wp:featuredmedia":[{"embeddable":true,"href":"https:\/\/bibliotecajuridicavirtual.cl\/index.php\/wp-json\/wp\/v2\/media\/3048"}],"wp:attachment":[{"href":"https:\/\/bibliotecajuridicavirtual.cl\/index.php\/wp-json\/wp\/v2\/media?parent=3002"}],"wp:term":[{"taxonomy":"product_brand","embeddable":true,"href":"https:\/\/bibliotecajuridicavirtual.cl\/index.php\/wp-json\/wp\/v2\/product_brand?post=3002"},{"taxonomy":"product_cat","embeddable":true,"href":"https:\/\/bibliotecajuridicavirtual.cl\/index.php\/wp-json\/wp\/v2\/product_cat?post=3002"},{"taxonomy":"product_tag","embeddable":true,"href":"https:\/\/bibliotecajuridicavirtual.cl\/index.php\/wp-json\/wp\/v2\/product_tag?post=3002"}],"curies":[{"name":"wp","href":"https:\/\/api.w.org\/{rel}","templated":true}]}}