{"id":3004,"date":"2026-02-28T01:07:57","date_gmt":"2026-02-28T04:07:57","guid":{"rendered":"https:\/\/bibliotecajuridicavirtual.cl\/?post_type=product&#038;p=3004"},"modified":"2026-02-28T01:08:31","modified_gmt":"2026-02-28T04:08:31","slug":"propuesta-de-constitucion-politica-de-la-republica-de-chile-2023-autor-editorial-juridica-de-chile","status":"publish","type":"product","link":"https:\/\/bibliotecajuridicavirtual.cl\/index.php\/product\/propuesta-de-constitucion-politica-de-la-republica-de-chile-2023-autor-editorial-juridica-de-chile\/","title":{"rendered":"Propuesta de Constituci\u00f3n Pol\u00edtica de la Rep\u00fablica de Chile 2023. Autor Editorial Jur\u00eddica de Chile"},"content":{"rendered":"<p>Cap\u00edtulo I. Fundamentos del Orden Constitucional<\/p>\n<p>Capitulo II. Derechos y Libertades Fundamentales, Garant\u00edas y Deberes Constitucionales<\/p>\n<p>Derechos y Libertades Fundamentales<\/p>\n<p>Nacionalidad y Ciudadan\u00eda<\/p>\n<p>Garant\u00edas de los Derechos y Libertades<\/p>\n<p>Estados de Excepci\u00f3n<\/p>\n<p>Deberes Constitucionales<\/p>\n<p>Capitulo III. Representaci\u00f3n Pol\u00edtica y Participaci\u00f3n<\/p>\n<p>Partidos Pol\u00edticos<\/p>\n<p>Mecanismos de Participaci\u00f3n<\/p>\n<p>Capitulo IV. Congreso Nacional<\/p>\n<p>Composici\u00f3n de la C\u00e1mara de Diputados y Diputadas y del Senado<\/p>\n<p>Atribuciones Exclusivas de la C\u00e1mara de Diputadas y Diputados<\/p>\n<p>Funcionamiento del Congreso Nacional<\/p>\n<p>Estatuto Parlamentario<\/p>\n<p>Materias de Ley<\/p>\n<p>Formaci\u00f3n de la Ley<\/p>\n<p>Cap\u00edtulo V. Gobierno y Administraci\u00f3n del Estado<\/p>\n<p>Presidente de la Rep\u00fablica<\/p>\n<p>Ministros de Estado<\/p>\n<p>Bases Generales de la Administraci\u00f3n del Estado<\/p>\n<p>Disposiciones Generales<\/p>\n<p>Cap\u00edtulo VI. Defensa Nacional<\/p>\n<p>Cap\u00edtulo VII Seguridad P\u00fablica<\/p>\n<p>Fuerzas de Orden y Seguridad P\u00fablica<\/p>\n<p>Carabineros de Chile y la Polic\u00eda de Investigaciones de Chile<\/p>\n<p>Gendarmer\u00eda de Chile<\/p>\n<p>Disposiciones Generales<\/p>\n<p>Capitulo VIII Gobierno y Administraci\u00f3n Regional y Local<\/p>\n<p>Gobierno Regional<\/p>\n<p>Gobierno Local<\/p>\n<p>Territorios Especiales y Estrat\u00e9gicos para el Desarrollo del Pa\u00eds<\/p>\n<p>Territorio Chileno Ant\u00e1rtico<\/p>\n<p>Desconcentraci\u00f3n de la Administraci\u00f3n del Estado<\/p>\n<p>Descentralizaci\u00f3n Fiscal<\/p>\n<p>Disposiciones Generales<\/p>\n<p>Cap\u00edtulo IX. Poder Judicial<\/p>\n<p>Cap\u00edtulo X. Tribunal Constitucional<\/p>\n<p>Cap\u00edtulo XI. Servicio Nacional de Acceso a la Justicia y Defensor\u00eda de las V\u00edctimas<\/p>\n<p>Cap\u00edtulo XII. Ministerio P\u00fablico<\/p>\n<p>Cap\u00edtulo XIII. Justicia Electoral y Servicio Electoral<\/p>\n<p>Cap\u00edtulo XIV Contralor\u00eda General de la Rep\u00fablica<\/p>\n<p>Cap\u00edtulo XV Banco Central<\/p>\n<p>Capitulo XVI Protecci\u00f3n del Medio Ambiente, Sustentabilidad y Desarrollo<\/p>\n<p>Capitulo XVII Procedimiento de Cambio Constitucional<\/p>\n<p>Disposiciones Transitorias<\/p>\n","protected":false},"excerpt":{"rendered":"<p>Cap\u00edtulo I. Fundamentos del Orden Constitucional Capitulo II. Derechos y Libertades Fundamentales, Garant\u00edas y Deberes Constitucionales Derechos y Libertades Fundamentales Nacionalidad y Ciudadan\u00eda Garant\u00edas de los Derechos y Libertades Estados de Excepci\u00f3n Deberes Constitucionales Capitulo III. Representaci\u00f3n Pol\u00edtica y Participaci\u00f3n Partidos Pol\u00edticos Mecanismos de Participaci\u00f3n Capitulo IV. Congreso Nacional Composici\u00f3n de la C\u00e1mara de Diputados y Diputadas y del Senado Atribuciones Exclusivas de la C\u00e1mara de Diputadas y Diputados Funcionamiento del Congreso Nacional Estatuto Parlamentario Materias de Ley Formaci\u00f3n de la Ley Cap\u00edtulo V. Gobierno y Administraci\u00f3n del Estado Presidente de la Rep\u00fablica Ministros de Estado Bases Generales de la Administraci\u00f3n del Estado Disposiciones Generales Cap\u00edtulo VI. Defensa Nacional Cap\u00edtulo VII Seguridad P\u00fablica Fuerzas de Orden y Seguridad P\u00fablica Carabineros de Chile y la Polic\u00eda de Investigaciones de Chile Gendarmer\u00eda de Chile Disposiciones Generales Capitulo VIII Gobierno y Administraci\u00f3n Regional y Local Gobierno Regional Gobierno Local Territorios Especiales y Estrat\u00e9gicos para el Desarrollo del Pa\u00eds Territorio Chileno Ant\u00e1rtico Desconcentraci\u00f3n de la Administraci\u00f3n del Estado Descentralizaci\u00f3n Fiscal Disposiciones Generales Cap\u00edtulo IX. Poder Judicial Cap\u00edtulo X. Tribunal Constitucional Cap\u00edtulo XI. Servicio Nacional de Acceso a la Justicia y Defensor\u00eda de las V\u00edctimas Cap\u00edtulo XII. Ministerio P\u00fablico Cap\u00edtulo XIII. Justicia Electoral y Servicio Electoral Cap\u00edtulo XIV Contralor\u00eda General de la Rep\u00fablica Cap\u00edtulo XV Banco Central Capitulo XVI Protecci\u00f3n del Medio Ambiente, Sustentabilidad y Desarrollo Capitulo XVII Procedimiento de Cambio Constitucional Disposiciones Transitorias<\/p>\n","protected":false},"featured_media":3050,"comment_status":"open","ping_status":"closed","template":"","meta":{"inline_featured_image":false,"_joinchat":[]},"product_brand":[],"product_cat":[33,57],"product_tag":[],"class_list":{"0":"post-3004","1":"product","2":"type-product","3":"status-publish","4":"has-post-thumbnail","6":"product_cat-constitucional","7":"product_cat-editorial-juridica-de-chile","8":"product_shipping_class-a-convenir","10":"first","11":"instock","12":"shipping-taxable","13":"purchasable","14":"product-type-simple"},"_links":{"self":[{"href":"https:\/\/bibliotecajuridicavirtual.cl\/index.php\/wp-json\/wp\/v2\/product\/3004","targetHints":{"allow":["GET"]}}],"collection":[{"href":"https:\/\/bibliotecajuridicavirtual.cl\/index.php\/wp-json\/wp\/v2\/product"}],"about":[{"href":"https:\/\/bibliotecajuridicavirtual.cl\/index.php\/wp-json\/wp\/v2\/types\/product"}],"replies":[{"embeddable":true,"href":"https:\/\/bibliotecajuridicavirtual.cl\/index.php\/wp-json\/wp\/v2\/comments?post=3004"}],"wp:featuredmedia":[{"embeddable":true,"href":"https:\/\/bibliotecajuridicavirtual.cl\/index.php\/wp-json\/wp\/v2\/media\/3050"}],"wp:attachment":[{"href":"https:\/\/bibliotecajuridicavirtual.cl\/index.php\/wp-json\/wp\/v2\/media?parent=3004"}],"wp:term":[{"taxonomy":"product_brand","embeddable":true,"href":"https:\/\/bibliotecajuridicavirtual.cl\/index.php\/wp-json\/wp\/v2\/product_brand?post=3004"},{"taxonomy":"product_cat","embeddable":true,"href":"https:\/\/bibliotecajuridicavirtual.cl\/index.php\/wp-json\/wp\/v2\/product_cat?post=3004"},{"taxonomy":"product_tag","embeddable":true,"href":"https:\/\/bibliotecajuridicavirtual.cl\/index.php\/wp-json\/wp\/v2\/product_tag?post=3004"}],"curies":[{"name":"wp","href":"https:\/\/api.w.org\/{rel}","templated":true}]}}