{"id":3005,"date":"2026-02-28T01:07:57","date_gmt":"2026-02-28T04:07:57","guid":{"rendered":"https:\/\/bibliotecajuridicavirtual.cl\/?post_type=product&#038;p=3005"},"modified":"2026-02-28T01:08:32","modified_gmt":"2026-02-28T04:08:32","slug":"derecho-penal-parte-especial-volumen-i-y-ii-ano-2022-1-150-pag-autor-luis-rodriguez-collao","status":"publish","type":"product","link":"https:\/\/bibliotecajuridicavirtual.cl\/index.php\/product\/derecho-penal-parte-especial-volumen-i-y-ii-ano-2022-1-150-pag-autor-luis-rodriguez-collao\/","title":{"rendered":"Derecho Penal &#8211; Parte Especial &#8211; Volumen I y II . A\u00f1o 2022\/1.150 P\u00e1g. Autor Luis Rodr\u00edguez Collao"},"content":{"rendered":"<p>DERECHO\u00a0 PENAL &#8211; PARTE ESPECIAL &#8211; VOLUMEN I<\/p>\n<p>DERECHO\u00a0 PENAL &#8211; PARTE ESPECIAL &#8211; VOLUMEN II<\/p>\n<p>Esta obra examina, desde una perspectiva dogm\u00e1tica, los principales grupos de delitos que integran la parte especial del derecho penal chileno, los cuales son objeto de un an\u00e1lisis exhaustivo y riguroso, especialmente en lo que respecta a sus fuentes hist\u00f3ricas, normativas, doctrinales y jurisprudenciales. Seg\u00fan su proyecto original, la obra consta de cuatro vol\u00famenes: los dos primeros dedicados al examen de los delitos que atentan contra bienes jur\u00eddicos individuales; el tercero, destinado a los delitos que atentan contra bienes jur\u00eddicos colectivos y el cuarto, que ostenta un car\u00e1cter eminentemente miscel\u00e1neo. En raz\u00f3n de la claridad de la exposici\u00f3n, \u00a0que no afecta para nada a la profundidad de sus contenidos, la obra est\u00e1 destinada a convertirse en un instrumento de gran utilidad, no s\u00f3lo para quienes reci\u00e9n se inician en el estudio de esta disciplina, sino tambi\u00e9n para quienes se desempe\u00f1an profesionalmente en actividades vinculadas con la jurisdicci\u00f3n criminal. Los autores de esta obra son penalistas ampliamente conocidos por sus publicaciones anteriores. Entre ellos hay personas de muy diversa formaci\u00f3n, pero a todos los une el hecho de que en alg\u00fan momento de sus vidas pasaron por las aulas de la prestigiosa Escuela de Derecho de la Pontificia Universidad Cat\u00f3lica de Valpara\u00edso.<\/p>\n<p>&nbsp;<\/p>\n<p>&nbsp;<\/p>\n<p>&nbsp;<\/p>\n<p>&nbsp;<\/p>\n","protected":false},"excerpt":{"rendered":"<p>Buscas un libro Jur\u00eddico.? Lo puedes encontrar en nuestra tienda virtual.<br \/>\nContamos con prestigiosos autores y muchas alternativas en sus diferentes materias al igual que grandes descuentos.! Vis\u00edtanos en <a class=\"CBbYpNePzBFhWBvcNlkynoaEFSgUIe \" tabindex=\"0\" href=\"https:\/\/lnkd.in\/eiAG7jdZ\" target=\"_blank\" rel=\"noopener\" data-test-app-aware-link=\"\">https:\/\/lnkd.in\/eiAG7jdZ<\/a><br \/>\nEscr\u00edbenos al +56930565235 \/ <a class=\"CBbYpNePzBFhWBvcNlkynoaEFSgUIe \" tabindex=\"0\" href=\"mailto:ventaslegallexglobal@gmail.com\" target=\"_self\" data-test-app-aware-link=\"\">ventaslegallexglobal@gmail.com<\/a><br \/>\nHacemos env\u00edos a todo Chile<\/p>\n","protected":false},"featured_media":3051,"comment_status":"open","ping_status":"closed","template":"","meta":{"inline_featured_image":false,"_joinchat":[]},"product_brand":[],"product_cat":[30],"product_tag":[],"class_list":{"0":"post-3005","1":"product","2":"type-product","3":"status-publish","4":"has-post-thumbnail","6":"product_cat-penal","7":"product_shipping_class-a-convenir","9":"first","10":"instock","11":"shipping-taxable","12":"purchasable","13":"product-type-simple"},"_links":{"self":[{"href":"https:\/\/bibliotecajuridicavirtual.cl\/index.php\/wp-json\/wp\/v2\/product\/3005","targetHints":{"allow":["GET"]}}],"collection":[{"href":"https:\/\/bibliotecajuridicavirtual.cl\/index.php\/wp-json\/wp\/v2\/product"}],"about":[{"href":"https:\/\/bibliotecajuridicavirtual.cl\/index.php\/wp-json\/wp\/v2\/types\/product"}],"replies":[{"embeddable":true,"href":"https:\/\/bibliotecajuridicavirtual.cl\/index.php\/wp-json\/wp\/v2\/comments?post=3005"}],"wp:featuredmedia":[{"embeddable":true,"href":"https:\/\/bibliotecajuridicavirtual.cl\/index.php\/wp-json\/wp\/v2\/media\/3051"}],"wp:attachment":[{"href":"https:\/\/bibliotecajuridicavirtual.cl\/index.php\/wp-json\/wp\/v2\/media?parent=3005"}],"wp:term":[{"taxonomy":"product_brand","embeddable":true,"href":"https:\/\/bibliotecajuridicavirtual.cl\/index.php\/wp-json\/wp\/v2\/product_brand?post=3005"},{"taxonomy":"product_cat","embeddable":true,"href":"https:\/\/bibliotecajuridicavirtual.cl\/index.php\/wp-json\/wp\/v2\/product_cat?post=3005"},{"taxonomy":"product_tag","embeddable":true,"href":"https:\/\/bibliotecajuridicavirtual.cl\/index.php\/wp-json\/wp\/v2\/product_tag?post=3005"}],"curies":[{"name":"wp","href":"https:\/\/api.w.org\/{rel}","templated":true}]}}