{"id":3024,"date":"2026-02-28T01:08:19","date_gmt":"2026-02-28T04:08:19","guid":{"rendered":"https:\/\/bibliotecajuridicavirtual.cl\/?post_type=product&#038;p=3024"},"modified":"2026-02-28T01:08:34","modified_gmt":"2026-02-28T04:08:34","slug":"vision-jurisprudencial-femicidio-ano-noviembre-2023-208-pag-autor-editorial-hammurabi","status":"publish","type":"product","link":"https:\/\/bibliotecajuridicavirtual.cl\/index.php\/product\/vision-jurisprudencial-femicidio-ano-noviembre-2023-208-pag-autor-editorial-hammurabi\/","title":{"rendered":"Visi\u00f3n Jurisprudencial &#8211; Femicidio. A\u00f1o Noviembre 2023\/ 208 P\u00e1g. Autor Editorial Hammurabi"},"content":{"rendered":"<ol>\n<li style=\"font-weight: 400;\"><b><strong> FICHAS DE FEMICIDIOS \u2013 CORTE SUPREMA<\/strong><\/b><\/li>\n<\/ol>\n<p style=\"font-weight: 400;\">Ficha N\u00ba 1: Delito consumado de femicidio \u00edntimo. Muerte por asfixia. Presidio perpetuo calificado<\/p>\n<p style=\"font-weight: 400;\">An\u00e1lisis de la pretensi\u00f3n y defensa<br \/>\n1. S\u00edntesis del fallo<br \/>\n2. Conclusi\u00f3n<\/p>\n<p style=\"font-weight: 400;\">Ficha N\u00ba 2: Delito de femicidio \u00edntimo en grado de desarrollo tentado, previsto y sancionado en el art\u00edculo 390 bis del C\u00f3digo Penal. Sanci\u00f3n corporal de cumplimiento efectivo<\/p>\n<p style=\"font-weight: 400;\">An\u00e1lisis de la pretensi\u00f3n y defensa<br \/>\n1. S\u00edntesis del fallo<br \/>\n2. Conclusi\u00f3n<\/p>\n<p style=\"font-weight: 400;\">Ficha N\u00ba 3: Delito frustrado de femicidio, previsto y sancionado en el art\u00edculo 390 bis del C\u00f3digo Penal. Recurso de nulidad. Testigos de o\u00eddas<\/p>\n<p style=\"font-weight: 400;\">An\u00e1lisis de la pretensi\u00f3n y defensa<br \/>\n1. S\u00edntesis del fallo<br \/>\n2. Conclusi\u00f3n<\/p>\n<p style=\"font-weight: 400;\">Ficha N\u00ba 4: Delito de femicidio \u00edntimo. Delitos de lesiones menos graves. Agresiones a pareja<\/p>\n<p style=\"font-weight: 400;\">An\u00e1lisis de la pretensi\u00f3n y defensa<br \/>\n1. S\u00edntesis del fallo<br \/>\n2. Conclusi\u00f3n<\/p>\n<p style=\"font-weight: 400;\">Ficha N\u00ba 5: Delito de femicidio, en grado de desarrollo consumado, previsto y sancionado en el art\u00edculo 390 del C\u00f3digo Penal. Arma de fuego. Recurso de nulidad<\/p>\n<p style=\"font-weight: 400;\">An\u00e1lisis de la pretensi\u00f3n y defensa<br \/>\n1. S\u00edntesis del fallo<br \/>\n2. Conclusi\u00f3n<\/p>\n<p><b><strong>II. FICHAS DE FEMICIDIOS \u2013 CORTES DE APELACIONES<\/strong><\/b><\/p>\n<p style=\"font-weight: 400;\">Ficha N\u00ba 6: Delito de femicidio, previsto y sancionado en el art\u00edculo 390 bis inciso segundo del C\u00f3digo Penal. Identidad de g\u00e9nero. Voto en contra.<\/p>\n<p style=\"font-weight: 400;\">An\u00e1lisis de la pretensi\u00f3n y defensa<br \/>\n1. S\u00edntesis del fallo<br \/>\n2. Conclusi\u00f3n<\/p>\n<p style=\"font-weight: 400;\">Ficha N\u00ba 7: Delito consumado de femicidio no \u00edntimo, previsto y sancionado en el art\u00edculo 390 ter n\u00b01 del C\u00f3digo Penal. Atenuantes. Sentencia anonimizada.<\/p>\n<p style=\"font-weight: 400;\">An\u00e1lisis de la pretensi\u00f3n y defensa<br \/>\n1. S\u00edntesis del fallo<br \/>\n2. Conclusi\u00f3n<\/p>\n<p style=\"font-weight: 400;\">Ficha N\u00ba 8: Delito de femicidio en su grado de tentado. Delito de lesiones. Violencia intrafamiliar.<\/p>\n<p style=\"font-weight: 400;\">An\u00e1lisis de la pretensi\u00f3n y defensa<br \/>\n1. S\u00edntesis del fallo<br \/>\n2. Conclusi\u00f3n<\/p>\n<p style=\"font-weight: 400;\">Ficha N\u00ba 9: Delito frustrado de femicidio \u00edntimo, previsto y sancionado en el art\u00edculo 390 bis del C\u00f3digo Penal. Dolo de matar. Recurso de nulidad.<\/p>\n<p style=\"font-weight: 400;\">An\u00e1lisis de la pretensi\u00f3n y defensa<br \/>\n1. S\u00edntesis del fallo<br \/>\n2. Conclusi\u00f3n<\/p>\n<p style=\"font-weight: 400;\">Ficha n\u00ba 10: Delito frustrado de femicidio. Auto denuncia.<\/p>\n<p style=\"font-weight: 400;\">An\u00e1lisis de la pretensi\u00f3n y defensa<br \/>\n1. S\u00edntesis del fallo<br \/>\n2. Conclusi\u00f3n<\/p>\n<p style=\"font-weight: 400;\">Ficha N\u00ba 11: Delito de femicidio frustrado. prohibici\u00f3n de acercarse a la v\u00edctima. delito de lesiones graves.<\/p>\n<p>An\u00e1lisis de la pretensi\u00f3n y defensa<br \/>\n1. S\u00edntesis del fallo<br \/>\n2. Conclusi\u00f3n<\/p>\n<p style=\"font-weight: 400;\">Ficha N\u00ba 12: Delito de femicidio frustrado. recurso de nulidad. dolo. ca\u00edda de altura<\/p>\n<p>An\u00e1lisis de la pretensi\u00f3n y defensa<br \/>\n1. S\u00edntesis del fallo<br \/>\n2. Conclusi\u00f3n<\/p>\n<p style=\"font-weight: 400;\">Ficha N\u00ba 13: Delito de femicidio en grado de desarrollo tentado. Delito de tenencia ilegal de armas de fuego y munici\u00f3n.<\/p>\n<p>An\u00e1lisis de la pretensi\u00f3n y defensa<br \/>\n1. S\u00edntesis del fallo<br \/>\n2. Conclusi\u00f3n<\/p>\n<p style=\"font-weight: 400;\">Ficha N\u00ba 14: Delito de femicidio frustrado previsto y sancionado en el art\u00edculo 390 bis del C\u00f3digo Penal. Delito consumado de porte ilegal de municiones. Dolo homicida.<\/p>\n<p>An\u00e1lisis de la pretensi\u00f3n y defensa<br \/>\n1. S\u00edntesis del fallo<br \/>\n2. Conclusi\u00f3n<\/p>\n<p style=\"font-weight: 400;\">Ficha N\u00ba 15: Sentencia de femicidio frustrado nula. Realizaci\u00f3n de nuevo juicio. Delito de desacato.<\/p>\n<p style=\"font-weight: 400;\">An\u00e1lisis de la pretensi\u00f3n y defensa<br \/>\n1. S\u00edntesis del fallo<br \/>\n2. Conclusi\u00f3n<\/p>\n<p><b><strong>III. SENTENCIAS DE LA CORTE SUPREMA \u2013 FEMICIDIOS<\/strong><\/b><\/p>\n<p style=\"font-weight: 400;\">Sentencia 1. Ricardo Patricio Neira Arriagada<br \/>\nSentencia 2. Armando Antonio Luna Braz<br \/>\nSentencia 3. Mauricio Fernando Montiel Chiguay<br \/>\nSentencia 4. Carlos Ernesto Ledezma Ferreira<br \/>\nSentencia 5. Marcelo Antonio Lagos Morales<br \/>\nSentencia 6. Jhonatan Stiven Ca\u00f1on Rodr\u00edguez<br \/>\nSentencia 7. Alfredo (an\u00f3nimo.)<br \/>\nSentencia 8. Luis Humberto Carvallo Rodr\u00edguez<br \/>\nSentencia 9. Joaqu\u00edn Antonio V\u00e9liz Rubilar<br \/>\nSentencia 10. Manuel David Riquelme Vega<br \/>\nSentencia 11. Adri\u00e1n Segundo Saavedra Ahumada<br \/>\nSentencia 12. Richard Pierre Louis<br \/>\nSentencia 13. Jos\u00e9 Francisco Uribe Mart\u00ednez<br \/>\nSentencia 14. Sandro Andr\u00e9s Gonz\u00e1lez Le\u00f3n<br \/>\nSentencia 15. Felipe Andr\u00e9s Rojas Venegas<\/p>\n","protected":false},"excerpt":{"rendered":"<p>FICHAS DE FEMICIDIOS \u2013 CORTE SUPREMA Ficha N\u00ba 1: Delito consumado de femicidio \u00edntimo. Muerte por asfixia. Presidio perpetuo calificado An\u00e1lisis de la pretensi\u00f3n y defensa 1. S\u00edntesis del fallo 2. Conclusi\u00f3n Ficha N\u00ba 2: Delito de femicidio \u00edntimo en grado de desarrollo tentado, previsto y sancionado en el art\u00edculo 390 bis del C\u00f3digo Penal. Sanci\u00f3n corporal de cumplimiento efectivo An\u00e1lisis de la pretensi\u00f3n y defensa 1. S\u00edntesis del fallo 2. Conclusi\u00f3n Ficha N\u00ba 3: Delito frustrado de femicidio, previsto y sancionado en el art\u00edculo 390 bis del C\u00f3digo Penal. Recurso de nulidad. Testigos de o\u00eddas An\u00e1lisis de la pretensi\u00f3n y defensa 1. S\u00edntesis del fallo 2. Conclusi\u00f3n Ficha N\u00ba 4: Delito de femicidio \u00edntimo. Delitos de lesiones menos graves. Agresiones a pareja An\u00e1lisis de la pretensi\u00f3n y defensa 1. S\u00edntesis del fallo 2. Conclusi\u00f3n Ficha N\u00ba 5: Delito de femicidio, en grado de desarrollo consumado, previsto y sancionado en el art\u00edculo 390 del C\u00f3digo Penal. Arma de fuego. Recurso de nulidad An\u00e1lisis de la pretensi\u00f3n y defensa 1. S\u00edntesis del fallo 2. Conclusi\u00f3n II. FICHAS DE FEMICIDIOS \u2013 CORTES DE APELACIONES Ficha N\u00ba 6: Delito de femicidio, previsto y sancionado en el art\u00edculo 390 bis inciso segundo del C\u00f3digo Penal. Identidad de g\u00e9nero. Voto en contra. An\u00e1lisis de la pretensi\u00f3n y defensa 1. S\u00edntesis del fallo 2. Conclusi\u00f3n Ficha N\u00ba 7: Delito consumado de femicidio no \u00edntimo, previsto y sancionado en el art\u00edculo 390 ter n\u00b01 del C\u00f3digo Penal. Atenuantes. Sentencia anonimizada. An\u00e1lisis de la pretensi\u00f3n y defensa 1. S\u00edntesis del fallo 2. Conclusi\u00f3n Ficha N\u00ba 8: Delito de femicidio en su grado de tentado. Delito de lesiones. Violencia intrafamiliar. An\u00e1lisis de la pretensi\u00f3n y defensa 1. S\u00edntesis del fallo 2. Conclusi\u00f3n Ficha N\u00ba 9: Delito frustrado de femicidio \u00edntimo, previsto y sancionado en el art\u00edculo 390 bis del C\u00f3digo Penal. Dolo de matar. Recurso de nulidad. An\u00e1lisis de la pretensi\u00f3n y defensa 1. S\u00edntesis del fallo 2. Conclusi\u00f3n Ficha n\u00ba 10: Delito frustrado de femicidio. Auto denuncia. An\u00e1lisis de la pretensi\u00f3n y defensa 1. S\u00edntesis del fallo 2. Conclusi\u00f3n Ficha N\u00ba 11: Delito de femicidio frustrado. prohibici\u00f3n de acercarse a la v\u00edctima. delito de lesiones graves. An\u00e1lisis de la pretensi\u00f3n y defensa 1. S\u00edntesis del fallo 2. Conclusi\u00f3n Ficha N\u00ba 12: Delito de femicidio frustrado. recurso de nulidad. dolo. ca\u00edda de altura An\u00e1lisis de la pretensi\u00f3n y defensa 1. S\u00edntesis del fallo 2. Conclusi\u00f3n Ficha N\u00ba 13: Delito de femicidio en grado de desarrollo tentado. Delito de tenencia ilegal de armas de fuego y munici\u00f3n. An\u00e1lisis de la pretensi\u00f3n y defensa 1. S\u00edntesis del fallo 2. Conclusi\u00f3n Ficha N\u00ba 14: Delito de femicidio frustrado previsto y sancionado en el art\u00edculo 390 bis del C\u00f3digo Penal. Delito consumado de porte ilegal de municiones. Dolo homicida. An\u00e1lisis de la pretensi\u00f3n y defensa 1. S\u00edntesis del fallo 2. Conclusi\u00f3n Ficha N\u00ba 15: Sentencia de femicidio frustrado nula. Realizaci\u00f3n de nuevo juicio. Delito de desacato. An\u00e1lisis de la pretensi\u00f3n y defensa 1. S\u00edntesis del fallo 2. Conclusi\u00f3n III. SENTENCIAS DE LA CORTE SUPREMA \u2013 FEMICIDIOS Sentencia 1. Ricardo Patricio Neira Arriagada Sentencia 2. Armando Antonio Luna Braz Sentencia 3. Mauricio Fernando Montiel Chiguay Sentencia 4. Carlos Ernesto Ledezma Ferreira Sentencia 5. Marcelo Antonio Lagos Morales Sentencia 6. Jhonatan Stiven Ca\u00f1on Rodr\u00edguez Sentencia 7. Alfredo (an\u00f3nimo.) Sentencia 8. Luis Humberto Carvallo Rodr\u00edguez Sentencia 9. Joaqu\u00edn Antonio V\u00e9liz Rubilar Sentencia 10. Manuel David Riquelme Vega Sentencia 11. Adri\u00e1n Segundo Saavedra Ahumada Sentencia 12. Richard Pierre Louis Sentencia 13. Jos\u00e9 Francisco Uribe Mart\u00ednez Sentencia 14. Sandro Andr\u00e9s Gonz\u00e1lez Le\u00f3n Sentencia 15. Felipe Andr\u00e9s Rojas Venegas<\/p>\n","protected":false},"featured_media":3054,"comment_status":"open","ping_status":"closed","template":"","meta":{"inline_featured_image":false,"_joinchat":[]},"product_brand":[],"product_cat":[30],"product_tag":[],"class_list":{"0":"post-3024","1":"product","2":"type-product","3":"status-publish","4":"has-post-thumbnail","6":"product_cat-penal","7":"product_shipping_class-a-convenir","9":"first","10":"instock","11":"shipping-taxable","12":"purchasable","13":"product-type-simple"},"_links":{"self":[{"href":"https:\/\/bibliotecajuridicavirtual.cl\/index.php\/wp-json\/wp\/v2\/product\/3024","targetHints":{"allow":["GET"]}}],"collection":[{"href":"https:\/\/bibliotecajuridicavirtual.cl\/index.php\/wp-json\/wp\/v2\/product"}],"about":[{"href":"https:\/\/bibliotecajuridicavirtual.cl\/index.php\/wp-json\/wp\/v2\/types\/product"}],"replies":[{"embeddable":true,"href":"https:\/\/bibliotecajuridicavirtual.cl\/index.php\/wp-json\/wp\/v2\/comments?post=3024"}],"wp:featuredmedia":[{"embeddable":true,"href":"https:\/\/bibliotecajuridicavirtual.cl\/index.php\/wp-json\/wp\/v2\/media\/3054"}],"wp:attachment":[{"href":"https:\/\/bibliotecajuridicavirtual.cl\/index.php\/wp-json\/wp\/v2\/media?parent=3024"}],"wp:term":[{"taxonomy":"product_brand","embeddable":true,"href":"https:\/\/bibliotecajuridicavirtual.cl\/index.php\/wp-json\/wp\/v2\/product_brand?post=3024"},{"taxonomy":"product_cat","embeddable":true,"href":"https:\/\/bibliotecajuridicavirtual.cl\/index.php\/wp-json\/wp\/v2\/product_cat?post=3024"},{"taxonomy":"product_tag","embeddable":true,"href":"https:\/\/bibliotecajuridicavirtual.cl\/index.php\/wp-json\/wp\/v2\/product_tag?post=3024"}],"curies":[{"name":"wp","href":"https:\/\/api.w.org\/{rel}","templated":true}]}}