{"id":3026,"date":"2026-02-28T01:08:19","date_gmt":"2026-02-28T04:08:19","guid":{"rendered":"https:\/\/bibliotecajuridicavirtual.cl\/?post_type=product&#038;p=3026"},"modified":"2026-02-28T01:08:38","modified_gmt":"2026-02-28T04:08:38","slug":"el-abuso-del-derecho-y-el-fraude-ano-2023-125-pag-autor-philipe-llulle-navarrete-y-patricia-arevalo-ayala","status":"publish","type":"product","link":"https:\/\/bibliotecajuridicavirtual.cl\/index.php\/product\/el-abuso-del-derecho-y-el-fraude-ano-2023-125-pag-autor-philipe-llulle-navarrete-y-patricia-arevalo-ayala\/","title":{"rendered":"El Abuso Del Derecho y El Fraude. A\u00f1o 2023\/ 125 P\u00e1g. Autor Philipe Llulle Navarrete y Patricia Ar\u00e9valo Ayala"},"content":{"rendered":"<p style=\"font-weight: 400;\">Nuestro estudio sobre el abuso del derecho, el fraude y la desviaci\u00f3n de poder nos llev\u00f3 a darnos cuenta de que la literatura especializada en nuestro pa\u00eds es muy escaza, est\u00e1 atrasada y es insuficiente para comprender y detectar esos il\u00edcitos.<\/p>\n<p style=\"font-weight: 400;\">Cabe destacar que hoy en d\u00eda no podemos limitarnos solamente a ver las contravenciones o infracciones t\u00edpicas al Derecho ya que \u201crara vez la injustica se presenta desnuda.\u201d<\/p>\n<p style=\"font-weight: 400;\">Las m\u00e1s de las veces procura envolverse en el manto de la raz\u00f3n, usando las vestiduras de la Justicia\u201d, de manera que \u201cel tipo de jurista que precisa un estado constitucional de Derecho debe incluir, entre otras capacidades, la detectar y reaccionar frente a la forma peculiar de atentado contra el Derecho que suponen los il\u00edcitos at\u00edpicos: el abuso del derecho, el fraude a la ley y la desviaci\u00f3n de poder\u201d.<\/p>\n<p style=\"font-weight: 400;\"><b><strong>CAP\u00cdTULO I<\/strong><\/b><br \/>\n<b><strong>EL ABUSO DEL DERECHO<\/strong><\/b><\/p>\n<ol>\n<li style=\"font-weight: 400;\">Historia del abuso del derecho<br \/>\n2. Abuso del derecho seg\u00fan Louis Josserand<br \/>\n3. Abuso del derecho seg\u00fan Arturo Alessandri Rodr\u00edguez<br \/>\n4. Abuso del derecho seg\u00fan Pablo Rodr\u00edguez Grez<br \/>\n5. Abuso del derecho seg\u00fan Manuel Atienza y Juan Ruiz Manero<br \/>\n6. Abuso del derecho y laguna axiol\u00f3gica<br \/>\n7. Abuso del derecho y derechos fundamentales<br \/>\n8. Efectos del abuso del derecho<br \/>\n9. Los derechos absolutos o discrecionales<br \/>\n10. Autonom\u00eda como fuente de obligaciones<br \/>\n11. Onus probandi y abuso del derecho<br \/>\n12. Abuso del derecho de la libertad de opini\u00f3n e informaci\u00f3n<br \/>\n13. Jurisprudencia<br \/>\n14. Comentario<br \/>\n15. El \u201cabuso del derecho\u201d en el arriendo o subarriendo de inmuebles<\/li>\n<\/ol>\n<p style=\"font-weight: 400;\"><b><strong>CAP\u00cdTULO II<\/strong><\/b><br \/>\n<b><strong>EL FRAUDE<\/strong><\/b><\/p>\n<ol>\n<li style=\"font-weight: 400;\">Antecedentes hist\u00f3ricos<br \/>\n2. Aspecto extensional e intencional del fraude<br \/>\n3. Definici\u00f3n del fraude y clases<br \/>\n4. Diferencia entre fraude y simulaci\u00f3n<br \/>\n5. La sanci\u00f3n al fraude<br \/>\n6. El fraude a los acreedores<br \/>\n7. Casos de \u201cfraude\u201d en nuestro C\u00f3digo Civil<br \/>\n8. Maneras de hacer valer la inoponibilidad por fraude<br \/>\n9. Maneras de extinguir la inoponibilidad por fraude<br \/>\n10. Sobre la acci\u00f3n pauliana<br \/>\n11. La acci\u00f3n pauliana en materia de alimentos<\/li>\n<\/ol>\n<p style=\"font-weight: 400;\"><b><strong>CAP\u00cdTULO III<\/strong><\/b><br \/>\n<b><strong>DE LOS IL\u00cdCITOS AT\u00cdPICOS DE DOBE CAR\u00c1CTER<\/strong><\/b><\/p>\n<ol>\n<li style=\"font-weight: 400;\">Il\u00edcitos at\u00edpicos de doble car\u00e1cter<br \/>\n2. Los abusos en el Derecho procesal<br \/>\n3. Abuso del derecho<br \/>\n4. Abuso en el proceso<br \/>\n5. Abuso del proceso y el abuso en el proceso como il\u00edcitos de doble car\u00e1cter<br \/>\n6. \u00bfC\u00f3mo sancionar los actos que son abusivos y fraudulentos a la vez?<br \/>\n7. Caracter\u00edsticas de la nulidad procesal por abuso y oportunidad procesal para promoverla<br \/>\n8. De los recursos que proceden en contra de la resoluci\u00f3n que falla un incidente de nulidad procesal<\/li>\n<\/ol>\n<p style=\"font-weight: 400;\"><b><strong>CAP\u00cdTULO IV<\/strong><\/b><br \/>\n<b><strong>LA DESVIACI\u00d3N DE PODER<\/strong><\/b><\/p>\n<ol>\n<li style=\"font-weight: 400;\">Breve rese\u00f1a hist\u00f3rica de la desviaci\u00f3n de poder<br \/>\n2. Naturaleza jur\u00eddica y clases<br \/>\n3. La desviaci\u00f3n de poder por desviaci\u00f3n de procedimiento<br \/>\n4. Breve comentario al fallo anterior<br \/>\n5. Diferencia entre la desviaci\u00f3n de poder y el abuso o exceso de poder<br \/>\n6. Los indultos de Boric<\/li>\n<\/ol>\n","protected":false},"excerpt":{"rendered":"<p>Nuestro estudio sobre el abuso del derecho, el fraude y la desviaci\u00f3n de poder nos llev\u00f3 a darnos cuenta de que la literatura especializada en nuestro pa\u00eds es muy escaza, est\u00e1 atrasada y es insuficiente para comprender y detectar esos il\u00edcitos. Cabe destacar que hoy en d\u00eda no podemos limitarnos solamente a ver las contravenciones o infracciones t\u00edpicas al Derecho ya que \u201crara vez la injustica se presenta desnuda.\u201d Las m\u00e1s de las veces procura envolverse en el manto de la raz\u00f3n, usando las vestiduras de la Justicia\u201d, de manera que \u201cel tipo de jurista que precisa un estado constitucional de Derecho debe incluir, entre otras capacidades, la detectar y reaccionar frente a la forma peculiar de atentado contra el Derecho que suponen los il\u00edcitos at\u00edpicos: el abuso del derecho, el fraude a la ley y la desviaci\u00f3n de poder\u201d. CAP\u00cdTULO I EL ABUSO DEL DERECHO Historia del abuso del derecho 2. Abuso del derecho seg\u00fan Louis Josserand 3. Abuso del derecho seg\u00fan Arturo Alessandri Rodr\u00edguez 4. Abuso del derecho seg\u00fan Pablo Rodr\u00edguez Grez 5. Abuso del derecho seg\u00fan Manuel Atienza y Juan Ruiz Manero 6. Abuso del derecho y laguna axiol\u00f3gica 7. Abuso del derecho y derechos fundamentales 8. Efectos del abuso del derecho 9. Los derechos absolutos o discrecionales 10. Autonom\u00eda como fuente de obligaciones 11. Onus probandi y abuso del derecho 12. Abuso del derecho de la libertad de opini\u00f3n e informaci\u00f3n 13. Jurisprudencia 14. Comentario 15. El \u201cabuso del derecho\u201d en el arriendo o subarriendo de inmuebles CAP\u00cdTULO II EL FRAUDE Antecedentes hist\u00f3ricos 2. Aspecto extensional e intencional del fraude 3. Definici\u00f3n del fraude y clases 4. Diferencia entre fraude y simulaci\u00f3n 5. La sanci\u00f3n al fraude 6. El fraude a los acreedores 7. Casos de \u201cfraude\u201d en nuestro C\u00f3digo Civil 8. Maneras de hacer valer la inoponibilidad por fraude 9. Maneras de extinguir la inoponibilidad por fraude 10. Sobre la acci\u00f3n pauliana 11. La acci\u00f3n pauliana en materia de alimentos CAP\u00cdTULO III DE LOS IL\u00cdCITOS AT\u00cdPICOS DE DOBE CAR\u00c1CTER Il\u00edcitos at\u00edpicos de doble car\u00e1cter 2. Los abusos en el Derecho procesal 3. Abuso del derecho 4. Abuso en el proceso 5. Abuso del proceso y el abuso en el proceso como il\u00edcitos de doble car\u00e1cter 6. \u00bfC\u00f3mo sancionar los actos que son abusivos y fraudulentos a la vez? 7. Caracter\u00edsticas de la nulidad procesal por abuso y oportunidad procesal para promoverla 8. De los recursos que proceden en contra de la resoluci\u00f3n que falla un incidente de nulidad procesal CAP\u00cdTULO IV LA DESVIACI\u00d3N DE PODER Breve rese\u00f1a hist\u00f3rica de la desviaci\u00f3n de poder 2. Naturaleza jur\u00eddica y clases 3. La desviaci\u00f3n de poder por desviaci\u00f3n de procedimiento 4. Breve comentario al fallo anterior 5. Diferencia entre la desviaci\u00f3n de poder y el abuso o exceso de poder 6. Los indultos de Boric<\/p>\n","protected":false},"featured_media":3056,"comment_status":"open","ping_status":"closed","template":"","meta":{"inline_featured_image":false,"_joinchat":[]},"product_brand":[],"product_cat":[27,60],"product_tag":[],"class_list":{"0":"post-3026","1":"product","2":"type-product","3":"status-publish","4":"has-post-thumbnail","6":"product_cat-civil","7":"product_cat-editorial-el-jurista","8":"product_shipping_class-a-convenir","10":"first","11":"instock","12":"shipping-taxable","13":"purchasable","14":"product-type-simple"},"_links":{"self":[{"href":"https:\/\/bibliotecajuridicavirtual.cl\/index.php\/wp-json\/wp\/v2\/product\/3026","targetHints":{"allow":["GET"]}}],"collection":[{"href":"https:\/\/bibliotecajuridicavirtual.cl\/index.php\/wp-json\/wp\/v2\/product"}],"about":[{"href":"https:\/\/bibliotecajuridicavirtual.cl\/index.php\/wp-json\/wp\/v2\/types\/product"}],"replies":[{"embeddable":true,"href":"https:\/\/bibliotecajuridicavirtual.cl\/index.php\/wp-json\/wp\/v2\/comments?post=3026"}],"wp:featuredmedia":[{"embeddable":true,"href":"https:\/\/bibliotecajuridicavirtual.cl\/index.php\/wp-json\/wp\/v2\/media\/3056"}],"wp:attachment":[{"href":"https:\/\/bibliotecajuridicavirtual.cl\/index.php\/wp-json\/wp\/v2\/media?parent=3026"}],"wp:term":[{"taxonomy":"product_brand","embeddable":true,"href":"https:\/\/bibliotecajuridicavirtual.cl\/index.php\/wp-json\/wp\/v2\/product_brand?post=3026"},{"taxonomy":"product_cat","embeddable":true,"href":"https:\/\/bibliotecajuridicavirtual.cl\/index.php\/wp-json\/wp\/v2\/product_cat?post=3026"},{"taxonomy":"product_tag","embeddable":true,"href":"https:\/\/bibliotecajuridicavirtual.cl\/index.php\/wp-json\/wp\/v2\/product_tag?post=3026"}],"curies":[{"name":"wp","href":"https:\/\/api.w.org\/{rel}","templated":true}]}}