{"id":3027,"date":"2026-02-28T01:08:19","date_gmt":"2026-02-28T04:08:19","guid":{"rendered":"https:\/\/bibliotecajuridicavirtual.cl\/?post_type=product&#038;p=3027"},"modified":"2026-02-28T01:08:39","modified_gmt":"2026-02-28T04:08:39","slug":"manual-de-corretaje-de-propiedades-y-contratacion-inmobiliaria-formularios-ano-2020-239-pag-autor-katherine-santoro-salazar","status":"publish","type":"product","link":"https:\/\/bibliotecajuridicavirtual.cl\/index.php\/product\/manual-de-corretaje-de-propiedades-y-contratacion-inmobiliaria-formularios-ano-2020-239-pag-autor-katherine-santoro-salazar\/","title":{"rendered":"Manual de Corretaje de Propiedades y Contrataci\u00f3n Inmobiliaria &#8211; Formularios. A\u00f1o 2020\/239 P\u00e1g. Autor Katherine Santoro Salazar"},"content":{"rendered":"<p><b>CAP\u00cdTULO 1<br \/>\n<\/b><b>EL DERECHO INMOBILIARIO<\/b><\/p>\n<p>1.1. Concepto<br \/>\na) Sistema franc\u00e9s<br \/>\nb) Sistema australiano o Acta Torrens<br \/>\nc) Sistema alem\u00e1n<br \/>\nd) Sistema registral chileno<\/p>\n<p>1.2. Principios del Derecho Inmobiliario<br \/>\na) Libertad econ\u00f3mica y derecho de propiedad<br \/>\nb) Legalidad y responsabilidad<br \/>\nc) La autonom\u00eda de la voluntad<br \/>\nd) La libre circulaci\u00f3n de los bienes<br \/>\ne) La buena fe<br \/>\n1.3. Fuentes del Derecho inmobiliario<\/p>\n<p><b>CAP\u00cdTULO 2<br \/>\nESTATUTO JUR\u00cdDICO DEL CORREDOR DE PROPIEDADES<\/b><\/p>\n<p>2.1. Concepto de Corredor de Propiedades<br \/>\n2.2. Requisitos para ser corredor<br \/>\n2.3. Funciones del corredor<br \/>\na) Ser intermediario<br \/>\nb) Administraci\u00f3n de Propiedades<br \/>\nc) Asesorar a sus clientes en todas las etapas para comprar una vivienda<br \/>\n2.3.1. Modelo de ofrecimiento de servicios de corretaje<br \/>\n2.3.2. Formularios Orden de Visita para arrendamiento y para venta<br \/>\n2.3.3. Formulario Orden de Venta de Bien Ra\u00edz<br \/>\n2.3.4. Formulario Orden de Arriendo<br \/>\n2.3.5. Modelo Convenio de Corretaje<br \/>\n2.3.6. Modelo recepci\u00f3n de propiedad arrendada<br \/>\n2.3.7. Modelo Mandato especial de administraci\u00f3n<br \/>\n2.4. Comisiones del corredor<br \/>\n2.5. Derechos y Obligaciones del corredor<br \/>\n2.6. Normas legales que rigen su actividad<br \/>\n2.7. Reglamento de los corredores<br \/>\n2.8. Garant\u00eda y responsabilidad de los corredores<br \/>\n2.9. La ACOP y COPROCH<br \/>\n2.9.1. ACOP y su C\u00f3digo de \u00c9tica<br \/>\n2.9.2. COPROCH<\/p>\n<p><b>CAP\u00cdTULO 3<br \/>\nLA CORREDORA DE PROPIEDADES COMO EMPRESA INMOBILIARIA<\/b><\/p>\n<p>3.1. El mercado inmobiliario<br \/>\n3.2. An\u00e1lisis previo a su creaci\u00f3n<br \/>\n3.3. Prop\u00f3sito, misi\u00f3n y objetivos<br \/>\n3.4. C\u00f3mo crear una empresa de corretaje<br \/>\n3.4.1. Modelo Constituci\u00f3n de Sociedad empresa de corretaje<br \/>\n3.5. El contrato de corretaje de propiedades<br \/>\n3.5.1. Modelo formulario tipo de contrato de corretaje para vendedor<br \/>\n3.5.2. Modelo formulario tipo de contrato de corretaje para comprador<\/p>\n<p><b>CAP\u00cdTULO 4<br \/>\nPERSONAS QUE PARTICIPAN EN LA GESTI\u00d3N INMOBILIARIA<\/b><\/p>\n<p>4.1. Personas naturales<br \/>\n4.1.1. El abogado inmobiliario<br \/>\na) Modelo estudio de t\u00edtulos<br \/>\nb) Esquema informe estudio de t\u00edtulos<br \/>\nc) Modelo informe de t\u00edtulos<br \/>\nd) Modelo mandato judicial<br \/>\ne) Modelo denuncia de herencia vacante<br \/>\nf) Modelo contrato de cobranza judicial<br \/>\n4.1.2. El Tasador inmobiliario<br \/>\n4.1.3. El Notario<br \/>\n4.1.4. El Conservador de Bienes Ra\u00edces<br \/>\n4.1.5. El Archivero Judicial<br \/>\n4.2. Personas Jur\u00eddicas<br \/>\n4.2.1. El Banco<br \/>\n4.2.2. La Municipalidad<br \/>\n1.2.3. El Ministerio de Bienes Nacionales<\/p>\n<p><b>CAP\u00cdTULO 5<br \/>\nPRINCIPALES CONTRATOS CIVILES APLICADOS A LA GESTI\u00d3N INMOBILIARIA<\/b><\/p>\n<p>5.1. Contrato de promesa de compraventa<br \/>\n5.1.1. Modelo contrato de promesa de compraventa de bien ra\u00edz<br \/>\n5.2. Contrato de compraventa<br \/>\n5.2.1. Modelos contrato de compraventa de bien ra\u00edz<br \/>\n5.2.2. Modelo de citaci\u00f3n de evicci\u00f3n<br \/>\n5.2.3. Modelo de resciliaci\u00f3n de compraventa de un bien ra\u00edz<br \/>\n5.2.4. Modelos contrato de compraventa al contado<br \/>\n5.2.5. Modelo contrato de compraventa con cr\u00e9dito hipotecario<br \/>\n5.2.6. Modelo contrato de compraventa de estacionamiento en edificio<br \/>\n5.2.7. Modelo contrato de compraventa de estacionamiento de edificio<br \/>\n2.3. Contrato de arrendamiento<br \/>\n5.3.1. Modelo contrato de arrendamiento de bien ra\u00edz urbano<br \/>\n5.3.2. Modelo de terminaci\u00f3n de contrato de arrendamiento<br \/>\n5.3.3. Modelo contrato de arrendamiento de estacionamiento<br \/>\n5.3.4. Modelo contrato de arrendamiento de local comercial<br \/>\n5.3.5. Modelo contrato de arrendamiento de oficina<br \/>\n5.4. Contrato de leasing<br \/>\n5.5. Contrato de mutuo hipotecario<br \/>\n5.5.1. Modelo contrato Mutuo Hipotecario<br \/>\n5.6. Contrato de Hipoteca<br \/>\n5.6.1. Modelo contrato de hipoteca<br \/>\n5.6.2. Modelo de garant\u00eda hipotecaria<br \/>\n5.6.3. Modelo de reconocimiento de deuda e hipoteca<br \/>\n5.6.4. Modelo de compraventa de casa con hipoteca<br \/>\n5.6.5. Modelo de recibo, cancelaci\u00f3n y alzamiento de hipoteca<br \/>\n5.7. Contrato de mandato<br \/>\n5.7.1. Modelo contrato de mandato<br \/>\n5.8. Contrato de comodato<br \/>\n5.9. Autorizaci\u00f3n de la mujer al marido para venta de bien ra\u00edz<br \/>\n5.9.1. Modelo de autorizaci\u00f3n de la mujer al marido para vender un bien ra\u00edz<\/p>\n","protected":false},"excerpt":{"rendered":"<p>CAP\u00cdTULO 1 EL DERECHO INMOBILIARIO 1.1. Concepto a) Sistema franc\u00e9s b) Sistema australiano o Acta Torrens c) Sistema alem\u00e1n d) Sistema registral chileno 1.2. Principios del Derecho Inmobiliario a) Libertad econ\u00f3mica y derecho de propiedad b) Legalidad y responsabilidad c) La autonom\u00eda de la voluntad d) La libre circulaci\u00f3n de los bienes e) La buena fe 1.3. Fuentes del Derecho inmobiliario CAP\u00cdTULO 2 ESTATUTO JUR\u00cdDICO DEL CORREDOR DE PROPIEDADES 2.1. Concepto de Corredor de Propiedades 2.2. Requisitos para ser corredor 2.3. Funciones del corredor a) Ser intermediario b) Administraci\u00f3n de Propiedades c) Asesorar a sus clientes en todas las etapas para comprar una vivienda 2.3.1. Modelo de ofrecimiento de servicios de corretaje 2.3.2. Formularios Orden de Visita para arrendamiento y para venta 2.3.3. Formulario Orden de Venta de Bien Ra\u00edz 2.3.4. Formulario Orden de Arriendo 2.3.5. Modelo Convenio de Corretaje 2.3.6. Modelo recepci\u00f3n de propiedad arrendada 2.3.7. Modelo Mandato especial de administraci\u00f3n 2.4. Comisiones del corredor 2.5. Derechos y Obligaciones del corredor 2.6. Normas legales que rigen su actividad 2.7. Reglamento de los corredores 2.8. Garant\u00eda y responsabilidad de los corredores 2.9. La ACOP y COPROCH 2.9.1. ACOP y su C\u00f3digo de \u00c9tica 2.9.2. COPROCH CAP\u00cdTULO 3 LA CORREDORA DE PROPIEDADES COMO EMPRESA INMOBILIARIA 3.1. El mercado inmobiliario 3.2. An\u00e1lisis previo a su creaci\u00f3n 3.3. Prop\u00f3sito, misi\u00f3n y objetivos 3.4. C\u00f3mo crear una empresa de corretaje 3.4.1. Modelo Constituci\u00f3n de Sociedad empresa de corretaje 3.5. El contrato de corretaje de propiedades 3.5.1. Modelo formulario tipo de contrato de corretaje para vendedor 3.5.2. Modelo formulario tipo de contrato de corretaje para comprador CAP\u00cdTULO 4 PERSONAS QUE PARTICIPAN EN LA GESTI\u00d3N INMOBILIARIA 4.1. Personas naturales 4.1.1. El abogado inmobiliario a) Modelo estudio de t\u00edtulos b) Esquema informe estudio de t\u00edtulos c) Modelo informe de t\u00edtulos d) Modelo mandato judicial e) Modelo denuncia de herencia vacante f) Modelo contrato de cobranza judicial 4.1.2. El Tasador inmobiliario 4.1.3. El Notario 4.1.4. El Conservador de Bienes Ra\u00edces 4.1.5. El Archivero Judicial 4.2. Personas Jur\u00eddicas 4.2.1. El Banco 4.2.2. La Municipalidad 1.2.3. El Ministerio de Bienes Nacionales CAP\u00cdTULO 5 PRINCIPALES CONTRATOS CIVILES APLICADOS A LA GESTI\u00d3N INMOBILIARIA 5.1. Contrato de promesa de compraventa 5.1.1. Modelo contrato de promesa de compraventa de bien ra\u00edz 5.2. Contrato de compraventa 5.2.1. Modelos contrato de compraventa de bien ra\u00edz 5.2.2. Modelo de citaci\u00f3n de evicci\u00f3n 5.2.3. Modelo de resciliaci\u00f3n de compraventa de un bien ra\u00edz 5.2.4. Modelos contrato de compraventa al contado 5.2.5. Modelo contrato de compraventa con cr\u00e9dito hipotecario 5.2.6. Modelo contrato de compraventa de estacionamiento en edificio 5.2.7. Modelo contrato de compraventa de estacionamiento de edificio 2.3. Contrato de arrendamiento 5.3.1. Modelo contrato de arrendamiento de bien ra\u00edz urbano 5.3.2. Modelo de terminaci\u00f3n de contrato de arrendamiento 5.3.3. Modelo contrato de arrendamiento de estacionamiento 5.3.4. Modelo contrato de arrendamiento de local comercial 5.3.5. Modelo contrato de arrendamiento de oficina 5.4. Contrato de leasing 5.5. Contrato de mutuo hipotecario 5.5.1. Modelo contrato Mutuo Hipotecario 5.6. Contrato de Hipoteca 5.6.1. Modelo contrato de hipoteca 5.6.2. Modelo de garant\u00eda hipotecaria 5.6.3. Modelo de reconocimiento de deuda e hipoteca 5.6.4. Modelo de compraventa de casa con hipoteca 5.6.5. Modelo de recibo, cancelaci\u00f3n y alzamiento de hipoteca 5.7. Contrato de mandato 5.7.1. Modelo contrato de mandato 5.8. Contrato de comodato 5.9. Autorizaci\u00f3n de la mujer al marido para venta de bien ra\u00edz 5.9.1. Modelo de autorizaci\u00f3n de la mujer al marido para vender un bien ra\u00edz<\/p>\n","protected":false},"featured_media":3057,"comment_status":"open","ping_status":"closed","template":"","meta":{"inline_featured_image":false,"_joinchat":[]},"product_brand":[],"product_cat":[27,60],"product_tag":[],"class_list":{"0":"post-3027","1":"product","2":"type-product","3":"status-publish","4":"has-post-thumbnail","6":"product_cat-civil","7":"product_cat-editorial-el-jurista","8":"product_shipping_class-a-convenir","10":"first","11":"instock","12":"shipping-taxable","13":"purchasable","14":"product-type-simple"},"_links":{"self":[{"href":"https:\/\/bibliotecajuridicavirtual.cl\/index.php\/wp-json\/wp\/v2\/product\/3027","targetHints":{"allow":["GET"]}}],"collection":[{"href":"https:\/\/bibliotecajuridicavirtual.cl\/index.php\/wp-json\/wp\/v2\/product"}],"about":[{"href":"https:\/\/bibliotecajuridicavirtual.cl\/index.php\/wp-json\/wp\/v2\/types\/product"}],"replies":[{"embeddable":true,"href":"https:\/\/bibliotecajuridicavirtual.cl\/index.php\/wp-json\/wp\/v2\/comments?post=3027"}],"wp:featuredmedia":[{"embeddable":true,"href":"https:\/\/bibliotecajuridicavirtual.cl\/index.php\/wp-json\/wp\/v2\/media\/3057"}],"wp:attachment":[{"href":"https:\/\/bibliotecajuridicavirtual.cl\/index.php\/wp-json\/wp\/v2\/media?parent=3027"}],"wp:term":[{"taxonomy":"product_brand","embeddable":true,"href":"https:\/\/bibliotecajuridicavirtual.cl\/index.php\/wp-json\/wp\/v2\/product_brand?post=3027"},{"taxonomy":"product_cat","embeddable":true,"href":"https:\/\/bibliotecajuridicavirtual.cl\/index.php\/wp-json\/wp\/v2\/product_cat?post=3027"},{"taxonomy":"product_tag","embeddable":true,"href":"https:\/\/bibliotecajuridicavirtual.cl\/index.php\/wp-json\/wp\/v2\/product_tag?post=3027"}],"curies":[{"name":"wp","href":"https:\/\/api.w.org\/{rel}","templated":true}]}}