{"id":3028,"date":"2026-02-28T01:08:19","date_gmt":"2026-02-28T04:08:19","guid":{"rendered":"https:\/\/bibliotecajuridicavirtual.cl\/?post_type=product&#038;p=3028"},"modified":"2026-02-28T01:08:40","modified_gmt":"2026-02-28T04:08:40","slug":"manual-de-juicio-ejecutivo-actualizado-con-la-ley-n-21-394-ano-2022-121-pag-autor-victor-soto-ramirez","status":"publish","type":"product","link":"https:\/\/bibliotecajuridicavirtual.cl\/index.php\/product\/manual-de-juicio-ejecutivo-actualizado-con-la-ley-n-21-394-ano-2022-121-pag-autor-victor-soto-ramirez\/","title":{"rendered":"Manual de Juicio Ejecutivo &#8211;  Actualizado con la Ley N\u00b0 21.394 . A\u00f1o 2022\/121 P\u00e1g. Autor V\u00edctor Soto Ramirez"},"content":{"rendered":"<p style=\"font-weight: 400;\">Se trata de una exposici\u00f3n clara, ordenada y pr\u00e1ctica del juicio ejecutivo, disponiendo pedag\u00f3gicamente, de sus requisitos, sus etapas, su estructura, los recursos que proceden, etc.<\/p>\n<p style=\"font-weight: 400;\">\n<p style=\"font-weight: 400;\">JUICIO EJECUTIVO<br \/>\nREQUISITOS DE LA ACCI\u00d3N EJECUTIVA<br \/>\nT\u00cdTULO EJECUTIVO<br \/>\nClasificaci\u00f3n de los t\u00edtulos ejecutivos<br \/>\na. N\u00b01: Sentencia firma, bien se definitiva o interlocutoria<br \/>\nb. N\u00b02: Copia autorizada de escritura p\u00fablica<br \/>\nc. N\u00b03: Acta de avenimiento pasada ante tribunal competente y autorizada por ministro de fe o por dos testigos de actuaci\u00f3n<br \/>\nLOS T\u00cdTULOS EJECUTIVOS IMPERFECTOS<br \/>\nLOS INTRUMENTOS PRIVADOS MERCANTILES<br \/>\nLA CONFESI\u00d3N JUDICIAL<br \/>\nLA OBLIGACI\u00d3N DEBE SER L\u00cdQUIDA<br \/>\nLA OBLIGACI\u00d3N SEA ACTUALMENTE EXIGIBLE<br \/>\nQUE LA ACCI\u00d3N NO EST\u00c9 PRESCRITA PROCEDIMIENTO EJECUTIVO PROPIAMENTE TAL<br \/>\nESTRUCTURA DEL JUICIO EJECUTIVO<br \/>\nEL CUADERNO EJECUTIVO O PRINCIPAL<br \/>\nEl libelo de la demanda ejecutiva<br \/>\nProcedencia de recursos contra esta resoluci\u00f3n<br \/>\nNO PROCEDE LA APELACI\u00d3N<br \/>\nSI PUEDE APELAR EL EJECUTADO<br \/>\nEl mandamiento de ejecuci\u00f3n y embargo<br \/>\nMenciones del requerimiento<br \/>\nForma de notificar la demanda ejecutiva y el requerimiento de pago<br \/>\n1. PLAZO PARA OPONERSE<br \/>\n2. LA OPOSICION DEL EJECUTADO TIENE QUE FUNDARSE NECESARIAMENTE EN ALGUNA DE LAS EXCEPCIONES QUE TAXATIVAMENTE ENUMERA EL ART\u00cdCULO 464 CPC<br \/>\n3. CUMPLIR REQUISITOS LEGALES<br \/>\n4. EXPRESAR LOS MEDIOS DE PRUEBA DE LOS QUE SE INTENTA VALER PARA PROBAR O ACREDITAR SU EXCEPCI\u00d3N<br \/>\nDIFERENCIAS EN LA OPOSICI\u00d3N DE EXCEPCIONES EL JUICIO ORDINARIO CON EL JUICIO EJECUTIVO<br \/>\nOPOSICI\u00d3N DEL EJECUTADO. LAS EXCEPCONES DEL ART\u00cdCULO 464 DEL CPC<br \/>\nN\u00b01. INCOMPETENCIA DEL TRIBUNAL ANTE QUIEN SE HAYA PRESENTADO LA DEMANDA<br \/>\nN\u00b02. FALTA DE CAPACIDAD DEL DEMANDANTE O DE PERSONER\u00cdA O REPRESENTACI\u00d3N LEGAL DEL QUE COMPAREZCA EN SU NOMBRE<br \/>\nN\u00b03. LA LITIS PENDENCIA<br \/>\nN\u00b04. LA INEPTITUD DEL LIBELO POR FALTA DE ALGUNO DE LOS REQUISITOS ESTABLECIDOS EN EL ART\u00cdCULO 254 CPC<br \/>\nN\u00b05. ESTE NUMERAL CONTEMPLA DOS EXCEPCIONES DIFERENTES<br \/>\nN\u00b06. LA FALSEDAD DEL T\u00cdTULO<br \/>\nN\u00b07. LA FALTA DE ALGUNO DE LOS REQUISITOS O CONDICIONES ESTABLECIDAS POR LAS LEYES PARA QUE DICHO T\u00cdTULO TENGA FUERZA EJECUTIVA, SEA ABSOLUTAMENTE, SEA CON RELACI\u00d3N AL DEMANDADO<br \/>\nN\u00b08. EL EXCESO DE AVAL\u00daO<br \/>\nN\u00b09. EL PAGO DE LA DEUDA<br \/>\nN\u00b010. LA REMISI\u00d3N DE LA DEUDA<br \/>\nN\u00b011. LA CONCESI\u00d3N DE ESPERAS O PR\u00d3RROGA DEL PLAZO<br \/>\nN\u00b012. LA NOVACI\u00d3N<br \/>\nN\u00b013. LA COMPENSACI\u00d3N<br \/>\nN\u00b014. LA NULIDAD DE LA OBLIGACI\u00d3N<br \/>\nN\u00b015. P\u00c9RDIDA DE LA COSA DEBIDA<br \/>\nN\u00b016. LA TRANSACCI\u00d3N<br \/>\nN\u00b017. LA PRESCRIPCI\u00d3N DE LA DEUDA, O SOLO DE LA ACCI\u00d3N EJECUTIVA<br \/>\nN\u00b018. LA COSA JUZGADA<br \/>\nTRAMITACI\u00d3N DE LAS EXCEPCIONES<br \/>\nLA ADMISIBILIDAD O INADMISIBILIDAD DE LAS EXEPCIONES<br \/>\nT\u00c9RMINO PROBATORIO DEL JUICIO EJECUTIVO<br \/>\nLA RESERVA DE ACCI\u00d3N Y DE EXCEPCI\u00d3N<br \/>\nOPORTUNIDAD PARA HACER RESERVA<br \/>\nOportunidad individual del ejecutante<br \/>\nOportunidad individual del ejecutado<br \/>\nOportunidad com\u00fan para ejecutante y ejecutado, para hacer Reserva de Acci\u00f3n o de Excepci\u00f3n<br \/>\nEL CUADERNO DE APREMIO<br \/>\nEL EMBARGO<br \/>\nREQUISITOS DEL ACYA DE EMBARGO<br \/>\nBIENES SUSCEPTIBLES DE EMBARGO<br \/>\nINSTITUCIONES PROCESALES DERIVADAS DEL EMBARGO<br \/>\nLA EXCLUSI\u00d3N DEL EMBARGO<br \/>\nAMPLIACI\u00d3N DEL EMBARGO<br \/>\nSUBSTITUCI\u00d3N DEL EMBARGO<br \/>\nREDUCCI\u00d3N DEL EMBARGO<br \/>\nLA CESACI\u00d3N DEL EMBARGO<br \/>\nEFECTOS DEL EMBARGO<br \/>\nDESIGNACI\u00d3N DE BIENES PARA EMBARGO<br \/>\nREALIZACI\u00d3N DE LOS BIENES EMBARGADOS<br \/>\nSITUACI\u00d3N DE LOS DERECHOS SOBRE SUCESI\u00d3N HEREDITARIA<br \/>\nSITUACI\u00d3N DE LOS EFECTOS E COMERCIO REALIZABLES EN EL ACTO: (Art. 484 del CPC)<br \/>\nLOS DEM\u00c1S BIENES NO COMPRENDIDOS ANTERIORMENTE: (Art. 485 del CPC)<br \/>\nLA TASACI\u00d3N<br \/>\nFIJACI\u00d3N BASES DEL REMATE<br \/>\nFIJACI\u00d3N DE D\u00cdA Y HORA PARA LA SUBASTA Y PUBLICIDAD<br \/>\nADJUDICACI\u00d3N Y ACTA DE REMATE<br \/>\nLA NULIDAD DEL REMATE<br \/>\nLAS TERCER\u00cdAS<br \/>\nTERCER\u00cdA DE DOMINIO<br \/>\nTERCER\u00cdA DE POSESI\u00d3N<br \/>\nLA TERCER\u00cdA DE PAGO<br \/>\nTERCER\u00cdA DE OTROS DERECHOS<br \/>\nJUICIO EJECUTIVO OBLIGACI\u00d3N DE HACER (T\u00edtulo II, art\u00edculos 530 al 544)<br \/>\nPROCEDIMIENTO APLICABLE: JUICIO EJECUTIVO DE OBLIGACI\u00d3N DE HAECR DE CONSTITUCI\u00d3N DE OBLIGACI\u00d3N O SUSCRIPCI\u00d3N DE UN DOCUMENTO<br \/>\nPROCEDIMIENTO APLICABLE. JUICIO EJECUTIVO DE OBLIGACI\u00d3N DE HACER EN CUANDO A LA EJECUCI\u00d3N DE UNA OBRA MATERIAL<br \/>\nJUICIO EJECUTIVO DE OBLIGACI\u00d3N DE NO HACER<\/p>\n","protected":false},"excerpt":{"rendered":"<p>Se trata de una exposici\u00f3n clara, ordenada y pr\u00e1ctica del juicio ejecutivo, disponiendo pedag\u00f3gicamente, de sus requisitos, sus etapas, su estructura, los recursos que proceden, etc. JUICIO EJECUTIVO REQUISITOS DE LA ACCI\u00d3N EJECUTIVA T\u00cdTULO EJECUTIVO Clasificaci\u00f3n de los t\u00edtulos ejecutivos a. N\u00b01: Sentencia firma, bien se definitiva o interlocutoria b. N\u00b02: Copia autorizada de escritura p\u00fablica c. N\u00b03: Acta de avenimiento pasada ante tribunal competente y autorizada por ministro de fe o por dos testigos de actuaci\u00f3n LOS T\u00cdTULOS EJECUTIVOS IMPERFECTOS LOS INTRUMENTOS PRIVADOS MERCANTILES LA CONFESI\u00d3N JUDICIAL LA OBLIGACI\u00d3N DEBE SER L\u00cdQUIDA LA OBLIGACI\u00d3N SEA ACTUALMENTE EXIGIBLE QUE LA ACCI\u00d3N NO EST\u00c9 PRESCRITA PROCEDIMIENTO EJECUTIVO PROPIAMENTE TAL ESTRUCTURA DEL JUICIO EJECUTIVO EL CUADERNO EJECUTIVO O PRINCIPAL El libelo de la demanda ejecutiva Procedencia de recursos contra esta resoluci\u00f3n NO PROCEDE LA APELACI\u00d3N SI PUEDE APELAR EL EJECUTADO El mandamiento de ejecuci\u00f3n y embargo Menciones del requerimiento Forma de notificar la demanda ejecutiva y el requerimiento de pago 1. PLAZO PARA OPONERSE 2. LA OPOSICION DEL EJECUTADO TIENE QUE FUNDARSE NECESARIAMENTE EN ALGUNA DE LAS EXCEPCIONES QUE TAXATIVAMENTE ENUMERA EL ART\u00cdCULO 464 CPC 3. CUMPLIR REQUISITOS LEGALES 4. EXPRESAR LOS MEDIOS DE PRUEBA DE LOS QUE SE INTENTA VALER PARA PROBAR O ACREDITAR SU EXCEPCI\u00d3N DIFERENCIAS EN LA OPOSICI\u00d3N DE EXCEPCIONES EL JUICIO ORDINARIO CON EL JUICIO EJECUTIVO OPOSICI\u00d3N DEL EJECUTADO. LAS EXCEPCONES DEL ART\u00cdCULO 464 DEL CPC N\u00b01. INCOMPETENCIA DEL TRIBUNAL ANTE QUIEN SE HAYA PRESENTADO LA DEMANDA N\u00b02. FALTA DE CAPACIDAD DEL DEMANDANTE O DE PERSONER\u00cdA O REPRESENTACI\u00d3N LEGAL DEL QUE COMPAREZCA EN SU NOMBRE N\u00b03. LA LITIS PENDENCIA N\u00b04. LA INEPTITUD DEL LIBELO POR FALTA DE ALGUNO DE LOS REQUISITOS ESTABLECIDOS EN EL ART\u00cdCULO 254 CPC N\u00b05. ESTE NUMERAL CONTEMPLA DOS EXCEPCIONES DIFERENTES N\u00b06. LA FALSEDAD DEL T\u00cdTULO N\u00b07. LA FALTA DE ALGUNO DE LOS REQUISITOS O CONDICIONES ESTABLECIDAS POR LAS LEYES PARA QUE DICHO T\u00cdTULO TENGA FUERZA EJECUTIVA, SEA ABSOLUTAMENTE, SEA CON RELACI\u00d3N AL DEMANDADO N\u00b08. EL EXCESO DE AVAL\u00daO N\u00b09. EL PAGO DE LA DEUDA N\u00b010. LA REMISI\u00d3N DE LA DEUDA N\u00b011. LA CONCESI\u00d3N DE ESPERAS O PR\u00d3RROGA DEL PLAZO N\u00b012. LA NOVACI\u00d3N N\u00b013. LA COMPENSACI\u00d3N N\u00b014. LA NULIDAD DE LA OBLIGACI\u00d3N N\u00b015. P\u00c9RDIDA DE LA COSA DEBIDA N\u00b016. LA TRANSACCI\u00d3N N\u00b017. LA PRESCRIPCI\u00d3N DE LA DEUDA, O SOLO DE LA ACCI\u00d3N EJECUTIVA N\u00b018. LA COSA JUZGADA TRAMITACI\u00d3N DE LAS EXCEPCIONES LA ADMISIBILIDAD O INADMISIBILIDAD DE LAS EXEPCIONES T\u00c9RMINO PROBATORIO DEL JUICIO EJECUTIVO LA RESERVA DE ACCI\u00d3N Y DE EXCEPCI\u00d3N OPORTUNIDAD PARA HACER RESERVA Oportunidad individual del ejecutante Oportunidad individual del ejecutado Oportunidad com\u00fan para ejecutante y ejecutado, para hacer Reserva de Acci\u00f3n o de Excepci\u00f3n EL CUADERNO DE APREMIO EL EMBARGO REQUISITOS DEL ACYA DE EMBARGO BIENES SUSCEPTIBLES DE EMBARGO INSTITUCIONES PROCESALES DERIVADAS DEL EMBARGO LA EXCLUSI\u00d3N DEL EMBARGO AMPLIACI\u00d3N DEL EMBARGO SUBSTITUCI\u00d3N DEL EMBARGO REDUCCI\u00d3N DEL EMBARGO LA CESACI\u00d3N DEL EMBARGO EFECTOS DEL EMBARGO DESIGNACI\u00d3N DE BIENES PARA EMBARGO REALIZACI\u00d3N DE LOS BIENES EMBARGADOS SITUACI\u00d3N DE LOS DERECHOS SOBRE SUCESI\u00d3N HEREDITARIA SITUACI\u00d3N DE LOS EFECTOS E COMERCIO REALIZABLES EN EL ACTO: (Art. 484 del CPC) LOS DEM\u00c1S BIENES NO COMPRENDIDOS ANTERIORMENTE: (Art. 485 del CPC) LA TASACI\u00d3N FIJACI\u00d3N BASES DEL REMATE FIJACI\u00d3N DE D\u00cdA Y HORA PARA LA SUBASTA Y PUBLICIDAD ADJUDICACI\u00d3N Y ACTA DE REMATE LA NULIDAD DEL REMATE LAS TERCER\u00cdAS TERCER\u00cdA DE DOMINIO TERCER\u00cdA DE POSESI\u00d3N LA TERCER\u00cdA DE PAGO TERCER\u00cdA DE OTROS DERECHOS JUICIO EJECUTIVO OBLIGACI\u00d3N DE HACER (T\u00edtulo II, art\u00edculos 530 al 544) PROCEDIMIENTO APLICABLE: JUICIO EJECUTIVO DE OBLIGACI\u00d3N DE HAECR DE CONSTITUCI\u00d3N DE OBLIGACI\u00d3N O SUSCRIPCI\u00d3N DE UN DOCUMENTO PROCEDIMIENTO APLICABLE. JUICIO EJECUTIVO DE OBLIGACI\u00d3N DE HACER EN CUANDO A LA EJECUCI\u00d3N DE UNA OBRA MATERIAL JUICIO EJECUTIVO DE OBLIGACI\u00d3N DE NO HACER<\/p>\n","protected":false},"featured_media":3058,"comment_status":"open","ping_status":"closed","template":"","meta":{"inline_featured_image":false,"_joinchat":[]},"product_brand":[],"product_cat":[60,39],"product_tag":[],"class_list":{"0":"post-3028","1":"product","2":"type-product","3":"status-publish","4":"has-post-thumbnail","6":"product_cat-editorial-el-jurista","7":"product_cat-procesal-civil","8":"product_shipping_class-a-convenir","10":"first","11":"instock","12":"shipping-taxable","13":"purchasable","14":"product-type-simple"},"_links":{"self":[{"href":"https:\/\/bibliotecajuridicavirtual.cl\/index.php\/wp-json\/wp\/v2\/product\/3028","targetHints":{"allow":["GET"]}}],"collection":[{"href":"https:\/\/bibliotecajuridicavirtual.cl\/index.php\/wp-json\/wp\/v2\/product"}],"about":[{"href":"https:\/\/bibliotecajuridicavirtual.cl\/index.php\/wp-json\/wp\/v2\/types\/product"}],"replies":[{"embeddable":true,"href":"https:\/\/bibliotecajuridicavirtual.cl\/index.php\/wp-json\/wp\/v2\/comments?post=3028"}],"wp:featuredmedia":[{"embeddable":true,"href":"https:\/\/bibliotecajuridicavirtual.cl\/index.php\/wp-json\/wp\/v2\/media\/3058"}],"wp:attachment":[{"href":"https:\/\/bibliotecajuridicavirtual.cl\/index.php\/wp-json\/wp\/v2\/media?parent=3028"}],"wp:term":[{"taxonomy":"product_brand","embeddable":true,"href":"https:\/\/bibliotecajuridicavirtual.cl\/index.php\/wp-json\/wp\/v2\/product_brand?post=3028"},{"taxonomy":"product_cat","embeddable":true,"href":"https:\/\/bibliotecajuridicavirtual.cl\/index.php\/wp-json\/wp\/v2\/product_cat?post=3028"},{"taxonomy":"product_tag","embeddable":true,"href":"https:\/\/bibliotecajuridicavirtual.cl\/index.php\/wp-json\/wp\/v2\/product_tag?post=3028"}],"curies":[{"name":"wp","href":"https:\/\/api.w.org\/{rel}","templated":true}]}}