{"id":3029,"date":"2026-02-28T01:08:19","date_gmt":"2026-02-28T04:08:19","guid":{"rendered":"https:\/\/bibliotecajuridicavirtual.cl\/?post_type=product&#038;p=3029"},"modified":"2026-02-28T01:08:48","modified_gmt":"2026-02-28T04:08:48","slug":"manual-de-recursos-procesales-civiles-ano-2023-130-pag-autor-victor-soto-ramirez","status":"publish","type":"product","link":"https:\/\/bibliotecajuridicavirtual.cl\/index.php\/product\/manual-de-recursos-procesales-civiles-ano-2023-130-pag-autor-victor-soto-ramirez\/","title":{"rendered":"Manual de Recursos Procesales Civiles. A\u00f1o 2023 \/ 130 P\u00e1g. Autor V\u00edctor Soto Ram\u00edrez"},"content":{"rendered":"<p>En el derecho occidental continental, se sostiene que los recursos procesales tienen su origen en el ius respondendi ex auctorita principis, que fue creado durante el gobierno de Augusto, cuya finalidad era la revisi\u00f3n de las resoluciones judiciales bajo la autoridad del emperador. Entonces, para tal efecto los emperadores le dieron autoridad a destacados juristas con el fin de que resolver\u00edan conflictos jur\u00eddicos.<\/p>\n<p>Los recursos procesales constituyen un acto jur\u00eddico procesal de parte o de quien tenga legitimaci\u00f3n para actuar mediante el cual se impugna una resoluci\u00f3n judicial, dentro del mismo proceso en que \u00e9sta se pronunci\u00f3, solicitando su revisi\u00f3n a fin de eliminar el agravio que sostiene se le ha causado con su dictaci\u00f3n; especie, dentro del g\u00e9nero impugnaci\u00f3n. Hoy a los recursos procesales tambi\u00e9n se les suele llamar \u201cremedios procesales\u201d.<\/p>\n<p>En la actualidad \u201cel derecho al recurso\u201d es un elemento esencial de una tutela judicial efectiva; en consecuencia, el derecho a impugnar las resoluciones judiciales hoy resulta ser un derecho fundamental.<\/p>\n<p>Este libro da cuenta de c\u00f3mo opera en Chile el sistema recursivo en los procesos civiles; en el mismo orden que trata los recursos el c\u00f3digo de la especie, en un lenguaje claro, reflexivo y comprensivo.<\/p>\n<h4>\u00cdndice<\/h4>\n<ul>\n<li>Los recursos procesales civiles<\/li>\n<li>Recurso de reposici\u00f3n<\/li>\n<li>Efecto e la interposici\u00f3n<\/li>\n<li>Recurso de apleaci\u00f3n<\/li>\n<li>Requisitos de procedencia y de admisibilidad del recurso<\/li>\n<li>La orden de no innovar<\/li>\n<li>Termino del recurso de apelaci\u00f3n<\/li>\n<li>El recurso de hecho<\/li>\n<li>La casaci\u00f3n<\/li>\n<li>Casaci\u00f3n en la forma<\/li>\n<li>Causales de casaci\u00f3n en la forma<\/li>\n<li>El recurso de casaci\u00f3n en el fondo<\/li>\n<li>Recurso de revisi\u00f3n<\/li>\n<li>La queja disciplinaria<\/li>\n<\/ul>\n<p>&nbsp;<\/p>\n","protected":false},"excerpt":{"rendered":"<p>En el derecho occidental continental, se sostiene que los recursos procesales tienen su origen en el ius respondendi ex auctorita principis, que fue creado durante el gobierno de Augusto, cuya finalidad era la revisi\u00f3n de las resoluciones judiciales bajo la autoridad del emperador. Entonces, para tal efecto los emperadores le dieron autoridad a destacados juristas con el fin de que resolver\u00edan conflictos jur\u00eddicos. Los recursos procesales constituyen un acto jur\u00eddico procesal de parte o de quien tenga legitimaci\u00f3n para actuar mediante el cual se impugna una resoluci\u00f3n judicial, dentro del mismo proceso en que \u00e9sta se pronunci\u00f3, solicitando su revisi\u00f3n a fin de eliminar el agravio que sostiene se le ha causado con su dictaci\u00f3n; especie, dentro del g\u00e9nero impugnaci\u00f3n. Hoy a los recursos procesales tambi\u00e9n se les suele llamar \u201cremedios procesales\u201d. En la actualidad \u201cel derecho al recurso\u201d es un elemento esencial de una tutela judicial efectiva; en consecuencia, el derecho a impugnar las resoluciones judiciales hoy resulta ser un derecho fundamental. Este libro da cuenta de c\u00f3mo opera en Chile el sistema recursivo en los procesos civiles; en el mismo orden que trata los recursos el c\u00f3digo de la especie, en un lenguaje claro, reflexivo y comprensivo. \u00cdndice Los recursos procesales civiles Recurso de reposici\u00f3n Efecto e la interposici\u00f3n Recurso de apleaci\u00f3n Requisitos de procedencia y de admisibilidad del recurso La orden de no innovar Termino del recurso de apelaci\u00f3n El recurso de hecho La casaci\u00f3n Casaci\u00f3n en la forma Causales de casaci\u00f3n en la forma El recurso de casaci\u00f3n en el fondo Recurso de revisi\u00f3n La queja disciplinaria &nbsp;<\/p>\n","protected":false},"featured_media":3079,"comment_status":"open","ping_status":"closed","template":"","meta":{"inline_featured_image":false,"_joinchat":[]},"product_brand":[],"product_cat":[60,39],"product_tag":[],"class_list":{"0":"post-3029","1":"product","2":"type-product","3":"status-publish","4":"has-post-thumbnail","6":"product_cat-editorial-el-jurista","7":"product_cat-procesal-civil","8":"product_shipping_class-a-convenir","10":"first","11":"instock","12":"shipping-taxable","13":"purchasable","14":"product-type-simple"},"_links":{"self":[{"href":"https:\/\/bibliotecajuridicavirtual.cl\/index.php\/wp-json\/wp\/v2\/product\/3029","targetHints":{"allow":["GET"]}}],"collection":[{"href":"https:\/\/bibliotecajuridicavirtual.cl\/index.php\/wp-json\/wp\/v2\/product"}],"about":[{"href":"https:\/\/bibliotecajuridicavirtual.cl\/index.php\/wp-json\/wp\/v2\/types\/product"}],"replies":[{"embeddable":true,"href":"https:\/\/bibliotecajuridicavirtual.cl\/index.php\/wp-json\/wp\/v2\/comments?post=3029"}],"wp:featuredmedia":[{"embeddable":true,"href":"https:\/\/bibliotecajuridicavirtual.cl\/index.php\/wp-json\/wp\/v2\/media\/3079"}],"wp:attachment":[{"href":"https:\/\/bibliotecajuridicavirtual.cl\/index.php\/wp-json\/wp\/v2\/media?parent=3029"}],"wp:term":[{"taxonomy":"product_brand","embeddable":true,"href":"https:\/\/bibliotecajuridicavirtual.cl\/index.php\/wp-json\/wp\/v2\/product_brand?post=3029"},{"taxonomy":"product_cat","embeddable":true,"href":"https:\/\/bibliotecajuridicavirtual.cl\/index.php\/wp-json\/wp\/v2\/product_cat?post=3029"},{"taxonomy":"product_tag","embeddable":true,"href":"https:\/\/bibliotecajuridicavirtual.cl\/index.php\/wp-json\/wp\/v2\/product_tag?post=3029"}],"curies":[{"name":"wp","href":"https:\/\/api.w.org\/{rel}","templated":true}]}}