{"id":3031,"date":"2026-02-28T01:08:20","date_gmt":"2026-02-28T04:08:20","guid":{"rendered":"https:\/\/bibliotecajuridicavirtual.cl\/?post_type=product&#038;p=3031"},"modified":"2026-02-28T01:08:51","modified_gmt":"2026-02-28T04:08:51","slug":"manual-de-derecho-procesal-penal-en-preguntas-y-esquemas-ano-2022-309-pag-autor-romina-tapia-navarrete-y-jaime-fuica-martinez","status":"publish","type":"product","link":"https:\/\/bibliotecajuridicavirtual.cl\/index.php\/product\/manual-de-derecho-procesal-penal-en-preguntas-y-esquemas-ano-2022-309-pag-autor-romina-tapia-navarrete-y-jaime-fuica-martinez\/","title":{"rendered":"Manual de Derecho Procesal Penal en Preguntas y Esquemas. A\u00f1o 2022\/309 P\u00e1g. Autor Romina Tapia Navarrete y Jaime Fuica Mart\u00ednez"},"content":{"rendered":"<p style=\"font-weight: 400;\">T\u00cdTULO I. LIBRO PRIMERO<br \/>\nPRINCIPIOS<\/p>\n<ol>\n<li style=\"font-weight: 400;\">Garant\u00edas constitucionales en el proceso penal<\/li>\n<li style=\"font-weight: 400;\">\u00a0El debido proceso<br \/>\n2.\u00a0\u00a0\u00a0\u00a0Derecho a defensa<br \/>\n3.\u00a0\u00a0\u00a0\u00a0Derecho a la igualdad<br \/>\n4.\u00a0\u00a0\u00a0\u00a0Derecho a tribunal ordinario establecido por ley<br \/>\n5.\u00a0\u00a0\u00a0\u00a0Principios constitucionales presentes en el proceso penal<br \/>\n6.\u00a0\u00a0\u00a0\u00a0Otras garant\u00edas constitucionales<br \/>\n7.\u00a0\u00a0\u00a0\u00a0Garant\u00edas consagradas en tratados internacionales<\/li>\n<li style=\"font-weight: 400;\">Principios b\u00e1sicos del C\u00f3digo Procesal Penal<\/li>\n<li style=\"font-weight: 400;\">\u00a0Art\u00edculo 1 CPP \u2013 Juicio previo y \u00fanica persecuci\u00f3n<br \/>\n2.\u00a0\u00a0\u00a0\u00a0Art\u00edculo 2 CPP \u2013 Juez natural<br \/>\n3.\u00a0\u00a0\u00a0\u00a0Art\u00edculo 3 CPP \u2013 Exclusividad de la investigaci\u00f3n penal<br \/>\n4.\u00a0\u00a0\u00a0\u00a0Art\u00edculo 4 CPP \u2013 Presunci\u00f3n de inocencia del imputado<br \/>\n5.\u00a0\u00a0\u00a0\u00a0Art\u00edculo 5 CPP \u2013 Legalidad de las medidas privativas o restrictivas de libertad<br \/>\n6.\u00a0\u00a0\u00a0\u00a0Art\u00edculo 6 CPP \u2013 Protecci\u00f3n a la v\u00edctima<br \/>\n7.\u00a0\u00a0\u00a0\u00a0Art\u00edculo 7 CPP \u2013 Calidad de imputado<br \/>\n8.\u00a0\u00a0\u00a0\u00a0Art\u00edculo 8 CPP \u2013 \u00c1mbito de la defensa<br \/>\n9.\u00a0\u00a0\u00a0\u00a0Art\u00edculo 9 CPP \u2013 Autorizaci\u00f3n judicial previa<br \/>\n10.\u00a0Art\u00edculo 10 CPP \u2013 Cautela de garant\u00edas<br \/>\n11.\u00a0Art\u00edculo 11 CPP \u2013 Aplicaci\u00f3n temporal de la ley procesal penal<br \/>\n12.\u00a0\u00a0Art\u00edculo 12 CPP \u2013 Intervinientes<br \/>\n13.\u00a0Art\u00edculo 13 CPP \u2013 Efecto en Chile de las sentencias penales de tribunales extranjeros<\/li>\n<li style=\"font-weight: 400;\">Principios informadores del C\u00f3digo Procesal Penal<\/li>\n<li style=\"font-weight: 400;\">Principio acusatorio<br \/>\nEsquema 4<br \/>\nEsquema 5<\/li>\n<li style=\"font-weight: 400;\">Principios de discrecionalidad p\u00fablica<br \/>\nEsquema 6<\/li>\n<li style=\"font-weight: 400;\">Principio de objetividad<br \/>\nEsquema 7<\/li>\n<li style=\"font-weight: 400;\">Principio de legalidad<br \/>\nEsquema 8<\/li>\n<li style=\"font-weight: 400;\">Principio de concentraci\u00f3n<br \/>\nEsquema 9<\/li>\n<li style=\"font-weight: 400;\">Principio de inmediaci\u00f3n<br \/>\nEsquema 10<\/li>\n<li style=\"font-weight: 400;\">Principio de inmediaci\u00f3n<\/li>\n<li style=\"font-weight: 400;\">Principio de oralidad<br \/>\nEsquema 11<\/li>\n<li style=\"font-weight: 400;\">Principio de publicidad<br \/>\nEsquema 12<\/li>\n<li style=\"font-weight: 400;\">Principio de prontitud en el juzgamiento<\/li>\n<li style=\"font-weight: 400;\">Principio del control previo de afectaci\u00f3n de derechos<br \/>\nEsquema 13<\/li>\n<li style=\"font-weight: 400;\">Principio de la precisi\u00f3n de la imputaci\u00f3n<br \/>\nEsquema 14<\/li>\n<li style=\"font-weight: 400;\">Principio de indisponibilidad para la v\u00edctima<br \/>\nEsquema 15<\/li>\n<li style=\"font-weight: 400;\">Principio de promoci\u00f3n de los intereses de la v\u00edctima<br \/>\nEsquema 16<\/li>\n<li style=\"font-weight: 400;\">Principio de control procesal mutuo<br \/>\nEsquema 17<\/li>\n<li style=\"font-weight: 400;\">Principio de vinculaci\u00f3n positiva a la Constituci\u00f3n y los tratados de derechos humanos<br \/>\nEsquema 18<\/li>\n<li style=\"font-weight: 400;\">Principio de libertad probatoria<br \/>\nEsquema 19<\/li>\n<li style=\"font-weight: 400;\">Principio de motivaci\u00f3n de las sentencias<br \/>\nEsquema 20<\/li>\n<li style=\"font-weight: 400;\">Principio de garant\u00eda legal de ejecuci\u00f3n de penas<br \/>\nEsquema 21<\/li>\n<\/ol>\n<p style=\"font-weight: 400;\">\n<p style=\"font-weight: 400;\">T\u00cdTULO II. LIBRO PRIMERO<br \/>\nACTIVIDAD PROCESAL C\u00d3DIGO PROCESAL PENAL<\/p>\n<p>A. Plazos en el C\u00f3digo Procesal Penal<br \/>\nEsquema 22<\/p>\n<ol>\n<li style=\"font-weight: 400;\">Comunicaciones y citaciones del Ministerio P\u00fablico<br \/>\nEsquema 23<\/li>\n<li style=\"font-weight: 400;\">Notificaciones y citaciones judiciales<br \/>\nEsquema 24<\/p>\n<p>D. Resoluciones y otras actuaciones judiciales de tribunales<\/li>\n<li style=\"font-weight: 400;\">Registro de las actuaciones judiciales<\/li>\n<li style=\"font-weight: 400;\">Costas<\/li>\n<\/ol>\n<p style=\"font-weight: 400;\">T\u00cdTULO III. LIBRO PRIMERO<br \/>\nACCI\u00d3N PENAL EN EL C\u00d3DIGO PROCESAL PENAL<\/p>\n<p>Esquema 25<br \/>\n1. Acciones penales<br \/>\n2. Acciones civiles<\/p>\n<p style=\"font-weight: 400;\">T\u00cdTULO IV. LIBRO PRIMERO<br \/>\nSUJETOS PROCESALES<\/p>\n<p style=\"font-weight: 400;\">Esquema 26<\/p>\n<p>I. El tribunal<br \/>\n1) Juzgado de Garant\u00eda<br \/>\n2) Tribunal oral en lo penal<\/p>\n<p>II. El Ministerio P\u00fablico. Interviniente<br \/>\n1. El Ministerio P\u00fablico y su regulaci\u00f3n constitucional<br \/>\n2. El Ministerio P\u00fablico se encuentra regulado en la LOC N\u00b0 19.640, siendo estas algunas de sus disposiciones<br \/>\n3. Principios del Ministerio P\u00fablico<br \/>\n4. Facultades del Ministerio P\u00fablico<br \/>\nOrganigrama<\/p>\n<p>III. Las polic\u00edas auxiliares del Ministerio P\u00fablico<\/p>\n<p>IV. El imputado, interviniente<\/p>\n<p>V. La defensa, interviniente<br \/>\nA. Ideas principales<br \/>\nB. Ley N\u00b0 19.718 sobre Defensor\u00eda Penal P\u00fablica<br \/>\nOrganigrama defensor\u00eda p\u00fablica<br \/>\n1. Defensor nacional<br \/>\n2. Defensor penal p\u00fablico<\/p>\n<p>VI. La v\u00edctima. Interviniente<br \/>\nProcedimientos especiales. T\u00edtulo I. Libro cuarto CPP<br \/>\nA. Procedimiento monitorio<br \/>\nDiagrama procedimiento monitorio<br \/>\nB. Procedimiento simplificado<br \/>\nDiagrama procedimiento simplificado<br \/>\nC. Procedimiento por delito de acci\u00f3n privada<br \/>\nDiagrama procedimiento por delito de acci\u00f3n privada<br \/>\nD. Procedimiento abreviado<br \/>\nDiagrama de procedimiento abreviado<br \/>\nProcedimiento ordinario. T\u00edtulo I. Libro segundo CPP<br \/>\na) Etapa de investigaci\u00f3n<\/p>\n<p>T\u00cdTULO V. LIBRO PRIMERO<br \/>\nMEDIDAS CAUTELARES REALES CPP<\/p>\n<p>b) Medidas cautelares reales<br \/>\nDiagrama primera etapa procedimiento ordinario<\/p>\n<p>T\u00cdTULO II. LIBRO SEGUNDO<br \/>\nPREPARACI\u00d3N JUICIO ORAL<\/p>\n<p>La acusaci\u00f3n<br \/>\nDesarrollo de la audiencia de preparaci\u00f3n de juicio oral (art\u00edculos 266 y ss. del CPP)<br \/>\nAuto de apertura del juicio oral<\/p>\n<p>T\u00cdTULO III. LIBRO SEGUNDO<br \/>\nJUICIO ORAL CPP<\/p>\n<p>A. Actuaciones previas al juicio oral<br \/>\nB. Principios y normas generales del juicio oral<br \/>\nC. Direcci\u00f3n y disciplina en la audiencia de juicio oral<br \/>\nD. La prueba<\/p>\n<p>I. Desarrollo del Juicio oral<br \/>\nII. Orden de recepci\u00f3n de pruebas en juicio oral<br \/>\nIV. Prueba no solicitada oportunamente<br \/>\nV. Alegato final y clausura del debate<br \/>\nVI. La sentencia definitiva<\/p>\n<p>T\u00cdTULO I. LIBRO TERCERO<br \/>\nRECURSOS PROCESALES PENALES<\/p>\n<p>I. Bases fundamentales del sistema de recursos<br \/>\nII. Disposiciones generales sobre los recursos procesales penales<br \/>\nIII. Recurso de reposici\u00f3n<br \/>\nIV. Recurso de apelaci\u00f3n<br \/>\nInstrucciones de la Corte Suprema en cuanto al recurso de apelaci\u00f3n<br \/>\nV. Recurso de nulidad<br \/>\nVI. Recurso de revisi\u00f3n<br \/>\nVII. Ejecuci\u00f3n de sentencia condenatoria<br \/>\nVIII. Ejecuci\u00f3n de medidas de seguridad<br \/>\nEsquema final sistema procesal penal<\/p>\n<p>Ley N\u00b0 20.931. Facilita la aplicaci\u00f3n efectiva de las penas establecidas para los delitos de robo, hurto y receptaci\u00f3n y mejora la persecuci\u00f3n penal de dichos delitos<br \/>\nFundamentos del proyecto de ley Agenda Corta Antidelincuencia<\/p>\n<p style=\"font-weight: 400;\">T\u00cdTULO IX. LIBRO SEGUNDO<br \/>\nCR\u00cdMENES Y SIMPLES DELITOS CONTRA LA PROPIEDAD<\/p>\n<p>Geograf\u00eda C\u00f3digo Procesal Penal<\/p>\n","protected":false},"excerpt":{"rendered":"<p>T\u00cdTULO I. LIBRO PRIMERO PRINCIPIOS Garant\u00edas constitucionales en el proceso penal \u00a0El debido proceso 2.\u00a0\u00a0\u00a0\u00a0Derecho a defensa 3.\u00a0\u00a0\u00a0\u00a0Derecho a la igualdad 4.\u00a0\u00a0\u00a0\u00a0Derecho a tribunal ordinario establecido por ley 5.\u00a0\u00a0\u00a0\u00a0Principios constitucionales presentes en el proceso penal 6.\u00a0\u00a0\u00a0\u00a0Otras garant\u00edas constitucionales 7.\u00a0\u00a0\u00a0\u00a0Garant\u00edas consagradas en tratados internacionales Principios b\u00e1sicos del C\u00f3digo Procesal Penal \u00a0Art\u00edculo 1 CPP \u2013 Juicio previo y \u00fanica persecuci\u00f3n 2.\u00a0\u00a0\u00a0\u00a0Art\u00edculo 2 CPP \u2013 Juez natural 3.\u00a0\u00a0\u00a0\u00a0Art\u00edculo 3 CPP \u2013 Exclusividad de la investigaci\u00f3n penal 4.\u00a0\u00a0\u00a0\u00a0Art\u00edculo 4 CPP \u2013 Presunci\u00f3n de inocencia del imputado 5.\u00a0\u00a0\u00a0\u00a0Art\u00edculo 5 CPP \u2013 Legalidad de las medidas privativas o restrictivas de libertad 6.\u00a0\u00a0\u00a0\u00a0Art\u00edculo 6 CPP \u2013 Protecci\u00f3n a la v\u00edctima 7.\u00a0\u00a0\u00a0\u00a0Art\u00edculo 7 CPP \u2013 Calidad de imputado 8.\u00a0\u00a0\u00a0\u00a0Art\u00edculo 8 CPP \u2013 \u00c1mbito de la defensa 9.\u00a0\u00a0\u00a0\u00a0Art\u00edculo 9 CPP \u2013 Autorizaci\u00f3n judicial previa 10.\u00a0Art\u00edculo 10 CPP \u2013 Cautela de garant\u00edas 11.\u00a0Art\u00edculo 11 CPP \u2013 Aplicaci\u00f3n temporal de la ley procesal penal 12.\u00a0\u00a0Art\u00edculo 12 CPP \u2013 Intervinientes 13.\u00a0Art\u00edculo 13 CPP \u2013 Efecto en Chile de las sentencias penales de tribunales extranjeros Principios informadores del C\u00f3digo Procesal Penal Principio acusatorio Esquema 4 Esquema 5 Principios de discrecionalidad p\u00fablica Esquema 6 Principio de objetividad Esquema 7 Principio de legalidad Esquema 8 Principio de concentraci\u00f3n Esquema 9 Principio de inmediaci\u00f3n Esquema 10 Principio de inmediaci\u00f3n Principio de oralidad Esquema 11 Principio de publicidad Esquema 12 Principio de prontitud en el juzgamiento Principio del control previo de afectaci\u00f3n de derechos Esquema 13 Principio de la precisi\u00f3n de la imputaci\u00f3n Esquema 14 Principio de indisponibilidad para la v\u00edctima Esquema 15 Principio de promoci\u00f3n de los intereses de la v\u00edctima Esquema 16 Principio de control procesal mutuo Esquema 17 Principio de vinculaci\u00f3n positiva a la Constituci\u00f3n y los tratados de derechos humanos Esquema 18 Principio de libertad probatoria Esquema 19 Principio de motivaci\u00f3n de las sentencias Esquema 20 Principio de garant\u00eda legal de ejecuci\u00f3n de penas Esquema 21 T\u00cdTULO II. LIBRO PRIMERO ACTIVIDAD PROCESAL C\u00d3DIGO PROCESAL PENAL A. Plazos en el C\u00f3digo Procesal Penal Esquema 22 Comunicaciones y citaciones del Ministerio P\u00fablico Esquema 23 Notificaciones y citaciones judiciales Esquema 24 D. Resoluciones y otras actuaciones judiciales de tribunales Registro de las actuaciones judiciales Costas T\u00cdTULO III. LIBRO PRIMERO ACCI\u00d3N PENAL EN EL C\u00d3DIGO PROCESAL PENAL Esquema 25 1. Acciones penales 2. Acciones civiles T\u00cdTULO IV. LIBRO PRIMERO SUJETOS PROCESALES Esquema 26 I. El tribunal 1) Juzgado de Garant\u00eda 2) Tribunal oral en lo penal II. El Ministerio P\u00fablico. Interviniente 1. El Ministerio P\u00fablico y su regulaci\u00f3n constitucional 2. El Ministerio P\u00fablico se encuentra regulado en la LOC N\u00b0 19.640, siendo estas algunas de sus disposiciones 3. Principios del Ministerio P\u00fablico 4. Facultades del Ministerio P\u00fablico Organigrama III. Las polic\u00edas auxiliares del Ministerio P\u00fablico IV. El imputado, interviniente V. La defensa, interviniente A. Ideas principales B. Ley N\u00b0 19.718 sobre Defensor\u00eda Penal P\u00fablica Organigrama defensor\u00eda p\u00fablica 1. Defensor nacional 2. Defensor penal p\u00fablico VI. La v\u00edctima. Interviniente Procedimientos especiales. T\u00edtulo I. Libro cuarto CPP A. Procedimiento monitorio Diagrama procedimiento monitorio B. Procedimiento simplificado Diagrama procedimiento simplificado C. Procedimiento por delito de acci\u00f3n privada Diagrama procedimiento por delito de acci\u00f3n privada D. Procedimiento abreviado Diagrama de procedimiento abreviado Procedimiento ordinario. T\u00edtulo I. Libro segundo CPP a) Etapa de investigaci\u00f3n T\u00cdTULO V. LIBRO PRIMERO MEDIDAS CAUTELARES REALES CPP b) Medidas cautelares reales Diagrama primera etapa procedimiento ordinario T\u00cdTULO II. LIBRO SEGUNDO PREPARACI\u00d3N JUICIO ORAL La acusaci\u00f3n Desarrollo de la audiencia de preparaci\u00f3n de juicio oral (art\u00edculos 266 y ss. del CPP) Auto de apertura del juicio oral T\u00cdTULO III. LIBRO SEGUNDO JUICIO ORAL CPP A. Actuaciones previas al juicio oral B. Principios y normas generales del juicio oral C. Direcci\u00f3n y disciplina en la audiencia de juicio oral D. La prueba I. Desarrollo del Juicio oral II. Orden de recepci\u00f3n de pruebas en juicio oral IV. Prueba no solicitada oportunamente V. Alegato final y clausura del debate VI. La sentencia definitiva T\u00cdTULO I. LIBRO TERCERO RECURSOS PROCESALES PENALES I. Bases fundamentales del sistema de recursos II. Disposiciones generales sobre los recursos procesales penales III. Recurso de reposici\u00f3n IV. Recurso de apelaci\u00f3n Instrucciones de la Corte Suprema en cuanto al recurso de apelaci\u00f3n V. Recurso de nulidad VI. Recurso de revisi\u00f3n VII. Ejecuci\u00f3n de sentencia condenatoria VIII. Ejecuci\u00f3n de medidas de seguridad Esquema final sistema procesal penal Ley N\u00b0 20.931. Facilita la aplicaci\u00f3n efectiva de las penas establecidas para los delitos de robo, hurto y receptaci\u00f3n y mejora la persecuci\u00f3n penal de dichos delitos Fundamentos del proyecto de ley Agenda Corta Antidelincuencia T\u00cdTULO IX. LIBRO SEGUNDO CR\u00cdMENES Y SIMPLES DELITOS CONTRA LA PROPIEDAD Geograf\u00eda C\u00f3digo Procesal Penal<\/p>\n","protected":false},"featured_media":3081,"comment_status":"open","ping_status":"closed","template":"","meta":{"inline_featured_image":false,"_joinchat":[]},"product_brand":[],"product_cat":[60,30,34],"product_tag":[],"class_list":{"0":"post-3031","1":"product","2":"type-product","3":"status-publish","4":"has-post-thumbnail","6":"product_cat-editorial-el-jurista","7":"product_cat-penal","8":"product_cat-procesal-penal","9":"product_shipping_class-a-convenir","11":"first","12":"instock","13":"shipping-taxable","14":"purchasable","15":"product-type-simple"},"_links":{"self":[{"href":"https:\/\/bibliotecajuridicavirtual.cl\/index.php\/wp-json\/wp\/v2\/product\/3031","targetHints":{"allow":["GET"]}}],"collection":[{"href":"https:\/\/bibliotecajuridicavirtual.cl\/index.php\/wp-json\/wp\/v2\/product"}],"about":[{"href":"https:\/\/bibliotecajuridicavirtual.cl\/index.php\/wp-json\/wp\/v2\/types\/product"}],"replies":[{"embeddable":true,"href":"https:\/\/bibliotecajuridicavirtual.cl\/index.php\/wp-json\/wp\/v2\/comments?post=3031"}],"wp:featuredmedia":[{"embeddable":true,"href":"https:\/\/bibliotecajuridicavirtual.cl\/index.php\/wp-json\/wp\/v2\/media\/3081"}],"wp:attachment":[{"href":"https:\/\/bibliotecajuridicavirtual.cl\/index.php\/wp-json\/wp\/v2\/media?parent=3031"}],"wp:term":[{"taxonomy":"product_brand","embeddable":true,"href":"https:\/\/bibliotecajuridicavirtual.cl\/index.php\/wp-json\/wp\/v2\/product_brand?post=3031"},{"taxonomy":"product_cat","embeddable":true,"href":"https:\/\/bibliotecajuridicavirtual.cl\/index.php\/wp-json\/wp\/v2\/product_cat?post=3031"},{"taxonomy":"product_tag","embeddable":true,"href":"https:\/\/bibliotecajuridicavirtual.cl\/index.php\/wp-json\/wp\/v2\/product_tag?post=3031"}],"curies":[{"name":"wp","href":"https:\/\/api.w.org\/{rel}","templated":true}]}}