{"id":3032,"date":"2026-02-28T01:08:20","date_gmt":"2026-02-28T04:08:20","guid":{"rendered":"https:\/\/bibliotecajuridicavirtual.cl\/?post_type=product&#038;p=3032"},"modified":"2026-02-28T01:08:52","modified_gmt":"2026-02-28T04:08:52","slug":"introduccion-a-los-fundamentos-del-derecho-penal-ano-2021-232-pag-autor-gabriel-alejandro-carrillo-rosas","status":"publish","type":"product","link":"https:\/\/bibliotecajuridicavirtual.cl\/index.php\/product\/introduccion-a-los-fundamentos-del-derecho-penal-ano-2021-232-pag-autor-gabriel-alejandro-carrillo-rosas\/","title":{"rendered":"Introducci\u00f3n a los Fundamentos del Derecho Penal. A\u00f1o 2021\/232 P\u00e1g. Autor Gabriel Alejandro Carrillo Rosas"},"content":{"rendered":"<p>La presente separata tiene por objeto servir como texto gu\u00eda, de consulta y material complementario de la clase al alumno de pregrado para la preparaci\u00f3n de sus pruebas y ex\u00e1menes en la correspondiente asignatura. Asimismo, est\u00e1 orientado al an\u00e1lisis de las diversas materias que forman parte del programa de la c\u00e1tedra de Derecho Penal, parte General.<\/p>\n<p>Autor: Gabriel Alejandro Carrillo Rosas<\/p>\n<p><em><strong>Ediciones Jur\u00eddicas El Jurista<\/strong><\/em><\/p>\n<hr \/>\n<p>1. El derecho penal como medio de control social<\/p>\n<p>2. Hacia un concepto de derecho penal<\/p>\n<p>3. Caracter\u00edsticas de derecho penal<\/p>\n<p>4. Evoluci\u00f3n hist\u00f3rica del derecho penal<\/p>\n<p>5. Funciones del derecho penal en el estado social y democr\u00e1tico de derecho<\/p>\n<p>6. El bien jur\u00eddico en el derecho penal. Nociones desde la \u00f3ptica de la discusi\u00f3n actual<\/p>\n<p>7. La reacci\u00f3n del estado frente al delito: pena y medida de seguridad<\/p>\n<p>8. Clasificaci\u00f3n del derecho penal<\/p>\n<p>9. Principios legitimadores del derecho penal y limites al ius puniendi<\/p>\n<p>10. Relaciones del derecho penal con otras ramas del ordenamiento jur\u00eddico<\/p>\n<p>11. Ciencias penales en particular<\/p>\n","protected":false},"excerpt":{"rendered":"<p>La presente separata tiene por objeto servir como texto gu\u00eda, de consulta y material complementario de la clase al alumno de pregrado para la preparaci\u00f3n de sus pruebas y ex\u00e1menes en la correspondiente asignatura. Asimismo, est\u00e1 orientado al an\u00e1lisis de las diversas materias que forman parte del programa de la c\u00e1tedra de Derecho Penal, parte General. Autor: Gabriel Alejandro Carrillo Rosas Ediciones Jur\u00eddicas El Jurista 1. El derecho penal como medio de control social 2. Hacia un concepto de derecho penal 3. Caracter\u00edsticas de derecho penal 4. Evoluci\u00f3n hist\u00f3rica del derecho penal 5. Funciones del derecho penal en el estado social y democr\u00e1tico de derecho 6. El bien jur\u00eddico en el derecho penal. Nociones desde la \u00f3ptica de la discusi\u00f3n actual 7. La reacci\u00f3n del estado frente al delito: pena y medida de seguridad 8. Clasificaci\u00f3n del derecho penal 9. Principios legitimadores del derecho penal y limites al ius puniendi 10. Relaciones del derecho penal con otras ramas del ordenamiento jur\u00eddico 11. Ciencias penales en particular<\/p>\n","protected":false},"featured_media":3082,"comment_status":"open","ping_status":"closed","template":"","meta":{"inline_featured_image":false,"_joinchat":[]},"product_brand":[],"product_cat":[60,30],"product_tag":[],"class_list":{"0":"post-3032","1":"product","2":"type-product","3":"status-publish","4":"has-post-thumbnail","6":"product_cat-editorial-el-jurista","7":"product_cat-penal","8":"product_shipping_class-a-convenir","10":"first","11":"instock","12":"shipping-taxable","13":"purchasable","14":"product-type-simple"},"_links":{"self":[{"href":"https:\/\/bibliotecajuridicavirtual.cl\/index.php\/wp-json\/wp\/v2\/product\/3032","targetHints":{"allow":["GET"]}}],"collection":[{"href":"https:\/\/bibliotecajuridicavirtual.cl\/index.php\/wp-json\/wp\/v2\/product"}],"about":[{"href":"https:\/\/bibliotecajuridicavirtual.cl\/index.php\/wp-json\/wp\/v2\/types\/product"}],"replies":[{"embeddable":true,"href":"https:\/\/bibliotecajuridicavirtual.cl\/index.php\/wp-json\/wp\/v2\/comments?post=3032"}],"wp:featuredmedia":[{"embeddable":true,"href":"https:\/\/bibliotecajuridicavirtual.cl\/index.php\/wp-json\/wp\/v2\/media\/3082"}],"wp:attachment":[{"href":"https:\/\/bibliotecajuridicavirtual.cl\/index.php\/wp-json\/wp\/v2\/media?parent=3032"}],"wp:term":[{"taxonomy":"product_brand","embeddable":true,"href":"https:\/\/bibliotecajuridicavirtual.cl\/index.php\/wp-json\/wp\/v2\/product_brand?post=3032"},{"taxonomy":"product_cat","embeddable":true,"href":"https:\/\/bibliotecajuridicavirtual.cl\/index.php\/wp-json\/wp\/v2\/product_cat?post=3032"},{"taxonomy":"product_tag","embeddable":true,"href":"https:\/\/bibliotecajuridicavirtual.cl\/index.php\/wp-json\/wp\/v2\/product_tag?post=3032"}],"curies":[{"name":"wp","href":"https:\/\/api.w.org\/{rel}","templated":true}]}}