{"id":3036,"date":"2026-02-28T01:08:20","date_gmt":"2026-02-28T04:08:20","guid":{"rendered":"https:\/\/bibliotecajuridicavirtual.cl\/?post_type=product&#038;p=3036"},"modified":"2026-02-28T01:08:59","modified_gmt":"2026-02-28T04:08:59","slug":"tratado-de-las-tercerias-intervencion-de-terceros-en-juicio-ii-tomos-4ta-edicion-ano-2020-1-184-pag-autor-sergio-rodriguez-garces-maria-rodriguez-aspillaga","status":"publish","type":"product","link":"https:\/\/bibliotecajuridicavirtual.cl\/index.php\/product\/tratado-de-las-tercerias-intervencion-de-terceros-en-juicio-ii-tomos-4ta-edicion-ano-2020-1-184-pag-autor-sergio-rodriguez-garces-maria-rodriguez-aspillaga\/","title":{"rendered":"Tratado de las Tercer\u00edas &#8211; Intervenci\u00f3n de Terceros en Juicio &#8211; II Tomos- 4ta Edici\u00f3n. A\u00f1o 2020\/ 1.184 P\u00e1g. Autor Sergio Rodr\u00edguez Garc\u00e9s &#8211; Mar\u00eda Rodr\u00edguez Aspillaga"},"content":{"rendered":"<p><strong>TOMO I<\/strong><\/p>\n<p><strong>INTRODUCCI\u00d3N<\/strong><\/p>\n<p><strong>CAP\u00cdTULO I<\/strong><br \/>\n<strong>EL JUICIO<\/strong><\/p>\n<p><strong>CAP\u00cdTULO II<\/strong><br \/>\n<strong>EL TRIBUNAL<\/strong><\/p>\n<p><strong>CAP\u00cdTULO III<\/strong><br \/>\n<strong>LAS PARTES<\/strong><\/p>\n<p><strong>PRIMERA PARTE<\/strong><br \/>\n<strong>TERCER\u00cdAS COMUNES A TODO PROCEDIMIENTO<\/strong><\/p>\n<p><strong>CAP\u00cdTULO I<\/strong><br \/>\n<strong>GENERALIDADES<\/strong><\/p>\n<p><strong>CAP\u00cdTULO II<\/strong><br \/>\n<strong>INTERVENCI\u00d3N FPRZADA DE TERCEROS EN JUICIO<\/strong><\/p>\n<p><strong>CAP\u00cdTULO III<\/strong><br \/>\n<strong>INTERVENCI\u00d3N VOLUNTARIA DE TERCEROS EN JUICIO<\/strong><\/p>\n<p><strong>CAP\u00cdTULO IV<\/strong><br \/>\n<strong>EFECTOS DE LAS TERCER\u00cdAS<\/strong><\/p>\n<p><strong>SEGUNDA PARTE<\/strong><br \/>\n<strong>TERCER\u00cdAS Y JUICIO EJECUTIVO<\/strong><\/p>\n<p><strong>CAP\u00cdTULO V<\/strong><br \/>\n<strong>GENERALIDADES<\/strong><\/p>\n<p><strong>CAP\u00cdTULO II<\/strong><br \/>\n<strong>TERCER\u00cdA DE DOMINIO<\/strong><\/p>\n<p><strong>TOMO II<\/strong><\/p>\n<p><strong>CAP\u00cdTULO III<\/strong><br \/>\n<strong>TERCER\u00cdA DE PRELACI\u00d3N<\/strong><\/p>\n<p><strong>CAP\u00cdTULO IV<\/strong><br \/>\n<strong>TERCER\u00cdA DE PAGO<\/strong><\/p>\n<p><strong>CAP\u00cdTULO V<\/strong><br \/>\n<strong>TERCER\u00cdA DE POSESI\u00d3N<\/strong><\/p>\n<p><strong>CAP\u00cdTULO VI<\/strong><br \/>\n<strong>OTROS DERECHOS QUE PUEDEN HACERSE VALER EN EL JUICIO EJECUTIVO EN LA FORMA ESTABLECIDA PARA LAS TERCER\u00cdAS<\/strong><\/p>\n<p><strong>TERCERA PARTE<\/strong><br \/>\n<strong>TERCER\u00cdAS Y JUICIOS ESPECIALES<\/strong><\/p>\n<p><strong>CAP\u00cdTULO I<\/strong><br \/>\n<strong>TERCER\u00cdA Y JUICIOS DE M\u00cdNIMA CUANT\u00cdA EJECUTADOS<\/strong><\/p>\n<p><strong>CAP\u00cdTULO II<\/strong><br \/>\n<strong>TERCER\u00cdAS EN LOS JUICIOS EJECUTIVOS ESPECIALES<\/strong><\/p>\n<p><strong>CAP\u00cdTULO III<\/strong><br \/>\n<strong>TERCER\u00cdAS Y CUMPLIMIENTO DE SENTENCIAS CON CITACI\u00d3N<\/strong><\/p>\n<p><strong>CAP\u00cdTULO IV<\/strong><br \/>\n<strong>TERCER\u00cdAS Y MEDIDAS PRECAUTORIAS<\/strong><\/p>\n<p><strong>CAP\u00cdTULO V<\/strong><br \/>\n<strong>TERCER\u00cdAS Y JUICIO DE QUIEBRA<\/strong><\/p>\n<p><strong>CAP\u00cdTULO VI<\/strong><br \/>\n<strong>TERCER\u00cdAS Y JUICIOS DE EXPROPIACI\u00d3N<\/strong><\/p>\n<p><strong>CUARTA PARTE<\/strong><br \/>\n<strong>JUICIOS DEL TRABAJO Y TERCER\u00cdAS<\/strong><\/p>\n<p><strong>CAP\u00cdTULO \u00daNICO<\/strong><br \/>\n<strong>JUICIOS DEL TRABAJO Y TERCER\u00cdAS<\/strong><\/p>\n<p><strong>QUINTA PARTE<\/strong><br \/>\n<strong>TERCER\u00cdAS EN INTER\u00c9S AJENO<\/strong><\/p>\n<p><strong>CAP\u00cdTULO I<\/strong><br \/>\n<strong>GENERALIDADES<\/strong><\/p>\n<p><strong>CAP\u00cdTULO II<\/strong><br \/>\n<strong>PROCESO POR INSANIA E INTERVENCI\u00d3N DE TERCEROS<\/strong><\/p>\n<p><strong>CAP\u00cdTULO III<\/strong><br \/>\n<strong>JUICIO SOBRE NULIDAD DE MATRIMONIO E INTERVENCI\u00d3N DE TERCEROS<\/strong><\/p>\n<p><strong>SEXTA PARTE<\/strong><br \/>\n<strong>TERCER\u00cdAS Y PROCEDIMIENTO PENAL<\/strong><\/p>\n<p><strong>CAP\u00cdTULO \u00daNICO<\/strong><br \/>\n<strong>LOS JUICIOS CRIMINALES Y LA INTERVENCI\u00d3N DE TERCEROS<\/strong><\/p>\n","protected":false},"excerpt":{"rendered":"<p>TOMO I INTRODUCCI\u00d3N CAP\u00cdTULO I EL JUICIO CAP\u00cdTULO II EL TRIBUNAL CAP\u00cdTULO III LAS PARTES PRIMERA PARTE TERCER\u00cdAS COMUNES A TODO PROCEDIMIENTO CAP\u00cdTULO I GENERALIDADES CAP\u00cdTULO II INTERVENCI\u00d3N FPRZADA DE TERCEROS EN JUICIO CAP\u00cdTULO III INTERVENCI\u00d3N VOLUNTARIA DE TERCEROS EN JUICIO CAP\u00cdTULO IV EFECTOS DE LAS TERCER\u00cdAS SEGUNDA PARTE TERCER\u00cdAS Y JUICIO EJECUTIVO CAP\u00cdTULO V GENERALIDADES CAP\u00cdTULO II TERCER\u00cdA DE DOMINIO TOMO II CAP\u00cdTULO III TERCER\u00cdA DE PRELACI\u00d3N CAP\u00cdTULO IV TERCER\u00cdA DE PAGO CAP\u00cdTULO V TERCER\u00cdA DE POSESI\u00d3N CAP\u00cdTULO VI OTROS DERECHOS QUE PUEDEN HACERSE VALER EN EL JUICIO EJECUTIVO EN LA FORMA ESTABLECIDA PARA LAS TERCER\u00cdAS TERCERA PARTE TERCER\u00cdAS Y JUICIOS ESPECIALES CAP\u00cdTULO I TERCER\u00cdA Y JUICIOS DE M\u00cdNIMA CUANT\u00cdA EJECUTADOS CAP\u00cdTULO II TERCER\u00cdAS EN LOS JUICIOS EJECUTIVOS ESPECIALES CAP\u00cdTULO III TERCER\u00cdAS Y CUMPLIMIENTO DE SENTENCIAS CON CITACI\u00d3N CAP\u00cdTULO IV TERCER\u00cdAS Y MEDIDAS PRECAUTORIAS CAP\u00cdTULO V TERCER\u00cdAS Y JUICIO DE QUIEBRA CAP\u00cdTULO VI TERCER\u00cdAS Y JUICIOS DE EXPROPIACI\u00d3N CUARTA PARTE JUICIOS DEL TRABAJO Y TERCER\u00cdAS CAP\u00cdTULO \u00daNICO JUICIOS DEL TRABAJO Y TERCER\u00cdAS QUINTA PARTE TERCER\u00cdAS EN INTER\u00c9S AJENO CAP\u00cdTULO I GENERALIDADES CAP\u00cdTULO II PROCESO POR INSANIA E INTERVENCI\u00d3N DE TERCEROS CAP\u00cdTULO III JUICIO SOBRE NULIDAD DE MATRIMONIO E INTERVENCI\u00d3N DE TERCEROS SEXTA PARTE TERCER\u00cdAS Y PROCEDIMIENTO PENAL CAP\u00cdTULO \u00daNICO LOS JUICIOS CRIMINALES Y LA INTERVENCI\u00d3N DE TERCEROS<\/p>\n","protected":false},"featured_media":3086,"comment_status":"open","ping_status":"closed","template":"","meta":{"inline_featured_image":false,"_joinchat":[]},"product_brand":[],"product_cat":[60,39],"product_tag":[],"class_list":{"0":"post-3036","1":"product","2":"type-product","3":"status-publish","4":"has-post-thumbnail","6":"product_cat-editorial-el-jurista","7":"product_cat-procesal-civil","8":"product_shipping_class-a-convenir","10":"first","11":"instock","12":"shipping-taxable","13":"purchasable","14":"product-type-simple"},"_links":{"self":[{"href":"https:\/\/bibliotecajuridicavirtual.cl\/index.php\/wp-json\/wp\/v2\/product\/3036","targetHints":{"allow":["GET"]}}],"collection":[{"href":"https:\/\/bibliotecajuridicavirtual.cl\/index.php\/wp-json\/wp\/v2\/product"}],"about":[{"href":"https:\/\/bibliotecajuridicavirtual.cl\/index.php\/wp-json\/wp\/v2\/types\/product"}],"replies":[{"embeddable":true,"href":"https:\/\/bibliotecajuridicavirtual.cl\/index.php\/wp-json\/wp\/v2\/comments?post=3036"}],"wp:featuredmedia":[{"embeddable":true,"href":"https:\/\/bibliotecajuridicavirtual.cl\/index.php\/wp-json\/wp\/v2\/media\/3086"}],"wp:attachment":[{"href":"https:\/\/bibliotecajuridicavirtual.cl\/index.php\/wp-json\/wp\/v2\/media?parent=3036"}],"wp:term":[{"taxonomy":"product_brand","embeddable":true,"href":"https:\/\/bibliotecajuridicavirtual.cl\/index.php\/wp-json\/wp\/v2\/product_brand?post=3036"},{"taxonomy":"product_cat","embeddable":true,"href":"https:\/\/bibliotecajuridicavirtual.cl\/index.php\/wp-json\/wp\/v2\/product_cat?post=3036"},{"taxonomy":"product_tag","embeddable":true,"href":"https:\/\/bibliotecajuridicavirtual.cl\/index.php\/wp-json\/wp\/v2\/product_tag?post=3036"}],"curies":[{"name":"wp","href":"https:\/\/api.w.org\/{rel}","templated":true}]}}