{"id":3037,"date":"2026-02-28T01:08:20","date_gmt":"2026-02-28T04:08:20","guid":{"rendered":"https:\/\/bibliotecajuridicavirtual.cl\/?post_type=product&#038;p=3037"},"modified":"2026-02-28T01:09:05","modified_gmt":"2026-02-28T04:09:05","slug":"curso-de-derecho-procesal-penal-2da-edicion-actualizado-ley-21-394-ano-2022-302-pag-autor-cristian-ramirez-tagle","status":"publish","type":"product","link":"https:\/\/bibliotecajuridicavirtual.cl\/index.php\/product\/curso-de-derecho-procesal-penal-2da-edicion-actualizado-ley-21-394-ano-2022-302-pag-autor-cristian-ramirez-tagle\/","title":{"rendered":"Curso de Derecho Procesal Penal &#8211; 2da Edici\u00f3n Actualizado Ley 21.394. A\u00f1o 2022\/302 P\u00e1g. Autor  Cristi\u00e1n Ram\u00edrez Tagle"},"content":{"rendered":"<p style=\"font-weight: 400;\">En la presente obra se analizan primeramente los principios del proceso penal, sus implicancias constitucionales y pr\u00e1cticas. Se prosigue con las normas comunes al procedimiento y las normas de excepci\u00f3n establecidas por el legislador.<\/p>\n<p>La actividad de investigaci\u00f3n es analizada normativa, dogm\u00e1tica y jurisprudencialmente, con \u00e9nfasis en cuestiones pr\u00e1cticas de inter\u00e9s para el lector que se dedica a esta apasionante disciplina. Los casos en que la Polic\u00eda puede actuar aut\u00f3nomamente y aquellas en que la Polic\u00eda puede actuar aut\u00f3nomamente y aquellas medidas intrusivas que exigen autorizaci\u00f3n judicial.<\/p>\n<p style=\"font-weight: 400;\">Luego se ven los intervinientes y formas de iniciar el proceso penal, para adentrarnos en un cap\u00edtulo siguiente en el procedimiento ordinario y sus tres fases: investigaci\u00f3n, preparaci\u00f3n y de juicio.<\/p>\n<p style=\"font-weight: 400;\">Asimismo, se ven los procedimientos especiales y su desarrollo en la forma prevista por el legislador y c\u00f3mo jurisprudencialmente se han ido adecuando.<\/p>\n<p style=\"font-weight: 400;\">Finalmente, se analizan los recursos en el proceso penal y sus principales caracter\u00edsticas. Las diferencias que persisten del sistema procesal civil y del recurso de nulidad, medio de impugnaci\u00f3n por excelencia en esta \u00e1rea del derecho.<\/p>\n<p style=\"font-weight: 400;\">\n<p>Derecho penal y su relaci\u00f3n con el proceso<br \/>\nDerecho procesal penal<br \/>\nNaturaleza del proceso penal<br \/>\nFines del proceso penal<br \/>\nEl derecho procesal como unidad<br \/>\nFunci\u00f3n del Derecho Procesal Penal<br \/>\nNaturaleza de las normas del Derecho Procesal Penal<br \/>\nFuentes normativas del Derecho Procesal Penal<br \/>\nPrincipios que rigen el derecho procesal penal<br \/>\nAntecedentes hist\u00f3ricos y caracter\u00edsticas del derecho procesal penal chileno<br \/>\nReforma al sistema procesal penal<br \/>\nPrincipios y garant\u00edas del Derecho Procesal Chileno actual<br \/>\nGarant\u00edas individuales frente a la persecuci\u00f3n penal<br \/>\nL\u00edmites formales al establecimiento de la verdad<br \/>\nResponsabilidad del Estado por error judicial (Art. 19 N\u00b07 letra i CPR)<br \/>\nMecanismos preventivos y correctivos para proteger las garant\u00edas individuales frente a la persecuci\u00f3n penal<br \/>\nAplicaci\u00f3n temporal de la ley procesal penal<\/p>\n<p style=\"font-weight: 400;\">\n<b><strong>SUJETOS PROCESALES<\/strong><\/b><\/p>\n<p>EL TRIBUNAL<br \/>\nJuzgado de Garant\u00eda<br \/>\nCaracter\u00edsticas<br \/>\nCompetencia material<br \/>\nCompetencia territorial<br \/>\nAgrupaci\u00f3n y separaci\u00f3n de la investigaci\u00f3n<br \/>\nRecusaci\u00f3n e inhabilidad<br \/>\nTribunal del Juicio Oral en lo Penal<br \/>\nCaracter\u00edsticas<br \/>\nCompetencia material<br \/>\nCompetencia territorial<br \/>\nRecusaci\u00f3n e inhabilidad<br \/>\nOrganizaci\u00f3n administrativa de los JG y los TOP<br \/>\nComit\u00e9 de Jueces<br \/>\nJuez Presidente del Comit\u00e9 de Jueces<br \/>\nAdministrador del Tribunal<br \/>\nEstructura administrativa<br \/>\nCorte de Apelaciones<br \/>\nCompetencia Procesal Penal<br \/>\nCorte Suprema<br \/>\nCompetencia Procesal Penal<\/p>\n<p>EL MINISTERIO P\u00daBLICO<br \/>\nDefinici\u00f3n del Ministerio P\u00fablico<br \/>\nPrincipios organizacionales del MP<br \/>\nCaracter\u00edsticas del MP<br \/>\nFunciones<br \/>\nEstructura del MP<\/p>\n<p>LA POLIC\u00cdA<br \/>\nFunciones espec\u00edficas de la polic\u00eda en el sistema procesal penal<\/p>\n<p>EL IMPUTADO<br \/>\nRequisitos<br \/>\nEtapas del imputado en el proceso<br \/>\nDerechos del imputado<br \/>\nArt\u00edculo 94 CPP. Derechos de los imputados privados de libertad<\/p>\n<p>LA DEFENSA<br \/>\nEl derecho a la defensa<br \/>\nDerecho a defensa material (Imputado)<br \/>\nDerecho a defensa t\u00e9cnica (Defensor)<br \/>\nLa Defensor\u00eda Penal P\u00fablica)<\/p>\n<p>LA V\u00cdCTIMA Y EL QUERELLANTE<br \/>\nLa v\u00edctima<br \/>\nDerechos de la v\u00edctima<br \/>\nEl querellante<br \/>\nResoluci\u00f3n reca\u00edda en la querella<br \/>\nT\u00e9rmino de la querella<\/p>\n<p><b><strong>EL ACTOR CIVIL<\/strong><\/b><\/p>\n<p>LA ACCI\u00d3N<br \/>\nClasificaci\u00f3n<br \/>\nAcci\u00f3n penal p\u00fablica<br \/>\nAcci\u00f3n penal p\u00fablica previa instancia particular<br \/>\nAcci\u00f3n penal privada<br \/>\nAcci\u00f3n civil en el proceso penal<br \/>\nOportunidad y tramitaci\u00f3n de la acci\u00f3n civil indemnizatoria<br \/>\nCompetencia<\/p>\n<p><b><strong>REGLAS COMUNES A TODO PROCEDIMIENTO<\/strong><\/b><\/p>\n<p>Art\u00edculos 14 al 52 CPP<br \/>\nPlazos<br \/>\nRequerimientos de informaci\u00f3n<br \/>\nCitaciones y comunicaciones del MP<br \/>\nNotificaciones y citaciones judiciales<br \/>\nNotificaci\u00f3n persona<br \/>\nFuncionarios habilitados para practicar notificaciones<br \/>\nCitaciones judiciales<br \/>\nResoluciones y otras actuaciones judiciales<br \/>\nRegistro de las actuaciones judiciales<br \/>\nLas costas<br \/>\nComparecencia<\/p>\n<p>LAS MEDIDAS CAUTELARES<br \/>\nMedidas cautelares personales<br \/>\nPrincipios que rigen las cautelares personales<br \/>\nRequisitos<br \/>\nLa citaci\u00f3n<br \/>\nLa detenci\u00f3n<br \/>\nControl de identidad<br \/>\nEntrada y registro para practicar detenci\u00f3n<br \/>\nControl de detenci\u00f3n<br \/>\nAmpliaci\u00f3n de la detenci\u00f3n<br \/>\nLa prisi\u00f3n preventiva<br \/>\nNormativa vigente<br \/>\nRequisitos de procedencia<br \/>\nPresupuestos materiales<br \/>\nImprocedencia de la prisi\u00f3n preventiva<br \/>\nImpugnaci\u00f3n de resoluci\u00f3n que rechaza, decreta, sustituye o recova la prisi\u00f3n preventiva<br \/>\nFormas de t\u00e9rmino de la prisi\u00f3n preventiva<br \/>\nEjecuci\u00f3n de la prisi\u00f3n preventiva<br \/>\nLa internaci\u00f3n provisoria<br \/>\nOtras cautelares personales<br \/>\nMedidas cautelares reales<\/p>\n<p>EL PROCEDIMIENTO ORDINARIO DE ACCI\u00d3N PENAL P\u00daBLICA<br \/>\nEtapas del procedimiento<br \/>\nEtapa de investigaci\u00f3n<br \/>\nMecanismos de aceleraci\u00f3n del procedimiento<br \/>\nFormas de inicio del procedimiento o etapa de investigaci\u00f3n<br \/>\nDeberes y facultades del ministerio p\u00fablico al inicio de la investigaci\u00f3n<br \/>\nEl archivo provisional. Art\u00edculos 167 y 169 CPP<br \/>\nFacultad de no iniciar investigaci\u00f3n. Art\u00edculos 168 y 169 CPP<br \/>\nPrincipio de oportunidad (en sentido estricto)<br \/>\nActuaciones del ministerio p\u00fablico una vez iniciada la investigaci\u00f3n<br \/>\nActuaciones aut\u00f3nomas de la polic\u00eda<br \/>\nActuaciones aut\u00f3nomas del fisco<br \/>\nActuaciones del fiscal que requieren autorizaci\u00f3n judicial<br \/>\nCasos en que se exige autorizaci\u00f3n judicial<br \/>\nControl jurisdiccional de la investigaci\u00f3n<br \/>\nFormalizaci\u00f3n de la investigaci\u00f3n<br \/>\nCaracter\u00edsticas<br \/>\nEfectos<br \/>\nProcedimiento de reclamaci\u00f3n por formalizaci\u00f3n arbitraria<br \/>\nTr\u00e1mites previos a la audiencia de formalizaci\u00f3n<br \/>\nAudiencia de formalizaci\u00f3n<br \/>\nReformalizaci\u00f3n de la investigaci\u00f3n<br \/>\nJuicio inmediato<br \/>\nDeclaraci\u00f3n judicial del imputado como medio de defensa<br \/>\nPrueba anticipada<br \/>\nLas salidas alternativas<br \/>\nReglas comunes<br \/>\nLa suspensi\u00f3n condicional del procedimiento<br \/>\nLos acuerdos reparatorios<br \/>\nEfectos civiles<br \/>\nIncumplimiento<br \/>\nConclusi\u00f3n de la investigaci\u00f3n<br \/>\nPlazo de investigaci\u00f3n<br \/>\nCierre de investigaci\u00f3n<br \/>\nDerechos de las partes en relaci\u00f3n al cierre<br \/>\nActuaciones que realiza el fiscal, una vez cerrada la investigaci\u00f3n<br \/>\nEl sobreseimiento. Art\u00edculos 247 a 258 y otras normas del CPP<br \/>\nTramitaci\u00f3n<br \/>\nCausales de sobreseimiento definitivo. Art\u00edculo 250 CPP<br \/>\nCausales de sobreseimiento definitivo. Art\u00edculo 251 CPP<br \/>\nCausales de sobreseimiento temporal. Art\u00edculo 252 CPP<br \/>\nEfectos del sobreseimiento temporal<br \/>\nComunicaci\u00f3n de decisi\u00f3n del ministerio p\u00fablico de no perseverar en el procedimiento<br \/>\nTramitaci\u00f3n y efectos<br \/>\nLa etapa intermedia. Art\u00edculos 259 al 28 del CPP<br \/>\nEtapa escrita<br \/>\nContenido de la acusaci\u00f3n fiscal. Art\u00edculo 259 CPP<br \/>\nResoluci\u00f3n del juez de garant\u00eda. Art\u00edculo 260 CPP<br \/>\nActuaciones del querellante. Art\u00edculo 261 CPP<br \/>\nActuaciones del acusado. Art\u00edculo 263 del CPP<br \/>\nEtapa oral. Audiencia de preparaci\u00f3n del juicio oral<br \/>\nPrincipios que rigen la audiencia<br \/>\nAsistencia a la audiencia<br \/>\nDesarrollo de la audiencia de preparaci\u00f3n del juicio oral<br \/>\nIncidencias relacionadas con la cuesti\u00f3n civil<br \/>\nIncidencias relacionadas con la cuesti\u00f3n penal<br \/>\nAuto de apertura del juicio oral<br \/>\nContenido<br \/>\nrecursos<br \/>\nSobreseimiento en caso de exclusi\u00f3n de prueba<br \/>\nJuicio Oral<br \/>\nFases del juicio oral<br \/>\nFase de preparaci\u00f3n de audiencia de juicio oral<br \/>\nFase de audiencia de juicio oral<br \/>\nAsistencia a la audiencia<br \/>\nFunciones de direcci\u00f3n de audiencia y disciplina<br \/>\nEtapas de la audiencia de Juicio Oral<br \/>\nTestigos art\u00edculos 306 y sgts. Y 329 y sgts del CPP<br \/>\nPrueba nueva. Art\u00edculo 336 CPP<br \/>\nFase de veredicto y sentencia definitiva<br \/>\nConvicci\u00f3n y l\u00edmites de la convicci\u00f3n de condena<br \/>\nDecisi\u00f3n sobre absoluci\u00f3n o condena. Veredicto<br \/>\nAudiencia de determinaci\u00f3n de pena<br \/>\nSentencia definitiva<br \/>\nRequisitos de la sentencia definitiva. Art\u00edculo 342 CPP<br \/>\nFase de ejecuci\u00f3n<\/p>\n<p><b><strong>PROCEDIMIENTOS ESPECIALES<\/strong><\/b><\/p>\n<p>Procedimiento monitorio<br \/>\nProcedimiento simplificado<br \/>\nProcedimiento de acci\u00f3n privada<br \/>\nProcedimiento abreviado<br \/>\nRequisitos<br \/>\nProcedimiento cuando existe acusaci\u00f3n<br \/>\nProcedimiento cuando no existe acusaci\u00f3n<\/p>\n<p><b><strong>LOS RECURSOS<\/strong><\/b><\/p>\n<p>Concepto de impugnaci\u00f3n<br \/>\nReglas generales<br \/>\nReposici\u00f3n. Art\u00edculos 362 y 363 del CPP, y supletoriamente,CPC<br \/>\nApelaci\u00f3n. Art\u00edculos 364 y 371 del CPP, y supletoriamente, CPC<br \/>\nNulidad procesal<br \/>\nRecurso de nulidad. Art\u00edculos 372 y sgts. CPP<br \/>\nRevisi\u00f3n. Art\u00edculos 473 al 480 del CPP<\/p>\n","protected":false},"excerpt":{"rendered":"<p>En la presente obra se analizan primeramente los principios del proceso penal, sus implicancias constitucionales y pr\u00e1cticas. Se prosigue con las normas comunes al procedimiento y las normas de excepci\u00f3n establecidas por el legislador. La actividad de investigaci\u00f3n es analizada normativa, dogm\u00e1tica y jurisprudencialmente, con \u00e9nfasis en cuestiones pr\u00e1cticas de inter\u00e9s para el lector que se dedica a esta apasionante disciplina. Los casos en que la Polic\u00eda puede actuar aut\u00f3nomamente y aquellas en que la Polic\u00eda puede actuar aut\u00f3nomamente y aquellas medidas intrusivas que exigen autorizaci\u00f3n judicial. Luego se ven los intervinientes y formas de iniciar el proceso penal, para adentrarnos en un cap\u00edtulo siguiente en el procedimiento ordinario y sus tres fases: investigaci\u00f3n, preparaci\u00f3n y de juicio. Asimismo, se ven los procedimientos especiales y su desarrollo en la forma prevista por el legislador y c\u00f3mo jurisprudencialmente se han ido adecuando. Finalmente, se analizan los recursos en el proceso penal y sus principales caracter\u00edsticas. Las diferencias que persisten del sistema procesal civil y del recurso de nulidad, medio de impugnaci\u00f3n por excelencia en esta \u00e1rea del derecho. Derecho penal y su relaci\u00f3n con el proceso Derecho procesal penal Naturaleza del proceso penal Fines del proceso penal El derecho procesal como unidad Funci\u00f3n del Derecho Procesal Penal Naturaleza de las normas del Derecho Procesal Penal Fuentes normativas del Derecho Procesal Penal Principios que rigen el derecho procesal penal Antecedentes hist\u00f3ricos y caracter\u00edsticas del derecho procesal penal chileno Reforma al sistema procesal penal Principios y garant\u00edas del Derecho Procesal Chileno actual Garant\u00edas individuales frente a la persecuci\u00f3n penal L\u00edmites formales al establecimiento de la verdad Responsabilidad del Estado por error judicial (Art. 19 N\u00b07 letra i CPR) Mecanismos preventivos y correctivos para proteger las garant\u00edas individuales frente a la persecuci\u00f3n penal Aplicaci\u00f3n temporal de la ley procesal penal SUJETOS PROCESALES EL TRIBUNAL Juzgado de Garant\u00eda Caracter\u00edsticas Competencia material Competencia territorial Agrupaci\u00f3n y separaci\u00f3n de la investigaci\u00f3n Recusaci\u00f3n e inhabilidad Tribunal del Juicio Oral en lo Penal Caracter\u00edsticas Competencia material Competencia territorial Recusaci\u00f3n e inhabilidad Organizaci\u00f3n administrativa de los JG y los TOP Comit\u00e9 de Jueces Juez Presidente del Comit\u00e9 de Jueces Administrador del Tribunal Estructura administrativa Corte de Apelaciones Competencia Procesal Penal Corte Suprema Competencia Procesal Penal EL MINISTERIO P\u00daBLICO Definici\u00f3n del Ministerio P\u00fablico Principios organizacionales del MP Caracter\u00edsticas del MP Funciones Estructura del MP LA POLIC\u00cdA Funciones espec\u00edficas de la polic\u00eda en el sistema procesal penal EL IMPUTADO Requisitos Etapas del imputado en el proceso Derechos del imputado Art\u00edculo 94 CPP. Derechos de los imputados privados de libertad LA DEFENSA El derecho a la defensa Derecho a defensa material (Imputado) Derecho a defensa t\u00e9cnica (Defensor) La Defensor\u00eda Penal P\u00fablica) LA V\u00cdCTIMA Y EL QUERELLANTE La v\u00edctima Derechos de la v\u00edctima El querellante Resoluci\u00f3n reca\u00edda en la querella T\u00e9rmino de la querella EL ACTOR CIVIL LA ACCI\u00d3N Clasificaci\u00f3n Acci\u00f3n penal p\u00fablica Acci\u00f3n penal p\u00fablica previa instancia particular Acci\u00f3n penal privada Acci\u00f3n civil en el proceso penal Oportunidad y tramitaci\u00f3n de la acci\u00f3n civil indemnizatoria Competencia REGLAS COMUNES A TODO PROCEDIMIENTO Art\u00edculos 14 al 52 CPP Plazos Requerimientos de informaci\u00f3n Citaciones y comunicaciones del MP Notificaciones y citaciones judiciales Notificaci\u00f3n persona Funcionarios habilitados para practicar notificaciones Citaciones judiciales Resoluciones y otras actuaciones judiciales Registro de las actuaciones judiciales Las costas Comparecencia LAS MEDIDAS CAUTELARES Medidas cautelares personales Principios que rigen las cautelares personales Requisitos La citaci\u00f3n La detenci\u00f3n Control de identidad Entrada y registro para practicar detenci\u00f3n Control de detenci\u00f3n Ampliaci\u00f3n de la detenci\u00f3n La prisi\u00f3n preventiva Normativa vigente Requisitos de procedencia Presupuestos materiales Improcedencia de la prisi\u00f3n preventiva Impugnaci\u00f3n de resoluci\u00f3n que rechaza, decreta, sustituye o recova la prisi\u00f3n preventiva Formas de t\u00e9rmino de la prisi\u00f3n preventiva Ejecuci\u00f3n de la prisi\u00f3n preventiva La internaci\u00f3n provisoria Otras cautelares personales Medidas cautelares reales EL PROCEDIMIENTO ORDINARIO DE ACCI\u00d3N PENAL P\u00daBLICA Etapas del procedimiento Etapa de investigaci\u00f3n Mecanismos de aceleraci\u00f3n del procedimiento Formas de inicio del procedimiento o etapa de investigaci\u00f3n Deberes y facultades del ministerio p\u00fablico al inicio de la investigaci\u00f3n El archivo provisional. Art\u00edculos 167 y 169 CPP Facultad de no iniciar investigaci\u00f3n. Art\u00edculos 168 y 169 CPP Principio de oportunidad (en sentido estricto) Actuaciones del ministerio p\u00fablico una vez iniciada la investigaci\u00f3n Actuaciones aut\u00f3nomas de la polic\u00eda Actuaciones aut\u00f3nomas del fisco Actuaciones del fiscal que requieren autorizaci\u00f3n judicial Casos en que se exige autorizaci\u00f3n judicial Control jurisdiccional de la investigaci\u00f3n Formalizaci\u00f3n de la investigaci\u00f3n Caracter\u00edsticas Efectos Procedimiento de reclamaci\u00f3n por formalizaci\u00f3n arbitraria Tr\u00e1mites previos a la audiencia de formalizaci\u00f3n Audiencia de formalizaci\u00f3n Reformalizaci\u00f3n de la investigaci\u00f3n Juicio inmediato Declaraci\u00f3n judicial del imputado como medio de defensa Prueba anticipada Las salidas alternativas Reglas comunes La suspensi\u00f3n condicional del procedimiento Los acuerdos reparatorios Efectos civiles Incumplimiento Conclusi\u00f3n de la investigaci\u00f3n Plazo de investigaci\u00f3n Cierre de investigaci\u00f3n Derechos de las partes en relaci\u00f3n al cierre Actuaciones que realiza el fiscal, una vez cerrada la investigaci\u00f3n El sobreseimiento. Art\u00edculos 247 a 258 y otras normas del CPP Tramitaci\u00f3n Causales de sobreseimiento definitivo. Art\u00edculo 250 CPP Causales de sobreseimiento definitivo. Art\u00edculo 251 CPP Causales de sobreseimiento temporal. Art\u00edculo 252 CPP Efectos del sobreseimiento temporal Comunicaci\u00f3n de decisi\u00f3n del ministerio p\u00fablico de no perseverar en el procedimiento Tramitaci\u00f3n y efectos La etapa intermedia. Art\u00edculos 259 al 28 del CPP Etapa escrita Contenido de la acusaci\u00f3n fiscal. Art\u00edculo 259 CPP Resoluci\u00f3n del juez de garant\u00eda. Art\u00edculo 260 CPP Actuaciones del querellante. Art\u00edculo 261 CPP Actuaciones del acusado. Art\u00edculo 263 del CPP Etapa oral. Audiencia de preparaci\u00f3n del juicio oral Principios que rigen la audiencia Asistencia a la audiencia Desarrollo de la audiencia de preparaci\u00f3n del juicio oral Incidencias relacionadas con la cuesti\u00f3n civil Incidencias relacionadas con la cuesti\u00f3n penal Auto de apertura del juicio oral Contenido recursos Sobreseimiento en caso de exclusi\u00f3n de prueba Juicio Oral Fases del juicio oral Fase de preparaci\u00f3n de audiencia de juicio oral Fase de audiencia de juicio oral Asistencia a la audiencia Funciones de direcci\u00f3n de audiencia y disciplina Etapas de la audiencia de Juicio Oral Testigos art\u00edculos 306 y sgts. Y 329 y sgts del CPP Prueba nueva. Art\u00edculo 336 CPP<\/p>\n","protected":false},"featured_media":3087,"comment_status":"open","ping_status":"closed","template":"","meta":{"inline_featured_image":false,"_joinchat":[]},"product_brand":[],"product_cat":[60,34],"product_tag":[],"class_list":{"0":"post-3037","1":"product","2":"type-product","3":"status-publish","4":"has-post-thumbnail","6":"product_cat-editorial-el-jurista","7":"product_cat-procesal-penal","8":"product_shipping_class-a-convenir","10":"first","11":"instock","12":"shipping-taxable","13":"purchasable","14":"product-type-simple"},"_links":{"self":[{"href":"https:\/\/bibliotecajuridicavirtual.cl\/index.php\/wp-json\/wp\/v2\/product\/3037","targetHints":{"allow":["GET"]}}],"collection":[{"href":"https:\/\/bibliotecajuridicavirtual.cl\/index.php\/wp-json\/wp\/v2\/product"}],"about":[{"href":"https:\/\/bibliotecajuridicavirtual.cl\/index.php\/wp-json\/wp\/v2\/types\/product"}],"replies":[{"embeddable":true,"href":"https:\/\/bibliotecajuridicavirtual.cl\/index.php\/wp-json\/wp\/v2\/comments?post=3037"}],"wp:featuredmedia":[{"embeddable":true,"href":"https:\/\/bibliotecajuridicavirtual.cl\/index.php\/wp-json\/wp\/v2\/media\/3087"}],"wp:attachment":[{"href":"https:\/\/bibliotecajuridicavirtual.cl\/index.php\/wp-json\/wp\/v2\/media?parent=3037"}],"wp:term":[{"taxonomy":"product_brand","embeddable":true,"href":"https:\/\/bibliotecajuridicavirtual.cl\/index.php\/wp-json\/wp\/v2\/product_brand?post=3037"},{"taxonomy":"product_cat","embeddable":true,"href":"https:\/\/bibliotecajuridicavirtual.cl\/index.php\/wp-json\/wp\/v2\/product_cat?post=3037"},{"taxonomy":"product_tag","embeddable":true,"href":"https:\/\/bibliotecajuridicavirtual.cl\/index.php\/wp-json\/wp\/v2\/product_tag?post=3037"}],"curies":[{"name":"wp","href":"https:\/\/api.w.org\/{rel}","templated":true}]}}