{"id":3038,"date":"2026-02-28T01:08:20","date_gmt":"2026-02-28T04:08:20","guid":{"rendered":"https:\/\/bibliotecajuridicavirtual.cl\/?post_type=product&#038;p=3038"},"modified":"2026-02-28T01:09:06","modified_gmt":"2026-02-28T04:09:06","slug":"el-control-del-juez-constitucional-control-y-responsabilidad-en-la-jurisdiccion-constitucional-ano-2020-228-pag-autor-tania-busch-venthur","status":"publish","type":"product","link":"https:\/\/bibliotecajuridicavirtual.cl\/index.php\/product\/el-control-del-juez-constitucional-control-y-responsabilidad-en-la-jurisdiccion-constitucional-ano-2020-228-pag-autor-tania-busch-venthur\/","title":{"rendered":"El Control del Juez Constitucional Control y Responsabilidad en la Jurisdicci\u00f3n Constitucional. A\u00f1o 2020\/228 P\u00e1g. Autor Tania Busch Venthur"},"content":{"rendered":"<p>La investigaci\u00f3n de que da cuenta este libro demuestra que independencia, imparcialidad y control del<br \/>\njuez constitucional pueden ser conciliados por un dise\u00f1o institucional coherente que someta a los ministros<br \/>\nde los tribunales constitucionales a la exigencia de control propia del Estado de Derecho.<br \/>\nA trav\u00e9s de la propuesta de una triple perspectiva de control de los jueces constitucionales: jur\u00eddico-institucional, social o de opini\u00f3n p\u00fablica y acad\u00e9mico dogm\u00e1tica, se ofrece una teor\u00eda que permite evaluar<br \/>\nel dise\u00f1o institucional que rodea al juez constitucional, y analizar si \u00e9ste permite o no el control del juez constitucional en cada uno de los \u00e1mbitos se\u00f1alados. Con este objeto se analizan las instituciones que rodean<br \/>\na los jueces constitucionales de los tribunales constitucionales latinoamericanos. Aplicando el marco propuesto al Tribunal Constitucional chileno, se concluye que el dise\u00f1o institucional<br \/>\nque rodea a sus ministros es insuficiente, y plantea desaf\u00edos relevantes para llegar a un r\u00e9gimen que<br \/>\nposibilite el cumplimiento del principio de sujeci\u00f3n a\u00a0 control de las autoridades p\u00fablicas.<\/p>\n<p>&nbsp;<\/p>\n<p>&nbsp;<\/p>\n","protected":false},"excerpt":{"rendered":"<p>La investigaci\u00f3n de que da cuenta este libro demuestra que independencia, imparcialidad y control del juez constitucional pueden ser conciliados por un dise\u00f1o institucional coherente que someta a los ministros de los tribunales constitucionales a la exigencia de control propia del Estado de Derecho. A trav\u00e9s de la propuesta de una triple perspectiva de control de los jueces constitucionales: jur\u00eddico-institucional, social o de opini\u00f3n p\u00fablica y acad\u00e9mico dogm\u00e1tica, se ofrece una teor\u00eda que permite evaluar el dise\u00f1o institucional que rodea al juez constitucional, y analizar si \u00e9ste permite o no el control del juez constitucional en cada uno de los \u00e1mbitos se\u00f1alados. Con este objeto se analizan las instituciones que rodean a los jueces constitucionales de los tribunales constitucionales latinoamericanos. Aplicando el marco propuesto al Tribunal Constitucional chileno, se concluye que el dise\u00f1o institucional que rodea a sus ministros es insuficiente, y plantea desaf\u00edos relevantes para llegar a un r\u00e9gimen que posibilite el cumplimiento del principio de sujeci\u00f3n a\u00a0 control de las autoridades p\u00fablicas. &nbsp; &nbsp;<\/p>\n","protected":false},"featured_media":3088,"comment_status":"open","ping_status":"closed","template":"","meta":{"inline_featured_image":false,"_joinchat":[]},"product_brand":[],"product_cat":[33],"product_tag":[],"class_list":{"0":"post-3038","1":"product","2":"type-product","3":"status-publish","4":"has-post-thumbnail","6":"product_cat-constitucional","7":"product_shipping_class-a-convenir","9":"first","10":"instock","11":"shipping-taxable","12":"purchasable","13":"product-type-simple"},"_links":{"self":[{"href":"https:\/\/bibliotecajuridicavirtual.cl\/index.php\/wp-json\/wp\/v2\/product\/3038","targetHints":{"allow":["GET"]}}],"collection":[{"href":"https:\/\/bibliotecajuridicavirtual.cl\/index.php\/wp-json\/wp\/v2\/product"}],"about":[{"href":"https:\/\/bibliotecajuridicavirtual.cl\/index.php\/wp-json\/wp\/v2\/types\/product"}],"replies":[{"embeddable":true,"href":"https:\/\/bibliotecajuridicavirtual.cl\/index.php\/wp-json\/wp\/v2\/comments?post=3038"}],"wp:featuredmedia":[{"embeddable":true,"href":"https:\/\/bibliotecajuridicavirtual.cl\/index.php\/wp-json\/wp\/v2\/media\/3088"}],"wp:attachment":[{"href":"https:\/\/bibliotecajuridicavirtual.cl\/index.php\/wp-json\/wp\/v2\/media?parent=3038"}],"wp:term":[{"taxonomy":"product_brand","embeddable":true,"href":"https:\/\/bibliotecajuridicavirtual.cl\/index.php\/wp-json\/wp\/v2\/product_brand?post=3038"},{"taxonomy":"product_cat","embeddable":true,"href":"https:\/\/bibliotecajuridicavirtual.cl\/index.php\/wp-json\/wp\/v2\/product_cat?post=3038"},{"taxonomy":"product_tag","embeddable":true,"href":"https:\/\/bibliotecajuridicavirtual.cl\/index.php\/wp-json\/wp\/v2\/product_tag?post=3038"}],"curies":[{"name":"wp","href":"https:\/\/api.w.org\/{rel}","templated":true}]}}