{"id":3059,"date":"2026-02-28T01:08:46","date_gmt":"2026-02-28T04:08:46","guid":{"rendered":"https:\/\/bibliotecajuridicavirtual.cl\/?post_type=product&#038;p=3059"},"modified":"2026-02-28T01:09:07","modified_gmt":"2026-02-28T04:09:07","slug":"vision-jurisprudencial-robo-con-intimidacion-ano-noviembre-2023-191-pag-autor-editorial-hammurabi","status":"publish","type":"product","link":"https:\/\/bibliotecajuridicavirtual.cl\/index.php\/product\/vision-jurisprudencial-robo-con-intimidacion-ano-noviembre-2023-191-pag-autor-editorial-hammurabi\/","title":{"rendered":"Visi\u00f3n Jurisprudencial &#8211; Robo con Intimidaci\u00f3n. A\u00f1o Noviembre 2023\/191 Pag. Autor Editorial Hammurabi"},"content":{"rendered":"<ol>\n<li style=\"font-weight: 400;\"><b><strong> FICHAS DE ROBO CON INTIMIDACI\u00d3N &#8211; CORTE SUPREMA<\/strong><\/b><\/li>\n<\/ol>\n<p style=\"font-weight: 400;\">Ficha N\u00ba 1: Delito de robo con intimidaci\u00f3n. Recursos de nulidad. V\u00edctima menor de edad<\/p>\n<p style=\"font-weight: 400;\">An\u00e1lisis de la pretensi\u00f3n y defensa<br \/>\n1. S\u00edntesis del fallo<br \/>\n2. Conclusi\u00f3n<\/p>\n<p style=\"font-weight: 400;\">Ficha N\u00ba 2: Delito consumado de robo con intimidaci\u00f3n. Recurso de nulidad acogido parcialmente<\/p>\n<p style=\"font-weight: 400;\">An\u00e1lisis de la pretensi\u00f3n y defensa<br \/>\n1. S\u00edntesis del fallo<br \/>\n2. Conclusi\u00f3n<\/p>\n<p style=\"font-weight: 400;\">Ficha N\u00ba 3: Delito de robo con intimidaci\u00f3n. Intimidaci\u00f3n con arma blanca. GPS.<\/p>\n<p style=\"font-weight: 400;\">An\u00e1lisis de la pretensi\u00f3n y defensa<br \/>\n1. S\u00edntesis del fallo<br \/>\n2. Conclusi\u00f3n<\/p>\n<p style=\"font-weight: 400;\">Ficha N\u00ba 4: Delito consumado de robo con intimidaci\u00f3n. Sanci\u00f3n corporal de cumplimiento efectivo. Recurso de nulidad<\/p>\n<p style=\"font-weight: 400;\">An\u00e1lisis de la pretensi\u00f3n y defensa<br \/>\n1. S\u00edntesis del fallo<br \/>\n2. Conclusi\u00f3n<\/p>\n<p style=\"font-weight: 400;\">Ficha N\u00ba 5: Delitos consumados de robo con intimidaci\u00f3n. Coautores. Recursos de nulidad<\/p>\n<p style=\"font-weight: 400;\">An\u00e1lisis de la pretensi\u00f3n y defensa<br \/>\n1. S\u00edntesis del fallo<br \/>\n2. Conclusi\u00f3n<\/p>\n<p style=\"font-weight: 400;\">Ficha N\u00ba 6: Delito de robo con intimidaci\u00f3n. Recurso de nulidad acogido. Testigos.<\/p>\n<p style=\"font-weight: 400;\">An\u00e1lisis de la pretensi\u00f3n y defensa<br \/>\n1. S\u00edntesis del fallo<br \/>\n2. Conclusi\u00f3n<\/p>\n<p style=\"font-weight: 400;\">Ficha N\u00ba 7: Delito de robo con intimidaci\u00f3n en grado de frustrado. Agente encubierto. Funcionario policial.<\/p>\n<p>An\u00e1lisis de la pretensi\u00f3n y defensa<br \/>\n1. S\u00edntesis del fallo<br \/>\n2. Conclusi\u00f3n<\/p>\n<p style=\"font-weight: 400;\">Ficha N\u00ba 8: Delito de robo con intimidaci\u00f3n. Funcionarios policiales. Recursos de nulidad<\/p>\n<p style=\"font-weight: 400;\">An\u00e1lisis de la pretensi\u00f3n y defensa<br \/>\n1. S\u00edntesis del fallo<br \/>\n2. Conclusi\u00f3n<\/p>\n<p style=\"font-weight: 400;\">Ficha N\u00ba 9: Delitos de robo con intimidaci\u00f3n. Il\u00edcito consumado de porte de arma corto punzante. Armas blancas. Intimidaron con cuchillo<\/p>\n<p>An\u00e1lisis de la pretensi\u00f3n y defensa<br \/>\n1. S\u00edntesis del fallo<br \/>\n2. Conclusi\u00f3n<\/p>\n<p style=\"font-weight: 400;\">Ficha N\u00ba 10: Delitos de robos con intimidaci\u00f3n. Robo con violencia<\/p>\n<p style=\"font-weight: 400;\">An\u00e1lisis de la pretensi\u00f3n y defensa<br \/>\n1. S\u00edntesis del fallo<br \/>\n2. Conclusi\u00f3n<\/p>\n<p><b><strong>II. FICHAS DE ROBO CON INTIMIDACI\u00d3N \u2013 CORTES DE APELACIONES<\/strong><\/b><\/p>\n<p style=\"font-weight: 400;\">Ficha N\u00ba 11: Delito de robo con intimidaci\u00f3n. Delito de robo. Delito de porte y tenencia de arma corto punzante, absoluci\u00f3n<\/p>\n<p style=\"font-weight: 400;\">An\u00e1lisis de la pretensi\u00f3n y defensa<br \/>\n1. S\u00edntesis del fallo<br \/>\n2. Conclusi\u00f3n<\/p>\n<p style=\"font-weight: 400;\">Ficha N\u00ba 12: Delitos consumados de robo con intimidaci\u00f3n. Cumplimiento en forma efectiva las penas impuestas. Ley N\u00b0 18.216<\/p>\n<p style=\"font-weight: 400;\">An\u00e1lisis de la pretensi\u00f3n y defensa<br \/>\n1. S\u00edntesis del fallo<br \/>\n2. Conclusi\u00f3n<\/p>\n<p style=\"font-weight: 400;\">Ficha N\u00ba 13: DELITO DE ROBO CON INTIMIDACI\u00d3N, EN GRADO DE DESARROLLO DE CONSUMADO. ARMAS DE FOGUEO TIPO REVOLVER. RECURSO DE NULIDAD<\/p>\n<p style=\"font-weight: 400;\">An\u00e1lisis de la pretensi\u00f3n y defensa<br \/>\n1. S\u00edntesis del fallo<br \/>\n2. Conclusi\u00f3n<\/p>\n<p style=\"font-weight: 400;\">Ficha N\u00ba 14: Delito de robo con intimidaci\u00f3n, consumado. Prohibici\u00f3n absoluta de acercarse a la v\u00edctima. Libertad vigilada intensiva. Incumplimientos reiterados e injustificados<\/p>\n<p style=\"font-weight: 400;\">An\u00e1lisis de la pretensi\u00f3n y defensa<br \/>\n1. S\u00edntesis del fallo<br \/>\n2. Conclusi\u00f3n<\/p>\n<p style=\"font-weight: 400;\"><b><strong>III. SENTENCIAS DE LA CORTE SUPREMA \u2013 ROBOS CON INTIMIDACI\u00d3N<\/strong><\/b><\/p>\n<p style=\"font-weight: 400;\">Sentencia 1<br \/>\nSentencia 2<br \/>\nSentencia 3<br \/>\nSentencia 4<br \/>\nSentencia 5<br \/>\nSentencia 6<br \/>\nSentencia 7<br \/>\nSentencia 8<br \/>\nSentencia 9<br \/>\nSentencia 10<br \/>\nSentencia 11<br \/>\nSentencia 12<br \/>\nSentencia 13<br \/>\nSentencia 14<\/p>\n","protected":false},"excerpt":{"rendered":"<p>FICHAS DE ROBO CON INTIMIDACI\u00d3N &#8211; CORTE SUPREMA Ficha N\u00ba 1: Delito de robo con intimidaci\u00f3n. Recursos de nulidad. V\u00edctima menor de edad An\u00e1lisis de la pretensi\u00f3n y defensa 1. S\u00edntesis del fallo 2. Conclusi\u00f3n Ficha N\u00ba 2: Delito consumado de robo con intimidaci\u00f3n. Recurso de nulidad acogido parcialmente An\u00e1lisis de la pretensi\u00f3n y defensa 1. S\u00edntesis del fallo 2. Conclusi\u00f3n Ficha N\u00ba 3: Delito de robo con intimidaci\u00f3n. Intimidaci\u00f3n con arma blanca. GPS. An\u00e1lisis de la pretensi\u00f3n y defensa 1. S\u00edntesis del fallo 2. Conclusi\u00f3n Ficha N\u00ba 4: Delito consumado de robo con intimidaci\u00f3n. Sanci\u00f3n corporal de cumplimiento efectivo. Recurso de nulidad An\u00e1lisis de la pretensi\u00f3n y defensa 1. S\u00edntesis del fallo 2. Conclusi\u00f3n Ficha N\u00ba 5: Delitos consumados de robo con intimidaci\u00f3n. Coautores. Recursos de nulidad An\u00e1lisis de la pretensi\u00f3n y defensa 1. S\u00edntesis del fallo 2. Conclusi\u00f3n Ficha N\u00ba 6: Delito de robo con intimidaci\u00f3n. Recurso de nulidad acogido. Testigos. An\u00e1lisis de la pretensi\u00f3n y defensa 1. S\u00edntesis del fallo 2. Conclusi\u00f3n Ficha N\u00ba 7: Delito de robo con intimidaci\u00f3n en grado de frustrado. Agente encubierto. Funcionario policial. An\u00e1lisis de la pretensi\u00f3n y defensa 1. S\u00edntesis del fallo 2. Conclusi\u00f3n Ficha N\u00ba 8: Delito de robo con intimidaci\u00f3n. Funcionarios policiales. Recursos de nulidad An\u00e1lisis de la pretensi\u00f3n y defensa 1. S\u00edntesis del fallo 2. Conclusi\u00f3n Ficha N\u00ba 9: Delitos de robo con intimidaci\u00f3n. Il\u00edcito consumado de porte de arma corto punzante. Armas blancas. Intimidaron con cuchillo An\u00e1lisis de la pretensi\u00f3n y defensa 1. S\u00edntesis del fallo 2. Conclusi\u00f3n Ficha N\u00ba 10: Delitos de robos con intimidaci\u00f3n. Robo con violencia An\u00e1lisis de la pretensi\u00f3n y defensa 1. S\u00edntesis del fallo 2. Conclusi\u00f3n II. FICHAS DE ROBO CON INTIMIDACI\u00d3N \u2013 CORTES DE APELACIONES Ficha N\u00ba 11: Delito de robo con intimidaci\u00f3n. Delito de robo. Delito de porte y tenencia de arma corto punzante, absoluci\u00f3n An\u00e1lisis de la pretensi\u00f3n y defensa 1. S\u00edntesis del fallo 2. Conclusi\u00f3n Ficha N\u00ba 12: Delitos consumados de robo con intimidaci\u00f3n. Cumplimiento en forma efectiva las penas impuestas. Ley N\u00b0 18.216 An\u00e1lisis de la pretensi\u00f3n y defensa 1. S\u00edntesis del fallo 2. Conclusi\u00f3n Ficha N\u00ba 13: DELITO DE ROBO CON INTIMIDACI\u00d3N, EN GRADO DE DESARROLLO DE CONSUMADO. ARMAS DE FOGUEO TIPO REVOLVER. RECURSO DE NULIDAD An\u00e1lisis de la pretensi\u00f3n y defensa 1. S\u00edntesis del fallo 2. Conclusi\u00f3n Ficha N\u00ba 14: Delito de robo con intimidaci\u00f3n, consumado. Prohibici\u00f3n absoluta de acercarse a la v\u00edctima. Libertad vigilada intensiva. Incumplimientos reiterados e injustificados An\u00e1lisis de la pretensi\u00f3n y defensa 1. S\u00edntesis del fallo 2. Conclusi\u00f3n III. SENTENCIAS DE LA CORTE SUPREMA \u2013 ROBOS CON INTIMIDACI\u00d3N Sentencia 1 Sentencia 2 Sentencia 3 Sentencia 4 Sentencia 5 Sentencia 6 Sentencia 7 Sentencia 8 Sentencia 9 Sentencia 10 Sentencia 11 Sentencia 12 Sentencia 13 Sentencia 14<\/p>\n","protected":false},"featured_media":3089,"comment_status":"open","ping_status":"closed","template":"","meta":{"inline_featured_image":false,"_joinchat":[]},"product_brand":[],"product_cat":[30],"product_tag":[],"class_list":{"0":"post-3059","1":"product","2":"type-product","3":"status-publish","4":"has-post-thumbnail","6":"product_cat-penal","7":"product_shipping_class-a-convenir","9":"first","10":"instock","11":"shipping-taxable","12":"purchasable","13":"product-type-simple"},"_links":{"self":[{"href":"https:\/\/bibliotecajuridicavirtual.cl\/index.php\/wp-json\/wp\/v2\/product\/3059","targetHints":{"allow":["GET"]}}],"collection":[{"href":"https:\/\/bibliotecajuridicavirtual.cl\/index.php\/wp-json\/wp\/v2\/product"}],"about":[{"href":"https:\/\/bibliotecajuridicavirtual.cl\/index.php\/wp-json\/wp\/v2\/types\/product"}],"replies":[{"embeddable":true,"href":"https:\/\/bibliotecajuridicavirtual.cl\/index.php\/wp-json\/wp\/v2\/comments?post=3059"}],"wp:featuredmedia":[{"embeddable":true,"href":"https:\/\/bibliotecajuridicavirtual.cl\/index.php\/wp-json\/wp\/v2\/media\/3089"}],"wp:attachment":[{"href":"https:\/\/bibliotecajuridicavirtual.cl\/index.php\/wp-json\/wp\/v2\/media?parent=3059"}],"wp:term":[{"taxonomy":"product_brand","embeddable":true,"href":"https:\/\/bibliotecajuridicavirtual.cl\/index.php\/wp-json\/wp\/v2\/product_brand?post=3059"},{"taxonomy":"product_cat","embeddable":true,"href":"https:\/\/bibliotecajuridicavirtual.cl\/index.php\/wp-json\/wp\/v2\/product_cat?post=3059"},{"taxonomy":"product_tag","embeddable":true,"href":"https:\/\/bibliotecajuridicavirtual.cl\/index.php\/wp-json\/wp\/v2\/product_tag?post=3059"}],"curies":[{"name":"wp","href":"https:\/\/api.w.org\/{rel}","templated":true}]}}