{"id":3062,"date":"2026-02-28T01:08:46","date_gmt":"2026-02-28T04:08:46","guid":{"rendered":"https:\/\/bibliotecajuridicavirtual.cl\/?post_type=product&#038;p=3062"},"modified":"2026-02-28T01:09:11","modified_gmt":"2026-02-28T04:09:11","slug":"introduccion-a-la-responsabilidad-civil-ano-2023-177-pag-autor-carlos-pizarro-wilson","status":"publish","type":"product","link":"https:\/\/bibliotecajuridicavirtual.cl\/index.php\/product\/introduccion-a-la-responsabilidad-civil-ano-2023-177-pag-autor-carlos-pizarro-wilson\/","title":{"rendered":"Introducci\u00f3n a la Responsabilidad Civil. A\u00f1o 2023\/177 P\u00e1g. Autor Carlos Pizarro Wilson"},"content":{"rendered":"<p>Este libro presenta en forma detallada y cr\u00edtica la evoluci\u00f3n de la responsabilidad civil extracontractual. Su origen e historia facilita la comprensi\u00f3n de su desarrollo y los cambios importantes que ha experimentado. El principio fundamental de responder por los da\u00f1os causados y su diferente concepci\u00f3n en el derecho anglosaj\u00f3n dan paso al estudio de su fundamento y \u00ef\u00ac?nes que permiten un mejor entendimiento de sus reglas. El otro fen\u00f3meno relevante para entenderla es la constitucionalizaci\u00f3n de esta disciplina. A prop\u00f3sito de las relaciones con la responsabilidad penal se detallan los aspectos procesales y sustantivos, colocando el \u00e9nfasis en la participaci\u00f3n de la v\u00edctima en el proceso penal y la forma en que puede reclamar la indemnizaci\u00f3n. Destaca en esta introducci\u00f3n el an\u00e1lisis cr\u00edtico de las relaciones y diferencias entre la responsabilidad contractual y extracontractual, donde se aborda el cl\u00e1sico asunto de la concurrencia, para concluir sobre su paulatina delicuescencia. En \u00ef\u00ac?n, el libro \u00ef\u00ac? naliza con el an\u00e1lisis de la interferencia en contrato ajeno, la responsabilidad precontractual y postcontractual, lo que delimita las fronteras entre ambas ramas de la responsabilidad civil. Es un libro imprescindible para adentrarse en el estudio de la responsabilidad civil, \u00fatil para el ejercicio profesional, la judicatura y por cierto para la ense\u00f1anza y aprendizaje en la Universidad.<\/p>\n<p>&nbsp;<\/p>\n<p>\u00cdndice<br \/>\nIntroducci\u00f3n\u00a0\u00a0 \u00a0\u00a0\u00a0 \u00a013<br \/>\nI.\u00a0\u00a0 \u00a0Aspectos hist\u00f3ricos de la responsabilidad civil\u00a0\u00a0 \u00a0\u00a0\u00a0 \u00a015<br \/>\n1.\u00a0\u00a0 \u00a0El derecho romano\u00a0\u00a0 \u00a0\u00a0\u00a0 \u00a015<br \/>\n1.1.\u00a0\u00a0 \u00a0La Lex Aquilia\u00a0\u00a0 \u00a0\u00a0\u00a0 \u00a019<br \/>\n1.2.\u00a0\u00a0 \u00a0Los delitos pretorianos\u00a0\u00a0 \u00a0\u00a0\u00a0 \u00a022<br \/>\n2.\u00a0\u00a0 \u00a0El surgimiento del principio general de responsabilidad por culpa\u00a0\u00a0 \u00a0\u00a0\u00a0 \u00a023<br \/>\n2.1.\u00a0\u00a0 \u00a0Las leyes b\u00e1rbaras \u00a0\u00a0 \u00a0\u00a0\u00a0 \u00a023<br \/>\n2.2.\u00a0\u00a0 \u00a0El derecho com\u00fan, el humanismo y la escol\u00e1stica \u00a0\u00a0 \u00a0\u00a0\u00a0 \u00a024<br \/>\n2.3.\u00a0\u00a0 \u00a0Domat y el principio de responsabilidad por culpa \u00a0\u00a0 \u00a0\u00a0\u00a0 \u00a027<br \/>\n3.\u00a0\u00a0 \u00a0El contraste con los torts del common law\u00a0\u00a0 \u00a0\u00a0\u00a0 \u00a029<br \/>\n4.\u00a0\u00a0 \u00a0La recepci\u00f3n del principio de responsabilidad por culpa en el C\u00f3digo Civil\u00a0\u00a0 \u00a0\u00a0\u00a0 \u00a036<br \/>\nII.\u00a0\u00a0 \u00a0La evoluci\u00f3n desde el C\u00f3digo Civil y ciertos reg\u00edmenes especiales\u00a0\u00a0 \u00a0\u00a0\u00a0 \u00a043<br \/>\n1.\u00a0\u00a0 \u00a0El tren, el autom\u00f3vil, los accidentes del trabajo y la responsabilidad m\u00e9dica\u00a0\u00a0 \u00a0\u00a0\u00a0 \u00a043<br \/>\n1.1.\u00a0\u00a0 \u00a0El transporte y la responsabilidad civil\u00a0\u00a0 \u00a0\u00a0\u00a0 \u00a044<br \/>\n1.2.\u00a0\u00a0 \u00a0Los accidentes del trabajo y la responsabilidad civil\u00a0\u00a0 \u00a0\u00a0\u00a0 \u00a049<br \/>\n1.3.\u00a0\u00a0 \u00a0La responsabilidad civil m\u00e9dica\u00a0\u00a0 \u00a0\u00a0\u00a0 \u00a054<br \/>\n2.\u00a0\u00a0 \u00a0Las transformaciones contempor\u00e1neas de la responsabilidad civil\u00a0\u00a0 \u00a0\u00a0\u00a0 \u00a057<br \/>\nIII.\u00a0\u00a0 \u00a0Fundamento y fines de la responsabilidad civil\u00a0\u00a0 \u00a0\u00a0\u00a0 \u00a063<br \/>\nIV.\u00a0\u00a0 \u00a0La constitucionalizaci\u00f3n de la responsabilidad civil\u2009\u00a0\u00a0 \u00a0\u00a0\u00a0 \u00a073<br \/>\n1.\u00a0\u00a0 \u00a0Caracterizaci\u00f3n del fen\u00f3meno \u00a0\u00a0 \u00a0\u00a0\u00a0 \u00a073<br \/>\n2.\u00a0\u00a0 \u00a0El reconocimiento constitucional del principio de responsabilidad y sus manifestaciones \u00a0\u00a0 \u00a0\u00a0\u00a0 \u00a074<br \/>\n3.\u00a0\u00a0 \u00a0Leyes exonerativas de responsabilidad y la Constituci\u00f3n \u00a0\u00a0 \u00a0\u00a0\u00a0 \u00a077<br \/>\n4.\u00a0\u00a0 \u00a0El principio de proporcionalidad y la responsabilidad civil \u00a0\u00a0 \u00a0\u00a0\u00a0 \u00a082<br \/>\nV.\u00a0\u00a0 \u00a0Responsabilidad penal y responsabilidad civil\u2009\u00a0\u00a0 \u00a0\u00a0\u00a0 \u00a085<br \/>\n1.\u00a0\u00a0 \u00a0Aspectos procesales\u00a0\u00a0 \u00a0\u00a0\u00a0 \u00a086<br \/>\n1.1.\u00a0\u00a0 \u00a0La sentencia condenatoria penal\u00a0\u00a0 \u00a0\u00a0\u00a0 \u00a087<br \/>\n1.2.\u00a0\u00a0 \u00a0La sentencia absolutoria \u00a0\u00a0 \u00a0\u00a0\u00a0 \u00a094<br \/>\n1.3.\u00a0\u00a0 \u00a0La suspensi\u00f3n del proceso civil\u00a0\u00a0 \u00a0\u00a0\u00a0 \u00a097<br \/>\n1.4.\u00a0\u00a0 \u00a0La titularidad para ejercer la acci\u00f3n civil en el proceso penal y la legitimaci\u00f3n pasiva\u00a0\u00a0 \u00a0\u00a0\u00a0 \u00a098<br \/>\n1.5.\u00a0\u00a0 \u00a0Condiciones para el ejercicio de la acci\u00f3n civil en el proceso penal\u00a0\u00a0 \u00a0\u00a0\u00a0 \u00a0100<br \/>\n1.6.\u00a0\u00a0 \u00a0El r\u00e9gimen de la acci\u00f3n civil en el proceso penal \u00a0\u00a0 \u00a0\u00a0\u00a0 \u00a0102<br \/>\n1.7.\u00a0\u00a0 \u00a0La suspensi\u00f3n o t\u00e9rmino del proceso penal y la acci\u00f3n civil indemnizatoria \u00a0\u00a0 \u00a0\u00a0\u00a0 \u00a0105<br \/>\n1.8.\u00a0\u00a0 \u00a0Acuerdos reparatorios y responsabilidad civil\u00a0\u00a0 \u00a0\u00a0\u00a0 \u00a0108<br \/>\n2.\u00a0\u00a0 \u00a0Aspectos sustantivos: la culpa civil y la culpa penal\u00a0\u00a0 \u00a0\u00a0\u00a0 \u00a0110<br \/>\nVI.\u00a0\u00a0 \u00a0Responsabilidad contractual y extracontractual\u2009\u00a0\u00a0 \u00a0\u00a0\u00a0 \u00a0123<br \/>\n1.\u00a0\u00a0 \u00a0Unificaci\u00f3n o dualidad de reg\u00edmenes\u00a0\u00a0 \u00a0\u00a0\u00a0 \u00a0123<br \/>\n2.\u00a0\u00a0 \u00a0La concurrencia de responsabilidad civil\u00a0\u00a0 \u00a0\u00a0\u00a0 \u00a0129<br \/>\n2.1.\u00a0\u00a0 \u00a0La afirmaci\u00f3n de un r\u00e9gimen indemnizatorio contractual\u00a0\u00a0 \u00a0\u00a0\u00a0 \u00a0135<br \/>\n2.2.\u00a0\u00a0 \u00a0La batalla por la primac\u00eda y el triunfo de lo contractual\u00a0\u00a0 \u00a0\u00a0\u00a0 \u00a0137<br \/>\n2.3.\u00a0\u00a0 \u00a0El rechazo a la intromisi\u00f3n de lo extracontractual en lo contractual\u00a0\u00a0 \u00a0\u00a0\u00a0 \u00a0140<br \/>\n2.4.\u00a0\u00a0 \u00a0Diferencias en cuanto a los elementos, los efectos y las modalidades de la acci\u00f3n\u00a0\u00a0 \u00a0\u00a0\u00a0 \u00a0142<br \/>\n2.5.\u00a0\u00a0 \u00a0La responsabilidad extracontractual pierde la batalla, pero parte por nuevos triunfos\u00a0\u00a0 \u00a0\u00a0\u00a0 \u00a0146<br \/>\nVII.\u00a0\u00a0 \u00a0Interferencia en contrato ajeno, responsabilidad precontractual y postcontractual\u00a0\u00a0 \u00a0\u00a0\u00a0 \u00a0149<br \/>\n1.\u00a0\u00a0 \u00a0Responsabilidad por interferencia en contrato ajeno\u00a0\u00a0 \u00a0\u00a0\u00a0 \u00a0149<br \/>\n2.\u00a0\u00a0 \u00a0Responsabilidad precontractual\u00a0\u00a0 \u00a0\u00a0\u00a0 \u00a0152<br \/>\n3.\u00a0\u00a0 \u00a0Responsabilidad postcontractual\u00a0\u00a0 \u00a0\u00a0\u00a0 \u00a0161<br \/>\nBibliograf\u00eda\u00a0\u00a0 \u00a0\u00a0\u00a0 \u00a0165<\/p>\n","protected":false},"excerpt":{"rendered":"<p>Este libro presenta en forma detallada y cr\u00edtica la evoluci\u00f3n de la responsabilidad civil extracontractual. Su origen e historia facilita la comprensi\u00f3n de su desarrollo y los cambios importantes que ha experimentado. El principio fundamental de responder por los da\u00f1os causados y su diferente concepci\u00f3n en el derecho anglosaj\u00f3n dan paso al estudio de su fundamento y \u00ef\u00ac?nes que permiten un mejor entendimiento de sus reglas. El otro fen\u00f3meno relevante para entenderla es la constitucionalizaci\u00f3n de esta disciplina. A prop\u00f3sito de las relaciones con la responsabilidad penal se detallan los aspectos procesales y sustantivos, colocando el \u00e9nfasis en la participaci\u00f3n de la v\u00edctima en el proceso penal y la forma en que puede reclamar la indemnizaci\u00f3n. Destaca en esta introducci\u00f3n el an\u00e1lisis cr\u00edtico de las relaciones y diferencias entre la responsabilidad contractual y extracontractual, donde se aborda el cl\u00e1sico asunto de la concurrencia, para concluir sobre su paulatina delicuescencia. En \u00ef\u00ac?n, el libro \u00ef\u00ac? naliza con el an\u00e1lisis de la interferencia en contrato ajeno, la responsabilidad precontractual y postcontractual, lo que delimita las fronteras entre ambas ramas de la responsabilidad civil. Es un libro imprescindible para adentrarse en el estudio de la responsabilidad civil, \u00fatil para el ejercicio profesional, la judicatura y por cierto para la ense\u00f1anza y aprendizaje en la Universidad. &nbsp; \u00cdndice Introducci\u00f3n\u00a0\u00a0 \u00a0\u00a0\u00a0 \u00a013 I.\u00a0\u00a0 \u00a0Aspectos hist\u00f3ricos de la responsabilidad civil\u00a0\u00a0 \u00a0\u00a0\u00a0 \u00a015 1.\u00a0\u00a0 \u00a0El derecho romano\u00a0\u00a0 \u00a0\u00a0\u00a0 \u00a015 1.1.\u00a0\u00a0 \u00a0La Lex Aquilia\u00a0\u00a0 \u00a0\u00a0\u00a0 \u00a019 1.2.\u00a0\u00a0 \u00a0Los delitos pretorianos\u00a0\u00a0 \u00a0\u00a0\u00a0 \u00a022 2.\u00a0\u00a0 \u00a0El surgimiento del principio general de responsabilidad por culpa\u00a0\u00a0 \u00a0\u00a0\u00a0 \u00a023 2.1.\u00a0\u00a0 \u00a0Las leyes b\u00e1rbaras \u00a0\u00a0 \u00a0\u00a0\u00a0 \u00a023 2.2.\u00a0\u00a0 \u00a0El derecho com\u00fan, el humanismo y la escol\u00e1stica \u00a0\u00a0 \u00a0\u00a0\u00a0 \u00a024 2.3.\u00a0\u00a0 \u00a0Domat y el principio de responsabilidad por culpa \u00a0\u00a0 \u00a0\u00a0\u00a0 \u00a027 3.\u00a0\u00a0 \u00a0El contraste con los torts del common law\u00a0\u00a0 \u00a0\u00a0\u00a0 \u00a029 4.\u00a0\u00a0 \u00a0La recepci\u00f3n del principio de responsabilidad por culpa en el C\u00f3digo Civil\u00a0\u00a0 \u00a0\u00a0\u00a0 \u00a036 II.\u00a0\u00a0 \u00a0La evoluci\u00f3n desde el C\u00f3digo Civil y ciertos reg\u00edmenes especiales\u00a0\u00a0 \u00a0\u00a0\u00a0 \u00a043 1.\u00a0\u00a0 \u00a0El tren, el autom\u00f3vil, los accidentes del trabajo y la responsabilidad m\u00e9dica\u00a0\u00a0 \u00a0\u00a0\u00a0 \u00a043 1.1.\u00a0\u00a0 \u00a0El transporte y la responsabilidad civil\u00a0\u00a0 \u00a0\u00a0\u00a0 \u00a044 1.2.\u00a0\u00a0 \u00a0Los accidentes del trabajo y la responsabilidad civil\u00a0\u00a0 \u00a0\u00a0\u00a0 \u00a049 1.3.\u00a0\u00a0 \u00a0La responsabilidad civil m\u00e9dica\u00a0\u00a0 \u00a0\u00a0\u00a0 \u00a054 2.\u00a0\u00a0 \u00a0Las transformaciones contempor\u00e1neas de la responsabilidad civil\u00a0\u00a0 \u00a0\u00a0\u00a0 \u00a057 III.\u00a0\u00a0 \u00a0Fundamento y fines de la responsabilidad civil\u00a0\u00a0 \u00a0\u00a0\u00a0 \u00a063 IV.\u00a0\u00a0 \u00a0La constitucionalizaci\u00f3n de la responsabilidad civil\u2009\u00a0\u00a0 \u00a0\u00a0\u00a0 \u00a073 1.\u00a0\u00a0 \u00a0Caracterizaci\u00f3n del fen\u00f3meno \u00a0\u00a0 \u00a0\u00a0\u00a0 \u00a073 2.\u00a0\u00a0 \u00a0El reconocimiento constitucional del principio de responsabilidad y sus manifestaciones \u00a0\u00a0 \u00a0\u00a0\u00a0 \u00a074 3.\u00a0\u00a0 \u00a0Leyes exonerativas de responsabilidad y la Constituci\u00f3n \u00a0\u00a0 \u00a0\u00a0\u00a0 \u00a077 4.\u00a0\u00a0 \u00a0El principio de proporcionalidad y la responsabilidad civil \u00a0\u00a0 \u00a0\u00a0\u00a0 \u00a082 V.\u00a0\u00a0 \u00a0Responsabilidad penal y responsabilidad civil\u2009\u00a0\u00a0 \u00a0\u00a0\u00a0 \u00a085 1.\u00a0\u00a0 \u00a0Aspectos procesales\u00a0\u00a0 \u00a0\u00a0\u00a0 \u00a086 1.1.\u00a0\u00a0 \u00a0La sentencia condenatoria penal\u00a0\u00a0 \u00a0\u00a0\u00a0 \u00a087 1.2.\u00a0\u00a0 \u00a0La sentencia absolutoria \u00a0\u00a0 \u00a0\u00a0\u00a0 \u00a094 1.3.\u00a0\u00a0 \u00a0La suspensi\u00f3n del proceso civil\u00a0\u00a0 \u00a0\u00a0\u00a0 \u00a097 1.4.\u00a0\u00a0 \u00a0La titularidad para ejercer la acci\u00f3n civil en el proceso penal y la legitimaci\u00f3n pasiva\u00a0\u00a0 \u00a0\u00a0\u00a0 \u00a098 1.5.\u00a0\u00a0 \u00a0Condiciones para el ejercicio de la acci\u00f3n civil en el proceso penal\u00a0\u00a0 \u00a0\u00a0\u00a0 \u00a0100 1.6.\u00a0\u00a0 \u00a0El r\u00e9gimen de la acci\u00f3n civil en el proceso penal \u00a0\u00a0 \u00a0\u00a0\u00a0 \u00a0102 1.7.\u00a0\u00a0 \u00a0La suspensi\u00f3n o t\u00e9rmino del proceso penal y la acci\u00f3n civil indemnizatoria \u00a0\u00a0 \u00a0\u00a0\u00a0 \u00a0105 1.8.\u00a0\u00a0 \u00a0Acuerdos reparatorios y responsabilidad civil\u00a0\u00a0 \u00a0\u00a0\u00a0 \u00a0108 2.\u00a0\u00a0 \u00a0Aspectos sustantivos: la culpa civil y la culpa penal\u00a0\u00a0 \u00a0\u00a0\u00a0 \u00a0110 VI.\u00a0\u00a0 \u00a0Responsabilidad contractual y extracontractual\u2009\u00a0\u00a0 \u00a0\u00a0\u00a0 \u00a0123 1.\u00a0\u00a0 \u00a0Unificaci\u00f3n o dualidad de reg\u00edmenes\u00a0\u00a0 \u00a0\u00a0\u00a0 \u00a0123 2.\u00a0\u00a0 \u00a0La concurrencia de responsabilidad civil\u00a0\u00a0 \u00a0\u00a0\u00a0 \u00a0129 2.1.\u00a0\u00a0 \u00a0La afirmaci\u00f3n de un r\u00e9gimen indemnizatorio contractual\u00a0\u00a0 \u00a0\u00a0\u00a0 \u00a0135 2.2.\u00a0\u00a0 \u00a0La batalla por la primac\u00eda y el triunfo de lo contractual\u00a0\u00a0 \u00a0\u00a0\u00a0 \u00a0137 2.3.\u00a0\u00a0 \u00a0El rechazo a la intromisi\u00f3n de lo extracontractual en lo contractual\u00a0\u00a0 \u00a0\u00a0\u00a0 \u00a0140 2.4.\u00a0\u00a0 \u00a0Diferencias en cuanto a los elementos, los efectos y las modalidades de la acci\u00f3n\u00a0\u00a0 \u00a0\u00a0\u00a0 \u00a0142 2.5.\u00a0\u00a0 \u00a0La responsabilidad extracontractual pierde la batalla, pero parte por nuevos triunfos\u00a0\u00a0 \u00a0\u00a0\u00a0 \u00a0146 VII.\u00a0\u00a0 \u00a0Interferencia en contrato ajeno, responsabilidad precontractual y postcontractual\u00a0\u00a0 \u00a0\u00a0\u00a0 \u00a0149 1.\u00a0\u00a0 \u00a0Responsabilidad por interferencia en contrato ajeno\u00a0\u00a0 \u00a0\u00a0\u00a0 \u00a0149 2.\u00a0\u00a0 \u00a0Responsabilidad precontractual\u00a0\u00a0 \u00a0\u00a0\u00a0 \u00a0152 3.\u00a0\u00a0 \u00a0Responsabilidad postcontractual\u00a0\u00a0 \u00a0\u00a0\u00a0 \u00a0161 Bibliograf\u00eda\u00a0\u00a0 \u00a0\u00a0\u00a0 \u00a0165<\/p>\n","protected":false},"featured_media":3103,"comment_status":"open","ping_status":"closed","template":"","meta":{"inline_featured_image":false,"_joinchat":[]},"product_brand":[],"product_cat":[27,43],"product_tag":[],"class_list":{"0":"post-3062","1":"product","2":"type-product","3":"status-publish","4":"has-post-thumbnail","6":"product_cat-civil","7":"product_cat-derecho-internacional","8":"product_shipping_class-a-convenir","10":"first","11":"instock","12":"shipping-taxable","13":"purchasable","14":"product-type-simple"},"_links":{"self":[{"href":"https:\/\/bibliotecajuridicavirtual.cl\/index.php\/wp-json\/wp\/v2\/product\/3062","targetHints":{"allow":["GET"]}}],"collection":[{"href":"https:\/\/bibliotecajuridicavirtual.cl\/index.php\/wp-json\/wp\/v2\/product"}],"about":[{"href":"https:\/\/bibliotecajuridicavirtual.cl\/index.php\/wp-json\/wp\/v2\/types\/product"}],"replies":[{"embeddable":true,"href":"https:\/\/bibliotecajuridicavirtual.cl\/index.php\/wp-json\/wp\/v2\/comments?post=3062"}],"wp:featuredmedia":[{"embeddable":true,"href":"https:\/\/bibliotecajuridicavirtual.cl\/index.php\/wp-json\/wp\/v2\/media\/3103"}],"wp:attachment":[{"href":"https:\/\/bibliotecajuridicavirtual.cl\/index.php\/wp-json\/wp\/v2\/media?parent=3062"}],"wp:term":[{"taxonomy":"product_brand","embeddable":true,"href":"https:\/\/bibliotecajuridicavirtual.cl\/index.php\/wp-json\/wp\/v2\/product_brand?post=3062"},{"taxonomy":"product_cat","embeddable":true,"href":"https:\/\/bibliotecajuridicavirtual.cl\/index.php\/wp-json\/wp\/v2\/product_cat?post=3062"},{"taxonomy":"product_tag","embeddable":true,"href":"https:\/\/bibliotecajuridicavirtual.cl\/index.php\/wp-json\/wp\/v2\/product_tag?post=3062"}],"curies":[{"name":"wp","href":"https:\/\/api.w.org\/{rel}","templated":true}]}}